{"id":1750,"date":"2022-09-20T11:11:25","date_gmt":"2022-09-20T09:11:25","guid":{"rendered":"https:\/\/tibladin.dk\/vare\/soft-touch-pendellampe-i-rattan-og-velour\/"},"modified":"2026-01-09T15:00:22","modified_gmt":"2026-01-09T14:00:22","slug":"myk-pendellampe-i-rotting-og-velur","status":"publish","type":"product","link":"https:\/\/tibladin.dk\/nb\/produkt\/soft-touch-pendellampe-i-rattan-og-velour\/","title":{"rendered":"Myk pendellampe i rotting og velur"},"content":{"rendered":"<div class=\"wpb-content-wrapper\"><div class=\"vc_row wpb_row vc_row-fluid\"><div class=\"wpb_column vc_column_container vc_col-sm-4\"><div class=\"vc_column-inner\"><div class=\"wpb_wrapper\"><h3 style=\"text-align: left\" class=\"vc_custom_heading vc_do_custom_heading\" >Historien bak<\/h3>\n\t<div class=\"wpb_text_column wpb_content_element\" >\n\t\t<div class=\"wpb_wrapper\">\n\t\t\t<p>Raffia- og rottinglamper\/kurvlamper har gjort comeback innen interi\u00f8rdesign. De gir et fint bohemsk utseende og en koselig og avslappet atmosf\u00e6re.<\/p>\n<p>Lamper fra Marokko gir et unikt preg til interi\u00f8ret ditt og gir dekorativt lys.<\/p>\n<p>Lampene er h\u00e5ndlagde, og det vil v\u00e6re sm\u00e5 ujevnheter og forskjeller i m\u00f8nster og form.<\/p>\n\n\t\t<\/div>\n\t<\/div>\n<\/div><\/div><\/div><div class=\"wpb_column vc_column_container vc_col-sm-4\"><div class=\"vc_column-inner\"><div class=\"wpb_wrapper\"><h3 style=\"text-align: left\" class=\"vc_custom_heading vc_do_custom_heading\" >Hva er rotting?<\/h3>\n\t<div class=\"wpb_text_column wpb_content_element\" >\n\t\t<div class=\"wpb_wrapper\">\n\t\t\t<p>Rotting er laget av et tropisk palmetre som er hjemmeh\u00f8rende i Australia, Asia og Afrika. Materialet er veldig sterkt og ligner bambus, og det er derfor det brukes til alt fra brett og kurver til sengegavler og cocktailbord.<\/p>\n<p>Raffia ligner p\u00e5 rotting, ettersom begge kommer fra palmeblader, men raffia er litt mykere.<\/p>\n\n\t\t<\/div>\n\t<\/div>\n<\/div><\/div><\/div><div class=\"wpb_column vc_column_container vc_col-sm-4\"><div class=\"vc_column-inner\"><div class=\"wpb_wrapper\"><h3 style=\"text-align: left\" class=\"vc_custom_heading vc_do_custom_heading\" >Vedlikehold<\/h3>\n\t<div class=\"wpb_text_column wpb_content_element\" >\n\t\t<div class=\"wpb_wrapper\">\n\t\t\t<p>Selve rottingdelen t\u00f8rkes av med en st\u00f8vklut.<\/p>\n<p>P\u00e5 velourdelen kan du bruke en lorulle. Kj\u00f8r lorullen forsiktig og forsiktig over stoffet. S\u00f8rg for \u00e5 bytte lopapiret f\u00f8rst, og gj\u00f8r det ofte mens du ruller.<\/p>\n<p>Lampene er h\u00e5ndlagde, og det kan v\u00e6re sm\u00e5 ufullkommenheter samt variasjoner i form og m\u00f8nster.<\/p>\n\n\t\t<\/div>\n\t<\/div>\n<\/div><\/div><\/div><\/div>\n<\/div>","protected":false},"excerpt":{"rendered":"<p>H\u00e5ndlaget marokkansk pendellampe laget av rotting med en fl\u00f8yelsskjerm i en delikat gammelrosa farge. Den rosa fl\u00f8yelen spiller fint sammen med den flettede rottingfargen, og denne lampen kan brukes til \u00e5 tilf\u00f8re litt fargespill til interi\u00f8ret ditt.<\/p>\n<p>25 cm h\u00f8y og 30 cm i diameter.<\/p>\n<p>Lampen er klar til montering og trenger bare en p\u00e6re \u2013 leveres med 1 m ledning.<\/p>\n<p>&nbsp;<\/p>\n<p>&nbsp;<\/p>\n<p>&nbsp;<\/p>\n<p>&nbsp;<\/p>","protected":false},"featured_media":1746,"template":"","meta":{"inline_featured_image":false},"product_brand":[],"product_cat":[67,69],"product_tag":[],"class_list":{"0":"post-1750","1":"product","2":"type-product","3":"status-publish","4":"has-post-thumbnail","6":"product_cat-lamper","7":"product_cat-rafia-lamper","9":"first","10":"instock","11":"taxable","12":"shipping-taxable","13":"purchasable","14":"product-type-simple"},"exclude_global_add_ons":false,"addons":[{"name":"\u00d8nsker du gaveinnpakning?","type":"checkbox","position":0,"required":false,"title_format":"label","default":"","description_enable":false,"description":"","placeholder_enable":false,"placeholder":"","display":"images","restrictions_type":"any_text","adjust_price":false,"price":"","price_type":"flat_fee","restrictions":false,"min":"0","max":"0","options":[{"label":"Ja tak","price":"10","price_type":"flat_fee","image":11015,"visibility":true}],"id":1669646111}],"yoast_head":"<!-- This site is optimized with the Yoast SEO plugin v27.5 - https:\/\/yoast.com\/product\/yoast-seo-wordpress\/ -->\n<title>Marokkansk pendellampe i rattan og velour | H\u00e5ndlavet | Tibladin<\/title>\n<meta name=\"description\" content=\"Giv din indretning et Marokkansk touch med denne marokkanske pendellampe i farven gammelrosa. H\u00e5ndlavet i Marrakech \u21d2 K\u00f8b den her.\" \/>\n<meta name=\"robots\" content=\"index, follow, max-snippet:-1, max-image-preview:large, max-video-preview:-1\" \/>\n<link rel=\"canonical\" href=\"https:\/\/tibladin.dk\/nb\/produkt\/myk-pendellampe-i-rotting-og-velur\/\" \/>\n<meta property=\"og:locale\" content=\"nb_NO\" \/>\n<meta property=\"og:type\" content=\"article\" \/>\n<meta property=\"og:title\" content=\"Marokkansk pendellampe i rattan og velour | H\u00e5ndlavet | Tibladin\" \/>\n<meta property=\"og:description\" content=\"Giv din indretning et Marokkansk touch med denne marokkanske pendellampe i farven gammelrosa. H\u00e5ndlavet i Marrakech \u21d2 K\u00f8b den her.\" \/>\n<meta property=\"og:url\" content=\"https:\/\/tibladin.dk\/nb\/produkt\/myk-pendellampe-i-rotting-og-velur\/\" \/>\n<meta property=\"og:site_name\" content=\"Tibladin\" \/>\n<meta property=\"article:modified_time\" content=\"2026-01-09T14:00:22+00:00\" \/>\n<meta property=\"og:image\" content=\"https:\/\/tibladin.dk\/wp-content\/uploads\/2022\/09\/Soft_touch_pendellampe-1.jpg\" \/>\n\t<meta property=\"og:image:width\" content=\"800\" \/>\n\t<meta property=\"og:image:height\" content=\"800\" \/>\n\t<meta property=\"og:image:type\" content=\"image\/jpeg\" \/>\n<meta name=\"twitter:card\" content=\"summary_large_image\" \/>\n<meta name=\"twitter:label1\" content=\"Ansl. lesetid\" \/>\n\t<meta name=\"twitter:data1\" content=\"2 minutter\" \/>\n<script type=\"application\/ld+json\" class=\"yoast-schema-graph\">{\"@context\":\"https:\\\/\\\/schema.org\",\"@graph\":[{\"@type\":\"WebPage\",\"@id\":\"https:\\\/\\\/tibladin.dk\\\/produkt\\\/soft-touch-pendellampe-i-rattan-og-velour\\\/\",\"url\":\"https:\\\/\\\/tibladin.dk\\\/produkt\\\/soft-touch-pendellampe-i-rattan-og-velour\\\/\",\"name\":\"Marokkansk pendellampe i rattan og velour | H\u00e5ndlavet | Tibladin\",\"isPartOf\":{\"@id\":\"https:\\\/\\\/tibladin.dk\\\/#website\"},\"primaryImageOfPage\":{\"@id\":\"https:\\\/\\\/tibladin.dk\\\/produkt\\\/soft-touch-pendellampe-i-rattan-og-velour\\\/#primaryimage\"},\"image\":{\"@id\":\"https:\\\/\\\/tibladin.dk\\\/produkt\\\/soft-touch-pendellampe-i-rattan-og-velour\\\/#primaryimage\"},\"thumbnailUrl\":\"https:\\\/\\\/tibladin.dk\\\/wp-content\\\/uploads\\\/2022\\\/09\\\/Soft_touch_pendellampe-1.jpg\",\"datePublished\":\"2022-09-20T09:11:25+00:00\",\"dateModified\":\"2026-01-09T14:00:22+00:00\",\"description\":\"Giv din indretning et Marokkansk touch med denne marokkanske pendellampe i farven gammelrosa. H\u00e5ndlavet i Marrakech \u21d2 K\u00f8b den her.\",\"breadcrumb\":{\"@id\":\"https:\\\/\\\/tibladin.dk\\\/produkt\\\/soft-touch-pendellampe-i-rattan-og-velour\\\/#breadcrumb\"},\"inLanguage\":\"nb-NO\",\"potentialAction\":[{\"@type\":\"ReadAction\",\"target\":[\"https:\\\/\\\/tibladin.dk\\\/produkt\\\/soft-touch-pendellampe-i-rattan-og-velour\\\/\"]}]},{\"@type\":\"ImageObject\",\"inLanguage\":\"nb-NO\",\"@id\":\"https:\\\/\\\/tibladin.dk\\\/produkt\\\/soft-touch-pendellampe-i-rattan-og-velour\\\/#primaryimage\",\"url\":\"https:\\\/\\\/tibladin.dk\\\/wp-content\\\/uploads\\\/2022\\\/09\\\/Soft_touch_pendellampe-1.jpg\",\"contentUrl\":\"https:\\\/\\\/tibladin.dk\\\/wp-content\\\/uploads\\\/2022\\\/09\\\/Soft_touch_pendellampe-1.jpg\",\"width\":800,\"height\":800,\"caption\":\"Marokkansk h\u00e5ndlavet pendellampe i pink velour\"},{\"@type\":\"BreadcrumbList\",\"@id\":\"https:\\\/\\\/tibladin.dk\\\/produkt\\\/soft-touch-pendellampe-i-rattan-og-velour\\\/#breadcrumb\",\"itemListElement\":[{\"@type\":\"ListItem\",\"position\":1,\"name\":\"Hjem\",\"item\":\"https:\\\/\\\/tibladin.dk\\\/\"},{\"@type\":\"ListItem\",\"position\":2,\"name\":\"Shop\",\"item\":\"https:\\\/\\\/tibladin.dk\\\/shop\\\/\"},{\"@type\":\"ListItem\",\"position\":3,\"name\":\"Soft touch pendellampe i rattan og velour\"}]},{\"@type\":\"WebSite\",\"@id\":\"https:\\\/\\\/tibladin.dk\\\/#website\",\"url\":\"https:\\\/\\\/tibladin.dk\\\/\",\"name\":\"Tibladin\",\"description\":\"Tibladin\",\"publisher\":{\"@id\":\"https:\\\/\\\/tibladin.dk\\\/#organization\"},\"potentialAction\":[{\"@type\":\"SearchAction\",\"target\":{\"@type\":\"EntryPoint\",\"urlTemplate\":\"https:\\\/\\\/tibladin.dk\\\/?s={search_term_string}\"},\"query-input\":{\"@type\":\"PropertyValueSpecification\",\"valueRequired\":true,\"valueName\":\"search_term_string\"}}],\"inLanguage\":\"nb-NO\"},{\"@type\":\"Organization\",\"@id\":\"https:\\\/\\\/tibladin.dk\\\/#organization\",\"name\":\"Tibladin\",\"url\":\"https:\\\/\\\/tibladin.dk\\\/\",\"logo\":{\"@type\":\"ImageObject\",\"inLanguage\":\"nb-NO\",\"@id\":\"https:\\\/\\\/tibladin.dk\\\/#\\\/schema\\\/logo\\\/image\\\/\",\"url\":\"https:\\\/\\\/tibladin.dk\\\/wp-content\\\/uploads\\\/2022\\\/09\\\/tibladin_logo.svg\",\"contentUrl\":\"https:\\\/\\\/tibladin.dk\\\/wp-content\\\/uploads\\\/2022\\\/09\\\/tibladin_logo.svg\",\"caption\":\"Tibladin\"},\"image\":{\"@id\":\"https:\\\/\\\/tibladin.dk\\\/#\\\/schema\\\/logo\\\/image\\\/\"}}]}<\/script>\n<!-- \/ Yoast SEO plugin. -->","yoast_head_json":{"title":"Marokkansk pendellampe i rotting og fl\u00f8yel | H\u00e5ndlaget | Tibladin","description":"Gi interi\u00f8ret ditt et marokkansk preg med denne marokkanske pendellampen i fargen gammelrosa. H\u00e5ndlaget i Marrakech \u21d2 Kj\u00f8p den her.","robots":{"index":"index","follow":"follow","max-snippet":"max-snippet:-1","max-image-preview":"max-image-preview:large","max-video-preview":"max-video-preview:-1"},"canonical":"https:\/\/tibladin.dk\/nb\/produkt\/myk-pendellampe-i-rotting-og-velur\/","og_locale":"nb_NO","og_type":"article","og_title":"Marokkansk pendellampe i rattan og velour | H\u00e5ndlavet | Tibladin","og_description":"Giv din indretning et Marokkansk touch med denne marokkanske pendellampe i farven gammelrosa. H\u00e5ndlavet i Marrakech \u21d2 K\u00f8b den her.","og_url":"https:\/\/tibladin.dk\/nb\/produkt\/myk-pendellampe-i-rotting-og-velur\/","og_site_name":"Tibladin","article_modified_time":"2026-01-09T14:00:22+00:00","og_image":[{"width":800,"height":800,"url":"https:\/\/tibladin.dk\/wp-content\/uploads\/2022\/09\/Soft_touch_pendellampe-1.jpg","type":"image\/jpeg"}],"twitter_card":"summary_large_image","twitter_misc":{"Ansl. lesetid":"2 minutter"},"schema":{"@context":"https:\/\/schema.org","@graph":[{"@type":"WebPage","@id":"https:\/\/tibladin.dk\/produkt\/soft-touch-pendellampe-i-rattan-og-velour\/","url":"https:\/\/tibladin.dk\/produkt\/soft-touch-pendellampe-i-rattan-og-velour\/","name":"Marokkansk pendellampe i rotting og fl\u00f8yel | H\u00e5ndlaget | Tibladin","isPartOf":{"@id":"https:\/\/tibladin.dk\/#website"},"primaryImageOfPage":{"@id":"https:\/\/tibladin.dk\/produkt\/soft-touch-pendellampe-i-rattan-og-velour\/#primaryimage"},"image":{"@id":"https:\/\/tibladin.dk\/produkt\/soft-touch-pendellampe-i-rattan-og-velour\/#primaryimage"},"thumbnailUrl":"https:\/\/tibladin.dk\/wp-content\/uploads\/2022\/09\/Soft_touch_pendellampe-1.jpg","datePublished":"2022-09-20T09:11:25+00:00","dateModified":"2026-01-09T14:00:22+00:00","description":"Gi interi\u00f8ret ditt et marokkansk preg med denne marokkanske pendellampen i fargen gammelrosa. H\u00e5ndlaget i Marrakech \u21d2 Kj\u00f8p den her.","breadcrumb":{"@id":"https:\/\/tibladin.dk\/produkt\/soft-touch-pendellampe-i-rattan-og-velour\/#breadcrumb"},"inLanguage":"nb-NO","potentialAction":[{"@type":"ReadAction","target":["https:\/\/tibladin.dk\/produkt\/soft-touch-pendellampe-i-rattan-og-velour\/"]}]},{"@type":"ImageObject","inLanguage":"nb-NO","@id":"https:\/\/tibladin.dk\/produkt\/soft-touch-pendellampe-i-rattan-og-velour\/#primaryimage","url":"https:\/\/tibladin.dk\/wp-content\/uploads\/2022\/09\/Soft_touch_pendellampe-1.jpg","contentUrl":"https:\/\/tibladin.dk\/wp-content\/uploads\/2022\/09\/Soft_touch_pendellampe-1.jpg","width":800,"height":800,"caption":"Marokkansk h\u00e5ndlavet pendellampe i pink velour"},{"@type":"BreadcrumbList","@id":"https:\/\/tibladin.dk\/produkt\/soft-touch-pendellampe-i-rattan-og-velour\/#breadcrumb","itemListElement":[{"@type":"ListItem","position":1,"name":"Hjem","item":"https:\/\/tibladin.dk\/"},{"@type":"ListItem","position":2,"name":"Shop","item":"https:\/\/tibladin.dk\/shop\/"},{"@type":"ListItem","position":3,"name":"Soft touch pendellampe i rattan og velour"}]},{"@type":"WebSite","@id":"https:\/\/tibladin.dk\/#website","url":"https:\/\/tibladin.dk\/","name":"Tibladin","description":"Tibladin","publisher":{"@id":"https:\/\/tibladin.dk\/#organization"},"potentialAction":[{"@type":"SearchAction","target":{"@type":"EntryPoint","urlTemplate":"https:\/\/tibladin.dk\/?s={search_term_string}"},"query-input":{"@type":"PropertyValueSpecification","valueRequired":true,"valueName":"search_term_string"}}],"inLanguage":"nb-NO"},{"@type":"Organization","@id":"https:\/\/tibladin.dk\/#organization","name":"Tibladin","url":"https:\/\/tibladin.dk\/","logo":{"@type":"ImageObject","inLanguage":"nb-NO","@id":"https:\/\/tibladin.dk\/#\/schema\/logo\/image\/","url":"https:\/\/tibladin.dk\/wp-content\/uploads\/2022\/09\/tibladin_logo.svg","contentUrl":"https:\/\/tibladin.dk\/wp-content\/uploads\/2022\/09\/tibladin_logo.svg","caption":"Tibladin"},"image":{"@id":"https:\/\/tibladin.dk\/#\/schema\/logo\/image\/"}}]}},"_links":{"self":[{"href":"https:\/\/tibladin.dk\/nb\/wp-json\/wp\/v2\/product\/1750","targetHints":{"allow":["GET"]}}],"collection":[{"href":"https:\/\/tibladin.dk\/nb\/wp-json\/wp\/v2\/product"}],"about":[{"href":"https:\/\/tibladin.dk\/nb\/wp-json\/wp\/v2\/types\/product"}],"wp:featuredmedia":[{"embeddable":true,"href":"https:\/\/tibladin.dk\/nb\/wp-json\/wp\/v2\/media\/1746"}],"wp:attachment":[{"href":"https:\/\/tibladin.dk\/nb\/wp-json\/wp\/v2\/media?parent=1750"}],"wp:term":[{"taxonomy":"product_brand","embeddable":true,"href":"https:\/\/tibladin.dk\/nb\/wp-json\/wp\/v2\/product_brand?post=1750"},{"taxonomy":"product_cat","embeddable":true,"href":"https:\/\/tibladin.dk\/nb\/wp-json\/wp\/v2\/product_cat?post=1750"},{"taxonomy":"product_tag","embeddable":true,"href":"https:\/\/tibladin.dk\/nb\/wp-json\/wp\/v2\/product_tag?post=1750"}],"curies":[{"name":"wp","href":"https:\/\/api.w.org\/{rel}","templated":true}]}}