{"id":1801,"date":"2022-09-20T11:11:48","date_gmt":"2022-09-20T09:11:48","guid":{"rendered":"https:\/\/tibladin.dk\/vare\/marokkansk-vaeglampe-metal-guld-princess\/"},"modified":"2026-03-14T11:15:53","modified_gmt":"2026-03-14T10:15:53","slug":"marokkansk-vegglampe-metall-gull-prinsesse","status":"publish","type":"product","link":"https:\/\/tibladin.dk\/nb\/produkt\/marokkansk-vaeglampe-metal-guld-princess\/","title":{"rendered":"Marokkansk vegglampe i metall \u2013 Gull PRINCESS"},"content":{"rendered":"<div class=\"wpb-content-wrapper\"><div class=\"vc_row wpb_row vc_row-fluid\"><div class=\"wpb_column vc_column_container vc_col-sm-6\"><div class=\"vc_column-inner\"><div class=\"wpb_wrapper\"><h3 style=\"text-align: left\" class=\"vc_custom_heading vc_do_custom_heading\" >Vedlikehold<\/h3>\n\t<div class=\"wpb_text_column wpb_content_element\" >\n\t\t<div class=\"wpb_wrapper\">\n\t\t\t<p>T\u00f8rk av med en fuktig klut. Lampene kan oksidere litt over tid, noe som bare gir ekstra sjarm. Hvis du vil at lampen din skal v\u00e6re h\u00f8yglanspolert, kan du bruke et poleringsmiddel eller litt sitronsaft, slik marokkanerne gj\u00f8r.<\/p>\n<p>Metallet lampene er laget av er fleksibelt, og hvis lampen din f\u00e5r en liten bulk en dag, kan den rettes ut veldig enkelt. Bruk en teskje og gni den der bulken stikker ut, og glatt den forsiktig tilbake p\u00e5 plass.<\/p>\n\n\t\t<\/div>\n\t<\/div>\n<\/div><\/div><\/div><div class=\"wpb_column vc_column_container vc_col-sm-6\"><div class=\"vc_column-inner\"><div class=\"wpb_wrapper\"><h3 style=\"text-align: left\" class=\"vc_custom_heading vc_do_custom_heading\" >Historien bak<\/h3>\n\t<div class=\"wpb_text_column wpb_content_element\" >\n\t\t<div class=\"wpb_wrapper\">\n\t\t\t<p>Disse marokkanske vegglampene er laget av gullfarget metall med sm\u00e5 hullm\u00f8nstre som er sl\u00e5tt ut for h\u00e5nd. Hullene i lampen gj\u00f8r at lyset reflekteres og spres i et fantastisk og varmt m\u00f8nster i omgivelsene. Dette skaper en helt spesiell atmosf\u00e6re i rommet. De h\u00e5ndlagde lampene fra Marokko kan henges p\u00e5 veggen i forskjellige retninger, avhengig av \u00f8nsket uttrykk. Lyset kan enten kastes i taket eller ned mot gulvet, og vegglampene passer derfor inn i de fleste rom. Deretter kan du skape din egen riad-atmosf\u00e6re med en h\u00e5ndlaget og dekorativ lampe.<\/p>\n\n\t\t<\/div>\n\t<\/div>\n<\/div><\/div><\/div><\/div>\n<\/div>","protected":false},"excerpt":{"rendered":"<p>H\u00e5ndlaget marokkansk vegglampe i gullfarget metall med et vakkert hullm\u00f8nster. M\u00f8nsteret er sl\u00e5tt ut for h\u00e5nd, noe som betyr at lampen kaster et vakkert og stemningsfullt lys i rommet. Vegglampene kan henges i to forskjellige retninger avhengig av \u00f8nsket uttrykk. Skap din helt egen riad-atmosf\u00e6re med denne vakre h\u00e5ndlagde lampen.<\/p>\n<p>Lampen er tilgjengelig i to forskjellige m\u00f8nstre (PRINCE og <a href=\"https:\/\/tibladin.dk\/nb\/produkt\/marokkansk-vegglampe-metall-gull-prinsesse\/\">PRINSESSE<\/a>)<\/p>\n<p>Lampen selges uten sokkel og ledning.<\/p>\n<p>&nbsp;<\/p>","protected":false},"featured_media":1797,"template":"","meta":{"inline_featured_image":false},"product_brand":[],"product_cat":[67,68],"product_tag":[],"class_list":{"0":"post-1801","1":"product","2":"type-product","3":"status-publish","4":"has-post-thumbnail","6":"product_cat-lamper","7":"product_cat-metal-lamper","9":"first","10":"outofstock","11":"taxable","12":"shipping-taxable","13":"purchasable","14":"product-type-simple"},"exclude_global_add_ons":false,"addons":[{"name":"\u00d8nsker du gaveinnpakning?","type":"checkbox","position":0,"required":false,"title_format":"label","default":"","description_enable":false,"description":"","placeholder_enable":false,"placeholder":"","display":"images","restrictions_type":"any_text","adjust_price":false,"price":"","price_type":"flat_fee","restrictions":false,"min":"0","max":"0","options":[{"label":"Ja tak","price":"10","price_type":"flat_fee","image":11015,"visibility":true}],"id":1669646111}],"yoast_head":"<!-- This site is optimized with the Yoast SEO plugin v27.5 - https:\/\/yoast.com\/product\/yoast-seo-wordpress\/ -->\n<title>Marokkansk v\u00e6glampe i guldmetal | H\u00e5ndlavet i Marrakech<\/title>\n<meta name=\"description\" content=\"Mangler du stemningsfuld belysning? Denne marrokanske v\u00e6glampe i guldmetal med h\u00e5ndlavet hulm\u00f8nster giver et smukt og elegant lys.\" \/>\n<meta name=\"robots\" content=\"index, follow, max-snippet:-1, max-image-preview:large, max-video-preview:-1\" \/>\n<link rel=\"canonical\" href=\"https:\/\/tibladin.dk\/nb\/produkt\/marokkansk-vegglampe-metall-gull-prinsesse\/\" \/>\n<meta property=\"og:locale\" content=\"nb_NO\" \/>\n<meta property=\"og:type\" content=\"article\" \/>\n<meta property=\"og:title\" content=\"Marokkansk v\u00e6glampe i guldmetal | H\u00e5ndlavet i Marrakech\" \/>\n<meta property=\"og:description\" content=\"Mangler du stemningsfuld belysning? Denne marrokanske v\u00e6glampe i guldmetal med h\u00e5ndlavet hulm\u00f8nster giver et smukt og elegant lys.\" \/>\n<meta property=\"og:url\" content=\"https:\/\/tibladin.dk\/nb\/produkt\/marokkansk-vegglampe-metall-gull-prinsesse\/\" \/>\n<meta property=\"og:site_name\" content=\"Tibladin\" \/>\n<meta property=\"article:modified_time\" content=\"2026-03-14T10:15:53+00:00\" \/>\n<meta property=\"og:image\" content=\"https:\/\/tibladin.dk\/wp-content\/uploads\/2022\/09\/Vaeglampe-princess-2-1.png\" \/>\n\t<meta property=\"og:image:width\" content=\"800\" \/>\n\t<meta property=\"og:image:height\" content=\"800\" \/>\n\t<meta property=\"og:image:type\" content=\"image\/png\" \/>\n<meta name=\"twitter:card\" content=\"summary_large_image\" \/>\n<meta name=\"twitter:label1\" content=\"Ansl. lesetid\" \/>\n\t<meta name=\"twitter:data1\" content=\"2 minutter\" \/>\n<script type=\"application\/ld+json\" class=\"yoast-schema-graph\">{\"@context\":\"https:\\\/\\\/schema.org\",\"@graph\":[{\"@type\":\"WebPage\",\"@id\":\"https:\\\/\\\/tibladin.dk\\\/produkt\\\/marokkansk-vaeglampe-metal-guld-princess\\\/\",\"url\":\"https:\\\/\\\/tibladin.dk\\\/produkt\\\/marokkansk-vaeglampe-metal-guld-princess\\\/\",\"name\":\"Marokkansk v\u00e6glampe i guldmetal | H\u00e5ndlavet i Marrakech\",\"isPartOf\":{\"@id\":\"https:\\\/\\\/tibladin.dk\\\/#website\"},\"primaryImageOfPage\":{\"@id\":\"https:\\\/\\\/tibladin.dk\\\/produkt\\\/marokkansk-vaeglampe-metal-guld-princess\\\/#primaryimage\"},\"image\":{\"@id\":\"https:\\\/\\\/tibladin.dk\\\/produkt\\\/marokkansk-vaeglampe-metal-guld-princess\\\/#primaryimage\"},\"thumbnailUrl\":\"https:\\\/\\\/tibladin.dk\\\/wp-content\\\/uploads\\\/2022\\\/09\\\/Vaeglampe-princess-2-1.png\",\"datePublished\":\"2022-09-20T09:11:48+00:00\",\"dateModified\":\"2026-03-14T10:15:53+00:00\",\"description\":\"Mangler du stemningsfuld belysning? Denne marrokanske v\u00e6glampe i guldmetal med h\u00e5ndlavet hulm\u00f8nster giver et smukt og elegant lys.\",\"breadcrumb\":{\"@id\":\"https:\\\/\\\/tibladin.dk\\\/produkt\\\/marokkansk-vaeglampe-metal-guld-princess\\\/#breadcrumb\"},\"inLanguage\":\"nb-NO\",\"potentialAction\":[{\"@type\":\"ReadAction\",\"target\":[\"https:\\\/\\\/tibladin.dk\\\/produkt\\\/marokkansk-vaeglampe-metal-guld-princess\\\/\"]}]},{\"@type\":\"ImageObject\",\"inLanguage\":\"nb-NO\",\"@id\":\"https:\\\/\\\/tibladin.dk\\\/produkt\\\/marokkansk-vaeglampe-metal-guld-princess\\\/#primaryimage\",\"url\":\"https:\\\/\\\/tibladin.dk\\\/wp-content\\\/uploads\\\/2022\\\/09\\\/Vaeglampe-princess-2-1.png\",\"contentUrl\":\"https:\\\/\\\/tibladin.dk\\\/wp-content\\\/uploads\\\/2022\\\/09\\\/Vaeglampe-princess-2-1.png\",\"width\":800,\"height\":800,\"caption\":\"H\u00e5ndlavet v\u00e6glampe i guldmetal med marokkansk m\u00f8nster\"},{\"@type\":\"BreadcrumbList\",\"@id\":\"https:\\\/\\\/tibladin.dk\\\/produkt\\\/marokkansk-vaeglampe-metal-guld-princess\\\/#breadcrumb\",\"itemListElement\":[{\"@type\":\"ListItem\",\"position\":1,\"name\":\"Hjem\",\"item\":\"https:\\\/\\\/tibladin.dk\\\/\"},{\"@type\":\"ListItem\",\"position\":2,\"name\":\"Shop\",\"item\":\"https:\\\/\\\/tibladin.dk\\\/shop\\\/\"},{\"@type\":\"ListItem\",\"position\":3,\"name\":\"Marokkansk v\u00e6glampe metal &#8211; Guld PRINCESS\"}]},{\"@type\":\"WebSite\",\"@id\":\"https:\\\/\\\/tibladin.dk\\\/#website\",\"url\":\"https:\\\/\\\/tibladin.dk\\\/\",\"name\":\"Tibladin\",\"description\":\"Tibladin\",\"publisher\":{\"@id\":\"https:\\\/\\\/tibladin.dk\\\/#organization\"},\"potentialAction\":[{\"@type\":\"SearchAction\",\"target\":{\"@type\":\"EntryPoint\",\"urlTemplate\":\"https:\\\/\\\/tibladin.dk\\\/?s={search_term_string}\"},\"query-input\":{\"@type\":\"PropertyValueSpecification\",\"valueRequired\":true,\"valueName\":\"search_term_string\"}}],\"inLanguage\":\"nb-NO\"},{\"@type\":\"Organization\",\"@id\":\"https:\\\/\\\/tibladin.dk\\\/#organization\",\"name\":\"Tibladin\",\"url\":\"https:\\\/\\\/tibladin.dk\\\/\",\"logo\":{\"@type\":\"ImageObject\",\"inLanguage\":\"nb-NO\",\"@id\":\"https:\\\/\\\/tibladin.dk\\\/#\\\/schema\\\/logo\\\/image\\\/\",\"url\":\"https:\\\/\\\/tibladin.dk\\\/wp-content\\\/uploads\\\/2022\\\/09\\\/tibladin_logo.svg\",\"contentUrl\":\"https:\\\/\\\/tibladin.dk\\\/wp-content\\\/uploads\\\/2022\\\/09\\\/tibladin_logo.svg\",\"caption\":\"Tibladin\"},\"image\":{\"@id\":\"https:\\\/\\\/tibladin.dk\\\/#\\\/schema\\\/logo\\\/image\\\/\"}}]}<\/script>\n<!-- \/ Yoast SEO plugin. -->","yoast_head_json":{"title":"Marokkansk vegglampe i gullmetall | H\u00e5ndlaget i Marrakech","description":"Ser du etter stemningsfull belysning? Denne marokkanske vegglampen i gullmetall med et h\u00e5ndlaget hullm\u00f8nster gir et vakkert og elegant lys.","robots":{"index":"index","follow":"follow","max-snippet":"max-snippet:-1","max-image-preview":"max-image-preview:large","max-video-preview":"max-video-preview:-1"},"canonical":"https:\/\/tibladin.dk\/nb\/produkt\/marokkansk-vegglampe-metall-gull-prinsesse\/","og_locale":"nb_NO","og_type":"article","og_title":"Marokkansk v\u00e6glampe i guldmetal | H\u00e5ndlavet i Marrakech","og_description":"Mangler du stemningsfuld belysning? Denne marrokanske v\u00e6glampe i guldmetal med h\u00e5ndlavet hulm\u00f8nster giver et smukt og elegant lys.","og_url":"https:\/\/tibladin.dk\/nb\/produkt\/marokkansk-vegglampe-metall-gull-prinsesse\/","og_site_name":"Tibladin","article_modified_time":"2026-03-14T10:15:53+00:00","og_image":[{"width":800,"height":800,"url":"https:\/\/tibladin.dk\/wp-content\/uploads\/2022\/09\/Vaeglampe-princess-2-1.png","type":"image\/png"}],"twitter_card":"summary_large_image","twitter_misc":{"Ansl. lesetid":"2 minutter"},"schema":{"@context":"https:\/\/schema.org","@graph":[{"@type":"WebPage","@id":"https:\/\/tibladin.dk\/produkt\/marokkansk-vaeglampe-metal-guld-princess\/","url":"https:\/\/tibladin.dk\/produkt\/marokkansk-vaeglampe-metal-guld-princess\/","name":"Marokkansk vegglampe i gullmetall | H\u00e5ndlaget i Marrakech","isPartOf":{"@id":"https:\/\/tibladin.dk\/#website"},"primaryImageOfPage":{"@id":"https:\/\/tibladin.dk\/produkt\/marokkansk-vaeglampe-metal-guld-princess\/#primaryimage"},"image":{"@id":"https:\/\/tibladin.dk\/produkt\/marokkansk-vaeglampe-metal-guld-princess\/#primaryimage"},"thumbnailUrl":"https:\/\/tibladin.dk\/wp-content\/uploads\/2022\/09\/Vaeglampe-princess-2-1.png","datePublished":"2022-09-20T09:11:48+00:00","dateModified":"2026-03-14T10:15:53+00:00","description":"Ser du etter stemningsfull belysning? Denne marokkanske vegglampen i gullmetall med et h\u00e5ndlaget hullm\u00f8nster gir et vakkert og elegant lys.","breadcrumb":{"@id":"https:\/\/tibladin.dk\/produkt\/marokkansk-vaeglampe-metal-guld-princess\/#breadcrumb"},"inLanguage":"nb-NO","potentialAction":[{"@type":"ReadAction","target":["https:\/\/tibladin.dk\/produkt\/marokkansk-vaeglampe-metal-guld-princess\/"]}]},{"@type":"ImageObject","inLanguage":"nb-NO","@id":"https:\/\/tibladin.dk\/produkt\/marokkansk-vaeglampe-metal-guld-princess\/#primaryimage","url":"https:\/\/tibladin.dk\/wp-content\/uploads\/2022\/09\/Vaeglampe-princess-2-1.png","contentUrl":"https:\/\/tibladin.dk\/wp-content\/uploads\/2022\/09\/Vaeglampe-princess-2-1.png","width":800,"height":800,"caption":"H\u00e5ndlavet v\u00e6glampe i guldmetal med marokkansk m\u00f8nster"},{"@type":"BreadcrumbList","@id":"https:\/\/tibladin.dk\/produkt\/marokkansk-vaeglampe-metal-guld-princess\/#breadcrumb","itemListElement":[{"@type":"ListItem","position":1,"name":"Hjem","item":"https:\/\/tibladin.dk\/"},{"@type":"ListItem","position":2,"name":"Shop","item":"https:\/\/tibladin.dk\/shop\/"},{"@type":"ListItem","position":3,"name":"Marokkansk v\u00e6glampe metal &#8211; Guld PRINCESS"}]},{"@type":"WebSite","@id":"https:\/\/tibladin.dk\/#website","url":"https:\/\/tibladin.dk\/","name":"Tibladin","description":"Tibladin","publisher":{"@id":"https:\/\/tibladin.dk\/#organization"},"potentialAction":[{"@type":"SearchAction","target":{"@type":"EntryPoint","urlTemplate":"https:\/\/tibladin.dk\/?s={search_term_string}"},"query-input":{"@type":"PropertyValueSpecification","valueRequired":true,"valueName":"search_term_string"}}],"inLanguage":"nb-NO"},{"@type":"Organization","@id":"https:\/\/tibladin.dk\/#organization","name":"Tibladin","url":"https:\/\/tibladin.dk\/","logo":{"@type":"ImageObject","inLanguage":"nb-NO","@id":"https:\/\/tibladin.dk\/#\/schema\/logo\/image\/","url":"https:\/\/tibladin.dk\/wp-content\/uploads\/2022\/09\/tibladin_logo.svg","contentUrl":"https:\/\/tibladin.dk\/wp-content\/uploads\/2022\/09\/tibladin_logo.svg","caption":"Tibladin"},"image":{"@id":"https:\/\/tibladin.dk\/#\/schema\/logo\/image\/"}}]}},"_links":{"self":[{"href":"https:\/\/tibladin.dk\/nb\/wp-json\/wp\/v2\/product\/1801","targetHints":{"allow":["GET"]}}],"collection":[{"href":"https:\/\/tibladin.dk\/nb\/wp-json\/wp\/v2\/product"}],"about":[{"href":"https:\/\/tibladin.dk\/nb\/wp-json\/wp\/v2\/types\/product"}],"wp:featuredmedia":[{"embeddable":true,"href":"https:\/\/tibladin.dk\/nb\/wp-json\/wp\/v2\/media\/1797"}],"wp:attachment":[{"href":"https:\/\/tibladin.dk\/nb\/wp-json\/wp\/v2\/media?parent=1801"}],"wp:term":[{"taxonomy":"product_brand","embeddable":true,"href":"https:\/\/tibladin.dk\/nb\/wp-json\/wp\/v2\/product_brand?post=1801"},{"taxonomy":"product_cat","embeddable":true,"href":"https:\/\/tibladin.dk\/nb\/wp-json\/wp\/v2\/product_cat?post=1801"},{"taxonomy":"product_tag","embeddable":true,"href":"https:\/\/tibladin.dk\/nb\/wp-json\/wp\/v2\/product_tag?post=1801"}],"curies":[{"name":"wp","href":"https:\/\/api.w.org\/{rel}","templated":true}]}}