{"id":1804,"date":"2022-09-20T11:11:49","date_gmt":"2022-09-20T09:11:49","guid":{"rendered":"https:\/\/tibladin.dk\/vare\/boheme-spejl-rafia\/"},"modified":"2025-03-20T19:29:38","modified_gmt":"2025-03-20T18:29:38","slug":"bohemsk-speil-raffia","status":"publish","type":"product","link":"https:\/\/tibladin.dk\/nb\/produkt\/boheme-spejl-rafia\/","title":{"rendered":"Bohemsk speil \u2013 Rafia"},"content":{"rendered":"<div class=\"wpb-content-wrapper\"><div class=\"vc_row wpb_row vc_row-fluid\"><div class=\"wpb_column vc_column_container vc_col-sm-4\"><div class=\"vc_column-inner\"><div class=\"wpb_wrapper\"><\/div><\/div><\/div><div class=\"wpb_column vc_column_container vc_col-sm-4\"><div class=\"vc_column-inner\"><div class=\"wpb_wrapper\"><h3 style=\"text-align: left\" class=\"vc_custom_heading vc_do_custom_heading\" >Vedlikehold<\/h3>\n\t<div class=\"wpb_text_column wpb_content_element\" >\n\t\t<div class=\"wpb_wrapper\">\n\t\t\t<p>Kanten krever ikke vedlikehold. Bruk vanlig glassrens til selve speilet.<\/p>\n\n\t\t<\/div>\n\t<\/div>\n<\/div><\/div><\/div><div class=\"wpb_column vc_column_container vc_col-sm-4\"><div class=\"vc_column-inner\"><div class=\"wpb_wrapper\"><h3 style=\"text-align: left\" class=\"vc_custom_heading vc_do_custom_heading\" >Historien bak<\/h3>\n\t<div class=\"wpb_text_column wpb_content_element\" >\n\t\t<div class=\"wpb_wrapper\">\n\t\t\t<p>Speil gir liv til veggen. Det er veldig trendy \u00e5 bruke speil i interi\u00f8rdesign, og helst flere sammen i forskjellige former. Tenk speil inn i interi\u00f8rdesignet i rommene dine, og eksperimenter med forskjellige oppsett. Bruk dem som den siste finishen p\u00e5 bildeveggen din.<\/p>\n<p>Speilene er laget av gull- eller s\u00f8lvfarget metall.<\/p>\n\n\t\t<\/div>\n\t<\/div>\n<\/div><\/div><\/div><\/div>\n<\/div>","protected":false},"excerpt":{"rendered":"<p>H\u00e5ndlaget marokkansk speil i vakker bohemsk stil. Kanten er laget av rafia og gir interi\u00f8ret ditt masse kos og personlighet.<\/p>\n<p>Speilet har skjulte braketter p\u00e5 baksiden \u2013 perfekt for \u00e5 henges p\u00e5 veggen.<\/p>\n<p>Speil + kant m\u00e5ler 60 cm i diameter, og selve speilet m\u00e5ler 44 cm.<\/p>\n<p>&nbsp;<\/p>","protected":false},"featured_media":1802,"template":"","meta":{"inline_featured_image":false},"product_brand":[],"product_cat":[58,56],"product_tag":[],"class_list":{"0":"post-1804","1":"product","2":"type-product","3":"status-publish","4":"has-post-thumbnail","6":"product_cat-spejle","7":"product_cat-vaegdekoration","9":"first","10":"instock","11":"taxable","12":"shipping-taxable","13":"purchasable","14":"product-type-simple"},"exclude_global_add_ons":[],"addons":[],"yoast_head":"<!-- This site is optimized with the Yoast SEO plugin v27.4 - https:\/\/yoast.com\/product\/yoast-seo-wordpress\/ -->\n<title>Marokkansk boheme-spejl med kant af rafia | H\u00e5ndlavet | Tibladin<\/title>\n<meta name=\"description\" content=\"Marokkansk spejl med h\u00e5ndlavet kant af rafia. Giv dine v\u00e6gge et marokkansk touch med et unikt spejl, og giv dybde til din indretning \u21d2 Se her\" \/>\n<meta name=\"robots\" content=\"index, follow, max-snippet:-1, max-image-preview:large, max-video-preview:-1\" \/>\n<link rel=\"canonical\" href=\"https:\/\/tibladin.dk\/nb\/produkt\/bohemsk-speil-raffia\/\" \/>\n<meta property=\"og:locale\" content=\"nb_NO\" \/>\n<meta property=\"og:type\" content=\"article\" \/>\n<meta property=\"og:title\" content=\"Marokkansk boheme-spejl med kant af rafia | H\u00e5ndlavet | Tibladin\" \/>\n<meta property=\"og:description\" content=\"Marokkansk spejl med h\u00e5ndlavet kant af rafia. Giv dine v\u00e6gge et marokkansk touch med et unikt spejl, og giv dybde til din indretning \u21d2 Se her\" \/>\n<meta property=\"og:url\" content=\"https:\/\/tibladin.dk\/nb\/produkt\/bohemsk-speil-raffia\/\" \/>\n<meta property=\"og:site_name\" content=\"Tibladin\" \/>\n<meta property=\"article:modified_time\" content=\"2025-03-20T18:29:38+00:00\" \/>\n<meta property=\"og:image\" content=\"https:\/\/tibladin.dk\/wp-content\/uploads\/2022\/09\/Tibladin_boheme-spejl-i-rafia-1.jpg\" \/>\n\t<meta property=\"og:image:width\" content=\"800\" \/>\n\t<meta property=\"og:image:height\" content=\"800\" \/>\n\t<meta property=\"og:image:type\" content=\"image\/jpeg\" \/>\n<meta name=\"twitter:card\" content=\"summary_large_image\" \/>\n<meta name=\"twitter:label1\" content=\"Ansl. lesetid\" \/>\n\t<meta name=\"twitter:data1\" content=\"1 minutt\" \/>\n<script type=\"application\/ld+json\" class=\"yoast-schema-graph\">{\"@context\":\"https:\\\/\\\/schema.org\",\"@graph\":[{\"@type\":\"WebPage\",\"@id\":\"https:\\\/\\\/tibladin.dk\\\/produkt\\\/boheme-spejl-rafia\\\/\",\"url\":\"https:\\\/\\\/tibladin.dk\\\/produkt\\\/boheme-spejl-rafia\\\/\",\"name\":\"Marokkansk boheme-spejl med kant af rafia | H\u00e5ndlavet | Tibladin\",\"isPartOf\":{\"@id\":\"https:\\\/\\\/tibladin.dk\\\/#website\"},\"primaryImageOfPage\":{\"@id\":\"https:\\\/\\\/tibladin.dk\\\/produkt\\\/boheme-spejl-rafia\\\/#primaryimage\"},\"image\":{\"@id\":\"https:\\\/\\\/tibladin.dk\\\/produkt\\\/boheme-spejl-rafia\\\/#primaryimage\"},\"thumbnailUrl\":\"https:\\\/\\\/tibladin.dk\\\/wp-content\\\/uploads\\\/2022\\\/09\\\/Tibladin_boheme-spejl-i-rafia-1.jpg\",\"datePublished\":\"2022-09-20T09:11:49+00:00\",\"dateModified\":\"2025-03-20T18:29:38+00:00\",\"description\":\"Marokkansk spejl med h\u00e5ndlavet kant af rafia. Giv dine v\u00e6gge et marokkansk touch med et unikt spejl, og giv dybde til din indretning \u21d2 Se her\",\"breadcrumb\":{\"@id\":\"https:\\\/\\\/tibladin.dk\\\/produkt\\\/boheme-spejl-rafia\\\/#breadcrumb\"},\"inLanguage\":\"nb-NO\",\"potentialAction\":[{\"@type\":\"ReadAction\",\"target\":[\"https:\\\/\\\/tibladin.dk\\\/produkt\\\/boheme-spejl-rafia\\\/\"]}]},{\"@type\":\"ImageObject\",\"inLanguage\":\"nb-NO\",\"@id\":\"https:\\\/\\\/tibladin.dk\\\/produkt\\\/boheme-spejl-rafia\\\/#primaryimage\",\"url\":\"https:\\\/\\\/tibladin.dk\\\/wp-content\\\/uploads\\\/2022\\\/09\\\/Tibladin_boheme-spejl-i-rafia-1.jpg\",\"contentUrl\":\"https:\\\/\\\/tibladin.dk\\\/wp-content\\\/uploads\\\/2022\\\/09\\\/Tibladin_boheme-spejl-i-rafia-1.jpg\",\"width\":800,\"height\":800,\"caption\":\"Marokkansk h\u00e5ndlavet boheme spejl med kanter af flettet rafia\"},{\"@type\":\"BreadcrumbList\",\"@id\":\"https:\\\/\\\/tibladin.dk\\\/produkt\\\/boheme-spejl-rafia\\\/#breadcrumb\",\"itemListElement\":[{\"@type\":\"ListItem\",\"position\":1,\"name\":\"Hjem\",\"item\":\"https:\\\/\\\/tibladin.dk\\\/\"},{\"@type\":\"ListItem\",\"position\":2,\"name\":\"Shop\",\"item\":\"https:\\\/\\\/tibladin.dk\\\/shop\\\/\"},{\"@type\":\"ListItem\",\"position\":3,\"name\":\"Boheme-spejl &#8211; Rafia\"}]},{\"@type\":\"WebSite\",\"@id\":\"https:\\\/\\\/tibladin.dk\\\/#website\",\"url\":\"https:\\\/\\\/tibladin.dk\\\/\",\"name\":\"Tibladin\",\"description\":\"Tibladin\",\"publisher\":{\"@id\":\"https:\\\/\\\/tibladin.dk\\\/#organization\"},\"potentialAction\":[{\"@type\":\"SearchAction\",\"target\":{\"@type\":\"EntryPoint\",\"urlTemplate\":\"https:\\\/\\\/tibladin.dk\\\/?s={search_term_string}\"},\"query-input\":{\"@type\":\"PropertyValueSpecification\",\"valueRequired\":true,\"valueName\":\"search_term_string\"}}],\"inLanguage\":\"nb-NO\"},{\"@type\":\"Organization\",\"@id\":\"https:\\\/\\\/tibladin.dk\\\/#organization\",\"name\":\"Tibladin\",\"url\":\"https:\\\/\\\/tibladin.dk\\\/\",\"logo\":{\"@type\":\"ImageObject\",\"inLanguage\":\"nb-NO\",\"@id\":\"https:\\\/\\\/tibladin.dk\\\/#\\\/schema\\\/logo\\\/image\\\/\",\"url\":\"https:\\\/\\\/tibladin.dk\\\/wp-content\\\/uploads\\\/2022\\\/09\\\/tibladin_logo.svg\",\"contentUrl\":\"https:\\\/\\\/tibladin.dk\\\/wp-content\\\/uploads\\\/2022\\\/09\\\/tibladin_logo.svg\",\"caption\":\"Tibladin\"},\"image\":{\"@id\":\"https:\\\/\\\/tibladin.dk\\\/#\\\/schema\\\/logo\\\/image\\\/\"}}]}<\/script>\n<!-- \/ Yoast SEO plugin. -->","yoast_head_json":{"title":"Marokkansk bohemsk speil med raffiakant | H\u00e5ndlaget | Tibladin","description":"Marokkansk speil med h\u00e5ndlaget raffiakant. Gi veggene dine et marokkansk preg med et unikt speil og legg til dybde til innredningen din \u21d2 Se her","robots":{"index":"index","follow":"follow","max-snippet":"max-snippet:-1","max-image-preview":"max-image-preview:large","max-video-preview":"max-video-preview:-1"},"canonical":"https:\/\/tibladin.dk\/nb\/produkt\/bohemsk-speil-raffia\/","og_locale":"nb_NO","og_type":"article","og_title":"Marokkansk boheme-spejl med kant af rafia | H\u00e5ndlavet | Tibladin","og_description":"Marokkansk spejl med h\u00e5ndlavet kant af rafia. Giv dine v\u00e6gge et marokkansk touch med et unikt spejl, og giv dybde til din indretning \u21d2 Se her","og_url":"https:\/\/tibladin.dk\/nb\/produkt\/bohemsk-speil-raffia\/","og_site_name":"Tibladin","article_modified_time":"2025-03-20T18:29:38+00:00","og_image":[{"width":800,"height":800,"url":"https:\/\/tibladin.dk\/wp-content\/uploads\/2022\/09\/Tibladin_boheme-spejl-i-rafia-1.jpg","type":"image\/jpeg"}],"twitter_card":"summary_large_image","twitter_misc":{"Ansl. lesetid":"1 minutt"},"schema":{"@context":"https:\/\/schema.org","@graph":[{"@type":"WebPage","@id":"https:\/\/tibladin.dk\/produkt\/boheme-spejl-rafia\/","url":"https:\/\/tibladin.dk\/produkt\/boheme-spejl-rafia\/","name":"Marokkansk bohemsk speil med raffiakant | H\u00e5ndlaget | Tibladin","isPartOf":{"@id":"https:\/\/tibladin.dk\/#website"},"primaryImageOfPage":{"@id":"https:\/\/tibladin.dk\/produkt\/boheme-spejl-rafia\/#primaryimage"},"image":{"@id":"https:\/\/tibladin.dk\/produkt\/boheme-spejl-rafia\/#primaryimage"},"thumbnailUrl":"https:\/\/tibladin.dk\/wp-content\/uploads\/2022\/09\/Tibladin_boheme-spejl-i-rafia-1.jpg","datePublished":"2022-09-20T09:11:49+00:00","dateModified":"2025-03-20T18:29:38+00:00","description":"Marokkansk speil med h\u00e5ndlaget raffiakant. Gi veggene dine et marokkansk preg med et unikt speil og legg til dybde til innredningen din \u21d2 Se her","breadcrumb":{"@id":"https:\/\/tibladin.dk\/produkt\/boheme-spejl-rafia\/#breadcrumb"},"inLanguage":"nb-NO","potentialAction":[{"@type":"ReadAction","target":["https:\/\/tibladin.dk\/produkt\/boheme-spejl-rafia\/"]}]},{"@type":"ImageObject","inLanguage":"nb-NO","@id":"https:\/\/tibladin.dk\/produkt\/boheme-spejl-rafia\/#primaryimage","url":"https:\/\/tibladin.dk\/wp-content\/uploads\/2022\/09\/Tibladin_boheme-spejl-i-rafia-1.jpg","contentUrl":"https:\/\/tibladin.dk\/wp-content\/uploads\/2022\/09\/Tibladin_boheme-spejl-i-rafia-1.jpg","width":800,"height":800,"caption":"Marokkansk h\u00e5ndlavet boheme spejl med kanter af flettet rafia"},{"@type":"BreadcrumbList","@id":"https:\/\/tibladin.dk\/produkt\/boheme-spejl-rafia\/#breadcrumb","itemListElement":[{"@type":"ListItem","position":1,"name":"Hjem","item":"https:\/\/tibladin.dk\/"},{"@type":"ListItem","position":2,"name":"Shop","item":"https:\/\/tibladin.dk\/shop\/"},{"@type":"ListItem","position":3,"name":"Boheme-spejl &#8211; Rafia"}]},{"@type":"WebSite","@id":"https:\/\/tibladin.dk\/#website","url":"https:\/\/tibladin.dk\/","name":"Tibladin","description":"Tibladin","publisher":{"@id":"https:\/\/tibladin.dk\/#organization"},"potentialAction":[{"@type":"SearchAction","target":{"@type":"EntryPoint","urlTemplate":"https:\/\/tibladin.dk\/?s={search_term_string}"},"query-input":{"@type":"PropertyValueSpecification","valueRequired":true,"valueName":"search_term_string"}}],"inLanguage":"nb-NO"},{"@type":"Organization","@id":"https:\/\/tibladin.dk\/#organization","name":"Tibladin","url":"https:\/\/tibladin.dk\/","logo":{"@type":"ImageObject","inLanguage":"nb-NO","@id":"https:\/\/tibladin.dk\/#\/schema\/logo\/image\/","url":"https:\/\/tibladin.dk\/wp-content\/uploads\/2022\/09\/tibladin_logo.svg","contentUrl":"https:\/\/tibladin.dk\/wp-content\/uploads\/2022\/09\/tibladin_logo.svg","caption":"Tibladin"},"image":{"@id":"https:\/\/tibladin.dk\/#\/schema\/logo\/image\/"}}]}},"_links":{"self":[{"href":"https:\/\/tibladin.dk\/nb\/wp-json\/wp\/v2\/product\/1804","targetHints":{"allow":["GET"]}}],"collection":[{"href":"https:\/\/tibladin.dk\/nb\/wp-json\/wp\/v2\/product"}],"about":[{"href":"https:\/\/tibladin.dk\/nb\/wp-json\/wp\/v2\/types\/product"}],"wp:featuredmedia":[{"embeddable":true,"href":"https:\/\/tibladin.dk\/nb\/wp-json\/wp\/v2\/media\/1802"}],"wp:attachment":[{"href":"https:\/\/tibladin.dk\/nb\/wp-json\/wp\/v2\/media?parent=1804"}],"wp:term":[{"taxonomy":"product_brand","embeddable":true,"href":"https:\/\/tibladin.dk\/nb\/wp-json\/wp\/v2\/product_brand?post=1804"},{"taxonomy":"product_cat","embeddable":true,"href":"https:\/\/tibladin.dk\/nb\/wp-json\/wp\/v2\/product_cat?post=1804"},{"taxonomy":"product_tag","embeddable":true,"href":"https:\/\/tibladin.dk\/nb\/wp-json\/wp\/v2\/product_tag?post=1804"}],"curies":[{"name":"wp","href":"https:\/\/api.w.org\/{rel}","templated":true}]}}