{"id":1854,"date":"2022-09-20T11:12:09","date_gmt":"2022-09-20T09:12:09","guid":{"rendered":"https:\/\/tibladin.dk\/vare\/rund-bordlampe-m-marokkansk-moenster-stor-soelv-m-el\/"},"modified":"2025-03-26T19:25:46","modified_gmt":"2025-03-26T18:25:46","slug":"rund-bordlampe-med-marokkansk-moenster-stor-soelvfarget-med-elektrisk","status":"publish","type":"product","link":"https:\/\/tibladin.dk\/nb\/produkt\/rund-bordlampe-m-marokkansk-moenster-stor-soelv-m-el\/","title":{"rendered":"Rund bordlampe med marokkansk m\u00f8nster, stor \u2013 s\u00f8lv med el-lampe."},"content":{"rendered":"<div class=\"wpb-content-wrapper\"><div class=\"vc_row wpb_row vc_row-fluid\"><div class=\"wpb_column vc_column_container vc_col-sm-4\"><div class=\"vc_column-inner\"><div class=\"wpb_wrapper\"><h3 style=\"text-align: left\" class=\"vc_custom_heading vc_do_custom_heading\" >Vedlikehold<\/h3>\n\t<div class=\"wpb_text_column wpb_content_element\" >\n\t\t<div class=\"wpb_wrapper\">\n\t\t\t<p>T\u00f8rk av med en fuktig klut. Lampene kan oksidere litt over tid, noe som bare gir ekstra sjarm. Hvis du vil at lampen skal poleres, kan du bruke et poleringsmiddel eller litt sitronsaft, slik marokkanerne gj\u00f8r.<\/p>\n<p>Metallet lampene er laget av er fleksibelt, og hvis lampen din har en liten bulk, kan den rettes ut veldig enkelt. Bruk en teskje og gni den der bulken stikker ut og glatt den forsiktig tilbake p\u00e5 plass.<\/p>\n\n\t\t<\/div>\n\t<\/div>\n<\/div><\/div><\/div><div class=\"wpb_column vc_column_container vc_col-sm-4\"><div class=\"vc_column-inner\"><div class=\"wpb_wrapper\"><h3 style=\"text-align: left\" class=\"vc_custom_heading vc_do_custom_heading\" >Historien bak<\/h3>\n\t<div class=\"wpb_text_column wpb_content_element\" >\n\t\t<div class=\"wpb_wrapper\">\n\t\t\t<p>Lampene er laget av s\u00f8lvfarget metall med et marokkansk m\u00f8nster som er sl\u00e5tt ut for h\u00e5nd. Hullene i lampen reflekterer lyset i et eventyrlig sk\u00e6r p\u00e5 veggen og skaper en helt spesiell atmosf\u00e6re i rommet.<\/p>\n<p>Lamper fra Marokko gir et unikt preg til interi\u00f8ret ditt og gir dekorativt lys.<\/p>\n<p>Lampene er h\u00e5ndlagde, og det vil v\u00e6re sm\u00e5 ujevnheter og forskjeller i m\u00f8nster og form.<\/p>\n<p>F\u00e5 din egen Riad-atmosf\u00e6re med en h\u00e5ndlaget lampe fra Marrakech.<\/p>\n\n\t\t<\/div>\n\t<\/div>\n<\/div><\/div><\/div><\/div>\n<\/div>","protected":false},"excerpt":{"rendered":"<p>Dekorativ rund bordlampe i s\u00f8lvmetall. Med et dekorativt marokkansk m\u00f8nster som kaster et vakkert lys inn i rommet.<\/p>\n<p>Super kvalitet av s\u00f8lvmetall, en virkelig vakker lampe, b\u00e5de med og uten lys.<\/p>\n<p>F\u00e5 din egen atmosf\u00e6re av Tusen og \u00e9n natt med denne marokkanske lampen.<\/p>\n<p>Lampen selges med sokkel og ledning, s\u00e5 den er enkel \u00e5 koble til. Lampen er 20 cm i diameter.<\/p>\n<p>&nbsp;<\/p>","protected":false},"featured_media":1850,"template":"","meta":{"inline_featured_image":false},"product_brand":[],"product_cat":[67,68],"product_tag":[],"class_list":{"0":"post-1854","1":"product","2":"type-product","3":"status-publish","4":"has-post-thumbnail","6":"product_cat-lamper","7":"product_cat-metal-lamper","9":"first","10":"instock","11":"taxable","12":"shipping-taxable","13":"purchasable","14":"product-type-simple"},"exclude_global_add_ons":false,"addons":[{"name":"\u00d8nsker du gaveinnpakning?","type":"checkbox","position":0,"required":false,"title_format":"label","default":"","description_enable":false,"description":"","placeholder_enable":false,"placeholder":"","display":"images","restrictions_type":"any_text","adjust_price":false,"price":"","price_type":"flat_fee","restrictions":false,"min":"0","max":"0","options":[{"label":"Ja tak","price":"10","price_type":"flat_fee","image":11015,"visibility":true}],"id":1669646111}],"yoast_head":"<!-- This site is optimized with the Yoast SEO plugin v27.5 - https:\/\/yoast.com\/product\/yoast-seo-wordpress\/ -->\n<title>Marokkansk h\u00e5ndlavet lampe i s\u00f8lvmetal | Marokkansk m\u00f8nster<\/title>\n<meta name=\"description\" content=\"Marokkansk bordlampe i s\u00f8lvmetal med h\u00e5ndlavet marokkansk m\u00f8nster, der giver et dekorativt og hyggeligt lys i rummet. Stort udvalg af marokkanske lamper\" \/>\n<meta name=\"robots\" content=\"index, follow, max-snippet:-1, max-image-preview:large, max-video-preview:-1\" \/>\n<link rel=\"canonical\" href=\"https:\/\/tibladin.dk\/nb\/produkt\/rund-bordlampe-med-marokkansk-moenster-stor-soelvfarget-med-elektrisk\/\" \/>\n<meta property=\"og:locale\" content=\"nb_NO\" \/>\n<meta property=\"og:type\" content=\"article\" \/>\n<meta property=\"og:title\" content=\"Marokkansk h\u00e5ndlavet lampe i s\u00f8lvmetal | Marokkansk m\u00f8nster\" \/>\n<meta property=\"og:description\" content=\"Marokkansk bordlampe i s\u00f8lvmetal med h\u00e5ndlavet marokkansk m\u00f8nster, der giver et dekorativt og hyggeligt lys i rummet. Stort udvalg af marokkanske lamper\" \/>\n<meta property=\"og:url\" content=\"https:\/\/tibladin.dk\/nb\/produkt\/rund-bordlampe-med-marokkansk-moenster-stor-soelvfarget-med-elektrisk\/\" \/>\n<meta property=\"og:site_name\" content=\"Tibladin\" \/>\n<meta property=\"article:modified_time\" content=\"2025-03-26T18:25:46+00:00\" \/>\n<meta property=\"og:image\" content=\"https:\/\/tibladin.dk\/wp-content\/uploads\/2022\/09\/Tibladin_marokkansk-bordlampe_metal-med-moenster_Light-1.jpg\" \/>\n\t<meta property=\"og:image:width\" content=\"800\" \/>\n\t<meta property=\"og:image:height\" content=\"800\" \/>\n\t<meta property=\"og:image:type\" content=\"image\/jpeg\" \/>\n<meta name=\"twitter:card\" content=\"summary_large_image\" \/>\n<meta name=\"twitter:label1\" content=\"Ansl. lesetid\" \/>\n\t<meta name=\"twitter:data1\" content=\"2 minutter\" \/>\n<script type=\"application\/ld+json\" class=\"yoast-schema-graph\">{\"@context\":\"https:\\\/\\\/schema.org\",\"@graph\":[{\"@type\":\"WebPage\",\"@id\":\"https:\\\/\\\/tibladin.dk\\\/produkt\\\/rund-bordlampe-m-marokkansk-moenster-stor-soelv-m-el\\\/\",\"url\":\"https:\\\/\\\/tibladin.dk\\\/produkt\\\/rund-bordlampe-m-marokkansk-moenster-stor-soelv-m-el\\\/\",\"name\":\"Marokkansk h\u00e5ndlavet lampe i s\u00f8lvmetal | Marokkansk m\u00f8nster\",\"isPartOf\":{\"@id\":\"https:\\\/\\\/tibladin.dk\\\/#website\"},\"primaryImageOfPage\":{\"@id\":\"https:\\\/\\\/tibladin.dk\\\/produkt\\\/rund-bordlampe-m-marokkansk-moenster-stor-soelv-m-el\\\/#primaryimage\"},\"image\":{\"@id\":\"https:\\\/\\\/tibladin.dk\\\/produkt\\\/rund-bordlampe-m-marokkansk-moenster-stor-soelv-m-el\\\/#primaryimage\"},\"thumbnailUrl\":\"https:\\\/\\\/tibladin.dk\\\/wp-content\\\/uploads\\\/2022\\\/09\\\/Tibladin_marokkansk-bordlampe_metal-med-moenster_Light-1.jpg\",\"datePublished\":\"2022-09-20T09:12:09+00:00\",\"dateModified\":\"2025-03-26T18:25:46+00:00\",\"description\":\"Marokkansk bordlampe i s\u00f8lvmetal med h\u00e5ndlavet marokkansk m\u00f8nster, der giver et dekorativt og hyggeligt lys i rummet. Stort udvalg af marokkanske lamper\",\"breadcrumb\":{\"@id\":\"https:\\\/\\\/tibladin.dk\\\/produkt\\\/rund-bordlampe-m-marokkansk-moenster-stor-soelv-m-el\\\/#breadcrumb\"},\"inLanguage\":\"nb-NO\",\"potentialAction\":[{\"@type\":\"ReadAction\",\"target\":[\"https:\\\/\\\/tibladin.dk\\\/produkt\\\/rund-bordlampe-m-marokkansk-moenster-stor-soelv-m-el\\\/\"]}]},{\"@type\":\"ImageObject\",\"inLanguage\":\"nb-NO\",\"@id\":\"https:\\\/\\\/tibladin.dk\\\/produkt\\\/rund-bordlampe-m-marokkansk-moenster-stor-soelv-m-el\\\/#primaryimage\",\"url\":\"https:\\\/\\\/tibladin.dk\\\/wp-content\\\/uploads\\\/2022\\\/09\\\/Tibladin_marokkansk-bordlampe_metal-med-moenster_Light-1.jpg\",\"contentUrl\":\"https:\\\/\\\/tibladin.dk\\\/wp-content\\\/uploads\\\/2022\\\/09\\\/Tibladin_marokkansk-bordlampe_metal-med-moenster_Light-1.jpg\",\"width\":800,\"height\":800,\"caption\":\"Marokkanske h\u00e5ndlavet bordlampe i s\u00f8lvmetal med sammensatte ringe m\u00f8nster, t\u00e6ndt\"},{\"@type\":\"BreadcrumbList\",\"@id\":\"https:\\\/\\\/tibladin.dk\\\/produkt\\\/rund-bordlampe-m-marokkansk-moenster-stor-soelv-m-el\\\/#breadcrumb\",\"itemListElement\":[{\"@type\":\"ListItem\",\"position\":1,\"name\":\"Hjem\",\"item\":\"https:\\\/\\\/tibladin.dk\\\/\"},{\"@type\":\"ListItem\",\"position\":2,\"name\":\"Shop\",\"item\":\"https:\\\/\\\/tibladin.dk\\\/shop\\\/\"},{\"@type\":\"ListItem\",\"position\":3,\"name\":\"Rund bordlampe m. marokkansk m\u00f8nster, stor &#8211; s\u00f8lv m.el\"}]},{\"@type\":\"WebSite\",\"@id\":\"https:\\\/\\\/tibladin.dk\\\/#website\",\"url\":\"https:\\\/\\\/tibladin.dk\\\/\",\"name\":\"Tibladin\",\"description\":\"Tibladin\",\"publisher\":{\"@id\":\"https:\\\/\\\/tibladin.dk\\\/#organization\"},\"potentialAction\":[{\"@type\":\"SearchAction\",\"target\":{\"@type\":\"EntryPoint\",\"urlTemplate\":\"https:\\\/\\\/tibladin.dk\\\/?s={search_term_string}\"},\"query-input\":{\"@type\":\"PropertyValueSpecification\",\"valueRequired\":true,\"valueName\":\"search_term_string\"}}],\"inLanguage\":\"nb-NO\"},{\"@type\":\"Organization\",\"@id\":\"https:\\\/\\\/tibladin.dk\\\/#organization\",\"name\":\"Tibladin\",\"url\":\"https:\\\/\\\/tibladin.dk\\\/\",\"logo\":{\"@type\":\"ImageObject\",\"inLanguage\":\"nb-NO\",\"@id\":\"https:\\\/\\\/tibladin.dk\\\/#\\\/schema\\\/logo\\\/image\\\/\",\"url\":\"https:\\\/\\\/tibladin.dk\\\/wp-content\\\/uploads\\\/2022\\\/09\\\/tibladin_logo.svg\",\"contentUrl\":\"https:\\\/\\\/tibladin.dk\\\/wp-content\\\/uploads\\\/2022\\\/09\\\/tibladin_logo.svg\",\"caption\":\"Tibladin\"},\"image\":{\"@id\":\"https:\\\/\\\/tibladin.dk\\\/#\\\/schema\\\/logo\\\/image\\\/\"}}]}<\/script>\n<!-- \/ Yoast SEO plugin. -->","yoast_head_json":{"title":"Marokkansk h\u00e5ndlaget lampe i s\u00f8lvmetall | Marokkansk m\u00f8nster","description":"Marokkansk bordlampe i s\u00f8lvmetall med h\u00e5ndlaget marokkansk m\u00f8nster som gir et dekorativt og koselig lys i rommet. Stort utvalg av marokkanske lamper.","robots":{"index":"index","follow":"follow","max-snippet":"max-snippet:-1","max-image-preview":"max-image-preview:large","max-video-preview":"max-video-preview:-1"},"canonical":"https:\/\/tibladin.dk\/nb\/produkt\/rund-bordlampe-med-marokkansk-moenster-stor-soelvfarget-med-elektrisk\/","og_locale":"nb_NO","og_type":"article","og_title":"Marokkansk h\u00e5ndlavet lampe i s\u00f8lvmetal | Marokkansk m\u00f8nster","og_description":"Marokkansk bordlampe i s\u00f8lvmetal med h\u00e5ndlavet marokkansk m\u00f8nster, der giver et dekorativt og hyggeligt lys i rummet. Stort udvalg af marokkanske lamper","og_url":"https:\/\/tibladin.dk\/nb\/produkt\/rund-bordlampe-med-marokkansk-moenster-stor-soelvfarget-med-elektrisk\/","og_site_name":"Tibladin","article_modified_time":"2025-03-26T18:25:46+00:00","og_image":[{"width":800,"height":800,"url":"https:\/\/tibladin.dk\/wp-content\/uploads\/2022\/09\/Tibladin_marokkansk-bordlampe_metal-med-moenster_Light-1.jpg","type":"image\/jpeg"}],"twitter_card":"summary_large_image","twitter_misc":{"Ansl. lesetid":"2 minutter"},"schema":{"@context":"https:\/\/schema.org","@graph":[{"@type":"WebPage","@id":"https:\/\/tibladin.dk\/produkt\/rund-bordlampe-m-marokkansk-moenster-stor-soelv-m-el\/","url":"https:\/\/tibladin.dk\/produkt\/rund-bordlampe-m-marokkansk-moenster-stor-soelv-m-el\/","name":"Marokkansk h\u00e5ndlaget lampe i s\u00f8lvmetall | Marokkansk m\u00f8nster","isPartOf":{"@id":"https:\/\/tibladin.dk\/#website"},"primaryImageOfPage":{"@id":"https:\/\/tibladin.dk\/produkt\/rund-bordlampe-m-marokkansk-moenster-stor-soelv-m-el\/#primaryimage"},"image":{"@id":"https:\/\/tibladin.dk\/produkt\/rund-bordlampe-m-marokkansk-moenster-stor-soelv-m-el\/#primaryimage"},"thumbnailUrl":"https:\/\/tibladin.dk\/wp-content\/uploads\/2022\/09\/Tibladin_marokkansk-bordlampe_metal-med-moenster_Light-1.jpg","datePublished":"2022-09-20T09:12:09+00:00","dateModified":"2025-03-26T18:25:46+00:00","description":"Marokkansk bordlampe i s\u00f8lvmetall med h\u00e5ndlaget marokkansk m\u00f8nster som gir et dekorativt og koselig lys i rommet. Stort utvalg av marokkanske lamper.","breadcrumb":{"@id":"https:\/\/tibladin.dk\/produkt\/rund-bordlampe-m-marokkansk-moenster-stor-soelv-m-el\/#breadcrumb"},"inLanguage":"nb-NO","potentialAction":[{"@type":"ReadAction","target":["https:\/\/tibladin.dk\/produkt\/rund-bordlampe-m-marokkansk-moenster-stor-soelv-m-el\/"]}]},{"@type":"ImageObject","inLanguage":"nb-NO","@id":"https:\/\/tibladin.dk\/produkt\/rund-bordlampe-m-marokkansk-moenster-stor-soelv-m-el\/#primaryimage","url":"https:\/\/tibladin.dk\/wp-content\/uploads\/2022\/09\/Tibladin_marokkansk-bordlampe_metal-med-moenster_Light-1.jpg","contentUrl":"https:\/\/tibladin.dk\/wp-content\/uploads\/2022\/09\/Tibladin_marokkansk-bordlampe_metal-med-moenster_Light-1.jpg","width":800,"height":800,"caption":"Marokkanske h\u00e5ndlavet bordlampe i s\u00f8lvmetal med sammensatte ringe m\u00f8nster, t\u00e6ndt"},{"@type":"BreadcrumbList","@id":"https:\/\/tibladin.dk\/produkt\/rund-bordlampe-m-marokkansk-moenster-stor-soelv-m-el\/#breadcrumb","itemListElement":[{"@type":"ListItem","position":1,"name":"Hjem","item":"https:\/\/tibladin.dk\/"},{"@type":"ListItem","position":2,"name":"Shop","item":"https:\/\/tibladin.dk\/shop\/"},{"@type":"ListItem","position":3,"name":"Rund bordlampe m. marokkansk m\u00f8nster, stor &#8211; s\u00f8lv m.el"}]},{"@type":"WebSite","@id":"https:\/\/tibladin.dk\/#website","url":"https:\/\/tibladin.dk\/","name":"Tibladin","description":"Tibladin","publisher":{"@id":"https:\/\/tibladin.dk\/#organization"},"potentialAction":[{"@type":"SearchAction","target":{"@type":"EntryPoint","urlTemplate":"https:\/\/tibladin.dk\/?s={search_term_string}"},"query-input":{"@type":"PropertyValueSpecification","valueRequired":true,"valueName":"search_term_string"}}],"inLanguage":"nb-NO"},{"@type":"Organization","@id":"https:\/\/tibladin.dk\/#organization","name":"Tibladin","url":"https:\/\/tibladin.dk\/","logo":{"@type":"ImageObject","inLanguage":"nb-NO","@id":"https:\/\/tibladin.dk\/#\/schema\/logo\/image\/","url":"https:\/\/tibladin.dk\/wp-content\/uploads\/2022\/09\/tibladin_logo.svg","contentUrl":"https:\/\/tibladin.dk\/wp-content\/uploads\/2022\/09\/tibladin_logo.svg","caption":"Tibladin"},"image":{"@id":"https:\/\/tibladin.dk\/#\/schema\/logo\/image\/"}}]}},"_links":{"self":[{"href":"https:\/\/tibladin.dk\/nb\/wp-json\/wp\/v2\/product\/1854","targetHints":{"allow":["GET"]}}],"collection":[{"href":"https:\/\/tibladin.dk\/nb\/wp-json\/wp\/v2\/product"}],"about":[{"href":"https:\/\/tibladin.dk\/nb\/wp-json\/wp\/v2\/types\/product"}],"wp:featuredmedia":[{"embeddable":true,"href":"https:\/\/tibladin.dk\/nb\/wp-json\/wp\/v2\/media\/1850"}],"wp:attachment":[{"href":"https:\/\/tibladin.dk\/nb\/wp-json\/wp\/v2\/media?parent=1854"}],"wp:term":[{"taxonomy":"product_brand","embeddable":true,"href":"https:\/\/tibladin.dk\/nb\/wp-json\/wp\/v2\/product_brand?post=1854"},{"taxonomy":"product_cat","embeddable":true,"href":"https:\/\/tibladin.dk\/nb\/wp-json\/wp\/v2\/product_cat?post=1854"},{"taxonomy":"product_tag","embeddable":true,"href":"https:\/\/tibladin.dk\/nb\/wp-json\/wp\/v2\/product_tag?post=1854"}],"curies":[{"name":"wp","href":"https:\/\/api.w.org\/{rel}","templated":true}]}}