{"id":2024,"date":"2022-09-20T11:13:16","date_gmt":"2022-09-20T09:13:16","guid":{"rendered":"https:\/\/tibladin.dk\/vare\/oekologisk-bodyscrub-verveine-du-soir\/"},"modified":"2025-11-05T12:56:15","modified_gmt":"2025-11-05T11:56:15","slug":"oekologisk-kroppsskrubb-verveine-du-soir","status":"publish","type":"product","link":"https:\/\/tibladin.dk\/nb\/produkt\/oekologisk-bodyscrub-verveine-du-soir\/","title":{"rendered":"\u00d8kologisk Kroppsskrubb VERVEINE DU SOIR"},"content":{"rendered":"<div class=\"wpb-content-wrapper\"><div class=\"vc_row wpb_row vc_row-fluid\"><div class=\"wpb_column vc_column_container vc_col-sm-4\"><div class=\"vc_column-inner\"><div class=\"wpb_wrapper\"><\/div><\/div><\/div><div class=\"wpb_column vc_column_container vc_col-sm-4\"><div class=\"vc_column-inner\"><div class=\"wpb_wrapper\"><h3 style=\"text-align: left\" class=\"vc_custom_heading vc_do_custom_heading\" >Vedlikehold<\/h3>\n\t<div class=\"wpb_text_column wpb_content_element\" >\n\t\t<div class=\"wpb_wrapper\">\n\t\t\t<p>250 gram<span class=\"Apple-converted-space\">\u00a0<\/span><\/p>\n<p>Fukt huden og masser kroppsskrubben inn i huden. Skyll med vann. Etterlater huden silkemyk og deilig. Kan brukes p\u00e5 kropp, hender og lepper og er bra for sensitiv hud.<\/p>\n\n\t\t<\/div>\n\t<\/div>\n<\/div><\/div><\/div><div class=\"wpb_column vc_column_container vc_col-sm-4\"><div class=\"vc_column-inner\"><div class=\"wpb_wrapper\"><h3 style=\"text-align: left\" class=\"vc_custom_heading vc_do_custom_heading\" >Historien bak<\/h3>\n\t<div class=\"wpb_text_column wpb_content_element\" >\n\t\t<div class=\"wpb_wrapper\">\n\t\t\t<p>S\u00e5per fra L&#039;art du bain, som ble laget i Marrakech i 2004 og har blitt produsert i Nante, Frankrike siden 2016.<span class=\"Apple-converted-space\">\u00a0<\/span><\/p>\n<p>Kaldpressede s\u00e5per laget av naturlige ingredienser og epleoljer fra Marokko, formet for h\u00e5nd, \u00e9n etter \u00e9n.<span class=\"Apple-converted-space\">\u00a0En solid s\u00e5pestykke er en god m\u00e5te \u00e5 minimere plastforbruket i hverdagen.<\/span><\/p>\n<p>En omhyggelig h\u00e5ndverksmessig m\u00e5te \u00e5 tilberede s\u00e5per p\u00e5 som gir en sv\u00e6rt fin kvalitet. S\u00e5pene er laget utelukkende av naturlige ingredienser med respekt for milj\u00f8et. Teknikken med \u00e5 lage kaldpressede s\u00e5per betyr at s\u00e5pene beholder den naturlige glyserinen og de naturlige oljene, noe som gir en mer fuktighetsgivende s\u00e5pe.<\/p>\n\n\t\t<\/div>\n\t<\/div>\n<\/div><\/div><\/div><\/div>\n<\/div>","protected":false},"excerpt":{"rendered":"<p>KVELDVERVEINE<\/p>\n<p>En utrolig deilig mild kroppsskrubb med verveine\/verbena og en liten vri av bigarade. Nyt den avslappende effekten denne kroppsskrubben gir, litt som en kj\u00e6rlig godnattte.<\/p>\n<p>Bra for et avslappende kveldsbad. Masser inn i fuktig hud og skyll med vann. Etterlater huden silkemyk og deilig.<\/p>\n<p>Sukker, \u00f8kologisk kokosolje, bomullsfr\u00f8olje, aprikoskjerneolje og parfymert med naturlige oljer.<\/p>\n<p>Inci: Beta Vulgaris rotekstrakt, Cocos Nucifera, olje, Argania Spinosa kjerneolje, Litsea Cubeba, fruktolje, Citrus Aurantium Amara bladolje, Citral*, Geraniol*, Linalool<\/p>\n<p>&nbsp;<\/p>","protected":false},"featured_media":2023,"template":"","meta":{"inline_featured_image":false},"product_brand":[],"product_cat":[105,27,103],"product_tag":[],"class_list":{"0":"post-2024","1":"product","2":"type-product","3":"status-publish","4":"has-post-thumbnail","6":"product_cat-bodyscrub","7":"product_cat-diverse","8":"product_cat-personlig-pleje","10":"first","11":"outofstock","12":"featured","13":"taxable","14":"shipping-taxable","15":"purchasable","16":"product-type-simple"},"exclude_global_add_ons":false,"addons":[{"name":"\u00d8nsker du gaveinnpakning?","type":"checkbox","position":0,"required":false,"title_format":"label","default":"","description_enable":false,"description":"","placeholder_enable":false,"placeholder":"","display":"images","restrictions_type":"any_text","adjust_price":false,"price":"","price_type":"flat_fee","restrictions":false,"min":"0","max":"0","options":[{"label":"Ja tak","price":"10","price_type":"flat_fee","image":11015,"visibility":true}],"id":1669646111}],"yoast_head":"<!-- This site is optimized with the Yoast SEO plugin v27.5 - https:\/\/yoast.com\/product\/yoast-seo-wordpress\/ -->\n<title>H\u00e5ndlavet marokkansk sukker bodyscrub<\/title>\n<meta name=\"description\" content=\"Marokkansk Bodyscrub med sukker og \u00f8kologisk kokosolie- kun naturlige ingredienser. Efterlader huden silkebl\u00f8d l\u00e6kker.\" \/>\n<meta name=\"robots\" content=\"index, follow, max-snippet:-1, max-image-preview:large, max-video-preview:-1\" \/>\n<link rel=\"canonical\" href=\"https:\/\/tibladin.dk\/nb\/produkt\/oekologisk-kroppsskrubb-verveine-du-soir\/\" \/>\n<meta property=\"og:locale\" content=\"nb_NO\" \/>\n<meta property=\"og:type\" content=\"article\" \/>\n<meta property=\"og:title\" content=\"H\u00e5ndlavet marokkansk sukker bodyscrub\" \/>\n<meta property=\"og:description\" content=\"Marokkansk Bodyscrub med sukker og \u00f8kologisk kokosolie- kun naturlige ingredienser. Efterlader huden silkebl\u00f8d l\u00e6kker.\" \/>\n<meta property=\"og:url\" content=\"https:\/\/tibladin.dk\/nb\/produkt\/oekologisk-kroppsskrubb-verveine-du-soir\/\" \/>\n<meta property=\"og:site_name\" content=\"Tibladin\" \/>\n<meta property=\"article:modified_time\" content=\"2025-11-05T11:56:15+00:00\" \/>\n<meta property=\"og:image\" content=\"https:\/\/tibladin.dk\/wp-content\/uploads\/2022\/09\/gommage-verveine_800x800-1.jpg\" \/>\n\t<meta property=\"og:image:width\" content=\"800\" \/>\n\t<meta property=\"og:image:height\" content=\"800\" \/>\n\t<meta property=\"og:image:type\" content=\"image\/jpeg\" \/>\n<meta name=\"twitter:card\" content=\"summary_large_image\" \/>\n<meta name=\"twitter:label1\" content=\"Ansl. lesetid\" \/>\n\t<meta name=\"twitter:data1\" content=\"2 minutter\" \/>\n<script type=\"application\/ld+json\" class=\"yoast-schema-graph\">{\"@context\":\"https:\\\/\\\/schema.org\",\"@graph\":[{\"@type\":\"WebPage\",\"@id\":\"https:\\\/\\\/tibladin.dk\\\/produkt\\\/oekologisk-bodyscrub-verveine-du-soir\\\/\",\"url\":\"https:\\\/\\\/tibladin.dk\\\/produkt\\\/oekologisk-bodyscrub-verveine-du-soir\\\/\",\"name\":\"H\u00e5ndlavet marokkansk sukker bodyscrub\",\"isPartOf\":{\"@id\":\"https:\\\/\\\/tibladin.dk\\\/#website\"},\"primaryImageOfPage\":{\"@id\":\"https:\\\/\\\/tibladin.dk\\\/produkt\\\/oekologisk-bodyscrub-verveine-du-soir\\\/#primaryimage\"},\"image\":{\"@id\":\"https:\\\/\\\/tibladin.dk\\\/produkt\\\/oekologisk-bodyscrub-verveine-du-soir\\\/#primaryimage\"},\"thumbnailUrl\":\"https:\\\/\\\/tibladin.dk\\\/wp-content\\\/uploads\\\/2022\\\/09\\\/gommage-verveine_800x800-1.jpg\",\"datePublished\":\"2022-09-20T09:13:16+00:00\",\"dateModified\":\"2025-11-05T11:56:15+00:00\",\"description\":\"Marokkansk Bodyscrub med sukker og \u00f8kologisk kokosolie- kun naturlige ingredienser. Efterlader huden silkebl\u00f8d l\u00e6kker.\",\"breadcrumb\":{\"@id\":\"https:\\\/\\\/tibladin.dk\\\/produkt\\\/oekologisk-bodyscrub-verveine-du-soir\\\/#breadcrumb\"},\"inLanguage\":\"nb-NO\",\"potentialAction\":[{\"@type\":\"ReadAction\",\"target\":[\"https:\\\/\\\/tibladin.dk\\\/produkt\\\/oekologisk-bodyscrub-verveine-du-soir\\\/\"]}]},{\"@type\":\"ImageObject\",\"inLanguage\":\"nb-NO\",\"@id\":\"https:\\\/\\\/tibladin.dk\\\/produkt\\\/oekologisk-bodyscrub-verveine-du-soir\\\/#primaryimage\",\"url\":\"https:\\\/\\\/tibladin.dk\\\/wp-content\\\/uploads\\\/2022\\\/09\\\/gommage-verveine_800x800-1.jpg\",\"contentUrl\":\"https:\\\/\\\/tibladin.dk\\\/wp-content\\\/uploads\\\/2022\\\/09\\\/gommage-verveine_800x800-1.jpg\",\"width\":800,\"height\":800,\"caption\":\"L' Art du bain bodyscrub i verveine du soir variant\"},{\"@type\":\"BreadcrumbList\",\"@id\":\"https:\\\/\\\/tibladin.dk\\\/produkt\\\/oekologisk-bodyscrub-verveine-du-soir\\\/#breadcrumb\",\"itemListElement\":[{\"@type\":\"ListItem\",\"position\":1,\"name\":\"Hjem\",\"item\":\"https:\\\/\\\/tibladin.dk\\\/\"},{\"@type\":\"ListItem\",\"position\":2,\"name\":\"Shop\",\"item\":\"https:\\\/\\\/tibladin.dk\\\/shop\\\/\"},{\"@type\":\"ListItem\",\"position\":3,\"name\":\"\u00d8kologisk Bodyscrub VERVEINE DU SOIR\"}]},{\"@type\":\"WebSite\",\"@id\":\"https:\\\/\\\/tibladin.dk\\\/#website\",\"url\":\"https:\\\/\\\/tibladin.dk\\\/\",\"name\":\"Tibladin\",\"description\":\"Tibladin\",\"publisher\":{\"@id\":\"https:\\\/\\\/tibladin.dk\\\/#organization\"},\"potentialAction\":[{\"@type\":\"SearchAction\",\"target\":{\"@type\":\"EntryPoint\",\"urlTemplate\":\"https:\\\/\\\/tibladin.dk\\\/?s={search_term_string}\"},\"query-input\":{\"@type\":\"PropertyValueSpecification\",\"valueRequired\":true,\"valueName\":\"search_term_string\"}}],\"inLanguage\":\"nb-NO\"},{\"@type\":\"Organization\",\"@id\":\"https:\\\/\\\/tibladin.dk\\\/#organization\",\"name\":\"Tibladin\",\"url\":\"https:\\\/\\\/tibladin.dk\\\/\",\"logo\":{\"@type\":\"ImageObject\",\"inLanguage\":\"nb-NO\",\"@id\":\"https:\\\/\\\/tibladin.dk\\\/#\\\/schema\\\/logo\\\/image\\\/\",\"url\":\"https:\\\/\\\/tibladin.dk\\\/wp-content\\\/uploads\\\/2022\\\/09\\\/tibladin_logo.svg\",\"contentUrl\":\"https:\\\/\\\/tibladin.dk\\\/wp-content\\\/uploads\\\/2022\\\/09\\\/tibladin_logo.svg\",\"caption\":\"Tibladin\"},\"image\":{\"@id\":\"https:\\\/\\\/tibladin.dk\\\/#\\\/schema\\\/logo\\\/image\\\/\"}}]}<\/script>\n<!-- \/ Yoast SEO plugin. -->","yoast_head_json":{"title":"H\u00e5ndlaget marokkansk sukkerkroppsskrubb","description":"Marokkansk kroppsskrubb med sukker og \u00f8kologisk kokosolje \u2013 kun naturlige ingredienser. Etterlater huden silkemyk og deilig.","robots":{"index":"index","follow":"follow","max-snippet":"max-snippet:-1","max-image-preview":"max-image-preview:large","max-video-preview":"max-video-preview:-1"},"canonical":"https:\/\/tibladin.dk\/nb\/produkt\/oekologisk-kroppsskrubb-verveine-du-soir\/","og_locale":"nb_NO","og_type":"article","og_title":"H\u00e5ndlavet marokkansk sukker bodyscrub","og_description":"Marokkansk Bodyscrub med sukker og \u00f8kologisk kokosolie- kun naturlige ingredienser. Efterlader huden silkebl\u00f8d l\u00e6kker.","og_url":"https:\/\/tibladin.dk\/nb\/produkt\/oekologisk-kroppsskrubb-verveine-du-soir\/","og_site_name":"Tibladin","article_modified_time":"2025-11-05T11:56:15+00:00","og_image":[{"width":800,"height":800,"url":"https:\/\/tibladin.dk\/wp-content\/uploads\/2022\/09\/gommage-verveine_800x800-1.jpg","type":"image\/jpeg"}],"twitter_card":"summary_large_image","twitter_misc":{"Ansl. lesetid":"2 minutter"},"schema":{"@context":"https:\/\/schema.org","@graph":[{"@type":"WebPage","@id":"https:\/\/tibladin.dk\/produkt\/oekologisk-bodyscrub-verveine-du-soir\/","url":"https:\/\/tibladin.dk\/produkt\/oekologisk-bodyscrub-verveine-du-soir\/","name":"H\u00e5ndlaget marokkansk sukkerkroppsskrubb","isPartOf":{"@id":"https:\/\/tibladin.dk\/#website"},"primaryImageOfPage":{"@id":"https:\/\/tibladin.dk\/produkt\/oekologisk-bodyscrub-verveine-du-soir\/#primaryimage"},"image":{"@id":"https:\/\/tibladin.dk\/produkt\/oekologisk-bodyscrub-verveine-du-soir\/#primaryimage"},"thumbnailUrl":"https:\/\/tibladin.dk\/wp-content\/uploads\/2022\/09\/gommage-verveine_800x800-1.jpg","datePublished":"2022-09-20T09:13:16+00:00","dateModified":"2025-11-05T11:56:15+00:00","description":"Marokkansk kroppsskrubb med sukker og \u00f8kologisk kokosolje \u2013 kun naturlige ingredienser. Etterlater huden silkemyk og deilig.","breadcrumb":{"@id":"https:\/\/tibladin.dk\/produkt\/oekologisk-bodyscrub-verveine-du-soir\/#breadcrumb"},"inLanguage":"nb-NO","potentialAction":[{"@type":"ReadAction","target":["https:\/\/tibladin.dk\/produkt\/oekologisk-bodyscrub-verveine-du-soir\/"]}]},{"@type":"ImageObject","inLanguage":"nb-NO","@id":"https:\/\/tibladin.dk\/produkt\/oekologisk-bodyscrub-verveine-du-soir\/#primaryimage","url":"https:\/\/tibladin.dk\/wp-content\/uploads\/2022\/09\/gommage-verveine_800x800-1.jpg","contentUrl":"https:\/\/tibladin.dk\/wp-content\/uploads\/2022\/09\/gommage-verveine_800x800-1.jpg","width":800,"height":800,"caption":"L' Art du bain bodyscrub i verveine du soir variant"},{"@type":"BreadcrumbList","@id":"https:\/\/tibladin.dk\/produkt\/oekologisk-bodyscrub-verveine-du-soir\/#breadcrumb","itemListElement":[{"@type":"ListItem","position":1,"name":"Hjem","item":"https:\/\/tibladin.dk\/"},{"@type":"ListItem","position":2,"name":"Shop","item":"https:\/\/tibladin.dk\/shop\/"},{"@type":"ListItem","position":3,"name":"\u00d8kologisk Bodyscrub VERVEINE DU SOIR"}]},{"@type":"WebSite","@id":"https:\/\/tibladin.dk\/#website","url":"https:\/\/tibladin.dk\/","name":"Tibladin","description":"Tibladin","publisher":{"@id":"https:\/\/tibladin.dk\/#organization"},"potentialAction":[{"@type":"SearchAction","target":{"@type":"EntryPoint","urlTemplate":"https:\/\/tibladin.dk\/?s={search_term_string}"},"query-input":{"@type":"PropertyValueSpecification","valueRequired":true,"valueName":"search_term_string"}}],"inLanguage":"nb-NO"},{"@type":"Organization","@id":"https:\/\/tibladin.dk\/#organization","name":"Tibladin","url":"https:\/\/tibladin.dk\/","logo":{"@type":"ImageObject","inLanguage":"nb-NO","@id":"https:\/\/tibladin.dk\/#\/schema\/logo\/image\/","url":"https:\/\/tibladin.dk\/wp-content\/uploads\/2022\/09\/tibladin_logo.svg","contentUrl":"https:\/\/tibladin.dk\/wp-content\/uploads\/2022\/09\/tibladin_logo.svg","caption":"Tibladin"},"image":{"@id":"https:\/\/tibladin.dk\/#\/schema\/logo\/image\/"}}]}},"_links":{"self":[{"href":"https:\/\/tibladin.dk\/nb\/wp-json\/wp\/v2\/product\/2024","targetHints":{"allow":["GET"]}}],"collection":[{"href":"https:\/\/tibladin.dk\/nb\/wp-json\/wp\/v2\/product"}],"about":[{"href":"https:\/\/tibladin.dk\/nb\/wp-json\/wp\/v2\/types\/product"}],"wp:featuredmedia":[{"embeddable":true,"href":"https:\/\/tibladin.dk\/nb\/wp-json\/wp\/v2\/media\/2023"}],"wp:attachment":[{"href":"https:\/\/tibladin.dk\/nb\/wp-json\/wp\/v2\/media?parent=2024"}],"wp:term":[{"taxonomy":"product_brand","embeddable":true,"href":"https:\/\/tibladin.dk\/nb\/wp-json\/wp\/v2\/product_brand?post=2024"},{"taxonomy":"product_cat","embeddable":true,"href":"https:\/\/tibladin.dk\/nb\/wp-json\/wp\/v2\/product_cat?post=2024"},{"taxonomy":"product_tag","embeddable":true,"href":"https:\/\/tibladin.dk\/nb\/wp-json\/wp\/v2\/product_tag?post=2024"}],"curies":[{"name":"wp","href":"https:\/\/api.w.org\/{rel}","templated":true}]}}