{"id":2027,"date":"2022-09-20T11:13:17","date_gmt":"2022-09-20T09:13:17","guid":{"rendered":"https:\/\/tibladin.dk\/vare\/oekologisk-shampoo-bar-til-normalt-toert-haar\/"},"modified":"2025-07-26T13:44:17","modified_gmt":"2025-07-26T11:44:17","slug":"oekologisk-sjampobar-for-normalt-toert-haar","status":"publish","type":"product","link":"https:\/\/tibladin.dk\/nb\/produkt\/oekologisk-shampoo-bar-til-normalt-toert-haar\/","title":{"rendered":"\u00d8kologisk sjampobar for normalt\/t\u00f8rt h\u00e5r"},"content":{"rendered":"<div class=\"wpb-content-wrapper\"><div class=\"vc_row wpb_row vc_row-fluid\"><div class=\"wpb_column vc_column_container vc_col-sm-4\"><div class=\"vc_column-inner\"><div class=\"wpb_wrapper\"><\/div><\/div><\/div><div class=\"wpb_column vc_column_container vc_col-sm-4\"><div class=\"vc_column-inner\"><div class=\"wpb_wrapper\"><h3 style=\"text-align: left\" class=\"vc_custom_heading vc_do_custom_heading\" >Vedlikehold<\/h3>\n\t<div class=\"wpb_text_column wpb_content_element\" >\n\t\t<div class=\"wpb_wrapper\">\n\t\t\t<p>75 gram<span class=\"Apple-converted-space\">\u00a0<\/span><\/p>\n<p>Skyll h\u00e5ret og gni hendene p\u00e5 sjampobaren. La den skumme opp i hendene og p\u00e5f\u00f8r den i h\u00e5ret. Masser inn i h\u00e5ret og skyll med rent vann.<\/p>\n\n\t\t<\/div>\n\t<\/div>\n<\/div><\/div><\/div><div class=\"wpb_column vc_column_container vc_col-sm-4\"><div class=\"vc_column-inner\"><div class=\"wpb_wrapper\"><h3 style=\"text-align: left\" class=\"vc_custom_heading vc_do_custom_heading\" >Historien bak<\/h3>\n\t<div class=\"wpb_text_column wpb_content_element\" >\n\t\t<div class=\"wpb_wrapper\">\n\t\t\t<p>S\u00e5per fra L&#039;art du bain, som ble laget i Marrakech i 2004 og har blitt produsert i Nante, Frankrike siden 2016.<span class=\"Apple-converted-space\">\u00a0<\/span><\/p>\n<p>Kaldpressede s\u00e5per laget av naturlige ingredienser og epleoljer fra Marokko, formet for h\u00e5nd, \u00e9n etter \u00e9n.<span class=\"Apple-converted-space\">\u00a0En solid s\u00e5pestykke er en god m\u00e5te \u00e5 minimere plastforbruket i hverdagen.<\/span><\/p>\n<p>En omhyggelig h\u00e5ndverksmessig m\u00e5te \u00e5 tilberede s\u00e5per p\u00e5 som gir en sv\u00e6rt fin kvalitet. S\u00e5pene er laget utelukkende av naturlige ingredienser med respekt for milj\u00f8et. Teknikken med \u00e5 lage kaldpressede s\u00e5per betyr at s\u00e5pene beholder den naturlige glyserinen og de naturlige oljene, noe som gir en mer fuktighetsgivende s\u00e5pe.<\/p>\n\n\t\t<\/div>\n\t<\/div>\n<\/div><\/div><\/div><\/div>\n<\/div>","protected":false},"excerpt":{"rendered":"<p>Sjampobar<\/p>\n<p>For normalt\/t\u00f8rt h\u00e5r.<\/p>\n<p>Deilig sjampobar med grapefrukt og mild appelsin. Kommer i en vakker rund metallboks.<\/p>\n<p>En solid sjampo der det ikke er noe avfall. Alt kan brukes, og du hjelper milj\u00f8et ved \u00e5 spare plastflasker til sjampoen din.<\/p>\n<p>Utelukkende naturlige ingredienser, laget av leire og naturlige oljer.<\/p>\n<p>Ingredienser: gul leire, \u00f8kologisk kokosolje, SCI, maisenna, vann, naturlig ren og mild appelsinolje og naturlig ren grapefruktolje.<\/p>","protected":false},"featured_media":2025,"template":"","meta":{"inline_featured_image":false},"product_brand":[],"product_cat":[27,29,103,106],"product_tag":[],"class_list":{"0":"post-2027","1":"product","2":"type-product","3":"status-publish","4":"has-post-thumbnail","6":"product_cat-diverse","7":"product_cat-gaven-til-den-unge-pige","8":"product_cat-personlig-pleje","9":"product_cat-shampoo-bar","11":"first","12":"instock","13":"taxable","14":"shipping-taxable","15":"purchasable","16":"product-type-simple"},"exclude_global_add_ons":false,"addons":[{"name":"\u00d8nsker du gaveinnpakning?","type":"checkbox","position":0,"required":false,"title_format":"label","default":"","description_enable":false,"description":"","placeholder_enable":false,"placeholder":"","display":"images","restrictions_type":"any_text","adjust_price":false,"price":"","price_type":"flat_fee","restrictions":false,"min":"0","max":"0","options":[{"label":"Ja tak","price":"10","price_type":"flat_fee","image":11015,"visibility":true}],"id":1669646111}],"yoast_head":"<!-- This site is optimized with the Yoast SEO plugin v27.4 - https:\/\/yoast.com\/product\/yoast-seo-wordpress\/ -->\n<title>H\u00e5ndlavet marokkansk shampoo bar.<\/title>\n<meta name=\"description\" content=\"Marokkansk shampoo bar til normalt\/t\u00f8rt h\u00e5r. Skib plastikflaskerne og g\u00e5 over til et mere b\u00e6redygtigt alternativ. Ingen spild.\" \/>\n<meta name=\"robots\" content=\"index, follow, max-snippet:-1, max-image-preview:large, max-video-preview:-1\" \/>\n<link rel=\"canonical\" href=\"https:\/\/tibladin.dk\/nb\/produkt\/oekologisk-sjampobar-for-normalt-toert-haar\/\" \/>\n<meta property=\"og:locale\" content=\"nb_NO\" \/>\n<meta property=\"og:type\" content=\"article\" \/>\n<meta property=\"og:title\" content=\"H\u00e5ndlavet marokkansk shampoo bar.\" \/>\n<meta property=\"og:description\" content=\"Marokkansk shampoo bar til normalt\/t\u00f8rt h\u00e5r. Skib plastikflaskerne og g\u00e5 over til et mere b\u00e6redygtigt alternativ. Ingen spild.\" \/>\n<meta property=\"og:url\" content=\"https:\/\/tibladin.dk\/nb\/produkt\/oekologisk-sjampobar-for-normalt-toert-haar\/\" \/>\n<meta property=\"og:site_name\" content=\"Tibladin\" \/>\n<meta property=\"article:modified_time\" content=\"2025-07-26T11:44:17+00:00\" \/>\n<meta property=\"og:image\" content=\"https:\/\/tibladin.dk\/wp-content\/uploads\/2022\/09\/shampoo-jaune_800x800-1.jpg\" \/>\n\t<meta property=\"og:image:width\" content=\"800\" \/>\n\t<meta property=\"og:image:height\" content=\"800\" \/>\n\t<meta property=\"og:image:type\" content=\"image\/jpeg\" \/>\n<meta name=\"twitter:card\" content=\"summary_large_image\" \/>\n<meta name=\"twitter:label1\" content=\"Ansl. lesetid\" \/>\n\t<meta name=\"twitter:data1\" content=\"2 minutter\" \/>\n<script type=\"application\/ld+json\" class=\"yoast-schema-graph\">{\"@context\":\"https:\\\/\\\/schema.org\",\"@graph\":[{\"@type\":\"WebPage\",\"@id\":\"https:\\\/\\\/tibladin.dk\\\/produkt\\\/oekologisk-shampoo-bar-til-normalt-toert-haar\\\/\",\"url\":\"https:\\\/\\\/tibladin.dk\\\/produkt\\\/oekologisk-shampoo-bar-til-normalt-toert-haar\\\/\",\"name\":\"H\u00e5ndlavet marokkansk shampoo bar.\",\"isPartOf\":{\"@id\":\"https:\\\/\\\/tibladin.dk\\\/#website\"},\"primaryImageOfPage\":{\"@id\":\"https:\\\/\\\/tibladin.dk\\\/produkt\\\/oekologisk-shampoo-bar-til-normalt-toert-haar\\\/#primaryimage\"},\"image\":{\"@id\":\"https:\\\/\\\/tibladin.dk\\\/produkt\\\/oekologisk-shampoo-bar-til-normalt-toert-haar\\\/#primaryimage\"},\"thumbnailUrl\":\"https:\\\/\\\/tibladin.dk\\\/wp-content\\\/uploads\\\/2022\\\/09\\\/shampoo-jaune_800x800-1.jpg\",\"datePublished\":\"2022-09-20T09:13:17+00:00\",\"dateModified\":\"2025-07-26T11:44:17+00:00\",\"description\":\"Marokkansk shampoo bar til normalt\\\/t\u00f8rt h\u00e5r. Skib plastikflaskerne og g\u00e5 over til et mere b\u00e6redygtigt alternativ. Ingen spild.\",\"breadcrumb\":{\"@id\":\"https:\\\/\\\/tibladin.dk\\\/produkt\\\/oekologisk-shampoo-bar-til-normalt-toert-haar\\\/#breadcrumb\"},\"inLanguage\":\"nb-NO\",\"potentialAction\":[{\"@type\":\"ReadAction\",\"target\":[\"https:\\\/\\\/tibladin.dk\\\/produkt\\\/oekologisk-shampoo-bar-til-normalt-toert-haar\\\/\"]}]},{\"@type\":\"ImageObject\",\"inLanguage\":\"nb-NO\",\"@id\":\"https:\\\/\\\/tibladin.dk\\\/produkt\\\/oekologisk-shampoo-bar-til-normalt-toert-haar\\\/#primaryimage\",\"url\":\"https:\\\/\\\/tibladin.dk\\\/wp-content\\\/uploads\\\/2022\\\/09\\\/shampoo-jaune_800x800-1.jpg\",\"contentUrl\":\"https:\\\/\\\/tibladin.dk\\\/wp-content\\\/uploads\\\/2022\\\/09\\\/shampoo-jaune_800x800-1.jpg\",\"width\":800,\"height\":800,\"caption\":\"L' Art du bain shamoo bar\"},{\"@type\":\"BreadcrumbList\",\"@id\":\"https:\\\/\\\/tibladin.dk\\\/produkt\\\/oekologisk-shampoo-bar-til-normalt-toert-haar\\\/#breadcrumb\",\"itemListElement\":[{\"@type\":\"ListItem\",\"position\":1,\"name\":\"Hjem\",\"item\":\"https:\\\/\\\/tibladin.dk\\\/\"},{\"@type\":\"ListItem\",\"position\":2,\"name\":\"Shop\",\"item\":\"https:\\\/\\\/tibladin.dk\\\/shop\\\/\"},{\"@type\":\"ListItem\",\"position\":3,\"name\":\"\u00d8kologisk Shampoo bar til normalt\\\/t\u00f8rt h\u00e5r\"}]},{\"@type\":\"WebSite\",\"@id\":\"https:\\\/\\\/tibladin.dk\\\/#website\",\"url\":\"https:\\\/\\\/tibladin.dk\\\/\",\"name\":\"Tibladin\",\"description\":\"Tibladin\",\"publisher\":{\"@id\":\"https:\\\/\\\/tibladin.dk\\\/#organization\"},\"potentialAction\":[{\"@type\":\"SearchAction\",\"target\":{\"@type\":\"EntryPoint\",\"urlTemplate\":\"https:\\\/\\\/tibladin.dk\\\/?s={search_term_string}\"},\"query-input\":{\"@type\":\"PropertyValueSpecification\",\"valueRequired\":true,\"valueName\":\"search_term_string\"}}],\"inLanguage\":\"nb-NO\"},{\"@type\":\"Organization\",\"@id\":\"https:\\\/\\\/tibladin.dk\\\/#organization\",\"name\":\"Tibladin\",\"url\":\"https:\\\/\\\/tibladin.dk\\\/\",\"logo\":{\"@type\":\"ImageObject\",\"inLanguage\":\"nb-NO\",\"@id\":\"https:\\\/\\\/tibladin.dk\\\/#\\\/schema\\\/logo\\\/image\\\/\",\"url\":\"https:\\\/\\\/tibladin.dk\\\/wp-content\\\/uploads\\\/2022\\\/09\\\/tibladin_logo.svg\",\"contentUrl\":\"https:\\\/\\\/tibladin.dk\\\/wp-content\\\/uploads\\\/2022\\\/09\\\/tibladin_logo.svg\",\"caption\":\"Tibladin\"},\"image\":{\"@id\":\"https:\\\/\\\/tibladin.dk\\\/#\\\/schema\\\/logo\\\/image\\\/\"}}]}<\/script>\n<!-- \/ Yoast SEO plugin. -->","yoast_head_json":{"title":"H\u00e5ndlaget marokkansk sjampobar.","description":"Marokkansk sjampobar for normalt\/t\u00f8rt h\u00e5r. Dropp plastflaskene og bytt til et mer b\u00e6rekraftig alternativ. Ikke noe avfall.","robots":{"index":"index","follow":"follow","max-snippet":"max-snippet:-1","max-image-preview":"max-image-preview:large","max-video-preview":"max-video-preview:-1"},"canonical":"https:\/\/tibladin.dk\/nb\/produkt\/oekologisk-sjampobar-for-normalt-toert-haar\/","og_locale":"nb_NO","og_type":"article","og_title":"H\u00e5ndlavet marokkansk shampoo bar.","og_description":"Marokkansk shampoo bar til normalt\/t\u00f8rt h\u00e5r. Skib plastikflaskerne og g\u00e5 over til et mere b\u00e6redygtigt alternativ. Ingen spild.","og_url":"https:\/\/tibladin.dk\/nb\/produkt\/oekologisk-sjampobar-for-normalt-toert-haar\/","og_site_name":"Tibladin","article_modified_time":"2025-07-26T11:44:17+00:00","og_image":[{"width":800,"height":800,"url":"https:\/\/tibladin.dk\/wp-content\/uploads\/2022\/09\/shampoo-jaune_800x800-1.jpg","type":"image\/jpeg"}],"twitter_card":"summary_large_image","twitter_misc":{"Ansl. lesetid":"2 minutter"},"schema":{"@context":"https:\/\/schema.org","@graph":[{"@type":"WebPage","@id":"https:\/\/tibladin.dk\/produkt\/oekologisk-shampoo-bar-til-normalt-toert-haar\/","url":"https:\/\/tibladin.dk\/produkt\/oekologisk-shampoo-bar-til-normalt-toert-haar\/","name":"H\u00e5ndlaget marokkansk sjampobar.","isPartOf":{"@id":"https:\/\/tibladin.dk\/#website"},"primaryImageOfPage":{"@id":"https:\/\/tibladin.dk\/produkt\/oekologisk-shampoo-bar-til-normalt-toert-haar\/#primaryimage"},"image":{"@id":"https:\/\/tibladin.dk\/produkt\/oekologisk-shampoo-bar-til-normalt-toert-haar\/#primaryimage"},"thumbnailUrl":"https:\/\/tibladin.dk\/wp-content\/uploads\/2022\/09\/shampoo-jaune_800x800-1.jpg","datePublished":"2022-09-20T09:13:17+00:00","dateModified":"2025-07-26T11:44:17+00:00","description":"Marokkansk sjampobar for normalt\/t\u00f8rt h\u00e5r. Dropp plastflaskene og bytt til et mer b\u00e6rekraftig alternativ. Ikke noe avfall.","breadcrumb":{"@id":"https:\/\/tibladin.dk\/produkt\/oekologisk-shampoo-bar-til-normalt-toert-haar\/#breadcrumb"},"inLanguage":"nb-NO","potentialAction":[{"@type":"ReadAction","target":["https:\/\/tibladin.dk\/produkt\/oekologisk-shampoo-bar-til-normalt-toert-haar\/"]}]},{"@type":"ImageObject","inLanguage":"nb-NO","@id":"https:\/\/tibladin.dk\/produkt\/oekologisk-shampoo-bar-til-normalt-toert-haar\/#primaryimage","url":"https:\/\/tibladin.dk\/wp-content\/uploads\/2022\/09\/shampoo-jaune_800x800-1.jpg","contentUrl":"https:\/\/tibladin.dk\/wp-content\/uploads\/2022\/09\/shampoo-jaune_800x800-1.jpg","width":800,"height":800,"caption":"L' Art du bain shamoo bar"},{"@type":"BreadcrumbList","@id":"https:\/\/tibladin.dk\/produkt\/oekologisk-shampoo-bar-til-normalt-toert-haar\/#breadcrumb","itemListElement":[{"@type":"ListItem","position":1,"name":"Hjem","item":"https:\/\/tibladin.dk\/"},{"@type":"ListItem","position":2,"name":"Shop","item":"https:\/\/tibladin.dk\/shop\/"},{"@type":"ListItem","position":3,"name":"\u00d8kologisk Shampoo bar til normalt\/t\u00f8rt h\u00e5r"}]},{"@type":"WebSite","@id":"https:\/\/tibladin.dk\/#website","url":"https:\/\/tibladin.dk\/","name":"Tibladin","description":"Tibladin","publisher":{"@id":"https:\/\/tibladin.dk\/#organization"},"potentialAction":[{"@type":"SearchAction","target":{"@type":"EntryPoint","urlTemplate":"https:\/\/tibladin.dk\/?s={search_term_string}"},"query-input":{"@type":"PropertyValueSpecification","valueRequired":true,"valueName":"search_term_string"}}],"inLanguage":"nb-NO"},{"@type":"Organization","@id":"https:\/\/tibladin.dk\/#organization","name":"Tibladin","url":"https:\/\/tibladin.dk\/","logo":{"@type":"ImageObject","inLanguage":"nb-NO","@id":"https:\/\/tibladin.dk\/#\/schema\/logo\/image\/","url":"https:\/\/tibladin.dk\/wp-content\/uploads\/2022\/09\/tibladin_logo.svg","contentUrl":"https:\/\/tibladin.dk\/wp-content\/uploads\/2022\/09\/tibladin_logo.svg","caption":"Tibladin"},"image":{"@id":"https:\/\/tibladin.dk\/#\/schema\/logo\/image\/"}}]}},"_links":{"self":[{"href":"https:\/\/tibladin.dk\/nb\/wp-json\/wp\/v2\/product\/2027","targetHints":{"allow":["GET"]}}],"collection":[{"href":"https:\/\/tibladin.dk\/nb\/wp-json\/wp\/v2\/product"}],"about":[{"href":"https:\/\/tibladin.dk\/nb\/wp-json\/wp\/v2\/types\/product"}],"wp:featuredmedia":[{"embeddable":true,"href":"https:\/\/tibladin.dk\/nb\/wp-json\/wp\/v2\/media\/2025"}],"wp:attachment":[{"href":"https:\/\/tibladin.dk\/nb\/wp-json\/wp\/v2\/media?parent=2027"}],"wp:term":[{"taxonomy":"product_brand","embeddable":true,"href":"https:\/\/tibladin.dk\/nb\/wp-json\/wp\/v2\/product_brand?post=2027"},{"taxonomy":"product_cat","embeddable":true,"href":"https:\/\/tibladin.dk\/nb\/wp-json\/wp\/v2\/product_cat?post=2027"},{"taxonomy":"product_tag","embeddable":true,"href":"https:\/\/tibladin.dk\/nb\/wp-json\/wp\/v2\/product_tag?post=2027"}],"curies":[{"name":"wp","href":"https:\/\/api.w.org\/{rel}","templated":true}]}}