{"id":2055,"date":"2022-09-20T11:13:29","date_gmt":"2022-09-20T09:13:29","guid":{"rendered":"https:\/\/tibladin.dk\/?post_type=product&#038;p=2055"},"modified":"2026-04-02T12:40:26","modified_gmt":"2026-04-02T10:40:26","slug":"marokkanske-toefler-sko-moerkebrune-herre","status":"publish","type":"product","link":"https:\/\/tibladin.dk\/nb\/produkt\/marokkanske-slippers-sko-moerkebrun-herre\/","title":{"rendered":"Herresko\/t\u00f8fler \u2013 m\u00f8rkebrun"},"content":{"rendered":"<div class=\"wpb-content-wrapper\"><div class=\"vc_row wpb_row vc_row-fluid\"><div class=\"wpb_column vc_column_container vc_col-sm-4\"><div class=\"vc_column-inner\"><div class=\"wpb_wrapper\"><\/div><\/div><\/div><div class=\"wpb_column vc_column_container vc_col-sm-4\"><div class=\"vc_column-inner\"><div class=\"wpb_wrapper\"><h3 style=\"text-align: left\" class=\"vc_custom_heading vc_do_custom_heading\" >Vedlikehold<\/h3>\n\t<div class=\"wpb_text_column wpb_content_element\" >\n\t\t<div class=\"wpb_wrapper\">\n\t\t\t<p>Siden Barbouche-t\u00f8flene v\u00e5re er laget utelukkende av skinn, er de sv\u00e6rt slitesterke og vil utvikle en naturlig patina over tid. Du kan velge \u00e5 gi dem et lag med skinnfett fra tid til annen. V\u00e6r oppmerksom p\u00e5 at fargen kan endre seg noe hvis de utsettes for vann, slik tilfellet er med alle skinnmaterialer.<\/p>\n<p>St\u00f8rrelsesguide herre ca. m\u00e5l:<\/p>\n<p>43<span class=\"Apple-converted-space\">\u00a0 <\/span>L:27 cm<\/p>\n<p>44<span class=\"Apple-converted-space\">\u00a0 <\/span>L: 27,7 cm.<\/p>\n<p>45<span class=\"Apple-converted-space\">\u00a0 <\/span>L: 28,5 cm<\/p>\n<p>46<span class=\"Apple-converted-space\">\u00a0 <\/span>Lengde: 29 cm.<\/p>\n<p>47<span class=\"Apple-converted-space\">\u00a0 <\/span>Lengde: 30 cm.<\/p>\n<p>48 L: 30,7 cm.<\/p>\n\n\t\t<\/div>\n\t<\/div>\n<\/div><\/div><\/div><div class=\"wpb_column vc_column_container vc_col-sm-4\"><div class=\"vc_column-inner\"><div class=\"wpb_wrapper\"><h3 style=\"text-align: left\" class=\"vc_custom_heading vc_do_custom_heading\" >Historien bak<\/h3>\n\t<div class=\"wpb_text_column wpb_content_element\" >\n\t\t<div class=\"wpb_wrapper\">\n\t\t\t<p><i>T\u00f8fler\u00a0<\/i>er klassiske marokkanske t\u00f8fler.<\/p>\n<p>De er h\u00e5ndlaget p\u00e5 tradisjonell m\u00e5te i Marokko. Alle i geiteskinn, slik at de f\u00f8les silkemyke mot f\u00f8ttene. Med sine mange forskjellige farger og m\u00f8nstre kan de innlemmes i de fleste antrekk og gi et deilig preg av bohemsk stil til et skandinavisk utseende. I Marokko brukes de b\u00e5de innend\u00f8rs og utend\u00f8rs, og bare vent, s\u00e5 snart du tar disse deilige t\u00f8flene p\u00e5 f\u00f8ttene, vil du ikke ha p\u00e5 deg noe annet.<\/p>\n\n\t\t<\/div>\n\t<\/div>\n<\/div><\/div><\/div><\/div>\n<\/div>","protected":false},"excerpt":{"rendered":"<ul>\n<li>Nydelige m\u00f8rkebrune t\u00f8fler\/sko med fast gummis\u00e5le. Etter at du har brukt t\u00f8flene en stund, blir geiteskinnet og gummis\u00e5len myke som sm\u00f8r og mugner etter foten.<\/li>\n<li>Den faste s\u00e5len gj\u00f8r at du enkelt kan bruke disse t\u00f8flene\/skoene til \u00e5 g\u00e5 utend\u00f8rs i. Eller hvis du rett og slett foretrekker et par t\u00f8fler som gir deg mer st\u00f8tte og fasthet, s\u00e5 er dette den du b\u00f8r velge.<\/li>\n<li>Det er sm\u00e5, fine merker i l\u00e6ret som gir det et eksklusivt utseende.<\/li>\n<li>I Marokko kalles disse t\u00f8fler.<em>\u00a0t\u00f8fler. <\/em>De er h\u00e5ndlaget i det mykeste geiteskinnet og vil former seg etter foten din.<\/li>\n<\/ul>\n<p>I st\u00f8rrelsene 43, 44, 45, 46, 47 og 48.<\/p>\n<p><strong>Om n\u00f8dvendig, ta en st\u00f8rrelse st\u00f8rre enn du vanligvis bruker, da de kan v\u00e6re litt sm\u00e5 i st\u00f8rrelsen.<\/strong><\/p>","protected":false},"featured_media":2114,"template":"","meta":{"inline_featured_image":false},"product_brand":[],"product_cat":[47,79,81],"product_tag":[],"class_list":{"0":"post-2055","1":"product","2":"type-product","3":"status-publish","4":"has-post-thumbnail","6":"product_cat-gaven-til-ham","7":"product_cat-slippers","8":"product_cat-herre","10":"first","11":"instock","12":"taxable","13":"shipping-taxable","14":"purchasable","15":"product-type-variable"},"exclude_global_add_ons":false,"addons":[{"name":"\u00d8nsker du gaveinnpakning?","type":"checkbox","position":0,"required":false,"title_format":"label","default":"","description_enable":false,"description":"","placeholder_enable":false,"placeholder":"","display":"images","restrictions_type":"any_text","adjust_price":false,"price":"","price_type":"flat_fee","restrictions":false,"min":"0","max":"0","options":[{"label":"Ja tak","price":"10","price_type":"flat_fee","image":11015,"visibility":true}],"id":1669646111}],"yoast_head":"<!-- This site is optimized with the Yoast SEO plugin v27.4 - https:\/\/yoast.com\/product\/yoast-seo-wordpress\/ -->\n<title>Slippers herre | Behagelige sko i l\u00e6der | K\u00f8b nu hos Tibladin<\/title>\n<meta name=\"description\" content=\"Klassiske marokkanske slippers lavet i silkebl\u00f8dt gedel\u00e6der. De f\u00e5s i seks forskellige farver til herrer. Disse sko vil holde i \u00e5revis.\" \/>\n<meta name=\"robots\" content=\"index, follow, max-snippet:-1, max-image-preview:large, max-video-preview:-1\" \/>\n<link rel=\"canonical\" href=\"https:\/\/tibladin.dk\/nb\/produkt\/marokkanske-toefler-sko-moerkebrune-herre\/\" \/>\n<meta property=\"og:locale\" content=\"nb_NO\" \/>\n<meta property=\"og:type\" content=\"article\" \/>\n<meta property=\"og:title\" content=\"Slippers herre | Behagelige sko i l\u00e6der | K\u00f8b nu hos Tibladin\" \/>\n<meta property=\"og:description\" content=\"Klassiske marokkanske slippers lavet i silkebl\u00f8dt gedel\u00e6der. De f\u00e5s i seks forskellige farver til herrer. Disse sko vil holde i \u00e5revis.\" \/>\n<meta property=\"og:url\" content=\"https:\/\/tibladin.dk\/nb\/produkt\/marokkanske-toefler-sko-moerkebrune-herre\/\" \/>\n<meta property=\"og:site_name\" content=\"Tibladin\" \/>\n<meta property=\"article:modified_time\" content=\"2026-04-02T10:40:26+00:00\" \/>\n<meta property=\"og:image\" content=\"https:\/\/tibladin.dk\/wp-content\/uploads\/2022\/09\/Herre-slippers-brun-med-saal-1.png\" \/>\n\t<meta property=\"og:image:width\" content=\"800\" \/>\n\t<meta property=\"og:image:height\" content=\"800\" \/>\n\t<meta property=\"og:image:type\" content=\"image\/png\" \/>\n<meta name=\"twitter:card\" content=\"summary_large_image\" \/>\n<meta name=\"twitter:label1\" content=\"Ansl. lesetid\" \/>\n\t<meta name=\"twitter:data1\" content=\"2 minutter\" \/>\n<script type=\"application\/ld+json\" class=\"yoast-schema-graph\">{\"@context\":\"https:\\\/\\\/schema.org\",\"@graph\":[{\"@type\":\"WebPage\",\"@id\":\"https:\\\/\\\/tibladin.dk\\\/produkt\\\/marokkanske-slippers-sko-moerkebrun-herre\\\/\",\"url\":\"https:\\\/\\\/tibladin.dk\\\/produkt\\\/marokkanske-slippers-sko-moerkebrun-herre\\\/\",\"name\":\"Slippers herre | Behagelige sko i l\u00e6der | K\u00f8b nu hos Tibladin\",\"isPartOf\":{\"@id\":\"https:\\\/\\\/tibladin.dk\\\/#website\"},\"primaryImageOfPage\":{\"@id\":\"https:\\\/\\\/tibladin.dk\\\/produkt\\\/marokkanske-slippers-sko-moerkebrun-herre\\\/#primaryimage\"},\"image\":{\"@id\":\"https:\\\/\\\/tibladin.dk\\\/produkt\\\/marokkanske-slippers-sko-moerkebrun-herre\\\/#primaryimage\"},\"thumbnailUrl\":\"https:\\\/\\\/tibladin.dk\\\/wp-content\\\/uploads\\\/2022\\\/09\\\/Herre-slippers-brun-med-saal-1.png\",\"datePublished\":\"2022-09-20T09:13:29+00:00\",\"dateModified\":\"2026-04-02T10:40:26+00:00\",\"description\":\"Klassiske marokkanske slippers lavet i silkebl\u00f8dt gedel\u00e6der. De f\u00e5s i seks forskellige farver til herrer. Disse sko vil holde i \u00e5revis.\",\"breadcrumb\":{\"@id\":\"https:\\\/\\\/tibladin.dk\\\/produkt\\\/marokkanske-slippers-sko-moerkebrun-herre\\\/#breadcrumb\"},\"inLanguage\":\"nb-NO\",\"potentialAction\":[{\"@type\":\"ReadAction\",\"target\":[\"https:\\\/\\\/tibladin.dk\\\/produkt\\\/marokkanske-slippers-sko-moerkebrun-herre\\\/\"]}]},{\"@type\":\"ImageObject\",\"inLanguage\":\"nb-NO\",\"@id\":\"https:\\\/\\\/tibladin.dk\\\/produkt\\\/marokkanske-slippers-sko-moerkebrun-herre\\\/#primaryimage\",\"url\":\"https:\\\/\\\/tibladin.dk\\\/wp-content\\\/uploads\\\/2022\\\/09\\\/Herre-slippers-brun-med-saal-1.png\",\"contentUrl\":\"https:\\\/\\\/tibladin.dk\\\/wp-content\\\/uploads\\\/2022\\\/09\\\/Herre-slippers-brun-med-saal-1.png\",\"width\":800,\"height\":800,\"caption\":\"Marokkanske h\u00e5ndlavede hjemmesko i m\u00f8rkebrun, forfra\"},{\"@type\":\"BreadcrumbList\",\"@id\":\"https:\\\/\\\/tibladin.dk\\\/produkt\\\/marokkanske-slippers-sko-moerkebrun-herre\\\/#breadcrumb\",\"itemListElement\":[{\"@type\":\"ListItem\",\"position\":1,\"name\":\"Hjem\",\"item\":\"https:\\\/\\\/tibladin.dk\\\/\"},{\"@type\":\"ListItem\",\"position\":2,\"name\":\"Shop\",\"item\":\"https:\\\/\\\/tibladin.dk\\\/shop\\\/\"},{\"@type\":\"ListItem\",\"position\":3,\"name\":\"Slippers\\\/sko herre &#8211; m\u00f8rkebrun\"}]},{\"@type\":\"WebSite\",\"@id\":\"https:\\\/\\\/tibladin.dk\\\/#website\",\"url\":\"https:\\\/\\\/tibladin.dk\\\/\",\"name\":\"Tibladin\",\"description\":\"Tibladin\",\"publisher\":{\"@id\":\"https:\\\/\\\/tibladin.dk\\\/#organization\"},\"potentialAction\":[{\"@type\":\"SearchAction\",\"target\":{\"@type\":\"EntryPoint\",\"urlTemplate\":\"https:\\\/\\\/tibladin.dk\\\/?s={search_term_string}\"},\"query-input\":{\"@type\":\"PropertyValueSpecification\",\"valueRequired\":true,\"valueName\":\"search_term_string\"}}],\"inLanguage\":\"nb-NO\"},{\"@type\":\"Organization\",\"@id\":\"https:\\\/\\\/tibladin.dk\\\/#organization\",\"name\":\"Tibladin\",\"url\":\"https:\\\/\\\/tibladin.dk\\\/\",\"logo\":{\"@type\":\"ImageObject\",\"inLanguage\":\"nb-NO\",\"@id\":\"https:\\\/\\\/tibladin.dk\\\/#\\\/schema\\\/logo\\\/image\\\/\",\"url\":\"https:\\\/\\\/tibladin.dk\\\/wp-content\\\/uploads\\\/2022\\\/09\\\/tibladin_logo.svg\",\"contentUrl\":\"https:\\\/\\\/tibladin.dk\\\/wp-content\\\/uploads\\\/2022\\\/09\\\/tibladin_logo.svg\",\"caption\":\"Tibladin\"},\"image\":{\"@id\":\"https:\\\/\\\/tibladin.dk\\\/#\\\/schema\\\/logo\\\/image\\\/\"}}]}<\/script>\n<!-- \/ Yoast SEO plugin. -->","yoast_head_json":{"title":"Herret\u00f8fler | Komfortable skinnsko | Kj\u00f8p n\u00e5 hos Tibladin","description":"Klassiske marokkanske t\u00f8fler laget av silkemykt geiteskinn. Finnes i seks forskjellige farger for menn. Disse skoene vil vare i \u00e5revis.","robots":{"index":"index","follow":"follow","max-snippet":"max-snippet:-1","max-image-preview":"max-image-preview:large","max-video-preview":"max-video-preview:-1"},"canonical":"https:\/\/tibladin.dk\/nb\/produkt\/marokkanske-toefler-sko-moerkebrune-herre\/","og_locale":"nb_NO","og_type":"article","og_title":"Slippers herre | Behagelige sko i l\u00e6der | K\u00f8b nu hos Tibladin","og_description":"Klassiske marokkanske slippers lavet i silkebl\u00f8dt gedel\u00e6der. De f\u00e5s i seks forskellige farver til herrer. Disse sko vil holde i \u00e5revis.","og_url":"https:\/\/tibladin.dk\/nb\/produkt\/marokkanske-toefler-sko-moerkebrune-herre\/","og_site_name":"Tibladin","article_modified_time":"2026-04-02T10:40:26+00:00","og_image":[{"width":800,"height":800,"url":"https:\/\/tibladin.dk\/wp-content\/uploads\/2022\/09\/Herre-slippers-brun-med-saal-1.png","type":"image\/png"}],"twitter_card":"summary_large_image","twitter_misc":{"Ansl. lesetid":"2 minutter"},"schema":{"@context":"https:\/\/schema.org","@graph":[{"@type":"WebPage","@id":"https:\/\/tibladin.dk\/produkt\/marokkanske-slippers-sko-moerkebrun-herre\/","url":"https:\/\/tibladin.dk\/produkt\/marokkanske-slippers-sko-moerkebrun-herre\/","name":"Herret\u00f8fler | Komfortable skinnsko | Kj\u00f8p n\u00e5 hos Tibladin","isPartOf":{"@id":"https:\/\/tibladin.dk\/#website"},"primaryImageOfPage":{"@id":"https:\/\/tibladin.dk\/produkt\/marokkanske-slippers-sko-moerkebrun-herre\/#primaryimage"},"image":{"@id":"https:\/\/tibladin.dk\/produkt\/marokkanske-slippers-sko-moerkebrun-herre\/#primaryimage"},"thumbnailUrl":"https:\/\/tibladin.dk\/wp-content\/uploads\/2022\/09\/Herre-slippers-brun-med-saal-1.png","datePublished":"2022-09-20T09:13:29+00:00","dateModified":"2026-04-02T10:40:26+00:00","description":"Klassiske marokkanske t\u00f8fler laget av silkemykt geiteskinn. Finnes i seks forskjellige farger for menn. Disse skoene vil vare i \u00e5revis.","breadcrumb":{"@id":"https:\/\/tibladin.dk\/produkt\/marokkanske-slippers-sko-moerkebrun-herre\/#breadcrumb"},"inLanguage":"nb-NO","potentialAction":[{"@type":"ReadAction","target":["https:\/\/tibladin.dk\/produkt\/marokkanske-slippers-sko-moerkebrun-herre\/"]}]},{"@type":"ImageObject","inLanguage":"nb-NO","@id":"https:\/\/tibladin.dk\/produkt\/marokkanske-slippers-sko-moerkebrun-herre\/#primaryimage","url":"https:\/\/tibladin.dk\/wp-content\/uploads\/2022\/09\/Herre-slippers-brun-med-saal-1.png","contentUrl":"https:\/\/tibladin.dk\/wp-content\/uploads\/2022\/09\/Herre-slippers-brun-med-saal-1.png","width":800,"height":800,"caption":"Marokkanske h\u00e5ndlavede hjemmesko i m\u00f8rkebrun, forfra"},{"@type":"BreadcrumbList","@id":"https:\/\/tibladin.dk\/produkt\/marokkanske-slippers-sko-moerkebrun-herre\/#breadcrumb","itemListElement":[{"@type":"ListItem","position":1,"name":"Hjem","item":"https:\/\/tibladin.dk\/"},{"@type":"ListItem","position":2,"name":"Shop","item":"https:\/\/tibladin.dk\/shop\/"},{"@type":"ListItem","position":3,"name":"Slippers\/sko herre &#8211; m\u00f8rkebrun"}]},{"@type":"WebSite","@id":"https:\/\/tibladin.dk\/#website","url":"https:\/\/tibladin.dk\/","name":"Tibladin","description":"Tibladin","publisher":{"@id":"https:\/\/tibladin.dk\/#organization"},"potentialAction":[{"@type":"SearchAction","target":{"@type":"EntryPoint","urlTemplate":"https:\/\/tibladin.dk\/?s={search_term_string}"},"query-input":{"@type":"PropertyValueSpecification","valueRequired":true,"valueName":"search_term_string"}}],"inLanguage":"nb-NO"},{"@type":"Organization","@id":"https:\/\/tibladin.dk\/#organization","name":"Tibladin","url":"https:\/\/tibladin.dk\/","logo":{"@type":"ImageObject","inLanguage":"nb-NO","@id":"https:\/\/tibladin.dk\/#\/schema\/logo\/image\/","url":"https:\/\/tibladin.dk\/wp-content\/uploads\/2022\/09\/tibladin_logo.svg","contentUrl":"https:\/\/tibladin.dk\/wp-content\/uploads\/2022\/09\/tibladin_logo.svg","caption":"Tibladin"},"image":{"@id":"https:\/\/tibladin.dk\/#\/schema\/logo\/image\/"}}]}},"_links":{"self":[{"href":"https:\/\/tibladin.dk\/nb\/wp-json\/wp\/v2\/product\/2055","targetHints":{"allow":["GET"]}}],"collection":[{"href":"https:\/\/tibladin.dk\/nb\/wp-json\/wp\/v2\/product"}],"about":[{"href":"https:\/\/tibladin.dk\/nb\/wp-json\/wp\/v2\/types\/product"}],"wp:featuredmedia":[{"embeddable":true,"href":"https:\/\/tibladin.dk\/nb\/wp-json\/wp\/v2\/media\/2114"}],"wp:attachment":[{"href":"https:\/\/tibladin.dk\/nb\/wp-json\/wp\/v2\/media?parent=2055"}],"wp:term":[{"taxonomy":"product_brand","embeddable":true,"href":"https:\/\/tibladin.dk\/nb\/wp-json\/wp\/v2\/product_brand?post=2055"},{"taxonomy":"product_cat","embeddable":true,"href":"https:\/\/tibladin.dk\/nb\/wp-json\/wp\/v2\/product_cat?post=2055"},{"taxonomy":"product_tag","embeddable":true,"href":"https:\/\/tibladin.dk\/nb\/wp-json\/wp\/v2\/product_tag?post=2055"}],"curies":[{"name":"wp","href":"https:\/\/api.w.org\/{rel}","templated":true}]}}