{"id":2090,"date":"2022-09-20T11:13:42","date_gmt":"2022-09-20T09:13:42","guid":{"rendered":"https:\/\/tibladin.dk\/vare\/marokkansk-boucherouite-taeppe-palette-96x260\/"},"modified":"2025-05-03T18:43:00","modified_gmt":"2025-05-03T16:43:00","slug":"marokkansk-boucherouite-teppepalett-96x260","status":"publish","type":"product","link":"https:\/\/tibladin.dk\/nb\/produkt\/marokkansk-boucherouite-taeppe-palette-96x260\/","title":{"rendered":"Marokkansk Boucherouite-teppe \u2013 PALETTE 96\u00d7260"},"content":{"rendered":"<div class=\"wpb-content-wrapper\"><div class=\"vc_row wpb_row vc_row-fluid\"><div class=\"wpb_column vc_column_container vc_col-sm-4\"><div class=\"vc_column-inner\"><div class=\"wpb_wrapper\"><\/div><\/div><\/div><div class=\"wpb_column vc_column_container vc_col-sm-4\"><div class=\"vc_column-inner\"><div class=\"wpb_wrapper\"><h3 style=\"text-align: left\" class=\"vc_custom_heading vc_do_custom_heading\" >Vedlikehold<\/h3>\n\t<div class=\"wpb_text_column wpb_content_element\" >\n\t\t<div class=\"wpb_wrapper\">\n\t\t\t<p>St\u00f8vsug teppet regelmessig og ta det ut og rist det av og til. Flekker kan fjernes ved \u00e5 bl\u00f8tlegge flekken med en klut s\u00e5 snart som mulig og deretter duppe flekken med en fuktig klut. Teppet er laget av stoffrester av forskjellige materialer.<\/p>\n\n\t\t<\/div>\n\t<\/div>\n<\/div><\/div><\/div><div class=\"wpb_column vc_column_container vc_col-sm-4\"><div class=\"vc_column-inner\"><div class=\"wpb_wrapper\"><h3 style=\"text-align: left\" class=\"vc_custom_heading vc_do_custom_heading\" >Historien bak<\/h3>\n\t<div class=\"wpb_text_column wpb_content_element\" >\n\t\t<div class=\"wpb_wrapper\">\n\t\t\t<p>Tepper dekorerer, gir hygge og varme og er ogs\u00e5 st\u00f8ydempende.<\/p>\n<p>Boucherouite-tepper er vevd av klesrester og tekstilrester, og berberkvinnene gir dem et nytt liv i et kunstnerisk teppe. Alle tepper er unike og sm\u00e5 kunstverk i seg selv. Navnet Boucherouite kommer fra Bouts de chiffons, som betyr stoffrester. Mange typer materialer brukes i et Boucherouite-teppe: bomull, nylon, ull, blonder, tyll osv.<span class=\"Apple-converted-space\">\u00a0 <\/span>Hvert stoffstykke er festet stykke for stykke med en spesiell teknikk. Denne teknikken g\u00e5r i arv fra mor til datter gjennom generasjoner. Det karakteristiske ved Boucherouite-tepper er at de er fargerike og stimulerer sinnet. De gir et varmt og fargerikt preg til interi\u00f8ret og har blitt sv\u00e6rt popul\u00e6re blant interi\u00f8rentusiaster over hele verden. Den vanligste st\u00f8rrelsen er ca. 100\u00d7170 cm. De mindre teppene brukes ogs\u00e5 som veggdekorasjoner med\/eller uten ramme.<span class=\"Apple-converted-space\">\u00a0<\/span><\/p>\n<p>Utforsk Boucherouite-teppene hos Tibladin og finn din favoritt!<\/p>\n\n\t\t<\/div>\n\t<\/div>\n<\/div><\/div><\/div><\/div>\n<\/div>","protected":false},"excerpt":{"rendered":"<p>Boucherouite-teppet PALETTE m\u00e5ler 96\u00d7260. Dette teppet er perfekt i en gang eller for \u00e5 bryte opp et bart gulv, for eksempel mellom kj\u00f8kkenet og familierommet\/stuen.<\/p>\n<p>Teppet for de modige! Hvis du t\u00f8r \u00e5 g\u00e5 amok med fargene og overraske i interi\u00f8rdesignet ditt, er dette teppet perfekt. Det er en s\u00e5 sterk opplevelse og er etter min mening et av de vakreste teppene.<\/p>\n<p>Finn et element i interi\u00f8rdesignet ditt som matcher en av fargetonene i teppet og skap sammenheng i interi\u00f8rdesignet.<\/p>\n<p>Sjarmen med Boucherouite-tepper er de sm\u00e5 ujevnhetene og de ujevne kantene. Det er umulig \u00e5 finne to Boucherouite-tepper som er like.<\/p>\n<p>B\u00e6rekraftige tepper, h\u00e5ndlaget av kles- og stoffrester. Kjennetegnet til Boucherouite-tepper er at de er fargerike og tankevekkende. De gir et varmt og fargerikt preg til interi\u00f8ret og har blitt sv\u00e6rt popul\u00e6re blant interi\u00f8rentusiaster over hele verden.<\/p>\n<p>Utforsk Boucherouite-teppene hos Tibladin og finn din favoritt!<\/p>\n<p>&nbsp;<\/p>","protected":false},"featured_media":2085,"template":"","meta":{"inline_featured_image":false},"product_brand":[],"product_cat":[94,59],"product_tag":[],"class_list":{"0":"post-2090","1":"product","2":"type-product","3":"status-publish","4":"has-post-thumbnail","6":"product_cat-boucherouite","7":"product_cat-marokkanske-taepper","9":"first","10":"instock","11":"sold-individually","12":"taxable","13":"shipping-taxable","14":"purchasable","15":"product-type-simple"},"exclude_global_add_ons":[],"addons":[],"yoast_head":"<!-- This site is optimized with the Yoast SEO plugin v27.5 - https:\/\/yoast.com\/product\/yoast-seo-wordpress\/ -->\n<title>Marokkansk Boucherouite t\u00e6ppe - PALETTE 96x260- Tibladin<\/title>\n<meta name=\"description\" content=\"H\u00e5ndv\u00e6vet marokkansk Boucherouite t\u00e6ppe. Det b\u00e6redygtige t\u00e6ppe, h\u00e5ndlavet af stofrester der f\u00e5r et nyt liv i et kunstnerisk unika t\u00e6ppe.\" \/>\n<meta name=\"robots\" content=\"index, follow, max-snippet:-1, max-image-preview:large, max-video-preview:-1\" \/>\n<link rel=\"canonical\" href=\"https:\/\/tibladin.dk\/nb\/produkt\/marokkansk-boucherouite-teppepalett-96x260\/\" \/>\n<meta property=\"og:locale\" content=\"nb_NO\" \/>\n<meta property=\"og:type\" content=\"article\" \/>\n<meta property=\"og:title\" content=\"Marokkansk Boucherouite t\u00e6ppe - PALETTE 96x260- Tibladin\" \/>\n<meta property=\"og:description\" content=\"H\u00e5ndv\u00e6vet marokkansk Boucherouite t\u00e6ppe. Det b\u00e6redygtige t\u00e6ppe, h\u00e5ndlavet af stofrester der f\u00e5r et nyt liv i et kunstnerisk unika t\u00e6ppe.\" \/>\n<meta property=\"og:url\" content=\"https:\/\/tibladin.dk\/nb\/produkt\/marokkansk-boucherouite-teppepalett-96x260\/\" \/>\n<meta property=\"og:site_name\" content=\"Tibladin\" \/>\n<meta property=\"article:modified_time\" content=\"2025-05-03T16:43:00+00:00\" \/>\n<meta property=\"og:image\" content=\"https:\/\/tibladin.dk\/wp-content\/uploads\/2022\/09\/Tibladin_Palette-1.jpg\" \/>\n\t<meta property=\"og:image:width\" content=\"800\" \/>\n\t<meta property=\"og:image:height\" content=\"800\" \/>\n\t<meta property=\"og:image:type\" content=\"image\/jpeg\" \/>\n<meta name=\"twitter:card\" content=\"summary_large_image\" \/>\n<meta name=\"twitter:label1\" content=\"Ansl. lesetid\" \/>\n\t<meta name=\"twitter:data1\" content=\"2 minutter\" \/>\n<script type=\"application\/ld+json\" class=\"yoast-schema-graph\">{\"@context\":\"https:\\\/\\\/schema.org\",\"@graph\":[{\"@type\":\"WebPage\",\"@id\":\"https:\\\/\\\/tibladin.dk\\\/produkt\\\/marokkansk-boucherouite-taeppe-palette-96x260\\\/\",\"url\":\"https:\\\/\\\/tibladin.dk\\\/produkt\\\/marokkansk-boucherouite-taeppe-palette-96x260\\\/\",\"name\":\"Marokkansk Boucherouite t\u00e6ppe - PALETTE 96x260- Tibladin\",\"isPartOf\":{\"@id\":\"https:\\\/\\\/tibladin.dk\\\/#website\"},\"primaryImageOfPage\":{\"@id\":\"https:\\\/\\\/tibladin.dk\\\/produkt\\\/marokkansk-boucherouite-taeppe-palette-96x260\\\/#primaryimage\"},\"image\":{\"@id\":\"https:\\\/\\\/tibladin.dk\\\/produkt\\\/marokkansk-boucherouite-taeppe-palette-96x260\\\/#primaryimage\"},\"thumbnailUrl\":\"https:\\\/\\\/tibladin.dk\\\/wp-content\\\/uploads\\\/2022\\\/09\\\/Tibladin_Palette-1.jpg\",\"datePublished\":\"2022-09-20T09:13:42+00:00\",\"dateModified\":\"2025-05-03T16:43:00+00:00\",\"description\":\"H\u00e5ndv\u00e6vet marokkansk Boucherouite t\u00e6ppe. Det b\u00e6redygtige t\u00e6ppe, h\u00e5ndlavet af stofrester der f\u00e5r et nyt liv i et kunstnerisk unika t\u00e6ppe.\",\"breadcrumb\":{\"@id\":\"https:\\\/\\\/tibladin.dk\\\/produkt\\\/marokkansk-boucherouite-taeppe-palette-96x260\\\/#breadcrumb\"},\"inLanguage\":\"nb-NO\",\"potentialAction\":[{\"@type\":\"ReadAction\",\"target\":[\"https:\\\/\\\/tibladin.dk\\\/produkt\\\/marokkansk-boucherouite-taeppe-palette-96x260\\\/\"]}]},{\"@type\":\"ImageObject\",\"inLanguage\":\"nb-NO\",\"@id\":\"https:\\\/\\\/tibladin.dk\\\/produkt\\\/marokkansk-boucherouite-taeppe-palette-96x260\\\/#primaryimage\",\"url\":\"https:\\\/\\\/tibladin.dk\\\/wp-content\\\/uploads\\\/2022\\\/09\\\/Tibladin_Palette-1.jpg\",\"contentUrl\":\"https:\\\/\\\/tibladin.dk\\\/wp-content\\\/uploads\\\/2022\\\/09\\\/Tibladin_Palette-1.jpg\",\"width\":800,\"height\":800,\"caption\":\"H\u00e5ndv\u00e6vet boucherouite t\u00e6ppe i flerfarvet diamant m\u00f8nster, fra oven\"},{\"@type\":\"BreadcrumbList\",\"@id\":\"https:\\\/\\\/tibladin.dk\\\/produkt\\\/marokkansk-boucherouite-taeppe-palette-96x260\\\/#breadcrumb\",\"itemListElement\":[{\"@type\":\"ListItem\",\"position\":1,\"name\":\"Hjem\",\"item\":\"https:\\\/\\\/tibladin.dk\\\/\"},{\"@type\":\"ListItem\",\"position\":2,\"name\":\"Shop\",\"item\":\"https:\\\/\\\/tibladin.dk\\\/shop\\\/\"},{\"@type\":\"ListItem\",\"position\":3,\"name\":\"Marokkansk Boucherouite t\u00e6ppe &#8211; PALETTE 96&#215;260\"}]},{\"@type\":\"WebSite\",\"@id\":\"https:\\\/\\\/tibladin.dk\\\/#website\",\"url\":\"https:\\\/\\\/tibladin.dk\\\/\",\"name\":\"Tibladin\",\"description\":\"Tibladin\",\"publisher\":{\"@id\":\"https:\\\/\\\/tibladin.dk\\\/#organization\"},\"potentialAction\":[{\"@type\":\"SearchAction\",\"target\":{\"@type\":\"EntryPoint\",\"urlTemplate\":\"https:\\\/\\\/tibladin.dk\\\/?s={search_term_string}\"},\"query-input\":{\"@type\":\"PropertyValueSpecification\",\"valueRequired\":true,\"valueName\":\"search_term_string\"}}],\"inLanguage\":\"nb-NO\"},{\"@type\":\"Organization\",\"@id\":\"https:\\\/\\\/tibladin.dk\\\/#organization\",\"name\":\"Tibladin\",\"url\":\"https:\\\/\\\/tibladin.dk\\\/\",\"logo\":{\"@type\":\"ImageObject\",\"inLanguage\":\"nb-NO\",\"@id\":\"https:\\\/\\\/tibladin.dk\\\/#\\\/schema\\\/logo\\\/image\\\/\",\"url\":\"https:\\\/\\\/tibladin.dk\\\/wp-content\\\/uploads\\\/2022\\\/09\\\/tibladin_logo.svg\",\"contentUrl\":\"https:\\\/\\\/tibladin.dk\\\/wp-content\\\/uploads\\\/2022\\\/09\\\/tibladin_logo.svg\",\"caption\":\"Tibladin\"},\"image\":{\"@id\":\"https:\\\/\\\/tibladin.dk\\\/#\\\/schema\\\/logo\\\/image\\\/\"}}]}<\/script>\n<!-- \/ Yoast SEO plugin. -->","yoast_head_json":{"title":"Marokkansk Boucherouite-teppe - PALETTE 96x260 - Tibladin","description":"H\u00e5ndvevd marokkansk boucherouite-teppe. Det b\u00e6rekraftige teppet, h\u00e5ndlaget av stoffrester som f\u00e5r et nytt liv i et kunstnerisk unikt teppe.","robots":{"index":"index","follow":"follow","max-snippet":"max-snippet:-1","max-image-preview":"max-image-preview:large","max-video-preview":"max-video-preview:-1"},"canonical":"https:\/\/tibladin.dk\/nb\/produkt\/marokkansk-boucherouite-teppepalett-96x260\/","og_locale":"nb_NO","og_type":"article","og_title":"Marokkansk Boucherouite t\u00e6ppe - PALETTE 96x260- Tibladin","og_description":"H\u00e5ndv\u00e6vet marokkansk Boucherouite t\u00e6ppe. Det b\u00e6redygtige t\u00e6ppe, h\u00e5ndlavet af stofrester der f\u00e5r et nyt liv i et kunstnerisk unika t\u00e6ppe.","og_url":"https:\/\/tibladin.dk\/nb\/produkt\/marokkansk-boucherouite-teppepalett-96x260\/","og_site_name":"Tibladin","article_modified_time":"2025-05-03T16:43:00+00:00","og_image":[{"width":800,"height":800,"url":"https:\/\/tibladin.dk\/wp-content\/uploads\/2022\/09\/Tibladin_Palette-1.jpg","type":"image\/jpeg"}],"twitter_card":"summary_large_image","twitter_misc":{"Ansl. lesetid":"2 minutter"},"schema":{"@context":"https:\/\/schema.org","@graph":[{"@type":"WebPage","@id":"https:\/\/tibladin.dk\/produkt\/marokkansk-boucherouite-taeppe-palette-96x260\/","url":"https:\/\/tibladin.dk\/produkt\/marokkansk-boucherouite-taeppe-palette-96x260\/","name":"Marokkansk Boucherouite-teppe - PALETTE 96x260 - Tibladin","isPartOf":{"@id":"https:\/\/tibladin.dk\/#website"},"primaryImageOfPage":{"@id":"https:\/\/tibladin.dk\/produkt\/marokkansk-boucherouite-taeppe-palette-96x260\/#primaryimage"},"image":{"@id":"https:\/\/tibladin.dk\/produkt\/marokkansk-boucherouite-taeppe-palette-96x260\/#primaryimage"},"thumbnailUrl":"https:\/\/tibladin.dk\/wp-content\/uploads\/2022\/09\/Tibladin_Palette-1.jpg","datePublished":"2022-09-20T09:13:42+00:00","dateModified":"2025-05-03T16:43:00+00:00","description":"H\u00e5ndvevd marokkansk boucherouite-teppe. Det b\u00e6rekraftige teppet, h\u00e5ndlaget av stoffrester som f\u00e5r et nytt liv i et kunstnerisk unikt teppe.","breadcrumb":{"@id":"https:\/\/tibladin.dk\/produkt\/marokkansk-boucherouite-taeppe-palette-96x260\/#breadcrumb"},"inLanguage":"nb-NO","potentialAction":[{"@type":"ReadAction","target":["https:\/\/tibladin.dk\/produkt\/marokkansk-boucherouite-taeppe-palette-96x260\/"]}]},{"@type":"ImageObject","inLanguage":"nb-NO","@id":"https:\/\/tibladin.dk\/produkt\/marokkansk-boucherouite-taeppe-palette-96x260\/#primaryimage","url":"https:\/\/tibladin.dk\/wp-content\/uploads\/2022\/09\/Tibladin_Palette-1.jpg","contentUrl":"https:\/\/tibladin.dk\/wp-content\/uploads\/2022\/09\/Tibladin_Palette-1.jpg","width":800,"height":800,"caption":"H\u00e5ndv\u00e6vet boucherouite t\u00e6ppe i flerfarvet diamant m\u00f8nster, fra oven"},{"@type":"BreadcrumbList","@id":"https:\/\/tibladin.dk\/produkt\/marokkansk-boucherouite-taeppe-palette-96x260\/#breadcrumb","itemListElement":[{"@type":"ListItem","position":1,"name":"Hjem","item":"https:\/\/tibladin.dk\/"},{"@type":"ListItem","position":2,"name":"Shop","item":"https:\/\/tibladin.dk\/shop\/"},{"@type":"ListItem","position":3,"name":"Marokkansk Boucherouite t\u00e6ppe &#8211; PALETTE 96&#215;260"}]},{"@type":"WebSite","@id":"https:\/\/tibladin.dk\/#website","url":"https:\/\/tibladin.dk\/","name":"Tibladin","description":"Tibladin","publisher":{"@id":"https:\/\/tibladin.dk\/#organization"},"potentialAction":[{"@type":"SearchAction","target":{"@type":"EntryPoint","urlTemplate":"https:\/\/tibladin.dk\/?s={search_term_string}"},"query-input":{"@type":"PropertyValueSpecification","valueRequired":true,"valueName":"search_term_string"}}],"inLanguage":"nb-NO"},{"@type":"Organization","@id":"https:\/\/tibladin.dk\/#organization","name":"Tibladin","url":"https:\/\/tibladin.dk\/","logo":{"@type":"ImageObject","inLanguage":"nb-NO","@id":"https:\/\/tibladin.dk\/#\/schema\/logo\/image\/","url":"https:\/\/tibladin.dk\/wp-content\/uploads\/2022\/09\/tibladin_logo.svg","contentUrl":"https:\/\/tibladin.dk\/wp-content\/uploads\/2022\/09\/tibladin_logo.svg","caption":"Tibladin"},"image":{"@id":"https:\/\/tibladin.dk\/#\/schema\/logo\/image\/"}}]}},"_links":{"self":[{"href":"https:\/\/tibladin.dk\/nb\/wp-json\/wp\/v2\/product\/2090","targetHints":{"allow":["GET"]}}],"collection":[{"href":"https:\/\/tibladin.dk\/nb\/wp-json\/wp\/v2\/product"}],"about":[{"href":"https:\/\/tibladin.dk\/nb\/wp-json\/wp\/v2\/types\/product"}],"wp:featuredmedia":[{"embeddable":true,"href":"https:\/\/tibladin.dk\/nb\/wp-json\/wp\/v2\/media\/2085"}],"wp:attachment":[{"href":"https:\/\/tibladin.dk\/nb\/wp-json\/wp\/v2\/media?parent=2090"}],"wp:term":[{"taxonomy":"product_brand","embeddable":true,"href":"https:\/\/tibladin.dk\/nb\/wp-json\/wp\/v2\/product_brand?post=2090"},{"taxonomy":"product_cat","embeddable":true,"href":"https:\/\/tibladin.dk\/nb\/wp-json\/wp\/v2\/product_cat?post=2090"},{"taxonomy":"product_tag","embeddable":true,"href":"https:\/\/tibladin.dk\/nb\/wp-json\/wp\/v2\/product_tag?post=2090"}],"curies":[{"name":"wp","href":"https:\/\/api.w.org\/{rel}","templated":true}]}}