{"id":2221,"date":"2022-09-20T11:14:32","date_gmt":"2022-09-20T09:14:32","guid":{"rendered":"https:\/\/tibladin.dk\/vare\/tallerken-groen-marbre-leopard-30-cm\/"},"modified":"2025-12-17T14:20:31","modified_gmt":"2025-12-17T13:20:31","slug":"tallerken-groenn-marmor-leopard-30-cm","status":"publish","type":"product","link":"https:\/\/tibladin.dk\/nb\/produkt\/tallerken-groen-marbre-leopard-30-cm\/","title":{"rendered":"Tallerken gr\u00f8nn marmorert leopard \u2013 30 cm."},"content":{"rendered":"<div class=\"wpb-content-wrapper\"><div class=\"vc_row wpb_row vc_row-fluid\"><div class=\"wpb_column vc_column_container vc_col-sm-4\"><div class=\"vc_column-inner\"><div class=\"wpb_wrapper\">\n\t<div class=\"wpb_video_widget wpb_content_element vc_clearfix   vc_video-aspect-ratio-43 vc_video-el-width-100 vc_video-align-left\" >\n\t\t<div class=\"wpb_wrapper\">\n\t\t\t\n\t\t\t<div class=\"wpb_video_wrapper\"><div class=\"video-container\"><iframe loading=\"lazy\" title=\"Tibladin_produksjon steint\u00f8y\" src=\"https:\/\/player.vimeo.com\/video\/415400643?dnt=1&amp;app_id=122963\" width=\"310\" height=\"310\" frameborder=\"0\" allow=\"autoplay; fullscreen; picture-in-picture\"><\/iframe><\/div><\/div>\n\t\t<\/div>\n\t<\/div>\n<\/div><\/div><\/div><div class=\"wpb_column vc_column_container vc_col-sm-4\"><div class=\"vc_column-inner\"><div class=\"wpb_wrapper\"><h3 style=\"text-align: left\" class=\"vc_custom_heading vc_do_custom_heading\" >Vedlikehold<\/h3>\n\t<div class=\"wpb_text_column wpb_content_element\" >\n\t\t<div class=\"wpb_wrapper\">\n\t\t\t<p>Kan vaskes med mildt s\u00e5pevann \u2013 kan ogs\u00e5 vaskes i oppvaskmaskinen.<\/p>\n<p>Alt steint\u00f8y er h\u00e5ndlaget, og variasjoner i b\u00e5de farge og form kan forekomme.<\/p>\n\n\t\t<\/div>\n\t<\/div>\n<\/div><\/div><\/div><div class=\"wpb_column vc_column_container vc_col-sm-4\"><div class=\"vc_column-inner\"><div class=\"wpb_wrapper\"><h3 style=\"text-align: left\" class=\"vc_custom_heading vc_do_custom_heading\" >Historien bak<\/h3>\n\t<div class=\"wpb_text_column wpb_content_element\" >\n\t\t<div class=\"wpb_wrapper\">\n\t\t\t<p>En vakker borddekking med unike, vakre ting kan v\u00e6re et godt samtaleemne med gjestene dine. Mitt samarbeid med denne steint\u00f8yprodusenten er ganske ekstraordin\u00e6rt. Her spesialiserer de seg p\u00e5 \u00e5 lage tidl\u00f8st steint\u00f8y med et lite preg av Marokko, akkurat som jeg elsker det. Det kalles ogs\u00e5 Marrakech-porselen. De leverer over hele verden og til alle de store hotellene, restaurantene og butikkene. Steint\u00f8yet er brent p\u00e5 over 1200 grader, noe som gj\u00f8r det sv\u00e6rt slitesterkt. Alt du ser under steint\u00f8y p\u00e5 denne siden er godkjent for \u00e5 g\u00e5 i ovn, mikrob\u00f8lgeovn og oppvaskmaskin, og som forbruker er du trygg p\u00e5 at alt er godkjent av Mattilsynet, som oppgir at det er giftfrie materialer og glasur \u2013 godkjent for \u00e5 kunne spise og drikke av det. Se lenke p\u00e5 forsiden til Tibladins inspeksjonsrapport hos Mattilsynet.<\/p>\n\n\t\t<\/div>\n\t<\/div>\n<\/div><\/div><\/div><\/div>\n<\/div>","protected":false},"excerpt":{"rendered":"<p>Disse steint\u00f8ystallerkenene har et utrolig elegant utseende med en lys, b\u00f8lget kant og en m\u00f8rkegr\u00f8nn farge. Denne varianten i serien har et sterkt spill i glasuren, som gir et nesten leopardlignende utseende. De er flotte \u00e5 kombinere med de andre tallerkenene i gr\u00f8nn marbr\u00e9 for \u00e5 gi et st\u00f8rre spill p\u00e5 bordet.<\/p>\n<p>30 cm i diameter.<\/p>\n<p>I samme serie som gr\u00f8nne marmorboller og tagine<\/p>\n<p class=\"p1\"><span class=\"s1\">Hver tallerken er unik og har sm\u00e5 nyanser i b\u00e5de farge og kant.\u00a0<\/span><\/p>\n<p>Kj\u00f8p fra 4 tallerkener og oppover og f\u00e5 10 % rabatt.<\/p>\n<p>Alt steint\u00f8y er godkjent av Mattilsynet.<\/p>","protected":false},"featured_media":2217,"template":"","meta":{"inline_featured_image":false},"product_brand":[],"product_cat":[33,43,89,32],"product_tag":[],"class_list":{"0":"post-2221","1":"product","2":"type-product","3":"status-publish","4":"has-post-thumbnail","6":"product_cat-borddaekning","7":"product_cat-stentoej","8":"product_cat-tallerkner","9":"product_cat-tilbud","11":"first","12":"instock","13":"sale","14":"taxable","15":"shipping-taxable","16":"purchasable","17":"product-type-simple"},"exclude_global_add_ons":false,"addons":[{"name":"\u00d8nsker du gaveinnpakning?","type":"checkbox","position":0,"required":false,"title_format":"label","default":"","description_enable":false,"description":"","placeholder_enable":false,"placeholder":"","display":"images","restrictions_type":"any_text","adjust_price":false,"price":"","price_type":"flat_fee","restrictions":false,"min":"0","max":"0","options":[{"label":"Ja tak","price":"10","price_type":"flat_fee","image":11015,"visibility":true}],"id":1669646111}],"yoast_head":"<!-- This site is optimized with the Yoast SEO plugin v27.5 - https:\/\/yoast.com\/product\/yoast-seo-wordpress\/ -->\n<title>H\u00e5ndlavede marokkanske keramik tallerkner i m\u00f8rkegr\u00f8n | Tibladin<\/title>\n<meta name=\"description\" content=\"Marokkanske keramik tallerkner i m\u00f8rkegr\u00f8n. H\u00e5nddrejet stent\u00f8j der er meget modstandsdygtig, og som kan klare almindelig hverdagsbrug.\" \/>\n<meta name=\"robots\" content=\"index, follow, max-snippet:-1, max-image-preview:large, max-video-preview:-1\" \/>\n<link rel=\"canonical\" href=\"https:\/\/tibladin.dk\/nb\/produkt\/tallerken-groenn-marmor-leopard-30-cm\/\" \/>\n<meta property=\"og:locale\" content=\"nb_NO\" \/>\n<meta property=\"og:type\" content=\"article\" \/>\n<meta property=\"og:title\" content=\"H\u00e5ndlavede marokkanske keramik tallerkner i m\u00f8rkegr\u00f8n | Tibladin\" \/>\n<meta property=\"og:description\" content=\"Marokkanske keramik tallerkner i m\u00f8rkegr\u00f8n. H\u00e5nddrejet stent\u00f8j der er meget modstandsdygtig, og som kan klare almindelig hverdagsbrug.\" \/>\n<meta property=\"og:url\" content=\"https:\/\/tibladin.dk\/nb\/produkt\/tallerken-groenn-marmor-leopard-30-cm\/\" \/>\n<meta property=\"og:site_name\" content=\"Tibladin\" \/>\n<meta property=\"article:modified_time\" content=\"2025-12-17T13:20:31+00:00\" \/>\n<meta property=\"og:image\" content=\"https:\/\/tibladin.dk\/wp-content\/uploads\/2022\/09\/Groen-marbre-leopard-tallerken-1.jpg\" \/>\n\t<meta property=\"og:image:width\" content=\"800\" \/>\n\t<meta property=\"og:image:height\" content=\"800\" \/>\n\t<meta property=\"og:image:type\" content=\"image\/jpeg\" \/>\n<meta name=\"twitter:card\" content=\"summary_large_image\" \/>\n<meta name=\"twitter:label1\" content=\"Ansl. lesetid\" \/>\n\t<meta name=\"twitter:data1\" content=\"2 minutter\" \/>\n<script type=\"application\/ld+json\" class=\"yoast-schema-graph\">{\"@context\":\"https:\\\/\\\/schema.org\",\"@graph\":[{\"@type\":\"WebPage\",\"@id\":\"https:\\\/\\\/tibladin.dk\\\/produkt\\\/tallerken-groen-marbre-leopard-30-cm\\\/\",\"url\":\"https:\\\/\\\/tibladin.dk\\\/produkt\\\/tallerken-groen-marbre-leopard-30-cm\\\/\",\"name\":\"H\u00e5ndlavede marokkanske keramik tallerkner i m\u00f8rkegr\u00f8n | Tibladin\",\"isPartOf\":{\"@id\":\"https:\\\/\\\/tibladin.dk\\\/#website\"},\"primaryImageOfPage\":{\"@id\":\"https:\\\/\\\/tibladin.dk\\\/produkt\\\/tallerken-groen-marbre-leopard-30-cm\\\/#primaryimage\"},\"image\":{\"@id\":\"https:\\\/\\\/tibladin.dk\\\/produkt\\\/tallerken-groen-marbre-leopard-30-cm\\\/#primaryimage\"},\"thumbnailUrl\":\"https:\\\/\\\/tibladin.dk\\\/wp-content\\\/uploads\\\/2022\\\/09\\\/Groen-marbre-leopard-tallerken-1.jpg\",\"datePublished\":\"2022-09-20T09:14:32+00:00\",\"dateModified\":\"2025-12-17T13:20:31+00:00\",\"description\":\"Marokkanske keramik tallerkner i m\u00f8rkegr\u00f8n. H\u00e5nddrejet stent\u00f8j der er meget modstandsdygtig, og som kan klare almindelig hverdagsbrug.\",\"breadcrumb\":{\"@id\":\"https:\\\/\\\/tibladin.dk\\\/produkt\\\/tallerken-groen-marbre-leopard-30-cm\\\/#breadcrumb\"},\"inLanguage\":\"nb-NO\",\"potentialAction\":[{\"@type\":\"ReadAction\",\"target\":[\"https:\\\/\\\/tibladin.dk\\\/produkt\\\/tallerken-groen-marbre-leopard-30-cm\\\/\"]}]},{\"@type\":\"ImageObject\",\"inLanguage\":\"nb-NO\",\"@id\":\"https:\\\/\\\/tibladin.dk\\\/produkt\\\/tallerken-groen-marbre-leopard-30-cm\\\/#primaryimage\",\"url\":\"https:\\\/\\\/tibladin.dk\\\/wp-content\\\/uploads\\\/2022\\\/09\\\/Groen-marbre-leopard-tallerken-1.jpg\",\"contentUrl\":\"https:\\\/\\\/tibladin.dk\\\/wp-content\\\/uploads\\\/2022\\\/09\\\/Groen-marbre-leopard-tallerken-1.jpg\",\"width\":800,\"height\":800,\"caption\":\"Marokkansk h\u00e5ndlavet stent\u00f8js tallerken i gr\u00f8n med leopard plet m\u00f8nster, st\u00e5ende op af en v\u00e6g\"},{\"@type\":\"BreadcrumbList\",\"@id\":\"https:\\\/\\\/tibladin.dk\\\/produkt\\\/tallerken-groen-marbre-leopard-30-cm\\\/#breadcrumb\",\"itemListElement\":[{\"@type\":\"ListItem\",\"position\":1,\"name\":\"Hjem\",\"item\":\"https:\\\/\\\/tibladin.dk\\\/\"},{\"@type\":\"ListItem\",\"position\":2,\"name\":\"Shop\",\"item\":\"https:\\\/\\\/tibladin.dk\\\/shop\\\/\"},{\"@type\":\"ListItem\",\"position\":3,\"name\":\"Tallerken gr\u00f8n marbr\u00e9 leopard &#8211; 30 cm.\"}]},{\"@type\":\"WebSite\",\"@id\":\"https:\\\/\\\/tibladin.dk\\\/#website\",\"url\":\"https:\\\/\\\/tibladin.dk\\\/\",\"name\":\"Tibladin\",\"description\":\"Tibladin\",\"publisher\":{\"@id\":\"https:\\\/\\\/tibladin.dk\\\/#organization\"},\"potentialAction\":[{\"@type\":\"SearchAction\",\"target\":{\"@type\":\"EntryPoint\",\"urlTemplate\":\"https:\\\/\\\/tibladin.dk\\\/?s={search_term_string}\"},\"query-input\":{\"@type\":\"PropertyValueSpecification\",\"valueRequired\":true,\"valueName\":\"search_term_string\"}}],\"inLanguage\":\"nb-NO\"},{\"@type\":\"Organization\",\"@id\":\"https:\\\/\\\/tibladin.dk\\\/#organization\",\"name\":\"Tibladin\",\"url\":\"https:\\\/\\\/tibladin.dk\\\/\",\"logo\":{\"@type\":\"ImageObject\",\"inLanguage\":\"nb-NO\",\"@id\":\"https:\\\/\\\/tibladin.dk\\\/#\\\/schema\\\/logo\\\/image\\\/\",\"url\":\"https:\\\/\\\/tibladin.dk\\\/wp-content\\\/uploads\\\/2022\\\/09\\\/tibladin_logo.svg\",\"contentUrl\":\"https:\\\/\\\/tibladin.dk\\\/wp-content\\\/uploads\\\/2022\\\/09\\\/tibladin_logo.svg\",\"caption\":\"Tibladin\"},\"image\":{\"@id\":\"https:\\\/\\\/tibladin.dk\\\/#\\\/schema\\\/logo\\\/image\\\/\"}}]}<\/script>\n<!-- \/ Yoast SEO plugin. -->","yoast_head_json":{"title":"H\u00e5ndlagde marokkanske keramiske tallerkener i m\u00f8rkegr\u00f8nt | Tibladin","description":"Marokkanske keramiske tallerkener i m\u00f8rkegr\u00f8nn. H\u00e5nddreiet steint\u00f8y som er sv\u00e6rt slitesterkt og t\u00e5ler vanlig hverdagsbruk.","robots":{"index":"index","follow":"follow","max-snippet":"max-snippet:-1","max-image-preview":"max-image-preview:large","max-video-preview":"max-video-preview:-1"},"canonical":"https:\/\/tibladin.dk\/nb\/produkt\/tallerken-groenn-marmor-leopard-30-cm\/","og_locale":"nb_NO","og_type":"article","og_title":"H\u00e5ndlavede marokkanske keramik tallerkner i m\u00f8rkegr\u00f8n | Tibladin","og_description":"Marokkanske keramik tallerkner i m\u00f8rkegr\u00f8n. H\u00e5nddrejet stent\u00f8j der er meget modstandsdygtig, og som kan klare almindelig hverdagsbrug.","og_url":"https:\/\/tibladin.dk\/nb\/produkt\/tallerken-groenn-marmor-leopard-30-cm\/","og_site_name":"Tibladin","article_modified_time":"2025-12-17T13:20:31+00:00","og_image":[{"width":800,"height":800,"url":"https:\/\/tibladin.dk\/wp-content\/uploads\/2022\/09\/Groen-marbre-leopard-tallerken-1.jpg","type":"image\/jpeg"}],"twitter_card":"summary_large_image","twitter_misc":{"Ansl. lesetid":"2 minutter"},"schema":{"@context":"https:\/\/schema.org","@graph":[{"@type":"WebPage","@id":"https:\/\/tibladin.dk\/produkt\/tallerken-groen-marbre-leopard-30-cm\/","url":"https:\/\/tibladin.dk\/produkt\/tallerken-groen-marbre-leopard-30-cm\/","name":"H\u00e5ndlagde marokkanske keramiske tallerkener i m\u00f8rkegr\u00f8nt | Tibladin","isPartOf":{"@id":"https:\/\/tibladin.dk\/#website"},"primaryImageOfPage":{"@id":"https:\/\/tibladin.dk\/produkt\/tallerken-groen-marbre-leopard-30-cm\/#primaryimage"},"image":{"@id":"https:\/\/tibladin.dk\/produkt\/tallerken-groen-marbre-leopard-30-cm\/#primaryimage"},"thumbnailUrl":"https:\/\/tibladin.dk\/wp-content\/uploads\/2022\/09\/Groen-marbre-leopard-tallerken-1.jpg","datePublished":"2022-09-20T09:14:32+00:00","dateModified":"2025-12-17T13:20:31+00:00","description":"Marokkanske keramiske tallerkener i m\u00f8rkegr\u00f8nn. H\u00e5nddreiet steint\u00f8y som er sv\u00e6rt slitesterkt og t\u00e5ler vanlig hverdagsbruk.","breadcrumb":{"@id":"https:\/\/tibladin.dk\/produkt\/tallerken-groen-marbre-leopard-30-cm\/#breadcrumb"},"inLanguage":"nb-NO","potentialAction":[{"@type":"ReadAction","target":["https:\/\/tibladin.dk\/produkt\/tallerken-groen-marbre-leopard-30-cm\/"]}]},{"@type":"ImageObject","inLanguage":"nb-NO","@id":"https:\/\/tibladin.dk\/produkt\/tallerken-groen-marbre-leopard-30-cm\/#primaryimage","url":"https:\/\/tibladin.dk\/wp-content\/uploads\/2022\/09\/Groen-marbre-leopard-tallerken-1.jpg","contentUrl":"https:\/\/tibladin.dk\/wp-content\/uploads\/2022\/09\/Groen-marbre-leopard-tallerken-1.jpg","width":800,"height":800,"caption":"Marokkansk h\u00e5ndlavet stent\u00f8js tallerken i gr\u00f8n med leopard plet m\u00f8nster, st\u00e5ende op af en v\u00e6g"},{"@type":"BreadcrumbList","@id":"https:\/\/tibladin.dk\/produkt\/tallerken-groen-marbre-leopard-30-cm\/#breadcrumb","itemListElement":[{"@type":"ListItem","position":1,"name":"Hjem","item":"https:\/\/tibladin.dk\/"},{"@type":"ListItem","position":2,"name":"Shop","item":"https:\/\/tibladin.dk\/shop\/"},{"@type":"ListItem","position":3,"name":"Tallerken gr\u00f8n marbr\u00e9 leopard &#8211; 30 cm."}]},{"@type":"WebSite","@id":"https:\/\/tibladin.dk\/#website","url":"https:\/\/tibladin.dk\/","name":"Tibladin","description":"Tibladin","publisher":{"@id":"https:\/\/tibladin.dk\/#organization"},"potentialAction":[{"@type":"SearchAction","target":{"@type":"EntryPoint","urlTemplate":"https:\/\/tibladin.dk\/?s={search_term_string}"},"query-input":{"@type":"PropertyValueSpecification","valueRequired":true,"valueName":"search_term_string"}}],"inLanguage":"nb-NO"},{"@type":"Organization","@id":"https:\/\/tibladin.dk\/#organization","name":"Tibladin","url":"https:\/\/tibladin.dk\/","logo":{"@type":"ImageObject","inLanguage":"nb-NO","@id":"https:\/\/tibladin.dk\/#\/schema\/logo\/image\/","url":"https:\/\/tibladin.dk\/wp-content\/uploads\/2022\/09\/tibladin_logo.svg","contentUrl":"https:\/\/tibladin.dk\/wp-content\/uploads\/2022\/09\/tibladin_logo.svg","caption":"Tibladin"},"image":{"@id":"https:\/\/tibladin.dk\/#\/schema\/logo\/image\/"}}]}},"_links":{"self":[{"href":"https:\/\/tibladin.dk\/nb\/wp-json\/wp\/v2\/product\/2221","targetHints":{"allow":["GET"]}}],"collection":[{"href":"https:\/\/tibladin.dk\/nb\/wp-json\/wp\/v2\/product"}],"about":[{"href":"https:\/\/tibladin.dk\/nb\/wp-json\/wp\/v2\/types\/product"}],"wp:featuredmedia":[{"embeddable":true,"href":"https:\/\/tibladin.dk\/nb\/wp-json\/wp\/v2\/media\/2217"}],"wp:attachment":[{"href":"https:\/\/tibladin.dk\/nb\/wp-json\/wp\/v2\/media?parent=2221"}],"wp:term":[{"taxonomy":"product_brand","embeddable":true,"href":"https:\/\/tibladin.dk\/nb\/wp-json\/wp\/v2\/product_brand?post=2221"},{"taxonomy":"product_cat","embeddable":true,"href":"https:\/\/tibladin.dk\/nb\/wp-json\/wp\/v2\/product_cat?post=2221"},{"taxonomy":"product_tag","embeddable":true,"href":"https:\/\/tibladin.dk\/nb\/wp-json\/wp\/v2\/product_tag?post=2221"}],"curies":[{"name":"wp","href":"https:\/\/api.w.org\/{rel}","templated":true}]}}