{"id":2237,"date":"2022-09-20T11:14:39","date_gmt":"2022-09-20T09:14:39","guid":{"rendered":"https:\/\/tibladin.dk\/?post_type=product&#038;p=2237"},"modified":"2024-12-09T14:29:35","modified_gmt":"2024-12-09T13:29:35","slug":"trebord-i-graablaa-form","status":"publish","type":"product","link":"https:\/\/tibladin.dk\/nb\/produkt\/traeborde-i-graa-blaa-moule\/","title":{"rendered":"Trebord i gr\u00e5\/bl\u00e5 MOULE"},"content":{"rendered":"<div class=\"wpb-content-wrapper\"><div class=\"vc_row wpb_row vc_row-fluid\"><div class=\"wpb_column vc_column_container vc_col-sm-4\"><div class=\"vc_column-inner\"><div class=\"wpb_wrapper\"><\/div><\/div><\/div><div class=\"wpb_column vc_column_container vc_col-sm-4\"><div class=\"vc_column-inner\"><div class=\"wpb_wrapper\"><h3 style=\"text-align: left\" class=\"vc_custom_heading vc_do_custom_heading\" >Vedlikehold<\/h3>\n\t<div class=\"wpb_text_column wpb_content_element\" >\n\t\t<div class=\"wpb_wrapper\">\n\t\t\t<p>Bordene kan enkelt t\u00f8rkes av med en fuktig klut. Om \u00f8nskelig kan du ogs\u00e5 gi treverket litt olje for \u00e5 fremheve fargene og bevare det vakre treverket.<\/p>\n\n\t\t<\/div>\n\t<\/div>\n<\/div><\/div><\/div><div class=\"wpb_column vc_column_container vc_col-sm-4\"><div class=\"vc_column-inner\"><div class=\"wpb_wrapper\"><h3 style=\"text-align: left\" class=\"vc_custom_heading vc_do_custom_heading\" >Historien bak<\/h3>\n\t<div class=\"wpb_text_column wpb_content_element\" >\n\t\t<div class=\"wpb_wrapper\">\n\t\t\t<p>Trebord i resirkulert tre fra marokkanske d\u00f8rer. Bordene har et rustikt utseende med st\u00e5lramme og vakre markeringer i treverket. De inspirerende og vakre marokkanske d\u00f8rene f\u00e5r nytt liv i disse bordene, hvor marokkansk stil m\u00f8ter skandinavisk b\u00e6rekraftig design. Personlig f\u00e5r jeg ogs\u00e5 assosiasjoner til det maritime, Nordsj\u00f8en og turer til sommerhuset. Derfor kalles bordene MOULE, som betyr \u2018musling\u2019 p\u00e5 fransk. De passer godt inn i ethvert hjem og gir interi\u00f8ret et rustikt, r\u00e5tt og naturlig uttrykk. De kan brukes som sidebord ved sofaen, hvor de kan st\u00e5 sammen p\u00e5 forskjellige niv\u00e5er, men de kan ogs\u00e5 st\u00e5 separat og dekorere for eksempel soverommet eller gangen. Utviklet i samarbeid med en designer fra Marrakech.<\/p>\n<p>Bordene har et sv\u00e6rt rustikt utseende, og har derfor sprekker, \u00e5rer og sprekker i treverket. Dette gj\u00f8r dem unike og naturlige og gir dem sitt helt spesielle uttrykk.<\/p>\n\n\t\t<\/div>\n\t<\/div>\n<\/div><\/div><\/div><\/div>\n<\/div>","protected":false},"excerpt":{"rendered":"<p>Dette rustikke bordet er laget av resirkulert tre fra marokkanske d\u00f8rer og har en st\u00e5lramme. Bordet minner oss om det maritime med de vakre m\u00f8nstrene i treverket og et rustikt og r\u00e5tt utseende. Samtidig passer det utrolig godt inn i den skandinaviske interi\u00f8rstilen, ettersom den vakre bordplaten i tre bringer naturen inn. Bordet finnes i tre st\u00f8rrelser, liten, medium og stor, som kan settes sammen eller st\u00e5 alene. Bordene er helt unike, da det bare finnes ett av hver.<\/p>\n<p>| Liten: Diameter: 35 cm, H\u00f8yde 35 cm | Medium: Diameter: 40 cm, H\u00f8yde: 40 cm | Stor: Diameter: 45 cm, H\u00f8yde: 45 cm |<\/p>\n<p>&nbsp;<\/p>","protected":false},"featured_media":2308,"template":"","meta":{"inline_featured_image":false},"product_brand":[],"product_cat":[82,39],"product_tag":[],"class_list":{"0":"post-2237","1":"product","2":"type-product","3":"status-publish","4":"has-post-thumbnail","6":"product_cat-borde","7":"product_cat-moebler","9":"first","10":"instock","11":"taxable","12":"shipping-taxable","13":"purchasable","14":"product-type-variable"},"exclude_global_add_ons":[],"addons":[],"yoast_head":"<!-- This site is optimized with the Yoast SEO plugin v27.4 - https:\/\/yoast.com\/product\/yoast-seo-wordpress\/ -->\n<title>Tr\u00e6bord af genbrugstr\u00e6 | Unika marokkansk design | Tibladin<\/title>\n<meta name=\"description\" content=\"Flot bord med st\u00e5l-stel og en bordplade i genbrugstr\u00e6 fra Marrokanske d\u00f8re. Kan let tils\u00e6ttes din indretning og giver et rustikt udtryk.\" \/>\n<meta name=\"robots\" content=\"index, follow, max-snippet:-1, max-image-preview:large, max-video-preview:-1\" \/>\n<link rel=\"canonical\" href=\"https:\/\/tibladin.dk\/nb\/produkt\/trebord-i-graablaa-form\/\" \/>\n<meta property=\"og:locale\" content=\"nb_NO\" \/>\n<meta property=\"og:type\" content=\"article\" \/>\n<meta property=\"og:title\" content=\"Tr\u00e6bord af genbrugstr\u00e6 | Unika marokkansk design | Tibladin\" \/>\n<meta property=\"og:description\" content=\"Flot bord med st\u00e5l-stel og en bordplade i genbrugstr\u00e6 fra Marrokanske d\u00f8re. Kan let tils\u00e6ttes din indretning og giver et rustikt udtryk.\" \/>\n<meta property=\"og:url\" content=\"https:\/\/tibladin.dk\/nb\/produkt\/trebord-i-graablaa-form\/\" \/>\n<meta property=\"og:site_name\" content=\"Tibladin\" \/>\n<meta property=\"article:modified_time\" content=\"2024-12-09T13:29:35+00:00\" \/>\n<meta property=\"og:image\" content=\"https:\/\/tibladin.dk\/wp-content\/uploads\/2022\/09\/traeborde-samlet-LS-1.jpg\" \/>\n\t<meta property=\"og:image:width\" content=\"800\" \/>\n\t<meta property=\"og:image:height\" content=\"800\" \/>\n\t<meta property=\"og:image:type\" content=\"image\/jpeg\" \/>\n<meta name=\"twitter:card\" content=\"summary_large_image\" \/>\n<meta name=\"twitter:label1\" content=\"Ansl. lesetid\" \/>\n\t<meta name=\"twitter:data1\" content=\"2 minutter\" \/>\n<script type=\"application\/ld+json\" class=\"yoast-schema-graph\">{\"@context\":\"https:\\\/\\\/schema.org\",\"@graph\":[{\"@type\":\"WebPage\",\"@id\":\"https:\\\/\\\/tibladin.dk\\\/produkt\\\/traeborde-i-graa-blaa-moule\\\/\",\"url\":\"https:\\\/\\\/tibladin.dk\\\/produkt\\\/traeborde-i-graa-blaa-moule\\\/\",\"name\":\"Tr\u00e6bord af genbrugstr\u00e6 | Unika marokkansk design | Tibladin\",\"isPartOf\":{\"@id\":\"https:\\\/\\\/tibladin.dk\\\/#website\"},\"primaryImageOfPage\":{\"@id\":\"https:\\\/\\\/tibladin.dk\\\/produkt\\\/traeborde-i-graa-blaa-moule\\\/#primaryimage\"},\"image\":{\"@id\":\"https:\\\/\\\/tibladin.dk\\\/produkt\\\/traeborde-i-graa-blaa-moule\\\/#primaryimage\"},\"thumbnailUrl\":\"https:\\\/\\\/tibladin.dk\\\/wp-content\\\/uploads\\\/2022\\\/09\\\/traeborde-samlet-LS-1.jpg\",\"datePublished\":\"2022-09-20T09:14:39+00:00\",\"dateModified\":\"2024-12-09T13:29:35+00:00\",\"description\":\"Flot bord med st\u00e5l-stel og en bordplade i genbrugstr\u00e6 fra Marrokanske d\u00f8re. Kan let tils\u00e6ttes din indretning og giver et rustikt udtryk.\",\"breadcrumb\":{\"@id\":\"https:\\\/\\\/tibladin.dk\\\/produkt\\\/traeborde-i-graa-blaa-moule\\\/#breadcrumb\"},\"inLanguage\":\"nb-NO\",\"potentialAction\":[{\"@type\":\"ReadAction\",\"target\":[\"https:\\\/\\\/tibladin.dk\\\/produkt\\\/traeborde-i-graa-blaa-moule\\\/\"]}]},{\"@type\":\"ImageObject\",\"inLanguage\":\"nb-NO\",\"@id\":\"https:\\\/\\\/tibladin.dk\\\/produkt\\\/traeborde-i-graa-blaa-moule\\\/#primaryimage\",\"url\":\"https:\\\/\\\/tibladin.dk\\\/wp-content\\\/uploads\\\/2022\\\/09\\\/traeborde-samlet-LS-1.jpg\",\"contentUrl\":\"https:\\\/\\\/tibladin.dk\\\/wp-content\\\/uploads\\\/2022\\\/09\\\/traeborde-samlet-LS-1.jpg\",\"width\":800,\"height\":800,\"caption\":\"Marokkanske h\u00e5ndlavede tr\u00e6border i large, medium og small, st\u00e5ende ved siden af hinanden, med dekorationer p\u00e5, ved siden af en s\u00e6kkestol\"},{\"@type\":\"BreadcrumbList\",\"@id\":\"https:\\\/\\\/tibladin.dk\\\/produkt\\\/traeborde-i-graa-blaa-moule\\\/#breadcrumb\",\"itemListElement\":[{\"@type\":\"ListItem\",\"position\":1,\"name\":\"Hjem\",\"item\":\"https:\\\/\\\/tibladin.dk\\\/\"},{\"@type\":\"ListItem\",\"position\":2,\"name\":\"Shop\",\"item\":\"https:\\\/\\\/tibladin.dk\\\/shop\\\/\"},{\"@type\":\"ListItem\",\"position\":3,\"name\":\"Tr\u00e6borde i gr\u00e5\\\/bl\u00e5 MOULE\"}]},{\"@type\":\"WebSite\",\"@id\":\"https:\\\/\\\/tibladin.dk\\\/#website\",\"url\":\"https:\\\/\\\/tibladin.dk\\\/\",\"name\":\"Tibladin\",\"description\":\"Tibladin\",\"publisher\":{\"@id\":\"https:\\\/\\\/tibladin.dk\\\/#organization\"},\"potentialAction\":[{\"@type\":\"SearchAction\",\"target\":{\"@type\":\"EntryPoint\",\"urlTemplate\":\"https:\\\/\\\/tibladin.dk\\\/?s={search_term_string}\"},\"query-input\":{\"@type\":\"PropertyValueSpecification\",\"valueRequired\":true,\"valueName\":\"search_term_string\"}}],\"inLanguage\":\"nb-NO\"},{\"@type\":\"Organization\",\"@id\":\"https:\\\/\\\/tibladin.dk\\\/#organization\",\"name\":\"Tibladin\",\"url\":\"https:\\\/\\\/tibladin.dk\\\/\",\"logo\":{\"@type\":\"ImageObject\",\"inLanguage\":\"nb-NO\",\"@id\":\"https:\\\/\\\/tibladin.dk\\\/#\\\/schema\\\/logo\\\/image\\\/\",\"url\":\"https:\\\/\\\/tibladin.dk\\\/wp-content\\\/uploads\\\/2022\\\/09\\\/tibladin_logo.svg\",\"contentUrl\":\"https:\\\/\\\/tibladin.dk\\\/wp-content\\\/uploads\\\/2022\\\/09\\\/tibladin_logo.svg\",\"caption\":\"Tibladin\"},\"image\":{\"@id\":\"https:\\\/\\\/tibladin.dk\\\/#\\\/schema\\\/logo\\\/image\\\/\"}}]}<\/script>\n<!-- \/ Yoast SEO plugin. -->","yoast_head_json":{"title":"Trebord laget av resirkulert tre | Unik marokkansk design | Tibladin","description":"Vakkert bord med st\u00e5lramme og bordplate i resirkulert tre fra Moroccan Doors. Kan enkelt legges til interi\u00f8ret ditt og gir et rustikt utseende.","robots":{"index":"index","follow":"follow","max-snippet":"max-snippet:-1","max-image-preview":"max-image-preview:large","max-video-preview":"max-video-preview:-1"},"canonical":"https:\/\/tibladin.dk\/nb\/produkt\/trebord-i-graablaa-form\/","og_locale":"nb_NO","og_type":"article","og_title":"Tr\u00e6bord af genbrugstr\u00e6 | Unika marokkansk design | Tibladin","og_description":"Flot bord med st\u00e5l-stel og en bordplade i genbrugstr\u00e6 fra Marrokanske d\u00f8re. Kan let tils\u00e6ttes din indretning og giver et rustikt udtryk.","og_url":"https:\/\/tibladin.dk\/nb\/produkt\/trebord-i-graablaa-form\/","og_site_name":"Tibladin","article_modified_time":"2024-12-09T13:29:35+00:00","og_image":[{"width":800,"height":800,"url":"https:\/\/tibladin.dk\/wp-content\/uploads\/2022\/09\/traeborde-samlet-LS-1.jpg","type":"image\/jpeg"}],"twitter_card":"summary_large_image","twitter_misc":{"Ansl. lesetid":"2 minutter"},"schema":{"@context":"https:\/\/schema.org","@graph":[{"@type":"WebPage","@id":"https:\/\/tibladin.dk\/produkt\/traeborde-i-graa-blaa-moule\/","url":"https:\/\/tibladin.dk\/produkt\/traeborde-i-graa-blaa-moule\/","name":"Trebord laget av resirkulert tre | Unik marokkansk design | Tibladin","isPartOf":{"@id":"https:\/\/tibladin.dk\/#website"},"primaryImageOfPage":{"@id":"https:\/\/tibladin.dk\/produkt\/traeborde-i-graa-blaa-moule\/#primaryimage"},"image":{"@id":"https:\/\/tibladin.dk\/produkt\/traeborde-i-graa-blaa-moule\/#primaryimage"},"thumbnailUrl":"https:\/\/tibladin.dk\/wp-content\/uploads\/2022\/09\/traeborde-samlet-LS-1.jpg","datePublished":"2022-09-20T09:14:39+00:00","dateModified":"2024-12-09T13:29:35+00:00","description":"Vakkert bord med st\u00e5lramme og bordplate i resirkulert tre fra Moroccan Doors. Kan enkelt legges til interi\u00f8ret ditt og gir et rustikt utseende.","breadcrumb":{"@id":"https:\/\/tibladin.dk\/produkt\/traeborde-i-graa-blaa-moule\/#breadcrumb"},"inLanguage":"nb-NO","potentialAction":[{"@type":"ReadAction","target":["https:\/\/tibladin.dk\/produkt\/traeborde-i-graa-blaa-moule\/"]}]},{"@type":"ImageObject","inLanguage":"nb-NO","@id":"https:\/\/tibladin.dk\/produkt\/traeborde-i-graa-blaa-moule\/#primaryimage","url":"https:\/\/tibladin.dk\/wp-content\/uploads\/2022\/09\/traeborde-samlet-LS-1.jpg","contentUrl":"https:\/\/tibladin.dk\/wp-content\/uploads\/2022\/09\/traeborde-samlet-LS-1.jpg","width":800,"height":800,"caption":"Marokkanske h\u00e5ndlavede tr\u00e6border i large, medium og small, st\u00e5ende ved siden af hinanden, med dekorationer p\u00e5, ved siden af en s\u00e6kkestol"},{"@type":"BreadcrumbList","@id":"https:\/\/tibladin.dk\/produkt\/traeborde-i-graa-blaa-moule\/#breadcrumb","itemListElement":[{"@type":"ListItem","position":1,"name":"Hjem","item":"https:\/\/tibladin.dk\/"},{"@type":"ListItem","position":2,"name":"Shop","item":"https:\/\/tibladin.dk\/shop\/"},{"@type":"ListItem","position":3,"name":"Tr\u00e6borde i gr\u00e5\/bl\u00e5 MOULE"}]},{"@type":"WebSite","@id":"https:\/\/tibladin.dk\/#website","url":"https:\/\/tibladin.dk\/","name":"Tibladin","description":"Tibladin","publisher":{"@id":"https:\/\/tibladin.dk\/#organization"},"potentialAction":[{"@type":"SearchAction","target":{"@type":"EntryPoint","urlTemplate":"https:\/\/tibladin.dk\/?s={search_term_string}"},"query-input":{"@type":"PropertyValueSpecification","valueRequired":true,"valueName":"search_term_string"}}],"inLanguage":"nb-NO"},{"@type":"Organization","@id":"https:\/\/tibladin.dk\/#organization","name":"Tibladin","url":"https:\/\/tibladin.dk\/","logo":{"@type":"ImageObject","inLanguage":"nb-NO","@id":"https:\/\/tibladin.dk\/#\/schema\/logo\/image\/","url":"https:\/\/tibladin.dk\/wp-content\/uploads\/2022\/09\/tibladin_logo.svg","contentUrl":"https:\/\/tibladin.dk\/wp-content\/uploads\/2022\/09\/tibladin_logo.svg","caption":"Tibladin"},"image":{"@id":"https:\/\/tibladin.dk\/#\/schema\/logo\/image\/"}}]}},"_links":{"self":[{"href":"https:\/\/tibladin.dk\/nb\/wp-json\/wp\/v2\/product\/2237","targetHints":{"allow":["GET"]}}],"collection":[{"href":"https:\/\/tibladin.dk\/nb\/wp-json\/wp\/v2\/product"}],"about":[{"href":"https:\/\/tibladin.dk\/nb\/wp-json\/wp\/v2\/types\/product"}],"wp:featuredmedia":[{"embeddable":true,"href":"https:\/\/tibladin.dk\/nb\/wp-json\/wp\/v2\/media\/2308"}],"wp:attachment":[{"href":"https:\/\/tibladin.dk\/nb\/wp-json\/wp\/v2\/media?parent=2237"}],"wp:term":[{"taxonomy":"product_brand","embeddable":true,"href":"https:\/\/tibladin.dk\/nb\/wp-json\/wp\/v2\/product_brand?post=2237"},{"taxonomy":"product_cat","embeddable":true,"href":"https:\/\/tibladin.dk\/nb\/wp-json\/wp\/v2\/product_cat?post=2237"},{"taxonomy":"product_tag","embeddable":true,"href":"https:\/\/tibladin.dk\/nb\/wp-json\/wp\/v2\/product_tag?post=2237"}],"curies":[{"name":"wp","href":"https:\/\/api.w.org\/{rel}","templated":true}]}}