{"id":2425,"date":"2022-09-20T11:16:14","date_gmt":"2022-09-20T09:16:14","guid":{"rendered":"https:\/\/tibladin.dk\/vare\/bakke-i-valnoeddetrae-og-haandskaaret-inox\/"},"modified":"2026-03-14T12:02:29","modified_gmt":"2026-03-14T11:02:29","slug":"brett-i-valnoettre-og-haandskaaret-rustfritt-staal","status":"publish","type":"product","link":"https:\/\/tibladin.dk\/nb\/produkt\/bakke-i-valnoeddetrae-og-haandskaaret-inox\/","title":{"rendered":"Brett i valn\u00f8ttre og h\u00e5ndsk\u00e5ret rustfritt st\u00e5l"},"content":{"rendered":"<div class=\"wpb-content-wrapper\"><div class=\"vc_row wpb_row vc_row-fluid\"><div class=\"wpb_column vc_column_container vc_col-sm-4\"><div class=\"vc_column-inner\"><div class=\"wpb_wrapper\"><\/div><\/div><\/div><div class=\"wpb_column vc_column_container vc_col-sm-4\"><div class=\"vc_column-inner\"><div class=\"wpb_wrapper\"><h3 style=\"text-align: left\" class=\"vc_custom_heading vc_do_custom_heading\" >Vedlikehold<\/h3>\n\t<div class=\"wpb_text_column wpb_content_element\" >\n\t\t<div class=\"wpb_wrapper\">\n\t\t\t<p>Brettet kan t\u00f8rkes av med en fuktig klut og poleres med s\u00f8lvpolish. Om \u00f8nskelig kan treverket ogs\u00e5 oljes.<\/p>\n\n\t\t<\/div>\n\t<\/div>\n<\/div><\/div><\/div><div class=\"wpb_column vc_column_container vc_col-sm-4\"><div class=\"vc_column-inner\"><div class=\"wpb_wrapper\"><h3 style=\"text-align: left\" class=\"vc_custom_heading vc_do_custom_heading\" >Historien bak<\/h3>\n\t<div class=\"wpb_text_column wpb_content_element\" >\n\t\t<div class=\"wpb_wrapper\">\n\t\t\t<p>Dette vakre h\u00e5ndlagde brettet i valn\u00f8ttre med en h\u00e5ndsk\u00e5ret base i rustfritt st\u00e5l vil dekorere ethvert hjem. De vakre detaljene og m\u00f8nstrene som er sk\u00e5ret i rustfritt st\u00e5l st\u00e5r i kontrast til det enkle, m\u00f8rke treverket, og skaper en virkelig vakker effekt. Brettet i valn\u00f8ttre kan brukes b\u00e5de til dekorasjon og til oppbevaring av gjenstander som betyr mye for deg. Den vakre platen i rustfritt st\u00e5l reflekterer ogs\u00e5 vakkert lyset fra et stearinlys i en Beldi-telysholder. Jeg elsker sm\u00e5 ting som dekorerer hjemmet, og dette brettet gir det et ekstra preg av varme og marokkansk mystikk.<\/p>\n<p>Det vakre brettet kommer ogs\u00e5 med en fin gaveeske i elegant sort fl\u00f8yel, hvor du kan oppbevare brettet. Det gir ogs\u00e5 et ekstra elegant preg hvis du vil gi brettet i gave til noen du er glad i.<\/p>\n\n\t\t<\/div>\n\t<\/div>\n<\/div><\/div><\/div><\/div>\n<\/div>","protected":false},"excerpt":{"rendered":"<p>Vakkert h\u00e5ndlaget marokkansk brett i valn\u00f8ttre og h\u00e5ndsk\u00e5ret rustfritt st\u00e5l. Den dype fargen p\u00e5 treverket og de vakre m\u00f8nstrene i platen i rustfritt st\u00e5l gir et elegant og stilig uttrykk, noe som gj\u00f8r brettet perfekt til b\u00e5de dekorasjon, servering og oppbevaring. P\u00e5 denne m\u00e5ten kan du bringe marokkansk stil og h\u00e5ndverk inn i hjemmet ditt. Brettet kommer i en elegant gaveeske i svart fl\u00f8yel.<\/p>\n<p>Brettet m\u00e5ler 30 x 30 cm.<\/p>","protected":false},"featured_media":2422,"template":"","meta":{"inline_featured_image":false},"product_brand":[],"product_cat":[54,51],"product_tag":[],"class_list":{"0":"post-2425","1":"product","2":"type-product","3":"status-publish","4":"has-post-thumbnail","6":"product_cat-aesker-og-bakker","7":"product_cat-opbevaring","9":"first","10":"instock","11":"taxable","12":"shipping-taxable","13":"purchasable","14":"product-type-simple"},"exclude_global_add_ons":false,"addons":[{"name":"\u00d8nsker du gaveinnpakning?","type":"checkbox","position":0,"required":false,"title_format":"label","default":"","description_enable":false,"description":"","placeholder_enable":false,"placeholder":"","display":"images","restrictions_type":"any_text","adjust_price":false,"price":"","price_type":"flat_fee","restrictions":false,"min":"0","max":"0","options":[{"label":"Ja tak","price":"10","price_type":"flat_fee","image":11015,"visibility":true}],"id":1669646111}],"yoast_head":"<!-- This site is optimized with the Yoast SEO plugin v27.5 - https:\/\/yoast.com\/product\/yoast-seo-wordpress\/ -->\n<title>Bakke i valn\u00f8ddetr\u00e6 og h\u00e5ndsk\u00e5ret inox | Smukt design | Tibladin<\/title>\n<meta name=\"description\" content=\"H\u00e5ndlavet bakke i valn\u00f8ddetr\u00e6 med h\u00e5ndsk\u00e5ret inox. Smukt design og unikt m\u00f8nster der pynter i hjemmet. Bakken m\u00e5ler 30x30 cm.\" \/>\n<meta name=\"robots\" content=\"index, follow, max-snippet:-1, max-image-preview:large, max-video-preview:-1\" \/>\n<link rel=\"canonical\" href=\"https:\/\/tibladin.dk\/nb\/produkt\/brett-i-valnoettre-og-haandskaaret-rustfritt-staal\/\" \/>\n<meta property=\"og:locale\" content=\"nb_NO\" \/>\n<meta property=\"og:type\" content=\"article\" \/>\n<meta property=\"og:title\" content=\"Bakke i valn\u00f8ddetr\u00e6 og h\u00e5ndsk\u00e5ret inox | Smukt design | Tibladin\" \/>\n<meta property=\"og:description\" content=\"H\u00e5ndlavet bakke i valn\u00f8ddetr\u00e6 med h\u00e5ndsk\u00e5ret inox. Smukt design og unikt m\u00f8nster der pynter i hjemmet. Bakken m\u00e5ler 30x30 cm.\" \/>\n<meta property=\"og:url\" content=\"https:\/\/tibladin.dk\/nb\/produkt\/brett-i-valnoettre-og-haandskaaret-rustfritt-staal\/\" \/>\n<meta property=\"og:site_name\" content=\"Tibladin\" \/>\n<meta property=\"article:modified_time\" content=\"2026-03-14T11:02:29+00:00\" \/>\n<meta property=\"og:image\" content=\"https:\/\/tibladin.dk\/wp-content\/uploads\/2022\/09\/Tibladin_bakke-i-valnoeddetrae-og-inox-1-1.jpg\" \/>\n\t<meta property=\"og:image:width\" content=\"800\" \/>\n\t<meta property=\"og:image:height\" content=\"800\" \/>\n\t<meta property=\"og:image:type\" content=\"image\/jpeg\" \/>\n<meta name=\"twitter:card\" content=\"summary_large_image\" \/>\n<meta name=\"twitter:label1\" content=\"Ansl. lesetid\" \/>\n\t<meta name=\"twitter:data1\" content=\"2 minutter\" \/>\n<script type=\"application\/ld+json\" class=\"yoast-schema-graph\">{\"@context\":\"https:\\\/\\\/schema.org\",\"@graph\":[{\"@type\":\"WebPage\",\"@id\":\"https:\\\/\\\/tibladin.dk\\\/produkt\\\/bakke-i-valnoeddetrae-og-haandskaaret-inox\\\/\",\"url\":\"https:\\\/\\\/tibladin.dk\\\/produkt\\\/bakke-i-valnoeddetrae-og-haandskaaret-inox\\\/\",\"name\":\"Bakke i valn\u00f8ddetr\u00e6 og h\u00e5ndsk\u00e5ret inox | Smukt design | Tibladin\",\"isPartOf\":{\"@id\":\"https:\\\/\\\/tibladin.dk\\\/#website\"},\"primaryImageOfPage\":{\"@id\":\"https:\\\/\\\/tibladin.dk\\\/produkt\\\/bakke-i-valnoeddetrae-og-haandskaaret-inox\\\/#primaryimage\"},\"image\":{\"@id\":\"https:\\\/\\\/tibladin.dk\\\/produkt\\\/bakke-i-valnoeddetrae-og-haandskaaret-inox\\\/#primaryimage\"},\"thumbnailUrl\":\"https:\\\/\\\/tibladin.dk\\\/wp-content\\\/uploads\\\/2022\\\/09\\\/Tibladin_bakke-i-valnoeddetrae-og-inox-1-1.jpg\",\"datePublished\":\"2022-09-20T09:16:14+00:00\",\"dateModified\":\"2026-03-14T11:02:29+00:00\",\"description\":\"H\u00e5ndlavet bakke i valn\u00f8ddetr\u00e6 med h\u00e5ndsk\u00e5ret inox. Smukt design og unikt m\u00f8nster der pynter i hjemmet. Bakken m\u00e5ler 30x30 cm.\",\"breadcrumb\":{\"@id\":\"https:\\\/\\\/tibladin.dk\\\/produkt\\\/bakke-i-valnoeddetrae-og-haandskaaret-inox\\\/#breadcrumb\"},\"inLanguage\":\"nb-NO\",\"potentialAction\":[{\"@type\":\"ReadAction\",\"target\":[\"https:\\\/\\\/tibladin.dk\\\/produkt\\\/bakke-i-valnoeddetrae-og-haandskaaret-inox\\\/\"]}]},{\"@type\":\"ImageObject\",\"inLanguage\":\"nb-NO\",\"@id\":\"https:\\\/\\\/tibladin.dk\\\/produkt\\\/bakke-i-valnoeddetrae-og-haandskaaret-inox\\\/#primaryimage\",\"url\":\"https:\\\/\\\/tibladin.dk\\\/wp-content\\\/uploads\\\/2022\\\/09\\\/Tibladin_bakke-i-valnoeddetrae-og-inox-1-1.jpg\",\"contentUrl\":\"https:\\\/\\\/tibladin.dk\\\/wp-content\\\/uploads\\\/2022\\\/09\\\/Tibladin_bakke-i-valnoeddetrae-og-inox-1-1.jpg\",\"width\":800,\"height\":800,\"caption\":\"Marokkansk h\u00e5ndlavet bakke i valn\u00f8ddetr\u00e6 og inox\"},{\"@type\":\"BreadcrumbList\",\"@id\":\"https:\\\/\\\/tibladin.dk\\\/produkt\\\/bakke-i-valnoeddetrae-og-haandskaaret-inox\\\/#breadcrumb\",\"itemListElement\":[{\"@type\":\"ListItem\",\"position\":1,\"name\":\"Hjem\",\"item\":\"https:\\\/\\\/tibladin.dk\\\/\"},{\"@type\":\"ListItem\",\"position\":2,\"name\":\"Shop\",\"item\":\"https:\\\/\\\/tibladin.dk\\\/shop\\\/\"},{\"@type\":\"ListItem\",\"position\":3,\"name\":\"Bakke i valn\u00f8ddetr\u00e6 og h\u00e5ndsk\u00e5ret inox\"}]},{\"@type\":\"WebSite\",\"@id\":\"https:\\\/\\\/tibladin.dk\\\/#website\",\"url\":\"https:\\\/\\\/tibladin.dk\\\/\",\"name\":\"Tibladin\",\"description\":\"Tibladin\",\"publisher\":{\"@id\":\"https:\\\/\\\/tibladin.dk\\\/#organization\"},\"potentialAction\":[{\"@type\":\"SearchAction\",\"target\":{\"@type\":\"EntryPoint\",\"urlTemplate\":\"https:\\\/\\\/tibladin.dk\\\/?s={search_term_string}\"},\"query-input\":{\"@type\":\"PropertyValueSpecification\",\"valueRequired\":true,\"valueName\":\"search_term_string\"}}],\"inLanguage\":\"nb-NO\"},{\"@type\":\"Organization\",\"@id\":\"https:\\\/\\\/tibladin.dk\\\/#organization\",\"name\":\"Tibladin\",\"url\":\"https:\\\/\\\/tibladin.dk\\\/\",\"logo\":{\"@type\":\"ImageObject\",\"inLanguage\":\"nb-NO\",\"@id\":\"https:\\\/\\\/tibladin.dk\\\/#\\\/schema\\\/logo\\\/image\\\/\",\"url\":\"https:\\\/\\\/tibladin.dk\\\/wp-content\\\/uploads\\\/2022\\\/09\\\/tibladin_logo.svg\",\"contentUrl\":\"https:\\\/\\\/tibladin.dk\\\/wp-content\\\/uploads\\\/2022\\\/09\\\/tibladin_logo.svg\",\"caption\":\"Tibladin\"},\"image\":{\"@id\":\"https:\\\/\\\/tibladin.dk\\\/#\\\/schema\\\/logo\\\/image\\\/\"}}]}<\/script>\n<!-- \/ Yoast SEO plugin. -->","yoast_head_json":{"title":"Brett i valn\u00f8ttre og h\u00e5ndsk\u00e5ret rustfritt st\u00e5l | Vakkert design | Tibladin","description":"H\u00e5ndlaget brett i valn\u00f8ttre med h\u00e5ndsk\u00e5ret rustfritt st\u00e5l. Vakkert design og unikt m\u00f8nster som vil dekorere hjemmet ditt. Brettet m\u00e5ler 30x30 cm.","robots":{"index":"index","follow":"follow","max-snippet":"max-snippet:-1","max-image-preview":"max-image-preview:large","max-video-preview":"max-video-preview:-1"},"canonical":"https:\/\/tibladin.dk\/nb\/produkt\/brett-i-valnoettre-og-haandskaaret-rustfritt-staal\/","og_locale":"nb_NO","og_type":"article","og_title":"Bakke i valn\u00f8ddetr\u00e6 og h\u00e5ndsk\u00e5ret inox | Smukt design | Tibladin","og_description":"H\u00e5ndlavet bakke i valn\u00f8ddetr\u00e6 med h\u00e5ndsk\u00e5ret inox. Smukt design og unikt m\u00f8nster der pynter i hjemmet. Bakken m\u00e5ler 30x30 cm.","og_url":"https:\/\/tibladin.dk\/nb\/produkt\/brett-i-valnoettre-og-haandskaaret-rustfritt-staal\/","og_site_name":"Tibladin","article_modified_time":"2026-03-14T11:02:29+00:00","og_image":[{"width":800,"height":800,"url":"https:\/\/tibladin.dk\/wp-content\/uploads\/2022\/09\/Tibladin_bakke-i-valnoeddetrae-og-inox-1-1.jpg","type":"image\/jpeg"}],"twitter_card":"summary_large_image","twitter_misc":{"Ansl. lesetid":"2 minutter"},"schema":{"@context":"https:\/\/schema.org","@graph":[{"@type":"WebPage","@id":"https:\/\/tibladin.dk\/produkt\/bakke-i-valnoeddetrae-og-haandskaaret-inox\/","url":"https:\/\/tibladin.dk\/produkt\/bakke-i-valnoeddetrae-og-haandskaaret-inox\/","name":"Brett i valn\u00f8ttre og h\u00e5ndsk\u00e5ret rustfritt st\u00e5l | Vakkert design | Tibladin","isPartOf":{"@id":"https:\/\/tibladin.dk\/#website"},"primaryImageOfPage":{"@id":"https:\/\/tibladin.dk\/produkt\/bakke-i-valnoeddetrae-og-haandskaaret-inox\/#primaryimage"},"image":{"@id":"https:\/\/tibladin.dk\/produkt\/bakke-i-valnoeddetrae-og-haandskaaret-inox\/#primaryimage"},"thumbnailUrl":"https:\/\/tibladin.dk\/wp-content\/uploads\/2022\/09\/Tibladin_bakke-i-valnoeddetrae-og-inox-1-1.jpg","datePublished":"2022-09-20T09:16:14+00:00","dateModified":"2026-03-14T11:02:29+00:00","description":"H\u00e5ndlaget brett i valn\u00f8ttre med h\u00e5ndsk\u00e5ret rustfritt st\u00e5l. Vakkert design og unikt m\u00f8nster som vil dekorere hjemmet ditt. Brettet m\u00e5ler 30x30 cm.","breadcrumb":{"@id":"https:\/\/tibladin.dk\/produkt\/bakke-i-valnoeddetrae-og-haandskaaret-inox\/#breadcrumb"},"inLanguage":"nb-NO","potentialAction":[{"@type":"ReadAction","target":["https:\/\/tibladin.dk\/produkt\/bakke-i-valnoeddetrae-og-haandskaaret-inox\/"]}]},{"@type":"ImageObject","inLanguage":"nb-NO","@id":"https:\/\/tibladin.dk\/produkt\/bakke-i-valnoeddetrae-og-haandskaaret-inox\/#primaryimage","url":"https:\/\/tibladin.dk\/wp-content\/uploads\/2022\/09\/Tibladin_bakke-i-valnoeddetrae-og-inox-1-1.jpg","contentUrl":"https:\/\/tibladin.dk\/wp-content\/uploads\/2022\/09\/Tibladin_bakke-i-valnoeddetrae-og-inox-1-1.jpg","width":800,"height":800,"caption":"Marokkansk h\u00e5ndlavet bakke i valn\u00f8ddetr\u00e6 og inox"},{"@type":"BreadcrumbList","@id":"https:\/\/tibladin.dk\/produkt\/bakke-i-valnoeddetrae-og-haandskaaret-inox\/#breadcrumb","itemListElement":[{"@type":"ListItem","position":1,"name":"Hjem","item":"https:\/\/tibladin.dk\/"},{"@type":"ListItem","position":2,"name":"Shop","item":"https:\/\/tibladin.dk\/shop\/"},{"@type":"ListItem","position":3,"name":"Bakke i valn\u00f8ddetr\u00e6 og h\u00e5ndsk\u00e5ret inox"}]},{"@type":"WebSite","@id":"https:\/\/tibladin.dk\/#website","url":"https:\/\/tibladin.dk\/","name":"Tibladin","description":"Tibladin","publisher":{"@id":"https:\/\/tibladin.dk\/#organization"},"potentialAction":[{"@type":"SearchAction","target":{"@type":"EntryPoint","urlTemplate":"https:\/\/tibladin.dk\/?s={search_term_string}"},"query-input":{"@type":"PropertyValueSpecification","valueRequired":true,"valueName":"search_term_string"}}],"inLanguage":"nb-NO"},{"@type":"Organization","@id":"https:\/\/tibladin.dk\/#organization","name":"Tibladin","url":"https:\/\/tibladin.dk\/","logo":{"@type":"ImageObject","inLanguage":"nb-NO","@id":"https:\/\/tibladin.dk\/#\/schema\/logo\/image\/","url":"https:\/\/tibladin.dk\/wp-content\/uploads\/2022\/09\/tibladin_logo.svg","contentUrl":"https:\/\/tibladin.dk\/wp-content\/uploads\/2022\/09\/tibladin_logo.svg","caption":"Tibladin"},"image":{"@id":"https:\/\/tibladin.dk\/#\/schema\/logo\/image\/"}}]}},"_links":{"self":[{"href":"https:\/\/tibladin.dk\/nb\/wp-json\/wp\/v2\/product\/2425","targetHints":{"allow":["GET"]}}],"collection":[{"href":"https:\/\/tibladin.dk\/nb\/wp-json\/wp\/v2\/product"}],"about":[{"href":"https:\/\/tibladin.dk\/nb\/wp-json\/wp\/v2\/types\/product"}],"wp:featuredmedia":[{"embeddable":true,"href":"https:\/\/tibladin.dk\/nb\/wp-json\/wp\/v2\/media\/2422"}],"wp:attachment":[{"href":"https:\/\/tibladin.dk\/nb\/wp-json\/wp\/v2\/media?parent=2425"}],"wp:term":[{"taxonomy":"product_brand","embeddable":true,"href":"https:\/\/tibladin.dk\/nb\/wp-json\/wp\/v2\/product_brand?post=2425"},{"taxonomy":"product_cat","embeddable":true,"href":"https:\/\/tibladin.dk\/nb\/wp-json\/wp\/v2\/product_cat?post=2425"},{"taxonomy":"product_tag","embeddable":true,"href":"https:\/\/tibladin.dk\/nb\/wp-json\/wp\/v2\/product_tag?post=2425"}],"curies":[{"name":"wp","href":"https:\/\/api.w.org\/{rel}","templated":true}]}}