{"id":2437,"date":"2022-09-20T11:16:19","date_gmt":"2022-09-20T09:16:19","guid":{"rendered":"https:\/\/tibladin.dk\/vare\/loungestol-i-valnoeddetrae-med-flettet-laeder-cosy\/"},"modified":"2026-03-13T14:42:08","modified_gmt":"2026-03-13T13:42:08","slug":"lenestol-i-valnoettre-med-flettet-skinnkose","status":"publish","type":"product","link":"https:\/\/tibladin.dk\/nb\/produkt\/loungestol-i-valnoeddetrae-med-flettet-laeder-cosy\/","title":{"rendered":"Lenestol i valn\u00f8ttre med flettet skinn COSY"},"content":{"rendered":"<div class=\"wpb-content-wrapper\"><div class=\"vc_row wpb_row vc_row-fluid\"><div class=\"wpb_column vc_column_container vc_col-sm-4\"><div class=\"vc_column-inner\"><div class=\"wpb_wrapper\"><\/div><\/div><\/div><div class=\"wpb_column vc_column_container vc_col-sm-4\"><div class=\"vc_column-inner\"><div class=\"wpb_wrapper\"><h3 style=\"text-align: left\" class=\"vc_custom_heading vc_do_custom_heading\" >Vedlikehold<\/h3>\n\t<div class=\"wpb_text_column wpb_content_element\" >\n\t\t<div class=\"wpb_wrapper\">\n\t\t\t<p>Stolen kan t\u00f8rkes av med en fuktig klut, og om \u00f8nskelig kan b\u00e5de treverket og l\u00e6ret oljes etter behov.<\/p>\n\n\t\t<\/div>\n\t<\/div>\n<\/div><\/div><\/div><div class=\"wpb_column vc_column_container vc_col-sm-4\"><div class=\"vc_column-inner\"><div class=\"wpb_wrapper\"><h3 style=\"text-align: left\" class=\"vc_custom_heading vc_do_custom_heading\" >Historien bak<\/h3>\n\t<div class=\"wpb_text_column wpb_content_element\" >\n\t\t<div class=\"wpb_wrapper\">\n\t\t\t<p>Denne vakre lenestolen er laget av valn\u00f8ttre med et sete av flettet skinn. Stolen er h\u00e5ndlaget i Marrakech og har et elegant og varmt uttrykk som passer godt inn i det stilfulle skandinaviske hjemmet. De vakre rene linjene, kombinert med det deilige m\u00f8rke valn\u00f8ttreet og det varme skinnet, gir en f\u00f8lelse av eleganse, men inviterer ogs\u00e5 til avslapning og hygge. Stolen kan plasseres i stuen som en del av sofaarrangementet, p\u00e5 soverommet og p\u00e5 kontoret, og passer derfor godt inn i de fleste rom. Stolen er laget i samarbeid med en h\u00e5ndverker i Marrakech.<\/p>\n\n\t\t<\/div>\n\t<\/div>\n<\/div><\/div><\/div><\/div>\n<\/div>","protected":false},"excerpt":{"rendered":"<p class=\"p1\">Vakker lenestol i valn\u00f8ttre med sete i flettet skinn. Stolen er h\u00e5ndlaget av en h\u00e5ndverker i Marrakech og har et elegant, stilig og varmt uttrykk. De vakre rene linjene og de varme fargene fra valn\u00f8ttreet og l\u00e6ret gj\u00f8r at stolen passer godt inn i det skandinaviske interi\u00f8ret. Lenestolen er perfekt for avslapning og hygge, og passer godt inn i b\u00e5de stue, soverom og kontor.<\/p>\n<p><strong>MERK! Kan kj\u00f8pes p\u00e5 nett og hentes i butikk<\/strong>.<strong> Stolen blir ikke sendt!<\/strong><\/p>\n<p>| H\u00f8yde: 75 cm (seteh\u00f8yde 40 cm) | Dybde: 50 cm | Bredde: 60 cm |<\/p>","protected":false},"featured_media":2432,"template":"","meta":{"inline_featured_image":false},"product_brand":[],"product_cat":[47,108,39],"product_tag":[],"class_list":{"0":"post-2437","1":"product","2":"type-product","3":"status-publish","4":"has-post-thumbnail","6":"product_cat-gaven-til-ham","7":"product_cat-loungestole-indendoers","8":"product_cat-moebler","10":"first","11":"instock","12":"taxable","13":"shipping-taxable","14":"purchasable","15":"product-type-simple"},"exclude_global_add_ons":[],"addons":[],"yoast_head":"<!-- This site is optimized with the Yoast SEO plugin v27.4 - https:\/\/yoast.com\/product\/yoast-seo-wordpress\/ -->\n<title>Loungestol i valn\u00f8ddetr\u00e6 og flettet l\u00e6der | Eksklusivt h\u00e5ndv\u00e6rk<\/title>\n<meta name=\"description\" content=\"Smuk loungestol i valn\u00f8ddetr\u00e6 med s\u00e6de af flettet l\u00e6der. H\u00e5ndlavet i Marrakech ved lokal kunsth\u00e5ndv\u00e6rker. Perfekt til afslapning og hygge.\" \/>\n<meta name=\"robots\" content=\"index, follow, max-snippet:-1, max-image-preview:large, max-video-preview:-1\" \/>\n<link rel=\"canonical\" href=\"https:\/\/tibladin.dk\/nb\/produkt\/lenestol-i-valnoettre-med-flettet-skinnkose\/\" \/>\n<meta property=\"og:locale\" content=\"nb_NO\" \/>\n<meta property=\"og:type\" content=\"article\" \/>\n<meta property=\"og:title\" content=\"Loungestol i valn\u00f8ddetr\u00e6 og flettet l\u00e6der | Eksklusivt h\u00e5ndv\u00e6rk\" \/>\n<meta property=\"og:description\" content=\"Smuk loungestol i valn\u00f8ddetr\u00e6 med s\u00e6de af flettet l\u00e6der. H\u00e5ndlavet i Marrakech ved lokal kunsth\u00e5ndv\u00e6rker. Perfekt til afslapning og hygge.\" \/>\n<meta property=\"og:url\" content=\"https:\/\/tibladin.dk\/nb\/produkt\/lenestol-i-valnoettre-med-flettet-skinnkose\/\" \/>\n<meta property=\"og:site_name\" content=\"Tibladin\" \/>\n<meta property=\"article:modified_time\" content=\"2026-03-13T13:42:08+00:00\" \/>\n<meta property=\"og:image\" content=\"https:\/\/tibladin.dk\/wp-content\/uploads\/2022\/09\/Loungestol-1.jpg\" \/>\n\t<meta property=\"og:image:width\" content=\"800\" \/>\n\t<meta property=\"og:image:height\" content=\"800\" \/>\n\t<meta property=\"og:image:type\" content=\"image\/jpeg\" \/>\n<meta name=\"twitter:card\" content=\"summary_large_image\" \/>\n<meta name=\"twitter:label1\" content=\"Ansl. lesetid\" \/>\n\t<meta name=\"twitter:data1\" content=\"2 minutter\" \/>\n<script type=\"application\/ld+json\" class=\"yoast-schema-graph\">{\"@context\":\"https:\\\/\\\/schema.org\",\"@graph\":[{\"@type\":\"WebPage\",\"@id\":\"https:\\\/\\\/tibladin.dk\\\/produkt\\\/loungestol-i-valnoeddetrae-med-flettet-laeder-cosy\\\/\",\"url\":\"https:\\\/\\\/tibladin.dk\\\/produkt\\\/loungestol-i-valnoeddetrae-med-flettet-laeder-cosy\\\/\",\"name\":\"Loungestol i valn\u00f8ddetr\u00e6 og flettet l\u00e6der | Eksklusivt h\u00e5ndv\u00e6rk\",\"isPartOf\":{\"@id\":\"https:\\\/\\\/tibladin.dk\\\/#website\"},\"primaryImageOfPage\":{\"@id\":\"https:\\\/\\\/tibladin.dk\\\/produkt\\\/loungestol-i-valnoeddetrae-med-flettet-laeder-cosy\\\/#primaryimage\"},\"image\":{\"@id\":\"https:\\\/\\\/tibladin.dk\\\/produkt\\\/loungestol-i-valnoeddetrae-med-flettet-laeder-cosy\\\/#primaryimage\"},\"thumbnailUrl\":\"https:\\\/\\\/tibladin.dk\\\/wp-content\\\/uploads\\\/2022\\\/09\\\/Loungestol-1.jpg\",\"datePublished\":\"2022-09-20T09:16:19+00:00\",\"dateModified\":\"2026-03-13T13:42:08+00:00\",\"description\":\"Smuk loungestol i valn\u00f8ddetr\u00e6 med s\u00e6de af flettet l\u00e6der. H\u00e5ndlavet i Marrakech ved lokal kunsth\u00e5ndv\u00e6rker. Perfekt til afslapning og hygge.\",\"breadcrumb\":{\"@id\":\"https:\\\/\\\/tibladin.dk\\\/produkt\\\/loungestol-i-valnoeddetrae-med-flettet-laeder-cosy\\\/#breadcrumb\"},\"inLanguage\":\"nb-NO\",\"potentialAction\":[{\"@type\":\"ReadAction\",\"target\":[\"https:\\\/\\\/tibladin.dk\\\/produkt\\\/loungestol-i-valnoeddetrae-med-flettet-laeder-cosy\\\/\"]}]},{\"@type\":\"ImageObject\",\"inLanguage\":\"nb-NO\",\"@id\":\"https:\\\/\\\/tibladin.dk\\\/produkt\\\/loungestol-i-valnoeddetrae-med-flettet-laeder-cosy\\\/#primaryimage\",\"url\":\"https:\\\/\\\/tibladin.dk\\\/wp-content\\\/uploads\\\/2022\\\/09\\\/Loungestol-1.jpg\",\"contentUrl\":\"https:\\\/\\\/tibladin.dk\\\/wp-content\\\/uploads\\\/2022\\\/09\\\/Loungestol-1.jpg\",\"width\":800,\"height\":800,\"caption\":\"H\u00e5ndlavet loungestol i valn\u00f8ddetr\u00e6 og s\u00e6de i flettet l\u00e6der forfra\"},{\"@type\":\"BreadcrumbList\",\"@id\":\"https:\\\/\\\/tibladin.dk\\\/produkt\\\/loungestol-i-valnoeddetrae-med-flettet-laeder-cosy\\\/#breadcrumb\",\"itemListElement\":[{\"@type\":\"ListItem\",\"position\":1,\"name\":\"Hjem\",\"item\":\"https:\\\/\\\/tibladin.dk\\\/\"},{\"@type\":\"ListItem\",\"position\":2,\"name\":\"Shop\",\"item\":\"https:\\\/\\\/tibladin.dk\\\/shop\\\/\"},{\"@type\":\"ListItem\",\"position\":3,\"name\":\"Loungestol i valn\u00f8ddetr\u00e6 med flettet l\u00e6der COSY\"}]},{\"@type\":\"WebSite\",\"@id\":\"https:\\\/\\\/tibladin.dk\\\/#website\",\"url\":\"https:\\\/\\\/tibladin.dk\\\/\",\"name\":\"Tibladin\",\"description\":\"Tibladin\",\"publisher\":{\"@id\":\"https:\\\/\\\/tibladin.dk\\\/#organization\"},\"potentialAction\":[{\"@type\":\"SearchAction\",\"target\":{\"@type\":\"EntryPoint\",\"urlTemplate\":\"https:\\\/\\\/tibladin.dk\\\/?s={search_term_string}\"},\"query-input\":{\"@type\":\"PropertyValueSpecification\",\"valueRequired\":true,\"valueName\":\"search_term_string\"}}],\"inLanguage\":\"nb-NO\"},{\"@type\":\"Organization\",\"@id\":\"https:\\\/\\\/tibladin.dk\\\/#organization\",\"name\":\"Tibladin\",\"url\":\"https:\\\/\\\/tibladin.dk\\\/\",\"logo\":{\"@type\":\"ImageObject\",\"inLanguage\":\"nb-NO\",\"@id\":\"https:\\\/\\\/tibladin.dk\\\/#\\\/schema\\\/logo\\\/image\\\/\",\"url\":\"https:\\\/\\\/tibladin.dk\\\/wp-content\\\/uploads\\\/2022\\\/09\\\/tibladin_logo.svg\",\"contentUrl\":\"https:\\\/\\\/tibladin.dk\\\/wp-content\\\/uploads\\\/2022\\\/09\\\/tibladin_logo.svg\",\"caption\":\"Tibladin\"},\"image\":{\"@id\":\"https:\\\/\\\/tibladin.dk\\\/#\\\/schema\\\/logo\\\/image\\\/\"}}]}<\/script>\n<!-- \/ Yoast SEO plugin. -->","yoast_head_json":{"title":"Loungestol i valn\u00f8ttre og flettet skinn | Eksklusivt h\u00e5ndverk","description":"Vakker lenestol i valn\u00f8ttre med sete i vevd skinn. H\u00e5ndlaget i Marrakech av en lokal h\u00e5ndverker. Perfekt for avslapning og hygge.","robots":{"index":"index","follow":"follow","max-snippet":"max-snippet:-1","max-image-preview":"max-image-preview:large","max-video-preview":"max-video-preview:-1"},"canonical":"https:\/\/tibladin.dk\/nb\/produkt\/lenestol-i-valnoettre-med-flettet-skinnkose\/","og_locale":"nb_NO","og_type":"article","og_title":"Loungestol i valn\u00f8ddetr\u00e6 og flettet l\u00e6der | Eksklusivt h\u00e5ndv\u00e6rk","og_description":"Smuk loungestol i valn\u00f8ddetr\u00e6 med s\u00e6de af flettet l\u00e6der. H\u00e5ndlavet i Marrakech ved lokal kunsth\u00e5ndv\u00e6rker. Perfekt til afslapning og hygge.","og_url":"https:\/\/tibladin.dk\/nb\/produkt\/lenestol-i-valnoettre-med-flettet-skinnkose\/","og_site_name":"Tibladin","article_modified_time":"2026-03-13T13:42:08+00:00","og_image":[{"width":800,"height":800,"url":"https:\/\/tibladin.dk\/wp-content\/uploads\/2022\/09\/Loungestol-1.jpg","type":"image\/jpeg"}],"twitter_card":"summary_large_image","twitter_misc":{"Ansl. lesetid":"2 minutter"},"schema":{"@context":"https:\/\/schema.org","@graph":[{"@type":"WebPage","@id":"https:\/\/tibladin.dk\/produkt\/loungestol-i-valnoeddetrae-med-flettet-laeder-cosy\/","url":"https:\/\/tibladin.dk\/produkt\/loungestol-i-valnoeddetrae-med-flettet-laeder-cosy\/","name":"Loungestol i valn\u00f8ttre og flettet skinn | Eksklusivt h\u00e5ndverk","isPartOf":{"@id":"https:\/\/tibladin.dk\/#website"},"primaryImageOfPage":{"@id":"https:\/\/tibladin.dk\/produkt\/loungestol-i-valnoeddetrae-med-flettet-laeder-cosy\/#primaryimage"},"image":{"@id":"https:\/\/tibladin.dk\/produkt\/loungestol-i-valnoeddetrae-med-flettet-laeder-cosy\/#primaryimage"},"thumbnailUrl":"https:\/\/tibladin.dk\/wp-content\/uploads\/2022\/09\/Loungestol-1.jpg","datePublished":"2022-09-20T09:16:19+00:00","dateModified":"2026-03-13T13:42:08+00:00","description":"Vakker lenestol i valn\u00f8ttre med sete i vevd skinn. H\u00e5ndlaget i Marrakech av en lokal h\u00e5ndverker. Perfekt for avslapning og hygge.","breadcrumb":{"@id":"https:\/\/tibladin.dk\/produkt\/loungestol-i-valnoeddetrae-med-flettet-laeder-cosy\/#breadcrumb"},"inLanguage":"nb-NO","potentialAction":[{"@type":"ReadAction","target":["https:\/\/tibladin.dk\/produkt\/loungestol-i-valnoeddetrae-med-flettet-laeder-cosy\/"]}]},{"@type":"ImageObject","inLanguage":"nb-NO","@id":"https:\/\/tibladin.dk\/produkt\/loungestol-i-valnoeddetrae-med-flettet-laeder-cosy\/#primaryimage","url":"https:\/\/tibladin.dk\/wp-content\/uploads\/2022\/09\/Loungestol-1.jpg","contentUrl":"https:\/\/tibladin.dk\/wp-content\/uploads\/2022\/09\/Loungestol-1.jpg","width":800,"height":800,"caption":"H\u00e5ndlavet loungestol i valn\u00f8ddetr\u00e6 og s\u00e6de i flettet l\u00e6der forfra"},{"@type":"BreadcrumbList","@id":"https:\/\/tibladin.dk\/produkt\/loungestol-i-valnoeddetrae-med-flettet-laeder-cosy\/#breadcrumb","itemListElement":[{"@type":"ListItem","position":1,"name":"Hjem","item":"https:\/\/tibladin.dk\/"},{"@type":"ListItem","position":2,"name":"Shop","item":"https:\/\/tibladin.dk\/shop\/"},{"@type":"ListItem","position":3,"name":"Loungestol i valn\u00f8ddetr\u00e6 med flettet l\u00e6der COSY"}]},{"@type":"WebSite","@id":"https:\/\/tibladin.dk\/#website","url":"https:\/\/tibladin.dk\/","name":"Tibladin","description":"Tibladin","publisher":{"@id":"https:\/\/tibladin.dk\/#organization"},"potentialAction":[{"@type":"SearchAction","target":{"@type":"EntryPoint","urlTemplate":"https:\/\/tibladin.dk\/?s={search_term_string}"},"query-input":{"@type":"PropertyValueSpecification","valueRequired":true,"valueName":"search_term_string"}}],"inLanguage":"nb-NO"},{"@type":"Organization","@id":"https:\/\/tibladin.dk\/#organization","name":"Tibladin","url":"https:\/\/tibladin.dk\/","logo":{"@type":"ImageObject","inLanguage":"nb-NO","@id":"https:\/\/tibladin.dk\/#\/schema\/logo\/image\/","url":"https:\/\/tibladin.dk\/wp-content\/uploads\/2022\/09\/tibladin_logo.svg","contentUrl":"https:\/\/tibladin.dk\/wp-content\/uploads\/2022\/09\/tibladin_logo.svg","caption":"Tibladin"},"image":{"@id":"https:\/\/tibladin.dk\/#\/schema\/logo\/image\/"}}]}},"_links":{"self":[{"href":"https:\/\/tibladin.dk\/nb\/wp-json\/wp\/v2\/product\/2437","targetHints":{"allow":["GET"]}}],"collection":[{"href":"https:\/\/tibladin.dk\/nb\/wp-json\/wp\/v2\/product"}],"about":[{"href":"https:\/\/tibladin.dk\/nb\/wp-json\/wp\/v2\/types\/product"}],"wp:featuredmedia":[{"embeddable":true,"href":"https:\/\/tibladin.dk\/nb\/wp-json\/wp\/v2\/media\/2432"}],"wp:attachment":[{"href":"https:\/\/tibladin.dk\/nb\/wp-json\/wp\/v2\/media?parent=2437"}],"wp:term":[{"taxonomy":"product_brand","embeddable":true,"href":"https:\/\/tibladin.dk\/nb\/wp-json\/wp\/v2\/product_brand?post=2437"},{"taxonomy":"product_cat","embeddable":true,"href":"https:\/\/tibladin.dk\/nb\/wp-json\/wp\/v2\/product_cat?post=2437"},{"taxonomy":"product_tag","embeddable":true,"href":"https:\/\/tibladin.dk\/nb\/wp-json\/wp\/v2\/product_tag?post=2437"}],"curies":[{"name":"wp","href":"https:\/\/api.w.org\/{rel}","templated":true}]}}