{"id":2467,"date":"2025-06-26T11:16:35","date_gmt":"2025-06-26T09:16:35","guid":{"rendered":"https:\/\/tibladin.dk\/?post_type=product&#038;p=2467"},"modified":"2026-02-03T14:34:06","modified_gmt":"2026-02-03T13:34:06","slug":"rutete-bomull-i-flere-farger","status":"publish","type":"product","link":"https:\/\/tibladin.dk\/nb\/produkt\/plaider-bomuld-flere-farver\/","title":{"rendered":"Bomullstepper i flere farger"},"content":{"rendered":"<div class=\"wpb-content-wrapper\"><div class=\"vc_row wpb_row vc_row-fluid\"><div class=\"wpb_column vc_column_container vc_col-sm-4\"><div class=\"vc_column-inner\"><div class=\"wpb_wrapper\"><\/div><\/div><\/div><div class=\"wpb_column vc_column_container vc_col-sm-4\"><div class=\"vc_column-inner\"><div class=\"wpb_wrapper\"><h3 style=\"text-align: left\" class=\"vc_custom_heading vc_do_custom_heading\" >Vedlikehold<\/h3>\n\t<div class=\"wpb_text_column wpb_content_element\" >\n\t\t<div class=\"wpb_wrapper\">\n\t\t\t<p>Kan vaskes av <strong>40 grader<\/strong>, maskinvask.<\/p>\n\n\t\t<\/div>\n\t<\/div>\n<\/div><\/div><\/div><div class=\"wpb_column vc_column_container vc_col-sm-4\"><div class=\"vc_column-inner\"><div class=\"wpb_wrapper\"><h3 style=\"text-align: left\" class=\"vc_custom_heading vc_do_custom_heading\" >Historien bak<\/h3>\n\t<div class=\"wpb_text_column wpb_content_element\" >\n\t\t<div class=\"wpb_wrapper\">\n\t\t\t<p>De vakreste og mykeste marokkanske pleddene er tilgjengelige i forskjellige farger. Alle pleddene v\u00e5re er laget i et samarbeid med en lokal designer i Marrakech, og er laget unikt for Tibladin.<\/p>\n<p>Pleddene er h\u00e5ndvevd i bomull, med de vakreste detaljer i vevingen og fine pomponger i begge ender av pleddet. Dette gj\u00f8r dem herlig myke og varme, samtidig som de ikke tar opp mye plass, noe som gj\u00f8r dem nyttige mange steder i hjemmet.<\/p>\n<p>I de varme sommerm\u00e5nedene kan de pynte opp terrassen eller balkongen, hvor de kan brukes til varme kvelder, og n\u00e5r vi flytter innend\u00f8rs, kan de ligge klare i sofaen, lenestolen eller som pynt ved fotenden av sengen din.<\/p>\n\n\t\t<\/div>\n\t<\/div>\n<\/div><\/div><\/div><\/div>\n<\/div>","protected":false},"excerpt":{"rendered":"<p data-start=\"0\" data-end=\"103\">Opplev den ultimate kombinasjonen av kos og h\u00e5ndverk med v\u00e5re vakre h\u00e5ndvevde bomullspledd! \ud83c\udf3f\u2728<\/p>\n<p data-start=\"105\" data-end=\"368\">Disse pleddene er laget av myk 100% bomull, og kommer i seks varme, naturlige farger \u2013 fra klassisk gr\u00e5, str\u00e5lende hvit og kremet beige, til gyllen oker og en vakker skoggr\u00f8nn. Hvert pledd er kj\u00e6rlig h\u00e5ndvevd og ferdig med dekorative pomponger som gir et lekent og stilig preg.<\/p>\n<p data-start=\"370\" data-end=\"593\">Perfekt for sofaen, sengen, en tur til stranden eller en kj\u00f8lig kveld p\u00e5 balkongen \u2013 disse pleddene gir b\u00e5de komfort og karakter til hjemmet ditt. Med sine jordfarger passer de inn i enhver innredning og vil raskt bli en favoritt i hverdagen.<\/p>\n<p data-start=\"595\" data-end=\"715\">\ud83c\udf81 Gi dem i gave, eller skjem deg bort \u2013 du fortjener det!<br data-start=\"657\" data-end=\"660\" \/>\ud83e\uddfa Lett \u00e5 vaske og holder seg fin vask etter vask.<\/p>\n<p data-start=\"717\" data-end=\"827\" data-is-last-node=\"\" data-is-only-node=\"\"><strong data-start=\"717\" data-end=\"749\">H\u00e5ndverk. Komfort. Karakter.<\/strong><br data-start=\"749\" data-end=\"752\" \/>Finn din favorittfarge \u2013 eller miks og match flere for et personlig uttrykk!<\/p>","protected":false},"featured_media":37450,"template":"","meta":{"inline_featured_image":false},"product_brand":[],"product_cat":[90,37],"product_tag":[],"class_list":{"0":"post-2467","1":"product","2":"type-product","3":"status-publish","4":"has-post-thumbnail","6":"product_cat-plaider","7":"product_cat-tekstiler","9":"first","10":"instock","11":"taxable","12":"shipping-taxable","13":"purchasable","14":"product-type-variable"},"exclude_global_add_ons":false,"addons":[{"name":"\u00d8nsker du gaveinnpakning?","type":"checkbox","position":0,"required":false,"title_format":"label","default":"","description_enable":false,"description":"","placeholder_enable":false,"placeholder":"","display":"images","restrictions_type":"any_text","adjust_price":false,"price":"","price_type":"flat_fee","restrictions":false,"min":"0","max":"0","options":[{"label":"Ja tak","price":"10","price_type":"flat_fee","image":11015,"visibility":true}],"id":1669646111}],"yoast_head":"<!-- This site is optimized with the Yoast SEO plugin v27.4 - https:\/\/yoast.com\/product\/yoast-seo-wordpress\/ -->\n<title>Plaid i en l\u00e6kker bomuldsblanding | Marokkansk tekstil |\u00a0Tibladin<\/title>\n<meta name=\"description\" content=\"Marokkanske bomuldsplaider med smukke v\u00e6vninger. Tag plaiden med til stranden, pynt med den for fodenden af din seng eller i en stol.\" \/>\n<meta name=\"robots\" content=\"index, follow, max-snippet:-1, max-image-preview:large, max-video-preview:-1\" \/>\n<link rel=\"canonical\" href=\"https:\/\/tibladin.dk\/nb\/produkt\/rutete-bomull-i-flere-farger\/\" \/>\n<meta property=\"og:locale\" content=\"nb_NO\" \/>\n<meta property=\"og:type\" content=\"article\" \/>\n<meta property=\"og:title\" content=\"Plaid i en l\u00e6kker bomuldsblanding | Marokkansk tekstil |\u00a0Tibladin\" \/>\n<meta property=\"og:description\" content=\"Marokkanske bomuldsplaider med smukke v\u00e6vninger. Tag plaiden med til stranden, pynt med den for fodenden af din seng eller i en stol.\" \/>\n<meta property=\"og:url\" content=\"https:\/\/tibladin.dk\/nb\/produkt\/rutete-bomull-i-flere-farger\/\" \/>\n<meta property=\"og:site_name\" content=\"Tibladin\" \/>\n<meta property=\"article:modified_time\" content=\"2026-02-03T13:34:06+00:00\" \/>\n<meta property=\"og:image\" content=\"https:\/\/tibladin.dk\/wp-content\/uploads\/2025\/06\/Plaider_bomuld_flere-farver_2.jpeg\" \/>\n\t<meta property=\"og:image:width\" content=\"800\" \/>\n\t<meta property=\"og:image:height\" content=\"800\" \/>\n\t<meta property=\"og:image:type\" content=\"image\/jpeg\" \/>\n<meta name=\"twitter:card\" content=\"summary_large_image\" \/>\n<meta name=\"twitter:label1\" content=\"Ansl. lesetid\" \/>\n\t<meta name=\"twitter:data1\" content=\"2 minutter\" \/>\n<script type=\"application\/ld+json\" class=\"yoast-schema-graph\">{\"@context\":\"https:\\\/\\\/schema.org\",\"@graph\":[{\"@type\":\"WebPage\",\"@id\":\"https:\\\/\\\/tibladin.dk\\\/produkt\\\/plaider-bomuld-flere-farver\\\/\",\"url\":\"https:\\\/\\\/tibladin.dk\\\/produkt\\\/plaider-bomuld-flere-farver\\\/\",\"name\":\"Plaid i en l\u00e6kker bomuldsblanding | Marokkansk tekstil |\u00a0Tibladin\",\"isPartOf\":{\"@id\":\"https:\\\/\\\/tibladin.dk\\\/#website\"},\"primaryImageOfPage\":{\"@id\":\"https:\\\/\\\/tibladin.dk\\\/produkt\\\/plaider-bomuld-flere-farver\\\/#primaryimage\"},\"image\":{\"@id\":\"https:\\\/\\\/tibladin.dk\\\/produkt\\\/plaider-bomuld-flere-farver\\\/#primaryimage\"},\"thumbnailUrl\":\"https:\\\/\\\/tibladin.dk\\\/wp-content\\\/uploads\\\/2025\\\/06\\\/Plaider_bomuld_flere-farver_2.jpeg\",\"datePublished\":\"2025-06-26T09:16:35+00:00\",\"dateModified\":\"2026-02-03T13:34:06+00:00\",\"description\":\"Marokkanske bomuldsplaider med smukke v\u00e6vninger. Tag plaiden med til stranden, pynt med den for fodenden af din seng eller i en stol.\",\"breadcrumb\":{\"@id\":\"https:\\\/\\\/tibladin.dk\\\/produkt\\\/plaider-bomuld-flere-farver\\\/#breadcrumb\"},\"inLanguage\":\"nb-NO\",\"potentialAction\":[{\"@type\":\"ReadAction\",\"target\":[\"https:\\\/\\\/tibladin.dk\\\/produkt\\\/plaider-bomuld-flere-farver\\\/\"]}]},{\"@type\":\"ImageObject\",\"inLanguage\":\"nb-NO\",\"@id\":\"https:\\\/\\\/tibladin.dk\\\/produkt\\\/plaider-bomuld-flere-farver\\\/#primaryimage\",\"url\":\"https:\\\/\\\/tibladin.dk\\\/wp-content\\\/uploads\\\/2025\\\/06\\\/Plaider_bomuld_flere-farver_2.jpeg\",\"contentUrl\":\"https:\\\/\\\/tibladin.dk\\\/wp-content\\\/uploads\\\/2025\\\/06\\\/Plaider_bomuld_flere-farver_2.jpeg\",\"width\":800,\"height\":800,\"caption\":\"Bomuldsplaid flere farver\"},{\"@type\":\"BreadcrumbList\",\"@id\":\"https:\\\/\\\/tibladin.dk\\\/produkt\\\/plaider-bomuld-flere-farver\\\/#breadcrumb\",\"itemListElement\":[{\"@type\":\"ListItem\",\"position\":1,\"name\":\"Hjem\",\"item\":\"https:\\\/\\\/tibladin.dk\\\/\"},{\"@type\":\"ListItem\",\"position\":2,\"name\":\"Shop\",\"item\":\"https:\\\/\\\/tibladin.dk\\\/shop\\\/\"},{\"@type\":\"ListItem\",\"position\":3,\"name\":\"Plaider bomuld flere farver\"}]},{\"@type\":\"WebSite\",\"@id\":\"https:\\\/\\\/tibladin.dk\\\/#website\",\"url\":\"https:\\\/\\\/tibladin.dk\\\/\",\"name\":\"Tibladin\",\"description\":\"Tibladin\",\"publisher\":{\"@id\":\"https:\\\/\\\/tibladin.dk\\\/#organization\"},\"potentialAction\":[{\"@type\":\"SearchAction\",\"target\":{\"@type\":\"EntryPoint\",\"urlTemplate\":\"https:\\\/\\\/tibladin.dk\\\/?s={search_term_string}\"},\"query-input\":{\"@type\":\"PropertyValueSpecification\",\"valueRequired\":true,\"valueName\":\"search_term_string\"}}],\"inLanguage\":\"nb-NO\"},{\"@type\":\"Organization\",\"@id\":\"https:\\\/\\\/tibladin.dk\\\/#organization\",\"name\":\"Tibladin\",\"url\":\"https:\\\/\\\/tibladin.dk\\\/\",\"logo\":{\"@type\":\"ImageObject\",\"inLanguage\":\"nb-NO\",\"@id\":\"https:\\\/\\\/tibladin.dk\\\/#\\\/schema\\\/logo\\\/image\\\/\",\"url\":\"https:\\\/\\\/tibladin.dk\\\/wp-content\\\/uploads\\\/2022\\\/09\\\/tibladin_logo.svg\",\"contentUrl\":\"https:\\\/\\\/tibladin.dk\\\/wp-content\\\/uploads\\\/2022\\\/09\\\/tibladin_logo.svg\",\"caption\":\"Tibladin\"},\"image\":{\"@id\":\"https:\\\/\\\/tibladin.dk\\\/#\\\/schema\\\/logo\\\/image\\\/\"}}]}<\/script>\n<!-- \/ Yoast SEO plugin. -->","yoast_head_json":{"title":"Rutete i en deilig bomullsblanding | Marokkansk tekstil | Tibladin","description":"Marokkanske bomullspledd med vakre vevinger. Ta med deg pleddet til stranden, pynt det ved fotenden av sengen eller p\u00e5 en stol.","robots":{"index":"index","follow":"follow","max-snippet":"max-snippet:-1","max-image-preview":"max-image-preview:large","max-video-preview":"max-video-preview:-1"},"canonical":"https:\/\/tibladin.dk\/nb\/produkt\/rutete-bomull-i-flere-farger\/","og_locale":"nb_NO","og_type":"article","og_title":"Plaid i en l\u00e6kker bomuldsblanding | Marokkansk tekstil |\u00a0Tibladin","og_description":"Marokkanske bomuldsplaider med smukke v\u00e6vninger. Tag plaiden med til stranden, pynt med den for fodenden af din seng eller i en stol.","og_url":"https:\/\/tibladin.dk\/nb\/produkt\/rutete-bomull-i-flere-farger\/","og_site_name":"Tibladin","article_modified_time":"2026-02-03T13:34:06+00:00","og_image":[{"width":800,"height":800,"url":"https:\/\/tibladin.dk\/wp-content\/uploads\/2025\/06\/Plaider_bomuld_flere-farver_2.jpeg","type":"image\/jpeg"}],"twitter_card":"summary_large_image","twitter_misc":{"Ansl. lesetid":"2 minutter"},"schema":{"@context":"https:\/\/schema.org","@graph":[{"@type":"WebPage","@id":"https:\/\/tibladin.dk\/produkt\/plaider-bomuld-flere-farver\/","url":"https:\/\/tibladin.dk\/produkt\/plaider-bomuld-flere-farver\/","name":"Rutete i en deilig bomullsblanding | Marokkansk tekstil | Tibladin","isPartOf":{"@id":"https:\/\/tibladin.dk\/#website"},"primaryImageOfPage":{"@id":"https:\/\/tibladin.dk\/produkt\/plaider-bomuld-flere-farver\/#primaryimage"},"image":{"@id":"https:\/\/tibladin.dk\/produkt\/plaider-bomuld-flere-farver\/#primaryimage"},"thumbnailUrl":"https:\/\/tibladin.dk\/wp-content\/uploads\/2025\/06\/Plaider_bomuld_flere-farver_2.jpeg","datePublished":"2025-06-26T09:16:35+00:00","dateModified":"2026-02-03T13:34:06+00:00","description":"Marokkanske bomullspledd med vakre vevinger. Ta med deg pleddet til stranden, pynt det ved fotenden av sengen eller p\u00e5 en stol.","breadcrumb":{"@id":"https:\/\/tibladin.dk\/produkt\/plaider-bomuld-flere-farver\/#breadcrumb"},"inLanguage":"nb-NO","potentialAction":[{"@type":"ReadAction","target":["https:\/\/tibladin.dk\/produkt\/plaider-bomuld-flere-farver\/"]}]},{"@type":"ImageObject","inLanguage":"nb-NO","@id":"https:\/\/tibladin.dk\/produkt\/plaider-bomuld-flere-farver\/#primaryimage","url":"https:\/\/tibladin.dk\/wp-content\/uploads\/2025\/06\/Plaider_bomuld_flere-farver_2.jpeg","contentUrl":"https:\/\/tibladin.dk\/wp-content\/uploads\/2025\/06\/Plaider_bomuld_flere-farver_2.jpeg","width":800,"height":800,"caption":"Bomuldsplaid flere farver"},{"@type":"BreadcrumbList","@id":"https:\/\/tibladin.dk\/produkt\/plaider-bomuld-flere-farver\/#breadcrumb","itemListElement":[{"@type":"ListItem","position":1,"name":"Hjem","item":"https:\/\/tibladin.dk\/"},{"@type":"ListItem","position":2,"name":"Shop","item":"https:\/\/tibladin.dk\/shop\/"},{"@type":"ListItem","position":3,"name":"Plaider bomuld flere farver"}]},{"@type":"WebSite","@id":"https:\/\/tibladin.dk\/#website","url":"https:\/\/tibladin.dk\/","name":"Tibladin","description":"Tibladin","publisher":{"@id":"https:\/\/tibladin.dk\/#organization"},"potentialAction":[{"@type":"SearchAction","target":{"@type":"EntryPoint","urlTemplate":"https:\/\/tibladin.dk\/?s={search_term_string}"},"query-input":{"@type":"PropertyValueSpecification","valueRequired":true,"valueName":"search_term_string"}}],"inLanguage":"nb-NO"},{"@type":"Organization","@id":"https:\/\/tibladin.dk\/#organization","name":"Tibladin","url":"https:\/\/tibladin.dk\/","logo":{"@type":"ImageObject","inLanguage":"nb-NO","@id":"https:\/\/tibladin.dk\/#\/schema\/logo\/image\/","url":"https:\/\/tibladin.dk\/wp-content\/uploads\/2022\/09\/tibladin_logo.svg","contentUrl":"https:\/\/tibladin.dk\/wp-content\/uploads\/2022\/09\/tibladin_logo.svg","caption":"Tibladin"},"image":{"@id":"https:\/\/tibladin.dk\/#\/schema\/logo\/image\/"}}]}},"_links":{"self":[{"href":"https:\/\/tibladin.dk\/nb\/wp-json\/wp\/v2\/product\/2467","targetHints":{"allow":["GET"]}}],"collection":[{"href":"https:\/\/tibladin.dk\/nb\/wp-json\/wp\/v2\/product"}],"about":[{"href":"https:\/\/tibladin.dk\/nb\/wp-json\/wp\/v2\/types\/product"}],"wp:featuredmedia":[{"embeddable":true,"href":"https:\/\/tibladin.dk\/nb\/wp-json\/wp\/v2\/media\/37450"}],"wp:attachment":[{"href":"https:\/\/tibladin.dk\/nb\/wp-json\/wp\/v2\/media?parent=2467"}],"wp:term":[{"taxonomy":"product_brand","embeddable":true,"href":"https:\/\/tibladin.dk\/nb\/wp-json\/wp\/v2\/product_brand?post=2467"},{"taxonomy":"product_cat","embeddable":true,"href":"https:\/\/tibladin.dk\/nb\/wp-json\/wp\/v2\/product_cat?post=2467"},{"taxonomy":"product_tag","embeddable":true,"href":"https:\/\/tibladin.dk\/nb\/wp-json\/wp\/v2\/product_tag?post=2467"}],"curies":[{"name":"wp","href":"https:\/\/api.w.org\/{rel}","templated":true}]}}