{"id":2486,"date":"2022-09-20T11:16:43","date_gmt":"2022-09-20T09:16:43","guid":{"rendered":"https:\/\/tibladin.dk\/vare\/antikt-bakkebord-i-aluminium\/"},"modified":"2024-12-09T14:25:59","modified_gmt":"2024-12-09T13:25:59","slug":"antikt-aluminiumsbrettbord","status":"publish","type":"product","link":"https:\/\/tibladin.dk\/nb\/produkt\/antikt-bakkebord-i-aluminium\/","title":{"rendered":"Antikk aluminiumsbrettbord"},"content":{"rendered":"<div class=\"wpb-content-wrapper\"><div class=\"vc_row wpb_row vc_row-fluid\"><div class=\"wpb_column vc_column_container vc_col-sm-4\"><div class=\"vc_column-inner\"><div class=\"wpb_wrapper\"><\/div><\/div><\/div><div class=\"wpb_column vc_column_container vc_col-sm-4\"><div class=\"vc_column-inner\"><div class=\"wpb_wrapper\"><h3 style=\"text-align: left\" class=\"vc_custom_heading vc_do_custom_heading\" >Vedlikehold<\/h3>\n\t<div class=\"wpb_text_column wpb_content_element\" >\n\t\t<div class=\"wpb_wrapper\">\n\t\t\t<p>Brettbordet kan enkelt t\u00f8rkes av med en fuktig klut. Fordi bordet er antikt, kan det v\u00e6re sm\u00e5 ujevnheter, men det er bare en del av den antikke sjarmen.<\/p>\n\n\t\t<\/div>\n\t<\/div>\n<\/div><\/div><\/div><div class=\"wpb_column vc_column_container vc_col-sm-4\"><div class=\"vc_column-inner\"><div class=\"wpb_wrapper\"><h3 style=\"text-align: left\" class=\"vc_custom_heading vc_do_custom_heading\" >Historien bak<\/h3>\n\t<div class=\"wpb_text_column wpb_content_element\" >\n\t\t<div class=\"wpb_wrapper\">\n\t\t\t<p>Dette vakre antikke marokkanske brettbordet i aluminium er helt spesielt. Bordet har en topp med et vakkert, unikt m\u00f8nster og ben i svart metall. Det h\u00e5ndsk\u00e5rne m\u00f8nsteret i geometriske former og med delikate blomstermotiver gir bordet et spennende uttrykk som gj\u00f8r det b\u00e5de elegant, eksotisk og rustikt. Jeg fant brettbordet hos en antikvitetshandler i Marrakech, s\u00e5 det har en lang og spennende historie bak seg.<\/p>\n<p>Brettbordet er et vakkert tilskudd til hjemmet. Det kan st\u00e5 alene som salongbord eller sidebord, men kan ogs\u00e5 brukes som serveringsbord eller spisebord. Du kan skape en autentisk marokkansk atmosf\u00e6re ved \u00e5 ogs\u00e5 bruke brettet som serveringsbrett eller spisebord. Da kan du samles med familie og venner p\u00e5 puter og tepper rundt brettet og f\u00f8le riad-stemningen spre seg.<\/p>\n\n\t\t<\/div>\n\t<\/div>\n<\/div><\/div><\/div><\/div>\n<\/div>","protected":false},"excerpt":{"rendered":"<p>Vakkert antikt brettbord i aluminium med et simulert m\u00f8nster og ben i svartmalt metall. Brettbordet ble funnet hos en antikvitetshandler i Marrakech og er derfor helt unikt. Det vakre m\u00f8nsteret som er sk\u00e5ret inn i brettet gir bordet et elegant, men likevel rustikt utseende. Brettbordet ser flott ut som salongbord, sidebord eller serverings- og spisebord. Passer perfekt inn i det skandinaviske interi\u00f8ret, da det er elegant, rustikt og stilig p\u00e5 samme tid.<\/p>\n<p>| Diameter: 86 cm | H\u00f8yde: 46 cm |<\/p>\n<p>&nbsp;<\/p>","protected":false},"featured_media":2480,"template":"","meta":{"inline_featured_image":false},"product_brand":[],"product_cat":[82,39],"product_tag":[],"class_list":{"0":"post-2486","1":"product","2":"type-product","3":"status-publish","4":"has-post-thumbnail","6":"product_cat-borde","7":"product_cat-moebler","9":"first","10":"instock","11":"taxable","12":"shipping-taxable","13":"purchasable","14":"product-type-simple"},"exclude_global_add_ons":[],"addons":[],"yoast_head":"<!-- This site is optimized with the Yoast SEO plugin v27.5 - https:\/\/yoast.com\/product\/yoast-seo-wordpress\/ -->\n<title>Bakkebord fra Marrakech | Antik vare | Tibladin<\/title>\n<meta name=\"description\" content=\"Smukt og unikt bakkebord fra Marokko. Fundet hos antikhandler i Marrakech. H\u00e5nsk\u00e5ret m\u00f8nster, der tilf\u00f8jer et elegant og et rustikt udtryk.\" \/>\n<meta name=\"robots\" content=\"index, follow, max-snippet:-1, max-image-preview:large, max-video-preview:-1\" \/>\n<link rel=\"canonical\" href=\"https:\/\/tibladin.dk\/nb\/produkt\/antikt-aluminiumsbrettbord\/\" \/>\n<meta property=\"og:locale\" content=\"nb_NO\" \/>\n<meta property=\"og:type\" content=\"article\" \/>\n<meta property=\"og:title\" content=\"Bakkebord fra Marrakech | Antik vare | Tibladin\" \/>\n<meta property=\"og:description\" content=\"Smukt og unikt bakkebord fra Marokko. Fundet hos antikhandler i Marrakech. H\u00e5nsk\u00e5ret m\u00f8nster, der tilf\u00f8jer et elegant og et rustikt udtryk.\" \/>\n<meta property=\"og:url\" content=\"https:\/\/tibladin.dk\/nb\/produkt\/antikt-aluminiumsbrettbord\/\" \/>\n<meta property=\"og:site_name\" content=\"Tibladin\" \/>\n<meta property=\"article:modified_time\" content=\"2024-12-09T13:25:59+00:00\" \/>\n<meta property=\"og:image\" content=\"https:\/\/tibladin.dk\/wp-content\/uploads\/2022\/09\/Tibladin_antik-bakkebord_LS1-1.jpg\" \/>\n\t<meta property=\"og:image:width\" content=\"800\" \/>\n\t<meta property=\"og:image:height\" content=\"800\" \/>\n\t<meta property=\"og:image:type\" content=\"image\/jpeg\" \/>\n<meta name=\"twitter:card\" content=\"summary_large_image\" \/>\n<meta name=\"twitter:label1\" content=\"Ansl. lesetid\" \/>\n\t<meta name=\"twitter:data1\" content=\"2 minutter\" \/>\n<script type=\"application\/ld+json\" class=\"yoast-schema-graph\">{\"@context\":\"https:\\\/\\\/schema.org\",\"@graph\":[{\"@type\":\"WebPage\",\"@id\":\"https:\\\/\\\/tibladin.dk\\\/produkt\\\/antikt-bakkebord-i-aluminium\\\/\",\"url\":\"https:\\\/\\\/tibladin.dk\\\/produkt\\\/antikt-bakkebord-i-aluminium\\\/\",\"name\":\"Bakkebord fra Marrakech | Antik vare | Tibladin\",\"isPartOf\":{\"@id\":\"https:\\\/\\\/tibladin.dk\\\/#website\"},\"primaryImageOfPage\":{\"@id\":\"https:\\\/\\\/tibladin.dk\\\/produkt\\\/antikt-bakkebord-i-aluminium\\\/#primaryimage\"},\"image\":{\"@id\":\"https:\\\/\\\/tibladin.dk\\\/produkt\\\/antikt-bakkebord-i-aluminium\\\/#primaryimage\"},\"thumbnailUrl\":\"https:\\\/\\\/tibladin.dk\\\/wp-content\\\/uploads\\\/2022\\\/09\\\/Tibladin_antik-bakkebord_LS1-1.jpg\",\"datePublished\":\"2022-09-20T09:16:43+00:00\",\"dateModified\":\"2024-12-09T13:25:59+00:00\",\"description\":\"Smukt og unikt bakkebord fra Marokko. Fundet hos antikhandler i Marrakech. H\u00e5nsk\u00e5ret m\u00f8nster, der tilf\u00f8jer et elegant og et rustikt udtryk.\",\"breadcrumb\":{\"@id\":\"https:\\\/\\\/tibladin.dk\\\/produkt\\\/antikt-bakkebord-i-aluminium\\\/#breadcrumb\"},\"inLanguage\":\"nb-NO\",\"potentialAction\":[{\"@type\":\"ReadAction\",\"target\":[\"https:\\\/\\\/tibladin.dk\\\/produkt\\\/antikt-bakkebord-i-aluminium\\\/\"]}]},{\"@type\":\"ImageObject\",\"inLanguage\":\"nb-NO\",\"@id\":\"https:\\\/\\\/tibladin.dk\\\/produkt\\\/antikt-bakkebord-i-aluminium\\\/#primaryimage\",\"url\":\"https:\\\/\\\/tibladin.dk\\\/wp-content\\\/uploads\\\/2022\\\/09\\\/Tibladin_antik-bakkebord_LS1-1.jpg\",\"contentUrl\":\"https:\\\/\\\/tibladin.dk\\\/wp-content\\\/uploads\\\/2022\\\/09\\\/Tibladin_antik-bakkebord_LS1-1.jpg\",\"width\":800,\"height\":800,\"caption\":\"H\u00e5ndlavet bakkebord med marokkansk m\u00f8nster st\u00e5ende udenfor med service og tangine fad ovenp\u00e5\"},{\"@type\":\"BreadcrumbList\",\"@id\":\"https:\\\/\\\/tibladin.dk\\\/produkt\\\/antikt-bakkebord-i-aluminium\\\/#breadcrumb\",\"itemListElement\":[{\"@type\":\"ListItem\",\"position\":1,\"name\":\"Hjem\",\"item\":\"https:\\\/\\\/tibladin.dk\\\/\"},{\"@type\":\"ListItem\",\"position\":2,\"name\":\"Shop\",\"item\":\"https:\\\/\\\/tibladin.dk\\\/shop\\\/\"},{\"@type\":\"ListItem\",\"position\":3,\"name\":\"Antikt bakkebord i aluminium\"}]},{\"@type\":\"WebSite\",\"@id\":\"https:\\\/\\\/tibladin.dk\\\/#website\",\"url\":\"https:\\\/\\\/tibladin.dk\\\/\",\"name\":\"Tibladin\",\"description\":\"Tibladin\",\"publisher\":{\"@id\":\"https:\\\/\\\/tibladin.dk\\\/#organization\"},\"potentialAction\":[{\"@type\":\"SearchAction\",\"target\":{\"@type\":\"EntryPoint\",\"urlTemplate\":\"https:\\\/\\\/tibladin.dk\\\/?s={search_term_string}\"},\"query-input\":{\"@type\":\"PropertyValueSpecification\",\"valueRequired\":true,\"valueName\":\"search_term_string\"}}],\"inLanguage\":\"nb-NO\"},{\"@type\":\"Organization\",\"@id\":\"https:\\\/\\\/tibladin.dk\\\/#organization\",\"name\":\"Tibladin\",\"url\":\"https:\\\/\\\/tibladin.dk\\\/\",\"logo\":{\"@type\":\"ImageObject\",\"inLanguage\":\"nb-NO\",\"@id\":\"https:\\\/\\\/tibladin.dk\\\/#\\\/schema\\\/logo\\\/image\\\/\",\"url\":\"https:\\\/\\\/tibladin.dk\\\/wp-content\\\/uploads\\\/2022\\\/09\\\/tibladin_logo.svg\",\"contentUrl\":\"https:\\\/\\\/tibladin.dk\\\/wp-content\\\/uploads\\\/2022\\\/09\\\/tibladin_logo.svg\",\"caption\":\"Tibladin\"},\"image\":{\"@id\":\"https:\\\/\\\/tibladin.dk\\\/#\\\/schema\\\/logo\\\/image\\\/\"}}]}<\/script>\n<!-- \/ Yoast SEO plugin. -->","yoast_head_json":{"title":"Brettbord fra Marrakech | Antikk gjenstand | Tibladin","description":"Vakkert og unikt brettbord fra Marokko. Funnet hos en antikvitetshandler i Marrakech. Imitert utsk\u00e5ret m\u00f8nster som gir et elegant og rustikt utseende.","robots":{"index":"index","follow":"follow","max-snippet":"max-snippet:-1","max-image-preview":"max-image-preview:large","max-video-preview":"max-video-preview:-1"},"canonical":"https:\/\/tibladin.dk\/nb\/produkt\/antikt-aluminiumsbrettbord\/","og_locale":"nb_NO","og_type":"article","og_title":"Bakkebord fra Marrakech | Antik vare | Tibladin","og_description":"Smukt og unikt bakkebord fra Marokko. Fundet hos antikhandler i Marrakech. H\u00e5nsk\u00e5ret m\u00f8nster, der tilf\u00f8jer et elegant og et rustikt udtryk.","og_url":"https:\/\/tibladin.dk\/nb\/produkt\/antikt-aluminiumsbrettbord\/","og_site_name":"Tibladin","article_modified_time":"2024-12-09T13:25:59+00:00","og_image":[{"width":800,"height":800,"url":"https:\/\/tibladin.dk\/wp-content\/uploads\/2022\/09\/Tibladin_antik-bakkebord_LS1-1.jpg","type":"image\/jpeg"}],"twitter_card":"summary_large_image","twitter_misc":{"Ansl. lesetid":"2 minutter"},"schema":{"@context":"https:\/\/schema.org","@graph":[{"@type":"WebPage","@id":"https:\/\/tibladin.dk\/produkt\/antikt-bakkebord-i-aluminium\/","url":"https:\/\/tibladin.dk\/produkt\/antikt-bakkebord-i-aluminium\/","name":"Brettbord fra Marrakech | Antikk gjenstand | Tibladin","isPartOf":{"@id":"https:\/\/tibladin.dk\/#website"},"primaryImageOfPage":{"@id":"https:\/\/tibladin.dk\/produkt\/antikt-bakkebord-i-aluminium\/#primaryimage"},"image":{"@id":"https:\/\/tibladin.dk\/produkt\/antikt-bakkebord-i-aluminium\/#primaryimage"},"thumbnailUrl":"https:\/\/tibladin.dk\/wp-content\/uploads\/2022\/09\/Tibladin_antik-bakkebord_LS1-1.jpg","datePublished":"2022-09-20T09:16:43+00:00","dateModified":"2024-12-09T13:25:59+00:00","description":"Vakkert og unikt brettbord fra Marokko. Funnet hos en antikvitetshandler i Marrakech. Imitert utsk\u00e5ret m\u00f8nster som gir et elegant og rustikt utseende.","breadcrumb":{"@id":"https:\/\/tibladin.dk\/produkt\/antikt-bakkebord-i-aluminium\/#breadcrumb"},"inLanguage":"nb-NO","potentialAction":[{"@type":"ReadAction","target":["https:\/\/tibladin.dk\/produkt\/antikt-bakkebord-i-aluminium\/"]}]},{"@type":"ImageObject","inLanguage":"nb-NO","@id":"https:\/\/tibladin.dk\/produkt\/antikt-bakkebord-i-aluminium\/#primaryimage","url":"https:\/\/tibladin.dk\/wp-content\/uploads\/2022\/09\/Tibladin_antik-bakkebord_LS1-1.jpg","contentUrl":"https:\/\/tibladin.dk\/wp-content\/uploads\/2022\/09\/Tibladin_antik-bakkebord_LS1-1.jpg","width":800,"height":800,"caption":"H\u00e5ndlavet bakkebord med marokkansk m\u00f8nster st\u00e5ende udenfor med service og tangine fad ovenp\u00e5"},{"@type":"BreadcrumbList","@id":"https:\/\/tibladin.dk\/produkt\/antikt-bakkebord-i-aluminium\/#breadcrumb","itemListElement":[{"@type":"ListItem","position":1,"name":"Hjem","item":"https:\/\/tibladin.dk\/"},{"@type":"ListItem","position":2,"name":"Shop","item":"https:\/\/tibladin.dk\/shop\/"},{"@type":"ListItem","position":3,"name":"Antikt bakkebord i aluminium"}]},{"@type":"WebSite","@id":"https:\/\/tibladin.dk\/#website","url":"https:\/\/tibladin.dk\/","name":"Tibladin","description":"Tibladin","publisher":{"@id":"https:\/\/tibladin.dk\/#organization"},"potentialAction":[{"@type":"SearchAction","target":{"@type":"EntryPoint","urlTemplate":"https:\/\/tibladin.dk\/?s={search_term_string}"},"query-input":{"@type":"PropertyValueSpecification","valueRequired":true,"valueName":"search_term_string"}}],"inLanguage":"nb-NO"},{"@type":"Organization","@id":"https:\/\/tibladin.dk\/#organization","name":"Tibladin","url":"https:\/\/tibladin.dk\/","logo":{"@type":"ImageObject","inLanguage":"nb-NO","@id":"https:\/\/tibladin.dk\/#\/schema\/logo\/image\/","url":"https:\/\/tibladin.dk\/wp-content\/uploads\/2022\/09\/tibladin_logo.svg","contentUrl":"https:\/\/tibladin.dk\/wp-content\/uploads\/2022\/09\/tibladin_logo.svg","caption":"Tibladin"},"image":{"@id":"https:\/\/tibladin.dk\/#\/schema\/logo\/image\/"}}]}},"_links":{"self":[{"href":"https:\/\/tibladin.dk\/nb\/wp-json\/wp\/v2\/product\/2486","targetHints":{"allow":["GET"]}}],"collection":[{"href":"https:\/\/tibladin.dk\/nb\/wp-json\/wp\/v2\/product"}],"about":[{"href":"https:\/\/tibladin.dk\/nb\/wp-json\/wp\/v2\/types\/product"}],"wp:featuredmedia":[{"embeddable":true,"href":"https:\/\/tibladin.dk\/nb\/wp-json\/wp\/v2\/media\/2480"}],"wp:attachment":[{"href":"https:\/\/tibladin.dk\/nb\/wp-json\/wp\/v2\/media?parent=2486"}],"wp:term":[{"taxonomy":"product_brand","embeddable":true,"href":"https:\/\/tibladin.dk\/nb\/wp-json\/wp\/v2\/product_brand?post=2486"},{"taxonomy":"product_cat","embeddable":true,"href":"https:\/\/tibladin.dk\/nb\/wp-json\/wp\/v2\/product_cat?post=2486"},{"taxonomy":"product_tag","embeddable":true,"href":"https:\/\/tibladin.dk\/nb\/wp-json\/wp\/v2\/product_tag?post=2486"}],"curies":[{"name":"wp","href":"https:\/\/api.w.org\/{rel}","templated":true}]}}