{"id":2549,"date":"2022-09-20T11:17:11","date_gmt":"2022-09-20T09:17:11","guid":{"rendered":"https:\/\/tibladin.dk\/vare\/kurv-med-haandtag-i-laeder\/"},"modified":"2026-04-21T11:56:35","modified_gmt":"2026-04-21T09:56:35","slug":"kurv-med-skinnhaandtak","status":"publish","type":"product","link":"https:\/\/tibladin.dk\/nb\/produkt\/kurv-med-haandtag-i-laeder\/","title":{"rendered":"Kurv med skinnh\u00e5ndtak"},"content":{"rendered":"<div class=\"wpb-content-wrapper\"><div class=\"vc_row wpb_row vc_row-fluid\"><div class=\"wpb_column vc_column_container vc_col-sm-4\"><div class=\"vc_column-inner\"><div class=\"wpb_wrapper\"><h3 style=\"text-align: left\" class=\"vc_custom_heading vc_do_custom_heading\" >Vedlikehold<\/h3>\n\t<div class=\"wpb_text_column wpb_content_element\" >\n\t\t<div class=\"wpb_wrapper\">\n\t\t\t<p>For rengj\u00f8ring er den enkleste m\u00e5ten \u00e5 st\u00f8vsuge den forsiktig.<\/p>\n\n\t\t<\/div>\n\t<\/div>\n<\/div><\/div><\/div><div class=\"wpb_column vc_column_container vc_col-sm-4\"><div class=\"vc_column-inner\"><div class=\"wpb_wrapper\"><h3 style=\"text-align: left\" class=\"vc_custom_heading vc_do_custom_heading\" >Historien bak<\/h3>\n\t<div class=\"wpb_text_column wpb_content_element\" >\n\t\t<div class=\"wpb_wrapper\">\n\t\t\t<p>Denne vakre kurven er laget av flettet sj\u00f8gress og har skinnh\u00e5ndtak. Skinnet er av ekte kvalitetsskinn og gir en r\u00e5, men elegant kontrast til de naturlige materialene. Kurven er dekorativ og enkel i uttrykket, og passer derfor perfekt inn i det skandinaviske hjemmet. Kurvfletting er et gammelt, tradisjonelt h\u00e5ndverk i Marokko, hvor flere generasjoner har tatt i bruk kunsten. Her f\u00e5r du derfor en h\u00e5ndlaget unik kurv i deilige naturmaterialer, laget i Marrakech av dyktige h\u00e5ndverkere. Resultatet er en vakker kurv som kan brukes b\u00e5de til oppbevaring og som for eksempel skittent\u00f8yskurv. Hvis du bruker denne kurven som skittent\u00f8yskurv, kan du velge \u00e5 sy en skittent\u00f8yspose \u00e5 putte inni kurven. Det er uunng\u00e5elig at kurven vil r\u00f8yte litt.<\/p>\n\n\t\t<\/div>\n\t<\/div>\n<\/div><\/div><\/div><div class=\"wpb_column vc_column_container vc_col-sm-4\"><div class=\"vc_column-inner\"><div class=\"wpb_wrapper\"><h3 style=\"text-align: left\" class=\"vc_custom_heading vc_do_custom_heading\" >Hva er rotting?<\/h3>\n\t<div class=\"wpb_text_column wpb_content_element\" >\n\t\t<div class=\"wpb_wrapper\">\n\t\t\t<p>Rotting er laget av et tropisk palmetre som er hjemmeh\u00f8rende i Australia, Asia og Afrika. Materialet er veldig sterkt og ligner bambus, og det er derfor det brukes til alt fra brett og kurver til sengegavler og cocktailbord.<\/p>\n<p>Raffia ligner p\u00e5 rotting, ettersom begge kommer fra palmeblader, men raffia er litt mykere.<\/p>\n\n\t\t<\/div>\n\t<\/div>\n<\/div><\/div><\/div><\/div>\n<\/div>","protected":false},"excerpt":{"rendered":"<p>H\u00e5ndlaget kurv vevd i sj\u00f8gress med h\u00e5ndtak i vakkert kvalitetsskinn. Kurven kombinerer det r\u00e5 og elegante utseendet til l\u00e6ret med det naturlige og enkle utseendet til de vevde materialene. Den h\u00e5ndlagde kurven er perfekt for oppbevaring av for eksempel klesvask, og dekorerer b\u00e5de badet og soverommet. Den dekorerer og tilf\u00f8rer et preg av Marokko til ethvert rom.<\/p>\n<p>Siden kurven er h\u00e5ndlaget, kan det v\u00e6re sm\u00e5 variasjoner i m\u00e5l, samt mindre ujevnheter og flekker, men dette er en del av sjarmen og det naturlige uttrykket.<\/p>\n<p>| H\u00f8yde: ca. 64 cm | Diameter: ca. 40 cm |<\/p>","protected":false},"featured_media":2545,"template":"","meta":{"inline_featured_image":false},"product_brand":[],"product_cat":[55,51],"product_tag":[],"class_list":{"0":"post-2549","1":"product","2":"type-product","3":"status-publish","4":"has-post-thumbnail","6":"product_cat-kurve","7":"product_cat-opbevaring","9":"first","10":"instock","11":"featured","12":"taxable","13":"shipping-taxable","14":"purchasable","15":"product-type-simple"},"exclude_global_add_ons":[],"addons":[],"yoast_head":"<!-- This site is optimized with the Yoast SEO plugin v27.4 - https:\/\/yoast.com\/product\/yoast-seo-wordpress\/ -->\n<title>Kurv med h\u00e5ndtag i l\u00e6der | Kvalitetsmaterialer | Tibladin<\/title>\n<meta name=\"description\" content=\"H\u00e5ndlavet kurv flettet i s\u00f8gr\u00e6s med h\u00e5ndtag i kvalitetsl\u00e6der. Perfekt til opbevaring. Giver et rustikt, naturligt og l\u00e6kkert touch.\" \/>\n<meta name=\"robots\" content=\"index, follow, max-snippet:-1, max-image-preview:large, max-video-preview:-1\" \/>\n<link rel=\"canonical\" href=\"https:\/\/tibladin.dk\/nb\/produkt\/kurv-med-skinnhaandtak\/\" \/>\n<meta property=\"og:locale\" content=\"nb_NO\" \/>\n<meta property=\"og:type\" content=\"article\" \/>\n<meta property=\"og:title\" content=\"Kurv med h\u00e5ndtag i l\u00e6der | Kvalitetsmaterialer | Tibladin\" \/>\n<meta property=\"og:description\" content=\"H\u00e5ndlavet kurv flettet i s\u00f8gr\u00e6s med h\u00e5ndtag i kvalitetsl\u00e6der. Perfekt til opbevaring. Giver et rustikt, naturligt og l\u00e6kkert touch.\" \/>\n<meta property=\"og:url\" content=\"https:\/\/tibladin.dk\/nb\/produkt\/kurv-med-skinnhaandtak\/\" \/>\n<meta property=\"og:site_name\" content=\"Tibladin\" \/>\n<meta property=\"article:modified_time\" content=\"2026-04-21T09:56:35+00:00\" \/>\n<meta property=\"og:image\" content=\"https:\/\/tibladin.dk\/wp-content\/uploads\/2022\/09\/Kurv-med-hank-1.png\" \/>\n\t<meta property=\"og:image:width\" content=\"800\" \/>\n\t<meta property=\"og:image:height\" content=\"800\" \/>\n\t<meta property=\"og:image:type\" content=\"image\/png\" \/>\n<meta name=\"twitter:card\" content=\"summary_large_image\" \/>\n<meta name=\"twitter:label1\" content=\"Ansl. lesetid\" \/>\n\t<meta name=\"twitter:data1\" content=\"2 minutter\" \/>\n<script type=\"application\/ld+json\" class=\"yoast-schema-graph\">{\"@context\":\"https:\\\/\\\/schema.org\",\"@graph\":[{\"@type\":\"WebPage\",\"@id\":\"https:\\\/\\\/tibladin.dk\\\/produkt\\\/kurv-med-haandtag-i-laeder\\\/\",\"url\":\"https:\\\/\\\/tibladin.dk\\\/produkt\\\/kurv-med-haandtag-i-laeder\\\/\",\"name\":\"Kurv med h\u00e5ndtag i l\u00e6der | Kvalitetsmaterialer | Tibladin\",\"isPartOf\":{\"@id\":\"https:\\\/\\\/tibladin.dk\\\/#website\"},\"primaryImageOfPage\":{\"@id\":\"https:\\\/\\\/tibladin.dk\\\/produkt\\\/kurv-med-haandtag-i-laeder\\\/#primaryimage\"},\"image\":{\"@id\":\"https:\\\/\\\/tibladin.dk\\\/produkt\\\/kurv-med-haandtag-i-laeder\\\/#primaryimage\"},\"thumbnailUrl\":\"https:\\\/\\\/tibladin.dk\\\/wp-content\\\/uploads\\\/2022\\\/09\\\/Kurv-med-hank-1.png\",\"datePublished\":\"2022-09-20T09:17:11+00:00\",\"dateModified\":\"2026-04-21T09:56:35+00:00\",\"description\":\"H\u00e5ndlavet kurv flettet i s\u00f8gr\u00e6s med h\u00e5ndtag i kvalitetsl\u00e6der. Perfekt til opbevaring. Giver et rustikt, naturligt og l\u00e6kkert touch.\",\"breadcrumb\":{\"@id\":\"https:\\\/\\\/tibladin.dk\\\/produkt\\\/kurv-med-haandtag-i-laeder\\\/#breadcrumb\"},\"inLanguage\":\"nb-NO\",\"potentialAction\":[{\"@type\":\"ReadAction\",\"target\":[\"https:\\\/\\\/tibladin.dk\\\/produkt\\\/kurv-med-haandtag-i-laeder\\\/\"]}]},{\"@type\":\"ImageObject\",\"inLanguage\":\"nb-NO\",\"@id\":\"https:\\\/\\\/tibladin.dk\\\/produkt\\\/kurv-med-haandtag-i-laeder\\\/#primaryimage\",\"url\":\"https:\\\/\\\/tibladin.dk\\\/wp-content\\\/uploads\\\/2022\\\/09\\\/Kurv-med-hank-1.png\",\"contentUrl\":\"https:\\\/\\\/tibladin.dk\\\/wp-content\\\/uploads\\\/2022\\\/09\\\/Kurv-med-hank-1.png\",\"width\":800,\"height\":800,\"caption\":\"Marokkansk h\u00e5ndv\u00e6vet kurv med l\u00e6der h\u00e5ndtag\"},{\"@type\":\"BreadcrumbList\",\"@id\":\"https:\\\/\\\/tibladin.dk\\\/produkt\\\/kurv-med-haandtag-i-laeder\\\/#breadcrumb\",\"itemListElement\":[{\"@type\":\"ListItem\",\"position\":1,\"name\":\"Hjem\",\"item\":\"https:\\\/\\\/tibladin.dk\\\/\"},{\"@type\":\"ListItem\",\"position\":2,\"name\":\"Shop\",\"item\":\"https:\\\/\\\/tibladin.dk\\\/shop\\\/\"},{\"@type\":\"ListItem\",\"position\":3,\"name\":\"Kurv med h\u00e5ndtag i l\u00e6der\"}]},{\"@type\":\"WebSite\",\"@id\":\"https:\\\/\\\/tibladin.dk\\\/#website\",\"url\":\"https:\\\/\\\/tibladin.dk\\\/\",\"name\":\"Tibladin\",\"description\":\"Tibladin\",\"publisher\":{\"@id\":\"https:\\\/\\\/tibladin.dk\\\/#organization\"},\"potentialAction\":[{\"@type\":\"SearchAction\",\"target\":{\"@type\":\"EntryPoint\",\"urlTemplate\":\"https:\\\/\\\/tibladin.dk\\\/?s={search_term_string}\"},\"query-input\":{\"@type\":\"PropertyValueSpecification\",\"valueRequired\":true,\"valueName\":\"search_term_string\"}}],\"inLanguage\":\"nb-NO\"},{\"@type\":\"Organization\",\"@id\":\"https:\\\/\\\/tibladin.dk\\\/#organization\",\"name\":\"Tibladin\",\"url\":\"https:\\\/\\\/tibladin.dk\\\/\",\"logo\":{\"@type\":\"ImageObject\",\"inLanguage\":\"nb-NO\",\"@id\":\"https:\\\/\\\/tibladin.dk\\\/#\\\/schema\\\/logo\\\/image\\\/\",\"url\":\"https:\\\/\\\/tibladin.dk\\\/wp-content\\\/uploads\\\/2022\\\/09\\\/tibladin_logo.svg\",\"contentUrl\":\"https:\\\/\\\/tibladin.dk\\\/wp-content\\\/uploads\\\/2022\\\/09\\\/tibladin_logo.svg\",\"caption\":\"Tibladin\"},\"image\":{\"@id\":\"https:\\\/\\\/tibladin.dk\\\/#\\\/schema\\\/logo\\\/image\\\/\"}}]}<\/script>\n<!-- \/ Yoast SEO plugin. -->","yoast_head_json":{"title":"Kurv med skinnh\u00e5ndtak | Kvalitetsmaterialer | Tibladin","description":"H\u00e5ndlaget kurv vevd av sj\u00f8gress med h\u00e5ndtak av h\u00f8y kvalitet i skinn. Perfekt for oppbevaring. Gir et rustikt, naturlig og deilig preg.","robots":{"index":"index","follow":"follow","max-snippet":"max-snippet:-1","max-image-preview":"max-image-preview:large","max-video-preview":"max-video-preview:-1"},"canonical":"https:\/\/tibladin.dk\/nb\/produkt\/kurv-med-skinnhaandtak\/","og_locale":"nb_NO","og_type":"article","og_title":"Kurv med h\u00e5ndtag i l\u00e6der | Kvalitetsmaterialer | Tibladin","og_description":"H\u00e5ndlavet kurv flettet i s\u00f8gr\u00e6s med h\u00e5ndtag i kvalitetsl\u00e6der. Perfekt til opbevaring. Giver et rustikt, naturligt og l\u00e6kkert touch.","og_url":"https:\/\/tibladin.dk\/nb\/produkt\/kurv-med-skinnhaandtak\/","og_site_name":"Tibladin","article_modified_time":"2026-04-21T09:56:35+00:00","og_image":[{"width":800,"height":800,"url":"https:\/\/tibladin.dk\/wp-content\/uploads\/2022\/09\/Kurv-med-hank-1.png","type":"image\/png"}],"twitter_card":"summary_large_image","twitter_misc":{"Ansl. lesetid":"2 minutter"},"schema":{"@context":"https:\/\/schema.org","@graph":[{"@type":"WebPage","@id":"https:\/\/tibladin.dk\/produkt\/kurv-med-haandtag-i-laeder\/","url":"https:\/\/tibladin.dk\/produkt\/kurv-med-haandtag-i-laeder\/","name":"Kurv med skinnh\u00e5ndtak | Kvalitetsmaterialer | Tibladin","isPartOf":{"@id":"https:\/\/tibladin.dk\/#website"},"primaryImageOfPage":{"@id":"https:\/\/tibladin.dk\/produkt\/kurv-med-haandtag-i-laeder\/#primaryimage"},"image":{"@id":"https:\/\/tibladin.dk\/produkt\/kurv-med-haandtag-i-laeder\/#primaryimage"},"thumbnailUrl":"https:\/\/tibladin.dk\/wp-content\/uploads\/2022\/09\/Kurv-med-hank-1.png","datePublished":"2022-09-20T09:17:11+00:00","dateModified":"2026-04-21T09:56:35+00:00","description":"H\u00e5ndlaget kurv vevd av sj\u00f8gress med h\u00e5ndtak av h\u00f8y kvalitet i skinn. Perfekt for oppbevaring. Gir et rustikt, naturlig og deilig preg.","breadcrumb":{"@id":"https:\/\/tibladin.dk\/produkt\/kurv-med-haandtag-i-laeder\/#breadcrumb"},"inLanguage":"nb-NO","potentialAction":[{"@type":"ReadAction","target":["https:\/\/tibladin.dk\/produkt\/kurv-med-haandtag-i-laeder\/"]}]},{"@type":"ImageObject","inLanguage":"nb-NO","@id":"https:\/\/tibladin.dk\/produkt\/kurv-med-haandtag-i-laeder\/#primaryimage","url":"https:\/\/tibladin.dk\/wp-content\/uploads\/2022\/09\/Kurv-med-hank-1.png","contentUrl":"https:\/\/tibladin.dk\/wp-content\/uploads\/2022\/09\/Kurv-med-hank-1.png","width":800,"height":800,"caption":"Marokkansk h\u00e5ndv\u00e6vet kurv med l\u00e6der h\u00e5ndtag"},{"@type":"BreadcrumbList","@id":"https:\/\/tibladin.dk\/produkt\/kurv-med-haandtag-i-laeder\/#breadcrumb","itemListElement":[{"@type":"ListItem","position":1,"name":"Hjem","item":"https:\/\/tibladin.dk\/"},{"@type":"ListItem","position":2,"name":"Shop","item":"https:\/\/tibladin.dk\/shop\/"},{"@type":"ListItem","position":3,"name":"Kurv med h\u00e5ndtag i l\u00e6der"}]},{"@type":"WebSite","@id":"https:\/\/tibladin.dk\/#website","url":"https:\/\/tibladin.dk\/","name":"Tibladin","description":"Tibladin","publisher":{"@id":"https:\/\/tibladin.dk\/#organization"},"potentialAction":[{"@type":"SearchAction","target":{"@type":"EntryPoint","urlTemplate":"https:\/\/tibladin.dk\/?s={search_term_string}"},"query-input":{"@type":"PropertyValueSpecification","valueRequired":true,"valueName":"search_term_string"}}],"inLanguage":"nb-NO"},{"@type":"Organization","@id":"https:\/\/tibladin.dk\/#organization","name":"Tibladin","url":"https:\/\/tibladin.dk\/","logo":{"@type":"ImageObject","inLanguage":"nb-NO","@id":"https:\/\/tibladin.dk\/#\/schema\/logo\/image\/","url":"https:\/\/tibladin.dk\/wp-content\/uploads\/2022\/09\/tibladin_logo.svg","contentUrl":"https:\/\/tibladin.dk\/wp-content\/uploads\/2022\/09\/tibladin_logo.svg","caption":"Tibladin"},"image":{"@id":"https:\/\/tibladin.dk\/#\/schema\/logo\/image\/"}}]}},"_links":{"self":[{"href":"https:\/\/tibladin.dk\/nb\/wp-json\/wp\/v2\/product\/2549","targetHints":{"allow":["GET"]}}],"collection":[{"href":"https:\/\/tibladin.dk\/nb\/wp-json\/wp\/v2\/product"}],"about":[{"href":"https:\/\/tibladin.dk\/nb\/wp-json\/wp\/v2\/types\/product"}],"wp:featuredmedia":[{"embeddable":true,"href":"https:\/\/tibladin.dk\/nb\/wp-json\/wp\/v2\/media\/2545"}],"wp:attachment":[{"href":"https:\/\/tibladin.dk\/nb\/wp-json\/wp\/v2\/media?parent=2549"}],"wp:term":[{"taxonomy":"product_brand","embeddable":true,"href":"https:\/\/tibladin.dk\/nb\/wp-json\/wp\/v2\/product_brand?post=2549"},{"taxonomy":"product_cat","embeddable":true,"href":"https:\/\/tibladin.dk\/nb\/wp-json\/wp\/v2\/product_cat?post=2549"},{"taxonomy":"product_tag","embeddable":true,"href":"https:\/\/tibladin.dk\/nb\/wp-json\/wp\/v2\/product_tag?post=2549"}],"curies":[{"name":"wp","href":"https:\/\/api.w.org\/{rel}","templated":true}]}}