{"id":2590,"date":"2022-09-20T11:17:32","date_gmt":"2022-09-20T09:17:32","guid":{"rendered":"https:\/\/tibladin.dk\/vare\/kropsolie-brasilia\/"},"modified":"2025-03-29T11:34:21","modified_gmt":"2025-03-29T10:34:21","slug":"kroppsolje-brasilia","status":"publish","type":"product","link":"https:\/\/tibladin.dk\/nb\/produkt\/kropsolie-brasilia\/","title":{"rendered":"Kroppsolje BRASILIA"},"content":{"rendered":"<div class=\"wpb-content-wrapper\"><div class=\"vc_row wpb_row vc_row-fluid\"><div class=\"wpb_column vc_column_container vc_col-sm-4\"><div class=\"vc_column-inner\"><div class=\"wpb_wrapper\"><\/div><\/div><\/div><div class=\"wpb_column vc_column_container vc_col-sm-4\"><div class=\"vc_column-inner\"><div class=\"wpb_wrapper\"><h3 style=\"text-align: left\" class=\"vc_custom_heading vc_do_custom_heading\" >Vedlikehold<\/h3>\n\t<div class=\"wpb_text_column wpb_content_element\" >\n\t\t<div class=\"wpb_wrapper\">\n\t\t\t<p>Bruk oljen som et deilig alternativ til bodylotion. Fordel og varm en liten mengde i hendene og bruk p\u00e5 ansikt, kropp og f\u00f8tter.<\/p>\n\n\t\t<\/div>\n\t<\/div>\n<\/div><\/div><\/div><div class=\"wpb_column vc_column_container vc_col-sm-4\"><div class=\"vc_column-inner\"><div class=\"wpb_wrapper\"><h3 style=\"text-align: left\" class=\"vc_custom_heading vc_do_custom_heading\" >Historien bak<\/h3>\n\t<div class=\"wpb_text_column wpb_content_element\" >\n\t\t<div class=\"wpb_wrapper\">\n\t\t\t<p>Denne deilige kroppsoljen er fra merket L&#039;art du bain, som ble laget i Marrakech i 2004 og har blitt produsert i Nante, Frankrike siden 2016.<\/p>\n<p>Oljen er laget av naturlige, \u00f8kologiske ingredienser og gir fuktighet og en vakker gl\u00f8d til huden, og den kan brukes i ansikt, kropp og f\u00f8tter. En n\u00f8ye produksjonsprosess som inneb\u00e6rer kaldpressing av oljene resulterer i en virkelig fin kvalitet og en deilig olje som ikke er fet.<\/p>\n\n\t\t<\/div>\n\t<\/div>\n<\/div><\/div><\/div><\/div>\n<\/div>","protected":false},"excerpt":{"rendered":"<p><span style=\"font-weight: 400;\">En deilig kroppsolje som gir masse fuktighet og har en herlig duft som bringer tankene til sommer, varm sand, solkysset hud og ferier i solen. Oljen kan brukes b\u00e5de som bodylotion, men ogs\u00e5 for \u00e5 gi huden en vakker og naturlig gl\u00f8d.<\/span><\/p>\n<p><span style=\"font-weight: 400;\">Oljen v\u00e5r er en herlig blanding av vegetabilske oljer av h\u00f8yeste kvalitet, kombinert med en herlig duft av jojoba og sommerens varme og sol.\u00a0<\/span><\/p>\n<p><span style=\"font-weight: 400;\">Oljen kommer i en fin, slank beholder med spraydyse som gj\u00f8r det enkelt \u00e5 p\u00e5f\u00f8re og fordele oljen.\u00a0<\/span><\/p>\n<p><span style=\"font-weight: 400;\">100 ml.<\/span><\/p>\n<p><span style=\"font-weight: 400;\">Ingredienser: Aprikoskjerneolje, druekjerneolje, a\u00e7a\u00edolje og parfyme. Oljene er rike p\u00e5 omega-6- og 9-fettsyrer, samt vitamin B1, B2, B3, C og E, som alle bidrar til hudens elastisitet og gir huden fuktighet. <\/span><\/p>","protected":false},"featured_media":2589,"template":"","meta":{"inline_featured_image":false},"product_brand":[],"product_cat":[27,110,103],"product_tag":[],"class_list":{"0":"post-2590","1":"product","2":"type-product","3":"status-publish","4":"has-post-thumbnail","6":"product_cat-diverse","7":"product_cat-kropsolie","8":"product_cat-personlig-pleje","10":"first","11":"instock","12":"taxable","13":"shipping-taxable","14":"purchasable","15":"product-type-simple"},"exclude_global_add_ons":false,"addons":[{"name":"\u00d8nsker du gaveinnpakning?","type":"checkbox","position":0,"required":false,"title_format":"label","default":"","description_enable":false,"description":"","placeholder_enable":false,"placeholder":"","display":"images","restrictions_type":"any_text","adjust_price":false,"price":"","price_type":"flat_fee","restrictions":false,"min":"0","max":"0","options":[{"label":"Ja tak","price":"10","price_type":"flat_fee","image":11015,"visibility":true}],"id":1669646111}],"yoast_head":"<!-- This site is optimized with the Yoast SEO plugin v27.4 - https:\/\/yoast.com\/product\/yoast-seo-wordpress\/ -->\n<title>\u00d8kologisk kropsolie | Naturlige ingredienser | Tibladin<\/title>\n<meta name=\"description\" content=\"L\u00e6kker kropsolie til kroppen og ansigtet. Lavet af \u00f8kologiske ingredienser, der tilf\u00f8jer fugt og en flot gl\u00f8d til huden.\" \/>\n<meta name=\"robots\" content=\"index, follow, max-snippet:-1, max-image-preview:large, max-video-preview:-1\" \/>\n<link rel=\"canonical\" href=\"https:\/\/tibladin.dk\/nb\/produkt\/kroppsolje-brasilia\/\" \/>\n<meta property=\"og:locale\" content=\"nb_NO\" \/>\n<meta property=\"og:type\" content=\"article\" \/>\n<meta property=\"og:title\" content=\"\u00d8kologisk kropsolie | Naturlige ingredienser | Tibladin\" \/>\n<meta property=\"og:description\" content=\"L\u00e6kker kropsolie til kroppen og ansigtet. Lavet af \u00f8kologiske ingredienser, der tilf\u00f8jer fugt og en flot gl\u00f8d til huden.\" \/>\n<meta property=\"og:url\" content=\"https:\/\/tibladin.dk\/nb\/produkt\/kroppsolje-brasilia\/\" \/>\n<meta property=\"og:site_name\" content=\"Tibladin\" \/>\n<meta property=\"article:modified_time\" content=\"2025-03-29T10:34:21+00:00\" \/>\n<meta property=\"og:image\" content=\"https:\/\/tibladin.dk\/wp-content\/uploads\/2022\/09\/Brasilia_kropsolie-1-1.jpg\" \/>\n\t<meta property=\"og:image:width\" content=\"800\" \/>\n\t<meta property=\"og:image:height\" content=\"800\" \/>\n\t<meta property=\"og:image:type\" content=\"image\/jpeg\" \/>\n<meta name=\"twitter:card\" content=\"summary_large_image\" \/>\n<meta name=\"twitter:label1\" content=\"Ansl. lesetid\" \/>\n\t<meta name=\"twitter:data1\" content=\"2 minutter\" \/>\n<script type=\"application\/ld+json\" class=\"yoast-schema-graph\">{\"@context\":\"https:\\\/\\\/schema.org\",\"@graph\":[{\"@type\":\"WebPage\",\"@id\":\"https:\\\/\\\/tibladin.dk\\\/produkt\\\/kropsolie-brasilia\\\/\",\"url\":\"https:\\\/\\\/tibladin.dk\\\/produkt\\\/kropsolie-brasilia\\\/\",\"name\":\"\u00d8kologisk kropsolie | Naturlige ingredienser | Tibladin\",\"isPartOf\":{\"@id\":\"https:\\\/\\\/tibladin.dk\\\/#website\"},\"primaryImageOfPage\":{\"@id\":\"https:\\\/\\\/tibladin.dk\\\/produkt\\\/kropsolie-brasilia\\\/#primaryimage\"},\"image\":{\"@id\":\"https:\\\/\\\/tibladin.dk\\\/produkt\\\/kropsolie-brasilia\\\/#primaryimage\"},\"thumbnailUrl\":\"https:\\\/\\\/tibladin.dk\\\/wp-content\\\/uploads\\\/2022\\\/09\\\/Brasilia_kropsolie-1-1.jpg\",\"datePublished\":\"2022-09-20T09:17:32+00:00\",\"dateModified\":\"2025-03-29T10:34:21+00:00\",\"description\":\"L\u00e6kker kropsolie til kroppen og ansigtet. Lavet af \u00f8kologiske ingredienser, der tilf\u00f8jer fugt og en flot gl\u00f8d til huden.\",\"breadcrumb\":{\"@id\":\"https:\\\/\\\/tibladin.dk\\\/produkt\\\/kropsolie-brasilia\\\/#breadcrumb\"},\"inLanguage\":\"nb-NO\",\"potentialAction\":[{\"@type\":\"ReadAction\",\"target\":[\"https:\\\/\\\/tibladin.dk\\\/produkt\\\/kropsolie-brasilia\\\/\"]}]},{\"@type\":\"ImageObject\",\"inLanguage\":\"nb-NO\",\"@id\":\"https:\\\/\\\/tibladin.dk\\\/produkt\\\/kropsolie-brasilia\\\/#primaryimage\",\"url\":\"https:\\\/\\\/tibladin.dk\\\/wp-content\\\/uploads\\\/2022\\\/09\\\/Brasilia_kropsolie-1-1.jpg\",\"contentUrl\":\"https:\\\/\\\/tibladin.dk\\\/wp-content\\\/uploads\\\/2022\\\/09\\\/Brasilia_kropsolie-1-1.jpg\",\"width\":800,\"height\":800,\"caption\":\"Kropsolie i brasilia varianten\"},{\"@type\":\"BreadcrumbList\",\"@id\":\"https:\\\/\\\/tibladin.dk\\\/produkt\\\/kropsolie-brasilia\\\/#breadcrumb\",\"itemListElement\":[{\"@type\":\"ListItem\",\"position\":1,\"name\":\"Hjem\",\"item\":\"https:\\\/\\\/tibladin.dk\\\/\"},{\"@type\":\"ListItem\",\"position\":2,\"name\":\"Shop\",\"item\":\"https:\\\/\\\/tibladin.dk\\\/shop\\\/\"},{\"@type\":\"ListItem\",\"position\":3,\"name\":\"Kropsolie BRASILIA\"}]},{\"@type\":\"WebSite\",\"@id\":\"https:\\\/\\\/tibladin.dk\\\/#website\",\"url\":\"https:\\\/\\\/tibladin.dk\\\/\",\"name\":\"Tibladin\",\"description\":\"Tibladin\",\"publisher\":{\"@id\":\"https:\\\/\\\/tibladin.dk\\\/#organization\"},\"potentialAction\":[{\"@type\":\"SearchAction\",\"target\":{\"@type\":\"EntryPoint\",\"urlTemplate\":\"https:\\\/\\\/tibladin.dk\\\/?s={search_term_string}\"},\"query-input\":{\"@type\":\"PropertyValueSpecification\",\"valueRequired\":true,\"valueName\":\"search_term_string\"}}],\"inLanguage\":\"nb-NO\"},{\"@type\":\"Organization\",\"@id\":\"https:\\\/\\\/tibladin.dk\\\/#organization\",\"name\":\"Tibladin\",\"url\":\"https:\\\/\\\/tibladin.dk\\\/\",\"logo\":{\"@type\":\"ImageObject\",\"inLanguage\":\"nb-NO\",\"@id\":\"https:\\\/\\\/tibladin.dk\\\/#\\\/schema\\\/logo\\\/image\\\/\",\"url\":\"https:\\\/\\\/tibladin.dk\\\/wp-content\\\/uploads\\\/2022\\\/09\\\/tibladin_logo.svg\",\"contentUrl\":\"https:\\\/\\\/tibladin.dk\\\/wp-content\\\/uploads\\\/2022\\\/09\\\/tibladin_logo.svg\",\"caption\":\"Tibladin\"},\"image\":{\"@id\":\"https:\\\/\\\/tibladin.dk\\\/#\\\/schema\\\/logo\\\/image\\\/\"}}]}<\/script>\n<!-- \/ Yoast SEO plugin. -->","yoast_head_json":{"title":"\u00d8kologisk kroppsolje | Naturlige ingredienser | Tibladin","description":"Deilig kroppsolje for kropp og ansikt. Laget av \u00f8kologiske ingredienser som tilf\u00f8rer fuktighet og en vakker gl\u00f8d til huden.","robots":{"index":"index","follow":"follow","max-snippet":"max-snippet:-1","max-image-preview":"max-image-preview:large","max-video-preview":"max-video-preview:-1"},"canonical":"https:\/\/tibladin.dk\/nb\/produkt\/kroppsolje-brasilia\/","og_locale":"nb_NO","og_type":"article","og_title":"\u00d8kologisk kropsolie | Naturlige ingredienser | Tibladin","og_description":"L\u00e6kker kropsolie til kroppen og ansigtet. Lavet af \u00f8kologiske ingredienser, der tilf\u00f8jer fugt og en flot gl\u00f8d til huden.","og_url":"https:\/\/tibladin.dk\/nb\/produkt\/kroppsolje-brasilia\/","og_site_name":"Tibladin","article_modified_time":"2025-03-29T10:34:21+00:00","og_image":[{"width":800,"height":800,"url":"https:\/\/tibladin.dk\/wp-content\/uploads\/2022\/09\/Brasilia_kropsolie-1-1.jpg","type":"image\/jpeg"}],"twitter_card":"summary_large_image","twitter_misc":{"Ansl. lesetid":"2 minutter"},"schema":{"@context":"https:\/\/schema.org","@graph":[{"@type":"WebPage","@id":"https:\/\/tibladin.dk\/produkt\/kropsolie-brasilia\/","url":"https:\/\/tibladin.dk\/produkt\/kropsolie-brasilia\/","name":"\u00d8kologisk kroppsolje | Naturlige ingredienser | Tibladin","isPartOf":{"@id":"https:\/\/tibladin.dk\/#website"},"primaryImageOfPage":{"@id":"https:\/\/tibladin.dk\/produkt\/kropsolie-brasilia\/#primaryimage"},"image":{"@id":"https:\/\/tibladin.dk\/produkt\/kropsolie-brasilia\/#primaryimage"},"thumbnailUrl":"https:\/\/tibladin.dk\/wp-content\/uploads\/2022\/09\/Brasilia_kropsolie-1-1.jpg","datePublished":"2022-09-20T09:17:32+00:00","dateModified":"2025-03-29T10:34:21+00:00","description":"Deilig kroppsolje for kropp og ansikt. Laget av \u00f8kologiske ingredienser som tilf\u00f8rer fuktighet og en vakker gl\u00f8d til huden.","breadcrumb":{"@id":"https:\/\/tibladin.dk\/produkt\/kropsolie-brasilia\/#breadcrumb"},"inLanguage":"nb-NO","potentialAction":[{"@type":"ReadAction","target":["https:\/\/tibladin.dk\/produkt\/kropsolie-brasilia\/"]}]},{"@type":"ImageObject","inLanguage":"nb-NO","@id":"https:\/\/tibladin.dk\/produkt\/kropsolie-brasilia\/#primaryimage","url":"https:\/\/tibladin.dk\/wp-content\/uploads\/2022\/09\/Brasilia_kropsolie-1-1.jpg","contentUrl":"https:\/\/tibladin.dk\/wp-content\/uploads\/2022\/09\/Brasilia_kropsolie-1-1.jpg","width":800,"height":800,"caption":"Kropsolie i brasilia varianten"},{"@type":"BreadcrumbList","@id":"https:\/\/tibladin.dk\/produkt\/kropsolie-brasilia\/#breadcrumb","itemListElement":[{"@type":"ListItem","position":1,"name":"Hjem","item":"https:\/\/tibladin.dk\/"},{"@type":"ListItem","position":2,"name":"Shop","item":"https:\/\/tibladin.dk\/shop\/"},{"@type":"ListItem","position":3,"name":"Kropsolie BRASILIA"}]},{"@type":"WebSite","@id":"https:\/\/tibladin.dk\/#website","url":"https:\/\/tibladin.dk\/","name":"Tibladin","description":"Tibladin","publisher":{"@id":"https:\/\/tibladin.dk\/#organization"},"potentialAction":[{"@type":"SearchAction","target":{"@type":"EntryPoint","urlTemplate":"https:\/\/tibladin.dk\/?s={search_term_string}"},"query-input":{"@type":"PropertyValueSpecification","valueRequired":true,"valueName":"search_term_string"}}],"inLanguage":"nb-NO"},{"@type":"Organization","@id":"https:\/\/tibladin.dk\/#organization","name":"Tibladin","url":"https:\/\/tibladin.dk\/","logo":{"@type":"ImageObject","inLanguage":"nb-NO","@id":"https:\/\/tibladin.dk\/#\/schema\/logo\/image\/","url":"https:\/\/tibladin.dk\/wp-content\/uploads\/2022\/09\/tibladin_logo.svg","contentUrl":"https:\/\/tibladin.dk\/wp-content\/uploads\/2022\/09\/tibladin_logo.svg","caption":"Tibladin"},"image":{"@id":"https:\/\/tibladin.dk\/#\/schema\/logo\/image\/"}}]}},"_links":{"self":[{"href":"https:\/\/tibladin.dk\/nb\/wp-json\/wp\/v2\/product\/2590","targetHints":{"allow":["GET"]}}],"collection":[{"href":"https:\/\/tibladin.dk\/nb\/wp-json\/wp\/v2\/product"}],"about":[{"href":"https:\/\/tibladin.dk\/nb\/wp-json\/wp\/v2\/types\/product"}],"wp:featuredmedia":[{"embeddable":true,"href":"https:\/\/tibladin.dk\/nb\/wp-json\/wp\/v2\/media\/2589"}],"wp:attachment":[{"href":"https:\/\/tibladin.dk\/nb\/wp-json\/wp\/v2\/media?parent=2590"}],"wp:term":[{"taxonomy":"product_brand","embeddable":true,"href":"https:\/\/tibladin.dk\/nb\/wp-json\/wp\/v2\/product_brand?post=2590"},{"taxonomy":"product_cat","embeddable":true,"href":"https:\/\/tibladin.dk\/nb\/wp-json\/wp\/v2\/product_cat?post=2590"},{"taxonomy":"product_tag","embeddable":true,"href":"https:\/\/tibladin.dk\/nb\/wp-json\/wp\/v2\/product_tag?post=2590"}],"curies":[{"name":"wp","href":"https:\/\/api.w.org\/{rel}","templated":true}]}}