{"id":30387,"date":"2024-06-17T10:45:50","date_gmt":"2024-06-17T08:45:50","guid":{"rendered":"https:\/\/tibladin.dk\/?post_type=product&#038;p=30387"},"modified":"2025-12-19T14:06:07","modified_gmt":"2025-12-19T13:06:07","slug":"organisk-saape-rav","status":"publish","type":"product","link":"https:\/\/tibladin.dk\/nb\/produkt\/oekologisk-saebe-ambre\/","title":{"rendered":"Organisk s\u00e5pe Ambre"},"content":{"rendered":"<div class=\"wpb-content-wrapper\"><div class=\"vc_row wpb_row vc_row-fluid\"><div class=\"wpb_column vc_column_container vc_col-sm-4\"><div class=\"vc_column-inner\"><div class=\"wpb_wrapper\"><\/div><\/div><\/div><div class=\"wpb_column vc_column_container vc_col-sm-4\"><div class=\"vc_column-inner\"><div class=\"wpb_wrapper\"><h3 style=\"text-align: left\" class=\"vc_custom_heading vc_do_custom_heading\" >Vedlikehold<\/h3>\n\t<div class=\"wpb_text_column wpb_content_element\" >\n\t\t<div class=\"wpb_wrapper\">\n\t\t\t<p>80 gram<span class=\"Apple-converted-space\">\u00a0<\/span><\/p>\n<p>Kan brukes p\u00e5 ansikt, kropp og hender, og er bra for sensitiv hud.<\/p>\n\n\t\t<\/div>\n\t<\/div>\n<\/div><\/div><\/div><div class=\"wpb_column vc_column_container vc_col-sm-4\"><div class=\"vc_column-inner\"><div class=\"wpb_wrapper\"><h3 style=\"text-align: left\" class=\"vc_custom_heading vc_do_custom_heading\" >Historien bak<\/h3>\n\t<div class=\"wpb_text_column wpb_content_element\" >\n\t\t<div class=\"wpb_wrapper\">\n\t\t\t<p>S\u00e5per fra L&#039;art du bain, som ble laget i Marrakech i 2004 og har blitt produsert i Nante, Frankrike siden 2016.<span class=\"Apple-converted-space\">\u00a0<\/span><\/p>\n<p>Kaldpressede s\u00e5per laget av naturlige ingredienser og epleoljer fra Marokko, formet for h\u00e5nd, \u00e9n etter \u00e9n.<span class=\"Apple-converted-space\">\u00a0En solid s\u00e5pestykke er en god m\u00e5te \u00e5 minimere plastforbruket i hverdagen.<\/span><\/p>\n<p>En omhyggelig h\u00e5ndverksmessig m\u00e5te \u00e5 tilberede s\u00e5per p\u00e5 som gir en sv\u00e6rt fin kvalitet. S\u00e5pene er laget utelukkende av naturlige ingredienser med respekt for milj\u00f8et. Teknikken med \u00e5 lage kaldpressede s\u00e5per betyr at s\u00e5pene beholder den naturlige glyserinen og de naturlige oljene, noe som gir en mer fuktighetsgivende s\u00e5pe.<\/p>\n\n\t\t<\/div>\n\t<\/div>\n<\/div><\/div><\/div><\/div>\n<\/div>","protected":false},"excerpt":{"rendered":"<p>Har du lyst til \u00e5 dra p\u00e5 tur til Marrakech?<\/p>\n<p>S\u00e5pen v\u00e5r AMBRE har en herlig krydret duft som vekker sansene.<\/p>\n<p>80 gram.<\/p>\n<p>Kan brukes p\u00e5 ansikt, kropp og hender.<\/p>\n<p>Ingredienser: \u00d8kologisk kokosolje, \u00f8kologisk palmeolje, \u00f8kologisk olivenolje, naturlig glyserin som oppst\u00e5r under kaldpresset matlaging, ingef\u00e6rpulver og honning.<\/p>","protected":false},"featured_media":2031,"template":"","meta":{"inline_featured_image":false},"product_brand":[],"product_cat":[27,103,104],"product_tag":[],"class_list":{"0":"post-30387","1":"product","2":"type-product","3":"status-publish","4":"has-post-thumbnail","6":"product_cat-diverse","7":"product_cat-personlig-pleje","8":"product_cat-saeber","10":"first","11":"instock","12":"taxable","13":"shipping-taxable","14":"purchasable","15":"product-type-simple"},"exclude_global_add_ons":false,"addons":[{"name":"\u00d8nsker du gaveinnpakning?","type":"checkbox","position":0,"required":false,"title_format":"label","default":"","description_enable":false,"description":"","placeholder_enable":false,"placeholder":"","display":"images","restrictions_type":"any_text","adjust_price":false,"price":"","price_type":"flat_fee","restrictions":false,"min":"0","max":"0","options":[{"label":"Ja tak","price":"10","price_type":"flat_fee","image":11015,"visibility":true}],"id":1669646111}],"yoast_head":"<!-- This site is optimized with the Yoast SEO plugin v27.4 - https:\/\/yoast.com\/product\/yoast-seo-wordpress\/ -->\n<title>H\u00e5ndlavede marokkanske s\u00e6ber<\/title>\n<meta name=\"description\" content=\"L\u00e6kker marokkansk s\u00e6be af naturlige ingredienser som man traditionen tro bruger i Marokko og med en mild og eksklusiv duft. God til sart hud.\" \/>\n<meta name=\"robots\" content=\"index, follow, max-snippet:-1, max-image-preview:large, max-video-preview:-1\" \/>\n<link rel=\"canonical\" href=\"https:\/\/tibladin.dk\/nb\/produkt\/organisk-saape-rav\/\" \/>\n<meta property=\"og:locale\" content=\"nb_NO\" \/>\n<meta property=\"og:type\" content=\"article\" \/>\n<meta property=\"og:title\" content=\"H\u00e5ndlavede marokkanske s\u00e6ber\" \/>\n<meta property=\"og:description\" content=\"L\u00e6kker marokkansk s\u00e6be af naturlige ingredienser som man traditionen tro bruger i Marokko og med en mild og eksklusiv duft. God til sart hud.\" \/>\n<meta property=\"og:url\" content=\"https:\/\/tibladin.dk\/nb\/produkt\/organisk-saape-rav\/\" \/>\n<meta property=\"og:site_name\" content=\"Tibladin\" \/>\n<meta property=\"article:modified_time\" content=\"2025-12-19T13:06:07+00:00\" \/>\n<meta property=\"og:image\" content=\"https:\/\/tibladin.dk\/wp-content\/uploads\/2022\/09\/Mauresque-Ambre_800x800-1.jpg\" \/>\n\t<meta property=\"og:image:width\" content=\"800\" \/>\n\t<meta property=\"og:image:height\" content=\"800\" \/>\n\t<meta property=\"og:image:type\" content=\"image\/jpeg\" \/>\n<meta name=\"twitter:card\" content=\"summary_large_image\" \/>\n<meta name=\"twitter:label1\" content=\"Ansl. lesetid\" \/>\n\t<meta name=\"twitter:data1\" content=\"2 minutter\" \/>\n<script type=\"application\/ld+json\" class=\"yoast-schema-graph\">{\"@context\":\"https:\\\/\\\/schema.org\",\"@graph\":[{\"@type\":\"WebPage\",\"@id\":\"https:\\\/\\\/tibladin.dk\\\/produkt\\\/oekologisk-saebe-ambre\\\/\",\"url\":\"https:\\\/\\\/tibladin.dk\\\/produkt\\\/oekologisk-saebe-ambre\\\/\",\"name\":\"H\u00e5ndlavede marokkanske s\u00e6ber\",\"isPartOf\":{\"@id\":\"https:\\\/\\\/tibladin.dk\\\/#website\"},\"primaryImageOfPage\":{\"@id\":\"https:\\\/\\\/tibladin.dk\\\/produkt\\\/oekologisk-saebe-ambre\\\/#primaryimage\"},\"image\":{\"@id\":\"https:\\\/\\\/tibladin.dk\\\/produkt\\\/oekologisk-saebe-ambre\\\/#primaryimage\"},\"thumbnailUrl\":\"https:\\\/\\\/tibladin.dk\\\/wp-content\\\/uploads\\\/2022\\\/09\\\/Mauresque-Ambre_800x800-1.jpg\",\"datePublished\":\"2024-06-17T08:45:50+00:00\",\"dateModified\":\"2025-12-19T13:06:07+00:00\",\"description\":\"L\u00e6kker marokkansk s\u00e6be af naturlige ingredienser som man traditionen tro bruger i Marokko og med en mild og eksklusiv duft. God til sart hud.\",\"breadcrumb\":{\"@id\":\"https:\\\/\\\/tibladin.dk\\\/produkt\\\/oekologisk-saebe-ambre\\\/#breadcrumb\"},\"inLanguage\":\"nb-NO\",\"potentialAction\":[{\"@type\":\"ReadAction\",\"target\":[\"https:\\\/\\\/tibladin.dk\\\/produkt\\\/oekologisk-saebe-ambre\\\/\"]}]},{\"@type\":\"ImageObject\",\"inLanguage\":\"nb-NO\",\"@id\":\"https:\\\/\\\/tibladin.dk\\\/produkt\\\/oekologisk-saebe-ambre\\\/#primaryimage\",\"url\":\"https:\\\/\\\/tibladin.dk\\\/wp-content\\\/uploads\\\/2022\\\/09\\\/Mauresque-Ambre_800x800-1.jpg\",\"contentUrl\":\"https:\\\/\\\/tibladin.dk\\\/wp-content\\\/uploads\\\/2022\\\/09\\\/Mauresque-Ambre_800x800-1.jpg\",\"width\":800,\"height\":800,\"caption\":\"L' Art du bain s\u00e6be i indpakning\"},{\"@type\":\"BreadcrumbList\",\"@id\":\"https:\\\/\\\/tibladin.dk\\\/produkt\\\/oekologisk-saebe-ambre\\\/#breadcrumb\",\"itemListElement\":[{\"@type\":\"ListItem\",\"position\":1,\"name\":\"Hjem\",\"item\":\"https:\\\/\\\/tibladin.dk\\\/\"},{\"@type\":\"ListItem\",\"position\":2,\"name\":\"Shop\",\"item\":\"https:\\\/\\\/tibladin.dk\\\/shop\\\/\"},{\"@type\":\"ListItem\",\"position\":3,\"name\":\"\u00d8kologisk s\u00e6be Ambre\"}]},{\"@type\":\"WebSite\",\"@id\":\"https:\\\/\\\/tibladin.dk\\\/#website\",\"url\":\"https:\\\/\\\/tibladin.dk\\\/\",\"name\":\"Tibladin\",\"description\":\"Tibladin\",\"publisher\":{\"@id\":\"https:\\\/\\\/tibladin.dk\\\/#organization\"},\"potentialAction\":[{\"@type\":\"SearchAction\",\"target\":{\"@type\":\"EntryPoint\",\"urlTemplate\":\"https:\\\/\\\/tibladin.dk\\\/?s={search_term_string}\"},\"query-input\":{\"@type\":\"PropertyValueSpecification\",\"valueRequired\":true,\"valueName\":\"search_term_string\"}}],\"inLanguage\":\"nb-NO\"},{\"@type\":\"Organization\",\"@id\":\"https:\\\/\\\/tibladin.dk\\\/#organization\",\"name\":\"Tibladin\",\"url\":\"https:\\\/\\\/tibladin.dk\\\/\",\"logo\":{\"@type\":\"ImageObject\",\"inLanguage\":\"nb-NO\",\"@id\":\"https:\\\/\\\/tibladin.dk\\\/#\\\/schema\\\/logo\\\/image\\\/\",\"url\":\"https:\\\/\\\/tibladin.dk\\\/wp-content\\\/uploads\\\/2022\\\/09\\\/tibladin_logo.svg\",\"contentUrl\":\"https:\\\/\\\/tibladin.dk\\\/wp-content\\\/uploads\\\/2022\\\/09\\\/tibladin_logo.svg\",\"caption\":\"Tibladin\"},\"image\":{\"@id\":\"https:\\\/\\\/tibladin.dk\\\/#\\\/schema\\\/logo\\\/image\\\/\"}}]}<\/script>\n<!-- \/ Yoast SEO plugin. -->","yoast_head_json":{"title":"H\u00e5ndlagde marokkanske s\u00e5per","description":"Deilig marokkansk s\u00e5pe laget av naturlige ingredienser som tradisjonelt brukes i Marokko og med en mild og eksklusiv duft. Bra for sensitiv hud.","robots":{"index":"index","follow":"follow","max-snippet":"max-snippet:-1","max-image-preview":"max-image-preview:large","max-video-preview":"max-video-preview:-1"},"canonical":"https:\/\/tibladin.dk\/nb\/produkt\/organisk-saape-rav\/","og_locale":"nb_NO","og_type":"article","og_title":"H\u00e5ndlavede marokkanske s\u00e6ber","og_description":"L\u00e6kker marokkansk s\u00e6be af naturlige ingredienser som man traditionen tro bruger i Marokko og med en mild og eksklusiv duft. God til sart hud.","og_url":"https:\/\/tibladin.dk\/nb\/produkt\/organisk-saape-rav\/","og_site_name":"Tibladin","article_modified_time":"2025-12-19T13:06:07+00:00","og_image":[{"width":800,"height":800,"url":"https:\/\/tibladin.dk\/wp-content\/uploads\/2022\/09\/Mauresque-Ambre_800x800-1.jpg","type":"image\/jpeg"}],"twitter_card":"summary_large_image","twitter_misc":{"Ansl. lesetid":"2 minutter"},"schema":{"@context":"https:\/\/schema.org","@graph":[{"@type":"WebPage","@id":"https:\/\/tibladin.dk\/produkt\/oekologisk-saebe-ambre\/","url":"https:\/\/tibladin.dk\/produkt\/oekologisk-saebe-ambre\/","name":"H\u00e5ndlagde marokkanske s\u00e5per","isPartOf":{"@id":"https:\/\/tibladin.dk\/#website"},"primaryImageOfPage":{"@id":"https:\/\/tibladin.dk\/produkt\/oekologisk-saebe-ambre\/#primaryimage"},"image":{"@id":"https:\/\/tibladin.dk\/produkt\/oekologisk-saebe-ambre\/#primaryimage"},"thumbnailUrl":"https:\/\/tibladin.dk\/wp-content\/uploads\/2022\/09\/Mauresque-Ambre_800x800-1.jpg","datePublished":"2024-06-17T08:45:50+00:00","dateModified":"2025-12-19T13:06:07+00:00","description":"Deilig marokkansk s\u00e5pe laget av naturlige ingredienser som tradisjonelt brukes i Marokko og med en mild og eksklusiv duft. Bra for sensitiv hud.","breadcrumb":{"@id":"https:\/\/tibladin.dk\/produkt\/oekologisk-saebe-ambre\/#breadcrumb"},"inLanguage":"nb-NO","potentialAction":[{"@type":"ReadAction","target":["https:\/\/tibladin.dk\/produkt\/oekologisk-saebe-ambre\/"]}]},{"@type":"ImageObject","inLanguage":"nb-NO","@id":"https:\/\/tibladin.dk\/produkt\/oekologisk-saebe-ambre\/#primaryimage","url":"https:\/\/tibladin.dk\/wp-content\/uploads\/2022\/09\/Mauresque-Ambre_800x800-1.jpg","contentUrl":"https:\/\/tibladin.dk\/wp-content\/uploads\/2022\/09\/Mauresque-Ambre_800x800-1.jpg","width":800,"height":800,"caption":"L' Art du bain s\u00e6be i indpakning"},{"@type":"BreadcrumbList","@id":"https:\/\/tibladin.dk\/produkt\/oekologisk-saebe-ambre\/#breadcrumb","itemListElement":[{"@type":"ListItem","position":1,"name":"Hjem","item":"https:\/\/tibladin.dk\/"},{"@type":"ListItem","position":2,"name":"Shop","item":"https:\/\/tibladin.dk\/shop\/"},{"@type":"ListItem","position":3,"name":"\u00d8kologisk s\u00e6be Ambre"}]},{"@type":"WebSite","@id":"https:\/\/tibladin.dk\/#website","url":"https:\/\/tibladin.dk\/","name":"Tibladin","description":"Tibladin","publisher":{"@id":"https:\/\/tibladin.dk\/#organization"},"potentialAction":[{"@type":"SearchAction","target":{"@type":"EntryPoint","urlTemplate":"https:\/\/tibladin.dk\/?s={search_term_string}"},"query-input":{"@type":"PropertyValueSpecification","valueRequired":true,"valueName":"search_term_string"}}],"inLanguage":"nb-NO"},{"@type":"Organization","@id":"https:\/\/tibladin.dk\/#organization","name":"Tibladin","url":"https:\/\/tibladin.dk\/","logo":{"@type":"ImageObject","inLanguage":"nb-NO","@id":"https:\/\/tibladin.dk\/#\/schema\/logo\/image\/","url":"https:\/\/tibladin.dk\/wp-content\/uploads\/2022\/09\/tibladin_logo.svg","contentUrl":"https:\/\/tibladin.dk\/wp-content\/uploads\/2022\/09\/tibladin_logo.svg","caption":"Tibladin"},"image":{"@id":"https:\/\/tibladin.dk\/#\/schema\/logo\/image\/"}}]}},"_links":{"self":[{"href":"https:\/\/tibladin.dk\/nb\/wp-json\/wp\/v2\/product\/30387","targetHints":{"allow":["GET"]}}],"collection":[{"href":"https:\/\/tibladin.dk\/nb\/wp-json\/wp\/v2\/product"}],"about":[{"href":"https:\/\/tibladin.dk\/nb\/wp-json\/wp\/v2\/types\/product"}],"wp:featuredmedia":[{"embeddable":true,"href":"https:\/\/tibladin.dk\/nb\/wp-json\/wp\/v2\/media\/2031"}],"wp:attachment":[{"href":"https:\/\/tibladin.dk\/nb\/wp-json\/wp\/v2\/media?parent=30387"}],"wp:term":[{"taxonomy":"product_brand","embeddable":true,"href":"https:\/\/tibladin.dk\/nb\/wp-json\/wp\/v2\/product_brand?post=30387"},{"taxonomy":"product_cat","embeddable":true,"href":"https:\/\/tibladin.dk\/nb\/wp-json\/wp\/v2\/product_cat?post=30387"},{"taxonomy":"product_tag","embeddable":true,"href":"https:\/\/tibladin.dk\/nb\/wp-json\/wp\/v2\/product_tag?post=30387"}],"curies":[{"name":"wp","href":"https:\/\/api.w.org\/{rel}","templated":true}]}}