{"id":30496,"date":"2024-06-22T20:09:30","date_gmt":"2024-06-22T18:09:30","guid":{"rendered":"https:\/\/tibladin.dk\/?post_type=product&#038;p=30496"},"modified":"2025-12-16T10:38:49","modified_gmt":"2025-12-16T09:38:49","slug":"rustikk-leirfat-20-cm","status":"publish","type":"product","link":"https:\/\/tibladin.dk\/nb\/produkt\/rustikt-lerfad-20-cm\/","title":{"rendered":"Rustikk leirfat 20 cm."},"content":{"rendered":"<div class=\"wpb-content-wrapper\"><div class=\"vc_row wpb_row vc_row-fluid\"><div class=\"wpb_column vc_column_container vc_col-sm-4\"><div class=\"vc_column-inner\"><div class=\"wpb_wrapper\"><\/div><\/div><\/div><div class=\"wpb_column vc_column_container vc_col-sm-4\"><div class=\"vc_column-inner\"><div class=\"wpb_wrapper\"><h3 style=\"text-align: left\" class=\"vc_custom_heading vc_do_custom_heading\" >Vedlikehold<\/h3>\n\t<div class=\"wpb_text_column wpb_content_element\" >\n\t\t<div class=\"wpb_wrapper\">\n\t\t\t<p>F\u00f8r du bruker formen, vask den grundig og sett den i et vannbad over natten. Neste dag tar du formen ut og t\u00f8rker den. N\u00e5r formen er helt t\u00f8rr, gnider du den inn med vegetabilsk olje (raps eller solsikkeolje), og den er n\u00e5 klar til bruk. Formen t\u00e5ler stekeovn og koketopp \u2013 b\u00e5de keramikk og gass.<\/p>\n\n\t\t<\/div>\n\t<\/div>\n<\/div><\/div><\/div><div class=\"wpb_column vc_column_container vc_col-sm-4\"><div class=\"vc_column-inner\"><div class=\"wpb_wrapper\"><h3 style=\"text-align: left\" class=\"vc_custom_heading vc_do_custom_heading\" >Historien bak<\/h3>\n\t<div class=\"wpb_text_column wpb_content_element\" >\n\t\t<div class=\"wpb_wrapper\">\n\t\t\t<p>Helt autentisk h\u00e5nddreiet leirfat. Uglasert og r\u00e5. Utrolig vakkert til forskjellige serveringer, for \u00e5 tilberede en deilig grateng i eller gambas a la plancha (store pilrotreker i chili og hvitl\u00f8k). Du kan tilberede maten direkte i fatet.<\/p>\n<p>Passer godt til det r\u00e5e <a href=\"https:\/\/tibladin.dk\/nb\/produkt\/tagine-i-uglasert-steingods-til-matlaging\/\">tagine<\/a> i steint\u00f8y.<\/p>\n\n\t\t<\/div>\n\t<\/div>\n<\/div><\/div><\/div><\/div>\n<\/div>","protected":false},"excerpt":{"rendered":"<p>Rustikk fat i uglasert steingods, 20 cm i diameter og 5 cm h\u00f8yt. H\u00e5nddreiet i Ourika-fjellene i Marrakech i henhold til tradisjonelle h\u00e5ndverkstradisjoner. Fatet kan brukes til \u00e5 tilberede mat direkte i ovnen eller p\u00e5 koketopp og gassbrenner.<\/p>\n<p>F\u00f8r f\u00f8rste gangs bruk, bl\u00f8tlegg formen i vann over natten. N\u00e5r den er t\u00f8rr, sm\u00f8r den med litt matolje.<\/p>\n<p>Bruk fatet til \u00e5 tilberede Gambas a la Plancha, gratenger eller som serveringsfat. Ser ogs\u00e5 vakkert ut p\u00e5 bordet n\u00e5r det ikke er i bruk.<\/p>\n<p>Fatet er rustikt laget, og det kan v\u00e6re sm\u00e5 flekker og ujevnheter, og st\u00f8rrelsen kan variere noe fra fat til fat.<\/p>","protected":false},"featured_media":30519,"template":"","meta":{"inline_featured_image":false},"product_brand":[],"product_cat":[33,47,139],"product_tag":[],"class_list":{"0":"post-30496","1":"product","2":"type-product","3":"status-publish","4":"has-post-thumbnail","6":"product_cat-borddaekning","7":"product_cat-gaven-til-ham","8":"product_cat-marokkansk-keramik","10":"first","11":"outofstock","12":"taxable","13":"shipping-taxable","14":"purchasable","15":"product-type-simple"},"exclude_global_add_ons":false,"addons":[{"name":"\u00d8nsker du gaveinnpakning?","type":"checkbox","position":0,"required":false,"title_format":"label","default":"","description_enable":false,"description":"","placeholder_enable":false,"placeholder":"","display":"images","restrictions_type":"any_text","adjust_price":false,"price":"","price_type":"flat_fee","restrictions":false,"min":"0","max":"0","options":[{"label":"Ja tak","price":"10","price_type":"flat_fee","image":11015,"visibility":true}],"id":1669646111}],"yoast_head":"<!-- This site is optimized with the Yoast SEO plugin v27.4 - https:\/\/yoast.com\/product\/yoast-seo-wordpress\/ -->\n<title>Marokkansk rustikt lerfad | til tilberedning og serveringer | Tibladin<\/title>\n<meta name=\"description\" content=\"Lille rustikt lerfad i uglaseret keramik som du kan lave sm\u00e5 tilberedninger i eller bruge som serveringsfad. H\u00e5nddrejet i Marokko.\" \/>\n<meta name=\"robots\" content=\"index, follow, max-snippet:-1, max-image-preview:large, max-video-preview:-1\" \/>\n<link rel=\"canonical\" href=\"https:\/\/tibladin.dk\/nb\/produkt\/rustikk-leirfat-20-cm\/\" \/>\n<meta property=\"og:locale\" content=\"nb_NO\" \/>\n<meta property=\"og:type\" content=\"article\" \/>\n<meta property=\"og:title\" content=\"Marokkansk rustikt lerfad | til tilberedning og serveringer | Tibladin\" \/>\n<meta property=\"og:description\" content=\"Lille rustikt lerfad i uglaseret keramik som du kan lave sm\u00e5 tilberedninger i eller bruge som serveringsfad. H\u00e5nddrejet i Marokko.\" \/>\n<meta property=\"og:url\" content=\"https:\/\/tibladin.dk\/nb\/produkt\/rustikk-leirfat-20-cm\/\" \/>\n<meta property=\"og:site_name\" content=\"Tibladin\" \/>\n<meta property=\"article:modified_time\" content=\"2025-12-16T09:38:49+00:00\" \/>\n<meta property=\"og:image\" content=\"https:\/\/tibladin.dk\/wp-content\/uploads\/2024\/06\/Autentisk-lerfad_12.jpg\" \/>\n\t<meta property=\"og:image:width\" content=\"800\" \/>\n\t<meta property=\"og:image:height\" content=\"800\" \/>\n\t<meta property=\"og:image:type\" content=\"image\/jpeg\" \/>\n<meta name=\"twitter:card\" content=\"summary_large_image\" \/>\n<meta name=\"twitter:label1\" content=\"Ansl. lesetid\" \/>\n\t<meta name=\"twitter:data1\" content=\"2 minutter\" \/>\n<script type=\"application\/ld+json\" class=\"yoast-schema-graph\">{\"@context\":\"https:\\\/\\\/schema.org\",\"@graph\":[{\"@type\":\"WebPage\",\"@id\":\"https:\\\/\\\/tibladin.dk\\\/produkt\\\/rustikt-lerfad-20-cm\\\/\",\"url\":\"https:\\\/\\\/tibladin.dk\\\/produkt\\\/rustikt-lerfad-20-cm\\\/\",\"name\":\"Marokkansk rustikt lerfad | til tilberedning og serveringer | Tibladin\",\"isPartOf\":{\"@id\":\"https:\\\/\\\/tibladin.dk\\\/#website\"},\"primaryImageOfPage\":{\"@id\":\"https:\\\/\\\/tibladin.dk\\\/produkt\\\/rustikt-lerfad-20-cm\\\/#primaryimage\"},\"image\":{\"@id\":\"https:\\\/\\\/tibladin.dk\\\/produkt\\\/rustikt-lerfad-20-cm\\\/#primaryimage\"},\"thumbnailUrl\":\"https:\\\/\\\/tibladin.dk\\\/wp-content\\\/uploads\\\/2024\\\/06\\\/Autentisk-lerfad_12.jpg\",\"datePublished\":\"2024-06-22T18:09:30+00:00\",\"dateModified\":\"2025-12-16T09:38:49+00:00\",\"description\":\"Lille rustikt lerfad i uglaseret keramik som du kan lave sm\u00e5 tilberedninger i eller bruge som serveringsfad. H\u00e5nddrejet i Marokko.\",\"breadcrumb\":{\"@id\":\"https:\\\/\\\/tibladin.dk\\\/produkt\\\/rustikt-lerfad-20-cm\\\/#breadcrumb\"},\"inLanguage\":\"nb-NO\",\"potentialAction\":[{\"@type\":\"ReadAction\",\"target\":[\"https:\\\/\\\/tibladin.dk\\\/produkt\\\/rustikt-lerfad-20-cm\\\/\"]}]},{\"@type\":\"ImageObject\",\"inLanguage\":\"nb-NO\",\"@id\":\"https:\\\/\\\/tibladin.dk\\\/produkt\\\/rustikt-lerfad-20-cm\\\/#primaryimage\",\"url\":\"https:\\\/\\\/tibladin.dk\\\/wp-content\\\/uploads\\\/2024\\\/06\\\/Autentisk-lerfad_12.jpg\",\"contentUrl\":\"https:\\\/\\\/tibladin.dk\\\/wp-content\\\/uploads\\\/2024\\\/06\\\/Autentisk-lerfad_12.jpg\",\"width\":800,\"height\":800,\"caption\":\"rustikt lerfad 20 cm i diameter\"},{\"@type\":\"BreadcrumbList\",\"@id\":\"https:\\\/\\\/tibladin.dk\\\/produkt\\\/rustikt-lerfad-20-cm\\\/#breadcrumb\",\"itemListElement\":[{\"@type\":\"ListItem\",\"position\":1,\"name\":\"Hjem\",\"item\":\"https:\\\/\\\/tibladin.dk\\\/\"},{\"@type\":\"ListItem\",\"position\":2,\"name\":\"Shop\",\"item\":\"https:\\\/\\\/tibladin.dk\\\/shop\\\/\"},{\"@type\":\"ListItem\",\"position\":3,\"name\":\"Rustikt lerfad 20 cm.\"}]},{\"@type\":\"WebSite\",\"@id\":\"https:\\\/\\\/tibladin.dk\\\/#website\",\"url\":\"https:\\\/\\\/tibladin.dk\\\/\",\"name\":\"Tibladin\",\"description\":\"Tibladin\",\"publisher\":{\"@id\":\"https:\\\/\\\/tibladin.dk\\\/#organization\"},\"potentialAction\":[{\"@type\":\"SearchAction\",\"target\":{\"@type\":\"EntryPoint\",\"urlTemplate\":\"https:\\\/\\\/tibladin.dk\\\/?s={search_term_string}\"},\"query-input\":{\"@type\":\"PropertyValueSpecification\",\"valueRequired\":true,\"valueName\":\"search_term_string\"}}],\"inLanguage\":\"nb-NO\"},{\"@type\":\"Organization\",\"@id\":\"https:\\\/\\\/tibladin.dk\\\/#organization\",\"name\":\"Tibladin\",\"url\":\"https:\\\/\\\/tibladin.dk\\\/\",\"logo\":{\"@type\":\"ImageObject\",\"inLanguage\":\"nb-NO\",\"@id\":\"https:\\\/\\\/tibladin.dk\\\/#\\\/schema\\\/logo\\\/image\\\/\",\"url\":\"https:\\\/\\\/tibladin.dk\\\/wp-content\\\/uploads\\\/2022\\\/09\\\/tibladin_logo.svg\",\"contentUrl\":\"https:\\\/\\\/tibladin.dk\\\/wp-content\\\/uploads\\\/2022\\\/09\\\/tibladin_logo.svg\",\"caption\":\"Tibladin\"},\"image\":{\"@id\":\"https:\\\/\\\/tibladin.dk\\\/#\\\/schema\\\/logo\\\/image\\\/\"}}]}<\/script>\n<!-- \/ Yoast SEO plugin. -->","yoast_head_json":{"title":"Marokkansk rustikk leirfat | for matlaging og servering | Tibladin","description":"Liten rustikk leirsk\u00e5l i uglasert keramikk som du kan bruke til \u00e5 lage sm\u00e5retter eller som serveringsfat. H\u00e5nddreid i Marokko.","robots":{"index":"index","follow":"follow","max-snippet":"max-snippet:-1","max-image-preview":"max-image-preview:large","max-video-preview":"max-video-preview:-1"},"canonical":"https:\/\/tibladin.dk\/nb\/produkt\/rustikk-leirfat-20-cm\/","og_locale":"nb_NO","og_type":"article","og_title":"Marokkansk rustikt lerfad | til tilberedning og serveringer | Tibladin","og_description":"Lille rustikt lerfad i uglaseret keramik som du kan lave sm\u00e5 tilberedninger i eller bruge som serveringsfad. H\u00e5nddrejet i Marokko.","og_url":"https:\/\/tibladin.dk\/nb\/produkt\/rustikk-leirfat-20-cm\/","og_site_name":"Tibladin","article_modified_time":"2025-12-16T09:38:49+00:00","og_image":[{"width":800,"height":800,"url":"https:\/\/tibladin.dk\/wp-content\/uploads\/2024\/06\/Autentisk-lerfad_12.jpg","type":"image\/jpeg"}],"twitter_card":"summary_large_image","twitter_misc":{"Ansl. lesetid":"2 minutter"},"schema":{"@context":"https:\/\/schema.org","@graph":[{"@type":"WebPage","@id":"https:\/\/tibladin.dk\/produkt\/rustikt-lerfad-20-cm\/","url":"https:\/\/tibladin.dk\/produkt\/rustikt-lerfad-20-cm\/","name":"Marokkansk rustikk leirfat | for matlaging og servering | Tibladin","isPartOf":{"@id":"https:\/\/tibladin.dk\/#website"},"primaryImageOfPage":{"@id":"https:\/\/tibladin.dk\/produkt\/rustikt-lerfad-20-cm\/#primaryimage"},"image":{"@id":"https:\/\/tibladin.dk\/produkt\/rustikt-lerfad-20-cm\/#primaryimage"},"thumbnailUrl":"https:\/\/tibladin.dk\/wp-content\/uploads\/2024\/06\/Autentisk-lerfad_12.jpg","datePublished":"2024-06-22T18:09:30+00:00","dateModified":"2025-12-16T09:38:49+00:00","description":"Liten rustikk leirsk\u00e5l i uglasert keramikk som du kan bruke til \u00e5 lage sm\u00e5retter eller som serveringsfat. H\u00e5nddreid i Marokko.","breadcrumb":{"@id":"https:\/\/tibladin.dk\/produkt\/rustikt-lerfad-20-cm\/#breadcrumb"},"inLanguage":"nb-NO","potentialAction":[{"@type":"ReadAction","target":["https:\/\/tibladin.dk\/produkt\/rustikt-lerfad-20-cm\/"]}]},{"@type":"ImageObject","inLanguage":"nb-NO","@id":"https:\/\/tibladin.dk\/produkt\/rustikt-lerfad-20-cm\/#primaryimage","url":"https:\/\/tibladin.dk\/wp-content\/uploads\/2024\/06\/Autentisk-lerfad_12.jpg","contentUrl":"https:\/\/tibladin.dk\/wp-content\/uploads\/2024\/06\/Autentisk-lerfad_12.jpg","width":800,"height":800,"caption":"rustikt lerfad 20 cm i diameter"},{"@type":"BreadcrumbList","@id":"https:\/\/tibladin.dk\/produkt\/rustikt-lerfad-20-cm\/#breadcrumb","itemListElement":[{"@type":"ListItem","position":1,"name":"Hjem","item":"https:\/\/tibladin.dk\/"},{"@type":"ListItem","position":2,"name":"Shop","item":"https:\/\/tibladin.dk\/shop\/"},{"@type":"ListItem","position":3,"name":"Rustikt lerfad 20 cm."}]},{"@type":"WebSite","@id":"https:\/\/tibladin.dk\/#website","url":"https:\/\/tibladin.dk\/","name":"Tibladin","description":"Tibladin","publisher":{"@id":"https:\/\/tibladin.dk\/#organization"},"potentialAction":[{"@type":"SearchAction","target":{"@type":"EntryPoint","urlTemplate":"https:\/\/tibladin.dk\/?s={search_term_string}"},"query-input":{"@type":"PropertyValueSpecification","valueRequired":true,"valueName":"search_term_string"}}],"inLanguage":"nb-NO"},{"@type":"Organization","@id":"https:\/\/tibladin.dk\/#organization","name":"Tibladin","url":"https:\/\/tibladin.dk\/","logo":{"@type":"ImageObject","inLanguage":"nb-NO","@id":"https:\/\/tibladin.dk\/#\/schema\/logo\/image\/","url":"https:\/\/tibladin.dk\/wp-content\/uploads\/2022\/09\/tibladin_logo.svg","contentUrl":"https:\/\/tibladin.dk\/wp-content\/uploads\/2022\/09\/tibladin_logo.svg","caption":"Tibladin"},"image":{"@id":"https:\/\/tibladin.dk\/#\/schema\/logo\/image\/"}}]}},"_links":{"self":[{"href":"https:\/\/tibladin.dk\/nb\/wp-json\/wp\/v2\/product\/30496","targetHints":{"allow":["GET"]}}],"collection":[{"href":"https:\/\/tibladin.dk\/nb\/wp-json\/wp\/v2\/product"}],"about":[{"href":"https:\/\/tibladin.dk\/nb\/wp-json\/wp\/v2\/types\/product"}],"wp:featuredmedia":[{"embeddable":true,"href":"https:\/\/tibladin.dk\/nb\/wp-json\/wp\/v2\/media\/30519"}],"wp:attachment":[{"href":"https:\/\/tibladin.dk\/nb\/wp-json\/wp\/v2\/media?parent=30496"}],"wp:term":[{"taxonomy":"product_brand","embeddable":true,"href":"https:\/\/tibladin.dk\/nb\/wp-json\/wp\/v2\/product_brand?post=30496"},{"taxonomy":"product_cat","embeddable":true,"href":"https:\/\/tibladin.dk\/nb\/wp-json\/wp\/v2\/product_cat?post=30496"},{"taxonomy":"product_tag","embeddable":true,"href":"https:\/\/tibladin.dk\/nb\/wp-json\/wp\/v2\/product_tag?post=30496"}],"curies":[{"name":"wp","href":"https:\/\/api.w.org\/{rel}","templated":true}]}}