{"id":305,"date":"2022-09-20T11:00:53","date_gmt":"2022-09-20T09:00:53","guid":{"rendered":"https:\/\/tibladin.dk\/?post_type=product&#038;p=305"},"modified":"2026-03-14T15:19:23","modified_gmt":"2026-03-14T14:19:23","slug":"tallerkenmotiv-etnisk-elegant","status":"publish","type":"product","link":"https:\/\/tibladin.dk\/nb\/produkt\/fad-motiv-ethnic-chic\/","title":{"rendered":"Sk\u00e5l \u2013 Etnisk elegant motiv"},"content":{"rendered":"<div class=\"wpb-content-wrapper\"><div class=\"vc_row wpb_row vc_row-fluid\"><div class=\"wpb_column vc_column_container vc_col-sm-4\"><div class=\"vc_column-inner\"><div class=\"wpb_wrapper\">\n\t<div class=\"wpb_video_widget wpb_content_element vc_clearfix   vc_video-aspect-ratio-43 vc_video-el-width-100 vc_video-align-left\" >\n\t\t<div class=\"wpb_wrapper\">\n\t\t\t\n\t\t\t<div class=\"wpb_video_wrapper\"><div class=\"video-container\"><iframe loading=\"lazy\" title=\"Tibladin_produksjon steint\u00f8y\" src=\"https:\/\/player.vimeo.com\/video\/415400643?dnt=1&amp;app_id=122963\" width=\"310\" height=\"310\" frameborder=\"0\" allow=\"autoplay; fullscreen; picture-in-picture\"><\/iframe><\/div><\/div>\n\t\t<\/div>\n\t<\/div>\n<\/div><\/div><\/div><div class=\"wpb_column vc_column_container vc_col-sm-4\"><div class=\"vc_column-inner\"><div class=\"wpb_wrapper\"><h3 style=\"text-align: left\" class=\"vc_custom_heading vc_do_custom_heading\" >Vedlikehold<\/h3>\n\t<div class=\"wpb_text_column wpb_content_element\" >\n\t\t<div class=\"wpb_wrapper\">\n\t\t\t<p>Kan vaskes med mildt s\u00e5pevann \u2013 kan ogs\u00e5 vaskes i oppvaskmaskinen.<\/p>\n<p>Tallerkenene er h\u00e5ndlaget, og det kan v\u00e6re variasjoner i krusene b\u00e5de i farge og form.<\/p>\n\n\t\t<\/div>\n\t<\/div>\n<\/div><\/div><\/div><div class=\"wpb_column vc_column_container vc_col-sm-4\"><div class=\"vc_column-inner\"><div class=\"wpb_wrapper\"><h3 style=\"text-align: left\" class=\"vc_custom_heading vc_do_custom_heading\" >Historien bak<\/h3>\n\t<div class=\"wpb_text_column wpb_content_element\" >\n\t\t<div class=\"wpb_wrapper\">\n\t\t\t<p>En vakker borddekking med unike, vakre ting kan v\u00e6re et godt samtaleemne med gjestene dine. Mitt samarbeid med denne steint\u00f8yprodusenten er ganske ekstraordin\u00e6rt. Her spesialiserer de seg p\u00e5 \u00e5 lage tidl\u00f8st steint\u00f8y med et lite preg av Marokko, akkurat som jeg elsker det. Det kalles ogs\u00e5 Marrakech-porselen. De leverer over hele verden og til alle de store hotellene, restaurantene og butikkene. Steint\u00f8yet er brent p\u00e5 over 1200 grader, noe som gj\u00f8r det sv\u00e6rt slitesterkt. Alt du ser under steint\u00f8y p\u00e5 denne siden er godkjent for \u00e5 t\u00e5le stekeovn, mikrob\u00f8lgeovn og oppvaskmaskin, og som forbruker er du trygg p\u00e5 at alt er godkjent i henhold til internasjonale standarder, og Prob65 California, som indikerer at det er giftfrie materialer og glasur \u2013 godkjent for \u00e5 kunne spise og drikke av det.<\/p>\n\n\t\t<\/div>\n\t<\/div>\n<\/div><\/div><\/div><\/div>\n<\/div>","protected":false},"excerpt":{"rendered":"<p>Marokkansk steint\u00f8y. Svart avlang tallerken med motiv i etnisk eleganse.<\/p>\n<p>De er tilgjengelige i to st\u00f8rrelser: 10\u00d720 og 15\u00d730 cm.<\/p>\n<p>Flott som tapastallerkener eller sm\u00e5 serveringsfat. Jeg bruker dem ogs\u00e5 til dekorasjon rundt i huset med sm\u00e5 stillebenoppsett med ting jeg elsker.<\/p>\n<p>T\u00e5ler stekeovn, mikrob\u00f8lgeovn og oppvaskmaskin.<\/p>","protected":false},"featured_media":9132,"template":"","meta":{"inline_featured_image":false},"product_brand":[],"product_cat":[33,46,43,32],"product_tag":[],"class_list":{"0":"post-305","1":"product","2":"type-product","3":"status-publish","4":"has-post-thumbnail","6":"product_cat-borddaekning","7":"product_cat-fade","8":"product_cat-stentoej","9":"product_cat-tilbud","11":"first","12":"instock","13":"sale","14":"taxable","15":"shipping-taxable","16":"purchasable","17":"product-type-variable"},"exclude_global_add_ons":false,"addons":[{"name":"\u00d8nsker du gaveinnpakning?","type":"checkbox","position":0,"required":false,"title_format":"label","default":"","description_enable":false,"description":"","placeholder_enable":false,"placeholder":"","display":"images","restrictions_type":"any_text","adjust_price":false,"price":"","price_type":"flat_fee","restrictions":false,"min":"0","max":"0","options":[{"label":"Ja tak","price":"10","price_type":"flat_fee","image":11015,"visibility":true}],"id":1669646111}],"yoast_head":"<!-- This site is optimized with the Yoast SEO plugin v27.4 - https:\/\/yoast.com\/product\/yoast-seo-wordpress\/ -->\n<title>Fad med marokkansk m\u00f8nster | Forskellige m\u00f8nstre | Tibladin<\/title>\n<meta name=\"description\" content=\"Marokkansk stent\u00f8j. Aflange fade i tre forskellige motiver. F\u00e5es i to st\u00f8rrelser 10x20 og 15x30. Kan t\u00e5le ovn, mikroovn og opvaskemaskine.\" \/>\n<meta name=\"robots\" content=\"index, follow, max-snippet:-1, max-image-preview:large, max-video-preview:-1\" \/>\n<link rel=\"canonical\" href=\"https:\/\/tibladin.dk\/nb\/produkt\/tallerkenmotiv-etnisk-elegant\/\" \/>\n<meta property=\"og:locale\" content=\"nb_NO\" \/>\n<meta property=\"og:type\" content=\"article\" \/>\n<meta property=\"og:title\" content=\"Fad med marokkansk m\u00f8nster | Forskellige m\u00f8nstre | Tibladin\" \/>\n<meta property=\"og:description\" content=\"Marokkansk stent\u00f8j. Aflange fade i tre forskellige motiver. F\u00e5es i to st\u00f8rrelser 10x20 og 15x30. Kan t\u00e5le ovn, mikroovn og opvaskemaskine.\" \/>\n<meta property=\"og:url\" content=\"https:\/\/tibladin.dk\/nb\/produkt\/tallerkenmotiv-etnisk-elegant\/\" \/>\n<meta property=\"og:site_name\" content=\"Tibladin\" \/>\n<meta property=\"article:modified_time\" content=\"2026-03-14T14:19:23+00:00\" \/>\n<meta property=\"og:image\" content=\"https:\/\/tibladin.dk\/wp-content\/uploads\/2022\/09\/Lifestyle-stentoej-sort-1.jpg\" \/>\n\t<meta property=\"og:image:width\" content=\"800\" \/>\n\t<meta property=\"og:image:height\" content=\"800\" \/>\n\t<meta property=\"og:image:type\" content=\"image\/jpeg\" \/>\n<meta name=\"twitter:card\" content=\"summary_large_image\" \/>\n<meta name=\"twitter:label1\" content=\"Ansl. lesetid\" \/>\n\t<meta name=\"twitter:data1\" content=\"2 minutter\" \/>\n<script type=\"application\/ld+json\" class=\"yoast-schema-graph\">{\"@context\":\"https:\\\/\\\/schema.org\",\"@graph\":[{\"@type\":\"WebPage\",\"@id\":\"https:\\\/\\\/tibladin.dk\\\/produkt\\\/fad-motiv-ethnic-chic\\\/\",\"url\":\"https:\\\/\\\/tibladin.dk\\\/produkt\\\/fad-motiv-ethnic-chic\\\/\",\"name\":\"Fad med marokkansk m\u00f8nster | Forskellige m\u00f8nstre | Tibladin\",\"isPartOf\":{\"@id\":\"https:\\\/\\\/tibladin.dk\\\/#website\"},\"primaryImageOfPage\":{\"@id\":\"https:\\\/\\\/tibladin.dk\\\/produkt\\\/fad-motiv-ethnic-chic\\\/#primaryimage\"},\"image\":{\"@id\":\"https:\\\/\\\/tibladin.dk\\\/produkt\\\/fad-motiv-ethnic-chic\\\/#primaryimage\"},\"thumbnailUrl\":\"https:\\\/\\\/tibladin.dk\\\/wp-content\\\/uploads\\\/2022\\\/09\\\/Lifestyle-stentoej-sort-1.jpg\",\"datePublished\":\"2022-09-20T09:00:53+00:00\",\"dateModified\":\"2026-03-14T14:19:23+00:00\",\"description\":\"Marokkansk stent\u00f8j. Aflange fade i tre forskellige motiver. F\u00e5es i to st\u00f8rrelser 10x20 og 15x30. Kan t\u00e5le ovn, mikroovn og opvaskemaskine.\",\"breadcrumb\":{\"@id\":\"https:\\\/\\\/tibladin.dk\\\/produkt\\\/fad-motiv-ethnic-chic\\\/#breadcrumb\"},\"inLanguage\":\"nb-NO\",\"potentialAction\":[{\"@type\":\"ReadAction\",\"target\":[\"https:\\\/\\\/tibladin.dk\\\/produkt\\\/fad-motiv-ethnic-chic\\\/\"]}]},{\"@type\":\"ImageObject\",\"inLanguage\":\"nb-NO\",\"@id\":\"https:\\\/\\\/tibladin.dk\\\/produkt\\\/fad-motiv-ethnic-chic\\\/#primaryimage\",\"url\":\"https:\\\/\\\/tibladin.dk\\\/wp-content\\\/uploads\\\/2022\\\/09\\\/Lifestyle-stentoej-sort-1.jpg\",\"contentUrl\":\"https:\\\/\\\/tibladin.dk\\\/wp-content\\\/uploads\\\/2022\\\/09\\\/Lifestyle-stentoej-sort-1.jpg\",\"width\":800,\"height\":800,\"caption\":\"Lifestyle stent\u00f8j sort\"},{\"@type\":\"BreadcrumbList\",\"@id\":\"https:\\\/\\\/tibladin.dk\\\/produkt\\\/fad-motiv-ethnic-chic\\\/#breadcrumb\",\"itemListElement\":[{\"@type\":\"ListItem\",\"position\":1,\"name\":\"Hjem\",\"item\":\"https:\\\/\\\/tibladin.dk\\\/\"},{\"@type\":\"ListItem\",\"position\":2,\"name\":\"Shop\",\"item\":\"https:\\\/\\\/tibladin.dk\\\/shop\\\/\"},{\"@type\":\"ListItem\",\"position\":3,\"name\":\"Fad &#8211; Motiv Ethnic chic\"}]},{\"@type\":\"WebSite\",\"@id\":\"https:\\\/\\\/tibladin.dk\\\/#website\",\"url\":\"https:\\\/\\\/tibladin.dk\\\/\",\"name\":\"Tibladin\",\"description\":\"Tibladin\",\"publisher\":{\"@id\":\"https:\\\/\\\/tibladin.dk\\\/#organization\"},\"potentialAction\":[{\"@type\":\"SearchAction\",\"target\":{\"@type\":\"EntryPoint\",\"urlTemplate\":\"https:\\\/\\\/tibladin.dk\\\/?s={search_term_string}\"},\"query-input\":{\"@type\":\"PropertyValueSpecification\",\"valueRequired\":true,\"valueName\":\"search_term_string\"}}],\"inLanguage\":\"nb-NO\"},{\"@type\":\"Organization\",\"@id\":\"https:\\\/\\\/tibladin.dk\\\/#organization\",\"name\":\"Tibladin\",\"url\":\"https:\\\/\\\/tibladin.dk\\\/\",\"logo\":{\"@type\":\"ImageObject\",\"inLanguage\":\"nb-NO\",\"@id\":\"https:\\\/\\\/tibladin.dk\\\/#\\\/schema\\\/logo\\\/image\\\/\",\"url\":\"https:\\\/\\\/tibladin.dk\\\/wp-content\\\/uploads\\\/2022\\\/09\\\/tibladin_logo.svg\",\"contentUrl\":\"https:\\\/\\\/tibladin.dk\\\/wp-content\\\/uploads\\\/2022\\\/09\\\/tibladin_logo.svg\",\"caption\":\"Tibladin\"},\"image\":{\"@id\":\"https:\\\/\\\/tibladin.dk\\\/#\\\/schema\\\/logo\\\/image\\\/\"}}]}<\/script>\n<!-- \/ Yoast SEO plugin. -->","yoast_head_json":{"title":"Fat med marokkansk m\u00f8nster | Ulike m\u00f8nstre | Tibladin","description":"Marokkansk steint\u00f8y. Avlange fat i tre forskjellige motiver. Finnes i to st\u00f8rrelser 10x20 og 15x30. T\u00e5ler stekeovn, mikrob\u00f8lgeovn og oppvaskmaskin.","robots":{"index":"index","follow":"follow","max-snippet":"max-snippet:-1","max-image-preview":"max-image-preview:large","max-video-preview":"max-video-preview:-1"},"canonical":"https:\/\/tibladin.dk\/nb\/produkt\/tallerkenmotiv-etnisk-elegant\/","og_locale":"nb_NO","og_type":"article","og_title":"Fad med marokkansk m\u00f8nster | Forskellige m\u00f8nstre | Tibladin","og_description":"Marokkansk stent\u00f8j. Aflange fade i tre forskellige motiver. F\u00e5es i to st\u00f8rrelser 10x20 og 15x30. Kan t\u00e5le ovn, mikroovn og opvaskemaskine.","og_url":"https:\/\/tibladin.dk\/nb\/produkt\/tallerkenmotiv-etnisk-elegant\/","og_site_name":"Tibladin","article_modified_time":"2026-03-14T14:19:23+00:00","og_image":[{"width":800,"height":800,"url":"https:\/\/tibladin.dk\/wp-content\/uploads\/2022\/09\/Lifestyle-stentoej-sort-1.jpg","type":"image\/jpeg"}],"twitter_card":"summary_large_image","twitter_misc":{"Ansl. lesetid":"2 minutter"},"schema":{"@context":"https:\/\/schema.org","@graph":[{"@type":"WebPage","@id":"https:\/\/tibladin.dk\/produkt\/fad-motiv-ethnic-chic\/","url":"https:\/\/tibladin.dk\/produkt\/fad-motiv-ethnic-chic\/","name":"Fat med marokkansk m\u00f8nster | Ulike m\u00f8nstre | Tibladin","isPartOf":{"@id":"https:\/\/tibladin.dk\/#website"},"primaryImageOfPage":{"@id":"https:\/\/tibladin.dk\/produkt\/fad-motiv-ethnic-chic\/#primaryimage"},"image":{"@id":"https:\/\/tibladin.dk\/produkt\/fad-motiv-ethnic-chic\/#primaryimage"},"thumbnailUrl":"https:\/\/tibladin.dk\/wp-content\/uploads\/2022\/09\/Lifestyle-stentoej-sort-1.jpg","datePublished":"2022-09-20T09:00:53+00:00","dateModified":"2026-03-14T14:19:23+00:00","description":"Marokkansk steint\u00f8y. Avlange fat i tre forskjellige motiver. Finnes i to st\u00f8rrelser 10x20 og 15x30. T\u00e5ler stekeovn, mikrob\u00f8lgeovn og oppvaskmaskin.","breadcrumb":{"@id":"https:\/\/tibladin.dk\/produkt\/fad-motiv-ethnic-chic\/#breadcrumb"},"inLanguage":"nb-NO","potentialAction":[{"@type":"ReadAction","target":["https:\/\/tibladin.dk\/produkt\/fad-motiv-ethnic-chic\/"]}]},{"@type":"ImageObject","inLanguage":"nb-NO","@id":"https:\/\/tibladin.dk\/produkt\/fad-motiv-ethnic-chic\/#primaryimage","url":"https:\/\/tibladin.dk\/wp-content\/uploads\/2022\/09\/Lifestyle-stentoej-sort-1.jpg","contentUrl":"https:\/\/tibladin.dk\/wp-content\/uploads\/2022\/09\/Lifestyle-stentoej-sort-1.jpg","width":800,"height":800,"caption":"Lifestyle stent\u00f8j sort"},{"@type":"BreadcrumbList","@id":"https:\/\/tibladin.dk\/produkt\/fad-motiv-ethnic-chic\/#breadcrumb","itemListElement":[{"@type":"ListItem","position":1,"name":"Hjem","item":"https:\/\/tibladin.dk\/"},{"@type":"ListItem","position":2,"name":"Shop","item":"https:\/\/tibladin.dk\/shop\/"},{"@type":"ListItem","position":3,"name":"Fad &#8211; Motiv Ethnic chic"}]},{"@type":"WebSite","@id":"https:\/\/tibladin.dk\/#website","url":"https:\/\/tibladin.dk\/","name":"Tibladin","description":"Tibladin","publisher":{"@id":"https:\/\/tibladin.dk\/#organization"},"potentialAction":[{"@type":"SearchAction","target":{"@type":"EntryPoint","urlTemplate":"https:\/\/tibladin.dk\/?s={search_term_string}"},"query-input":{"@type":"PropertyValueSpecification","valueRequired":true,"valueName":"search_term_string"}}],"inLanguage":"nb-NO"},{"@type":"Organization","@id":"https:\/\/tibladin.dk\/#organization","name":"Tibladin","url":"https:\/\/tibladin.dk\/","logo":{"@type":"ImageObject","inLanguage":"nb-NO","@id":"https:\/\/tibladin.dk\/#\/schema\/logo\/image\/","url":"https:\/\/tibladin.dk\/wp-content\/uploads\/2022\/09\/tibladin_logo.svg","contentUrl":"https:\/\/tibladin.dk\/wp-content\/uploads\/2022\/09\/tibladin_logo.svg","caption":"Tibladin"},"image":{"@id":"https:\/\/tibladin.dk\/#\/schema\/logo\/image\/"}}]}},"_links":{"self":[{"href":"https:\/\/tibladin.dk\/nb\/wp-json\/wp\/v2\/product\/305","targetHints":{"allow":["GET"]}}],"collection":[{"href":"https:\/\/tibladin.dk\/nb\/wp-json\/wp\/v2\/product"}],"about":[{"href":"https:\/\/tibladin.dk\/nb\/wp-json\/wp\/v2\/types\/product"}],"wp:featuredmedia":[{"embeddable":true,"href":"https:\/\/tibladin.dk\/nb\/wp-json\/wp\/v2\/media\/9132"}],"wp:attachment":[{"href":"https:\/\/tibladin.dk\/nb\/wp-json\/wp\/v2\/media?parent=305"}],"wp:term":[{"taxonomy":"product_brand","embeddable":true,"href":"https:\/\/tibladin.dk\/nb\/wp-json\/wp\/v2\/product_brand?post=305"},{"taxonomy":"product_cat","embeddable":true,"href":"https:\/\/tibladin.dk\/nb\/wp-json\/wp\/v2\/product_cat?post=305"},{"taxonomy":"product_tag","embeddable":true,"href":"https:\/\/tibladin.dk\/nb\/wp-json\/wp\/v2\/product_tag?post=305"}],"curies":[{"name":"wp","href":"https:\/\/api.w.org\/{rel}","templated":true}]}}