{"id":33248,"date":"2025-07-03T10:58:48","date_gmt":"2025-07-03T08:58:48","guid":{"rendered":"https:\/\/tibladin.dk\/?post_type=product&#038;p=33248"},"modified":"2026-02-14T12:09:43","modified_gmt":"2026-02-14T11:09:43","slug":"marokkansk-keramikkskaal-12-cm-boelge-striper","status":"publish","type":"product","link":"https:\/\/tibladin.dk\/nb\/produkt\/marokkansk-keramik-skaal-12-cm-boelge-stripes\/","title":{"rendered":"Marokkansk keramikksk\u00e5l \u2013 12 cm. b\u00f8lgete STRIPER"},"content":{"rendered":"<div class=\"wpb-content-wrapper\"><div class=\"vc_row wpb_row vc_row-fluid\"><div class=\"wpb_column vc_column_container vc_col-sm-4\"><div class=\"vc_column-inner\"><div class=\"wpb_wrapper\"><\/div><\/div><\/div><div class=\"wpb_column vc_column_container vc_col-sm-4\"><div class=\"vc_column-inner\"><div class=\"wpb_wrapper\"><h3 style=\"text-align: left\" class=\"vc_custom_heading vc_do_custom_heading\" >Vedlikehold<\/h3>\n\t<div class=\"wpb_text_column wpb_content_element\" >\n\t\t<div class=\"wpb_wrapper\">\n\t\t\t<p>Passende mat.<\/p>\n<p>Vi anbefaler h\u00e5ndvask.<\/p>\n\n\t\t<\/div>\n\t<\/div>\n<\/div><\/div><\/div><div class=\"wpb_column vc_column_container vc_col-sm-4\"><div class=\"vc_column-inner\"><div class=\"wpb_wrapper\"><h3 style=\"text-align: left\" class=\"vc_custom_heading vc_do_custom_heading\" >Historien bak<\/h3>\n\t<div class=\"wpb_text_column wpb_content_element\" >\n\t\t<div class=\"wpb_wrapper\">\n\t\t\t<p>Safi er en provinshovedstad og havneby i det vestlige Marokko, som er sv\u00e6rt kjent for sin produksjon av vakker h\u00e5ndlaget keramikk, som ofte skinner i mange forskjellige farger og nyanser. \u201cSafi\u201d er derfor ikke en type keramikk, men navnet p\u00e5 stedet der keramikken produseres. Du vil ofte finne \u201cSafi\u201d skrevet p\u00e5 bunnen av keramikk fra Marokko, ettersom de er s\u00e5 store produsenter av det.<\/p>\n\n\t\t<\/div>\n\t<\/div>\n<\/div><\/div><\/div><\/div>\n<\/div>","protected":false},"excerpt":{"rendered":"<p>Sk\u00e5ler i vakre farger i STRIPES-serien. Finnes i flere farger. Finn ogs\u00e5 <a href=\"https:\/\/tibladin.dk\/nb\/produkt\/marokkanske-tallerkener-26-cm-striper\/\">tallerkener<\/a> i samme serie<\/p>\n<p>Bruk de sm\u00e5 sk\u00e5lene til smykker, sm\u00e5 serveringssk\u00e5ler til soyasaus og tapenader. Kombiner gjerne sk\u00e5ler i flere st\u00f8rrelser.<\/p>","protected":false},"featured_media":33258,"template":"","meta":{"inline_featured_image":false},"product_brand":[],"product_cat":[139,146,154],"product_tag":[],"class_list":{"0":"post-33248","1":"product","2":"type-product","3":"status-publish","4":"has-post-thumbnail","6":"product_cat-marokkansk-keramik","7":"product_cat-marokkanske-keramik-skaale","8":"product_cat-smaaskaale","10":"first","11":"instock","12":"taxable","13":"shipping-taxable","14":"purchasable","15":"product-type-variable"},"exclude_global_add_ons":false,"addons":[{"name":"\u00d8nsker du gaveinnpakning?","type":"checkbox","position":0,"required":false,"title_format":"label","default":"","description_enable":false,"description":"","placeholder_enable":false,"placeholder":"","display":"images","restrictions_type":"any_text","adjust_price":false,"price":"","price_type":"flat_fee","restrictions":false,"min":"0","max":"0","options":[{"label":"Ja tak","price":"10","price_type":"flat_fee","image":11015,"visibility":true}],"id":1669646111}],"yoast_head":"<!-- This site is optimized with the Yoast SEO plugin v27.4 - https:\/\/yoast.com\/product\/yoast-seo-wordpress\/ -->\n<title>Marokkansk keramik sk\u00e5l - 12 cm. |\u00a0Stort udvalg af keramik<\/title>\n<meta name=\"description\" content=\"S\u00e6t farve p\u00e5 din bordd\u00e6kning med marokkansk keramik fra Tibladin | H\u00e5nddrejet og malet i fri h\u00e5nd, giver et helt unikt udseende til din bordd\u00e6kning.\" \/>\n<meta name=\"robots\" content=\"index, follow, max-snippet:-1, max-image-preview:large, max-video-preview:-1\" \/>\n<link rel=\"canonical\" href=\"https:\/\/tibladin.dk\/nb\/produkt\/marokkansk-keramikkskaal-12-cm-boelge-striper\/\" \/>\n<meta property=\"og:locale\" content=\"nb_NO\" \/>\n<meta property=\"og:type\" content=\"article\" \/>\n<meta property=\"og:title\" content=\"Marokkansk keramik sk\u00e5l - 12 cm. |\u00a0Stort udvalg af keramik\" \/>\n<meta property=\"og:description\" content=\"S\u00e6t farve p\u00e5 din bordd\u00e6kning med marokkansk keramik fra Tibladin | H\u00e5nddrejet og malet i fri h\u00e5nd, giver et helt unikt udseende til din bordd\u00e6kning.\" \/>\n<meta property=\"og:url\" content=\"https:\/\/tibladin.dk\/nb\/produkt\/marokkansk-keramikkskaal-12-cm-boelge-striper\/\" \/>\n<meta property=\"og:site_name\" content=\"Tibladin\" \/>\n<meta property=\"article:modified_time\" content=\"2026-02-14T11:09:43+00:00\" \/>\n<meta property=\"og:image\" content=\"https:\/\/tibladin.dk\/wp-content\/uploads\/2024\/12\/marokkansk-keramik-skaal-12-cm_STRIPES_alle-farver_2.jpg\" \/>\n\t<meta property=\"og:image:width\" content=\"800\" \/>\n\t<meta property=\"og:image:height\" content=\"800\" \/>\n\t<meta property=\"og:image:type\" content=\"image\/jpeg\" \/>\n<meta name=\"twitter:card\" content=\"summary_large_image\" \/>\n<meta name=\"twitter:label1\" content=\"Ansl. lesetid\" \/>\n\t<meta name=\"twitter:data1\" content=\"2 minutter\" \/>\n<script type=\"application\/ld+json\" class=\"yoast-schema-graph\">{\"@context\":\"https:\\\/\\\/schema.org\",\"@graph\":[{\"@type\":\"WebPage\",\"@id\":\"https:\\\/\\\/tibladin.dk\\\/produkt\\\/marokkansk-keramik-skaal-12-cm-boelge-stripes\\\/\",\"url\":\"https:\\\/\\\/tibladin.dk\\\/produkt\\\/marokkansk-keramik-skaal-12-cm-boelge-stripes\\\/\",\"name\":\"Marokkansk keramik sk\u00e5l - 12 cm. |\u00a0Stort udvalg af keramik\",\"isPartOf\":{\"@id\":\"https:\\\/\\\/tibladin.dk\\\/#website\"},\"primaryImageOfPage\":{\"@id\":\"https:\\\/\\\/tibladin.dk\\\/produkt\\\/marokkansk-keramik-skaal-12-cm-boelge-stripes\\\/#primaryimage\"},\"image\":{\"@id\":\"https:\\\/\\\/tibladin.dk\\\/produkt\\\/marokkansk-keramik-skaal-12-cm-boelge-stripes\\\/#primaryimage\"},\"thumbnailUrl\":\"https:\\\/\\\/tibladin.dk\\\/wp-content\\\/uploads\\\/2024\\\/12\\\/marokkansk-keramik-skaal-12-cm_STRIPES_alle-farver_2.jpg\",\"datePublished\":\"2025-07-03T08:58:48+00:00\",\"dateModified\":\"2026-02-14T11:09:43+00:00\",\"description\":\"S\u00e6t farve p\u00e5 din bordd\u00e6kning med marokkansk keramik fra Tibladin | H\u00e5nddrejet og malet i fri h\u00e5nd, giver et helt unikt udseende til din bordd\u00e6kning.\",\"breadcrumb\":{\"@id\":\"https:\\\/\\\/tibladin.dk\\\/produkt\\\/marokkansk-keramik-skaal-12-cm-boelge-stripes\\\/#breadcrumb\"},\"inLanguage\":\"nb-NO\",\"potentialAction\":[{\"@type\":\"ReadAction\",\"target\":[\"https:\\\/\\\/tibladin.dk\\\/produkt\\\/marokkansk-keramik-skaal-12-cm-boelge-stripes\\\/\"]}]},{\"@type\":\"ImageObject\",\"inLanguage\":\"nb-NO\",\"@id\":\"https:\\\/\\\/tibladin.dk\\\/produkt\\\/marokkansk-keramik-skaal-12-cm-boelge-stripes\\\/#primaryimage\",\"url\":\"https:\\\/\\\/tibladin.dk\\\/wp-content\\\/uploads\\\/2024\\\/12\\\/marokkansk-keramik-skaal-12-cm_STRIPES_alle-farver_2.jpg\",\"contentUrl\":\"https:\\\/\\\/tibladin.dk\\\/wp-content\\\/uploads\\\/2024\\\/12\\\/marokkansk-keramik-skaal-12-cm_STRIPES_alle-farver_2.jpg\",\"width\":800,\"height\":800,\"caption\":\"marokkansk keramik sk\u00e5l 12 cm_STRIPES_flere farver\"},{\"@type\":\"BreadcrumbList\",\"@id\":\"https:\\\/\\\/tibladin.dk\\\/produkt\\\/marokkansk-keramik-skaal-12-cm-boelge-stripes\\\/#breadcrumb\",\"itemListElement\":[{\"@type\":\"ListItem\",\"position\":1,\"name\":\"Hjem\",\"item\":\"https:\\\/\\\/tibladin.dk\\\/\"},{\"@type\":\"ListItem\",\"position\":2,\"name\":\"Shop\",\"item\":\"https:\\\/\\\/tibladin.dk\\\/shop\\\/\"},{\"@type\":\"ListItem\",\"position\":3,\"name\":\"Marokkansk keramik sk\u00e5l &#8211; 12 cm. b\u00f8lge STRIPES\"}]},{\"@type\":\"WebSite\",\"@id\":\"https:\\\/\\\/tibladin.dk\\\/#website\",\"url\":\"https:\\\/\\\/tibladin.dk\\\/\",\"name\":\"Tibladin\",\"description\":\"Tibladin\",\"publisher\":{\"@id\":\"https:\\\/\\\/tibladin.dk\\\/#organization\"},\"potentialAction\":[{\"@type\":\"SearchAction\",\"target\":{\"@type\":\"EntryPoint\",\"urlTemplate\":\"https:\\\/\\\/tibladin.dk\\\/?s={search_term_string}\"},\"query-input\":{\"@type\":\"PropertyValueSpecification\",\"valueRequired\":true,\"valueName\":\"search_term_string\"}}],\"inLanguage\":\"nb-NO\"},{\"@type\":\"Organization\",\"@id\":\"https:\\\/\\\/tibladin.dk\\\/#organization\",\"name\":\"Tibladin\",\"url\":\"https:\\\/\\\/tibladin.dk\\\/\",\"logo\":{\"@type\":\"ImageObject\",\"inLanguage\":\"nb-NO\",\"@id\":\"https:\\\/\\\/tibladin.dk\\\/#\\\/schema\\\/logo\\\/image\\\/\",\"url\":\"https:\\\/\\\/tibladin.dk\\\/wp-content\\\/uploads\\\/2022\\\/09\\\/tibladin_logo.svg\",\"contentUrl\":\"https:\\\/\\\/tibladin.dk\\\/wp-content\\\/uploads\\\/2022\\\/09\\\/tibladin_logo.svg\",\"caption\":\"Tibladin\"},\"image\":{\"@id\":\"https:\\\/\\\/tibladin.dk\\\/#\\\/schema\\\/logo\\\/image\\\/\"}}]}<\/script>\n<!-- \/ Yoast SEO plugin. -->","yoast_head_json":{"title":"Marokkansk keramikksk\u00e5l - 12 cm | Stort utvalg av keramikk","description":"Sett farge p\u00e5 borddekningen med marokkansk keramikk fra Tibladin | H\u00e5nddreiet og malt p\u00e5 frih\u00e5nd, noe som gir borddekningen et helt unikt utseende.","robots":{"index":"index","follow":"follow","max-snippet":"max-snippet:-1","max-image-preview":"max-image-preview:large","max-video-preview":"max-video-preview:-1"},"canonical":"https:\/\/tibladin.dk\/nb\/produkt\/marokkansk-keramikkskaal-12-cm-boelge-striper\/","og_locale":"nb_NO","og_type":"article","og_title":"Marokkansk keramik sk\u00e5l - 12 cm. |\u00a0Stort udvalg af keramik","og_description":"S\u00e6t farve p\u00e5 din bordd\u00e6kning med marokkansk keramik fra Tibladin | H\u00e5nddrejet og malet i fri h\u00e5nd, giver et helt unikt udseende til din bordd\u00e6kning.","og_url":"https:\/\/tibladin.dk\/nb\/produkt\/marokkansk-keramikkskaal-12-cm-boelge-striper\/","og_site_name":"Tibladin","article_modified_time":"2026-02-14T11:09:43+00:00","og_image":[{"width":800,"height":800,"url":"https:\/\/tibladin.dk\/wp-content\/uploads\/2024\/12\/marokkansk-keramik-skaal-12-cm_STRIPES_alle-farver_2.jpg","type":"image\/jpeg"}],"twitter_card":"summary_large_image","twitter_misc":{"Ansl. lesetid":"2 minutter"},"schema":{"@context":"https:\/\/schema.org","@graph":[{"@type":"WebPage","@id":"https:\/\/tibladin.dk\/produkt\/marokkansk-keramik-skaal-12-cm-boelge-stripes\/","url":"https:\/\/tibladin.dk\/produkt\/marokkansk-keramik-skaal-12-cm-boelge-stripes\/","name":"Marokkansk keramikksk\u00e5l - 12 cm | Stort utvalg av keramikk","isPartOf":{"@id":"https:\/\/tibladin.dk\/#website"},"primaryImageOfPage":{"@id":"https:\/\/tibladin.dk\/produkt\/marokkansk-keramik-skaal-12-cm-boelge-stripes\/#primaryimage"},"image":{"@id":"https:\/\/tibladin.dk\/produkt\/marokkansk-keramik-skaal-12-cm-boelge-stripes\/#primaryimage"},"thumbnailUrl":"https:\/\/tibladin.dk\/wp-content\/uploads\/2024\/12\/marokkansk-keramik-skaal-12-cm_STRIPES_alle-farver_2.jpg","datePublished":"2025-07-03T08:58:48+00:00","dateModified":"2026-02-14T11:09:43+00:00","description":"Sett farge p\u00e5 borddekningen med marokkansk keramikk fra Tibladin | H\u00e5nddreiet og malt p\u00e5 frih\u00e5nd, noe som gir borddekningen et helt unikt utseende.","breadcrumb":{"@id":"https:\/\/tibladin.dk\/produkt\/marokkansk-keramik-skaal-12-cm-boelge-stripes\/#breadcrumb"},"inLanguage":"nb-NO","potentialAction":[{"@type":"ReadAction","target":["https:\/\/tibladin.dk\/produkt\/marokkansk-keramik-skaal-12-cm-boelge-stripes\/"]}]},{"@type":"ImageObject","inLanguage":"nb-NO","@id":"https:\/\/tibladin.dk\/produkt\/marokkansk-keramik-skaal-12-cm-boelge-stripes\/#primaryimage","url":"https:\/\/tibladin.dk\/wp-content\/uploads\/2024\/12\/marokkansk-keramik-skaal-12-cm_STRIPES_alle-farver_2.jpg","contentUrl":"https:\/\/tibladin.dk\/wp-content\/uploads\/2024\/12\/marokkansk-keramik-skaal-12-cm_STRIPES_alle-farver_2.jpg","width":800,"height":800,"caption":"marokkansk keramik sk\u00e5l 12 cm_STRIPES_flere farver"},{"@type":"BreadcrumbList","@id":"https:\/\/tibladin.dk\/produkt\/marokkansk-keramik-skaal-12-cm-boelge-stripes\/#breadcrumb","itemListElement":[{"@type":"ListItem","position":1,"name":"Hjem","item":"https:\/\/tibladin.dk\/"},{"@type":"ListItem","position":2,"name":"Shop","item":"https:\/\/tibladin.dk\/shop\/"},{"@type":"ListItem","position":3,"name":"Marokkansk keramik sk\u00e5l &#8211; 12 cm. b\u00f8lge STRIPES"}]},{"@type":"WebSite","@id":"https:\/\/tibladin.dk\/#website","url":"https:\/\/tibladin.dk\/","name":"Tibladin","description":"Tibladin","publisher":{"@id":"https:\/\/tibladin.dk\/#organization"},"potentialAction":[{"@type":"SearchAction","target":{"@type":"EntryPoint","urlTemplate":"https:\/\/tibladin.dk\/?s={search_term_string}"},"query-input":{"@type":"PropertyValueSpecification","valueRequired":true,"valueName":"search_term_string"}}],"inLanguage":"nb-NO"},{"@type":"Organization","@id":"https:\/\/tibladin.dk\/#organization","name":"Tibladin","url":"https:\/\/tibladin.dk\/","logo":{"@type":"ImageObject","inLanguage":"nb-NO","@id":"https:\/\/tibladin.dk\/#\/schema\/logo\/image\/","url":"https:\/\/tibladin.dk\/wp-content\/uploads\/2022\/09\/tibladin_logo.svg","contentUrl":"https:\/\/tibladin.dk\/wp-content\/uploads\/2022\/09\/tibladin_logo.svg","caption":"Tibladin"},"image":{"@id":"https:\/\/tibladin.dk\/#\/schema\/logo\/image\/"}}]}},"_links":{"self":[{"href":"https:\/\/tibladin.dk\/nb\/wp-json\/wp\/v2\/product\/33248","targetHints":{"allow":["GET"]}}],"collection":[{"href":"https:\/\/tibladin.dk\/nb\/wp-json\/wp\/v2\/product"}],"about":[{"href":"https:\/\/tibladin.dk\/nb\/wp-json\/wp\/v2\/types\/product"}],"wp:featuredmedia":[{"embeddable":true,"href":"https:\/\/tibladin.dk\/nb\/wp-json\/wp\/v2\/media\/33258"}],"wp:attachment":[{"href":"https:\/\/tibladin.dk\/nb\/wp-json\/wp\/v2\/media?parent=33248"}],"wp:term":[{"taxonomy":"product_brand","embeddable":true,"href":"https:\/\/tibladin.dk\/nb\/wp-json\/wp\/v2\/product_brand?post=33248"},{"taxonomy":"product_cat","embeddable":true,"href":"https:\/\/tibladin.dk\/nb\/wp-json\/wp\/v2\/product_cat?post=33248"},{"taxonomy":"product_tag","embeddable":true,"href":"https:\/\/tibladin.dk\/nb\/wp-json\/wp\/v2\/product_tag?post=33248"}],"curies":[{"name":"wp","href":"https:\/\/api.w.org\/{rel}","templated":true}]}}