{"id":348,"date":"2022-09-20T11:01:21","date_gmt":"2022-09-20T09:01:21","guid":{"rendered":"https:\/\/tibladin.dk\/vare\/marokkansk-puf-i-moerkebrunt-laeder\/"},"modified":"2026-04-08T09:01:05","modified_gmt":"2026-04-08T07:01:05","slug":"marokkansk-puff-i-moerkebrunt-oljet-skinn-med-moenster","status":"publish","type":"product","link":"https:\/\/tibladin.dk\/nb\/produkt\/marokkansk-puf-i-moerkebrunt-olieret-laeder-m-moenster\/","title":{"rendered":"Marokkansk puff i m\u00f8rkebrunt oljet skinn med m\u00f8nster"},"content":{"rendered":"<div class=\"wpb-content-wrapper\"><div class=\"vc_row wpb_row vc_row-fluid\"><div class=\"wpb_column vc_column_container vc_col-sm-4\"><div class=\"vc_column-inner\"><div class=\"wpb_wrapper\">\n\t<div class=\"wpb_video_widget wpb_content_element vc_clearfix   vc_video-aspect-ratio-43 vc_video-el-width-100 vc_video-align-left\" >\n\t\t<div class=\"wpb_wrapper\">\n\t\t\t\n\t\t\t<div class=\"wpb_video_wrapper\"><div class=\"video-container\"><iframe loading=\"lazy\" title=\"Fyll den marokkanske skinnpuffen din\" src=\"https:\/\/player.vimeo.com\/video\/417093994?dnt=1&amp;app_id=122963\" width=\"310\" height=\"310\" frameborder=\"0\" allow=\"autoplay; fullscreen; picture-in-picture; clipboard-write\"><\/iframe><\/div><\/div>\n\t\t<\/div>\n\t<\/div>\n<\/div><\/div><\/div><div class=\"wpb_column vc_column_container vc_col-sm-4\"><div class=\"vc_column-inner\"><div class=\"wpb_wrapper\"><h3 style=\"text-align: left\" class=\"vc_custom_heading vc_do_custom_heading\" >Vedlikehold<\/h3>\n\t<div class=\"wpb_text_column wpb_content_element\" >\n\t\t<div class=\"wpb_wrapper\">\n\t\t\t<p>Hos Tibladin kj\u00f8per du skinnpuffer uten fyll, slik at du kan fylle dem med fyll etter din egen smak. Du kan enkelt bruke ting du allerede har, som kl\u00e6r du ikke bruker lenger, vinterdyner, puter, tepper eller tett sammenkr\u00f8llet avispapir.<\/p>\n<p>Du kan ogs\u00e5 kj\u00f8pe skumgranulat eller bomullsfyll til puffen din. Hvis du bruker denne typen fyll, anbefaler jeg at du syr et innertrekk eller tar et gammelt dynetrekk og legger fyllet i det f\u00f8r du legger det i puffen.<\/p>\n<p>L\u00e6rpuffer er laget av geiteskinn og vil etter hvert utvikle en vakker patina. Hvis du vil at puffen din skal v\u00e6re m\u00f8rkere og mer skinnende, kan du gi den litt l\u00e6rolje. N\u00e5r du begynner \u00e5 bruke den, kan den lukte litt av l\u00e6r. Dette vil raskt forsvinne. Hvis du vil fremskynde prosessen, kan du legge den ut i solen en stund, s\u00e5 vil det forsvinne.<\/p>\n\n\t\t<\/div>\n\t<\/div>\n<\/div><\/div><\/div><div class=\"wpb_column vc_column_container vc_col-sm-4\"><div class=\"vc_column-inner\"><div class=\"wpb_wrapper\"><h3 style=\"text-align: left\" class=\"vc_custom_heading vc_do_custom_heading\" >Historien bak<\/h3>\n\t<div class=\"wpb_text_column wpb_content_element\" >\n\t\t<div class=\"wpb_wrapper\">\n\t\t\t<p>Sm\u00e5 puffer er enkle \u00e5 legge til i innredningen din og gir raskt et eksotisk utseende og et mer personlig preg. Min leverand\u00f8r av skinnpuffer har mange \u00e5rs erfaring med \u00e5 lage gode og sv\u00e6rt slitesterke puffer, og han eksporterer til flere steder rundt om i verden. Alle puffene mine er laget av geiteskinn, da det er dette som gir den mykeste og mest fleksible puffen.<\/p>\n\n\t\t<\/div>\n\t<\/div>\n<\/div><\/div><\/div><\/div>\n<\/div>","protected":false},"excerpt":{"rendered":"<p class=\"p1\"><span class=\"s1\">Din egen marokkanske pute. M\u00f8rkebrun i mykt geiteskinn med et vakkert brodert m\u00f8nster. <\/span><\/p>\n<p class=\"p1\"><span class=\"s1\">Kan fylles med mange forskjellige ting: kl\u00e6r du ikke bruker, vinterdynen din, skumgranulat, avispapir osv., avhengig av hvilken fasthet du \u00f8nsker. Du kan ogs\u00e5 velge \u00e5 f\u00e5 puffen levert fylt med treull.<\/span><\/p>","protected":false},"featured_media":11507,"template":"","meta":{"inline_featured_image":false},"product_brand":[],"product_cat":[41,40],"product_tag":[],"class_list":{"0":"post-348","1":"product","2":"type-product","3":"status-publish","4":"has-post-thumbnail","6":"product_cat-laederpufs","7":"product_cat-pufs","9":"first","10":"instock","11":"taxable","12":"shipping-taxable","13":"purchasable","14":"product-type-simple"},"exclude_global_add_ons":false,"addons":[{"name":"\u00d8nsker du at puffen din leveres med treullfyll? \ufffc","type":"checkbox","position":0,"required":false,"title_format":"label","default":"","description_enable":false,"description":"","placeholder_enable":false,"placeholder":"","display":"select","restrictions_type":"any_text","adjust_price":false,"price":"","price_type":"flat_fee","restrictions":false,"min":"0","max":"0","options":[{"label":"Ja tak!","price":"200.00","price_type":"flat_fee","image":0,"visibility":true}],"id":1710439877}],"yoast_head":"<!-- This site is optimized with the Yoast SEO plugin v27.4 - https:\/\/yoast.com\/product\/yoast-seo-wordpress\/ -->\n<title>Marokkansk puf i l\u00e6der 50x50 cm med broderet m\u00f8nster | Tibladin<\/title>\n<meta name=\"description\" content=\"Marokkansk m\u00f8rkebrunt l\u00e6der 50x50 cm i bl\u00f8d og fleksibel kvalitet. Er lavet med ekstra syninger for at sikre en god holdbarhed.\" \/>\n<meta name=\"robots\" content=\"index, follow, max-snippet:-1, max-image-preview:large, max-video-preview:-1\" \/>\n<link rel=\"canonical\" href=\"https:\/\/tibladin.dk\/nb\/produkt\/marokkansk-puff-i-moerkebrunt-oljet-skinn-med-moenster\/\" \/>\n<meta property=\"og:locale\" content=\"nb_NO\" \/>\n<meta property=\"og:type\" content=\"article\" \/>\n<meta property=\"og:title\" content=\"Marokkansk puf i l\u00e6der 50x50 cm med broderet m\u00f8nster | Tibladin\" \/>\n<meta property=\"og:description\" content=\"Marokkansk m\u00f8rkebrunt l\u00e6der 50x50 cm i bl\u00f8d og fleksibel kvalitet. Er lavet med ekstra syninger for at sikre en god holdbarhed.\" \/>\n<meta property=\"og:url\" content=\"https:\/\/tibladin.dk\/nb\/produkt\/marokkansk-puff-i-moerkebrunt-oljet-skinn-med-moenster\/\" \/>\n<meta property=\"og:site_name\" content=\"Tibladin\" \/>\n<meta property=\"article:modified_time\" content=\"2026-04-08T07:01:05+00:00\" \/>\n<meta property=\"og:image\" content=\"https:\/\/tibladin.dk\/wp-content\/uploads\/2022\/09\/moerkebrun-puf_3.jpg\" \/>\n\t<meta property=\"og:image:width\" content=\"800\" \/>\n\t<meta property=\"og:image:height\" content=\"800\" \/>\n\t<meta property=\"og:image:type\" content=\"image\/jpeg\" \/>\n<meta name=\"twitter:card\" content=\"summary_large_image\" \/>\n<meta name=\"twitter:label1\" content=\"Ansl. lesetid\" \/>\n\t<meta name=\"twitter:data1\" content=\"2 minutter\" \/>\n<script type=\"application\/ld+json\" class=\"yoast-schema-graph\">{\"@context\":\"https:\\\/\\\/schema.org\",\"@graph\":[{\"@type\":\"WebPage\",\"@id\":\"https:\\\/\\\/tibladin.dk\\\/produkt\\\/marokkansk-puf-i-moerkebrunt-olieret-laeder-m-moenster\\\/\",\"url\":\"https:\\\/\\\/tibladin.dk\\\/produkt\\\/marokkansk-puf-i-moerkebrunt-olieret-laeder-m-moenster\\\/\",\"name\":\"Marokkansk puf i l\u00e6der 50x50 cm med broderet m\u00f8nster | Tibladin\",\"isPartOf\":{\"@id\":\"https:\\\/\\\/tibladin.dk\\\/#website\"},\"primaryImageOfPage\":{\"@id\":\"https:\\\/\\\/tibladin.dk\\\/produkt\\\/marokkansk-puf-i-moerkebrunt-olieret-laeder-m-moenster\\\/#primaryimage\"},\"image\":{\"@id\":\"https:\\\/\\\/tibladin.dk\\\/produkt\\\/marokkansk-puf-i-moerkebrunt-olieret-laeder-m-moenster\\\/#primaryimage\"},\"thumbnailUrl\":\"https:\\\/\\\/tibladin.dk\\\/wp-content\\\/uploads\\\/2022\\\/09\\\/moerkebrun-puf_3.jpg\",\"datePublished\":\"2022-09-20T09:01:21+00:00\",\"dateModified\":\"2026-04-08T07:01:05+00:00\",\"description\":\"Marokkansk m\u00f8rkebrunt l\u00e6der 50x50 cm i bl\u00f8d og fleksibel kvalitet. Er lavet med ekstra syninger for at sikre en god holdbarhed.\",\"breadcrumb\":{\"@id\":\"https:\\\/\\\/tibladin.dk\\\/produkt\\\/marokkansk-puf-i-moerkebrunt-olieret-laeder-m-moenster\\\/#breadcrumb\"},\"inLanguage\":\"nb-NO\",\"potentialAction\":[{\"@type\":\"ReadAction\",\"target\":[\"https:\\\/\\\/tibladin.dk\\\/produkt\\\/marokkansk-puf-i-moerkebrunt-olieret-laeder-m-moenster\\\/\"]}]},{\"@type\":\"ImageObject\",\"inLanguage\":\"nb-NO\",\"@id\":\"https:\\\/\\\/tibladin.dk\\\/produkt\\\/marokkansk-puf-i-moerkebrunt-olieret-laeder-m-moenster\\\/#primaryimage\",\"url\":\"https:\\\/\\\/tibladin.dk\\\/wp-content\\\/uploads\\\/2022\\\/09\\\/moerkebrun-puf_3.jpg\",\"contentUrl\":\"https:\\\/\\\/tibladin.dk\\\/wp-content\\\/uploads\\\/2022\\\/09\\\/moerkebrun-puf_3.jpg\",\"width\":800,\"height\":800,\"caption\":\"m\u00f8rkebrun puf med m\u00f8nster i midten\"},{\"@type\":\"BreadcrumbList\",\"@id\":\"https:\\\/\\\/tibladin.dk\\\/produkt\\\/marokkansk-puf-i-moerkebrunt-olieret-laeder-m-moenster\\\/#breadcrumb\",\"itemListElement\":[{\"@type\":\"ListItem\",\"position\":1,\"name\":\"Hjem\",\"item\":\"https:\\\/\\\/tibladin.dk\\\/\"},{\"@type\":\"ListItem\",\"position\":2,\"name\":\"Shop\",\"item\":\"https:\\\/\\\/tibladin.dk\\\/shop\\\/\"},{\"@type\":\"ListItem\",\"position\":3,\"name\":\"Marokkansk puf i m\u00f8rkebrunt olieret l\u00e6der m. m\u00f8nster\"}]},{\"@type\":\"WebSite\",\"@id\":\"https:\\\/\\\/tibladin.dk\\\/#website\",\"url\":\"https:\\\/\\\/tibladin.dk\\\/\",\"name\":\"Tibladin\",\"description\":\"Tibladin\",\"publisher\":{\"@id\":\"https:\\\/\\\/tibladin.dk\\\/#organization\"},\"potentialAction\":[{\"@type\":\"SearchAction\",\"target\":{\"@type\":\"EntryPoint\",\"urlTemplate\":\"https:\\\/\\\/tibladin.dk\\\/?s={search_term_string}\"},\"query-input\":{\"@type\":\"PropertyValueSpecification\",\"valueRequired\":true,\"valueName\":\"search_term_string\"}}],\"inLanguage\":\"nb-NO\"},{\"@type\":\"Organization\",\"@id\":\"https:\\\/\\\/tibladin.dk\\\/#organization\",\"name\":\"Tibladin\",\"url\":\"https:\\\/\\\/tibladin.dk\\\/\",\"logo\":{\"@type\":\"ImageObject\",\"inLanguage\":\"nb-NO\",\"@id\":\"https:\\\/\\\/tibladin.dk\\\/#\\\/schema\\\/logo\\\/image\\\/\",\"url\":\"https:\\\/\\\/tibladin.dk\\\/wp-content\\\/uploads\\\/2022\\\/09\\\/tibladin_logo.svg\",\"contentUrl\":\"https:\\\/\\\/tibladin.dk\\\/wp-content\\\/uploads\\\/2022\\\/09\\\/tibladin_logo.svg\",\"caption\":\"Tibladin\"},\"image\":{\"@id\":\"https:\\\/\\\/tibladin.dk\\\/#\\\/schema\\\/logo\\\/image\\\/\"}}]}<\/script>\n<!-- \/ Yoast SEO plugin. -->","yoast_head_json":{"title":"Marokkansk skinnpuff 50x50 cm med brodert m\u00f8nster | Tibladin","description":"Marokkansk m\u00f8rkebrunt skinn 50x50 cm i myk og fleksibel kvalitet. Laget med ekstra s\u00f8m for \u00e5 sikre god holdbarhet.","robots":{"index":"index","follow":"follow","max-snippet":"max-snippet:-1","max-image-preview":"max-image-preview:large","max-video-preview":"max-video-preview:-1"},"canonical":"https:\/\/tibladin.dk\/nb\/produkt\/marokkansk-puff-i-moerkebrunt-oljet-skinn-med-moenster\/","og_locale":"nb_NO","og_type":"article","og_title":"Marokkansk puf i l\u00e6der 50x50 cm med broderet m\u00f8nster | Tibladin","og_description":"Marokkansk m\u00f8rkebrunt l\u00e6der 50x50 cm i bl\u00f8d og fleksibel kvalitet. Er lavet med ekstra syninger for at sikre en god holdbarhed.","og_url":"https:\/\/tibladin.dk\/nb\/produkt\/marokkansk-puff-i-moerkebrunt-oljet-skinn-med-moenster\/","og_site_name":"Tibladin","article_modified_time":"2026-04-08T07:01:05+00:00","og_image":[{"width":800,"height":800,"url":"https:\/\/tibladin.dk\/wp-content\/uploads\/2022\/09\/moerkebrun-puf_3.jpg","type":"image\/jpeg"}],"twitter_card":"summary_large_image","twitter_misc":{"Ansl. lesetid":"2 minutter"},"schema":{"@context":"https:\/\/schema.org","@graph":[{"@type":"WebPage","@id":"https:\/\/tibladin.dk\/produkt\/marokkansk-puf-i-moerkebrunt-olieret-laeder-m-moenster\/","url":"https:\/\/tibladin.dk\/produkt\/marokkansk-puf-i-moerkebrunt-olieret-laeder-m-moenster\/","name":"Marokkansk skinnpuff 50x50 cm med brodert m\u00f8nster | Tibladin","isPartOf":{"@id":"https:\/\/tibladin.dk\/#website"},"primaryImageOfPage":{"@id":"https:\/\/tibladin.dk\/produkt\/marokkansk-puf-i-moerkebrunt-olieret-laeder-m-moenster\/#primaryimage"},"image":{"@id":"https:\/\/tibladin.dk\/produkt\/marokkansk-puf-i-moerkebrunt-olieret-laeder-m-moenster\/#primaryimage"},"thumbnailUrl":"https:\/\/tibladin.dk\/wp-content\/uploads\/2022\/09\/moerkebrun-puf_3.jpg","datePublished":"2022-09-20T09:01:21+00:00","dateModified":"2026-04-08T07:01:05+00:00","description":"Marokkansk m\u00f8rkebrunt skinn 50x50 cm i myk og fleksibel kvalitet. Laget med ekstra s\u00f8m for \u00e5 sikre god holdbarhet.","breadcrumb":{"@id":"https:\/\/tibladin.dk\/produkt\/marokkansk-puf-i-moerkebrunt-olieret-laeder-m-moenster\/#breadcrumb"},"inLanguage":"nb-NO","potentialAction":[{"@type":"ReadAction","target":["https:\/\/tibladin.dk\/produkt\/marokkansk-puf-i-moerkebrunt-olieret-laeder-m-moenster\/"]}]},{"@type":"ImageObject","inLanguage":"nb-NO","@id":"https:\/\/tibladin.dk\/produkt\/marokkansk-puf-i-moerkebrunt-olieret-laeder-m-moenster\/#primaryimage","url":"https:\/\/tibladin.dk\/wp-content\/uploads\/2022\/09\/moerkebrun-puf_3.jpg","contentUrl":"https:\/\/tibladin.dk\/wp-content\/uploads\/2022\/09\/moerkebrun-puf_3.jpg","width":800,"height":800,"caption":"m\u00f8rkebrun puf med m\u00f8nster i midten"},{"@type":"BreadcrumbList","@id":"https:\/\/tibladin.dk\/produkt\/marokkansk-puf-i-moerkebrunt-olieret-laeder-m-moenster\/#breadcrumb","itemListElement":[{"@type":"ListItem","position":1,"name":"Hjem","item":"https:\/\/tibladin.dk\/"},{"@type":"ListItem","position":2,"name":"Shop","item":"https:\/\/tibladin.dk\/shop\/"},{"@type":"ListItem","position":3,"name":"Marokkansk puf i m\u00f8rkebrunt olieret l\u00e6der m. m\u00f8nster"}]},{"@type":"WebSite","@id":"https:\/\/tibladin.dk\/#website","url":"https:\/\/tibladin.dk\/","name":"Tibladin","description":"Tibladin","publisher":{"@id":"https:\/\/tibladin.dk\/#organization"},"potentialAction":[{"@type":"SearchAction","target":{"@type":"EntryPoint","urlTemplate":"https:\/\/tibladin.dk\/?s={search_term_string}"},"query-input":{"@type":"PropertyValueSpecification","valueRequired":true,"valueName":"search_term_string"}}],"inLanguage":"nb-NO"},{"@type":"Organization","@id":"https:\/\/tibladin.dk\/#organization","name":"Tibladin","url":"https:\/\/tibladin.dk\/","logo":{"@type":"ImageObject","inLanguage":"nb-NO","@id":"https:\/\/tibladin.dk\/#\/schema\/logo\/image\/","url":"https:\/\/tibladin.dk\/wp-content\/uploads\/2022\/09\/tibladin_logo.svg","contentUrl":"https:\/\/tibladin.dk\/wp-content\/uploads\/2022\/09\/tibladin_logo.svg","caption":"Tibladin"},"image":{"@id":"https:\/\/tibladin.dk\/#\/schema\/logo\/image\/"}}]}},"_links":{"self":[{"href":"https:\/\/tibladin.dk\/nb\/wp-json\/wp\/v2\/product\/348","targetHints":{"allow":["GET"]}}],"collection":[{"href":"https:\/\/tibladin.dk\/nb\/wp-json\/wp\/v2\/product"}],"about":[{"href":"https:\/\/tibladin.dk\/nb\/wp-json\/wp\/v2\/types\/product"}],"wp:featuredmedia":[{"embeddable":true,"href":"https:\/\/tibladin.dk\/nb\/wp-json\/wp\/v2\/media\/11507"}],"wp:attachment":[{"href":"https:\/\/tibladin.dk\/nb\/wp-json\/wp\/v2\/media?parent=348"}],"wp:term":[{"taxonomy":"product_brand","embeddable":true,"href":"https:\/\/tibladin.dk\/nb\/wp-json\/wp\/v2\/product_brand?post=348"},{"taxonomy":"product_cat","embeddable":true,"href":"https:\/\/tibladin.dk\/nb\/wp-json\/wp\/v2\/product_cat?post=348"},{"taxonomy":"product_tag","embeddable":true,"href":"https:\/\/tibladin.dk\/nb\/wp-json\/wp\/v2\/product_tag?post=348"}],"curies":[{"name":"wp","href":"https:\/\/api.w.org\/{rel}","templated":true}]}}