{"id":35321,"date":"2025-06-24T15:48:41","date_gmt":"2025-06-24T13:48:41","guid":{"rendered":"https:\/\/tibladin.dk\/?post_type=product&#038;p=35321"},"modified":"2026-04-06T21:39:41","modified_gmt":"2026-04-06T19:39:41","slug":"kaktus-silke-putetrekk-mocka-2","status":"publish","type":"product","link":"https:\/\/tibladin.dk\/nb\/produkt\/kaktussilke-pudebetraek-mocca-2\/","title":{"rendered":"Putetrekk i silke med kaktusmotiv | Mokka"},"content":{"rendered":"<div class=\"wpb-content-wrapper\"><div class=\"vc_row wpb_row vc_row-fluid\"><div class=\"wpb_column vc_column_container vc_col-sm-4\"><div class=\"vc_column-inner\"><div class=\"wpb_wrapper\"><\/div><\/div><\/div><div class=\"wpb_column vc_column_container vc_col-sm-4\"><div class=\"vc_column-inner\"><div class=\"wpb_wrapper\"><h3 style=\"text-align: left\" class=\"vc_custom_heading vc_do_custom_heading\" >Vedlikehold<\/h3>\n\t<div class=\"wpb_text_column wpb_content_element\" >\n\t\t<div class=\"wpb_wrapper\">\n\t\t\t<p>Putetrekket er ikke vanntett!<\/p>\n<p>M\u00e5 renses.<\/p>\n<p>Siden putetrekkene er 100 % h\u00e5ndlaget, kan det v\u00e6re ufullkommenheter samt forskjeller i st\u00f8rrelse og m\u00f8nster, noe som er en del av sjarmen til disse putene.<\/p>\n\n\t\t<\/div>\n\t<\/div>\n<\/div><\/div><\/div><div class=\"wpb_column vc_column_container vc_col-sm-4\"><div class=\"vc_column-inner\"><div class=\"wpb_wrapper\"><h3 style=\"text-align: left\" class=\"vc_custom_heading vc_do_custom_heading\" >Historien bak<\/h3>\n\t<div class=\"wpb_text_column wpb_content_element\" >\n\t\t<div class=\"wpb_wrapper\">\n\t\t\t<p>Putetrekkene i kaktussilke \u2013 ogs\u00e5 kalt agavesilke \u2013 er h\u00e5ndlagde. Trekkene har en sterk glidel\u00e5s, slik at du enkelt kan ta dem av og vaske dem.<\/p>\n<p>Trekkene passer til monteringsputer p\u00e5 50 x 50 eller 60 x 60 cm, avhengig av hvor tykke du vil ha dem.<\/p>\n<p>Kaktussilke er vevd av fibre fra kaktus fra Marokko.<\/p>\n\n\t\t<\/div>\n\t<\/div>\n<\/div><\/div><\/div><\/div>\n<\/div>","protected":false},"excerpt":{"rendered":"<p>Unike marokkanske h\u00e5ndlagde putetrekk i kaktussilke i brunlige\/mokkafarger. Velg din favoritt eller kombiner dem i et kryssm\u00f8nster.<\/p>\n<p>Kaktussilkeputer i en perfekt og unik bohemsk stil. Gi innredningen din et unikt preg og bring varmen fra Marokko inn i hjemmet ditt.<\/p>\n<p><strong>H\u00e5ndlaget<\/strong>\u00a0<strong>med kj\u00e6rlighet: <\/strong>Hos Tibladin er kaktussilkeputene \u2013 ogs\u00e5 kalt Sabra \u2013 h\u00e5ndlaget av ekte Aloe Vera-silke utvunnet fra kaktusplanten som vokser i Sahara-\u00f8rkenen. Silken er farget med farger fra planter og mineraler fra r\u00f8tter, b\u00e6r, krydder og blader. 100 % \u00f8kologisk og h\u00e5ndlaget i henhold til gamle berbertradisjoner. Hvert putetrekk er unikt og forteller sin egen historie med sm\u00e5 ufullkommenheter og forskjeller, putetrekkene er sm\u00e5 sjarmerende kunstverk.<\/p>\n<p>Passer til monteringsputer p\u00e5 50 x 50 eller 60 x 60 cm, avhengig av hvor fyldig du vil ha puten.<\/p>\n<p>Putetrekkene leveres uten puter, men en monteringspute kan kj\u00f8pes separat.<\/p>\n<p>&nbsp;<\/p>\n<p>&nbsp;<\/p>\n<p>&nbsp;<\/p>\n<p>&nbsp;<\/p>","protected":false},"featured_media":43505,"template":"","meta":{"inline_featured_image":false},"product_brand":[],"product_cat":[179,160,66,37],"product_tag":[],"class_list":{"0":"post-35321","1":"product","2":"type-product","3":"status-publish","4":"has-post-thumbnail","6":"product_cat-50x50-kaktussilkepuder","7":"product_cat-kaktussilke-puder","8":"product_cat-pudebetraek","9":"product_cat-tekstiler","11":"first","12":"outofstock","13":"taxable","14":"shipping-taxable","15":"purchasable","16":"product-type-variable"},"exclude_global_add_ons":false,"addons":[{"name":"\u00d8nsker du gaveinnpakning?","type":"checkbox","position":0,"required":false,"title_format":"label","default":"","description_enable":false,"description":"","placeholder_enable":false,"placeholder":"","display":"images","restrictions_type":"any_text","adjust_price":false,"price":"","price_type":"flat_fee","restrictions":false,"min":"0","max":"0","options":[{"label":"Ja tak","price":"10","price_type":"flat_fee","image":11015,"visibility":true}],"id":1669646111},{"name":"F\u00e5 putetrekket levert med en monteringspute laget av 100 % bomull og fylt med 100 % dun\/fj\u00e6r.","type":"checkbox","position":0,"required":false,"title_format":"label","default":"","description_enable":false,"description":"","placeholder_enable":false,"placeholder":"","display":"images","restrictions_type":"any_text","adjust_price":false,"price":"","price_type":"flat_fee","restrictions":false,"min":"0","max":"0","options":[{"label":"Ja tak","price":"125","price_type":"quantity_based","image":11025,"visibility":true}],"id":1760629331}],"yoast_head":"<!-- This site is optimized with the Yoast SEO plugin v27.4 - https:\/\/yoast.com\/product\/yoast-seo-wordpress\/ -->\n<title>Marokkansk kaktussilke pude | Mocca | H\u00e5ndlavet i Marrakech<\/title>\n<meta name=\"description\" content=\"Kaktussilke pudebetr\u00e6k i brunlige\/mocca farver. Passer til 50x50 eller 60x60 cm. puder alt efter hvor fyldig, du \u00f8nsker din pude \u21d2 Find den her.\" \/>\n<meta name=\"robots\" content=\"index, follow, max-snippet:-1, max-image-preview:large, max-video-preview:-1\" \/>\n<link rel=\"canonical\" href=\"https:\/\/tibladin.dk\/nb\/produkt\/kaktus-silke-putetrekk-mocka-2\/\" \/>\n<meta property=\"og:locale\" content=\"nb_NO\" \/>\n<meta property=\"og:type\" content=\"article\" \/>\n<meta property=\"og:title\" content=\"Marokkansk kaktussilke pude | Mocca | H\u00e5ndlavet i Marrakech\" \/>\n<meta property=\"og:description\" content=\"Kaktussilke pudebetr\u00e6k i brunlige\/mocca farver. Passer til 50x50 eller 60x60 cm. puder alt efter hvor fyldig, du \u00f8nsker din pude \u21d2 Find den her.\" \/>\n<meta property=\"og:url\" content=\"https:\/\/tibladin.dk\/nb\/produkt\/kaktus-silke-putetrekk-mocka-2\/\" \/>\n<meta property=\"og:site_name\" content=\"Tibladin\" \/>\n<meta property=\"article:modified_time\" content=\"2026-04-06T19:39:41+00:00\" \/>\n<meta property=\"og:image\" content=\"https:\/\/tibladin.dk\/wp-content\/uploads\/2026\/03\/Photoroom_20260305_110411.jpeg\" \/>\n\t<meta property=\"og:image:width\" content=\"800\" \/>\n\t<meta property=\"og:image:height\" content=\"800\" \/>\n\t<meta property=\"og:image:type\" content=\"image\/jpeg\" \/>\n<meta name=\"twitter:card\" content=\"summary_large_image\" \/>\n<meta name=\"twitter:label1\" content=\"Ansl. lesetid\" \/>\n\t<meta name=\"twitter:data1\" content=\"2 minutter\" \/>\n<script type=\"application\/ld+json\" class=\"yoast-schema-graph\">{\"@context\":\"https:\\\/\\\/schema.org\",\"@graph\":[{\"@type\":\"WebPage\",\"@id\":\"https:\\\/\\\/tibladin.dk\\\/produkt\\\/kaktussilke-pudebetraek-mocca-2\\\/\",\"url\":\"https:\\\/\\\/tibladin.dk\\\/produkt\\\/kaktussilke-pudebetraek-mocca-2\\\/\",\"name\":\"Marokkansk kaktussilke pude | Mocca | H\u00e5ndlavet i Marrakech\",\"isPartOf\":{\"@id\":\"https:\\\/\\\/tibladin.dk\\\/#website\"},\"primaryImageOfPage\":{\"@id\":\"https:\\\/\\\/tibladin.dk\\\/produkt\\\/kaktussilke-pudebetraek-mocca-2\\\/#primaryimage\"},\"image\":{\"@id\":\"https:\\\/\\\/tibladin.dk\\\/produkt\\\/kaktussilke-pudebetraek-mocca-2\\\/#primaryimage\"},\"thumbnailUrl\":\"https:\\\/\\\/tibladin.dk\\\/wp-content\\\/uploads\\\/2026\\\/03\\\/Photoroom_20260305_110411.jpeg\",\"datePublished\":\"2025-06-24T13:48:41+00:00\",\"dateModified\":\"2026-04-06T19:39:41+00:00\",\"description\":\"Kaktussilke pudebetr\u00e6k i brunlige\\\/mocca farver. Passer til 50x50 eller 60x60 cm. puder alt efter hvor fyldig, du \u00f8nsker din pude \u21d2 Find den her.\",\"breadcrumb\":{\"@id\":\"https:\\\/\\\/tibladin.dk\\\/produkt\\\/kaktussilke-pudebetraek-mocca-2\\\/#breadcrumb\"},\"inLanguage\":\"nb-NO\",\"potentialAction\":[{\"@type\":\"ReadAction\",\"target\":[\"https:\\\/\\\/tibladin.dk\\\/produkt\\\/kaktussilke-pudebetraek-mocca-2\\\/\"]}]},{\"@type\":\"ImageObject\",\"inLanguage\":\"nb-NO\",\"@id\":\"https:\\\/\\\/tibladin.dk\\\/produkt\\\/kaktussilke-pudebetraek-mocca-2\\\/#primaryimage\",\"url\":\"https:\\\/\\\/tibladin.dk\\\/wp-content\\\/uploads\\\/2026\\\/03\\\/Photoroom_20260305_110411.jpeg\",\"contentUrl\":\"https:\\\/\\\/tibladin.dk\\\/wp-content\\\/uploads\\\/2026\\\/03\\\/Photoroom_20260305_110411.jpeg\",\"width\":800,\"height\":800,\"caption\":\"Dybe mocca brune farvede kaktussilkepudebetr\u00e6k.\"},{\"@type\":\"BreadcrumbList\",\"@id\":\"https:\\\/\\\/tibladin.dk\\\/produkt\\\/kaktussilke-pudebetraek-mocca-2\\\/#breadcrumb\",\"itemListElement\":[{\"@type\":\"ListItem\",\"position\":1,\"name\":\"Hjem\",\"item\":\"https:\\\/\\\/tibladin.dk\\\/\"},{\"@type\":\"ListItem\",\"position\":2,\"name\":\"Shop\",\"item\":\"https:\\\/\\\/tibladin.dk\\\/shop\\\/\"},{\"@type\":\"ListItem\",\"position\":3,\"name\":\"Kaktussilke pudebetr\u00e6k | Mocca\"}]},{\"@type\":\"WebSite\",\"@id\":\"https:\\\/\\\/tibladin.dk\\\/#website\",\"url\":\"https:\\\/\\\/tibladin.dk\\\/\",\"name\":\"Tibladin\",\"description\":\"Tibladin\",\"publisher\":{\"@id\":\"https:\\\/\\\/tibladin.dk\\\/#organization\"},\"potentialAction\":[{\"@type\":\"SearchAction\",\"target\":{\"@type\":\"EntryPoint\",\"urlTemplate\":\"https:\\\/\\\/tibladin.dk\\\/?s={search_term_string}\"},\"query-input\":{\"@type\":\"PropertyValueSpecification\",\"valueRequired\":true,\"valueName\":\"search_term_string\"}}],\"inLanguage\":\"nb-NO\"},{\"@type\":\"Organization\",\"@id\":\"https:\\\/\\\/tibladin.dk\\\/#organization\",\"name\":\"Tibladin\",\"url\":\"https:\\\/\\\/tibladin.dk\\\/\",\"logo\":{\"@type\":\"ImageObject\",\"inLanguage\":\"nb-NO\",\"@id\":\"https:\\\/\\\/tibladin.dk\\\/#\\\/schema\\\/logo\\\/image\\\/\",\"url\":\"https:\\\/\\\/tibladin.dk\\\/wp-content\\\/uploads\\\/2022\\\/09\\\/tibladin_logo.svg\",\"contentUrl\":\"https:\\\/\\\/tibladin.dk\\\/wp-content\\\/uploads\\\/2022\\\/09\\\/tibladin_logo.svg\",\"caption\":\"Tibladin\"},\"image\":{\"@id\":\"https:\\\/\\\/tibladin.dk\\\/#\\\/schema\\\/logo\\\/image\\\/\"}}]}<\/script>\n<!-- \/ Yoast SEO plugin. -->","yoast_head_json":{"title":"Marokkansk kaktussilkepute | Mokka | H\u00e5ndlaget i Marrakech","description":"Kaktus silkeputetrekk i brunlige\/mokkafarger. Passer til puter p\u00e5 50x50 eller 60x60 cm, avhengig av hvor fyldig du vil ha puten \u21d2 Finn den her.","robots":{"index":"index","follow":"follow","max-snippet":"max-snippet:-1","max-image-preview":"max-image-preview:large","max-video-preview":"max-video-preview:-1"},"canonical":"https:\/\/tibladin.dk\/nb\/produkt\/kaktus-silke-putetrekk-mocka-2\/","og_locale":"nb_NO","og_type":"article","og_title":"Marokkansk kaktussilke pude | Mocca | H\u00e5ndlavet i Marrakech","og_description":"Kaktussilke pudebetr\u00e6k i brunlige\/mocca farver. Passer til 50x50 eller 60x60 cm. puder alt efter hvor fyldig, du \u00f8nsker din pude \u21d2 Find den her.","og_url":"https:\/\/tibladin.dk\/nb\/produkt\/kaktus-silke-putetrekk-mocka-2\/","og_site_name":"Tibladin","article_modified_time":"2026-04-06T19:39:41+00:00","og_image":[{"width":800,"height":800,"url":"https:\/\/tibladin.dk\/wp-content\/uploads\/2026\/03\/Photoroom_20260305_110411.jpeg","type":"image\/jpeg"}],"twitter_card":"summary_large_image","twitter_misc":{"Ansl. lesetid":"2 minutter"},"schema":{"@context":"https:\/\/schema.org","@graph":[{"@type":"WebPage","@id":"https:\/\/tibladin.dk\/produkt\/kaktussilke-pudebetraek-mocca-2\/","url":"https:\/\/tibladin.dk\/produkt\/kaktussilke-pudebetraek-mocca-2\/","name":"Marokkansk kaktussilkepute | Mokka | H\u00e5ndlaget i Marrakech","isPartOf":{"@id":"https:\/\/tibladin.dk\/#website"},"primaryImageOfPage":{"@id":"https:\/\/tibladin.dk\/produkt\/kaktussilke-pudebetraek-mocca-2\/#primaryimage"},"image":{"@id":"https:\/\/tibladin.dk\/produkt\/kaktussilke-pudebetraek-mocca-2\/#primaryimage"},"thumbnailUrl":"https:\/\/tibladin.dk\/wp-content\/uploads\/2026\/03\/Photoroom_20260305_110411.jpeg","datePublished":"2025-06-24T13:48:41+00:00","dateModified":"2026-04-06T19:39:41+00:00","description":"Kaktus silkeputetrekk i brunlige\/mokkafarger. Passer til puter p\u00e5 50x50 eller 60x60 cm, avhengig av hvor fyldig du vil ha puten \u21d2 Finn den her.","breadcrumb":{"@id":"https:\/\/tibladin.dk\/produkt\/kaktussilke-pudebetraek-mocca-2\/#breadcrumb"},"inLanguage":"nb-NO","potentialAction":[{"@type":"ReadAction","target":["https:\/\/tibladin.dk\/produkt\/kaktussilke-pudebetraek-mocca-2\/"]}]},{"@type":"ImageObject","inLanguage":"nb-NO","@id":"https:\/\/tibladin.dk\/produkt\/kaktussilke-pudebetraek-mocca-2\/#primaryimage","url":"https:\/\/tibladin.dk\/wp-content\/uploads\/2026\/03\/Photoroom_20260305_110411.jpeg","contentUrl":"https:\/\/tibladin.dk\/wp-content\/uploads\/2026\/03\/Photoroom_20260305_110411.jpeg","width":800,"height":800,"caption":"Dybe mocca brune farvede kaktussilkepudebetr\u00e6k."},{"@type":"BreadcrumbList","@id":"https:\/\/tibladin.dk\/produkt\/kaktussilke-pudebetraek-mocca-2\/#breadcrumb","itemListElement":[{"@type":"ListItem","position":1,"name":"Hjem","item":"https:\/\/tibladin.dk\/"},{"@type":"ListItem","position":2,"name":"Shop","item":"https:\/\/tibladin.dk\/shop\/"},{"@type":"ListItem","position":3,"name":"Kaktussilke pudebetr\u00e6k | Mocca"}]},{"@type":"WebSite","@id":"https:\/\/tibladin.dk\/#website","url":"https:\/\/tibladin.dk\/","name":"Tibladin","description":"Tibladin","publisher":{"@id":"https:\/\/tibladin.dk\/#organization"},"potentialAction":[{"@type":"SearchAction","target":{"@type":"EntryPoint","urlTemplate":"https:\/\/tibladin.dk\/?s={search_term_string}"},"query-input":{"@type":"PropertyValueSpecification","valueRequired":true,"valueName":"search_term_string"}}],"inLanguage":"nb-NO"},{"@type":"Organization","@id":"https:\/\/tibladin.dk\/#organization","name":"Tibladin","url":"https:\/\/tibladin.dk\/","logo":{"@type":"ImageObject","inLanguage":"nb-NO","@id":"https:\/\/tibladin.dk\/#\/schema\/logo\/image\/","url":"https:\/\/tibladin.dk\/wp-content\/uploads\/2022\/09\/tibladin_logo.svg","contentUrl":"https:\/\/tibladin.dk\/wp-content\/uploads\/2022\/09\/tibladin_logo.svg","caption":"Tibladin"},"image":{"@id":"https:\/\/tibladin.dk\/#\/schema\/logo\/image\/"}}]}},"_links":{"self":[{"href":"https:\/\/tibladin.dk\/nb\/wp-json\/wp\/v2\/product\/35321","targetHints":{"allow":["GET"]}}],"collection":[{"href":"https:\/\/tibladin.dk\/nb\/wp-json\/wp\/v2\/product"}],"about":[{"href":"https:\/\/tibladin.dk\/nb\/wp-json\/wp\/v2\/types\/product"}],"wp:featuredmedia":[{"embeddable":true,"href":"https:\/\/tibladin.dk\/nb\/wp-json\/wp\/v2\/media\/43505"}],"wp:attachment":[{"href":"https:\/\/tibladin.dk\/nb\/wp-json\/wp\/v2\/media?parent=35321"}],"wp:term":[{"taxonomy":"product_brand","embeddable":true,"href":"https:\/\/tibladin.dk\/nb\/wp-json\/wp\/v2\/product_brand?post=35321"},{"taxonomy":"product_cat","embeddable":true,"href":"https:\/\/tibladin.dk\/nb\/wp-json\/wp\/v2\/product_cat?post=35321"},{"taxonomy":"product_tag","embeddable":true,"href":"https:\/\/tibladin.dk\/nb\/wp-json\/wp\/v2\/product_tag?post=35321"}],"curies":[{"name":"wp","href":"https:\/\/api.w.org\/{rel}","templated":true}]}}