{"id":36143,"date":"2025-04-24T14:02:25","date_gmt":"2025-04-24T12:02:25","guid":{"rendered":"https:\/\/tibladin.dk\/?post_type=product&#038;p=36143"},"modified":"2025-05-12T08:53:50","modified_gmt":"2025-05-12T06:53:50","slug":"saccosekk-i-varmt-konjakkfarget-skinn-1-pers","status":"publish","type":"product","link":"https:\/\/tibladin.dk\/nb\/produkt\/saekkestol-i-varm-cognacfarvet-laeder-1-pers\/","title":{"rendered":"Saccosekk i varmt konjakkfarget skinn, 1-person."},"content":{"rendered":"<div class=\"wpb-content-wrapper\"><div class=\"vc_row wpb_row vc_row-fluid\"><div class=\"wpb_column vc_column_container vc_col-sm-4\"><div class=\"vc_column-inner\"><div class=\"wpb_wrapper\"><\/div><\/div><\/div><div class=\"wpb_column vc_column_container vc_col-sm-4\"><div class=\"vc_column-inner\"><div class=\"wpb_wrapper\"><h3 style=\"text-align: left\" class=\"vc_custom_heading vc_do_custom_heading\" >Vedlikehold<\/h3>\n\t<div class=\"wpb_text_column wpb_content_element\" >\n\t\t<div class=\"wpb_wrapper\">\n\t\t\t<p>Saccosekken er oljet og krever derfor ikke mye vedlikehold. Du kan gi den ekstra olje etter behov, eller hvis det blir n\u00f8dvendig over tid.<\/p>\n\n\t\t<\/div>\n\t<\/div>\n<\/div><\/div><\/div><div class=\"wpb_column vc_column_container vc_col-sm-4\"><div class=\"vc_column-inner\"><div class=\"wpb_wrapper\"><h3 style=\"text-align: left\" class=\"vc_custom_heading vc_do_custom_heading\" >Historien bak<\/h3>\n\t<div class=\"wpb_text_column wpb_content_element\" >\n\t\t<div class=\"wpb_wrapper\">\n\t\t\t<p>Denne vakre saccosekken er h\u00e5ndlaget i Marrakech og er laget av vakkert konjakkfarget skinn. Med dette m\u00f8belet har jeg tatt utgangspunkt i min kj\u00e6rlighet for vakkert skinn og skapt et m\u00f8bel hvor du b\u00e5de kan flyte bort alene med en god bok, eller sitte side om side. Saccosekken kan brukes som en lenestol i et lesekrok, en liten sofa eller en loveseat. Den passer derfor inn mange steder i hjemmet og skaper en innbydende og avslappet atmosf\u00e6re. Den vakre r\u00f8dbrune fargen tilf\u00f8rer varme og dybde til et rom, mens skinnet gir et r\u00e5tt utseende. Utseendet kan ogs\u00e5 mykes opp med en vakker pute eller et pledd. Designet og produsert i samarbeid med en designer i Marrakech.<\/p>\n\n\t\t<\/div>\n\t<\/div>\n<\/div><\/div><\/div><\/div>\n<\/div>","protected":false},"excerpt":{"rendered":"<p>Nydelig saccosekk i varmt konjakkfarget skinn. Myk og deilig \u00e5 sitte i. H\u00e5ndlaget i Marrakech. Saccosekken har en dyp r\u00f8dbrun farge, og den passer perfekt inn i de fleste hjem. Den vakre fargen tilf\u00f8rer varme til rommet, mens skinnet gir et r\u00e5tt preg.<\/p>\n<p>Saccosekken leveres uten fyll. Hvis du \u00f8nsker fyll til saccosekken (treull), kan dette legges til for en ekstra pris p\u00e5 400 DKK.<\/p>\n<p>Du kan ogs\u00e5 velge \u00e5 fylle b\u00f8nnesekken selv, eventuelt med kr\u00f8yerballer eller gamle kl\u00e6r, dyner og puter.<\/p>\n<p>Seteh\u00f8yde 39 cm | Setedybde 50 cm. Totaldybde 75 cm. | Bredde 77 cm | Ryggst\u00f8tteh\u00f8yde 75 cm |<\/p>","protected":false},"featured_media":36155,"template":"","meta":{"inline_featured_image":false},"product_brand":[],"product_cat":[47,108,39],"product_tag":[],"class_list":{"0":"post-36143","1":"product","2":"type-product","3":"status-publish","4":"has-post-thumbnail","6":"product_cat-gaven-til-ham","7":"product_cat-loungestole-indendoers","8":"product_cat-moebler","10":"first","11":"instock","12":"taxable","13":"shipping-taxable","14":"purchasable","15":"product-type-simple"},"exclude_global_add_ons":false,"addons":[{"name":"Vil du ha den fylt med treull?","type":"checkbox","position":0,"required":false,"title_format":"label","default":"","description_enable":false,"description":"","placeholder_enable":false,"placeholder":"","display":"select","restrictions_type":"any_text","adjust_price":false,"price":"","price_type":"flat_fee","restrictions":false,"min":"0","max":"0","options":[{"label":"JA tak!","price":"400","price_type":"quantity_based","image":0,"visibility":true}],"id":1686050310}],"yoast_head":"<!-- This site is optimized with the Yoast SEO plugin v27.4 - https:\/\/yoast.com\/product\/yoast-seo-wordpress\/ -->\n<title>S\u00e6kkestol i varm cognacfarvet l\u00e6der | Unikt design | Tibladin<\/title>\n<meta name=\"description\" content=\"S\u00e6kkestol h\u00e5ndlavet i Marrakech i l\u00e6kkert r\u00f8dbrunt l\u00e6der. Kan bruges som sofa eller l\u00e6nestol og tilf\u00f8jer farve og dybde til ethvert rum.\" \/>\n<meta name=\"robots\" content=\"index, follow, max-snippet:-1, max-image-preview:large, max-video-preview:-1\" \/>\n<link rel=\"canonical\" href=\"https:\/\/tibladin.dk\/nb\/produkt\/saccosekk-i-varmt-konjakkfarget-skinn-1-pers\/\" \/>\n<meta property=\"og:locale\" content=\"nb_NO\" \/>\n<meta property=\"og:type\" content=\"article\" \/>\n<meta property=\"og:title\" content=\"S\u00e6kkestol i varm cognacfarvet l\u00e6der | Unikt design | Tibladin\" \/>\n<meta property=\"og:description\" content=\"S\u00e6kkestol h\u00e5ndlavet i Marrakech i l\u00e6kkert r\u00f8dbrunt l\u00e6der. Kan bruges som sofa eller l\u00e6nestol og tilf\u00f8jer farve og dybde til ethvert rum.\" \/>\n<meta property=\"og:url\" content=\"https:\/\/tibladin.dk\/nb\/produkt\/saccosekk-i-varmt-konjakkfarget-skinn-1-pers\/\" \/>\n<meta property=\"og:site_name\" content=\"Tibladin\" \/>\n<meta property=\"article:modified_time\" content=\"2025-05-12T06:53:50+00:00\" \/>\n<meta property=\"og:image\" content=\"https:\/\/tibladin.dk\/wp-content\/uploads\/2025\/04\/saekkestol-i-cognacfarvet-laeder_1-pers._LS6.jpg\" \/>\n\t<meta property=\"og:image:width\" content=\"800\" \/>\n\t<meta property=\"og:image:height\" content=\"800\" \/>\n\t<meta property=\"og:image:type\" content=\"image\/jpeg\" \/>\n<meta name=\"twitter:card\" content=\"summary_large_image\" \/>\n<meta name=\"twitter:label1\" content=\"Ansl. lesetid\" \/>\n\t<meta name=\"twitter:data1\" content=\"2 minutter\" \/>\n<script type=\"application\/ld+json\" class=\"yoast-schema-graph\">{\"@context\":\"https:\\\/\\\/schema.org\",\"@graph\":[{\"@type\":\"WebPage\",\"@id\":\"https:\\\/\\\/tibladin.dk\\\/produkt\\\/saekkestol-i-varm-cognacfarvet-laeder-1-pers\\\/\",\"url\":\"https:\\\/\\\/tibladin.dk\\\/produkt\\\/saekkestol-i-varm-cognacfarvet-laeder-1-pers\\\/\",\"name\":\"S\u00e6kkestol i varm cognacfarvet l\u00e6der | Unikt design | Tibladin\",\"isPartOf\":{\"@id\":\"https:\\\/\\\/tibladin.dk\\\/#website\"},\"primaryImageOfPage\":{\"@id\":\"https:\\\/\\\/tibladin.dk\\\/produkt\\\/saekkestol-i-varm-cognacfarvet-laeder-1-pers\\\/#primaryimage\"},\"image\":{\"@id\":\"https:\\\/\\\/tibladin.dk\\\/produkt\\\/saekkestol-i-varm-cognacfarvet-laeder-1-pers\\\/#primaryimage\"},\"thumbnailUrl\":\"https:\\\/\\\/tibladin.dk\\\/wp-content\\\/uploads\\\/2025\\\/04\\\/saekkestol-i-cognacfarvet-laeder_1-pers._LS6.jpg\",\"datePublished\":\"2025-04-24T12:02:25+00:00\",\"dateModified\":\"2025-05-12T06:53:50+00:00\",\"description\":\"S\u00e6kkestol h\u00e5ndlavet i Marrakech i l\u00e6kkert r\u00f8dbrunt l\u00e6der. Kan bruges som sofa eller l\u00e6nestol og tilf\u00f8jer farve og dybde til ethvert rum.\",\"breadcrumb\":{\"@id\":\"https:\\\/\\\/tibladin.dk\\\/produkt\\\/saekkestol-i-varm-cognacfarvet-laeder-1-pers\\\/#breadcrumb\"},\"inLanguage\":\"nb-NO\",\"potentialAction\":[{\"@type\":\"ReadAction\",\"target\":[\"https:\\\/\\\/tibladin.dk\\\/produkt\\\/saekkestol-i-varm-cognacfarvet-laeder-1-pers\\\/\"]}]},{\"@type\":\"ImageObject\",\"inLanguage\":\"nb-NO\",\"@id\":\"https:\\\/\\\/tibladin.dk\\\/produkt\\\/saekkestol-i-varm-cognacfarvet-laeder-1-pers\\\/#primaryimage\",\"url\":\"https:\\\/\\\/tibladin.dk\\\/wp-content\\\/uploads\\\/2025\\\/04\\\/saekkestol-i-cognacfarvet-laeder_1-pers._LS6.jpg\",\"contentUrl\":\"https:\\\/\\\/tibladin.dk\\\/wp-content\\\/uploads\\\/2025\\\/04\\\/saekkestol-i-cognacfarvet-laeder_1-pers._LS6.jpg\",\"width\":800,\"height\":800,\"caption\":\"S\u00e6kkestol i 100% kvalitetsgedel\u00e6der\"},{\"@type\":\"BreadcrumbList\",\"@id\":\"https:\\\/\\\/tibladin.dk\\\/produkt\\\/saekkestol-i-varm-cognacfarvet-laeder-1-pers\\\/#breadcrumb\",\"itemListElement\":[{\"@type\":\"ListItem\",\"position\":1,\"name\":\"Hjem\",\"item\":\"https:\\\/\\\/tibladin.dk\\\/\"},{\"@type\":\"ListItem\",\"position\":2,\"name\":\"Shop\",\"item\":\"https:\\\/\\\/tibladin.dk\\\/shop\\\/\"},{\"@type\":\"ListItem\",\"position\":3,\"name\":\"S\u00e6kkestol i varm cognacfarvet l\u00e6der 1-pers.\"}]},{\"@type\":\"WebSite\",\"@id\":\"https:\\\/\\\/tibladin.dk\\\/#website\",\"url\":\"https:\\\/\\\/tibladin.dk\\\/\",\"name\":\"Tibladin\",\"description\":\"Tibladin\",\"publisher\":{\"@id\":\"https:\\\/\\\/tibladin.dk\\\/#organization\"},\"potentialAction\":[{\"@type\":\"SearchAction\",\"target\":{\"@type\":\"EntryPoint\",\"urlTemplate\":\"https:\\\/\\\/tibladin.dk\\\/?s={search_term_string}\"},\"query-input\":{\"@type\":\"PropertyValueSpecification\",\"valueRequired\":true,\"valueName\":\"search_term_string\"}}],\"inLanguage\":\"nb-NO\"},{\"@type\":\"Organization\",\"@id\":\"https:\\\/\\\/tibladin.dk\\\/#organization\",\"name\":\"Tibladin\",\"url\":\"https:\\\/\\\/tibladin.dk\\\/\",\"logo\":{\"@type\":\"ImageObject\",\"inLanguage\":\"nb-NO\",\"@id\":\"https:\\\/\\\/tibladin.dk\\\/#\\\/schema\\\/logo\\\/image\\\/\",\"url\":\"https:\\\/\\\/tibladin.dk\\\/wp-content\\\/uploads\\\/2022\\\/09\\\/tibladin_logo.svg\",\"contentUrl\":\"https:\\\/\\\/tibladin.dk\\\/wp-content\\\/uploads\\\/2022\\\/09\\\/tibladin_logo.svg\",\"caption\":\"Tibladin\"},\"image\":{\"@id\":\"https:\\\/\\\/tibladin.dk\\\/#\\\/schema\\\/logo\\\/image\\\/\"}}]}<\/script>\n<!-- \/ Yoast SEO plugin. -->","yoast_head_json":{"title":"Saccosekk i varmt konjakkfarget skinn | Unikt design | Tibladin","description":"Saccosekk h\u00e5ndlaget i Marrakech i vakkert r\u00f8dbrunt skinn. Kan brukes som sofa eller lenestol og gir farge og dybde til ethvert rom.","robots":{"index":"index","follow":"follow","max-snippet":"max-snippet:-1","max-image-preview":"max-image-preview:large","max-video-preview":"max-video-preview:-1"},"canonical":"https:\/\/tibladin.dk\/nb\/produkt\/saccosekk-i-varmt-konjakkfarget-skinn-1-pers\/","og_locale":"nb_NO","og_type":"article","og_title":"S\u00e6kkestol i varm cognacfarvet l\u00e6der | Unikt design | Tibladin","og_description":"S\u00e6kkestol h\u00e5ndlavet i Marrakech i l\u00e6kkert r\u00f8dbrunt l\u00e6der. Kan bruges som sofa eller l\u00e6nestol og tilf\u00f8jer farve og dybde til ethvert rum.","og_url":"https:\/\/tibladin.dk\/nb\/produkt\/saccosekk-i-varmt-konjakkfarget-skinn-1-pers\/","og_site_name":"Tibladin","article_modified_time":"2025-05-12T06:53:50+00:00","og_image":[{"width":800,"height":800,"url":"https:\/\/tibladin.dk\/wp-content\/uploads\/2025\/04\/saekkestol-i-cognacfarvet-laeder_1-pers._LS6.jpg","type":"image\/jpeg"}],"twitter_card":"summary_large_image","twitter_misc":{"Ansl. lesetid":"2 minutter"},"schema":{"@context":"https:\/\/schema.org","@graph":[{"@type":"WebPage","@id":"https:\/\/tibladin.dk\/produkt\/saekkestol-i-varm-cognacfarvet-laeder-1-pers\/","url":"https:\/\/tibladin.dk\/produkt\/saekkestol-i-varm-cognacfarvet-laeder-1-pers\/","name":"Saccosekk i varmt konjakkfarget skinn | Unikt design | Tibladin","isPartOf":{"@id":"https:\/\/tibladin.dk\/#website"},"primaryImageOfPage":{"@id":"https:\/\/tibladin.dk\/produkt\/saekkestol-i-varm-cognacfarvet-laeder-1-pers\/#primaryimage"},"image":{"@id":"https:\/\/tibladin.dk\/produkt\/saekkestol-i-varm-cognacfarvet-laeder-1-pers\/#primaryimage"},"thumbnailUrl":"https:\/\/tibladin.dk\/wp-content\/uploads\/2025\/04\/saekkestol-i-cognacfarvet-laeder_1-pers._LS6.jpg","datePublished":"2025-04-24T12:02:25+00:00","dateModified":"2025-05-12T06:53:50+00:00","description":"Saccosekk h\u00e5ndlaget i Marrakech i vakkert r\u00f8dbrunt skinn. Kan brukes som sofa eller lenestol og gir farge og dybde til ethvert rom.","breadcrumb":{"@id":"https:\/\/tibladin.dk\/produkt\/saekkestol-i-varm-cognacfarvet-laeder-1-pers\/#breadcrumb"},"inLanguage":"nb-NO","potentialAction":[{"@type":"ReadAction","target":["https:\/\/tibladin.dk\/produkt\/saekkestol-i-varm-cognacfarvet-laeder-1-pers\/"]}]},{"@type":"ImageObject","inLanguage":"nb-NO","@id":"https:\/\/tibladin.dk\/produkt\/saekkestol-i-varm-cognacfarvet-laeder-1-pers\/#primaryimage","url":"https:\/\/tibladin.dk\/wp-content\/uploads\/2025\/04\/saekkestol-i-cognacfarvet-laeder_1-pers._LS6.jpg","contentUrl":"https:\/\/tibladin.dk\/wp-content\/uploads\/2025\/04\/saekkestol-i-cognacfarvet-laeder_1-pers._LS6.jpg","width":800,"height":800,"caption":"S\u00e6kkestol i 100% kvalitetsgedel\u00e6der"},{"@type":"BreadcrumbList","@id":"https:\/\/tibladin.dk\/produkt\/saekkestol-i-varm-cognacfarvet-laeder-1-pers\/#breadcrumb","itemListElement":[{"@type":"ListItem","position":1,"name":"Hjem","item":"https:\/\/tibladin.dk\/"},{"@type":"ListItem","position":2,"name":"Shop","item":"https:\/\/tibladin.dk\/shop\/"},{"@type":"ListItem","position":3,"name":"S\u00e6kkestol i varm cognacfarvet l\u00e6der 1-pers."}]},{"@type":"WebSite","@id":"https:\/\/tibladin.dk\/#website","url":"https:\/\/tibladin.dk\/","name":"Tibladin","description":"Tibladin","publisher":{"@id":"https:\/\/tibladin.dk\/#organization"},"potentialAction":[{"@type":"SearchAction","target":{"@type":"EntryPoint","urlTemplate":"https:\/\/tibladin.dk\/?s={search_term_string}"},"query-input":{"@type":"PropertyValueSpecification","valueRequired":true,"valueName":"search_term_string"}}],"inLanguage":"nb-NO"},{"@type":"Organization","@id":"https:\/\/tibladin.dk\/#organization","name":"Tibladin","url":"https:\/\/tibladin.dk\/","logo":{"@type":"ImageObject","inLanguage":"nb-NO","@id":"https:\/\/tibladin.dk\/#\/schema\/logo\/image\/","url":"https:\/\/tibladin.dk\/wp-content\/uploads\/2022\/09\/tibladin_logo.svg","contentUrl":"https:\/\/tibladin.dk\/wp-content\/uploads\/2022\/09\/tibladin_logo.svg","caption":"Tibladin"},"image":{"@id":"https:\/\/tibladin.dk\/#\/schema\/logo\/image\/"}}]}},"_links":{"self":[{"href":"https:\/\/tibladin.dk\/nb\/wp-json\/wp\/v2\/product\/36143","targetHints":{"allow":["GET"]}}],"collection":[{"href":"https:\/\/tibladin.dk\/nb\/wp-json\/wp\/v2\/product"}],"about":[{"href":"https:\/\/tibladin.dk\/nb\/wp-json\/wp\/v2\/types\/product"}],"wp:featuredmedia":[{"embeddable":true,"href":"https:\/\/tibladin.dk\/nb\/wp-json\/wp\/v2\/media\/36155"}],"wp:attachment":[{"href":"https:\/\/tibladin.dk\/nb\/wp-json\/wp\/v2\/media?parent=36143"}],"wp:term":[{"taxonomy":"product_brand","embeddable":true,"href":"https:\/\/tibladin.dk\/nb\/wp-json\/wp\/v2\/product_brand?post=36143"},{"taxonomy":"product_cat","embeddable":true,"href":"https:\/\/tibladin.dk\/nb\/wp-json\/wp\/v2\/product_cat?post=36143"},{"taxonomy":"product_tag","embeddable":true,"href":"https:\/\/tibladin.dk\/nb\/wp-json\/wp\/v2\/product_tag?post=36143"}],"curies":[{"name":"wp","href":"https:\/\/api.w.org\/{rel}","templated":true}]}}