{"id":36581,"date":"2025-05-22T18:36:23","date_gmt":"2025-05-22T16:36:23","guid":{"rendered":"https:\/\/tibladin.dk\/?post_type=product&#038;p=36581"},"modified":"2025-11-29T15:39:30","modified_gmt":"2025-11-29T14:39:30","slug":"brett-i-haandmalt-tre-terra","status":"publish","type":"product","link":"https:\/\/tibladin.dk\/nb\/produkt\/bakke-i-haandmalet-trae-terra\/","title":{"rendered":"H\u00e5ndmalt trebrett \u2013 TERRA"},"content":{"rendered":"<div class=\"wpb-content-wrapper\"><div class=\"vc_row wpb_row vc_row-fluid\"><div class=\"wpb_column vc_column_container vc_col-sm-4\"><div class=\"vc_column-inner\"><div class=\"wpb_wrapper\"><\/div><\/div><\/div><div class=\"wpb_column vc_column_container vc_col-sm-4\"><div class=\"vc_column-inner\"><div class=\"wpb_wrapper\"><h3 style=\"text-align: left\" class=\"vc_custom_heading vc_do_custom_heading\" >Vedlikehold<\/h3>\n\t<div class=\"wpb_text_column wpb_content_element\" >\n\t\t<div class=\"wpb_wrapper\">\n\t\t\t<p>Brettet kan t\u00f8rkes av med en fuktig klut.<\/p>\n\n\t\t<\/div>\n\t<\/div>\n<\/div><\/div><\/div><div class=\"wpb_column vc_column_container vc_col-sm-4\"><div class=\"vc_column-inner\"><div class=\"wpb_wrapper\"><h3 style=\"text-align: left\" class=\"vc_custom_heading vc_do_custom_heading\" >Historien bak<\/h3>\n\t<div class=\"wpb_text_column wpb_content_element\" >\n\t\t<div class=\"wpb_wrapper\">\n\t\t\t<p data-start=\"0\" data-end=\"261\">H\u00e5ndmalte trebrett fra Marokko er unike kunstverk som kombinerer tradisjonelt h\u00e5ndverk med fargerik marokkansk estetikk. Disse brettene er laget i et lite verksted hvor dyktige h\u00e5ndverkere maler hvert enkelt stykke for h\u00e5nd med stor omhu og presisjon.<\/p>\n<p data-start=\"263\" data-end=\"725\">Treverket, vanligvis sedertre eller oliven, blir f\u00f8rst kuttet og slipt til \u00f8nsket form, deretter behandles overflaten for \u00e5 gj\u00f8re den glatt og slitesterk. Deretter p\u00e5f\u00f8res de karakteristiske m\u00f8nstrene og fargene, som gjenspeiler Marokkos rike kulturarv. Motivene kan variere fra geometriske m\u00f8nstre og arabesker til blomster og symboler, ofte i sterke nyanser av bl\u00e5tt, r\u00f8dt, gult og gr\u00f8nt \u2013 farger som har b\u00e5de estetisk og symbolsk betydning i marokkansk kunst.<\/p>\n<p data-start=\"727\" data-end=\"1018\">Hvert brett er unikt, ikke bare fordi det er h\u00e5ndmalt, men fordi kunstneren ofte er inspirert av sin egen fantasi eller lokale tradisjoner. Dette gj\u00f8r brettene til mer enn bare praktiske gjenstander \u2013 de er sm\u00e5 fortellinger fra Nord-Afrika som bringer varme, liv og historie inn i hjemmet.<\/p>\n\n\t\t<\/div>\n\t<\/div>\n<\/div><\/div><\/div><\/div>\n<\/div>","protected":false},"excerpt":{"rendered":"<p>Vakkert h\u00e5ndlaget marokkansk brett med de fineste h\u00e5ndmalte m\u00f8nstrene i st\u00f8vete terrakotta, gule og gr\u00f8nne farger og med praktiske b\u00e6reh\u00e5ndtak. Perfekt til b\u00e5de dekorasjon, servering og oppbevaring. P\u00e5 denne m\u00e5ten kan du bringe marokkansk stil og h\u00e5ndverk inn i hjemmet ditt.<\/p>\n<p>Enten de brukes til servering, dekorasjon eller som en del av en borddekking, gir de h\u00e5ndmalte trebrettene en eksotisk og autentisk f\u00f8lelse. De er ogs\u00e5 popul\u00e6re som gaver, ettersom de representerer det beste av marokkansk h\u00e5ndverk og kulturarv.<\/p>\n<p>Brettet er 32 cm i diameter.<\/p>","protected":false},"featured_media":36587,"template":"","meta":{"inline_featured_image":false},"product_brand":[],"product_cat":[54,51],"product_tag":[],"class_list":{"0":"post-36581","1":"product","2":"type-product","3":"status-publish","4":"has-post-thumbnail","6":"product_cat-aesker-og-bakker","7":"product_cat-opbevaring","9":"first","10":"outofstock","11":"taxable","12":"shipping-taxable","13":"purchasable","14":"product-type-simple"},"exclude_global_add_ons":false,"addons":[{"name":"\u00d8nsker du gaveinnpakning?","type":"checkbox","position":0,"required":false,"title_format":"label","default":"","description_enable":false,"description":"","placeholder_enable":false,"placeholder":"","display":"images","restrictions_type":"any_text","adjust_price":false,"price":"","price_type":"flat_fee","restrictions":false,"min":"0","max":"0","options":[{"label":"Ja tak","price":"10","price_type":"flat_fee","image":11015,"visibility":true}],"id":1669646111}],"yoast_head":"<!-- This site is optimized with the Yoast SEO plugin v27.4 - https:\/\/yoast.com\/product\/yoast-seo-wordpress\/ -->\n<title>Bakke i h\u00e5ndmalet tr\u00e6 - TERRA | Smukt design | Tibladin<\/title>\n<meta name=\"description\" content=\"H\u00e5ndmalet bakke i tr\u00e6 med det fineste m\u00f8nster. Smukt design og hel unik. Brug den til at servere din eftermiddags te eller lad den st\u00e5 til pynt.\" \/>\n<meta name=\"robots\" content=\"index, follow, max-snippet:-1, max-image-preview:large, max-video-preview:-1\" \/>\n<link rel=\"canonical\" href=\"https:\/\/tibladin.dk\/nb\/produkt\/brett-i-haandmalt-tre-terra\/\" \/>\n<meta property=\"og:locale\" content=\"nb_NO\" \/>\n<meta property=\"og:type\" content=\"article\" \/>\n<meta property=\"og:title\" content=\"Bakke i h\u00e5ndmalet tr\u00e6 - TERRA | Smukt design | Tibladin\" \/>\n<meta property=\"og:description\" content=\"H\u00e5ndmalet bakke i tr\u00e6 med det fineste m\u00f8nster. Smukt design og hel unik. Brug den til at servere din eftermiddags te eller lad den st\u00e5 til pynt.\" \/>\n<meta property=\"og:url\" content=\"https:\/\/tibladin.dk\/nb\/produkt\/brett-i-haandmalt-tre-terra\/\" \/>\n<meta property=\"og:site_name\" content=\"Tibladin\" \/>\n<meta property=\"article:modified_time\" content=\"2025-11-29T14:39:30+00:00\" \/>\n<meta property=\"og:image\" content=\"https:\/\/tibladin.dk\/wp-content\/uploads\/2025\/05\/malet-bakke-i-trae_TERRA_6.jpg\" \/>\n\t<meta property=\"og:image:width\" content=\"800\" \/>\n\t<meta property=\"og:image:height\" content=\"800\" \/>\n\t<meta property=\"og:image:type\" content=\"image\/jpeg\" \/>\n<meta name=\"twitter:card\" content=\"summary_large_image\" \/>\n<meta name=\"twitter:label1\" content=\"Ansl. lesetid\" \/>\n\t<meta name=\"twitter:data1\" content=\"2 minutter\" \/>\n<script type=\"application\/ld+json\" class=\"yoast-schema-graph\">{\"@context\":\"https:\\\/\\\/schema.org\",\"@graph\":[{\"@type\":\"WebPage\",\"@id\":\"https:\\\/\\\/tibladin.dk\\\/produkt\\\/bakke-i-haandmalet-trae-terra\\\/\",\"url\":\"https:\\\/\\\/tibladin.dk\\\/produkt\\\/bakke-i-haandmalet-trae-terra\\\/\",\"name\":\"Bakke i h\u00e5ndmalet tr\u00e6 - TERRA | Smukt design | Tibladin\",\"isPartOf\":{\"@id\":\"https:\\\/\\\/tibladin.dk\\\/#website\"},\"primaryImageOfPage\":{\"@id\":\"https:\\\/\\\/tibladin.dk\\\/produkt\\\/bakke-i-haandmalet-trae-terra\\\/#primaryimage\"},\"image\":{\"@id\":\"https:\\\/\\\/tibladin.dk\\\/produkt\\\/bakke-i-haandmalet-trae-terra\\\/#primaryimage\"},\"thumbnailUrl\":\"https:\\\/\\\/tibladin.dk\\\/wp-content\\\/uploads\\\/2025\\\/05\\\/malet-bakke-i-trae_TERRA_6.jpg\",\"datePublished\":\"2025-05-22T16:36:23+00:00\",\"dateModified\":\"2025-11-29T14:39:30+00:00\",\"description\":\"H\u00e5ndmalet bakke i tr\u00e6 med det fineste m\u00f8nster. Smukt design og hel unik. Brug den til at servere din eftermiddags te eller lad den st\u00e5 til pynt.\",\"breadcrumb\":{\"@id\":\"https:\\\/\\\/tibladin.dk\\\/produkt\\\/bakke-i-haandmalet-trae-terra\\\/#breadcrumb\"},\"inLanguage\":\"nb-NO\",\"potentialAction\":[{\"@type\":\"ReadAction\",\"target\":[\"https:\\\/\\\/tibladin.dk\\\/produkt\\\/bakke-i-haandmalet-trae-terra\\\/\"]}]},{\"@type\":\"ImageObject\",\"inLanguage\":\"nb-NO\",\"@id\":\"https:\\\/\\\/tibladin.dk\\\/produkt\\\/bakke-i-haandmalet-trae-terra\\\/#primaryimage\",\"url\":\"https:\\\/\\\/tibladin.dk\\\/wp-content\\\/uploads\\\/2025\\\/05\\\/malet-bakke-i-trae_TERRA_6.jpg\",\"contentUrl\":\"https:\\\/\\\/tibladin.dk\\\/wp-content\\\/uploads\\\/2025\\\/05\\\/malet-bakke-i-trae_TERRA_6.jpg\",\"width\":800,\"height\":800,\"caption\":\"malet bakke i tr\u00e6_TERRA i st\u00f8vede terracotta og gr\u00f8nne farver\"},{\"@type\":\"BreadcrumbList\",\"@id\":\"https:\\\/\\\/tibladin.dk\\\/produkt\\\/bakke-i-haandmalet-trae-terra\\\/#breadcrumb\",\"itemListElement\":[{\"@type\":\"ListItem\",\"position\":1,\"name\":\"Hjem\",\"item\":\"https:\\\/\\\/tibladin.dk\\\/\"},{\"@type\":\"ListItem\",\"position\":2,\"name\":\"Shop\",\"item\":\"https:\\\/\\\/tibladin.dk\\\/shop\\\/\"},{\"@type\":\"ListItem\",\"position\":3,\"name\":\"Bakke i h\u00e5ndmalet tr\u00e6 &#8211; TERRA\"}]},{\"@type\":\"WebSite\",\"@id\":\"https:\\\/\\\/tibladin.dk\\\/#website\",\"url\":\"https:\\\/\\\/tibladin.dk\\\/\",\"name\":\"Tibladin\",\"description\":\"Tibladin\",\"publisher\":{\"@id\":\"https:\\\/\\\/tibladin.dk\\\/#organization\"},\"potentialAction\":[{\"@type\":\"SearchAction\",\"target\":{\"@type\":\"EntryPoint\",\"urlTemplate\":\"https:\\\/\\\/tibladin.dk\\\/?s={search_term_string}\"},\"query-input\":{\"@type\":\"PropertyValueSpecification\",\"valueRequired\":true,\"valueName\":\"search_term_string\"}}],\"inLanguage\":\"nb-NO\"},{\"@type\":\"Organization\",\"@id\":\"https:\\\/\\\/tibladin.dk\\\/#organization\",\"name\":\"Tibladin\",\"url\":\"https:\\\/\\\/tibladin.dk\\\/\",\"logo\":{\"@type\":\"ImageObject\",\"inLanguage\":\"nb-NO\",\"@id\":\"https:\\\/\\\/tibladin.dk\\\/#\\\/schema\\\/logo\\\/image\\\/\",\"url\":\"https:\\\/\\\/tibladin.dk\\\/wp-content\\\/uploads\\\/2022\\\/09\\\/tibladin_logo.svg\",\"contentUrl\":\"https:\\\/\\\/tibladin.dk\\\/wp-content\\\/uploads\\\/2022\\\/09\\\/tibladin_logo.svg\",\"caption\":\"Tibladin\"},\"image\":{\"@id\":\"https:\\\/\\\/tibladin.dk\\\/#\\\/schema\\\/logo\\\/image\\\/\"}}]}<\/script>\n<!-- \/ Yoast SEO plugin. -->","yoast_head_json":{"title":"H\u00e5ndmalt trebrett - TERRA | Vakkert design | Tibladin","description":"H\u00e5ndmalt trebrett med det fineste m\u00f8nsteret. Vakkert design og helt unikt. Bruk det til \u00e5 servere ettermiddagsteen din eller la det st\u00e5 som pynt.","robots":{"index":"index","follow":"follow","max-snippet":"max-snippet:-1","max-image-preview":"max-image-preview:large","max-video-preview":"max-video-preview:-1"},"canonical":"https:\/\/tibladin.dk\/nb\/produkt\/brett-i-haandmalt-tre-terra\/","og_locale":"nb_NO","og_type":"article","og_title":"Bakke i h\u00e5ndmalet tr\u00e6 - TERRA | Smukt design | Tibladin","og_description":"H\u00e5ndmalet bakke i tr\u00e6 med det fineste m\u00f8nster. Smukt design og hel unik. Brug den til at servere din eftermiddags te eller lad den st\u00e5 til pynt.","og_url":"https:\/\/tibladin.dk\/nb\/produkt\/brett-i-haandmalt-tre-terra\/","og_site_name":"Tibladin","article_modified_time":"2025-11-29T14:39:30+00:00","og_image":[{"width":800,"height":800,"url":"https:\/\/tibladin.dk\/wp-content\/uploads\/2025\/05\/malet-bakke-i-trae_TERRA_6.jpg","type":"image\/jpeg"}],"twitter_card":"summary_large_image","twitter_misc":{"Ansl. lesetid":"2 minutter"},"schema":{"@context":"https:\/\/schema.org","@graph":[{"@type":"WebPage","@id":"https:\/\/tibladin.dk\/produkt\/bakke-i-haandmalet-trae-terra\/","url":"https:\/\/tibladin.dk\/produkt\/bakke-i-haandmalet-trae-terra\/","name":"H\u00e5ndmalt trebrett - TERRA | Vakkert design | Tibladin","isPartOf":{"@id":"https:\/\/tibladin.dk\/#website"},"primaryImageOfPage":{"@id":"https:\/\/tibladin.dk\/produkt\/bakke-i-haandmalet-trae-terra\/#primaryimage"},"image":{"@id":"https:\/\/tibladin.dk\/produkt\/bakke-i-haandmalet-trae-terra\/#primaryimage"},"thumbnailUrl":"https:\/\/tibladin.dk\/wp-content\/uploads\/2025\/05\/malet-bakke-i-trae_TERRA_6.jpg","datePublished":"2025-05-22T16:36:23+00:00","dateModified":"2025-11-29T14:39:30+00:00","description":"H\u00e5ndmalt trebrett med det fineste m\u00f8nsteret. Vakkert design og helt unikt. Bruk det til \u00e5 servere ettermiddagsteen din eller la det st\u00e5 som pynt.","breadcrumb":{"@id":"https:\/\/tibladin.dk\/produkt\/bakke-i-haandmalet-trae-terra\/#breadcrumb"},"inLanguage":"nb-NO","potentialAction":[{"@type":"ReadAction","target":["https:\/\/tibladin.dk\/produkt\/bakke-i-haandmalet-trae-terra\/"]}]},{"@type":"ImageObject","inLanguage":"nb-NO","@id":"https:\/\/tibladin.dk\/produkt\/bakke-i-haandmalet-trae-terra\/#primaryimage","url":"https:\/\/tibladin.dk\/wp-content\/uploads\/2025\/05\/malet-bakke-i-trae_TERRA_6.jpg","contentUrl":"https:\/\/tibladin.dk\/wp-content\/uploads\/2025\/05\/malet-bakke-i-trae_TERRA_6.jpg","width":800,"height":800,"caption":"malet bakke i tr\u00e6_TERRA i st\u00f8vede terracotta og gr\u00f8nne farver"},{"@type":"BreadcrumbList","@id":"https:\/\/tibladin.dk\/produkt\/bakke-i-haandmalet-trae-terra\/#breadcrumb","itemListElement":[{"@type":"ListItem","position":1,"name":"Hjem","item":"https:\/\/tibladin.dk\/"},{"@type":"ListItem","position":2,"name":"Shop","item":"https:\/\/tibladin.dk\/shop\/"},{"@type":"ListItem","position":3,"name":"Bakke i h\u00e5ndmalet tr\u00e6 &#8211; TERRA"}]},{"@type":"WebSite","@id":"https:\/\/tibladin.dk\/#website","url":"https:\/\/tibladin.dk\/","name":"Tibladin","description":"Tibladin","publisher":{"@id":"https:\/\/tibladin.dk\/#organization"},"potentialAction":[{"@type":"SearchAction","target":{"@type":"EntryPoint","urlTemplate":"https:\/\/tibladin.dk\/?s={search_term_string}"},"query-input":{"@type":"PropertyValueSpecification","valueRequired":true,"valueName":"search_term_string"}}],"inLanguage":"nb-NO"},{"@type":"Organization","@id":"https:\/\/tibladin.dk\/#organization","name":"Tibladin","url":"https:\/\/tibladin.dk\/","logo":{"@type":"ImageObject","inLanguage":"nb-NO","@id":"https:\/\/tibladin.dk\/#\/schema\/logo\/image\/","url":"https:\/\/tibladin.dk\/wp-content\/uploads\/2022\/09\/tibladin_logo.svg","contentUrl":"https:\/\/tibladin.dk\/wp-content\/uploads\/2022\/09\/tibladin_logo.svg","caption":"Tibladin"},"image":{"@id":"https:\/\/tibladin.dk\/#\/schema\/logo\/image\/"}}]}},"_links":{"self":[{"href":"https:\/\/tibladin.dk\/nb\/wp-json\/wp\/v2\/product\/36581","targetHints":{"allow":["GET"]}}],"collection":[{"href":"https:\/\/tibladin.dk\/nb\/wp-json\/wp\/v2\/product"}],"about":[{"href":"https:\/\/tibladin.dk\/nb\/wp-json\/wp\/v2\/types\/product"}],"wp:featuredmedia":[{"embeddable":true,"href":"https:\/\/tibladin.dk\/nb\/wp-json\/wp\/v2\/media\/36587"}],"wp:attachment":[{"href":"https:\/\/tibladin.dk\/nb\/wp-json\/wp\/v2\/media?parent=36581"}],"wp:term":[{"taxonomy":"product_brand","embeddable":true,"href":"https:\/\/tibladin.dk\/nb\/wp-json\/wp\/v2\/product_brand?post=36581"},{"taxonomy":"product_cat","embeddable":true,"href":"https:\/\/tibladin.dk\/nb\/wp-json\/wp\/v2\/product_cat?post=36581"},{"taxonomy":"product_tag","embeddable":true,"href":"https:\/\/tibladin.dk\/nb\/wp-json\/wp\/v2\/product_tag?post=36581"}],"curies":[{"name":"wp","href":"https:\/\/api.w.org\/{rel}","templated":true}]}}