{"id":36866,"date":"2025-05-31T13:18:03","date_gmt":"2025-05-31T11:18:03","guid":{"rendered":"https:\/\/tibladin.dk\/?post_type=product&#038;p=36866"},"modified":"2026-02-26T12:50:27","modified_gmt":"2026-02-26T11:50:27","slug":"skjorte-engel-tide-l","status":"publish","type":"product","link":"https:\/\/tibladin.dk\/nb\/produkt\/skjorte-angel-tide-l\/","title":{"rendered":"Skjorte ANGEL-TIDE-L"},"content":{"rendered":"<div class=\"wpb-content-wrapper\"><div class=\"vc_row wpb_row vc_row-fluid\"><div class=\"wpb_column vc_column_container vc_col-sm-4\"><div class=\"vc_column-inner\"><div class=\"wpb_wrapper\"><\/div><\/div><\/div><div class=\"wpb_column vc_column_container vc_col-sm-4\"><div class=\"vc_column-inner\"><div class=\"wpb_wrapper\"><h3 style=\"text-align: left\" class=\"vc_custom_heading vc_do_custom_heading\" >Vedlikehold<\/h3>\n\t<div class=\"wpb_text_column wpb_content_element\" >\n\t\t<div class=\"wpb_wrapper\">\n\t\t\t<p>Skjortene er laget av 100%-bomull og kan derfor vaskes i maskin p\u00e5 opptil 30 grader. Vi anbefaler ogs\u00e5 \u00e5 dampe\/stryke kjolene p\u00e5 laveste temperatur for \u00e5 unng\u00e5 rynker og bretter.<\/p>\n\n\t\t<\/div>\n\t<\/div>\n<\/div><\/div><\/div><div class=\"wpb_column vc_column_container vc_col-sm-4\"><div class=\"vc_column-inner\"><div class=\"wpb_wrapper\"><h3 style=\"text-align: left\" class=\"vc_custom_heading vc_do_custom_heading\" >Historien bak<\/h3>\n\t<div class=\"wpb_text_column wpb_content_element\" >\n\t\t<div class=\"wpb_wrapper\">\n\t\t\t<p data-start=\"192\" data-end=\"371\">F\u00f8dt i hjertet av Marrakesh, hvor farger, h\u00e5ndverk og historie er vevd sammen i hver gate, <em data-start=\"288\" data-end=\"299\">chic2luxe<\/em> et merke med r\u00f8tter i tradisjon \u2013 og et \u00f8ye for frihet og stil. Virginie, som st\u00e5r bak dette merket, jobber tett med marokkanske skreddere som med stor kj\u00e6rlighet til h\u00e5ndverket sitt syr hver eneste kreasjon for h\u00e5nd. Med hensyn til milj\u00f8et er disse kreasjonene kun h\u00e5ndsydd i begrenset antall, og det finnes bare \u00e9n av hvert design. Ingen masseproduksjon.<\/p>\n<p data-start=\"373\" data-end=\"695\">Bak merket ligger en lidenskap for personlig mote med sjel: kl\u00e6r som forteller historier og skaper rom for b\u00e5de hverdagsglimt og dr\u00f8mmende \u00f8yeblikk.<br data-start=\"525\" data-end=\"528\" \/>Alle stilene er designet med respekt for komfort, letthet og det h\u00e5ndlagde utseendet \u2013 ofte med en leken vri som broderi, kontraster eller overraskende detaljer.<\/p>\n<p data-start=\"697\" data-end=\"875\">Kolleksjonene er laget i lette naturmaterialer, og hvert plagg b\u00e6rer et snev av Marrakeshs energi \u2013 der \u00f8rkenvind m\u00f8ter souk, og der tradisjon blir til noe nytt.<\/p>\n\n\t\t<\/div>\n\t<\/div>\n<\/div><\/div><\/div><\/div>\n<\/div>","protected":false},"excerpt":{"rendered":"<p data-start=\"343\" data-end=\"695\">Angel Tide er en dr\u00f8mmende hyllest til havets ro og luftens letthet.<br data-start=\"412\" data-end=\"415\" \/>Skjorten er laget av myk bomull i en vakker dyp sj\u00f8gr\u00f8nn\/turkis farge, og har et avslappet snitt med vide lange ermer og en \u00e5pen krage. P\u00e5 ryggen folder det seg ut to broderte vinger \u2013 sydd i et stoff som minner om akvarell, t\u00e5ke og sj\u00f8skum, med nyanser av hvitt, mint og flaskegr\u00f8nt.<\/p>\n<p data-start=\"697\" data-end=\"806\">En liten, brodert stjerne svever over vingene som en ledestjerne i t\u00e5ken \u2013 et symbol p\u00e5 h\u00e5p og retning.<\/p>\n<p data-start=\"808\" data-end=\"903\">Angel Tide er som en lett bris ved havet \u2013 perfekt for b\u00e5de by og strand, hverdagsliv og eventyr.<\/p>\n<p data-start=\"540\" data-end=\"618\">Skjorten er i st\u00f8rrelse Large, men er oversized, s\u00e5 den passer de fleste medium, large og extra large. Det finnes bare \u00e9n av denne skjorten, og den er derfor ikke tilgjengelig i flere forskjellige st\u00f8rrelser.<\/p>\n<p data-start=\"540\" data-end=\"618\">M\u00c5L: Ermelengde 50 cm (fra kragen) halsutringning 20 cm<\/p>\n<p data-start=\"540\" data-end=\"618\">Lengde (fra halsen) 57 cm foran og 62 cm bak | Bredde 72 cm<\/p>\n<p data-start=\"540\" data-end=\"618\">Modellen p\u00e5 bildet er st\u00f8rrelse S.<\/p>","protected":false},"featured_media":36910,"template":"","meta":{"inline_featured_image":false},"product_brand":[],"product_cat":[27,170,169],"product_tag":[],"class_list":{"0":"post-36866","1":"product","2":"type-product","3":"status-publish","4":"has-post-thumbnail","6":"product_cat-diverse","7":"product_cat-skjorter","8":"product_cat-toej","10":"first","11":"outofstock","12":"taxable","13":"shipping-taxable","14":"purchasable","15":"product-type-simple"},"exclude_global_add_ons":[],"addons":[],"yoast_head":"<!-- This site is optimized with the Yoast SEO plugin v27.4 - https:\/\/yoast.com\/product\/yoast-seo-wordpress\/ -->\n<title>H\u00e5ndlavet Marokkansk skjorte | Unika design | Tibladin |<\/title>\n<meta name=\"description\" content=\"Flotte h\u00e5ndsyede kjoler i 100% bomuld. Udviklet i samarbejde med dygtig designer og skr\u00e6dder i Marrakech. Unikke og farvestr\u00e5lende materialer.\" \/>\n<meta name=\"robots\" content=\"index, follow, max-snippet:-1, max-image-preview:large, max-video-preview:-1\" \/>\n<link rel=\"canonical\" href=\"https:\/\/tibladin.dk\/nb\/produkt\/skjorte-engel-tide-l\/\" \/>\n<meta property=\"og:locale\" content=\"nb_NO\" \/>\n<meta property=\"og:type\" content=\"article\" \/>\n<meta property=\"og:title\" content=\"H\u00e5ndlavet Marokkansk skjorte | Unika design | Tibladin |\" \/>\n<meta property=\"og:description\" content=\"Flotte h\u00e5ndsyede kjoler i 100% bomuld. Udviklet i samarbejde med dygtig designer og skr\u00e6dder i Marrakech. Unikke og farvestr\u00e5lende materialer.\" \/>\n<meta property=\"og:url\" content=\"https:\/\/tibladin.dk\/nb\/produkt\/skjorte-engel-tide-l\/\" \/>\n<meta property=\"og:site_name\" content=\"Tibladin\" \/>\n<meta property=\"article:modified_time\" content=\"2026-02-26T11:50:27+00:00\" \/>\n<meta property=\"og:image\" content=\"https:\/\/tibladin.dk\/wp-content\/uploads\/2025\/05\/Skjorte_ANGEL-TIDE_5.jpg\" \/>\n\t<meta property=\"og:image:width\" content=\"800\" \/>\n\t<meta property=\"og:image:height\" content=\"800\" \/>\n\t<meta property=\"og:image:type\" content=\"image\/jpeg\" \/>\n<meta name=\"twitter:card\" content=\"summary_large_image\" \/>\n<meta name=\"twitter:label1\" content=\"Ansl. lesetid\" \/>\n\t<meta name=\"twitter:data1\" content=\"2 minutter\" \/>\n<script type=\"application\/ld+json\" class=\"yoast-schema-graph\">{\"@context\":\"https:\\\/\\\/schema.org\",\"@graph\":[{\"@type\":\"WebPage\",\"@id\":\"https:\\\/\\\/tibladin.dk\\\/produkt\\\/skjorte-angel-tide-l\\\/\",\"url\":\"https:\\\/\\\/tibladin.dk\\\/produkt\\\/skjorte-angel-tide-l\\\/\",\"name\":\"H\u00e5ndlavet Marokkansk skjorte | Unika design | Tibladin |\",\"isPartOf\":{\"@id\":\"https:\\\/\\\/tibladin.dk\\\/#website\"},\"primaryImageOfPage\":{\"@id\":\"https:\\\/\\\/tibladin.dk\\\/produkt\\\/skjorte-angel-tide-l\\\/#primaryimage\"},\"image\":{\"@id\":\"https:\\\/\\\/tibladin.dk\\\/produkt\\\/skjorte-angel-tide-l\\\/#primaryimage\"},\"thumbnailUrl\":\"https:\\\/\\\/tibladin.dk\\\/wp-content\\\/uploads\\\/2025\\\/05\\\/Skjorte_ANGEL-TIDE_5.jpg\",\"datePublished\":\"2025-05-31T11:18:03+00:00\",\"dateModified\":\"2026-02-26T11:50:27+00:00\",\"description\":\"Flotte h\u00e5ndsyede kjoler i 100% bomuld. Udviklet i samarbejde med dygtig designer og skr\u00e6dder i Marrakech. Unikke og farvestr\u00e5lende materialer.\",\"breadcrumb\":{\"@id\":\"https:\\\/\\\/tibladin.dk\\\/produkt\\\/skjorte-angel-tide-l\\\/#breadcrumb\"},\"inLanguage\":\"nb-NO\",\"potentialAction\":[{\"@type\":\"ReadAction\",\"target\":[\"https:\\\/\\\/tibladin.dk\\\/produkt\\\/skjorte-angel-tide-l\\\/\"]}]},{\"@type\":\"ImageObject\",\"inLanguage\":\"nb-NO\",\"@id\":\"https:\\\/\\\/tibladin.dk\\\/produkt\\\/skjorte-angel-tide-l\\\/#primaryimage\",\"url\":\"https:\\\/\\\/tibladin.dk\\\/wp-content\\\/uploads\\\/2025\\\/05\\\/Skjorte_ANGEL-TIDE_5.jpg\",\"contentUrl\":\"https:\\\/\\\/tibladin.dk\\\/wp-content\\\/uploads\\\/2025\\\/05\\\/Skjorte_ANGEL-TIDE_5.jpg\",\"width\":800,\"height\":800,\"caption\":\"Skjorte ANGEL TIDE_ turkis bl\u00e5 skjorte med p\u00e5syede englevinger p\u00e5 ryggen\"},{\"@type\":\"BreadcrumbList\",\"@id\":\"https:\\\/\\\/tibladin.dk\\\/produkt\\\/skjorte-angel-tide-l\\\/#breadcrumb\",\"itemListElement\":[{\"@type\":\"ListItem\",\"position\":1,\"name\":\"Hjem\",\"item\":\"https:\\\/\\\/tibladin.dk\\\/\"},{\"@type\":\"ListItem\",\"position\":2,\"name\":\"Shop\",\"item\":\"https:\\\/\\\/tibladin.dk\\\/shop\\\/\"},{\"@type\":\"ListItem\",\"position\":3,\"name\":\"Skjorte ANGEL-TIDE-L\"}]},{\"@type\":\"WebSite\",\"@id\":\"https:\\\/\\\/tibladin.dk\\\/#website\",\"url\":\"https:\\\/\\\/tibladin.dk\\\/\",\"name\":\"Tibladin\",\"description\":\"Tibladin\",\"publisher\":{\"@id\":\"https:\\\/\\\/tibladin.dk\\\/#organization\"},\"potentialAction\":[{\"@type\":\"SearchAction\",\"target\":{\"@type\":\"EntryPoint\",\"urlTemplate\":\"https:\\\/\\\/tibladin.dk\\\/?s={search_term_string}\"},\"query-input\":{\"@type\":\"PropertyValueSpecification\",\"valueRequired\":true,\"valueName\":\"search_term_string\"}}],\"inLanguage\":\"nb-NO\"},{\"@type\":\"Organization\",\"@id\":\"https:\\\/\\\/tibladin.dk\\\/#organization\",\"name\":\"Tibladin\",\"url\":\"https:\\\/\\\/tibladin.dk\\\/\",\"logo\":{\"@type\":\"ImageObject\",\"inLanguage\":\"nb-NO\",\"@id\":\"https:\\\/\\\/tibladin.dk\\\/#\\\/schema\\\/logo\\\/image\\\/\",\"url\":\"https:\\\/\\\/tibladin.dk\\\/wp-content\\\/uploads\\\/2022\\\/09\\\/tibladin_logo.svg\",\"contentUrl\":\"https:\\\/\\\/tibladin.dk\\\/wp-content\\\/uploads\\\/2022\\\/09\\\/tibladin_logo.svg\",\"caption\":\"Tibladin\"},\"image\":{\"@id\":\"https:\\\/\\\/tibladin.dk\\\/#\\\/schema\\\/logo\\\/image\\\/\"}}]}<\/script>\n<!-- \/ Yoast SEO plugin. -->","yoast_head_json":{"title":"H\u00e5ndlaget marokkansk skjorte | Unikt design | Tibladin |","description":"Vakre h\u00e5ndsydde kjoler i 100% bomull. Utviklet i samarbeid med en dyktig designer og skredder i Marrakech. Unike og fargerike materialer.","robots":{"index":"index","follow":"follow","max-snippet":"max-snippet:-1","max-image-preview":"max-image-preview:large","max-video-preview":"max-video-preview:-1"},"canonical":"https:\/\/tibladin.dk\/nb\/produkt\/skjorte-engel-tide-l\/","og_locale":"nb_NO","og_type":"article","og_title":"H\u00e5ndlavet Marokkansk skjorte | Unika design | Tibladin |","og_description":"Flotte h\u00e5ndsyede kjoler i 100% bomuld. Udviklet i samarbejde med dygtig designer og skr\u00e6dder i Marrakech. Unikke og farvestr\u00e5lende materialer.","og_url":"https:\/\/tibladin.dk\/nb\/produkt\/skjorte-engel-tide-l\/","og_site_name":"Tibladin","article_modified_time":"2026-02-26T11:50:27+00:00","og_image":[{"width":800,"height":800,"url":"https:\/\/tibladin.dk\/wp-content\/uploads\/2025\/05\/Skjorte_ANGEL-TIDE_5.jpg","type":"image\/jpeg"}],"twitter_card":"summary_large_image","twitter_misc":{"Ansl. lesetid":"2 minutter"},"schema":{"@context":"https:\/\/schema.org","@graph":[{"@type":"WebPage","@id":"https:\/\/tibladin.dk\/produkt\/skjorte-angel-tide-l\/","url":"https:\/\/tibladin.dk\/produkt\/skjorte-angel-tide-l\/","name":"H\u00e5ndlaget marokkansk skjorte | Unikt design | Tibladin |","isPartOf":{"@id":"https:\/\/tibladin.dk\/#website"},"primaryImageOfPage":{"@id":"https:\/\/tibladin.dk\/produkt\/skjorte-angel-tide-l\/#primaryimage"},"image":{"@id":"https:\/\/tibladin.dk\/produkt\/skjorte-angel-tide-l\/#primaryimage"},"thumbnailUrl":"https:\/\/tibladin.dk\/wp-content\/uploads\/2025\/05\/Skjorte_ANGEL-TIDE_5.jpg","datePublished":"2025-05-31T11:18:03+00:00","dateModified":"2026-02-26T11:50:27+00:00","description":"Vakre h\u00e5ndsydde kjoler i 100% bomull. Utviklet i samarbeid med en dyktig designer og skredder i Marrakech. Unike og fargerike materialer.","breadcrumb":{"@id":"https:\/\/tibladin.dk\/produkt\/skjorte-angel-tide-l\/#breadcrumb"},"inLanguage":"nb-NO","potentialAction":[{"@type":"ReadAction","target":["https:\/\/tibladin.dk\/produkt\/skjorte-angel-tide-l\/"]}]},{"@type":"ImageObject","inLanguage":"nb-NO","@id":"https:\/\/tibladin.dk\/produkt\/skjorte-angel-tide-l\/#primaryimage","url":"https:\/\/tibladin.dk\/wp-content\/uploads\/2025\/05\/Skjorte_ANGEL-TIDE_5.jpg","contentUrl":"https:\/\/tibladin.dk\/wp-content\/uploads\/2025\/05\/Skjorte_ANGEL-TIDE_5.jpg","width":800,"height":800,"caption":"Skjorte ANGEL TIDE_ turkis bl\u00e5 skjorte med p\u00e5syede englevinger p\u00e5 ryggen"},{"@type":"BreadcrumbList","@id":"https:\/\/tibladin.dk\/produkt\/skjorte-angel-tide-l\/#breadcrumb","itemListElement":[{"@type":"ListItem","position":1,"name":"Hjem","item":"https:\/\/tibladin.dk\/"},{"@type":"ListItem","position":2,"name":"Shop","item":"https:\/\/tibladin.dk\/shop\/"},{"@type":"ListItem","position":3,"name":"Skjorte ANGEL-TIDE-L"}]},{"@type":"WebSite","@id":"https:\/\/tibladin.dk\/#website","url":"https:\/\/tibladin.dk\/","name":"Tibladin","description":"Tibladin","publisher":{"@id":"https:\/\/tibladin.dk\/#organization"},"potentialAction":[{"@type":"SearchAction","target":{"@type":"EntryPoint","urlTemplate":"https:\/\/tibladin.dk\/?s={search_term_string}"},"query-input":{"@type":"PropertyValueSpecification","valueRequired":true,"valueName":"search_term_string"}}],"inLanguage":"nb-NO"},{"@type":"Organization","@id":"https:\/\/tibladin.dk\/#organization","name":"Tibladin","url":"https:\/\/tibladin.dk\/","logo":{"@type":"ImageObject","inLanguage":"nb-NO","@id":"https:\/\/tibladin.dk\/#\/schema\/logo\/image\/","url":"https:\/\/tibladin.dk\/wp-content\/uploads\/2022\/09\/tibladin_logo.svg","contentUrl":"https:\/\/tibladin.dk\/wp-content\/uploads\/2022\/09\/tibladin_logo.svg","caption":"Tibladin"},"image":{"@id":"https:\/\/tibladin.dk\/#\/schema\/logo\/image\/"}}]}},"_links":{"self":[{"href":"https:\/\/tibladin.dk\/nb\/wp-json\/wp\/v2\/product\/36866","targetHints":{"allow":["GET"]}}],"collection":[{"href":"https:\/\/tibladin.dk\/nb\/wp-json\/wp\/v2\/product"}],"about":[{"href":"https:\/\/tibladin.dk\/nb\/wp-json\/wp\/v2\/types\/product"}],"wp:featuredmedia":[{"embeddable":true,"href":"https:\/\/tibladin.dk\/nb\/wp-json\/wp\/v2\/media\/36910"}],"wp:attachment":[{"href":"https:\/\/tibladin.dk\/nb\/wp-json\/wp\/v2\/media?parent=36866"}],"wp:term":[{"taxonomy":"product_brand","embeddable":true,"href":"https:\/\/tibladin.dk\/nb\/wp-json\/wp\/v2\/product_brand?post=36866"},{"taxonomy":"product_cat","embeddable":true,"href":"https:\/\/tibladin.dk\/nb\/wp-json\/wp\/v2\/product_cat?post=36866"},{"taxonomy":"product_tag","embeddable":true,"href":"https:\/\/tibladin.dk\/nb\/wp-json\/wp\/v2\/product_tag?post=36866"}],"curies":[{"name":"wp","href":"https:\/\/api.w.org\/{rel}","templated":true}]}}