{"id":38077,"date":"2025-07-07T10:16:58","date_gmt":"2025-07-07T08:16:58","guid":{"rendered":"https:\/\/tibladin.dk\/?post_type=product&#038;p=38077"},"modified":"2026-03-10T11:53:22","modified_gmt":"2026-03-10T10:53:22","slug":"beldi-glass-brunt-6-stk","status":"publish","type":"product","link":"https:\/\/tibladin.dk\/nb\/produkt\/beldi-glas-brun-6-stk\/","title":{"rendered":"Beldi glass brunt \u2013 6 stk."},"content":{"rendered":"<div class=\"wpb-content-wrapper\"><div class=\"vc_row wpb_row vc_row-fluid\"><div class=\"wpb_column vc_column_container vc_col-sm-4\"><div class=\"vc_column-inner\"><div class=\"wpb_wrapper\">\n\t<div class=\"wpb_video_widget wpb_content_element vc_clearfix   vc_video-aspect-ratio-43 vc_video-el-width-100 vc_video-align-left\" >\n\t\t<div class=\"wpb_wrapper\">\n\t\t\t\n\t\t\t<div class=\"wpb_video_wrapper\"><div class=\"video-container\"><iframe loading=\"lazy\" title=\"Beldi_glass og mugge_gjennomsiktig\" src=\"https:\/\/player.vimeo.com\/video\/456161325?dnt=1&amp;app_id=122963\" width=\"174\" height=\"310\" frameborder=\"0\" allow=\"autoplay; fullscreen; picture-in-picture\"><\/iframe><\/div><\/div>\n\t\t<\/div>\n\t<\/div>\n<\/div><\/div><\/div><div class=\"wpb_column vc_column_container vc_col-sm-4\"><div class=\"vc_column-inner\"><div class=\"wpb_wrapper\"><h3 style=\"text-align: left\" class=\"vc_custom_heading vc_do_custom_heading\" >Vedlikehold<\/h3>\n\t<div class=\"wpb_text_column wpb_content_element\" >\n\t\t<div class=\"wpb_wrapper\">\n\t\t\t<p>Kan vaskes med mildt s\u00e5pevann \u2013 t\u00e5ler ogs\u00e5 oppvaskmaskin.<\/p>\n<p>Beldi-glass er munnbl\u00e5ste, og det kan v\u00e6re variasjoner i glassene b\u00e5de i farge og form.<\/p>\n\n\t\t<\/div>\n\t<\/div>\n<\/div><\/div><\/div><div class=\"wpb_column vc_column_container vc_col-sm-4\"><div class=\"vc_column-inner\"><div class=\"wpb_wrapper\"><h3 style=\"text-align: left\" class=\"vc_custom_heading vc_do_custom_heading\" >Historien bak<\/h3>\n\t<div class=\"wpb_text_column wpb_content_element\" >\n\t\t<div class=\"wpb_wrapper\">\n\t\t\t<p>Beldi-glass fra Marrakech. Alt laget av resirkulert glass som varmes opp, munnbl\u00e5ses og formes, og til slutt gradvis behandles i en kj\u00f8leovn. Glasset g\u00e5r gjennom en kompleks h\u00e5ndverksprosess og formes til elegante design.<\/p>\n<p>Til tross for glassenes eleganse, er de ekstremt slitesterke og kan brukes i alle hverdagssituasjoner. De t\u00e5ler oppvaskmaskin og t\u00e5ler til og med moderate temperaturer i ovnen. Den gr\u00f8nne refleksjonen kommer fra det resirkulerte glasset.<\/p>\n<p>St\u00f8rrelse:<\/p>\n<p>15 cl. = H: 9 cm., diameter 5 cm.<\/p>\n<p>18 cl. = H: 11 cm., diameter 6 cm.<\/p>\n<p>22 cl. = H: 12 cm., diameter 6 cm.<\/p>\n<p>30 cl. = H: 13 cm., diameter 7 cm.<\/p>\n\n\t\t<\/div>\n\t<\/div>\n<\/div><\/div><\/div><\/div>\n<\/div>","protected":false},"excerpt":{"rendered":"<p>Vakre h\u00e5ndbl\u00e5ste Beldi-glass i brunt laget utelukkende av resirkulert glass.<\/p>\n<p>Fargen er en vakker, varm og lys brunnyanse som veksler mellom brun, gul og gr\u00f8nn.<\/p>\n<p>Beldi-glassene i brunt er tilgjengelige i 3 forskjellige st\u00f8rrelser S: 18 cl., M: 22 cl. og L: 30 cl.<\/p>\n<p>Kan brukes til kaffe, te, vann og diverse brus.<\/p>\n<p>Det finnes en kanne i samme serie.<\/p>\n<p>T\u00e5ler \u00e5 bli satt i oppvaskmaskinen.<\/p>\n<p>Prisen er for en pakke med 6 stk.<\/p>","protected":false},"featured_media":38051,"template":"","meta":{"inline_featured_image":false},"product_brand":[],"product_cat":[34,33,126],"product_tag":[],"class_list":{"0":"post-38077","1":"product","2":"type-product","3":"status-publish","4":"has-post-thumbnail","6":"product_cat-beldiglas","7":"product_cat-borddaekning","8":"product_cat-glas","10":"first","11":"instock","12":"taxable","13":"shipping-taxable","14":"purchasable","15":"product-type-variable"},"exclude_global_add_ons":false,"addons":[{"name":"\u00d8nsker du gaveinnpakning?","type":"checkbox","position":0,"required":false,"title_format":"label","default":"","description_enable":false,"description":"","placeholder_enable":false,"placeholder":"","display":"images","restrictions_type":"any_text","adjust_price":false,"price":"","price_type":"flat_fee","restrictions":false,"min":"0","max":"0","options":[{"label":"Ja tak","price":"10","price_type":"flat_fee","image":11015,"visibility":true}],"id":1669646111}],"yoast_head":"<!-- This site is optimized with the Yoast SEO plugin v27.4 - https:\/\/yoast.com\/product\/yoast-seo-wordpress\/ -->\n<title>Beldi glas brun | Mundbl\u00e6ste af genbrugsglas | Tibladin<\/title>\n<meta name=\"description\" content=\"Beldi glas i brun, genbrugsglas. Changererer lidt i farven. Mundbl\u00e6ste efter gammel marokkansk tradition. F\u00e5s i 3 st\u00f8rrelser.\" \/>\n<meta name=\"robots\" content=\"index, follow, max-snippet:-1, max-image-preview:large, max-video-preview:-1\" \/>\n<link rel=\"canonical\" href=\"https:\/\/tibladin.dk\/nb\/produkt\/beldi-glass-brunt-6-stk\/\" \/>\n<meta property=\"og:locale\" content=\"nb_NO\" \/>\n<meta property=\"og:type\" content=\"article\" \/>\n<meta property=\"og:title\" content=\"Beldi glas brun | Mundbl\u00e6ste af genbrugsglas | Tibladin\" \/>\n<meta property=\"og:description\" content=\"Beldi glas i brun, genbrugsglas. Changererer lidt i farven. Mundbl\u00e6ste efter gammel marokkansk tradition. F\u00e5s i 3 st\u00f8rrelser.\" \/>\n<meta property=\"og:url\" content=\"https:\/\/tibladin.dk\/nb\/produkt\/beldi-glass-brunt-6-stk\/\" \/>\n<meta property=\"og:site_name\" content=\"Tibladin\" \/>\n<meta property=\"article:modified_time\" content=\"2026-03-10T10:53:22+00:00\" \/>\n<meta property=\"og:image\" content=\"https:\/\/tibladin.dk\/wp-content\/uploads\/2025\/07\/Photoroom_20250704_145222.jpg\" \/>\n\t<meta property=\"og:image:width\" content=\"800\" \/>\n\t<meta property=\"og:image:height\" content=\"800\" \/>\n\t<meta property=\"og:image:type\" content=\"image\/jpeg\" \/>\n<meta name=\"twitter:card\" content=\"summary_large_image\" \/>\n<meta name=\"twitter:label1\" content=\"Ansl. lesetid\" \/>\n\t<meta name=\"twitter:data1\" content=\"2 minutter\" \/>\n<script type=\"application\/ld+json\" class=\"yoast-schema-graph\">{\"@context\":\"https:\\\/\\\/schema.org\",\"@graph\":[{\"@type\":\"WebPage\",\"@id\":\"https:\\\/\\\/tibladin.dk\\\/produkt\\\/beldi-glas-brun-6-stk\\\/\",\"url\":\"https:\\\/\\\/tibladin.dk\\\/produkt\\\/beldi-glas-brun-6-stk\\\/\",\"name\":\"Beldi glas brun | Mundbl\u00e6ste af genbrugsglas | Tibladin\",\"isPartOf\":{\"@id\":\"https:\\\/\\\/tibladin.dk\\\/#website\"},\"primaryImageOfPage\":{\"@id\":\"https:\\\/\\\/tibladin.dk\\\/produkt\\\/beldi-glas-brun-6-stk\\\/#primaryimage\"},\"image\":{\"@id\":\"https:\\\/\\\/tibladin.dk\\\/produkt\\\/beldi-glas-brun-6-stk\\\/#primaryimage\"},\"thumbnailUrl\":\"https:\\\/\\\/tibladin.dk\\\/wp-content\\\/uploads\\\/2025\\\/07\\\/Photoroom_20250704_145222.jpg\",\"datePublished\":\"2025-07-07T08:16:58+00:00\",\"dateModified\":\"2026-03-10T10:53:22+00:00\",\"description\":\"Beldi glas i brun, genbrugsglas. Changererer lidt i farven. Mundbl\u00e6ste efter gammel marokkansk tradition. F\u00e5s i 3 st\u00f8rrelser.\",\"breadcrumb\":{\"@id\":\"https:\\\/\\\/tibladin.dk\\\/produkt\\\/beldi-glas-brun-6-stk\\\/#breadcrumb\"},\"inLanguage\":\"nb-NO\",\"potentialAction\":[{\"@type\":\"ReadAction\",\"target\":[\"https:\\\/\\\/tibladin.dk\\\/produkt\\\/beldi-glas-brun-6-stk\\\/\"]}]},{\"@type\":\"ImageObject\",\"inLanguage\":\"nb-NO\",\"@id\":\"https:\\\/\\\/tibladin.dk\\\/produkt\\\/beldi-glas-brun-6-stk\\\/#primaryimage\",\"url\":\"https:\\\/\\\/tibladin.dk\\\/wp-content\\\/uploads\\\/2025\\\/07\\\/Photoroom_20250704_145222.jpg\",\"contentUrl\":\"https:\\\/\\\/tibladin.dk\\\/wp-content\\\/uploads\\\/2025\\\/07\\\/Photoroom_20250704_145222.jpg\",\"width\":800,\"height\":800,\"caption\":\"Beldi glas brun 3 str.\"},{\"@type\":\"BreadcrumbList\",\"@id\":\"https:\\\/\\\/tibladin.dk\\\/produkt\\\/beldi-glas-brun-6-stk\\\/#breadcrumb\",\"itemListElement\":[{\"@type\":\"ListItem\",\"position\":1,\"name\":\"Hjem\",\"item\":\"https:\\\/\\\/tibladin.dk\\\/\"},{\"@type\":\"ListItem\",\"position\":2,\"name\":\"Shop\",\"item\":\"https:\\\/\\\/tibladin.dk\\\/shop\\\/\"},{\"@type\":\"ListItem\",\"position\":3,\"name\":\"Beldi glas brun &#8211; 6 stk.\"}]},{\"@type\":\"WebSite\",\"@id\":\"https:\\\/\\\/tibladin.dk\\\/#website\",\"url\":\"https:\\\/\\\/tibladin.dk\\\/\",\"name\":\"Tibladin\",\"description\":\"Tibladin\",\"publisher\":{\"@id\":\"https:\\\/\\\/tibladin.dk\\\/#organization\"},\"potentialAction\":[{\"@type\":\"SearchAction\",\"target\":{\"@type\":\"EntryPoint\",\"urlTemplate\":\"https:\\\/\\\/tibladin.dk\\\/?s={search_term_string}\"},\"query-input\":{\"@type\":\"PropertyValueSpecification\",\"valueRequired\":true,\"valueName\":\"search_term_string\"}}],\"inLanguage\":\"nb-NO\"},{\"@type\":\"Organization\",\"@id\":\"https:\\\/\\\/tibladin.dk\\\/#organization\",\"name\":\"Tibladin\",\"url\":\"https:\\\/\\\/tibladin.dk\\\/\",\"logo\":{\"@type\":\"ImageObject\",\"inLanguage\":\"nb-NO\",\"@id\":\"https:\\\/\\\/tibladin.dk\\\/#\\\/schema\\\/logo\\\/image\\\/\",\"url\":\"https:\\\/\\\/tibladin.dk\\\/wp-content\\\/uploads\\\/2022\\\/09\\\/tibladin_logo.svg\",\"contentUrl\":\"https:\\\/\\\/tibladin.dk\\\/wp-content\\\/uploads\\\/2022\\\/09\\\/tibladin_logo.svg\",\"caption\":\"Tibladin\"},\"image\":{\"@id\":\"https:\\\/\\\/tibladin.dk\\\/#\\\/schema\\\/logo\\\/image\\\/\"}}]}<\/script>\n<!-- \/ Yoast SEO plugin. -->","yoast_head_json":{"title":"Beldi glass brunt | Munnbl\u00e5st av resirkulert glass | Tibladin","description":"Beldi-glass i brunt, resirkulert glass. Endrer seg litt i farge. Munnbl\u00e5st etter gammel marokkansk tradisjon. Tilgjengelig i 3 st\u00f8rrelser.","robots":{"index":"index","follow":"follow","max-snippet":"max-snippet:-1","max-image-preview":"max-image-preview:large","max-video-preview":"max-video-preview:-1"},"canonical":"https:\/\/tibladin.dk\/nb\/produkt\/beldi-glass-brunt-6-stk\/","og_locale":"nb_NO","og_type":"article","og_title":"Beldi glas brun | Mundbl\u00e6ste af genbrugsglas | Tibladin","og_description":"Beldi glas i brun, genbrugsglas. Changererer lidt i farven. Mundbl\u00e6ste efter gammel marokkansk tradition. F\u00e5s i 3 st\u00f8rrelser.","og_url":"https:\/\/tibladin.dk\/nb\/produkt\/beldi-glass-brunt-6-stk\/","og_site_name":"Tibladin","article_modified_time":"2026-03-10T10:53:22+00:00","og_image":[{"width":800,"height":800,"url":"https:\/\/tibladin.dk\/wp-content\/uploads\/2025\/07\/Photoroom_20250704_145222.jpg","type":"image\/jpeg"}],"twitter_card":"summary_large_image","twitter_misc":{"Ansl. lesetid":"2 minutter"},"schema":{"@context":"https:\/\/schema.org","@graph":[{"@type":"WebPage","@id":"https:\/\/tibladin.dk\/produkt\/beldi-glas-brun-6-stk\/","url":"https:\/\/tibladin.dk\/produkt\/beldi-glas-brun-6-stk\/","name":"Beldi glass brunt | Munnbl\u00e5st av resirkulert glass | Tibladin","isPartOf":{"@id":"https:\/\/tibladin.dk\/#website"},"primaryImageOfPage":{"@id":"https:\/\/tibladin.dk\/produkt\/beldi-glas-brun-6-stk\/#primaryimage"},"image":{"@id":"https:\/\/tibladin.dk\/produkt\/beldi-glas-brun-6-stk\/#primaryimage"},"thumbnailUrl":"https:\/\/tibladin.dk\/wp-content\/uploads\/2025\/07\/Photoroom_20250704_145222.jpg","datePublished":"2025-07-07T08:16:58+00:00","dateModified":"2026-03-10T10:53:22+00:00","description":"Beldi-glass i brunt, resirkulert glass. Endrer seg litt i farge. Munnbl\u00e5st etter gammel marokkansk tradisjon. Tilgjengelig i 3 st\u00f8rrelser.","breadcrumb":{"@id":"https:\/\/tibladin.dk\/produkt\/beldi-glas-brun-6-stk\/#breadcrumb"},"inLanguage":"nb-NO","potentialAction":[{"@type":"ReadAction","target":["https:\/\/tibladin.dk\/produkt\/beldi-glas-brun-6-stk\/"]}]},{"@type":"ImageObject","inLanguage":"nb-NO","@id":"https:\/\/tibladin.dk\/produkt\/beldi-glas-brun-6-stk\/#primaryimage","url":"https:\/\/tibladin.dk\/wp-content\/uploads\/2025\/07\/Photoroom_20250704_145222.jpg","contentUrl":"https:\/\/tibladin.dk\/wp-content\/uploads\/2025\/07\/Photoroom_20250704_145222.jpg","width":800,"height":800,"caption":"Beldi glas brun 3 str."},{"@type":"BreadcrumbList","@id":"https:\/\/tibladin.dk\/produkt\/beldi-glas-brun-6-stk\/#breadcrumb","itemListElement":[{"@type":"ListItem","position":1,"name":"Hjem","item":"https:\/\/tibladin.dk\/"},{"@type":"ListItem","position":2,"name":"Shop","item":"https:\/\/tibladin.dk\/shop\/"},{"@type":"ListItem","position":3,"name":"Beldi glas brun &#8211; 6 stk."}]},{"@type":"WebSite","@id":"https:\/\/tibladin.dk\/#website","url":"https:\/\/tibladin.dk\/","name":"Tibladin","description":"Tibladin","publisher":{"@id":"https:\/\/tibladin.dk\/#organization"},"potentialAction":[{"@type":"SearchAction","target":{"@type":"EntryPoint","urlTemplate":"https:\/\/tibladin.dk\/?s={search_term_string}"},"query-input":{"@type":"PropertyValueSpecification","valueRequired":true,"valueName":"search_term_string"}}],"inLanguage":"nb-NO"},{"@type":"Organization","@id":"https:\/\/tibladin.dk\/#organization","name":"Tibladin","url":"https:\/\/tibladin.dk\/","logo":{"@type":"ImageObject","inLanguage":"nb-NO","@id":"https:\/\/tibladin.dk\/#\/schema\/logo\/image\/","url":"https:\/\/tibladin.dk\/wp-content\/uploads\/2022\/09\/tibladin_logo.svg","contentUrl":"https:\/\/tibladin.dk\/wp-content\/uploads\/2022\/09\/tibladin_logo.svg","caption":"Tibladin"},"image":{"@id":"https:\/\/tibladin.dk\/#\/schema\/logo\/image\/"}}]}},"_links":{"self":[{"href":"https:\/\/tibladin.dk\/nb\/wp-json\/wp\/v2\/product\/38077","targetHints":{"allow":["GET"]}}],"collection":[{"href":"https:\/\/tibladin.dk\/nb\/wp-json\/wp\/v2\/product"}],"about":[{"href":"https:\/\/tibladin.dk\/nb\/wp-json\/wp\/v2\/types\/product"}],"wp:featuredmedia":[{"embeddable":true,"href":"https:\/\/tibladin.dk\/nb\/wp-json\/wp\/v2\/media\/38051"}],"wp:attachment":[{"href":"https:\/\/tibladin.dk\/nb\/wp-json\/wp\/v2\/media?parent=38077"}],"wp:term":[{"taxonomy":"product_brand","embeddable":true,"href":"https:\/\/tibladin.dk\/nb\/wp-json\/wp\/v2\/product_brand?post=38077"},{"taxonomy":"product_cat","embeddable":true,"href":"https:\/\/tibladin.dk\/nb\/wp-json\/wp\/v2\/product_cat?post=38077"},{"taxonomy":"product_tag","embeddable":true,"href":"https:\/\/tibladin.dk\/nb\/wp-json\/wp\/v2\/product_tag?post=38077"}],"curies":[{"name":"wp","href":"https:\/\/api.w.org\/{rel}","templated":true}]}}