{"id":38122,"date":"2025-07-07T11:01:57","date_gmt":"2025-07-07T09:01:57","guid":{"rendered":"https:\/\/tibladin.dk\/?post_type=product&#038;p=38122"},"modified":"2025-07-16T12:39:51","modified_gmt":"2025-07-16T10:39:51","slug":"stor-shopper-moerkegroenn","status":"publish","type":"product","link":"https:\/\/tibladin.dk\/nb\/produkt\/stor-shopper-moerkegroen\/","title":{"rendered":"Stor shoppingveske \u2013 m\u00f8rkegr\u00f8nn"},"content":{"rendered":"<div class=\"wpb-content-wrapper\"><div class=\"vc_row wpb_row vc_row-fluid\"><div class=\"wpb_column vc_column_container vc_col-sm-4\"><div class=\"vc_column-inner\"><div class=\"wpb_wrapper\">\n\t<div class=\"wpb_video_widget wpb_content_element vc_clearfix   vc_video-aspect-ratio-169 vc_video-el-width-100 vc_video-align-left\" >\n\t\t<div class=\"wpb_wrapper\">\n\t\t\t\n\t\t\t<div class=\"wpb_video_wrapper\"><div class=\"video-container\"><iframe loading=\"lazy\" title=\"IMG_4029.mov\" src=\"https:\/\/player.vimeo.com\/video\/467334618?dnt=1&amp;app_id=122963\" width=\"174\" height=\"310\" frameborder=\"0\" allow=\"autoplay; fullscreen; picture-in-picture\"><\/iframe><\/div><\/div>\n\t\t<\/div>\n\t<\/div>\n<\/div><\/div><\/div><div class=\"wpb_column vc_column_container vc_col-sm-4\"><div class=\"vc_column-inner\"><div class=\"wpb_wrapper\"><h3 style=\"text-align: left\" class=\"vc_custom_heading vc_do_custom_heading\" >Vedlikehold<\/h3>\n\t<div class=\"wpb_text_column wpb_content_element\" >\n\t\t<div class=\"wpb_wrapper\">\n\t\t\t<p>Rens.<\/p>\n<p>L\u00e6ret kan gis l\u00e6rfett.<\/p>\n\n\t\t<\/div>\n\t<\/div>\n<\/div><\/div><\/div><div class=\"wpb_column vc_column_container vc_col-sm-4\"><div class=\"vc_column-inner\"><div class=\"wpb_wrapper\"><h3 style=\"text-align: left\" class=\"vc_custom_heading vc_do_custom_heading\" >Historien bak<\/h3>\n\t<div class=\"wpb_text_column wpb_content_element\" >\n\t\t<div class=\"wpb_wrapper\">\n\t\t\t<p>Det finnes ikke noe bedre enn \u00e5 b\u00e6re noe unikt! Remmer, kanter og lomme i vakkert brunt kvalitetsskinn. Inni vesken er det en liten lomme som kan lukkes med glidel\u00e5s. Selve vesken er \u00e5pen med god plass.<\/p>\n<p>Virkelig vakkert h\u00e5ndarbeid<\/p>\n\n\t\t<\/div>\n\t<\/div>\n<\/div><\/div><\/div><\/div>\n<\/div>","protected":false},"excerpt":{"rendered":"<p>Stor h\u00e5ndlaget marokkansk shopper. Brunt ekte skinn i en herlig kvalitet og h\u00e5ndvevd i bomull med et silke\/skinnende utseende. Vesken er f\u00f4ret innvendig og har en praktisk lomme med glidel\u00e5s.<\/p>\n<p>Lengde: ca. 45 cm. bredde: ca. 24 cm. dybde: ca. 35 cm.<\/p>\n<p>Perfekt som weekendveske, til handletur, jobb-\/skoleveske og mye mer.<\/p>","protected":false},"featured_media":38102,"template":"","meta":{"inline_featured_image":false},"product_brand":[],"product_cat":[27,31],"product_tag":[],"class_list":{"0":"post-38122","1":"product","2":"type-product","3":"status-publish","4":"has-post-thumbnail","6":"product_cat-diverse","7":"product_cat-tasker","9":"first","10":"instock","11":"taxable","12":"shipping-taxable","13":"purchasable","14":"product-type-simple"},"exclude_global_add_ons":false,"addons":[{"name":"\u00d8nsker du gaveinnpakning?","type":"checkbox","position":0,"required":false,"title_format":"label","default":"","description_enable":false,"description":"","placeholder_enable":false,"placeholder":"","display":"images","restrictions_type":"any_text","adjust_price":false,"price":"","price_type":"flat_fee","restrictions":false,"min":"0","max":"0","options":[{"label":"Ja tak","price":"10","price_type":"flat_fee","image":11015,"visibility":true}],"id":1669646111}],"yoast_head":"<!-- This site is optimized with the Yoast SEO plugin v27.4 - https:\/\/yoast.com\/product\/yoast-seo-wordpress\/ -->\n<title>Stor shopper i m\u00f8rkegr\u00f8n og brunt l\u00e6der. - Tibladin<\/title>\n<meta name=\"description\" content=\"Smuk og stor shopper. I en l\u00e6kker m\u00f8rkegr\u00f8n farve med brune l\u00e6der detaljer. Indvendigt er der foer og en lomme med lynl\u00e5s.\" \/>\n<meta name=\"robots\" content=\"index, follow, max-snippet:-1, max-image-preview:large, max-video-preview:-1\" \/>\n<link rel=\"canonical\" href=\"https:\/\/tibladin.dk\/nb\/produkt\/stor-shopper-moerkegroenn\/\" \/>\n<meta property=\"og:locale\" content=\"nb_NO\" \/>\n<meta property=\"og:type\" content=\"article\" \/>\n<meta property=\"og:title\" content=\"Stor shopper i m\u00f8rkegr\u00f8n og brunt l\u00e6der. - Tibladin\" \/>\n<meta property=\"og:description\" content=\"Smuk og stor shopper. I en l\u00e6kker m\u00f8rkegr\u00f8n farve med brune l\u00e6der detaljer. Indvendigt er der foer og en lomme med lynl\u00e5s.\" \/>\n<meta property=\"og:url\" content=\"https:\/\/tibladin.dk\/nb\/produkt\/stor-shopper-moerkegroenn\/\" \/>\n<meta property=\"og:site_name\" content=\"Tibladin\" \/>\n<meta property=\"article:modified_time\" content=\"2025-07-16T10:39:51+00:00\" \/>\n<meta property=\"og:image\" content=\"https:\/\/tibladin.dk\/wp-content\/uploads\/2025\/07\/stor-shopper_moerkegroen_1.jpg\" \/>\n\t<meta property=\"og:image:width\" content=\"800\" \/>\n\t<meta property=\"og:image:height\" content=\"800\" \/>\n\t<meta property=\"og:image:type\" content=\"image\/jpeg\" \/>\n<meta name=\"twitter:card\" content=\"summary_large_image\" \/>\n<meta name=\"twitter:label1\" content=\"Ansl. lesetid\" \/>\n\t<meta name=\"twitter:data1\" content=\"1 minutt\" \/>\n<script type=\"application\/ld+json\" class=\"yoast-schema-graph\">{\"@context\":\"https:\\\/\\\/schema.org\",\"@graph\":[{\"@type\":\"WebPage\",\"@id\":\"https:\\\/\\\/tibladin.dk\\\/produkt\\\/stor-shopper-moerkegroen\\\/\",\"url\":\"https:\\\/\\\/tibladin.dk\\\/produkt\\\/stor-shopper-moerkegroen\\\/\",\"name\":\"Stor shopper i m\u00f8rkegr\u00f8n og brunt l\u00e6der. - Tibladin\",\"isPartOf\":{\"@id\":\"https:\\\/\\\/tibladin.dk\\\/#website\"},\"primaryImageOfPage\":{\"@id\":\"https:\\\/\\\/tibladin.dk\\\/produkt\\\/stor-shopper-moerkegroen\\\/#primaryimage\"},\"image\":{\"@id\":\"https:\\\/\\\/tibladin.dk\\\/produkt\\\/stor-shopper-moerkegroen\\\/#primaryimage\"},\"thumbnailUrl\":\"https:\\\/\\\/tibladin.dk\\\/wp-content\\\/uploads\\\/2025\\\/07\\\/stor-shopper_moerkegroen_1.jpg\",\"datePublished\":\"2025-07-07T09:01:57+00:00\",\"dateModified\":\"2025-07-16T10:39:51+00:00\",\"description\":\"Smuk og stor shopper. I en l\u00e6kker m\u00f8rkegr\u00f8n farve med brune l\u00e6der detaljer. Indvendigt er der foer og en lomme med lynl\u00e5s.\",\"breadcrumb\":{\"@id\":\"https:\\\/\\\/tibladin.dk\\\/produkt\\\/stor-shopper-moerkegroen\\\/#breadcrumb\"},\"inLanguage\":\"nb-NO\",\"potentialAction\":[{\"@type\":\"ReadAction\",\"target\":[\"https:\\\/\\\/tibladin.dk\\\/produkt\\\/stor-shopper-moerkegroen\\\/\"]}]},{\"@type\":\"ImageObject\",\"inLanguage\":\"nb-NO\",\"@id\":\"https:\\\/\\\/tibladin.dk\\\/produkt\\\/stor-shopper-moerkegroen\\\/#primaryimage\",\"url\":\"https:\\\/\\\/tibladin.dk\\\/wp-content\\\/uploads\\\/2025\\\/07\\\/stor-shopper_moerkegroen_1.jpg\",\"contentUrl\":\"https:\\\/\\\/tibladin.dk\\\/wp-content\\\/uploads\\\/2025\\\/07\\\/stor-shopper_moerkegroen_1.jpg\",\"width\":800,\"height\":800,\"caption\":\"stor shopper m\u00f8rkegr\u00f8n\"},{\"@type\":\"BreadcrumbList\",\"@id\":\"https:\\\/\\\/tibladin.dk\\\/produkt\\\/stor-shopper-moerkegroen\\\/#breadcrumb\",\"itemListElement\":[{\"@type\":\"ListItem\",\"position\":1,\"name\":\"Hjem\",\"item\":\"https:\\\/\\\/tibladin.dk\\\/\"},{\"@type\":\"ListItem\",\"position\":2,\"name\":\"Shop\",\"item\":\"https:\\\/\\\/tibladin.dk\\\/shop\\\/\"},{\"@type\":\"ListItem\",\"position\":3,\"name\":\"Stor shopper &#8211; m\u00f8rkegr\u00f8n\"}]},{\"@type\":\"WebSite\",\"@id\":\"https:\\\/\\\/tibladin.dk\\\/#website\",\"url\":\"https:\\\/\\\/tibladin.dk\\\/\",\"name\":\"Tibladin\",\"description\":\"Tibladin\",\"publisher\":{\"@id\":\"https:\\\/\\\/tibladin.dk\\\/#organization\"},\"potentialAction\":[{\"@type\":\"SearchAction\",\"target\":{\"@type\":\"EntryPoint\",\"urlTemplate\":\"https:\\\/\\\/tibladin.dk\\\/?s={search_term_string}\"},\"query-input\":{\"@type\":\"PropertyValueSpecification\",\"valueRequired\":true,\"valueName\":\"search_term_string\"}}],\"inLanguage\":\"nb-NO\"},{\"@type\":\"Organization\",\"@id\":\"https:\\\/\\\/tibladin.dk\\\/#organization\",\"name\":\"Tibladin\",\"url\":\"https:\\\/\\\/tibladin.dk\\\/\",\"logo\":{\"@type\":\"ImageObject\",\"inLanguage\":\"nb-NO\",\"@id\":\"https:\\\/\\\/tibladin.dk\\\/#\\\/schema\\\/logo\\\/image\\\/\",\"url\":\"https:\\\/\\\/tibladin.dk\\\/wp-content\\\/uploads\\\/2022\\\/09\\\/tibladin_logo.svg\",\"contentUrl\":\"https:\\\/\\\/tibladin.dk\\\/wp-content\\\/uploads\\\/2022\\\/09\\\/tibladin_logo.svg\",\"caption\":\"Tibladin\"},\"image\":{\"@id\":\"https:\\\/\\\/tibladin.dk\\\/#\\\/schema\\\/logo\\\/image\\\/\"}}]}<\/script>\n<!-- \/ Yoast SEO plugin. -->","yoast_head_json":{"title":"Stor shopper i m\u00f8rkegr\u00f8nt og brunt skinn. - Tibladin","description":"Vakker og stor shopper. I en fin m\u00f8rkegr\u00f8nn farge med brune skinndetaljer. Innvendig er det f\u00f4r og en lomme med glidel\u00e5s.","robots":{"index":"index","follow":"follow","max-snippet":"max-snippet:-1","max-image-preview":"max-image-preview:large","max-video-preview":"max-video-preview:-1"},"canonical":"https:\/\/tibladin.dk\/nb\/produkt\/stor-shopper-moerkegroenn\/","og_locale":"nb_NO","og_type":"article","og_title":"Stor shopper i m\u00f8rkegr\u00f8n og brunt l\u00e6der. - Tibladin","og_description":"Smuk og stor shopper. I en l\u00e6kker m\u00f8rkegr\u00f8n farve med brune l\u00e6der detaljer. Indvendigt er der foer og en lomme med lynl\u00e5s.","og_url":"https:\/\/tibladin.dk\/nb\/produkt\/stor-shopper-moerkegroenn\/","og_site_name":"Tibladin","article_modified_time":"2025-07-16T10:39:51+00:00","og_image":[{"width":800,"height":800,"url":"https:\/\/tibladin.dk\/wp-content\/uploads\/2025\/07\/stor-shopper_moerkegroen_1.jpg","type":"image\/jpeg"}],"twitter_card":"summary_large_image","twitter_misc":{"Ansl. lesetid":"1 minutt"},"schema":{"@context":"https:\/\/schema.org","@graph":[{"@type":"WebPage","@id":"https:\/\/tibladin.dk\/produkt\/stor-shopper-moerkegroen\/","url":"https:\/\/tibladin.dk\/produkt\/stor-shopper-moerkegroen\/","name":"Stor shopper i m\u00f8rkegr\u00f8nt og brunt skinn. - Tibladin","isPartOf":{"@id":"https:\/\/tibladin.dk\/#website"},"primaryImageOfPage":{"@id":"https:\/\/tibladin.dk\/produkt\/stor-shopper-moerkegroen\/#primaryimage"},"image":{"@id":"https:\/\/tibladin.dk\/produkt\/stor-shopper-moerkegroen\/#primaryimage"},"thumbnailUrl":"https:\/\/tibladin.dk\/wp-content\/uploads\/2025\/07\/stor-shopper_moerkegroen_1.jpg","datePublished":"2025-07-07T09:01:57+00:00","dateModified":"2025-07-16T10:39:51+00:00","description":"Vakker og stor shopper. I en fin m\u00f8rkegr\u00f8nn farge med brune skinndetaljer. Innvendig er det f\u00f4r og en lomme med glidel\u00e5s.","breadcrumb":{"@id":"https:\/\/tibladin.dk\/produkt\/stor-shopper-moerkegroen\/#breadcrumb"},"inLanguage":"nb-NO","potentialAction":[{"@type":"ReadAction","target":["https:\/\/tibladin.dk\/produkt\/stor-shopper-moerkegroen\/"]}]},{"@type":"ImageObject","inLanguage":"nb-NO","@id":"https:\/\/tibladin.dk\/produkt\/stor-shopper-moerkegroen\/#primaryimage","url":"https:\/\/tibladin.dk\/wp-content\/uploads\/2025\/07\/stor-shopper_moerkegroen_1.jpg","contentUrl":"https:\/\/tibladin.dk\/wp-content\/uploads\/2025\/07\/stor-shopper_moerkegroen_1.jpg","width":800,"height":800,"caption":"stor shopper m\u00f8rkegr\u00f8n"},{"@type":"BreadcrumbList","@id":"https:\/\/tibladin.dk\/produkt\/stor-shopper-moerkegroen\/#breadcrumb","itemListElement":[{"@type":"ListItem","position":1,"name":"Hjem","item":"https:\/\/tibladin.dk\/"},{"@type":"ListItem","position":2,"name":"Shop","item":"https:\/\/tibladin.dk\/shop\/"},{"@type":"ListItem","position":3,"name":"Stor shopper &#8211; m\u00f8rkegr\u00f8n"}]},{"@type":"WebSite","@id":"https:\/\/tibladin.dk\/#website","url":"https:\/\/tibladin.dk\/","name":"Tibladin","description":"Tibladin","publisher":{"@id":"https:\/\/tibladin.dk\/#organization"},"potentialAction":[{"@type":"SearchAction","target":{"@type":"EntryPoint","urlTemplate":"https:\/\/tibladin.dk\/?s={search_term_string}"},"query-input":{"@type":"PropertyValueSpecification","valueRequired":true,"valueName":"search_term_string"}}],"inLanguage":"nb-NO"},{"@type":"Organization","@id":"https:\/\/tibladin.dk\/#organization","name":"Tibladin","url":"https:\/\/tibladin.dk\/","logo":{"@type":"ImageObject","inLanguage":"nb-NO","@id":"https:\/\/tibladin.dk\/#\/schema\/logo\/image\/","url":"https:\/\/tibladin.dk\/wp-content\/uploads\/2022\/09\/tibladin_logo.svg","contentUrl":"https:\/\/tibladin.dk\/wp-content\/uploads\/2022\/09\/tibladin_logo.svg","caption":"Tibladin"},"image":{"@id":"https:\/\/tibladin.dk\/#\/schema\/logo\/image\/"}}]}},"_links":{"self":[{"href":"https:\/\/tibladin.dk\/nb\/wp-json\/wp\/v2\/product\/38122","targetHints":{"allow":["GET"]}}],"collection":[{"href":"https:\/\/tibladin.dk\/nb\/wp-json\/wp\/v2\/product"}],"about":[{"href":"https:\/\/tibladin.dk\/nb\/wp-json\/wp\/v2\/types\/product"}],"wp:featuredmedia":[{"embeddable":true,"href":"https:\/\/tibladin.dk\/nb\/wp-json\/wp\/v2\/media\/38102"}],"wp:attachment":[{"href":"https:\/\/tibladin.dk\/nb\/wp-json\/wp\/v2\/media?parent=38122"}],"wp:term":[{"taxonomy":"product_brand","embeddable":true,"href":"https:\/\/tibladin.dk\/nb\/wp-json\/wp\/v2\/product_brand?post=38122"},{"taxonomy":"product_cat","embeddable":true,"href":"https:\/\/tibladin.dk\/nb\/wp-json\/wp\/v2\/product_cat?post=38122"},{"taxonomy":"product_tag","embeddable":true,"href":"https:\/\/tibladin.dk\/nb\/wp-json\/wp\/v2\/product_tag?post=38122"}],"curies":[{"name":"wp","href":"https:\/\/api.w.org\/{rel}","templated":true}]}}