{"id":38462,"date":"2025-07-11T15:47:23","date_gmt":"2025-07-11T13:47:23","guid":{"rendered":"https:\/\/tibladin.dk\/?post_type=product&#038;p=38462"},"modified":"2025-07-12T06:16:55","modified_gmt":"2025-07-12T04:16:55","slug":"tunika-air-stoerrelse-m","status":"publish","type":"product","link":"https:\/\/tibladin.dk\/nb\/produkt\/tunika-luft-str-m\/","title":{"rendered":"Tunika LUFT st\u00f8rrelse M"},"content":{"rendered":"<div class=\"wpb-content-wrapper\"><div class=\"vc_row wpb_row vc_row-fluid\"><div class=\"wpb_column vc_column_container vc_col-sm-4\"><div class=\"vc_column-inner\"><div class=\"wpb_wrapper\"><\/div><\/div><\/div><div class=\"wpb_column vc_column_container vc_col-sm-4\"><div class=\"vc_column-inner\"><div class=\"wpb_wrapper\"><h3 style=\"text-align: left\" class=\"vc_custom_heading vc_do_custom_heading\" >Vedlikehold<\/h3>\n\t<div class=\"wpb_text_column wpb_content_element\" >\n\t\t<div class=\"wpb_wrapper\">\n\t\t\t<p>Tunikaene er laget av 100%-bomull og kan derfor vaskes i maskin p\u00e5 opptil 40 grader. Vi anbefaler ogs\u00e5 \u00e5 dampe\/stryke tunikaene for \u00e5 unng\u00e5 kr\u00f8ller og folder.<\/p>\n\n\t\t<\/div>\n\t<\/div>\n<\/div><\/div><\/div><div class=\"wpb_column vc_column_container vc_col-sm-4\"><div class=\"vc_column-inner\"><div class=\"wpb_wrapper\"><h3 style=\"text-align: left\" class=\"vc_custom_heading vc_do_custom_heading\" >Historien bak<\/h3>\n\t<div class=\"wpb_text_column wpb_content_element\" >\n\t\t<div class=\"wpb_wrapper\">\n\t\t\t<p>Disse vakre marokkanske tunikaene er h\u00e5ndsydd i 100%-bomull og er fulle av liv og farger. Tunikaene er laget i samarbeid med en designer og skredder i Marrakech, og sammen har vi n\u00f8ye valgt ut farger, materialer og m\u00f8nstre for hver tunika. Derfor er de ogs\u00e5 helt unike \u2013 det finnes bare \u00e9n av hver, og disse designene finnes ikke noe annet sted. Passformen p\u00e5 de vakre tunikaene er l\u00f8s og komfortabel, men samtidig flatterende og deilig. Tunikaen kan brukes hjemme, p\u00e5 kontoret og til en tur til stranden eller terrassen p\u00e5 en varm sommerdag.<\/p>\n\n\t\t<\/div>\n\t<\/div>\n<\/div><\/div><\/div><\/div>\n<\/div>","protected":false},"excerpt":{"rendered":"<p>Tunikaen er sydd i Marokko av myk, lett bomull med fine striper i rosa, bl\u00e5tt og hvitt.<\/p>\n<p>Passformen er avslappet og flatterende med en elegant V-hals, romslige lommer og knyting i livet, slik at du kan forme silhuetten slik du \u00f8nsker. Ryggen skiller seg ut med sine to vinger i bl\u00e5lig blomsterstoff med rosa og turkise toner, innrammet med r\u00f8de s\u00f8mmer. LUFT-tunikaen er for deg som t\u00f8r \u00e5 skille deg ut, elsker farger og \u00f8nsker \u00e5 f\u00f8le frihet \u2013 b\u00e5de i stil og sinn. Perfekt for byliv, strandturer, hagefester eller bare dager hvor du vil spre god energi.<\/p>\n<p>H\u00e5ndlaget i Marokko i myk, pustende bomull med fine striper som gir et friskt og elegant utseende. Klassisk skjortesnitt<\/p>\n<p class=\"p1\">Alle Tibladins tunikaer er laget i samarbeid med en designer og skredder i Marrakech, og hvert design er dypt unikt.<\/p>\n<p>POP: | Ermelengde fra halsen: 55 cm | Midje: 62 cm | Lengde foran: 93 cm | Lengde bak: 103 cm | Halsutringning: 8 | Knyting: 158 cm |<\/p>\n<p>&nbsp;<\/p>\n<p>&nbsp;<\/p>","protected":false},"featured_media":38265,"template":"","meta":{"inline_featured_image":false},"product_brand":[],"product_cat":[27,109],"product_tag":[],"class_list":{"0":"post-38462","1":"product","2":"type-product","3":"status-publish","4":"has-post-thumbnail","6":"product_cat-diverse","7":"product_cat-kjoler","9":"first","10":"instock","11":"taxable","12":"shipping-taxable","13":"purchasable","14":"product-type-simple"},"exclude_global_add_ons":false,"addons":[{"name":"\u00d8nsker du gaveinnpakning?","type":"checkbox","position":0,"required":false,"title_format":"label","default":"","description_enable":false,"description":"","placeholder_enable":false,"placeholder":"","display":"images","restrictions_type":"any_text","adjust_price":false,"price":"","price_type":"flat_fee","restrictions":false,"min":"0","max":"0","options":[{"label":"Ja tak","price":"10","price_type":"flat_fee","image":11015,"visibility":true}],"id":1669646111}],"yoast_head":"<!-- This site is optimized with the Yoast SEO plugin v27.6 - https:\/\/yoast.com\/product\/yoast-seo-wordpress\/ -->\n<title>H\u00e5ndsyet tunika fra Marokko | Rosa, bl\u00e5 &amp; hvide striber | Tibladin |<\/title>\n<meta name=\"description\" content=\"Smuk h\u00e5ndsyede tunika i 100% bomuld. Udviklet i samarbejde med designer og skr\u00e6dder i Marrakech. Hel unik tunika med vinger p\u00e5 ryggen.\" \/>\n<meta name=\"robots\" content=\"index, follow, max-snippet:-1, max-image-preview:large, max-video-preview:-1\" \/>\n<link rel=\"canonical\" href=\"https:\/\/tibladin.dk\/nb\/produkt\/tunika-air-stoerrelse-m\/\" \/>\n<meta property=\"og:locale\" content=\"nb_NO\" \/>\n<meta property=\"og:type\" content=\"article\" \/>\n<meta property=\"og:title\" content=\"H\u00e5ndsyet tunika fra Marokko | Rosa, bl\u00e5 &amp; hvide striber | Tibladin |\" \/>\n<meta property=\"og:description\" content=\"Smuk h\u00e5ndsyede tunika i 100% bomuld. Udviklet i samarbejde med designer og skr\u00e6dder i Marrakech. Hel unik tunika med vinger p\u00e5 ryggen.\" \/>\n<meta property=\"og:url\" content=\"https:\/\/tibladin.dk\/nb\/produkt\/tunika-air-stoerrelse-m\/\" \/>\n<meta property=\"og:site_name\" content=\"Tibladin\" \/>\n<meta property=\"article:modified_time\" content=\"2025-07-12T04:16:55+00:00\" \/>\n<meta property=\"og:image\" content=\"https:\/\/tibladin.dk\/wp-content\/uploads\/2025\/07\/Tunika_Luft_2.jpg\" \/>\n\t<meta property=\"og:image:width\" content=\"800\" \/>\n\t<meta property=\"og:image:height\" content=\"800\" \/>\n\t<meta property=\"og:image:type\" content=\"image\/jpeg\" \/>\n<meta name=\"twitter:card\" content=\"summary_large_image\" \/>\n<meta name=\"twitter:label1\" content=\"Ansl. lesetid\" \/>\n\t<meta name=\"twitter:data1\" content=\"2 minutter\" \/>\n<script type=\"application\/ld+json\" class=\"yoast-schema-graph\">{\"@context\":\"https:\\\/\\\/schema.org\",\"@graph\":[{\"@type\":\"WebPage\",\"@id\":\"https:\\\/\\\/tibladin.dk\\\/produkt\\\/tunika-luft-str-m\\\/\",\"url\":\"https:\\\/\\\/tibladin.dk\\\/produkt\\\/tunika-luft-str-m\\\/\",\"name\":\"H\u00e5ndsyet tunika fra Marokko | Rosa, bl\u00e5 & hvide striber | Tibladin |\",\"isPartOf\":{\"@id\":\"https:\\\/\\\/tibladin.dk\\\/#website\"},\"primaryImageOfPage\":{\"@id\":\"https:\\\/\\\/tibladin.dk\\\/produkt\\\/tunika-luft-str-m\\\/#primaryimage\"},\"image\":{\"@id\":\"https:\\\/\\\/tibladin.dk\\\/produkt\\\/tunika-luft-str-m\\\/#primaryimage\"},\"thumbnailUrl\":\"https:\\\/\\\/tibladin.dk\\\/wp-content\\\/uploads\\\/2025\\\/07\\\/Tunika_Luft_2.jpg\",\"datePublished\":\"2025-07-11T13:47:23+00:00\",\"dateModified\":\"2025-07-12T04:16:55+00:00\",\"description\":\"Smuk h\u00e5ndsyede tunika i 100% bomuld. Udviklet i samarbejde med designer og skr\u00e6dder i Marrakech. Hel unik tunika med vinger p\u00e5 ryggen.\",\"breadcrumb\":{\"@id\":\"https:\\\/\\\/tibladin.dk\\\/produkt\\\/tunika-luft-str-m\\\/#breadcrumb\"},\"inLanguage\":\"nb-NO\",\"potentialAction\":[{\"@type\":\"ReadAction\",\"target\":[\"https:\\\/\\\/tibladin.dk\\\/produkt\\\/tunika-luft-str-m\\\/\"]}]},{\"@type\":\"ImageObject\",\"inLanguage\":\"nb-NO\",\"@id\":\"https:\\\/\\\/tibladin.dk\\\/produkt\\\/tunika-luft-str-m\\\/#primaryimage\",\"url\":\"https:\\\/\\\/tibladin.dk\\\/wp-content\\\/uploads\\\/2025\\\/07\\\/Tunika_Luft_2.jpg\",\"contentUrl\":\"https:\\\/\\\/tibladin.dk\\\/wp-content\\\/uploads\\\/2025\\\/07\\\/Tunika_Luft_2.jpg\",\"width\":800,\"height\":800,\"caption\":\"Tunika LUFT 2\"},{\"@type\":\"BreadcrumbList\",\"@id\":\"https:\\\/\\\/tibladin.dk\\\/produkt\\\/tunika-luft-str-m\\\/#breadcrumb\",\"itemListElement\":[{\"@type\":\"ListItem\",\"position\":1,\"name\":\"Hjem\",\"item\":\"https:\\\/\\\/tibladin.dk\\\/\"},{\"@type\":\"ListItem\",\"position\":2,\"name\":\"Shop\",\"item\":\"https:\\\/\\\/tibladin.dk\\\/shop\\\/\"},{\"@type\":\"ListItem\",\"position\":3,\"name\":\"Tunika LUFT str. M\"}]},{\"@type\":\"WebSite\",\"@id\":\"https:\\\/\\\/tibladin.dk\\\/#website\",\"url\":\"https:\\\/\\\/tibladin.dk\\\/\",\"name\":\"Tibladin\",\"description\":\"Tibladin\",\"publisher\":{\"@id\":\"https:\\\/\\\/tibladin.dk\\\/#organization\"},\"potentialAction\":[{\"@type\":\"SearchAction\",\"target\":{\"@type\":\"EntryPoint\",\"urlTemplate\":\"https:\\\/\\\/tibladin.dk\\\/?s={search_term_string}\"},\"query-input\":{\"@type\":\"PropertyValueSpecification\",\"valueRequired\":true,\"valueName\":\"search_term_string\"}}],\"inLanguage\":\"nb-NO\"},{\"@type\":\"Organization\",\"@id\":\"https:\\\/\\\/tibladin.dk\\\/#organization\",\"name\":\"Tibladin\",\"url\":\"https:\\\/\\\/tibladin.dk\\\/\",\"logo\":{\"@type\":\"ImageObject\",\"inLanguage\":\"nb-NO\",\"@id\":\"https:\\\/\\\/tibladin.dk\\\/#\\\/schema\\\/logo\\\/image\\\/\",\"url\":\"https:\\\/\\\/tibladin.dk\\\/wp-content\\\/uploads\\\/2022\\\/09\\\/tibladin_logo.svg\",\"contentUrl\":\"https:\\\/\\\/tibladin.dk\\\/wp-content\\\/uploads\\\/2022\\\/09\\\/tibladin_logo.svg\",\"caption\":\"Tibladin\"},\"image\":{\"@id\":\"https:\\\/\\\/tibladin.dk\\\/#\\\/schema\\\/logo\\\/image\\\/\"}}]}<\/script>\n<!-- \/ Yoast SEO plugin. -->","yoast_head_json":{"title":"H\u00e5ndsydd tunika fra Marokko | Rosa, bl\u00e5 og hvite striper | Tibladin |","description":"Vakker h\u00e5ndsydd tunika i 100% bomull. Utviklet i samarbeid med designer og skredder i Marrakech. Helt unik tunika med vinger p\u00e5 ryggen.","robots":{"index":"index","follow":"follow","max-snippet":"max-snippet:-1","max-image-preview":"max-image-preview:large","max-video-preview":"max-video-preview:-1"},"canonical":"https:\/\/tibladin.dk\/nb\/produkt\/tunika-air-stoerrelse-m\/","og_locale":"nb_NO","og_type":"article","og_title":"H\u00e5ndsyet tunika fra Marokko | Rosa, bl\u00e5 & hvide striber | Tibladin |","og_description":"Smuk h\u00e5ndsyede tunika i 100% bomuld. Udviklet i samarbejde med designer og skr\u00e6dder i Marrakech. Hel unik tunika med vinger p\u00e5 ryggen.","og_url":"https:\/\/tibladin.dk\/nb\/produkt\/tunika-air-stoerrelse-m\/","og_site_name":"Tibladin","article_modified_time":"2025-07-12T04:16:55+00:00","og_image":[{"width":800,"height":800,"url":"https:\/\/tibladin.dk\/wp-content\/uploads\/2025\/07\/Tunika_Luft_2.jpg","type":"image\/jpeg"}],"twitter_card":"summary_large_image","twitter_misc":{"Ansl. lesetid":"2 minutter"},"schema":{"@context":"https:\/\/schema.org","@graph":[{"@type":"WebPage","@id":"https:\/\/tibladin.dk\/produkt\/tunika-luft-str-m\/","url":"https:\/\/tibladin.dk\/produkt\/tunika-luft-str-m\/","name":"H\u00e5ndsydd tunika fra Marokko | Rosa, bl\u00e5 og hvite striper | Tibladin |","isPartOf":{"@id":"https:\/\/tibladin.dk\/#website"},"primaryImageOfPage":{"@id":"https:\/\/tibladin.dk\/produkt\/tunika-luft-str-m\/#primaryimage"},"image":{"@id":"https:\/\/tibladin.dk\/produkt\/tunika-luft-str-m\/#primaryimage"},"thumbnailUrl":"https:\/\/tibladin.dk\/wp-content\/uploads\/2025\/07\/Tunika_Luft_2.jpg","datePublished":"2025-07-11T13:47:23+00:00","dateModified":"2025-07-12T04:16:55+00:00","description":"Vakker h\u00e5ndsydd tunika i 100% bomull. Utviklet i samarbeid med designer og skredder i Marrakech. Helt unik tunika med vinger p\u00e5 ryggen.","breadcrumb":{"@id":"https:\/\/tibladin.dk\/produkt\/tunika-luft-str-m\/#breadcrumb"},"inLanguage":"nb-NO","potentialAction":[{"@type":"ReadAction","target":["https:\/\/tibladin.dk\/produkt\/tunika-luft-str-m\/"]}]},{"@type":"ImageObject","inLanguage":"nb-NO","@id":"https:\/\/tibladin.dk\/produkt\/tunika-luft-str-m\/#primaryimage","url":"https:\/\/tibladin.dk\/wp-content\/uploads\/2025\/07\/Tunika_Luft_2.jpg","contentUrl":"https:\/\/tibladin.dk\/wp-content\/uploads\/2025\/07\/Tunika_Luft_2.jpg","width":800,"height":800,"caption":"Tunika LUFT 2"},{"@type":"BreadcrumbList","@id":"https:\/\/tibladin.dk\/produkt\/tunika-luft-str-m\/#breadcrumb","itemListElement":[{"@type":"ListItem","position":1,"name":"Hjem","item":"https:\/\/tibladin.dk\/"},{"@type":"ListItem","position":2,"name":"Shop","item":"https:\/\/tibladin.dk\/shop\/"},{"@type":"ListItem","position":3,"name":"Tunika LUFT str. M"}]},{"@type":"WebSite","@id":"https:\/\/tibladin.dk\/#website","url":"https:\/\/tibladin.dk\/","name":"Tibladin","description":"Tibladin","publisher":{"@id":"https:\/\/tibladin.dk\/#organization"},"potentialAction":[{"@type":"SearchAction","target":{"@type":"EntryPoint","urlTemplate":"https:\/\/tibladin.dk\/?s={search_term_string}"},"query-input":{"@type":"PropertyValueSpecification","valueRequired":true,"valueName":"search_term_string"}}],"inLanguage":"nb-NO"},{"@type":"Organization","@id":"https:\/\/tibladin.dk\/#organization","name":"Tibladin","url":"https:\/\/tibladin.dk\/","logo":{"@type":"ImageObject","inLanguage":"nb-NO","@id":"https:\/\/tibladin.dk\/#\/schema\/logo\/image\/","url":"https:\/\/tibladin.dk\/wp-content\/uploads\/2022\/09\/tibladin_logo.svg","contentUrl":"https:\/\/tibladin.dk\/wp-content\/uploads\/2022\/09\/tibladin_logo.svg","caption":"Tibladin"},"image":{"@id":"https:\/\/tibladin.dk\/#\/schema\/logo\/image\/"}}]}},"_links":{"self":[{"href":"https:\/\/tibladin.dk\/nb\/wp-json\/wp\/v2\/product\/38462","targetHints":{"allow":["GET"]}}],"collection":[{"href":"https:\/\/tibladin.dk\/nb\/wp-json\/wp\/v2\/product"}],"about":[{"href":"https:\/\/tibladin.dk\/nb\/wp-json\/wp\/v2\/types\/product"}],"wp:featuredmedia":[{"embeddable":true,"href":"https:\/\/tibladin.dk\/nb\/wp-json\/wp\/v2\/media\/38265"}],"wp:attachment":[{"href":"https:\/\/tibladin.dk\/nb\/wp-json\/wp\/v2\/media?parent=38462"}],"wp:term":[{"taxonomy":"product_brand","embeddable":true,"href":"https:\/\/tibladin.dk\/nb\/wp-json\/wp\/v2\/product_brand?post=38462"},{"taxonomy":"product_cat","embeddable":true,"href":"https:\/\/tibladin.dk\/nb\/wp-json\/wp\/v2\/product_cat?post=38462"},{"taxonomy":"product_tag","embeddable":true,"href":"https:\/\/tibladin.dk\/nb\/wp-json\/wp\/v2\/product_tag?post=38462"}],"curies":[{"name":"wp","href":"https:\/\/api.w.org\/{rel}","templated":true}]}}