{"id":39124,"date":"2025-08-18T17:04:44","date_gmt":"2025-08-18T15:04:44","guid":{"rendered":"https:\/\/tibladin.dk\/?post_type=product&#038;p=39124"},"modified":"2025-08-21T11:56:52","modified_gmt":"2025-08-21T09:56:52","slug":"beni-ouarain-206x320-cm-amoud","status":"publish","type":"product","link":"https:\/\/tibladin.dk\/nb\/produkt\/beni-ouarain-206x320-cm-amoud\/","title":{"rendered":"Beni Ouarain 206\u00d7320 cm. - M\u00d8D"},"content":{"rendered":"<div class=\"wpb-content-wrapper\"><div class=\"vc_row wpb_row vc_row-fluid\"><div class=\"wpb_column vc_column_container vc_col-sm-4\"><div class=\"vc_column-inner\"><div class=\"wpb_wrapper\"><\/div><\/div><\/div><div class=\"wpb_column vc_column_container vc_col-sm-4\"><div class=\"vc_column-inner\"><div class=\"wpb_wrapper\"><h3 style=\"text-align: left\" class=\"vc_custom_heading vc_do_custom_heading\" >Beni Ourain teppevedlikehold<\/h3>\n\t<div class=\"wpb_text_column wpb_content_element\" >\n\t\t<div class=\"wpb_wrapper\">\n\t\t\t<p>St\u00f8vsug Beni Ourain-teppet regelmessig og ta det med ut og rist det av og til. Flekker fjernes ved \u00e5 bl\u00f8tlegge flekken med en klut s\u00e5 snart som mulig og duppe flekken med en fuktig klut. Teppet er laget av 100 % ren ull og er naturlig dekket med lanolin p\u00e5 hver fiber, noe som hindrer flekker i \u00e5 trenge inn i teppet. Hvis vi er s\u00e5 heldige \u00e5 f\u00e5 sn\u00f8 en vinter i Danmark, legg teppet ut i den hvite sn\u00f8en. Dette vil rense teppet grundig \u2013 helt naturlig.<\/p>\n\n\t\t<\/div>\n\t<\/div>\n<\/div><\/div><\/div><div class=\"wpb_column vc_column_container vc_col-sm-4\"><div class=\"vc_column-inner\"><div class=\"wpb_wrapper\"><h3 style=\"text-align: left\" class=\"vc_custom_heading vc_do_custom_heading\" >Historien bak Beni Ourain-teppene<\/h3>\n\t<div class=\"wpb_text_column wpb_content_element\" >\n\t\t<div class=\"wpb_wrapper\">\n\t\t\t<p>Beni Ourain-teppet dekorerer, gir kos og varme og er ogs\u00e5 st\u00f8ydempende.<\/p>\n<p>Beni Ouarain-tepper er sv\u00e6rt etterspurt over hele verden og passer ogs\u00e5 sv\u00e6rt godt inn i skandinavisk interi\u00f8r. Mange interi\u00f8rmerker har kopiert stilen deres og f\u00e5tt dem laget industrielt. Her hos Tibladin har vi kun originale Beni Ouarain-tepper h\u00e5ndlaget av kvinner fra berberstammen Beni Ouarain, som oppsto s\u00f8r for Rif-fjellene i Marokko. Teppene brukes av berberstammen til \u00e5 dekke seg til og ligge p\u00e5 n\u00e5r de sover. Hvert teppe er et kunstverk, og i motsetning til orientalske tepper er de ikke produsert etter modeller, men kun etter kvinnenes egne \u00f8nsker, og symboliserer ofte f\u00f8lelsene kvinnene har hatt n\u00e5r de vever. Diamantformen som du ser i mange av teppene beskytter mot onde \u00e5nder. Fargetonene er naturlige i sine hvite, beige, brune og svarte farger.<\/p>\n<p>Slipp av deg skoene og kjenn den myke ullen under f\u00f8ttene!<\/p>\n\n\t\t<\/div>\n\t<\/div>\n<\/div><\/div><\/div><\/div>\n<\/div>","protected":false},"excerpt":{"rendered":"<p data-start=\"84\" data-end=\"131\"><strong data-start=\"86\" data-end=\"127\">Unikt Beni Ourain-teppe \u2013 206\u00d7320 cm<\/strong> \u2728<\/p>\n<p data-start=\"133\" data-end=\"327\">Dette unike Beni Ourain-teppet er et ekte h\u00e5ndvevd kunstverk fra Atlasfjellene i Marokko. Teppet er laget av 100% naturlig ull, og kombinerer myk komfort med et i\u00f8ynefallende grafisk design.<\/p>\n<p data-start=\"329\" data-end=\"708\">Det karakteristiske m\u00f8nsteret best\u00e5r av geometriske, nesten abstrakte former, som gir teppet et moderne og kunstnerisk uttrykk \u2013 samtidig som det b\u00e6rer symbolikken og autentisiteten til den dype berbertradisjonen. Den varme ullfargede basen kombinert med de subtile brune kontrastlinjene skaper en rolig, men sl\u00e5ende effekt, noe som gj\u00f8r teppet til et naturlig blikkfang i ethvert interi\u00f8r.<\/p>\n<p data-start=\"710\" data-end=\"900\">Med sine gener\u00f8se m\u00e5l om <strong data-start=\"735\" data-end=\"749\">206\u00d7320 cm<\/strong> Teppet er ideelt for stuen under sofagruppen, i spisestuen under spisebordet eller p\u00e5 et soverom, hvor det kan tilf\u00f8re rommet varme og karakter.<\/p>\n<p data-start=\"902\" data-end=\"1041\">\u2714 H\u00e5ndvevd i Marokko<br data-start=\"923\" data-end=\"926\" \/>\u2714 100% naturlig ull<br data-start=\"945\" data-end=\"948\" \/>\u2714 Unikt m\u00f8nster \u2013 kun tilgjengelig i ett eksemplar<br data-start=\"991\" data-end=\"994\" \/>\u2714 Stor og romslig \u2013 perfekt for st\u00f8rre rom<\/p>\n<p data-start=\"1043\" data-end=\"1135\">Et tidl\u00f8st blikkfang som bringer b\u00e5de hygge, historie og modernitet inn i hjemmet ditt.<\/p>\n<hr data-start=\"1137\" data-end=\"1140\" \/>","protected":false},"featured_media":39127,"template":"","meta":{"inline_featured_image":false},"product_brand":[],"product_cat":[62,59],"product_tag":[],"class_list":{"0":"post-39124","1":"product","2":"type-product","3":"status-publish","4":"has-post-thumbnail","6":"product_cat-beni-ouarain","7":"product_cat-marokkanske-taepper","9":"first","10":"instock","11":"taxable","12":"shipping-taxable","13":"purchasable","14":"product-type-simple"},"exclude_global_add_ons":[],"addons":[],"yoast_head":"<!-- This site is optimized with the Yoast SEO plugin v27.5 - https:\/\/yoast.com\/product\/yoast-seo-wordpress\/ -->\n<title>Beni Ouarain t\u00e6ppe | Bl\u00f8dt og hyggeligt | Kig her lige nu<\/title>\n<meta name=\"description\" content=\"Marokkansk t\u00e6ppe Beni Ouarain i 100% uld. Dejlig lys uld med beige m\u00f8nster. T\u00e6ppet er h\u00e5ndv\u00e6vet i kvalitetsuld og m\u00e5ler 206x320 cm.\" \/>\n<meta name=\"robots\" content=\"index, follow, max-snippet:-1, max-image-preview:large, max-video-preview:-1\" \/>\n<link rel=\"canonical\" href=\"https:\/\/tibladin.dk\/nb\/produkt\/beni-ouarain-206x320-cm-amoud\/\" \/>\n<meta property=\"og:locale\" content=\"nb_NO\" \/>\n<meta property=\"og:type\" content=\"article\" \/>\n<meta property=\"og:title\" content=\"Beni Ouarain t\u00e6ppe | Bl\u00f8dt og hyggeligt | Kig her lige nu\" \/>\n<meta property=\"og:description\" content=\"Marokkansk t\u00e6ppe Beni Ouarain i 100% uld. Dejlig lys uld med beige m\u00f8nster. T\u00e6ppet er h\u00e5ndv\u00e6vet i kvalitetsuld og m\u00e5ler 206x320 cm.\" \/>\n<meta property=\"og:url\" content=\"https:\/\/tibladin.dk\/nb\/produkt\/beni-ouarain-206x320-cm-amoud\/\" \/>\n<meta property=\"og:site_name\" content=\"Tibladin\" \/>\n<meta property=\"article:modified_time\" content=\"2025-08-21T09:56:52+00:00\" \/>\n<meta property=\"og:image\" content=\"https:\/\/tibladin.dk\/wp-content\/uploads\/2025\/08\/marokkansk-Beni-Ouarain_AMOUD_2.jpg\" \/>\n\t<meta property=\"og:image:width\" content=\"800\" \/>\n\t<meta property=\"og:image:height\" content=\"800\" \/>\n\t<meta property=\"og:image:type\" content=\"image\/jpeg\" \/>\n<meta name=\"twitter:card\" content=\"summary_large_image\" \/>\n<meta name=\"twitter:label1\" content=\"Ansl. lesetid\" \/>\n\t<meta name=\"twitter:data1\" content=\"2 minutter\" \/>\n<script type=\"application\/ld+json\" class=\"yoast-schema-graph\">{\"@context\":\"https:\\\/\\\/schema.org\",\"@graph\":[{\"@type\":\"WebPage\",\"@id\":\"https:\\\/\\\/tibladin.dk\\\/produkt\\\/beni-ouarain-206x320-cm-amoud\\\/\",\"url\":\"https:\\\/\\\/tibladin.dk\\\/produkt\\\/beni-ouarain-206x320-cm-amoud\\\/\",\"name\":\"Beni Ouarain t\u00e6ppe | Bl\u00f8dt og hyggeligt | Kig her lige nu\",\"isPartOf\":{\"@id\":\"https:\\\/\\\/tibladin.dk\\\/#website\"},\"primaryImageOfPage\":{\"@id\":\"https:\\\/\\\/tibladin.dk\\\/produkt\\\/beni-ouarain-206x320-cm-amoud\\\/#primaryimage\"},\"image\":{\"@id\":\"https:\\\/\\\/tibladin.dk\\\/produkt\\\/beni-ouarain-206x320-cm-amoud\\\/#primaryimage\"},\"thumbnailUrl\":\"https:\\\/\\\/tibladin.dk\\\/wp-content\\\/uploads\\\/2025\\\/08\\\/marokkansk-Beni-Ouarain_AMOUD_2.jpg\",\"datePublished\":\"2025-08-18T15:04:44+00:00\",\"dateModified\":\"2025-08-21T09:56:52+00:00\",\"description\":\"Marokkansk t\u00e6ppe Beni Ouarain i 100% uld. Dejlig lys uld med beige m\u00f8nster. T\u00e6ppet er h\u00e5ndv\u00e6vet i kvalitetsuld og m\u00e5ler 206x320 cm.\",\"breadcrumb\":{\"@id\":\"https:\\\/\\\/tibladin.dk\\\/produkt\\\/beni-ouarain-206x320-cm-amoud\\\/#breadcrumb\"},\"inLanguage\":\"nb-NO\",\"potentialAction\":[{\"@type\":\"ReadAction\",\"target\":[\"https:\\\/\\\/tibladin.dk\\\/produkt\\\/beni-ouarain-206x320-cm-amoud\\\/\"]}]},{\"@type\":\"ImageObject\",\"inLanguage\":\"nb-NO\",\"@id\":\"https:\\\/\\\/tibladin.dk\\\/produkt\\\/beni-ouarain-206x320-cm-amoud\\\/#primaryimage\",\"url\":\"https:\\\/\\\/tibladin.dk\\\/wp-content\\\/uploads\\\/2025\\\/08\\\/marokkansk-Beni-Ouarain_AMOUD_2.jpg\",\"contentUrl\":\"https:\\\/\\\/tibladin.dk\\\/wp-content\\\/uploads\\\/2025\\\/08\\\/marokkansk-Beni-Ouarain_AMOUD_2.jpg\",\"width\":800,\"height\":800,\"caption\":\"marokkansk-Beni-Ouarain_AMOUD\"},{\"@type\":\"BreadcrumbList\",\"@id\":\"https:\\\/\\\/tibladin.dk\\\/produkt\\\/beni-ouarain-206x320-cm-amoud\\\/#breadcrumb\",\"itemListElement\":[{\"@type\":\"ListItem\",\"position\":1,\"name\":\"Hjem\",\"item\":\"https:\\\/\\\/tibladin.dk\\\/\"},{\"@type\":\"ListItem\",\"position\":2,\"name\":\"Shop\",\"item\":\"https:\\\/\\\/tibladin.dk\\\/shop\\\/\"},{\"@type\":\"ListItem\",\"position\":3,\"name\":\"Beni Ouarain 206&#215;320 cm. &#8211; AMOUD\"}]},{\"@type\":\"WebSite\",\"@id\":\"https:\\\/\\\/tibladin.dk\\\/#website\",\"url\":\"https:\\\/\\\/tibladin.dk\\\/\",\"name\":\"Tibladin\",\"description\":\"Tibladin\",\"publisher\":{\"@id\":\"https:\\\/\\\/tibladin.dk\\\/#organization\"},\"potentialAction\":[{\"@type\":\"SearchAction\",\"target\":{\"@type\":\"EntryPoint\",\"urlTemplate\":\"https:\\\/\\\/tibladin.dk\\\/?s={search_term_string}\"},\"query-input\":{\"@type\":\"PropertyValueSpecification\",\"valueRequired\":true,\"valueName\":\"search_term_string\"}}],\"inLanguage\":\"nb-NO\"},{\"@type\":\"Organization\",\"@id\":\"https:\\\/\\\/tibladin.dk\\\/#organization\",\"name\":\"Tibladin\",\"url\":\"https:\\\/\\\/tibladin.dk\\\/\",\"logo\":{\"@type\":\"ImageObject\",\"inLanguage\":\"nb-NO\",\"@id\":\"https:\\\/\\\/tibladin.dk\\\/#\\\/schema\\\/logo\\\/image\\\/\",\"url\":\"https:\\\/\\\/tibladin.dk\\\/wp-content\\\/uploads\\\/2022\\\/09\\\/tibladin_logo.svg\",\"contentUrl\":\"https:\\\/\\\/tibladin.dk\\\/wp-content\\\/uploads\\\/2022\\\/09\\\/tibladin_logo.svg\",\"caption\":\"Tibladin\"},\"image\":{\"@id\":\"https:\\\/\\\/tibladin.dk\\\/#\\\/schema\\\/logo\\\/image\\\/\"}}]}<\/script>\n<!-- \/ Yoast SEO plugin. -->","yoast_head_json":{"title":"Beni Ourain-teppe | Mykt og koselig | Se her n\u00e5","description":"Marokkansk teppe Beni Ouarain i 100% ull. Nydelig lys ull med beige m\u00f8nster. Teppet er h\u00e5ndvevd i kvalitetsull og m\u00e5ler 206x320 cm.","robots":{"index":"index","follow":"follow","max-snippet":"max-snippet:-1","max-image-preview":"max-image-preview:large","max-video-preview":"max-video-preview:-1"},"canonical":"https:\/\/tibladin.dk\/nb\/produkt\/beni-ouarain-206x320-cm-amoud\/","og_locale":"nb_NO","og_type":"article","og_title":"Beni Ouarain t\u00e6ppe | Bl\u00f8dt og hyggeligt | Kig her lige nu","og_description":"Marokkansk t\u00e6ppe Beni Ouarain i 100% uld. Dejlig lys uld med beige m\u00f8nster. T\u00e6ppet er h\u00e5ndv\u00e6vet i kvalitetsuld og m\u00e5ler 206x320 cm.","og_url":"https:\/\/tibladin.dk\/nb\/produkt\/beni-ouarain-206x320-cm-amoud\/","og_site_name":"Tibladin","article_modified_time":"2025-08-21T09:56:52+00:00","og_image":[{"width":800,"height":800,"url":"https:\/\/tibladin.dk\/wp-content\/uploads\/2025\/08\/marokkansk-Beni-Ouarain_AMOUD_2.jpg","type":"image\/jpeg"}],"twitter_card":"summary_large_image","twitter_misc":{"Ansl. lesetid":"2 minutter"},"schema":{"@context":"https:\/\/schema.org","@graph":[{"@type":"WebPage","@id":"https:\/\/tibladin.dk\/produkt\/beni-ouarain-206x320-cm-amoud\/","url":"https:\/\/tibladin.dk\/produkt\/beni-ouarain-206x320-cm-amoud\/","name":"Beni Ourain-teppe | Mykt og koselig | Se her n\u00e5","isPartOf":{"@id":"https:\/\/tibladin.dk\/#website"},"primaryImageOfPage":{"@id":"https:\/\/tibladin.dk\/produkt\/beni-ouarain-206x320-cm-amoud\/#primaryimage"},"image":{"@id":"https:\/\/tibladin.dk\/produkt\/beni-ouarain-206x320-cm-amoud\/#primaryimage"},"thumbnailUrl":"https:\/\/tibladin.dk\/wp-content\/uploads\/2025\/08\/marokkansk-Beni-Ouarain_AMOUD_2.jpg","datePublished":"2025-08-18T15:04:44+00:00","dateModified":"2025-08-21T09:56:52+00:00","description":"Marokkansk teppe Beni Ouarain i 100% ull. Nydelig lys ull med beige m\u00f8nster. Teppet er h\u00e5ndvevd i kvalitetsull og m\u00e5ler 206x320 cm.","breadcrumb":{"@id":"https:\/\/tibladin.dk\/produkt\/beni-ouarain-206x320-cm-amoud\/#breadcrumb"},"inLanguage":"nb-NO","potentialAction":[{"@type":"ReadAction","target":["https:\/\/tibladin.dk\/produkt\/beni-ouarain-206x320-cm-amoud\/"]}]},{"@type":"ImageObject","inLanguage":"nb-NO","@id":"https:\/\/tibladin.dk\/produkt\/beni-ouarain-206x320-cm-amoud\/#primaryimage","url":"https:\/\/tibladin.dk\/wp-content\/uploads\/2025\/08\/marokkansk-Beni-Ouarain_AMOUD_2.jpg","contentUrl":"https:\/\/tibladin.dk\/wp-content\/uploads\/2025\/08\/marokkansk-Beni-Ouarain_AMOUD_2.jpg","width":800,"height":800,"caption":"marokkansk-Beni-Ouarain_AMOUD"},{"@type":"BreadcrumbList","@id":"https:\/\/tibladin.dk\/produkt\/beni-ouarain-206x320-cm-amoud\/#breadcrumb","itemListElement":[{"@type":"ListItem","position":1,"name":"Hjem","item":"https:\/\/tibladin.dk\/"},{"@type":"ListItem","position":2,"name":"Shop","item":"https:\/\/tibladin.dk\/shop\/"},{"@type":"ListItem","position":3,"name":"Beni Ouarain 206&#215;320 cm. &#8211; AMOUD"}]},{"@type":"WebSite","@id":"https:\/\/tibladin.dk\/#website","url":"https:\/\/tibladin.dk\/","name":"Tibladin","description":"Tibladin","publisher":{"@id":"https:\/\/tibladin.dk\/#organization"},"potentialAction":[{"@type":"SearchAction","target":{"@type":"EntryPoint","urlTemplate":"https:\/\/tibladin.dk\/?s={search_term_string}"},"query-input":{"@type":"PropertyValueSpecification","valueRequired":true,"valueName":"search_term_string"}}],"inLanguage":"nb-NO"},{"@type":"Organization","@id":"https:\/\/tibladin.dk\/#organization","name":"Tibladin","url":"https:\/\/tibladin.dk\/","logo":{"@type":"ImageObject","inLanguage":"nb-NO","@id":"https:\/\/tibladin.dk\/#\/schema\/logo\/image\/","url":"https:\/\/tibladin.dk\/wp-content\/uploads\/2022\/09\/tibladin_logo.svg","contentUrl":"https:\/\/tibladin.dk\/wp-content\/uploads\/2022\/09\/tibladin_logo.svg","caption":"Tibladin"},"image":{"@id":"https:\/\/tibladin.dk\/#\/schema\/logo\/image\/"}}]}},"_links":{"self":[{"href":"https:\/\/tibladin.dk\/nb\/wp-json\/wp\/v2\/product\/39124","targetHints":{"allow":["GET"]}}],"collection":[{"href":"https:\/\/tibladin.dk\/nb\/wp-json\/wp\/v2\/product"}],"about":[{"href":"https:\/\/tibladin.dk\/nb\/wp-json\/wp\/v2\/types\/product"}],"wp:featuredmedia":[{"embeddable":true,"href":"https:\/\/tibladin.dk\/nb\/wp-json\/wp\/v2\/media\/39127"}],"wp:attachment":[{"href":"https:\/\/tibladin.dk\/nb\/wp-json\/wp\/v2\/media?parent=39124"}],"wp:term":[{"taxonomy":"product_brand","embeddable":true,"href":"https:\/\/tibladin.dk\/nb\/wp-json\/wp\/v2\/product_brand?post=39124"},{"taxonomy":"product_cat","embeddable":true,"href":"https:\/\/tibladin.dk\/nb\/wp-json\/wp\/v2\/product_cat?post=39124"},{"taxonomy":"product_tag","embeddable":true,"href":"https:\/\/tibladin.dk\/nb\/wp-json\/wp\/v2\/product_tag?post=39124"}],"curies":[{"name":"wp","href":"https:\/\/api.w.org\/{rel}","templated":true}]}}