{"id":39418,"date":"2025-08-30T13:28:35","date_gmt":"2025-08-30T11:28:35","guid":{"rendered":"https:\/\/tibladin.dk\/?post_type=product&#038;p=39418"},"modified":"2026-02-06T18:48:37","modified_gmt":"2026-02-06T17:48:37","slug":"berberteppe-vintage-190x320-cm-anir","status":"publish","type":"product","link":"https:\/\/tibladin.dk\/nb\/produkt\/berbertaeppe-vintage-190x320-cm-anir\/","title":{"rendered":"Berberteppe vintage 190\u00d7320 cm. Anir"},"content":{"rendered":"<div class=\"wpb-content-wrapper\"><div class=\"vc_row wpb_row vc_row-fluid\"><div class=\"wpb_column vc_column_container vc_col-sm-12\"><div class=\"vc_column-inner\"><div class=\"wpb_wrapper\">\n\t<div class=\"wpb_text_column wpb_content_element\" >\n\t\t<div class=\"wpb_wrapper\">\n\t\t\t<p>!<\/p>\n\n\t\t<\/div>\n\t<\/div>\n<\/div><\/div><\/div><\/div><div class=\"vc_row wpb_row vc_row-fluid\"><div class=\"wpb_column vc_column_container vc_col-sm-4\"><div class=\"vc_column-inner\"><div class=\"wpb_wrapper\"><\/div><\/div><\/div><div class=\"wpb_column vc_column_container vc_col-sm-4\"><div class=\"vc_column-inner\"><div class=\"wpb_wrapper\"><h3 style=\"text-align: left\" class=\"vc_custom_heading vc_do_custom_heading\" >Tepper fra Taznakt vedlikehold<\/h3>\n\t<div class=\"wpb_text_column wpb_content_element\" >\n\t\t<div class=\"wpb_wrapper\">\n\t\t\t<h2 data-start=\"187\" data-end=\"209\"><strong data-start=\"193\" data-end=\"209\">Daglig pleie<\/strong><\/h2>\n<ul data-start=\"210\" data-end=\"513\">\n<li data-start=\"210\" data-end=\"332\">\n<p data-start=\"212\" data-end=\"332\"><strong data-start=\"212\" data-end=\"232\">St\u00f8vsug regelmessig<\/strong> \u2013 men uten roterende b\u00f8rste (kun dyse eller sk\u00e5nsom sugekraft) slik at ullen ikke slites un\u00f8dvendig.<\/p>\n<\/li>\n<li data-start=\"333\" data-end=\"411\">\n<p data-start=\"335\" data-end=\"411\"><strong data-start=\"335\" data-end=\"350\">Snu teppet.<\/strong> av og til, slik at slitasjen fordeles og fargene falmer jevnt.<\/p>\n<\/li>\n<li data-start=\"412\" data-end=\"513\">\n<p data-start=\"414\" data-end=\"513\"><strong data-start=\"414\" data-end=\"433\">Rist ut teppet<\/strong> et par ganger i \u00e5ret \u2013 dette l\u00f8sner st\u00f8v og sandkorn som gjemmer seg i fibrene.<\/p>\n<\/li>\n<\/ul>\n<hr data-start=\"515\" data-end=\"518\" \/>\n<h2 data-start=\"520\" data-end=\"542\"><strong data-start=\"526\" data-end=\"542\">Flekkfjerning<\/strong><\/h2>\n<ul data-start=\"543\" data-end=\"781\">\n<li data-start=\"543\" data-end=\"613\">\n<p data-start=\"545\" data-end=\"613\">Alltid t\u00f8rr <strong data-start=\"555\" data-end=\"571\">avfall umiddelbart<\/strong> med en ren, hvit klut \u2013 klapp, ikke gni.<\/p>\n<\/li>\n<li data-start=\"614\" data-end=\"710\">\n<p data-start=\"616\" data-end=\"710\">Bruk lunkent vann med litt n\u00f8ytral s\u00e5pe (f.eks. ullsjampo eller s\u00e5peflak) p\u00e5 sm\u00e5 flekker.<\/p>\n<\/li>\n<li data-start=\"711\" data-end=\"781\">\n<p data-start=\"713\" data-end=\"781\">Unng\u00e5 kjemiske rengj\u00f8ringsmidler, da de kan \u00f8delegge plantens farger.<\/p>\n<\/li>\n<\/ul>\n<hr data-start=\"783\" data-end=\"786\" \/>\n<h2 data-start=\"788\" data-end=\"814\"><strong data-start=\"794\" data-end=\"814\">Dypere rengj\u00f8ring<\/strong><\/h2>\n<ul data-start=\"815\" data-end=\"1109\">\n<li data-start=\"815\" data-end=\"971\">\n<p data-start=\"817\" data-end=\"971\">Rengj\u00f8r teppet forsiktig i <strong data-start=\"840\" data-end=\"854\">kaldt vann<\/strong> med mild ulls\u00e5pe om n\u00f8dvendig. La det t\u00f8rke flatt i skyggen \u2013 aldri i direkte sollys (som kan falme fargene).<\/p>\n<\/li>\n<li data-start=\"972\" data-end=\"1109\">\n<p data-start=\"974\" data-end=\"1109\">Profesjonell rengj\u00f8ring anbefales kun for personer med erfaring med ekte marokkanske berbertepper \u2013 regelmessig tepperens kan \u00f8delegge ullen og fargene.<\/p>\n<\/li>\n<\/ul>\n\n\t\t<\/div>\n\t<\/div>\n<\/div><\/div><\/div><div class=\"wpb_column vc_column_container vc_col-sm-4\"><div class=\"vc_column-inner\"><div class=\"wpb_wrapper\"><h3 style=\"text-align: left\" class=\"vc_custom_heading vc_do_custom_heading\" >Historien bak Taznakt-tepper<\/h3>\n\t<div class=\"wpb_text_column wpb_content_element\" >\n\t\t<div class=\"wpb_wrapper\">\n\t\t\t<h2 data-start=\"157\" data-end=\"199\"><strong data-start=\"163\" data-end=\"197\">Opprinnelsen til Taznakht-tepper<\/strong><\/h2>\n<ul data-start=\"200\" data-end=\"663\">\n<li data-start=\"200\" data-end=\"319\">\n<p data-start=\"202\" data-end=\"319\"><strong data-start=\"202\" data-end=\"215\">Geografi:<\/strong> Taznakht ligger i <strong data-start=\"234\" data-end=\"253\">s\u00f8rlige Marokko<\/strong>, mellom Ouarzazate og Sahara, ved foten av Anti-Atlasfjellene.<\/p>\n<\/li>\n<li data-start=\"320\" data-end=\"535\">\n<p data-start=\"322\" data-end=\"535\"><strong data-start=\"322\" data-end=\"335\">Historie:<\/strong> Omr\u00e5det har v\u00e6rt et viktig vevesenter i \u00e5rhundrer, hvor berberkvinner har laget tepper som kombinerer flere veveteknikker: <strong data-start=\"464\" data-end=\"532\">flatveving (Kelim), knyttede tepper og broderilignende detaljer<\/strong>.<\/p>\n<\/li>\n<li data-start=\"536\" data-end=\"663\">\n<p data-start=\"538\" data-end=\"663\"><strong data-start=\"538\" data-end=\"550\">Stammer:<\/strong> Teppene er forbundet med <strong data-start=\"574\" data-end=\"601\">A\u00eft Ouaouzguite-stammen<\/strong>, som er kjent for sine raffinerte og fargemettede tepper.<\/p>\n<\/li>\n<\/ul>\n<hr data-start=\"665\" data-end=\"668\" \/>\n<h2 data-start=\"670\" data-end=\"719\"><strong data-start=\"676\" data-end=\"717\">Kjennetegn ved Taznakht vintage-tepper<\/strong><\/h2>\n<ul data-start=\"720\" data-end=\"1394\">\n<li data-start=\"720\" data-end=\"934\">\n<p data-start=\"722\" data-end=\"934\"><strong data-start=\"722\" data-end=\"733\">Farger:<\/strong> Naturlige fargestoffer fra planter, mineraler og r\u00f8tter \u2013 som safran (gul), henna (oransje), indigo (bl\u00e5) og granatepleskall (r\u00f8d) \u2013 gir en varm og intens fargepalett som falmer vakkert over tid.<\/p>\n<\/li>\n<li data-start=\"935\" data-end=\"1193\">\n<p data-start=\"937\" data-end=\"1046\"><strong data-start=\"937\" data-end=\"949\">M\u00f8nstre:<\/strong> Sv\u00e6rt detaljerte og ofte mer \u201craffinerte\u201d enn andre berbertepper. Typiske motiver inkluderer:<\/p>\n<ul data-start=\"1049\" data-end=\"1193\">\n<li data-start=\"1049\" data-end=\"1084\">\n<p data-start=\"1051\" data-end=\"1084\">Gjentatt <strong data-start=\"1060\" data-end=\"1082\">romber og stjerner<\/strong><\/p>\n<\/li>\n<li data-start=\"1087\" data-end=\"1141\">\n<p data-start=\"1089\" data-end=\"1141\"><strong data-start=\"1089\" data-end=\"1108\">Stammesymboler<\/strong> som beskytter mot det onde \u00f8yet<\/p>\n<\/li>\n<li data-start=\"1144\" data-end=\"1193\">\n<p data-start=\"1146\" data-end=\"1193\">Kanter med sm\u00e5 m\u00f8nstre som rammer inn teppet<\/p>\n<\/li>\n<\/ul>\n<\/li>\n<li data-start=\"1194\" data-end=\"1394\">\n<p data-start=\"1196\" data-end=\"1394\"><strong data-start=\"1196\" data-end=\"1207\">Teknikk:<\/strong> Taznakht er spesielt fordi teppene ofte kombineres <strong data-start=\"1260\" data-end=\"1288\">tre teknikker i ett teppe<\/strong>: knyttede luvm\u00f8nstre, kelimoverflater og broderilignende m\u00f8nstre. Dette gj\u00f8r dem mer komplekse enn for eksempel Beni Ourain.<\/p>\n<\/li>\n<\/ul>\n<hr data-start=\"1396\" data-end=\"1399\" \/>\n<h2 data-start=\"1401\" data-end=\"1432\"><strong data-start=\"1407\" data-end=\"1430\">Sjeldenhet og verdi<\/strong><\/h2>\n<ul data-start=\"1433\" data-end=\"2095\">\n<li data-start=\"1433\" data-end=\"1614\">\n<p data-start=\"1435\" data-end=\"1614\"><strong data-start=\"1435\" data-end=\"1462\">Vintage Taznakht-tepper<\/strong> (fra 1950\u20131970-tallet) er sv\u00e6rt sjeldne i dag, ettersom produksjonen den gang var begrenset til sm\u00e5 landsbyer og hvert teppe kunne ta m\u00e5neder \u00e5 veve.<\/p>\n<\/li>\n<li data-start=\"1615\" data-end=\"1788\">\n<p data-start=\"1617\" data-end=\"1788\">I motsetning til Beni Ouarain og Azilal, som har blitt masseprodusert for eksport, er ekte Taznakht-tepper <strong data-start=\"1725\" data-end=\"1746\">mer nisje<\/strong> og er derfor mindre vanlige p\u00e5 markedet.<\/p>\n<\/li>\n<li data-start=\"1789\" data-end=\"1972\">\n<p data-start=\"1791\" data-end=\"1972\">Deres spesielle kombinasjon av veveteknikker og rike farger gj\u00f8r dem til i dag <strong data-start=\"1867\" data-end=\"1899\">ettertraktede samleobjekter<\/strong> \u2013 spesielt de teppene som fortsatt har sine originale plantefarger bevart.<\/p>\n<\/li>\n<li data-start=\"1973\" data-end=\"2095\">\n<p data-start=\"1975\" data-end=\"2095\">Mange eksperter og samlere anser Taznakht for \u00e5 v\u00e6re blant de <strong data-start=\"2035\" data-end=\"2092\">de mest sofistikerte og kunstneriske teppene fra Marokko<\/strong>.<\/p>\n<\/li>\n<\/ul>\n\n\t\t<\/div>\n\t<\/div>\n<\/div><\/div><\/div><\/div>\n<\/div>","protected":false},"excerpt":{"rendered":"<p data-start=\"0\" data-end=\"83\">Dette er et virkelig vakkert og fredfullt vintageteppe fra Taznakht-regionen \ud83c\udf3f<\/p>\n<p data-start=\"106\" data-end=\"255\">Teppet er h\u00e5ndvevd i 100%-ull av berberkvinner i Anti-Atlas-fjellene rundt Taznakht \u2013 et omr\u00e5de kjent for sine fargerike og symbolske tepper.<\/p>\n<p data-start=\"257\" data-end=\"548\">Dette m\u00f8belet har et enkelt, elegant design med tre store diamanter i midten \u2013 et klassisk berbersymbol for beskyttelse og livets syklus \u2013 omgitt av en ramme i st\u00f8vete turkise nyanser. Grunnfargen er en varm, falmet rosa\/beige tone, noe som gir teppet en mild og balansert karakter.<\/p>\n<p data-start=\"550\" data-end=\"710\">Fargene har naturlig falmet over tid, noe som skaper en unik patina \u2013 en ekte kvalitet ved vintage Taznakht-tepper som gj\u00f8r hvert stykke virkelig spesielt.<\/p>\n<p data-start=\"712\" data-end=\"872\">Med sin blanding av varme jordfarger og kj\u00f8lig turkis passer teppet perfekt inn i b\u00e5de moderne, nordiske hjem og mer fargerike, boheminspirerte interi\u00f8rer.<\/p>\n<p data-start=\"712\" data-end=\"872\">ANIR betyr dr\u00f8m p\u00e5 berberisk og passer godt til teppets myke, poetiske uttrykk. Teppet m\u00e5ler 190\u00d7320 cm og vil passe vakkert under et spisebord, i et hj\u00f8rne av en sofa eller midt i et rom.<\/p>","protected":false},"featured_media":39422,"template":"","meta":{"inline_featured_image":false},"product_brand":[],"product_cat":[143,59],"product_tag":[],"class_list":{"0":"post-39418","1":"product","2":"type-product","3":"status-publish","4":"has-post-thumbnail","6":"product_cat-berbertaepper","7":"product_cat-marokkanske-taepper","9":"first","10":"instock","11":"taxable","12":"shipping-taxable","13":"purchasable","14":"product-type-simple"},"exclude_global_add_ons":[],"addons":[],"yoast_head":"<!-- This site is optimized with the Yoast SEO plugin v27.4 - https:\/\/yoast.com\/product\/yoast-seo-wordpress\/ -->\n<title>Berbert\u00e6ppe | Marokkansk t\u00e6ppe | Kig her lige nu!<\/title>\n<meta name=\"description\" content=\"Unikt vintage Beni Mguild t\u00e6ppe 167x246 cm. H\u00e5ndv\u00e6vet i Marokko af 100% uld med klassisk diamantm\u00f8nster og smuk patina. Kun \u00e9t eksemplar.\" \/>\n<meta name=\"robots\" content=\"index, follow, max-snippet:-1, max-image-preview:large, max-video-preview:-1\" \/>\n<link rel=\"canonical\" href=\"https:\/\/tibladin.dk\/nb\/produkt\/berberteppe-vintage-190x320-cm-anir\/\" \/>\n<meta property=\"og:locale\" content=\"nb_NO\" \/>\n<meta property=\"og:type\" content=\"article\" \/>\n<meta property=\"og:title\" content=\"Berbert\u00e6ppe | Marokkansk t\u00e6ppe | Kig her lige nu!\" \/>\n<meta property=\"og:description\" content=\"Unikt vintage Beni Mguild t\u00e6ppe 167x246 cm. H\u00e5ndv\u00e6vet i Marokko af 100% uld med klassisk diamantm\u00f8nster og smuk patina. Kun \u00e9t eksemplar.\" \/>\n<meta property=\"og:url\" content=\"https:\/\/tibladin.dk\/nb\/produkt\/berberteppe-vintage-190x320-cm-anir\/\" \/>\n<meta property=\"og:site_name\" content=\"Tibladin\" \/>\n<meta property=\"article:modified_time\" content=\"2026-02-06T17:48:37+00:00\" \/>\n<meta property=\"og:image\" content=\"https:\/\/tibladin.dk\/wp-content\/uploads\/2025\/08\/vintage-taeppe_ANIR_5.jpg\" \/>\n\t<meta property=\"og:image:width\" content=\"800\" \/>\n\t<meta property=\"og:image:height\" content=\"800\" \/>\n\t<meta property=\"og:image:type\" content=\"image\/jpeg\" \/>\n<meta name=\"twitter:card\" content=\"summary_large_image\" \/>\n<meta name=\"twitter:label1\" content=\"Ansl. lesetid\" \/>\n\t<meta name=\"twitter:data1\" content=\"3 minutter\" \/>\n<script type=\"application\/ld+json\" class=\"yoast-schema-graph\">{\"@context\":\"https:\\\/\\\/schema.org\",\"@graph\":[{\"@type\":\"WebPage\",\"@id\":\"https:\\\/\\\/tibladin.dk\\\/produkt\\\/berbertaeppe-vintage-190x320-cm-anir\\\/\",\"url\":\"https:\\\/\\\/tibladin.dk\\\/produkt\\\/berbertaeppe-vintage-190x320-cm-anir\\\/\",\"name\":\"Berbert\u00e6ppe | Marokkansk t\u00e6ppe | Kig her lige nu!\",\"isPartOf\":{\"@id\":\"https:\\\/\\\/tibladin.dk\\\/#website\"},\"primaryImageOfPage\":{\"@id\":\"https:\\\/\\\/tibladin.dk\\\/produkt\\\/berbertaeppe-vintage-190x320-cm-anir\\\/#primaryimage\"},\"image\":{\"@id\":\"https:\\\/\\\/tibladin.dk\\\/produkt\\\/berbertaeppe-vintage-190x320-cm-anir\\\/#primaryimage\"},\"thumbnailUrl\":\"https:\\\/\\\/tibladin.dk\\\/wp-content\\\/uploads\\\/2025\\\/08\\\/vintage-taeppe_ANIR_5.jpg\",\"datePublished\":\"2025-08-30T11:28:35+00:00\",\"dateModified\":\"2026-02-06T17:48:37+00:00\",\"description\":\"Unikt vintage Beni Mguild t\u00e6ppe 167x246 cm. H\u00e5ndv\u00e6vet i Marokko af 100% uld med klassisk diamantm\u00f8nster og smuk patina. Kun \u00e9t eksemplar.\",\"breadcrumb\":{\"@id\":\"https:\\\/\\\/tibladin.dk\\\/produkt\\\/berbertaeppe-vintage-190x320-cm-anir\\\/#breadcrumb\"},\"inLanguage\":\"nb-NO\",\"potentialAction\":[{\"@type\":\"ReadAction\",\"target\":[\"https:\\\/\\\/tibladin.dk\\\/produkt\\\/berbertaeppe-vintage-190x320-cm-anir\\\/\"]}]},{\"@type\":\"ImageObject\",\"inLanguage\":\"nb-NO\",\"@id\":\"https:\\\/\\\/tibladin.dk\\\/produkt\\\/berbertaeppe-vintage-190x320-cm-anir\\\/#primaryimage\",\"url\":\"https:\\\/\\\/tibladin.dk\\\/wp-content\\\/uploads\\\/2025\\\/08\\\/vintage-taeppe_ANIR_5.jpg\",\"contentUrl\":\"https:\\\/\\\/tibladin.dk\\\/wp-content\\\/uploads\\\/2025\\\/08\\\/vintage-taeppe_ANIR_5.jpg\",\"width\":800,\"height\":800,\"caption\":\"vintage t\u00e6ppe_ANIR\"},{\"@type\":\"BreadcrumbList\",\"@id\":\"https:\\\/\\\/tibladin.dk\\\/produkt\\\/berbertaeppe-vintage-190x320-cm-anir\\\/#breadcrumb\",\"itemListElement\":[{\"@type\":\"ListItem\",\"position\":1,\"name\":\"Hjem\",\"item\":\"https:\\\/\\\/tibladin.dk\\\/\"},{\"@type\":\"ListItem\",\"position\":2,\"name\":\"Shop\",\"item\":\"https:\\\/\\\/tibladin.dk\\\/shop\\\/\"},{\"@type\":\"ListItem\",\"position\":3,\"name\":\"Berbert\u00e6ppe vintage 190&#215;320 cm. ANIR\"}]},{\"@type\":\"WebSite\",\"@id\":\"https:\\\/\\\/tibladin.dk\\\/#website\",\"url\":\"https:\\\/\\\/tibladin.dk\\\/\",\"name\":\"Tibladin\",\"description\":\"Tibladin\",\"publisher\":{\"@id\":\"https:\\\/\\\/tibladin.dk\\\/#organization\"},\"potentialAction\":[{\"@type\":\"SearchAction\",\"target\":{\"@type\":\"EntryPoint\",\"urlTemplate\":\"https:\\\/\\\/tibladin.dk\\\/?s={search_term_string}\"},\"query-input\":{\"@type\":\"PropertyValueSpecification\",\"valueRequired\":true,\"valueName\":\"search_term_string\"}}],\"inLanguage\":\"nb-NO\"},{\"@type\":\"Organization\",\"@id\":\"https:\\\/\\\/tibladin.dk\\\/#organization\",\"name\":\"Tibladin\",\"url\":\"https:\\\/\\\/tibladin.dk\\\/\",\"logo\":{\"@type\":\"ImageObject\",\"inLanguage\":\"nb-NO\",\"@id\":\"https:\\\/\\\/tibladin.dk\\\/#\\\/schema\\\/logo\\\/image\\\/\",\"url\":\"https:\\\/\\\/tibladin.dk\\\/wp-content\\\/uploads\\\/2022\\\/09\\\/tibladin_logo.svg\",\"contentUrl\":\"https:\\\/\\\/tibladin.dk\\\/wp-content\\\/uploads\\\/2022\\\/09\\\/tibladin_logo.svg\",\"caption\":\"Tibladin\"},\"image\":{\"@id\":\"https:\\\/\\\/tibladin.dk\\\/#\\\/schema\\\/logo\\\/image\\\/\"}}]}<\/script>\n<!-- \/ Yoast SEO plugin. -->","yoast_head_json":{"title":"Berberteppe | Marokkansk teppe | Se her n\u00e5!","description":"Unikt vintage Beni Mguild-teppe 167x246 cm. H\u00e5ndvevd i Marokko av 100%-ull med klassisk diamantm\u00f8nster og vakker patina. Kun ett eksemplar.","robots":{"index":"index","follow":"follow","max-snippet":"max-snippet:-1","max-image-preview":"max-image-preview:large","max-video-preview":"max-video-preview:-1"},"canonical":"https:\/\/tibladin.dk\/nb\/produkt\/berberteppe-vintage-190x320-cm-anir\/","og_locale":"nb_NO","og_type":"article","og_title":"Berbert\u00e6ppe | Marokkansk t\u00e6ppe | Kig her lige nu!","og_description":"Unikt vintage Beni Mguild t\u00e6ppe 167x246 cm. H\u00e5ndv\u00e6vet i Marokko af 100% uld med klassisk diamantm\u00f8nster og smuk patina. Kun \u00e9t eksemplar.","og_url":"https:\/\/tibladin.dk\/nb\/produkt\/berberteppe-vintage-190x320-cm-anir\/","og_site_name":"Tibladin","article_modified_time":"2026-02-06T17:48:37+00:00","og_image":[{"width":800,"height":800,"url":"https:\/\/tibladin.dk\/wp-content\/uploads\/2025\/08\/vintage-taeppe_ANIR_5.jpg","type":"image\/jpeg"}],"twitter_card":"summary_large_image","twitter_misc":{"Ansl. lesetid":"3 minutter"},"schema":{"@context":"https:\/\/schema.org","@graph":[{"@type":"WebPage","@id":"https:\/\/tibladin.dk\/produkt\/berbertaeppe-vintage-190x320-cm-anir\/","url":"https:\/\/tibladin.dk\/produkt\/berbertaeppe-vintage-190x320-cm-anir\/","name":"Berberteppe | Marokkansk teppe | Se her n\u00e5!","isPartOf":{"@id":"https:\/\/tibladin.dk\/#website"},"primaryImageOfPage":{"@id":"https:\/\/tibladin.dk\/produkt\/berbertaeppe-vintage-190x320-cm-anir\/#primaryimage"},"image":{"@id":"https:\/\/tibladin.dk\/produkt\/berbertaeppe-vintage-190x320-cm-anir\/#primaryimage"},"thumbnailUrl":"https:\/\/tibladin.dk\/wp-content\/uploads\/2025\/08\/vintage-taeppe_ANIR_5.jpg","datePublished":"2025-08-30T11:28:35+00:00","dateModified":"2026-02-06T17:48:37+00:00","description":"Unikt vintage Beni Mguild-teppe 167x246 cm. H\u00e5ndvevd i Marokko av 100%-ull med klassisk diamantm\u00f8nster og vakker patina. Kun ett eksemplar.","breadcrumb":{"@id":"https:\/\/tibladin.dk\/produkt\/berbertaeppe-vintage-190x320-cm-anir\/#breadcrumb"},"inLanguage":"nb-NO","potentialAction":[{"@type":"ReadAction","target":["https:\/\/tibladin.dk\/produkt\/berbertaeppe-vintage-190x320-cm-anir\/"]}]},{"@type":"ImageObject","inLanguage":"nb-NO","@id":"https:\/\/tibladin.dk\/produkt\/berbertaeppe-vintage-190x320-cm-anir\/#primaryimage","url":"https:\/\/tibladin.dk\/wp-content\/uploads\/2025\/08\/vintage-taeppe_ANIR_5.jpg","contentUrl":"https:\/\/tibladin.dk\/wp-content\/uploads\/2025\/08\/vintage-taeppe_ANIR_5.jpg","width":800,"height":800,"caption":"vintage t\u00e6ppe_ANIR"},{"@type":"BreadcrumbList","@id":"https:\/\/tibladin.dk\/produkt\/berbertaeppe-vintage-190x320-cm-anir\/#breadcrumb","itemListElement":[{"@type":"ListItem","position":1,"name":"Hjem","item":"https:\/\/tibladin.dk\/"},{"@type":"ListItem","position":2,"name":"Shop","item":"https:\/\/tibladin.dk\/shop\/"},{"@type":"ListItem","position":3,"name":"Berbert\u00e6ppe vintage 190&#215;320 cm. ANIR"}]},{"@type":"WebSite","@id":"https:\/\/tibladin.dk\/#website","url":"https:\/\/tibladin.dk\/","name":"Tibladin","description":"Tibladin","publisher":{"@id":"https:\/\/tibladin.dk\/#organization"},"potentialAction":[{"@type":"SearchAction","target":{"@type":"EntryPoint","urlTemplate":"https:\/\/tibladin.dk\/?s={search_term_string}"},"query-input":{"@type":"PropertyValueSpecification","valueRequired":true,"valueName":"search_term_string"}}],"inLanguage":"nb-NO"},{"@type":"Organization","@id":"https:\/\/tibladin.dk\/#organization","name":"Tibladin","url":"https:\/\/tibladin.dk\/","logo":{"@type":"ImageObject","inLanguage":"nb-NO","@id":"https:\/\/tibladin.dk\/#\/schema\/logo\/image\/","url":"https:\/\/tibladin.dk\/wp-content\/uploads\/2022\/09\/tibladin_logo.svg","contentUrl":"https:\/\/tibladin.dk\/wp-content\/uploads\/2022\/09\/tibladin_logo.svg","caption":"Tibladin"},"image":{"@id":"https:\/\/tibladin.dk\/#\/schema\/logo\/image\/"}}]}},"_links":{"self":[{"href":"https:\/\/tibladin.dk\/nb\/wp-json\/wp\/v2\/product\/39418","targetHints":{"allow":["GET"]}}],"collection":[{"href":"https:\/\/tibladin.dk\/nb\/wp-json\/wp\/v2\/product"}],"about":[{"href":"https:\/\/tibladin.dk\/nb\/wp-json\/wp\/v2\/types\/product"}],"wp:featuredmedia":[{"embeddable":true,"href":"https:\/\/tibladin.dk\/nb\/wp-json\/wp\/v2\/media\/39422"}],"wp:attachment":[{"href":"https:\/\/tibladin.dk\/nb\/wp-json\/wp\/v2\/media?parent=39418"}],"wp:term":[{"taxonomy":"product_brand","embeddable":true,"href":"https:\/\/tibladin.dk\/nb\/wp-json\/wp\/v2\/product_brand?post=39418"},{"taxonomy":"product_cat","embeddable":true,"href":"https:\/\/tibladin.dk\/nb\/wp-json\/wp\/v2\/product_cat?post=39418"},{"taxonomy":"product_tag","embeddable":true,"href":"https:\/\/tibladin.dk\/nb\/wp-json\/wp\/v2\/product_tag?post=39418"}],"curies":[{"name":"wp","href":"https:\/\/api.w.org\/{rel}","templated":true}]}}