{"id":39493,"date":"2025-09-05T15:00:55","date_gmt":"2025-09-05T13:00:55","guid":{"rendered":"https:\/\/tibladin.dk\/?post_type=product&#038;p=39493"},"modified":"2025-09-05T16:05:30","modified_gmt":"2025-09-05T14:05:30","slug":"beni-ouarain-100x164-cm-azura","status":"publish","type":"product","link":"https:\/\/tibladin.dk\/nb\/produkt\/beni-ouarain-100x164-cm-azura\/","title":{"rendered":"Beni Ouarain 100\u00d7164 cm. \u2013 AZURA"},"content":{"rendered":"<div class=\"wpb-content-wrapper\"><p>!<div class=\"vc_row wpb_row vc_row-fluid\"><div class=\"wpb_column vc_column_container vc_col-sm-4\"><div class=\"vc_column-inner\"><div class=\"wpb_wrapper\"><\/div><\/div><\/div><div class=\"wpb_column vc_column_container vc_col-sm-4\"><div class=\"vc_column-inner\"><div class=\"wpb_wrapper\"><h3 style=\"text-align: left\" class=\"vc_custom_heading vc_do_custom_heading\" >Beni Ourain teppevedlikehold<\/h3>\n\t<div class=\"wpb_text_column wpb_content_element\" >\n\t\t<div class=\"wpb_wrapper\">\n\t\t\t<p>St\u00f8vsug Beni Ourain-teppet regelmessig og ta det med ut og rist det av og til. Flekker fjernes ved \u00e5 bl\u00f8tlegge flekken med en klut s\u00e5 snart som mulig og duppe flekken med en fuktig klut. Teppet er laget av 100 % ren ull og er naturlig dekket med lanolin p\u00e5 hver fiber, noe som hindrer flekker i \u00e5 trenge inn i teppet. Hvis vi er s\u00e5 heldige \u00e5 f\u00e5 sn\u00f8 en vinter i Danmark, legg teppet ut i den hvite sn\u00f8en. Dette vil rense teppet grundig \u2013 helt naturlig.<\/p>\n\n\t\t<\/div>\n\t<\/div>\n<\/div><\/div><\/div><div class=\"wpb_column vc_column_container vc_col-sm-4\"><div class=\"vc_column-inner\"><div class=\"wpb_wrapper\"><h3 style=\"text-align: left\" class=\"vc_custom_heading vc_do_custom_heading\" >Historien bak Beni Ourain-teppene<\/h3>\n\t<div class=\"wpb_text_column wpb_content_element\" >\n\t\t<div class=\"wpb_wrapper\">\n\t\t\t<p>Beni Ourain-teppet dekorerer, gir kos og varme og er ogs\u00e5 st\u00f8ydempende.<\/p>\n<p>Beni Ouarain-tepper er sv\u00e6rt etterspurt over hele verden og passer ogs\u00e5 sv\u00e6rt godt inn i skandinavisk interi\u00f8r. Mange interi\u00f8rmerker har kopiert stilen deres og f\u00e5tt dem laget industrielt. Her hos Tibladin har vi kun originale Beni Ouarain-tepper h\u00e5ndlaget av kvinner fra berberstammen Beni Ouarain, som oppsto s\u00f8r for Rif-fjellene i Marokko. Teppene brukes av berberstammen til \u00e5 dekke seg til og ligge p\u00e5 n\u00e5r de sover. Hvert teppe er et kunstverk, og i motsetning til orientalske tepper er de ikke produsert etter modeller, men kun etter kvinnenes egne \u00f8nsker, og symboliserer ofte f\u00f8lelsene kvinnene har hatt n\u00e5r de vever. Diamantformen som du ser i mange av teppene beskytter mot onde \u00e5nder. Fargetonene er naturlige i sine hvite, beige, brune og svarte farger.<\/p>\n<p>Slipp av deg skoene og kjenn den myke ullen under f\u00f8ttene!<\/p>\n\n\t\t<\/div>\n\t<\/div>\n<\/div><\/div><\/div><\/div>\n<\/div>","protected":false},"excerpt":{"rendered":"<ul>\n<li>\n<p data-start=\"270\" data-end=\"315\">\u2728 <strong data-start=\"272\" data-end=\"311\">Azura \u2013 Beni Ourain-teppe 100% ull<\/strong> \u2728<\/p>\n<p data-start=\"317\" data-end=\"506\">Dette unike Beni Ourain-teppet er h\u00e5ndvevd av berberkvinner i Atlasfjellene i Marokko. Teppet er laget av 100% naturlig ull, noe som gir det en myk, varm og slitesterk kvalitet.<\/p>\n<p data-start=\"508\" data-end=\"843\">Designet kombinerer den klassiske naturhvite basen med <strong data-start=\"562\" data-end=\"616\">skarpt definerte diamantm\u00f8nstre i bl\u00e5gr\u00f8nne toner<\/strong> \u2013 en sjelden vri p\u00e5 det tradisjonelle Beni Ouarain-uttrykket. Diamanten symboliserer beskyttelse og livets reise i berberkulturen, noe som gj\u00f8r teppet til mer enn bare et interi\u00f8relement \u2013 det er et stykke levende kulturarv.<\/p>\n<p data-start=\"845\" data-end=\"1051\">\u2714 H\u00e5ndvevd i Marokko fra 100% ull<br data-start=\"878\" data-end=\"881\" \/>\u2714 Klassisk Beni Ourain-m\u00f8nster i moderne bl\u00e5gr\u00f8nn<br data-start=\"930\" data-end=\"933\" \/>\u2714 Tidl\u00f8st design som passer perfekt inn i b\u00e5de nordisk og bohemsk innredning<br data-start=\"1007\" data-end=\"1010\" \/>\u2714 Et unikt m\u00f8bel \u2013 ingen tepper er like<\/p>\n<p data-start=\"1053\" data-end=\"1204\">Med <strong data-start=\"1057\" data-end=\"1066\">Azure<\/strong> Du f\u00e5r et teppe som kombinerer marokkansk tradisjon med et moderne fargeuttrykk \u2013 perfekt for \u00e5 skape personlighet og varme i hjemmet ditt.<\/p>\n<\/li>\n<\/ul>\n<p><strong>Teppet m\u00e5ler 100 x 164 cm.<\/strong><\/p>","protected":false},"featured_media":39498,"template":"","meta":{"inline_featured_image":false},"product_brand":[],"product_cat":[62,59],"product_tag":[],"class_list":{"0":"post-39493","1":"product","2":"type-product","3":"status-publish","4":"has-post-thumbnail","6":"product_cat-beni-ouarain","7":"product_cat-marokkanske-taepper","9":"first","10":"instock","11":"taxable","12":"shipping-taxable","13":"purchasable","14":"product-type-simple"},"exclude_global_add_ons":[],"addons":[],"yoast_head":"<!-- This site is optimized with the Yoast SEO plugin v27.5 - https:\/\/yoast.com\/product\/yoast-seo-wordpress\/ -->\n<title>Beni Ouarain t\u00e6ppe | Marokkansk t\u00e6ppe | Kig her lige nu!<\/title>\n<meta name=\"description\" content=\"Marokkansk t\u00e6ppe Beni Ouarain i 100% uld. Dejlig lys uld med turkis diamantformet m\u00f8nster. T\u00e6ppet er h\u00e5ndv\u00e6vet i kvalitetsuld og m\u00e5ler 100x164 cm.\" \/>\n<meta name=\"robots\" content=\"index, follow, max-snippet:-1, max-image-preview:large, max-video-preview:-1\" \/>\n<link rel=\"canonical\" href=\"https:\/\/tibladin.dk\/nb\/produkt\/beni-ouarain-100x164-cm-azura\/\" \/>\n<meta property=\"og:locale\" content=\"nb_NO\" \/>\n<meta property=\"og:type\" content=\"article\" \/>\n<meta property=\"og:title\" content=\"Beni Ouarain t\u00e6ppe | Marokkansk t\u00e6ppe | Kig her lige nu!\" \/>\n<meta property=\"og:description\" content=\"Marokkansk t\u00e6ppe Beni Ouarain i 100% uld. Dejlig lys uld med turkis diamantformet m\u00f8nster. T\u00e6ppet er h\u00e5ndv\u00e6vet i kvalitetsuld og m\u00e5ler 100x164 cm.\" \/>\n<meta property=\"og:url\" content=\"https:\/\/tibladin.dk\/nb\/produkt\/beni-ouarain-100x164-cm-azura\/\" \/>\n<meta property=\"og:site_name\" content=\"Tibladin\" \/>\n<meta property=\"article:modified_time\" content=\"2025-09-05T14:05:30+00:00\" \/>\n<meta property=\"og:image\" content=\"https:\/\/tibladin.dk\/wp-content\/uploads\/2025\/09\/Beni-Ouarain-taeppe_AZURA_6.jpg\" \/>\n\t<meta property=\"og:image:width\" content=\"800\" \/>\n\t<meta property=\"og:image:height\" content=\"800\" \/>\n\t<meta property=\"og:image:type\" content=\"image\/jpeg\" \/>\n<meta name=\"twitter:card\" content=\"summary_large_image\" \/>\n<meta name=\"twitter:label1\" content=\"Ansl. lesetid\" \/>\n\t<meta name=\"twitter:data1\" content=\"2 minutter\" \/>\n<script type=\"application\/ld+json\" class=\"yoast-schema-graph\">{\"@context\":\"https:\\\/\\\/schema.org\",\"@graph\":[{\"@type\":\"WebPage\",\"@id\":\"https:\\\/\\\/tibladin.dk\\\/produkt\\\/beni-ouarain-100x164-cm-azura\\\/\",\"url\":\"https:\\\/\\\/tibladin.dk\\\/produkt\\\/beni-ouarain-100x164-cm-azura\\\/\",\"name\":\"Beni Ouarain t\u00e6ppe | Marokkansk t\u00e6ppe | Kig her lige nu!\",\"isPartOf\":{\"@id\":\"https:\\\/\\\/tibladin.dk\\\/#website\"},\"primaryImageOfPage\":{\"@id\":\"https:\\\/\\\/tibladin.dk\\\/produkt\\\/beni-ouarain-100x164-cm-azura\\\/#primaryimage\"},\"image\":{\"@id\":\"https:\\\/\\\/tibladin.dk\\\/produkt\\\/beni-ouarain-100x164-cm-azura\\\/#primaryimage\"},\"thumbnailUrl\":\"https:\\\/\\\/tibladin.dk\\\/wp-content\\\/uploads\\\/2025\\\/09\\\/Beni-Ouarain-taeppe_AZURA_6.jpg\",\"datePublished\":\"2025-09-05T13:00:55+00:00\",\"dateModified\":\"2025-09-05T14:05:30+00:00\",\"description\":\"Marokkansk t\u00e6ppe Beni Ouarain i 100% uld. Dejlig lys uld med turkis diamantformet m\u00f8nster. T\u00e6ppet er h\u00e5ndv\u00e6vet i kvalitetsuld og m\u00e5ler 100x164 cm.\",\"breadcrumb\":{\"@id\":\"https:\\\/\\\/tibladin.dk\\\/produkt\\\/beni-ouarain-100x164-cm-azura\\\/#breadcrumb\"},\"inLanguage\":\"nb-NO\",\"potentialAction\":[{\"@type\":\"ReadAction\",\"target\":[\"https:\\\/\\\/tibladin.dk\\\/produkt\\\/beni-ouarain-100x164-cm-azura\\\/\"]}]},{\"@type\":\"ImageObject\",\"inLanguage\":\"nb-NO\",\"@id\":\"https:\\\/\\\/tibladin.dk\\\/produkt\\\/beni-ouarain-100x164-cm-azura\\\/#primaryimage\",\"url\":\"https:\\\/\\\/tibladin.dk\\\/wp-content\\\/uploads\\\/2025\\\/09\\\/Beni-Ouarain-taeppe_AZURA_6.jpg\",\"contentUrl\":\"https:\\\/\\\/tibladin.dk\\\/wp-content\\\/uploads\\\/2025\\\/09\\\/Beni-Ouarain-taeppe_AZURA_6.jpg\",\"width\":800,\"height\":800,\"caption\":\"Azura beni Ouarain t\u00e6ppe. Lyst med turkis diamantformet m\u00f8nster - 100x164 cm\"},{\"@type\":\"BreadcrumbList\",\"@id\":\"https:\\\/\\\/tibladin.dk\\\/produkt\\\/beni-ouarain-100x164-cm-azura\\\/#breadcrumb\",\"itemListElement\":[{\"@type\":\"ListItem\",\"position\":1,\"name\":\"Hjem\",\"item\":\"https:\\\/\\\/tibladin.dk\\\/\"},{\"@type\":\"ListItem\",\"position\":2,\"name\":\"Shop\",\"item\":\"https:\\\/\\\/tibladin.dk\\\/shop\\\/\"},{\"@type\":\"ListItem\",\"position\":3,\"name\":\"Beni Ouarain 100&#215;164 cm. &#8211; AZURA\"}]},{\"@type\":\"WebSite\",\"@id\":\"https:\\\/\\\/tibladin.dk\\\/#website\",\"url\":\"https:\\\/\\\/tibladin.dk\\\/\",\"name\":\"Tibladin\",\"description\":\"Tibladin\",\"publisher\":{\"@id\":\"https:\\\/\\\/tibladin.dk\\\/#organization\"},\"potentialAction\":[{\"@type\":\"SearchAction\",\"target\":{\"@type\":\"EntryPoint\",\"urlTemplate\":\"https:\\\/\\\/tibladin.dk\\\/?s={search_term_string}\"},\"query-input\":{\"@type\":\"PropertyValueSpecification\",\"valueRequired\":true,\"valueName\":\"search_term_string\"}}],\"inLanguage\":\"nb-NO\"},{\"@type\":\"Organization\",\"@id\":\"https:\\\/\\\/tibladin.dk\\\/#organization\",\"name\":\"Tibladin\",\"url\":\"https:\\\/\\\/tibladin.dk\\\/\",\"logo\":{\"@type\":\"ImageObject\",\"inLanguage\":\"nb-NO\",\"@id\":\"https:\\\/\\\/tibladin.dk\\\/#\\\/schema\\\/logo\\\/image\\\/\",\"url\":\"https:\\\/\\\/tibladin.dk\\\/wp-content\\\/uploads\\\/2022\\\/09\\\/tibladin_logo.svg\",\"contentUrl\":\"https:\\\/\\\/tibladin.dk\\\/wp-content\\\/uploads\\\/2022\\\/09\\\/tibladin_logo.svg\",\"caption\":\"Tibladin\"},\"image\":{\"@id\":\"https:\\\/\\\/tibladin.dk\\\/#\\\/schema\\\/logo\\\/image\\\/\"}}]}<\/script>\n<!-- \/ Yoast SEO plugin. -->","yoast_head_json":{"title":"Beni Ourain-teppe | Marokkansk teppe | Se her n\u00e5!","description":"Marokkansk teppe Beni Ourain i 100% ull. Nydelig lys ull med turkis diamantformet m\u00f8nster. Teppet er h\u00e5ndvevd i kvalitetsull og m\u00e5ler 100x164 cm.","robots":{"index":"index","follow":"follow","max-snippet":"max-snippet:-1","max-image-preview":"max-image-preview:large","max-video-preview":"max-video-preview:-1"},"canonical":"https:\/\/tibladin.dk\/nb\/produkt\/beni-ouarain-100x164-cm-azura\/","og_locale":"nb_NO","og_type":"article","og_title":"Beni Ouarain t\u00e6ppe | Marokkansk t\u00e6ppe | Kig her lige nu!","og_description":"Marokkansk t\u00e6ppe Beni Ouarain i 100% uld. Dejlig lys uld med turkis diamantformet m\u00f8nster. T\u00e6ppet er h\u00e5ndv\u00e6vet i kvalitetsuld og m\u00e5ler 100x164 cm.","og_url":"https:\/\/tibladin.dk\/nb\/produkt\/beni-ouarain-100x164-cm-azura\/","og_site_name":"Tibladin","article_modified_time":"2025-09-05T14:05:30+00:00","og_image":[{"width":800,"height":800,"url":"https:\/\/tibladin.dk\/wp-content\/uploads\/2025\/09\/Beni-Ouarain-taeppe_AZURA_6.jpg","type":"image\/jpeg"}],"twitter_card":"summary_large_image","twitter_misc":{"Ansl. lesetid":"2 minutter"},"schema":{"@context":"https:\/\/schema.org","@graph":[{"@type":"WebPage","@id":"https:\/\/tibladin.dk\/produkt\/beni-ouarain-100x164-cm-azura\/","url":"https:\/\/tibladin.dk\/produkt\/beni-ouarain-100x164-cm-azura\/","name":"Beni Ourain-teppe | Marokkansk teppe | Se her n\u00e5!","isPartOf":{"@id":"https:\/\/tibladin.dk\/#website"},"primaryImageOfPage":{"@id":"https:\/\/tibladin.dk\/produkt\/beni-ouarain-100x164-cm-azura\/#primaryimage"},"image":{"@id":"https:\/\/tibladin.dk\/produkt\/beni-ouarain-100x164-cm-azura\/#primaryimage"},"thumbnailUrl":"https:\/\/tibladin.dk\/wp-content\/uploads\/2025\/09\/Beni-Ouarain-taeppe_AZURA_6.jpg","datePublished":"2025-09-05T13:00:55+00:00","dateModified":"2025-09-05T14:05:30+00:00","description":"Marokkansk teppe Beni Ourain i 100% ull. Nydelig lys ull med turkis diamantformet m\u00f8nster. Teppet er h\u00e5ndvevd i kvalitetsull og m\u00e5ler 100x164 cm.","breadcrumb":{"@id":"https:\/\/tibladin.dk\/produkt\/beni-ouarain-100x164-cm-azura\/#breadcrumb"},"inLanguage":"nb-NO","potentialAction":[{"@type":"ReadAction","target":["https:\/\/tibladin.dk\/produkt\/beni-ouarain-100x164-cm-azura\/"]}]},{"@type":"ImageObject","inLanguage":"nb-NO","@id":"https:\/\/tibladin.dk\/produkt\/beni-ouarain-100x164-cm-azura\/#primaryimage","url":"https:\/\/tibladin.dk\/wp-content\/uploads\/2025\/09\/Beni-Ouarain-taeppe_AZURA_6.jpg","contentUrl":"https:\/\/tibladin.dk\/wp-content\/uploads\/2025\/09\/Beni-Ouarain-taeppe_AZURA_6.jpg","width":800,"height":800,"caption":"Azura beni Ouarain t\u00e6ppe. Lyst med turkis diamantformet m\u00f8nster - 100x164 cm"},{"@type":"BreadcrumbList","@id":"https:\/\/tibladin.dk\/produkt\/beni-ouarain-100x164-cm-azura\/#breadcrumb","itemListElement":[{"@type":"ListItem","position":1,"name":"Hjem","item":"https:\/\/tibladin.dk\/"},{"@type":"ListItem","position":2,"name":"Shop","item":"https:\/\/tibladin.dk\/shop\/"},{"@type":"ListItem","position":3,"name":"Beni Ouarain 100&#215;164 cm. &#8211; AZURA"}]},{"@type":"WebSite","@id":"https:\/\/tibladin.dk\/#website","url":"https:\/\/tibladin.dk\/","name":"Tibladin","description":"Tibladin","publisher":{"@id":"https:\/\/tibladin.dk\/#organization"},"potentialAction":[{"@type":"SearchAction","target":{"@type":"EntryPoint","urlTemplate":"https:\/\/tibladin.dk\/?s={search_term_string}"},"query-input":{"@type":"PropertyValueSpecification","valueRequired":true,"valueName":"search_term_string"}}],"inLanguage":"nb-NO"},{"@type":"Organization","@id":"https:\/\/tibladin.dk\/#organization","name":"Tibladin","url":"https:\/\/tibladin.dk\/","logo":{"@type":"ImageObject","inLanguage":"nb-NO","@id":"https:\/\/tibladin.dk\/#\/schema\/logo\/image\/","url":"https:\/\/tibladin.dk\/wp-content\/uploads\/2022\/09\/tibladin_logo.svg","contentUrl":"https:\/\/tibladin.dk\/wp-content\/uploads\/2022\/09\/tibladin_logo.svg","caption":"Tibladin"},"image":{"@id":"https:\/\/tibladin.dk\/#\/schema\/logo\/image\/"}}]}},"_links":{"self":[{"href":"https:\/\/tibladin.dk\/nb\/wp-json\/wp\/v2\/product\/39493","targetHints":{"allow":["GET"]}}],"collection":[{"href":"https:\/\/tibladin.dk\/nb\/wp-json\/wp\/v2\/product"}],"about":[{"href":"https:\/\/tibladin.dk\/nb\/wp-json\/wp\/v2\/types\/product"}],"wp:featuredmedia":[{"embeddable":true,"href":"https:\/\/tibladin.dk\/nb\/wp-json\/wp\/v2\/media\/39498"}],"wp:attachment":[{"href":"https:\/\/tibladin.dk\/nb\/wp-json\/wp\/v2\/media?parent=39493"}],"wp:term":[{"taxonomy":"product_brand","embeddable":true,"href":"https:\/\/tibladin.dk\/nb\/wp-json\/wp\/v2\/product_brand?post=39493"},{"taxonomy":"product_cat","embeddable":true,"href":"https:\/\/tibladin.dk\/nb\/wp-json\/wp\/v2\/product_cat?post=39493"},{"taxonomy":"product_tag","embeddable":true,"href":"https:\/\/tibladin.dk\/nb\/wp-json\/wp\/v2\/product_tag?post=39493"}],"curies":[{"name":"wp","href":"https:\/\/api.w.org\/{rel}","templated":true}]}}