{"id":39942,"date":"2025-09-26T13:01:42","date_gmt":"2025-09-26T11:01:42","guid":{"rendered":"https:\/\/tibladin.dk\/?post_type=product&#038;p=39942"},"modified":"2026-03-19T17:11:03","modified_gmt":"2026-03-19T16:11:03","slug":"marokkansk-tallerken-42-cm-kunstner","status":"publish","type":"product","link":"https:\/\/tibladin.dk\/nb\/produkt\/marokkansk-fad-42-cm-artist\/","title":{"rendered":"Marokkansk tallerken - 42 cm. - Kunstner"},"content":{"rendered":"<div class=\"wpb-content-wrapper\"><p>Vakker marokkansk tallerken med et unikt, kunstnerisk marokkansk m\u00f8nster<div class=\"vc_row wpb_row vc_row-fluid\"><div class=\"wpb_column vc_column_container vc_col-sm-4\"><div class=\"vc_column-inner\"><div class=\"wpb_wrapper\"><\/div><\/div><\/div><div class=\"wpb_column vc_column_container vc_col-sm-4\"><div class=\"vc_column-inner\"><div class=\"wpb_wrapper\"><h3 style=\"text-align: left\" class=\"vc_custom_heading vc_do_custom_heading\" >Vedlikehold<\/h3>\n\t<div class=\"wpb_text_column wpb_content_element\" >\n\t\t<div class=\"wpb_wrapper\">\n\t\t\t<p><span style=\"font-weight: 400;\">Kan brukes til mat.<\/span><\/p>\n<p><span style=\"font-weight: 400;\">Siden keramikk er litt mer por\u00f8st enn steint\u00f8y, anbefaler vi ikke \u00e5 bruke oppvaskmaskin til rengj\u00f8ring. For \u00e5 bevare keramikken lengst mulig er det best \u00e5 vaske den for h\u00e5nd.<\/span><\/p>\n<p><br style=\"font-weight: 400;\" \/><br style=\"font-weight: 400;\" \/><\/p>\n\n\t\t<\/div>\n\t<\/div>\n<\/div><\/div><\/div><div class=\"wpb_column vc_column_container vc_col-sm-4\"><div class=\"vc_column-inner\"><div class=\"wpb_wrapper\"><h3 style=\"text-align: left\" class=\"vc_custom_heading vc_do_custom_heading\" >Historien bak<\/h3>\n\t<div class=\"wpb_text_column wpb_content_element\" >\n\t\t<div class=\"wpb_wrapper\">\n\t\t\t<p>Safi er en provinshovedstad og havneby i det vestlige Marokko, som er sv\u00e6rt kjent for sin produksjon av vakker h\u00e5ndlaget keramikk, som ofte skinner i mange forskjellige farger og nyanser. \u201cSafi\u201d er derfor ikke en type keramikk, men navnet p\u00e5 stedet der keramikken produseres. Du vil ofte finne \u201cSafi\u201d skrevet p\u00e5 bunnen av keramikk fra Marokko, ettersom de er s\u00e5 store produsenter av det.<\/p>\n\n\t\t<\/div>\n\t<\/div>\n<\/div><\/div><\/div><\/div>\n<\/div>","protected":false},"excerpt":{"rendered":"<p><span data-sheets-value=\"{&quot;1&quot;:2,&quot;2&quot;:&quot;S\u00f8d lille sk\u00e5l med marokkansk farvet m\u00f8nster. Perfekt som soyask\u00e5l, tappenda sk\u00e5l, lille serveringssk\u00e5l til lidt chokolade, sukkersk\u00e5l, krydderisk\u00e5l&quot;}\" data-sheets-userformat=\"{&quot;2&quot;:15293,&quot;3&quot;:{&quot;1&quot;:0},&quot;5&quot;:{&quot;1&quot;:[{&quot;1&quot;:2,&quot;2&quot;:0,&quot;5&quot;:{&quot;1&quot;:2,&quot;2&quot;:0}},{&quot;1&quot;:0,&quot;2&quot;:0,&quot;3&quot;:3},{&quot;1&quot;:1,&quot;2&quot;:0,&quot;4&quot;:1}]},&quot;6&quot;:{&quot;1&quot;:[{&quot;1&quot;:2,&quot;2&quot;:0,&quot;5&quot;:{&quot;1&quot;:2,&quot;2&quot;:0}},{&quot;1&quot;:0,&quot;2&quot;:0,&quot;3&quot;:3},{&quot;1&quot;:1,&quot;2&quot;:0,&quot;4&quot;:1}]},&quot;7&quot;:{&quot;1&quot;:[{&quot;1&quot;:2,&quot;2&quot;:0,&quot;5&quot;:{&quot;1&quot;:2,&quot;2&quot;:0}},{&quot;1&quot;:0,&quot;2&quot;:0,&quot;3&quot;:3},{&quot;1&quot;:1,&quot;2&quot;:0,&quot;4&quot;:1}]},&quot;8&quot;:{&quot;1&quot;:[{&quot;1&quot;:2,&quot;2&quot;:0,&quot;5&quot;:{&quot;1&quot;:2,&quot;2&quot;:0}},{&quot;1&quot;:0,&quot;2&quot;:0,&quot;3&quot;:3},{&quot;1&quot;:1,&quot;2&quot;:0,&quot;4&quot;:1}]},&quot;10&quot;:0,&quot;11&quot;:4,&quot;12&quot;:0,&quot;14&quot;:{&quot;1&quot;:2,&quot;2&quot;:0},&quot;15&quot;:&quot;Helvetica Neue&quot;,&quot;16&quot;:10}\">Smukt marokkansk fad med et unikt, kunstnerisk m\u00f8nster. Fadet<\/span> m\u00e5ler 42 cm i diameter og 6 cm i h\u00f8jden. H\u00e5ndlavet med k\u00e6rlighed i Marokko.<\/p>\n<p>Fadet kan bruges p\u00e5 bordet som pynt, gr\u00f8ntsagsfad eller til servering af salater, pastaretter og lignende.<\/p>\n<p>&nbsp;<\/p>\n","protected":false},"featured_media":39903,"template":"","meta":{"inline_featured_image":false},"product_brand":[],"product_cat":[139,147,153],"product_tag":[],"class_list":{"0":"post-39942","1":"product","2":"type-product","3":"status-publish","4":"has-post-thumbnail","6":"product_cat-marokkansk-keramik","7":"product_cat-marokkanske-keramik-fade","8":"product_cat-marokkanske-keramik-fade-40-cm","10":"first","11":"instock","12":"taxable","13":"shipping-taxable","14":"purchasable","15":"product-type-variable"},"exclude_global_add_ons":false,"addons":[{"name":"\u00d8nsker du gaveinnpakning?","type":"checkbox","position":0,"required":false,"title_format":"label","default":"","description_enable":false,"description":"","placeholder_enable":false,"placeholder":"","display":"images","restrictions_type":"any_text","adjust_price":false,"price":"","price_type":"flat_fee","restrictions":false,"min":"0","max":"0","options":[{"label":"Ja tak","price":"10","price_type":"flat_fee","image":11015,"visibility":true}],"id":1669646111}],"yoast_head":"<!-- This site is optimized with the Yoast SEO plugin v27.4 - https:\/\/yoast.com\/product\/yoast-seo-wordpress\/ -->\n<title>Marokkansk stort fad | Unikt m\u00f8nster | Tibladin<\/title>\n<meta name=\"description\" content=\"Smukt marokkansk fad, i en smukke farver med et unikt artistiske m\u00f8nster. M\u00e5ler 42 cm i diameter. Stort udvalg af h\u00e5ndlavet marokkansk keramik.\" \/>\n<meta name=\"robots\" content=\"index, follow, max-snippet:-1, max-image-preview:large, max-video-preview:-1\" \/>\n<link rel=\"canonical\" href=\"https:\/\/tibladin.dk\/nb\/produkt\/marokkansk-tallerken-42-cm-kunstner\/\" \/>\n<meta property=\"og:locale\" content=\"nb_NO\" \/>\n<meta property=\"og:type\" content=\"article\" \/>\n<meta property=\"og:title\" content=\"Marokkansk stort fad | Unikt m\u00f8nster | Tibladin\" \/>\n<meta property=\"og:description\" content=\"Smukt marokkansk fad, i en smukke farver med et unikt artistiske m\u00f8nster. M\u00e5ler 42 cm i diameter. Stort udvalg af h\u00e5ndlavet marokkansk keramik.\" \/>\n<meta property=\"og:url\" content=\"https:\/\/tibladin.dk\/nb\/produkt\/marokkansk-tallerken-42-cm-kunstner\/\" \/>\n<meta property=\"og:site_name\" content=\"Tibladin\" \/>\n<meta property=\"article:modified_time\" content=\"2026-03-19T16:11:03+00:00\" \/>\n<meta property=\"og:image\" content=\"https:\/\/tibladin.dk\/wp-content\/uploads\/2025\/09\/Artist-fade.jpeg\" \/>\n\t<meta property=\"og:image:width\" content=\"800\" \/>\n\t<meta property=\"og:image:height\" content=\"800\" \/>\n\t<meta property=\"og:image:type\" content=\"image\/jpeg\" \/>\n<meta name=\"twitter:card\" content=\"summary_large_image\" \/>\n<meta name=\"twitter:label1\" content=\"Ansl. lesetid\" \/>\n\t<meta name=\"twitter:data1\" content=\"2 minutter\" \/>\n<script type=\"application\/ld+json\" class=\"yoast-schema-graph\">{\"@context\":\"https:\\\/\\\/schema.org\",\"@graph\":[{\"@type\":\"WebPage\",\"@id\":\"https:\\\/\\\/tibladin.dk\\\/produkt\\\/marokkansk-fad-42-cm-artist\\\/\",\"url\":\"https:\\\/\\\/tibladin.dk\\\/produkt\\\/marokkansk-fad-42-cm-artist\\\/\",\"name\":\"Marokkansk stort fad | Unikt m\u00f8nster | Tibladin\",\"isPartOf\":{\"@id\":\"https:\\\/\\\/tibladin.dk\\\/#website\"},\"primaryImageOfPage\":{\"@id\":\"https:\\\/\\\/tibladin.dk\\\/produkt\\\/marokkansk-fad-42-cm-artist\\\/#primaryimage\"},\"image\":{\"@id\":\"https:\\\/\\\/tibladin.dk\\\/produkt\\\/marokkansk-fad-42-cm-artist\\\/#primaryimage\"},\"thumbnailUrl\":\"https:\\\/\\\/tibladin.dk\\\/wp-content\\\/uploads\\\/2025\\\/09\\\/Artist-fade.jpeg\",\"datePublished\":\"2025-09-26T11:01:42+00:00\",\"dateModified\":\"2026-03-19T16:11:03+00:00\",\"description\":\"Smukt marokkansk fad, i en smukke farver med et unikt artistiske m\u00f8nster. M\u00e5ler 42 cm i diameter. Stort udvalg af h\u00e5ndlavet marokkansk keramik.\",\"breadcrumb\":{\"@id\":\"https:\\\/\\\/tibladin.dk\\\/produkt\\\/marokkansk-fad-42-cm-artist\\\/#breadcrumb\"},\"inLanguage\":\"nb-NO\",\"potentialAction\":[{\"@type\":\"ReadAction\",\"target\":[\"https:\\\/\\\/tibladin.dk\\\/produkt\\\/marokkansk-fad-42-cm-artist\\\/\"]}]},{\"@type\":\"ImageObject\",\"inLanguage\":\"nb-NO\",\"@id\":\"https:\\\/\\\/tibladin.dk\\\/produkt\\\/marokkansk-fad-42-cm-artist\\\/#primaryimage\",\"url\":\"https:\\\/\\\/tibladin.dk\\\/wp-content\\\/uploads\\\/2025\\\/09\\\/Artist-fade.jpeg\",\"contentUrl\":\"https:\\\/\\\/tibladin.dk\\\/wp-content\\\/uploads\\\/2025\\\/09\\\/Artist-fade.jpeg\",\"width\":800,\"height\":800,\"caption\":\"Artist-fade\"},{\"@type\":\"BreadcrumbList\",\"@id\":\"https:\\\/\\\/tibladin.dk\\\/produkt\\\/marokkansk-fad-42-cm-artist\\\/#breadcrumb\",\"itemListElement\":[{\"@type\":\"ListItem\",\"position\":1,\"name\":\"Hjem\",\"item\":\"https:\\\/\\\/tibladin.dk\\\/\"},{\"@type\":\"ListItem\",\"position\":2,\"name\":\"Shop\",\"item\":\"https:\\\/\\\/tibladin.dk\\\/shop\\\/\"},{\"@type\":\"ListItem\",\"position\":3,\"name\":\"Marokkansk fad &#8211; 42 cm.- Artist\"}]},{\"@type\":\"WebSite\",\"@id\":\"https:\\\/\\\/tibladin.dk\\\/#website\",\"url\":\"https:\\\/\\\/tibladin.dk\\\/\",\"name\":\"Tibladin\",\"description\":\"Tibladin\",\"publisher\":{\"@id\":\"https:\\\/\\\/tibladin.dk\\\/#organization\"},\"potentialAction\":[{\"@type\":\"SearchAction\",\"target\":{\"@type\":\"EntryPoint\",\"urlTemplate\":\"https:\\\/\\\/tibladin.dk\\\/?s={search_term_string}\"},\"query-input\":{\"@type\":\"PropertyValueSpecification\",\"valueRequired\":true,\"valueName\":\"search_term_string\"}}],\"inLanguage\":\"nb-NO\"},{\"@type\":\"Organization\",\"@id\":\"https:\\\/\\\/tibladin.dk\\\/#organization\",\"name\":\"Tibladin\",\"url\":\"https:\\\/\\\/tibladin.dk\\\/\",\"logo\":{\"@type\":\"ImageObject\",\"inLanguage\":\"nb-NO\",\"@id\":\"https:\\\/\\\/tibladin.dk\\\/#\\\/schema\\\/logo\\\/image\\\/\",\"url\":\"https:\\\/\\\/tibladin.dk\\\/wp-content\\\/uploads\\\/2022\\\/09\\\/tibladin_logo.svg\",\"contentUrl\":\"https:\\\/\\\/tibladin.dk\\\/wp-content\\\/uploads\\\/2022\\\/09\\\/tibladin_logo.svg\",\"caption\":\"Tibladin\"},\"image\":{\"@id\":\"https:\\\/\\\/tibladin.dk\\\/#\\\/schema\\\/logo\\\/image\\\/\"}}]}<\/script>\n<!-- \/ Yoast SEO plugin. -->","yoast_head_json":{"title":"Marokkansk stort fat | Unikt m\u00f8nster | Tibladin","description":"Vakkert marokkansk fat i vakre farger med et unikt kunstnerisk m\u00f8nster. M\u00e5ler 42 cm i diameter. Stort utvalg av h\u00e5ndlaget marokkansk keramikk.","robots":{"index":"index","follow":"follow","max-snippet":"max-snippet:-1","max-image-preview":"max-image-preview:large","max-video-preview":"max-video-preview:-1"},"canonical":"https:\/\/tibladin.dk\/nb\/produkt\/marokkansk-tallerken-42-cm-kunstner\/","og_locale":"nb_NO","og_type":"article","og_title":"Marokkansk stort fad | Unikt m\u00f8nster | Tibladin","og_description":"Smukt marokkansk fad, i en smukke farver med et unikt artistiske m\u00f8nster. M\u00e5ler 42 cm i diameter. Stort udvalg af h\u00e5ndlavet marokkansk keramik.","og_url":"https:\/\/tibladin.dk\/nb\/produkt\/marokkansk-tallerken-42-cm-kunstner\/","og_site_name":"Tibladin","article_modified_time":"2026-03-19T16:11:03+00:00","og_image":[{"width":800,"height":800,"url":"https:\/\/tibladin.dk\/wp-content\/uploads\/2025\/09\/Artist-fade.jpeg","type":"image\/jpeg"}],"twitter_card":"summary_large_image","twitter_misc":{"Ansl. lesetid":"2 minutter"},"schema":{"@context":"https:\/\/schema.org","@graph":[{"@type":"WebPage","@id":"https:\/\/tibladin.dk\/produkt\/marokkansk-fad-42-cm-artist\/","url":"https:\/\/tibladin.dk\/produkt\/marokkansk-fad-42-cm-artist\/","name":"Marokkansk stort fat | Unikt m\u00f8nster | Tibladin","isPartOf":{"@id":"https:\/\/tibladin.dk\/#website"},"primaryImageOfPage":{"@id":"https:\/\/tibladin.dk\/produkt\/marokkansk-fad-42-cm-artist\/#primaryimage"},"image":{"@id":"https:\/\/tibladin.dk\/produkt\/marokkansk-fad-42-cm-artist\/#primaryimage"},"thumbnailUrl":"https:\/\/tibladin.dk\/wp-content\/uploads\/2025\/09\/Artist-fade.jpeg","datePublished":"2025-09-26T11:01:42+00:00","dateModified":"2026-03-19T16:11:03+00:00","description":"Vakkert marokkansk fat i vakre farger med et unikt kunstnerisk m\u00f8nster. M\u00e5ler 42 cm i diameter. Stort utvalg av h\u00e5ndlaget marokkansk keramikk.","breadcrumb":{"@id":"https:\/\/tibladin.dk\/produkt\/marokkansk-fad-42-cm-artist\/#breadcrumb"},"inLanguage":"nb-NO","potentialAction":[{"@type":"ReadAction","target":["https:\/\/tibladin.dk\/produkt\/marokkansk-fad-42-cm-artist\/"]}]},{"@type":"ImageObject","inLanguage":"nb-NO","@id":"https:\/\/tibladin.dk\/produkt\/marokkansk-fad-42-cm-artist\/#primaryimage","url":"https:\/\/tibladin.dk\/wp-content\/uploads\/2025\/09\/Artist-fade.jpeg","contentUrl":"https:\/\/tibladin.dk\/wp-content\/uploads\/2025\/09\/Artist-fade.jpeg","width":800,"height":800,"caption":"Artist-fade"},{"@type":"BreadcrumbList","@id":"https:\/\/tibladin.dk\/produkt\/marokkansk-fad-42-cm-artist\/#breadcrumb","itemListElement":[{"@type":"ListItem","position":1,"name":"Hjem","item":"https:\/\/tibladin.dk\/"},{"@type":"ListItem","position":2,"name":"Shop","item":"https:\/\/tibladin.dk\/shop\/"},{"@type":"ListItem","position":3,"name":"Marokkansk fad &#8211; 42 cm.- Artist"}]},{"@type":"WebSite","@id":"https:\/\/tibladin.dk\/#website","url":"https:\/\/tibladin.dk\/","name":"Tibladin","description":"Tibladin","publisher":{"@id":"https:\/\/tibladin.dk\/#organization"},"potentialAction":[{"@type":"SearchAction","target":{"@type":"EntryPoint","urlTemplate":"https:\/\/tibladin.dk\/?s={search_term_string}"},"query-input":{"@type":"PropertyValueSpecification","valueRequired":true,"valueName":"search_term_string"}}],"inLanguage":"nb-NO"},{"@type":"Organization","@id":"https:\/\/tibladin.dk\/#organization","name":"Tibladin","url":"https:\/\/tibladin.dk\/","logo":{"@type":"ImageObject","inLanguage":"nb-NO","@id":"https:\/\/tibladin.dk\/#\/schema\/logo\/image\/","url":"https:\/\/tibladin.dk\/wp-content\/uploads\/2022\/09\/tibladin_logo.svg","contentUrl":"https:\/\/tibladin.dk\/wp-content\/uploads\/2022\/09\/tibladin_logo.svg","caption":"Tibladin"},"image":{"@id":"https:\/\/tibladin.dk\/#\/schema\/logo\/image\/"}}]}},"_links":{"self":[{"href":"https:\/\/tibladin.dk\/nb\/wp-json\/wp\/v2\/product\/39942","targetHints":{"allow":["GET"]}}],"collection":[{"href":"https:\/\/tibladin.dk\/nb\/wp-json\/wp\/v2\/product"}],"about":[{"href":"https:\/\/tibladin.dk\/nb\/wp-json\/wp\/v2\/types\/product"}],"wp:featuredmedia":[{"embeddable":true,"href":"https:\/\/tibladin.dk\/nb\/wp-json\/wp\/v2\/media\/39903"}],"wp:attachment":[{"href":"https:\/\/tibladin.dk\/nb\/wp-json\/wp\/v2\/media?parent=39942"}],"wp:term":[{"taxonomy":"product_brand","embeddable":true,"href":"https:\/\/tibladin.dk\/nb\/wp-json\/wp\/v2\/product_brand?post=39942"},{"taxonomy":"product_cat","embeddable":true,"href":"https:\/\/tibladin.dk\/nb\/wp-json\/wp\/v2\/product_cat?post=39942"},{"taxonomy":"product_tag","embeddable":true,"href":"https:\/\/tibladin.dk\/nb\/wp-json\/wp\/v2\/product_tag?post=39942"}],"curies":[{"name":"wp","href":"https:\/\/api.w.org\/{rel}","templated":true}]}}