{"id":40319,"date":"2025-10-03T13:00:45","date_gmt":"2025-10-03T11:00:45","guid":{"rendered":"https:\/\/tibladin.dk\/?post_type=product&#038;p=40319"},"modified":"2025-10-03T13:33:02","modified_gmt":"2025-10-03T11:33:02","slug":"marokkansk-heklet-lampe-beige-tajine-lys","status":"publish","type":"product","link":"https:\/\/tibladin.dk\/nb\/produkt\/marokkanske-haeklet-lampe-beige-tajine-light\/","title":{"rendered":"Marokkansk heklet lampe \u2013 BEIGE \u2013 TAJINE LIGHT"},"content":{"rendered":"<div class=\"wpb-content-wrapper\"><div class=\"vc_row wpb_row vc_row-fluid\"><div class=\"wpb_column vc_column_container vc_col-sm-4\"><div class=\"vc_column-inner\"><div class=\"wpb_wrapper\"><\/div><\/div><\/div><div class=\"wpb_column vc_column_container vc_col-sm-4\"><div class=\"vc_column-inner\"><div class=\"wpb_wrapper\"><h3 style=\"text-align: left\" class=\"vc_custom_heading vc_do_custom_heading\" >Vedlikehold<\/h3>\n\t<div class=\"wpb_text_column wpb_content_element\" >\n\t\t<div class=\"wpb_wrapper\">\n\t\t\t<p>St\u00f8v\/rengj\u00f8r regelmessig med en fj\u00e6rkost.<\/p>\n<p>Du kan ogs\u00e5 bruke en lorulle eller en h\u00e5ndst\u00f8vsuger med m\u00f8belmunnstykke. De kan ogs\u00e5 t\u00f8rkes av med en lett fuktig klut etter at st\u00f8vet er fjernet ved hjelp av en av metodene ovenfor.<\/p>\n<p>Lampene er h\u00e5ndlagde, og det kan v\u00e6re sm\u00e5 ufullkommenheter samt sm\u00e5 forskjeller i form og m\u00f8nster.<\/p>\n\n\t\t<\/div>\n\t<\/div>\n<\/div><\/div><\/div><div class=\"wpb_column vc_column_container vc_col-sm-4\"><div class=\"vc_column-inner\"><div class=\"wpb_wrapper\"><h3 style=\"text-align: left\" class=\"vc_custom_heading vc_do_custom_heading\" >Historien bak<\/h3>\n\t<div class=\"wpb_text_column wpb_content_element\" >\n\t\t<div class=\"wpb_wrapper\">\n\t\t\t<p>Lampene er h\u00e5ndlaget av kvinner i et kvinnekooperativ s\u00f8r for Marrakech.<\/p>\n<p>Kvinnekooperativet sysselsetter 160 kvinner og bidrar dermed til \u00e5 heve levestandarden til mange familier i den lille landsbyen. Det er opprettet en skole og barnehage for kvinnenes barn, slik at barna kan f\u00e5 utdanning og v\u00e6re i arbeid mens m\u00f8drene jobber. Dette bidrar i stor grad til \u00e5 forbedre levestandarden til de mange familiene i den lille landsbyen.<\/p>\n\n\t\t<\/div>\n\t<\/div>\n<\/div><\/div><\/div><\/div>\n<\/div>","protected":false},"excerpt":{"rendered":"<p><strong>Tajine-lampe i BEIGE st\u00f8rrelse L \u00d850 cm. H: 67 cm <\/strong>er en h\u00e5ndlaget lampe inspirert av den ikoniske marokkanske tajineformen, der tradisjon m\u00f8ter moderne design. Lampen er laget i et nettlignende m\u00f8nster \u2013 h\u00e5ndheklet i fin viskosetr\u00e5d, som ogs\u00e5 brukes til \u00e5 sy marokkanske kaftaner. Nettingen lar lyset sive mykt gjennom, og skaper et varmt og stemningsfullt skyggespill i rommet.<\/p>\n<p>Hver lampe er n\u00f8ye laget av dyktige kvinner i et marokkansk kooperativ, kjent for sin oppmerksomhet p\u00e5 detaljer, finesse og unike h\u00e5ndverk. Ved \u00e5 kj\u00f8pe Tajine Light bidrar du til \u00e5 st\u00f8tte og forbedre k\u00e5rene til kvinner i Marokko \u2013 samtidig som du bringer et stykke ekte h\u00e5ndverk inn i hjemmet ditt. Kvaliteten er f\u00f8rsteklasses, ettersom vi kun jobber med de beste materialene, og h\u00e5ndverket er det beste i sitt slag i Marokko.<\/p>\n<p data-start=\"632\" data-end=\"728\">\ud83d\udc49 Merk: Stikkontakt og kabel er ikke inkludert \u2013 skjermen festes enkelt til en eksisterende stikkontakt.<\/p>\n<p>&nbsp;<\/p>\n<p>&nbsp;<\/p>\n<p>&nbsp;<\/p>","protected":false},"featured_media":40144,"template":"","meta":{"inline_featured_image":false},"product_brand":[],"product_cat":[177,67],"product_tag":[],"class_list":{"0":"post-40319","1":"product","2":"type-product","3":"status-publish","4":"has-post-thumbnail","6":"product_cat-haeklede-lamper","7":"product_cat-lamper","9":"first","10":"instock","11":"taxable","12":"shipping-taxable","13":"purchasable","14":"product-type-simple"},"exclude_global_add_ons":false,"addons":[{"name":"\u00d8nsker du gaveinnpakning?","type":"checkbox","position":0,"required":false,"title_format":"label","default":"","description_enable":false,"description":"","placeholder_enable":false,"placeholder":"","display":"images","restrictions_type":"any_text","adjust_price":false,"price":"","price_type":"flat_fee","restrictions":false,"min":"0","max":"0","options":[{"label":"Ja tak","price":"10","price_type":"flat_fee","image":11015,"visibility":true}],"id":1669646111}],"yoast_head":"<!-- This site is optimized with the Yoast SEO plugin v27.5 - https:\/\/yoast.com\/product\/yoast-seo-wordpress\/ -->\n<title>Marokkansk h\u00e6klet pendel-lamp i viskose | H\u00e5ndlavet i Marrakech | Tibladin<\/title>\n<meta name=\"description\" content=\"Flot marokkansk lampe h\u00e5ndh\u00e6klet i kvindekooperativ. Giver et hyggeligt og afslappet boheme look til din boligindretning \u21d2 Se den her!\" \/>\n<meta name=\"robots\" content=\"index, follow, max-snippet:-1, max-image-preview:large, max-video-preview:-1\" \/>\n<link rel=\"canonical\" href=\"https:\/\/tibladin.dk\/nb\/produkt\/marokkansk-heklet-lampe-beige-tajine-lys\/\" \/>\n<meta property=\"og:locale\" content=\"nb_NO\" \/>\n<meta property=\"og:type\" content=\"article\" \/>\n<meta property=\"og:title\" content=\"Marokkansk h\u00e6klet pendel-lamp i viskose | H\u00e5ndlavet i Marrakech | Tibladin\" \/>\n<meta property=\"og:description\" content=\"Flot marokkansk lampe h\u00e5ndh\u00e6klet i kvindekooperativ. Giver et hyggeligt og afslappet boheme look til din boligindretning \u21d2 Se den her!\" \/>\n<meta property=\"og:url\" content=\"https:\/\/tibladin.dk\/nb\/produkt\/marokkansk-heklet-lampe-beige-tajine-lys\/\" \/>\n<meta property=\"og:site_name\" content=\"Tibladin\" \/>\n<meta property=\"article:modified_time\" content=\"2025-10-03T11:33:02+00:00\" \/>\n<meta property=\"og:image\" content=\"https:\/\/tibladin.dk\/wp-content\/uploads\/2025\/10\/Tagine-light-lampe_beige_7.jpg\" \/>\n\t<meta property=\"og:image:width\" content=\"800\" \/>\n\t<meta property=\"og:image:height\" content=\"800\" \/>\n\t<meta property=\"og:image:type\" content=\"image\/jpeg\" \/>\n<meta name=\"twitter:card\" content=\"summary_large_image\" \/>\n<meta name=\"twitter:label1\" content=\"Ansl. lesetid\" \/>\n\t<meta name=\"twitter:data1\" content=\"2 minutter\" \/>\n<script type=\"application\/ld+json\" class=\"yoast-schema-graph\">{\"@context\":\"https:\\\/\\\/schema.org\",\"@graph\":[{\"@type\":\"WebPage\",\"@id\":\"https:\\\/\\\/tibladin.dk\\\/produkt\\\/marokkanske-haeklet-lampe-beige-tajine-light\\\/\",\"url\":\"https:\\\/\\\/tibladin.dk\\\/produkt\\\/marokkanske-haeklet-lampe-beige-tajine-light\\\/\",\"name\":\"Marokkansk h\u00e6klet pendel-lamp i viskose | H\u00e5ndlavet i Marrakech | Tibladin\",\"isPartOf\":{\"@id\":\"https:\\\/\\\/tibladin.dk\\\/#website\"},\"primaryImageOfPage\":{\"@id\":\"https:\\\/\\\/tibladin.dk\\\/produkt\\\/marokkanske-haeklet-lampe-beige-tajine-light\\\/#primaryimage\"},\"image\":{\"@id\":\"https:\\\/\\\/tibladin.dk\\\/produkt\\\/marokkanske-haeklet-lampe-beige-tajine-light\\\/#primaryimage\"},\"thumbnailUrl\":\"https:\\\/\\\/tibladin.dk\\\/wp-content\\\/uploads\\\/2025\\\/10\\\/Tagine-light-lampe_beige_7.jpg\",\"datePublished\":\"2025-10-03T11:00:45+00:00\",\"dateModified\":\"2025-10-03T11:33:02+00:00\",\"description\":\"Flot marokkansk lampe h\u00e5ndh\u00e6klet i kvindekooperativ. Giver et hyggeligt og afslappet boheme look til din boligindretning \u21d2 Se den her!\",\"breadcrumb\":{\"@id\":\"https:\\\/\\\/tibladin.dk\\\/produkt\\\/marokkanske-haeklet-lampe-beige-tajine-light\\\/#breadcrumb\"},\"inLanguage\":\"nb-NO\",\"potentialAction\":[{\"@type\":\"ReadAction\",\"target\":[\"https:\\\/\\\/tibladin.dk\\\/produkt\\\/marokkanske-haeklet-lampe-beige-tajine-light\\\/\"]}]},{\"@type\":\"ImageObject\",\"inLanguage\":\"nb-NO\",\"@id\":\"https:\\\/\\\/tibladin.dk\\\/produkt\\\/marokkanske-haeklet-lampe-beige-tajine-light\\\/#primaryimage\",\"url\":\"https:\\\/\\\/tibladin.dk\\\/wp-content\\\/uploads\\\/2025\\\/10\\\/Tagine-light-lampe_beige_7.jpg\",\"contentUrl\":\"https:\\\/\\\/tibladin.dk\\\/wp-content\\\/uploads\\\/2025\\\/10\\\/Tagine-light-lampe_beige_7.jpg\",\"width\":800,\"height\":800,\"caption\":\"marokkansk h\u00e6klet lampe i beige L\"},{\"@type\":\"BreadcrumbList\",\"@id\":\"https:\\\/\\\/tibladin.dk\\\/produkt\\\/marokkanske-haeklet-lampe-beige-tajine-light\\\/#breadcrumb\",\"itemListElement\":[{\"@type\":\"ListItem\",\"position\":1,\"name\":\"Hjem\",\"item\":\"https:\\\/\\\/tibladin.dk\\\/\"},{\"@type\":\"ListItem\",\"position\":2,\"name\":\"Shop\",\"item\":\"https:\\\/\\\/tibladin.dk\\\/shop\\\/\"},{\"@type\":\"ListItem\",\"position\":3,\"name\":\"Marokkanske h\u00e6klet lampe &#8211; BEIGE &#8211; TAJINE LIGHT\"}]},{\"@type\":\"WebSite\",\"@id\":\"https:\\\/\\\/tibladin.dk\\\/#website\",\"url\":\"https:\\\/\\\/tibladin.dk\\\/\",\"name\":\"Tibladin\",\"description\":\"Tibladin\",\"publisher\":{\"@id\":\"https:\\\/\\\/tibladin.dk\\\/#organization\"},\"potentialAction\":[{\"@type\":\"SearchAction\",\"target\":{\"@type\":\"EntryPoint\",\"urlTemplate\":\"https:\\\/\\\/tibladin.dk\\\/?s={search_term_string}\"},\"query-input\":{\"@type\":\"PropertyValueSpecification\",\"valueRequired\":true,\"valueName\":\"search_term_string\"}}],\"inLanguage\":\"nb-NO\"},{\"@type\":\"Organization\",\"@id\":\"https:\\\/\\\/tibladin.dk\\\/#organization\",\"name\":\"Tibladin\",\"url\":\"https:\\\/\\\/tibladin.dk\\\/\",\"logo\":{\"@type\":\"ImageObject\",\"inLanguage\":\"nb-NO\",\"@id\":\"https:\\\/\\\/tibladin.dk\\\/#\\\/schema\\\/logo\\\/image\\\/\",\"url\":\"https:\\\/\\\/tibladin.dk\\\/wp-content\\\/uploads\\\/2022\\\/09\\\/tibladin_logo.svg\",\"contentUrl\":\"https:\\\/\\\/tibladin.dk\\\/wp-content\\\/uploads\\\/2022\\\/09\\\/tibladin_logo.svg\",\"caption\":\"Tibladin\"},\"image\":{\"@id\":\"https:\\\/\\\/tibladin.dk\\\/#\\\/schema\\\/logo\\\/image\\\/\"}}]}<\/script>\n<!-- \/ Yoast SEO plugin. -->","yoast_head_json":{"title":"Marokkansk heklet pendellampe i viskose | H\u00e5ndlaget i Marrakech | Tibladin","description":"Vakker marokkansk lampe h\u00e5ndheklet i et kvinnekooperativ. Gir et koselig og avslappet bohemsk preg til hjemmeinnredningen din \u21d2 Se den her!","robots":{"index":"index","follow":"follow","max-snippet":"max-snippet:-1","max-image-preview":"max-image-preview:large","max-video-preview":"max-video-preview:-1"},"canonical":"https:\/\/tibladin.dk\/nb\/produkt\/marokkansk-heklet-lampe-beige-tajine-lys\/","og_locale":"nb_NO","og_type":"article","og_title":"Marokkansk h\u00e6klet pendel-lamp i viskose | H\u00e5ndlavet i Marrakech | Tibladin","og_description":"Flot marokkansk lampe h\u00e5ndh\u00e6klet i kvindekooperativ. Giver et hyggeligt og afslappet boheme look til din boligindretning \u21d2 Se den her!","og_url":"https:\/\/tibladin.dk\/nb\/produkt\/marokkansk-heklet-lampe-beige-tajine-lys\/","og_site_name":"Tibladin","article_modified_time":"2025-10-03T11:33:02+00:00","og_image":[{"width":800,"height":800,"url":"https:\/\/tibladin.dk\/wp-content\/uploads\/2025\/10\/Tagine-light-lampe_beige_7.jpg","type":"image\/jpeg"}],"twitter_card":"summary_large_image","twitter_misc":{"Ansl. lesetid":"2 minutter"},"schema":{"@context":"https:\/\/schema.org","@graph":[{"@type":"WebPage","@id":"https:\/\/tibladin.dk\/produkt\/marokkanske-haeklet-lampe-beige-tajine-light\/","url":"https:\/\/tibladin.dk\/produkt\/marokkanske-haeklet-lampe-beige-tajine-light\/","name":"Marokkansk heklet pendellampe i viskose | H\u00e5ndlaget i Marrakech | Tibladin","isPartOf":{"@id":"https:\/\/tibladin.dk\/#website"},"primaryImageOfPage":{"@id":"https:\/\/tibladin.dk\/produkt\/marokkanske-haeklet-lampe-beige-tajine-light\/#primaryimage"},"image":{"@id":"https:\/\/tibladin.dk\/produkt\/marokkanske-haeklet-lampe-beige-tajine-light\/#primaryimage"},"thumbnailUrl":"https:\/\/tibladin.dk\/wp-content\/uploads\/2025\/10\/Tagine-light-lampe_beige_7.jpg","datePublished":"2025-10-03T11:00:45+00:00","dateModified":"2025-10-03T11:33:02+00:00","description":"Vakker marokkansk lampe h\u00e5ndheklet i et kvinnekooperativ. Gir et koselig og avslappet bohemsk preg til hjemmeinnredningen din \u21d2 Se den her!","breadcrumb":{"@id":"https:\/\/tibladin.dk\/produkt\/marokkanske-haeklet-lampe-beige-tajine-light\/#breadcrumb"},"inLanguage":"nb-NO","potentialAction":[{"@type":"ReadAction","target":["https:\/\/tibladin.dk\/produkt\/marokkanske-haeklet-lampe-beige-tajine-light\/"]}]},{"@type":"ImageObject","inLanguage":"nb-NO","@id":"https:\/\/tibladin.dk\/produkt\/marokkanske-haeklet-lampe-beige-tajine-light\/#primaryimage","url":"https:\/\/tibladin.dk\/wp-content\/uploads\/2025\/10\/Tagine-light-lampe_beige_7.jpg","contentUrl":"https:\/\/tibladin.dk\/wp-content\/uploads\/2025\/10\/Tagine-light-lampe_beige_7.jpg","width":800,"height":800,"caption":"marokkansk h\u00e6klet lampe i beige L"},{"@type":"BreadcrumbList","@id":"https:\/\/tibladin.dk\/produkt\/marokkanske-haeklet-lampe-beige-tajine-light\/#breadcrumb","itemListElement":[{"@type":"ListItem","position":1,"name":"Hjem","item":"https:\/\/tibladin.dk\/"},{"@type":"ListItem","position":2,"name":"Shop","item":"https:\/\/tibladin.dk\/shop\/"},{"@type":"ListItem","position":3,"name":"Marokkanske h\u00e6klet lampe &#8211; BEIGE &#8211; TAJINE LIGHT"}]},{"@type":"WebSite","@id":"https:\/\/tibladin.dk\/#website","url":"https:\/\/tibladin.dk\/","name":"Tibladin","description":"Tibladin","publisher":{"@id":"https:\/\/tibladin.dk\/#organization"},"potentialAction":[{"@type":"SearchAction","target":{"@type":"EntryPoint","urlTemplate":"https:\/\/tibladin.dk\/?s={search_term_string}"},"query-input":{"@type":"PropertyValueSpecification","valueRequired":true,"valueName":"search_term_string"}}],"inLanguage":"nb-NO"},{"@type":"Organization","@id":"https:\/\/tibladin.dk\/#organization","name":"Tibladin","url":"https:\/\/tibladin.dk\/","logo":{"@type":"ImageObject","inLanguage":"nb-NO","@id":"https:\/\/tibladin.dk\/#\/schema\/logo\/image\/","url":"https:\/\/tibladin.dk\/wp-content\/uploads\/2022\/09\/tibladin_logo.svg","contentUrl":"https:\/\/tibladin.dk\/wp-content\/uploads\/2022\/09\/tibladin_logo.svg","caption":"Tibladin"},"image":{"@id":"https:\/\/tibladin.dk\/#\/schema\/logo\/image\/"}}]}},"_links":{"self":[{"href":"https:\/\/tibladin.dk\/nb\/wp-json\/wp\/v2\/product\/40319","targetHints":{"allow":["GET"]}}],"collection":[{"href":"https:\/\/tibladin.dk\/nb\/wp-json\/wp\/v2\/product"}],"about":[{"href":"https:\/\/tibladin.dk\/nb\/wp-json\/wp\/v2\/types\/product"}],"wp:featuredmedia":[{"embeddable":true,"href":"https:\/\/tibladin.dk\/nb\/wp-json\/wp\/v2\/media\/40144"}],"wp:attachment":[{"href":"https:\/\/tibladin.dk\/nb\/wp-json\/wp\/v2\/media?parent=40319"}],"wp:term":[{"taxonomy":"product_brand","embeddable":true,"href":"https:\/\/tibladin.dk\/nb\/wp-json\/wp\/v2\/product_brand?post=40319"},{"taxonomy":"product_cat","embeddable":true,"href":"https:\/\/tibladin.dk\/nb\/wp-json\/wp\/v2\/product_cat?post=40319"},{"taxonomy":"product_tag","embeddable":true,"href":"https:\/\/tibladin.dk\/nb\/wp-json\/wp\/v2\/product_tag?post=40319"}],"curies":[{"name":"wp","href":"https:\/\/api.w.org\/{rel}","templated":true}]}}