{"id":40574,"date":"2025-10-10T14:05:29","date_gmt":"2025-10-10T12:05:29","guid":{"rendered":"https:\/\/tibladin.dk\/?post_type=product&#038;p=40574"},"modified":"2026-04-10T16:45:47","modified_gmt":"2026-04-10T14:45:47","slug":"berberkurv-m-ranya","status":"publish","type":"product","link":"https:\/\/tibladin.dk\/nb\/produkt\/berberkurv-m-ranya\/","title":{"rendered":"Berberkurv M \u2013 RANYA"},"content":{"rendered":"<div class=\"wpb-content-wrapper\"><div class=\"vc_row wpb_row vc_row-fluid\"><div class=\"wpb_column vc_column_container vc_col-sm-4\"><div class=\"vc_column-inner\"><div class=\"wpb_wrapper\"><\/div><\/div><\/div><div class=\"wpb_column vc_column_container vc_col-sm-4\"><div class=\"vc_column-inner\"><div class=\"wpb_wrapper\"><h3 style=\"text-align: left\" class=\"vc_custom_heading vc_do_custom_heading\" >Vedlikehold<\/h3>\n\t<div class=\"wpb_text_column wpb_content_element\" >\n\t\t<div class=\"wpb_wrapper\">\n\t\t\t<p>For rengj\u00f8ring er den enkleste m\u00e5ten \u00e5 st\u00f8vsuge den forsiktig.<\/p>\n\n\t\t<\/div>\n\t<\/div>\n<\/div><\/div><\/div><div class=\"wpb_column vc_column_container vc_col-sm-4\"><div class=\"vc_column-inner\"><div class=\"wpb_wrapper\"><h3 style=\"text-align: left\" class=\"vc_custom_heading vc_do_custom_heading\" >Historien bak<\/h3>\n\t<div class=\"wpb_text_column wpb_content_element\" >\n\t\t<div class=\"wpb_wrapper\">\n\t\t\t<p>Jeg elsker kurver! De kan tilf\u00f8re varme og hygge til ethvert rom.<\/p>\n<p>Kurvene er h\u00e5ndlagde og fra en familiebedrift i Marrakech som spesialiserer seg p\u00e5 flettearbeid og har gjort det i generasjoner.<\/p>\n\n\t\t<\/div>\n\t<\/div>\n<\/div><\/div><\/div><\/div>\n<\/div>","protected":false},"excerpt":{"rendered":"<p>Ranya betyr den som skinner \u2013 et navn som passer perfekt til denne livlige og fargerike berberkurven, som bringer glede og energi inn i ethvert rom.<\/p>\n<p>Kurven er h\u00e5ndlaget av kvinner i Marokkos Atlasfjell, vevd av naturlig gress og pakket inn i ulltr\u00e5der i sterke, muntre farger: rosa, bl\u00e5, gr\u00f8nn, lilla og gull. Hver fargekombinasjon forteller sin egen historie og gjenspeiler den marokkanske tradisjonen med \u00e5 skape skj\u00f8nnhet gjennom m\u00f8nster og fargespill.<\/p>\n<p>Med en h\u00f8yde p\u00e5 omtrent 20\u201325 cm og en diameter p\u00e5 18\u201322 cm er Ranya ideell som en dekorativ oppbevaringskurv for smykker, n\u00f8kler, bomullspinner eller andre sm\u00e5ting. Den kan st\u00e5 alene som et kunstnerisk uttrykk \u2013 eller sammen med flere berberkurver i forskjellige farger for et lekent, personlig uttrykk.<\/p>\n<p>Detaljer:<\/p>\n<ul>\n<li>H\u00e5ndlaget i Marokko<\/li>\n<li>Materiale: naturlig gress og ulltr\u00e5d<\/li>\n<li>M\u00e5l: ca. H 20\u201325 cm x \u00d8 18\u201322 cm<\/li>\n<\/ul>\n<p>Hver kurv er unik \u2013 sm\u00e5 variasjoner i farger og m\u00f8nstre kan forekomme<\/p>","protected":false},"featured_media":40548,"template":"","meta":{"inline_featured_image":false},"product_brand":[],"product_cat":[55,51],"product_tag":[134],"class_list":{"0":"post-40574","1":"product","2":"type-product","3":"status-publish","4":"has-post-thumbnail","6":"product_cat-kurve","7":"product_cat-opbevaring","8":"product_tag-berberkurv","10":"first","11":"outofstock","12":"taxable","13":"shipping-taxable","14":"purchasable","15":"product-type-simple"},"exclude_global_add_ons":[],"addons":[],"yoast_head":"<!-- This site is optimized with the Yoast SEO plugin v27.4 - https:\/\/yoast.com\/product\/yoast-seo-wordpress\/ -->\n<title>Berberkurv M - RANYA - Tibladin<\/title>\n<meta name=\"description\" content=\"Berberkurv i glade farver som pink, bl\u00e5, gr\u00f8n, lilla og gylden. Perfekt til opbevaring \u2013 f\u00e5s i et stort udvalg af farver og m\u00f8nstre.\" \/>\n<meta name=\"robots\" content=\"index, follow, max-snippet:-1, max-image-preview:large, max-video-preview:-1\" \/>\n<link rel=\"canonical\" href=\"https:\/\/tibladin.dk\/nb\/produkt\/berberkurv-m-ranya\/\" \/>\n<meta property=\"og:locale\" content=\"nb_NO\" \/>\n<meta property=\"og:type\" content=\"article\" \/>\n<meta property=\"og:title\" content=\"Berberkurv M - RANYA - Tibladin\" \/>\n<meta property=\"og:description\" content=\"Berberkurv i glade farver som pink, bl\u00e5, gr\u00f8n, lilla og gylden. Perfekt til opbevaring \u2013 f\u00e5s i et stort udvalg af farver og m\u00f8nstre.\" \/>\n<meta property=\"og:url\" content=\"https:\/\/tibladin.dk\/nb\/produkt\/berberkurv-m-ranya\/\" \/>\n<meta property=\"og:site_name\" content=\"Tibladin\" \/>\n<meta property=\"article:modified_time\" content=\"2026-04-10T14:45:47+00:00\" \/>\n<meta property=\"og:image\" content=\"https:\/\/tibladin.dk\/wp-content\/uploads\/2025\/10\/Ranya_1.jpeg\" \/>\n\t<meta property=\"og:image:width\" content=\"800\" \/>\n\t<meta property=\"og:image:height\" content=\"800\" \/>\n\t<meta property=\"og:image:type\" content=\"image\/jpeg\" \/>\n<meta name=\"twitter:card\" content=\"summary_large_image\" \/>\n<meta name=\"twitter:label1\" content=\"Ansl. lesetid\" \/>\n\t<meta name=\"twitter:data1\" content=\"1 minutt\" \/>\n<script type=\"application\/ld+json\" class=\"yoast-schema-graph\">{\"@context\":\"https:\\\/\\\/schema.org\",\"@graph\":[{\"@type\":\"WebPage\",\"@id\":\"https:\\\/\\\/tibladin.dk\\\/produkt\\\/berberkurv-m-ranya\\\/\",\"url\":\"https:\\\/\\\/tibladin.dk\\\/produkt\\\/berberkurv-m-ranya\\\/\",\"name\":\"Berberkurv M - RANYA - Tibladin\",\"isPartOf\":{\"@id\":\"https:\\\/\\\/tibladin.dk\\\/#website\"},\"primaryImageOfPage\":{\"@id\":\"https:\\\/\\\/tibladin.dk\\\/produkt\\\/berberkurv-m-ranya\\\/#primaryimage\"},\"image\":{\"@id\":\"https:\\\/\\\/tibladin.dk\\\/produkt\\\/berberkurv-m-ranya\\\/#primaryimage\"},\"thumbnailUrl\":\"https:\\\/\\\/tibladin.dk\\\/wp-content\\\/uploads\\\/2025\\\/10\\\/Ranya_1.jpeg\",\"datePublished\":\"2025-10-10T12:05:29+00:00\",\"dateModified\":\"2026-04-10T14:45:47+00:00\",\"description\":\"Berberkurv i glade farver som pink, bl\u00e5, gr\u00f8n, lilla og gylden. Perfekt til opbevaring \u2013 f\u00e5s i et stort udvalg af farver og m\u00f8nstre.\",\"breadcrumb\":{\"@id\":\"https:\\\/\\\/tibladin.dk\\\/produkt\\\/berberkurv-m-ranya\\\/#breadcrumb\"},\"inLanguage\":\"nb-NO\",\"potentialAction\":[{\"@type\":\"ReadAction\",\"target\":[\"https:\\\/\\\/tibladin.dk\\\/produkt\\\/berberkurv-m-ranya\\\/\"]}]},{\"@type\":\"ImageObject\",\"inLanguage\":\"nb-NO\",\"@id\":\"https:\\\/\\\/tibladin.dk\\\/produkt\\\/berberkurv-m-ranya\\\/#primaryimage\",\"url\":\"https:\\\/\\\/tibladin.dk\\\/wp-content\\\/uploads\\\/2025\\\/10\\\/Ranya_1.jpeg\",\"contentUrl\":\"https:\\\/\\\/tibladin.dk\\\/wp-content\\\/uploads\\\/2025\\\/10\\\/Ranya_1.jpeg\",\"width\":800,\"height\":800,\"caption\":\"Ranya_1\"},{\"@type\":\"BreadcrumbList\",\"@id\":\"https:\\\/\\\/tibladin.dk\\\/produkt\\\/berberkurv-m-ranya\\\/#breadcrumb\",\"itemListElement\":[{\"@type\":\"ListItem\",\"position\":1,\"name\":\"Hjem\",\"item\":\"https:\\\/\\\/tibladin.dk\\\/\"},{\"@type\":\"ListItem\",\"position\":2,\"name\":\"Shop\",\"item\":\"https:\\\/\\\/tibladin.dk\\\/shop\\\/\"},{\"@type\":\"ListItem\",\"position\":3,\"name\":\"Berberkurv M &#8211; RANYA\"}]},{\"@type\":\"WebSite\",\"@id\":\"https:\\\/\\\/tibladin.dk\\\/#website\",\"url\":\"https:\\\/\\\/tibladin.dk\\\/\",\"name\":\"Tibladin\",\"description\":\"Tibladin\",\"publisher\":{\"@id\":\"https:\\\/\\\/tibladin.dk\\\/#organization\"},\"potentialAction\":[{\"@type\":\"SearchAction\",\"target\":{\"@type\":\"EntryPoint\",\"urlTemplate\":\"https:\\\/\\\/tibladin.dk\\\/?s={search_term_string}\"},\"query-input\":{\"@type\":\"PropertyValueSpecification\",\"valueRequired\":true,\"valueName\":\"search_term_string\"}}],\"inLanguage\":\"nb-NO\"},{\"@type\":\"Organization\",\"@id\":\"https:\\\/\\\/tibladin.dk\\\/#organization\",\"name\":\"Tibladin\",\"url\":\"https:\\\/\\\/tibladin.dk\\\/\",\"logo\":{\"@type\":\"ImageObject\",\"inLanguage\":\"nb-NO\",\"@id\":\"https:\\\/\\\/tibladin.dk\\\/#\\\/schema\\\/logo\\\/image\\\/\",\"url\":\"https:\\\/\\\/tibladin.dk\\\/wp-content\\\/uploads\\\/2022\\\/09\\\/tibladin_logo.svg\",\"contentUrl\":\"https:\\\/\\\/tibladin.dk\\\/wp-content\\\/uploads\\\/2022\\\/09\\\/tibladin_logo.svg\",\"caption\":\"Tibladin\"},\"image\":{\"@id\":\"https:\\\/\\\/tibladin.dk\\\/#\\\/schema\\\/logo\\\/image\\\/\"}}]}<\/script>\n<!-- \/ Yoast SEO plugin. -->","yoast_head_json":{"title":"Berberkurv M - RANYA - Tibladin","description":"Berberkurv i muntre farger som rosa, bl\u00e5, gr\u00f8nn, lilla og gull. Perfekt for oppbevaring \u2013 tilgjengelig i et bredt utvalg av farger og m\u00f8nstre.","robots":{"index":"index","follow":"follow","max-snippet":"max-snippet:-1","max-image-preview":"max-image-preview:large","max-video-preview":"max-video-preview:-1"},"canonical":"https:\/\/tibladin.dk\/nb\/produkt\/berberkurv-m-ranya\/","og_locale":"nb_NO","og_type":"article","og_title":"Berberkurv M - RANYA - Tibladin","og_description":"Berberkurv i glade farver som pink, bl\u00e5, gr\u00f8n, lilla og gylden. Perfekt til opbevaring \u2013 f\u00e5s i et stort udvalg af farver og m\u00f8nstre.","og_url":"https:\/\/tibladin.dk\/nb\/produkt\/berberkurv-m-ranya\/","og_site_name":"Tibladin","article_modified_time":"2026-04-10T14:45:47+00:00","og_image":[{"width":800,"height":800,"url":"https:\/\/tibladin.dk\/wp-content\/uploads\/2025\/10\/Ranya_1.jpeg","type":"image\/jpeg"}],"twitter_card":"summary_large_image","twitter_misc":{"Ansl. lesetid":"1 minutt"},"schema":{"@context":"https:\/\/schema.org","@graph":[{"@type":"WebPage","@id":"https:\/\/tibladin.dk\/produkt\/berberkurv-m-ranya\/","url":"https:\/\/tibladin.dk\/produkt\/berberkurv-m-ranya\/","name":"Berberkurv M - RANYA - Tibladin","isPartOf":{"@id":"https:\/\/tibladin.dk\/#website"},"primaryImageOfPage":{"@id":"https:\/\/tibladin.dk\/produkt\/berberkurv-m-ranya\/#primaryimage"},"image":{"@id":"https:\/\/tibladin.dk\/produkt\/berberkurv-m-ranya\/#primaryimage"},"thumbnailUrl":"https:\/\/tibladin.dk\/wp-content\/uploads\/2025\/10\/Ranya_1.jpeg","datePublished":"2025-10-10T12:05:29+00:00","dateModified":"2026-04-10T14:45:47+00:00","description":"Berberkurv i muntre farger som rosa, bl\u00e5, gr\u00f8nn, lilla og gull. Perfekt for oppbevaring \u2013 tilgjengelig i et bredt utvalg av farger og m\u00f8nstre.","breadcrumb":{"@id":"https:\/\/tibladin.dk\/produkt\/berberkurv-m-ranya\/#breadcrumb"},"inLanguage":"nb-NO","potentialAction":[{"@type":"ReadAction","target":["https:\/\/tibladin.dk\/produkt\/berberkurv-m-ranya\/"]}]},{"@type":"ImageObject","inLanguage":"nb-NO","@id":"https:\/\/tibladin.dk\/produkt\/berberkurv-m-ranya\/#primaryimage","url":"https:\/\/tibladin.dk\/wp-content\/uploads\/2025\/10\/Ranya_1.jpeg","contentUrl":"https:\/\/tibladin.dk\/wp-content\/uploads\/2025\/10\/Ranya_1.jpeg","width":800,"height":800,"caption":"Ranya_1"},{"@type":"BreadcrumbList","@id":"https:\/\/tibladin.dk\/produkt\/berberkurv-m-ranya\/#breadcrumb","itemListElement":[{"@type":"ListItem","position":1,"name":"Hjem","item":"https:\/\/tibladin.dk\/"},{"@type":"ListItem","position":2,"name":"Shop","item":"https:\/\/tibladin.dk\/shop\/"},{"@type":"ListItem","position":3,"name":"Berberkurv M &#8211; RANYA"}]},{"@type":"WebSite","@id":"https:\/\/tibladin.dk\/#website","url":"https:\/\/tibladin.dk\/","name":"Tibladin","description":"Tibladin","publisher":{"@id":"https:\/\/tibladin.dk\/#organization"},"potentialAction":[{"@type":"SearchAction","target":{"@type":"EntryPoint","urlTemplate":"https:\/\/tibladin.dk\/?s={search_term_string}"},"query-input":{"@type":"PropertyValueSpecification","valueRequired":true,"valueName":"search_term_string"}}],"inLanguage":"nb-NO"},{"@type":"Organization","@id":"https:\/\/tibladin.dk\/#organization","name":"Tibladin","url":"https:\/\/tibladin.dk\/","logo":{"@type":"ImageObject","inLanguage":"nb-NO","@id":"https:\/\/tibladin.dk\/#\/schema\/logo\/image\/","url":"https:\/\/tibladin.dk\/wp-content\/uploads\/2022\/09\/tibladin_logo.svg","contentUrl":"https:\/\/tibladin.dk\/wp-content\/uploads\/2022\/09\/tibladin_logo.svg","caption":"Tibladin"},"image":{"@id":"https:\/\/tibladin.dk\/#\/schema\/logo\/image\/"}}]}},"_links":{"self":[{"href":"https:\/\/tibladin.dk\/nb\/wp-json\/wp\/v2\/product\/40574","targetHints":{"allow":["GET"]}}],"collection":[{"href":"https:\/\/tibladin.dk\/nb\/wp-json\/wp\/v2\/product"}],"about":[{"href":"https:\/\/tibladin.dk\/nb\/wp-json\/wp\/v2\/types\/product"}],"wp:featuredmedia":[{"embeddable":true,"href":"https:\/\/tibladin.dk\/nb\/wp-json\/wp\/v2\/media\/40548"}],"wp:attachment":[{"href":"https:\/\/tibladin.dk\/nb\/wp-json\/wp\/v2\/media?parent=40574"}],"wp:term":[{"taxonomy":"product_brand","embeddable":true,"href":"https:\/\/tibladin.dk\/nb\/wp-json\/wp\/v2\/product_brand?post=40574"},{"taxonomy":"product_cat","embeddable":true,"href":"https:\/\/tibladin.dk\/nb\/wp-json\/wp\/v2\/product_cat?post=40574"},{"taxonomy":"product_tag","embeddable":true,"href":"https:\/\/tibladin.dk\/nb\/wp-json\/wp\/v2\/product_tag?post=40574"}],"curies":[{"name":"wp","href":"https:\/\/api.w.org\/{rel}","templated":true}]}}