{"id":40920,"date":"2025-10-16T10:15:48","date_gmt":"2025-10-16T08:15:48","guid":{"rendered":"https:\/\/tibladin.dk\/?post_type=product&#038;p=40920"},"modified":"2026-01-31T17:59:39","modified_gmt":"2026-01-31T16:59:39","slug":"kaktus-silkeputetrekk-groent-50x92-cm","status":"publish","type":"product","link":"https:\/\/tibladin.dk\/nb\/produkt\/kaktussilke-pudebetraek-groen-50x92-cm\/","title":{"rendered":"Putetrekk i kaktussilke \u2013 Gr\u00f8nn 50\u00d792 cm"},"content":{"rendered":"<div class=\"wpb-content-wrapper\"><div class=\"vc_row wpb_row vc_row-fluid\"><div class=\"wpb_column vc_column_container vc_col-sm-4\"><div class=\"vc_column-inner\"><div class=\"wpb_wrapper\"><\/div><\/div><\/div><div class=\"wpb_column vc_column_container vc_col-sm-4\"><div class=\"vc_column-inner\"><div class=\"wpb_wrapper\"><h3 style=\"text-align: left\" class=\"vc_custom_heading vc_do_custom_heading\" >Vedlikehold<\/h3>\n\t<div class=\"wpb_text_column wpb_content_element\" >\n\t\t<div class=\"wpb_wrapper\">\n\t\t\t<p>Putetrekket er ikke vanntett!<\/p>\n<p>De b\u00f8r renses p\u00e5 et renseri.<\/p>\n<p>Siden putetrekkene er 100 % h\u00e5ndlaget, kan det v\u00e6re ufullkommenheter samt forskjeller i st\u00f8rrelse og m\u00f8nster, noe som er en del av sjarmen til disse putene.<\/p>\n\n\t\t<\/div>\n\t<\/div>\n<\/div><\/div><\/div><div class=\"wpb_column vc_column_container vc_col-sm-4\"><div class=\"vc_column-inner\"><div class=\"wpb_wrapper\"><h3 style=\"text-align: left\" class=\"vc_custom_heading vc_do_custom_heading\" >Historien bak<\/h3>\n\t<div class=\"wpb_text_column wpb_content_element\" >\n\t\t<div class=\"wpb_wrapper\">\n\t\t\t<p>Putetrekkene i kaktussilke \u2013 ogs\u00e5 kalt agavesilke \u2013 er h\u00e5ndlaget. Trekkene har en sterk glidel\u00e5s, slik at du enkelt kan ta dem av og ta dem med til vaskeriet.<\/p>\n<p>Trekkene passer til monteringsputer p\u00e5 50 x 50 eller 60 x 60 cm, avhengig av hvor tykke du vil ha dem.<\/p>\n<p>Kaktussilke er vevd av fibre fra kaktus fra Marokko.<\/p>\n\n\t\t<\/div>\n\t<\/div>\n<\/div><\/div><\/div><\/div>\n<\/div>","protected":false},"excerpt":{"rendered":"<p data-start=\"82\" data-end=\"171\"><strong data-start=\"82\" data-end=\"169\">Unike, h\u00e5ndlagde marokkanske putetrekk i kaktussilke \u2013 i en vakker gr\u00f8nnaktig fargetone.<\/strong><\/p>\n<p data-start=\"173\" data-end=\"340\">Disse kaktusputene i silke er det perfekte valget for de som elsker en personlig og boheminspirert innredning. De tilf\u00f8rer varme, farge og et unikt uttrykk til hjemmet ditt.<\/p>\n<p data-start=\"342\" data-end=\"638\">P\u00e5 Tibladin, v\u00e5r <em data-start=\"364\" data-end=\"371\">Sabra<\/em>-puter h\u00e5ndlaget med kj\u00e6rlighet i Marokko \u2013 vevd av ekte Aloe Vera-silke utvunnet fra kaktusplanter som vokser i Sahara\u00f8rkenen.<br data-start=\"499\" data-end=\"502\" \/>Silken er farget med naturlige pigmenter fra planter, b\u00e6r, r\u00f8tter og mineraler \u2013 100 % \u00f8kologisk og laget i henhold til gamle berbertradisjoner.<\/p>\n<p data-start=\"640\" data-end=\"776\">Hvert putetrekk er unikt og har sm\u00e5 ufullkommenheter som vitner om ekte h\u00e5ndverk \u2013 sm\u00e5 sjarmerende kunstverk med sin egen historie.<\/p>\n<p data-start=\"778\" data-end=\"970\"><strong data-start=\"778\" data-end=\"792\">St\u00f8rrelse:<\/strong> Passer til monteringsputer i <strong data-start=\"822\" data-end=\"836\">50 x 90 cm<\/strong>, avhengig av hvor full du vil ha puten din.<br data-start=\"879\" data-end=\"882\" \/><strong data-start=\"882\" data-end=\"893\">Note:<\/strong> Putetrekk leveres uten fyll \u2013 <strong data-start=\"925\" data-end=\"970\">Monteringspute kan kj\u00f8pes for 150,- DKK.<\/strong><\/p>","protected":false},"featured_media":40849,"template":"","meta":{"inline_featured_image":false},"product_brand":[],"product_cat":[160,66,178,37],"product_tag":[],"class_list":{"0":"post-40920","1":"product","2":"type-product","3":"status-publish","4":"has-post-thumbnail","6":"product_cat-kaktussilke-puder","7":"product_cat-pudebetraek","8":"product_cat-store-kaktussilke-puder","9":"product_cat-tekstiler","11":"first","12":"outofstock","13":"taxable","14":"shipping-taxable","15":"purchasable","16":"product-type-simple"},"exclude_global_add_ons":false,"addons":[{"name":"\u00d8nsker du gaveinnpakning?","type":"checkbox","position":0,"required":false,"title_format":"label","default":"","description_enable":false,"description":"","placeholder_enable":false,"placeholder":"","display":"images","restrictions_type":"any_text","adjust_price":false,"price":"","price_type":"flat_fee","restrictions":false,"min":"0","max":"0","options":[{"label":"Ja tak","price":"10","price_type":"flat_fee","image":11015,"visibility":true}],"id":1669646111},{"name":"F\u00e5 putetrekket levert med en stor monteringsmatte","type":"multiple_choice","position":0,"required":false,"title_format":"label","default":"","description_enable":false,"description":"","placeholder_enable":false,"placeholder":"","display":"select","restrictions_type":"any_text","adjust_price":false,"price":"","price_type":"flat_fee","restrictions":false,"min":"0","max":"0","options":[{"label":"Ja tak!","price":"150","price_type":"quantity_based","image":0,"visibility":true}],"id":1760629446}],"yoast_head":"<!-- This site is optimized with the Yoast SEO plugin v27.4 - https:\/\/yoast.com\/product\/yoast-seo-wordpress\/ -->\n<title>Marokkansk kaktussilke pude | Gr\u00f8n | H\u00e5ndlavet i Marrakech<\/title>\n<meta name=\"description\" content=\"Kaktussilkepude i gr\u00f8n \u2013 perfekt til din sofa.Passer til pudest\u00f8rrelse 50x92 cm, alt efter hvor fyldig du \u00f8nsker puden.\u21d2 Find den her\" \/>\n<meta name=\"robots\" content=\"index, follow, max-snippet:-1, max-image-preview:large, max-video-preview:-1\" \/>\n<link rel=\"canonical\" href=\"https:\/\/tibladin.dk\/nb\/produkt\/kaktus-silkeputetrekk-groent-50x92-cm\/\" \/>\n<meta property=\"og:locale\" content=\"nb_NO\" \/>\n<meta property=\"og:type\" content=\"article\" \/>\n<meta property=\"og:title\" content=\"Marokkansk kaktussilke pude | Gr\u00f8n | H\u00e5ndlavet i Marrakech\" \/>\n<meta property=\"og:description\" content=\"Kaktussilkepude i gr\u00f8n \u2013 perfekt til din sofa.Passer til pudest\u00f8rrelse 50x92 cm, alt efter hvor fyldig du \u00f8nsker puden.\u21d2 Find den her\" \/>\n<meta property=\"og:url\" content=\"https:\/\/tibladin.dk\/nb\/produkt\/kaktus-silkeputetrekk-groent-50x92-cm\/\" \/>\n<meta property=\"og:site_name\" content=\"Tibladin\" \/>\n<meta property=\"article:modified_time\" content=\"2026-01-31T16:59:39+00:00\" \/>\n<meta property=\"og:image\" content=\"https:\/\/tibladin.dk\/wp-content\/uploads\/2025\/10\/GROeN_Kaktuspude_50x92_5.jpg\" \/>\n\t<meta property=\"og:image:width\" content=\"800\" \/>\n\t<meta property=\"og:image:height\" content=\"800\" \/>\n\t<meta property=\"og:image:type\" content=\"image\/jpeg\" \/>\n<meta name=\"twitter:card\" content=\"summary_large_image\" \/>\n<meta name=\"twitter:label1\" content=\"Ansl. lesetid\" \/>\n\t<meta name=\"twitter:data1\" content=\"2 minutter\" \/>\n<script type=\"application\/ld+json\" class=\"yoast-schema-graph\">{\"@context\":\"https:\\\/\\\/schema.org\",\"@graph\":[{\"@type\":\"WebPage\",\"@id\":\"https:\\\/\\\/tibladin.dk\\\/produkt\\\/kaktussilke-pudebetraek-groen-50x92-cm\\\/\",\"url\":\"https:\\\/\\\/tibladin.dk\\\/produkt\\\/kaktussilke-pudebetraek-groen-50x92-cm\\\/\",\"name\":\"Marokkansk kaktussilke pude | Gr\u00f8n | H\u00e5ndlavet i Marrakech\",\"isPartOf\":{\"@id\":\"https:\\\/\\\/tibladin.dk\\\/#website\"},\"primaryImageOfPage\":{\"@id\":\"https:\\\/\\\/tibladin.dk\\\/produkt\\\/kaktussilke-pudebetraek-groen-50x92-cm\\\/#primaryimage\"},\"image\":{\"@id\":\"https:\\\/\\\/tibladin.dk\\\/produkt\\\/kaktussilke-pudebetraek-groen-50x92-cm\\\/#primaryimage\"},\"thumbnailUrl\":\"https:\\\/\\\/tibladin.dk\\\/wp-content\\\/uploads\\\/2025\\\/10\\\/GROeN_Kaktuspude_50x92_5.jpg\",\"datePublished\":\"2025-10-16T08:15:48+00:00\",\"dateModified\":\"2026-01-31T16:59:39+00:00\",\"description\":\"Kaktussilkepude i gr\u00f8n \u2013 perfekt til din sofa.Passer til pudest\u00f8rrelse 50x92 cm, alt efter hvor fyldig du \u00f8nsker puden.\u21d2 Find den her\",\"breadcrumb\":{\"@id\":\"https:\\\/\\\/tibladin.dk\\\/produkt\\\/kaktussilke-pudebetraek-groen-50x92-cm\\\/#breadcrumb\"},\"inLanguage\":\"nb-NO\",\"potentialAction\":[{\"@type\":\"ReadAction\",\"target\":[\"https:\\\/\\\/tibladin.dk\\\/produkt\\\/kaktussilke-pudebetraek-groen-50x92-cm\\\/\"]}]},{\"@type\":\"ImageObject\",\"inLanguage\":\"nb-NO\",\"@id\":\"https:\\\/\\\/tibladin.dk\\\/produkt\\\/kaktussilke-pudebetraek-groen-50x92-cm\\\/#primaryimage\",\"url\":\"https:\\\/\\\/tibladin.dk\\\/wp-content\\\/uploads\\\/2025\\\/10\\\/GROeN_Kaktuspude_50x92_5.jpg\",\"contentUrl\":\"https:\\\/\\\/tibladin.dk\\\/wp-content\\\/uploads\\\/2025\\\/10\\\/GROeN_Kaktuspude_50x92_5.jpg\",\"width\":800,\"height\":800,\"caption\":\"Groen_Kaktuspude_50x92\"},{\"@type\":\"BreadcrumbList\",\"@id\":\"https:\\\/\\\/tibladin.dk\\\/produkt\\\/kaktussilke-pudebetraek-groen-50x92-cm\\\/#breadcrumb\",\"itemListElement\":[{\"@type\":\"ListItem\",\"position\":1,\"name\":\"Hjem\",\"item\":\"https:\\\/\\\/tibladin.dk\\\/\"},{\"@type\":\"ListItem\",\"position\":2,\"name\":\"Shop\",\"item\":\"https:\\\/\\\/tibladin.dk\\\/shop\\\/\"},{\"@type\":\"ListItem\",\"position\":3,\"name\":\"Kaktussilke pudebetr\u00e6k &#8211; Gr\u00f8n 50&#215;92 cm\"}]},{\"@type\":\"WebSite\",\"@id\":\"https:\\\/\\\/tibladin.dk\\\/#website\",\"url\":\"https:\\\/\\\/tibladin.dk\\\/\",\"name\":\"Tibladin\",\"description\":\"Tibladin\",\"publisher\":{\"@id\":\"https:\\\/\\\/tibladin.dk\\\/#organization\"},\"potentialAction\":[{\"@type\":\"SearchAction\",\"target\":{\"@type\":\"EntryPoint\",\"urlTemplate\":\"https:\\\/\\\/tibladin.dk\\\/?s={search_term_string}\"},\"query-input\":{\"@type\":\"PropertyValueSpecification\",\"valueRequired\":true,\"valueName\":\"search_term_string\"}}],\"inLanguage\":\"nb-NO\"},{\"@type\":\"Organization\",\"@id\":\"https:\\\/\\\/tibladin.dk\\\/#organization\",\"name\":\"Tibladin\",\"url\":\"https:\\\/\\\/tibladin.dk\\\/\",\"logo\":{\"@type\":\"ImageObject\",\"inLanguage\":\"nb-NO\",\"@id\":\"https:\\\/\\\/tibladin.dk\\\/#\\\/schema\\\/logo\\\/image\\\/\",\"url\":\"https:\\\/\\\/tibladin.dk\\\/wp-content\\\/uploads\\\/2022\\\/09\\\/tibladin_logo.svg\",\"contentUrl\":\"https:\\\/\\\/tibladin.dk\\\/wp-content\\\/uploads\\\/2022\\\/09\\\/tibladin_logo.svg\",\"caption\":\"Tibladin\"},\"image\":{\"@id\":\"https:\\\/\\\/tibladin.dk\\\/#\\\/schema\\\/logo\\\/image\\\/\"}}]}<\/script>\n<!-- \/ Yoast SEO plugin. -->","yoast_head_json":{"title":"Marokkansk kaktus-silkepute | Gr\u00f8nn | H\u00e5ndlaget i Marrakech","description":"Kaktussilkepute i gr\u00f8nt \u2013 perfekt til sofaen din. Passer til putest\u00f8rrelse 50x92 cm, avhengig av hvor fyldig du vil ha puten.\u21d2 Finn den her","robots":{"index":"index","follow":"follow","max-snippet":"max-snippet:-1","max-image-preview":"max-image-preview:large","max-video-preview":"max-video-preview:-1"},"canonical":"https:\/\/tibladin.dk\/nb\/produkt\/kaktus-silkeputetrekk-groent-50x92-cm\/","og_locale":"nb_NO","og_type":"article","og_title":"Marokkansk kaktussilke pude | Gr\u00f8n | H\u00e5ndlavet i Marrakech","og_description":"Kaktussilkepude i gr\u00f8n \u2013 perfekt til din sofa.Passer til pudest\u00f8rrelse 50x92 cm, alt efter hvor fyldig du \u00f8nsker puden.\u21d2 Find den her","og_url":"https:\/\/tibladin.dk\/nb\/produkt\/kaktus-silkeputetrekk-groent-50x92-cm\/","og_site_name":"Tibladin","article_modified_time":"2026-01-31T16:59:39+00:00","og_image":[{"width":800,"height":800,"url":"https:\/\/tibladin.dk\/wp-content\/uploads\/2025\/10\/GROeN_Kaktuspude_50x92_5.jpg","type":"image\/jpeg"}],"twitter_card":"summary_large_image","twitter_misc":{"Ansl. lesetid":"2 minutter"},"schema":{"@context":"https:\/\/schema.org","@graph":[{"@type":"WebPage","@id":"https:\/\/tibladin.dk\/produkt\/kaktussilke-pudebetraek-groen-50x92-cm\/","url":"https:\/\/tibladin.dk\/produkt\/kaktussilke-pudebetraek-groen-50x92-cm\/","name":"Marokkansk kaktus-silkepute | Gr\u00f8nn | H\u00e5ndlaget i Marrakech","isPartOf":{"@id":"https:\/\/tibladin.dk\/#website"},"primaryImageOfPage":{"@id":"https:\/\/tibladin.dk\/produkt\/kaktussilke-pudebetraek-groen-50x92-cm\/#primaryimage"},"image":{"@id":"https:\/\/tibladin.dk\/produkt\/kaktussilke-pudebetraek-groen-50x92-cm\/#primaryimage"},"thumbnailUrl":"https:\/\/tibladin.dk\/wp-content\/uploads\/2025\/10\/GROeN_Kaktuspude_50x92_5.jpg","datePublished":"2025-10-16T08:15:48+00:00","dateModified":"2026-01-31T16:59:39+00:00","description":"Kaktussilkepute i gr\u00f8nt \u2013 perfekt til sofaen din. Passer til putest\u00f8rrelse 50x92 cm, avhengig av hvor fyldig du vil ha puten.\u21d2 Finn den her","breadcrumb":{"@id":"https:\/\/tibladin.dk\/produkt\/kaktussilke-pudebetraek-groen-50x92-cm\/#breadcrumb"},"inLanguage":"nb-NO","potentialAction":[{"@type":"ReadAction","target":["https:\/\/tibladin.dk\/produkt\/kaktussilke-pudebetraek-groen-50x92-cm\/"]}]},{"@type":"ImageObject","inLanguage":"nb-NO","@id":"https:\/\/tibladin.dk\/produkt\/kaktussilke-pudebetraek-groen-50x92-cm\/#primaryimage","url":"https:\/\/tibladin.dk\/wp-content\/uploads\/2025\/10\/GROeN_Kaktuspude_50x92_5.jpg","contentUrl":"https:\/\/tibladin.dk\/wp-content\/uploads\/2025\/10\/GROeN_Kaktuspude_50x92_5.jpg","width":800,"height":800,"caption":"Groen_Kaktuspude_50x92"},{"@type":"BreadcrumbList","@id":"https:\/\/tibladin.dk\/produkt\/kaktussilke-pudebetraek-groen-50x92-cm\/#breadcrumb","itemListElement":[{"@type":"ListItem","position":1,"name":"Hjem","item":"https:\/\/tibladin.dk\/"},{"@type":"ListItem","position":2,"name":"Shop","item":"https:\/\/tibladin.dk\/shop\/"},{"@type":"ListItem","position":3,"name":"Kaktussilke pudebetr\u00e6k &#8211; Gr\u00f8n 50&#215;92 cm"}]},{"@type":"WebSite","@id":"https:\/\/tibladin.dk\/#website","url":"https:\/\/tibladin.dk\/","name":"Tibladin","description":"Tibladin","publisher":{"@id":"https:\/\/tibladin.dk\/#organization"},"potentialAction":[{"@type":"SearchAction","target":{"@type":"EntryPoint","urlTemplate":"https:\/\/tibladin.dk\/?s={search_term_string}"},"query-input":{"@type":"PropertyValueSpecification","valueRequired":true,"valueName":"search_term_string"}}],"inLanguage":"nb-NO"},{"@type":"Organization","@id":"https:\/\/tibladin.dk\/#organization","name":"Tibladin","url":"https:\/\/tibladin.dk\/","logo":{"@type":"ImageObject","inLanguage":"nb-NO","@id":"https:\/\/tibladin.dk\/#\/schema\/logo\/image\/","url":"https:\/\/tibladin.dk\/wp-content\/uploads\/2022\/09\/tibladin_logo.svg","contentUrl":"https:\/\/tibladin.dk\/wp-content\/uploads\/2022\/09\/tibladin_logo.svg","caption":"Tibladin"},"image":{"@id":"https:\/\/tibladin.dk\/#\/schema\/logo\/image\/"}}]}},"_links":{"self":[{"href":"https:\/\/tibladin.dk\/nb\/wp-json\/wp\/v2\/product\/40920","targetHints":{"allow":["GET"]}}],"collection":[{"href":"https:\/\/tibladin.dk\/nb\/wp-json\/wp\/v2\/product"}],"about":[{"href":"https:\/\/tibladin.dk\/nb\/wp-json\/wp\/v2\/types\/product"}],"wp:featuredmedia":[{"embeddable":true,"href":"https:\/\/tibladin.dk\/nb\/wp-json\/wp\/v2\/media\/40849"}],"wp:attachment":[{"href":"https:\/\/tibladin.dk\/nb\/wp-json\/wp\/v2\/media?parent=40920"}],"wp:term":[{"taxonomy":"product_brand","embeddable":true,"href":"https:\/\/tibladin.dk\/nb\/wp-json\/wp\/v2\/product_brand?post=40920"},{"taxonomy":"product_cat","embeddable":true,"href":"https:\/\/tibladin.dk\/nb\/wp-json\/wp\/v2\/product_cat?post=40920"},{"taxonomy":"product_tag","embeddable":true,"href":"https:\/\/tibladin.dk\/nb\/wp-json\/wp\/v2\/product_tag?post=40920"}],"curies":[{"name":"wp","href":"https:\/\/api.w.org\/{rel}","templated":true}]}}