{"id":41226,"date":"2025-10-19T09:41:03","date_gmt":"2025-10-19T07:41:03","guid":{"rendered":"https:\/\/tibladin.dk\/?post_type=product&#038;p=41226"},"modified":"2026-01-08T15:22:13","modified_gmt":"2026-01-08T14:22:13","slug":"krakk-med-snorflettet-groenn","status":"publish","type":"product","link":"https:\/\/tibladin.dk\/nb\/produkt\/skammel-med-snorflet-groen\/","title":{"rendered":"Krakk med snorvev \u2013 Gr\u00f8nn"},"content":{"rendered":"<div class=\"wpb-content-wrapper\"><div class=\"vc_row wpb_row vc_row-fluid\"><div class=\"wpb_column vc_column_container vc_col-sm-4\"><div class=\"vc_column-inner\"><div class=\"wpb_wrapper\"><\/div><\/div><\/div><div class=\"wpb_column vc_column_container vc_col-sm-4\"><div class=\"vc_column-inner\"><div class=\"wpb_wrapper\"><h3 style=\"text-align: left\" class=\"vc_custom_heading vc_do_custom_heading\" >Vedlikehold<\/h3>\n\t<div class=\"wpb_text_column wpb_content_element\" >\n\t\t<div class=\"wpb_wrapper\">\n\t\t\t<p>Krakkene med snorfletning kan enkelt t\u00f8rkes av med en fuktig klut.<\/p>\n\n\t\t<\/div>\n\t<\/div>\n<\/div><\/div><\/div><div class=\"wpb_column vc_column_container vc_col-sm-4\"><div class=\"vc_column-inner\"><div class=\"wpb_wrapper\"><h3 style=\"text-align: left\" class=\"vc_custom_heading vc_do_custom_heading\" >Historien bak<\/h3>\n\t<div class=\"wpb_text_column wpb_content_element\" >\n\t\t<div class=\"wpb_wrapper\">\n\t\t\t<p><span style=\"font-weight: 400;\">Sm\u00e5 krakker er en enkel og effektiv m\u00e5te \u00e5 tilf\u00f8re et eksotisk og personlig preg til interi\u00f8ret ditt. De bringer liv, varme og variasjon og fungerer som sm\u00e5 kunstverk i hjemmet. Alle krakkene mine er h\u00e5ndlagde, og ingen er helt like. Jeg velger materialer og farger med stor omhu og tilbyr trekrakker med flettede snorer i n\u00f8ye utvalgte, uts\u00f8kte nyanser, som sammen skaper et elegant bohemsk uttrykk. Vi tilbyr en rekke forskjellige typer krakker, hver med sin egen sjarm.\u00a0<\/span><\/p>\n<p data-start=\"143\" data-end=\"626\">De skinnvevde krakkene tilf\u00f8rer varme, tyngde og et eksklusivt preg, som bare blir vakrere med tiden, ettersom materialet patinerer og f\u00e5r sitt eget unike uttrykk. Naturskinnet skaper en fin kontrast til den lyse overflaten av treverket og gir krakken et tidl\u00f8st og elegant utseende.<\/p>\n<p data-start=\"628\" data-end=\"1086\">Hvis du \u00f8nsker et lettere og mer grafisk utseende, er de flettede krakkene perfekte. De sterke snorene er h\u00e5ndflettet i vakre m\u00f8nstre og utvalgte farger, som tilf\u00f8rer liv, personlighet og et snev av bohemsk stil. Kombinasjonen av farger, m\u00f8nstre og materialer lar deg velge en krakk som enten glir rolig inn i interi\u00f8ret eller fungerer som et sl\u00e5ende blikkfang.<\/p>\n<p><span style=\"font-weight: 400;\">De runde krakkene er laget av tre, og en spesiell og sjarmerende detalj ved disse krakkene er bruken av et resirkulert dekk i konstruksjonen av setet. Det er b\u00e5de en morsom og kreativ l\u00f8sning, som gir m\u00f8blene en uventet historie og en moderne vri. Det som tidligere hadde et helt annet form\u00e5l, f\u00e5r nytt liv og en ny funksjon i hjemmet \u2013 forvandlet fra industriavfall til et estetisk og funksjonelt m\u00f8bel. Denne transformasjonen gir krakken karakter og gj\u00f8r den til et samtaleemne som vekker nysgjerrighet og begeistring.<\/span><\/p>\n<p><span style=\"font-weight: 400;\">Samtidig er bruk av dekk et sterkt b\u00e6rekraftig valg. Dekk er vanligvis vanskelige \u00e5 resirkulere og ender ofte opp som avfall som forurenser milj\u00f8et. Ved \u00e5 gjenbruke dem i m\u00f8belproduksjon forlenges materialets levetid betydelig og behovet for nye r\u00e5varer reduseres. Kombinasjonen av resirkulering, h\u00e5ndverk og estetikk viser hvordan b\u00e6rekraft og design kan g\u00e5 h\u00e5nd i h\u00e5nd uten at det g\u00e5r p\u00e5 bekostning av kvalitet eller uttrykk.<\/span><\/p>\n<p><span style=\"font-weight: 400;\">\u00c5 bruke et dekk som base for flettearbeidet gir ogs\u00e5 en robust og slitesterk kjerne, noe som gj\u00f8r krakken egnet for daglig bruk. Dette st\u00f8tter Tibladins id\u00e9 om \u00e5 skape m\u00f8bler som ikke bare er vakre, men ogs\u00e5 ansvarlige \u2013 m\u00f8bler med sjel, historie og hensyn til b\u00e5de mennesker og milj\u00f8.<br \/>\n<\/span><\/p>\n<p data-start=\"107\" data-end=\"425\">De rottingvevde krakkene utstr\u00e5ler letthet, naturlighet og ekte h\u00e5ndverk. Rotting er et fleksibelt og sterkt naturmateriale som er vevd for h\u00e5nd, og skaper vakre, harmoniske m\u00f8nstre med sm\u00e5 variasjoner som gj\u00f8r hver krakk unik. Det vevde setet gir et lett og luftig utseende og tilf\u00f8rer varme og ro til interi\u00f8ret.<\/p>\n<p data-start=\"427\" data-end=\"691\">Rotting er ogs\u00e5 et b\u00e6rekraftig valg, ettersom det er et hurtigvoksende materiale som kan h\u00f8stes sk\u00e5nsomt. Sammen med treets naturlige struktur skaper det en tidl\u00f8s og slitesterk krakk som fungerer b\u00e5de som en praktisk sitteplass og som et dekorativt element i hjemmet.<\/p>\n<p><span style=\"font-weight: 400;\">Krakkene er h\u00e5ndlaget av kvinner i et kvinnekooperativ s\u00f8r for Marrakech. Kooperativet sysselsetter rundt 160 kvinner og spiller en viktig rolle i \u00e5 forbedre levek\u00e5rene til mange familier i den lille landsbyen. N\u00e5r du velger denne krakken, f\u00e5r du ikke bare et vakkert og funksjonelt m\u00f8bel \u2013 du st\u00f8tter ogs\u00e5 tradisjonelt h\u00e5ndverk, b\u00e6rekraftig produksjon og kvinners mulighet til \u00f8konomisk uavhengighet.<\/span><\/p>\n\n\t\t<\/div>\n\t<\/div>\n<\/div><\/div><\/div><\/div>\n<\/div>","protected":false},"excerpt":{"rendered":"<p><span style=\"font-weight: 400;\">Krakken er et vakkert eksempel p\u00e5 ekte h\u00e5ndverk, hvor hvert element vitner om tid, omsorg og respekt for materialene. Bena er h\u00e5ndsk\u00e5ret og slipt i lyst treverk, noe som gir krakken et naturlig, organisk og lett rustikt utseende. Treets fine \u00e5rer og sm\u00e5 variasjoner gj\u00f8r hver krakk unik. Den solide konstruksjonen sikrer b\u00e5de stabilitet og holdbarhet, samtidig som krakken opprettholder et lett og elegant utseende.<\/span><\/p>\n<p><span style=\"font-weight: 400;\">Setet er et resultat av mange timer med n\u00f8ye veving, utf\u00f8rt for h\u00e5nd med stor presisjon. De slitesterke snorene som er brukt her, er i en dyp, dempet gr\u00f8nnfarge, som skaper en vakker kontrast til det lyse treverket. Veveteknikken skaper et grafisk og harmonisk m\u00f8nster som b\u00e5de er behagelig \u00e5 sitte p\u00e5 og vakkert \u00e5 se p\u00e5. Fargen gir krakken et rolig, naturinspirert uttrykk som passer perfekt inn i b\u00e5de nordisk, bohemsk og annet interi\u00f8r.<\/span><\/p>\n<p><span style=\"font-weight: 400;\">Krakken er et allsidig m\u00f8bel som er enkelt \u00e5 integrere i interi\u00f8ret ditt og umiddelbart gir rommet et personlig og unikt preg. Bruk den som ekstra sitteplass p\u00e5 soverommet, som en dekorativ detalj i gangen, som en praktisk krakk p\u00e5 badet eller som et lite sidebord ved sofaen eller lenestolen. Den fungerer like bra alene som i kombinasjon med andre naturlige materialer og tekstiler. Krakken er b\u00e5de dekorativ og funksjonell \u2013 et m\u00f8bel som kan brukes i hverdagen og samtidig forskj\u00f8nner rommet.<\/span><\/p>\n<p><span style=\"font-weight: 400;\">Krakken m\u00e5ler 35 x 35 x 35 cm, noe som gj\u00f8r den enkel \u00e5 flytte rundt og plassere hvor du vil. Den kompakte st\u00f8rrelsen gj\u00f8r den ideell for b\u00e5de sm\u00e5 og store rom, hvor den kan gi den karakter uten \u00e5 ta opp for mye plass.<\/span><\/p>","protected":false},"featured_media":41228,"template":"","meta":{"inline_featured_image":false},"product_brand":[],"product_cat":[36,39,49],"product_tag":[],"class_list":{"0":"post-41226","1":"product","2":"type-product","3":"status-publish","4":"has-post-thumbnail","6":"product_cat-gaver-til-under-500-kr","7":"product_cat-moebler","8":"product_cat-skamler","10":"first","11":"instock","12":"featured","13":"taxable","14":"shipping-taxable","15":"purchasable","16":"product-type-simple"},"exclude_global_add_ons":[],"addons":[],"yoast_head":"<!-- This site is optimized with the Yoast SEO plugin v27.4 - https:\/\/yoast.com\/product\/yoast-seo-wordpress\/ -->\n<title>B\u00e6nk\/Skammel i tr\u00e6 med snor flet | Tibladin<\/title>\n<meta name=\"description\" content=\"Skammel\/b\u00e6nk med flet af snore ien dyb gr\u00f8n farve. Kan let tils\u00e6ttes din indretning og give et personligt og bo\u00eame udtryk.\" \/>\n<meta name=\"robots\" content=\"index, follow, max-snippet:-1, max-image-preview:large, max-video-preview:-1\" \/>\n<link rel=\"canonical\" href=\"https:\/\/tibladin.dk\/nb\/produkt\/krakk-med-snorflettet-groenn\/\" \/>\n<meta property=\"og:locale\" content=\"nb_NO\" \/>\n<meta property=\"og:type\" content=\"article\" \/>\n<meta property=\"og:title\" content=\"B\u00e6nk\/Skammel i tr\u00e6 med snor flet | Tibladin\" \/>\n<meta property=\"og:description\" content=\"Skammel\/b\u00e6nk med flet af snore ien dyb gr\u00f8n farve. Kan let tils\u00e6ttes din indretning og give et personligt og bo\u00eame udtryk.\" \/>\n<meta property=\"og:url\" content=\"https:\/\/tibladin.dk\/nb\/produkt\/krakk-med-snorflettet-groenn\/\" \/>\n<meta property=\"og:site_name\" content=\"Tibladin\" \/>\n<meta property=\"article:modified_time\" content=\"2026-01-08T14:22:13+00:00\" \/>\n<meta property=\"og:image\" content=\"https:\/\/tibladin.dk\/wp-content\/uploads\/2025\/10\/lille-skammel-med-groen-snorflet_4.jpg\" \/>\n\t<meta property=\"og:image:width\" content=\"800\" \/>\n\t<meta property=\"og:image:height\" content=\"800\" \/>\n\t<meta property=\"og:image:type\" content=\"image\/jpeg\" \/>\n<meta name=\"twitter:card\" content=\"summary_large_image\" \/>\n<meta name=\"twitter:label1\" content=\"Ansl. lesetid\" \/>\n\t<meta name=\"twitter:data1\" content=\"3 minutter\" \/>\n<script type=\"application\/ld+json\" class=\"yoast-schema-graph\">{\"@context\":\"https:\\\/\\\/schema.org\",\"@graph\":[{\"@type\":\"WebPage\",\"@id\":\"https:\\\/\\\/tibladin.dk\\\/produkt\\\/skammel-med-snorflet-groen\\\/\",\"url\":\"https:\\\/\\\/tibladin.dk\\\/produkt\\\/skammel-med-snorflet-groen\\\/\",\"name\":\"B\u00e6nk\\\/Skammel i tr\u00e6 med snor flet | Tibladin\",\"isPartOf\":{\"@id\":\"https:\\\/\\\/tibladin.dk\\\/#website\"},\"primaryImageOfPage\":{\"@id\":\"https:\\\/\\\/tibladin.dk\\\/produkt\\\/skammel-med-snorflet-groen\\\/#primaryimage\"},\"image\":{\"@id\":\"https:\\\/\\\/tibladin.dk\\\/produkt\\\/skammel-med-snorflet-groen\\\/#primaryimage\"},\"thumbnailUrl\":\"https:\\\/\\\/tibladin.dk\\\/wp-content\\\/uploads\\\/2025\\\/10\\\/lille-skammel-med-groen-snorflet_4.jpg\",\"datePublished\":\"2025-10-19T07:41:03+00:00\",\"dateModified\":\"2026-01-08T14:22:13+00:00\",\"description\":\"Skammel\\\/b\u00e6nk med flet af snore ien dyb gr\u00f8n farve. Kan let tils\u00e6ttes din indretning og give et personligt og bo\u00eame udtryk.\",\"breadcrumb\":{\"@id\":\"https:\\\/\\\/tibladin.dk\\\/produkt\\\/skammel-med-snorflet-groen\\\/#breadcrumb\"},\"inLanguage\":\"nb-NO\",\"potentialAction\":[{\"@type\":\"ReadAction\",\"target\":[\"https:\\\/\\\/tibladin.dk\\\/produkt\\\/skammel-med-snorflet-groen\\\/\"]}]},{\"@type\":\"ImageObject\",\"inLanguage\":\"nb-NO\",\"@id\":\"https:\\\/\\\/tibladin.dk\\\/produkt\\\/skammel-med-snorflet-groen\\\/#primaryimage\",\"url\":\"https:\\\/\\\/tibladin.dk\\\/wp-content\\\/uploads\\\/2025\\\/10\\\/lille-skammel-med-groen-snorflet_4.jpg\",\"contentUrl\":\"https:\\\/\\\/tibladin.dk\\\/wp-content\\\/uploads\\\/2025\\\/10\\\/lille-skammel-med-groen-snorflet_4.jpg\",\"width\":800,\"height\":800,\"caption\":\"lille gr\u00f8n skammel med snorflet\"},{\"@type\":\"BreadcrumbList\",\"@id\":\"https:\\\/\\\/tibladin.dk\\\/produkt\\\/skammel-med-snorflet-groen\\\/#breadcrumb\",\"itemListElement\":[{\"@type\":\"ListItem\",\"position\":1,\"name\":\"Hjem\",\"item\":\"https:\\\/\\\/tibladin.dk\\\/\"},{\"@type\":\"ListItem\",\"position\":2,\"name\":\"Shop\",\"item\":\"https:\\\/\\\/tibladin.dk\\\/shop\\\/\"},{\"@type\":\"ListItem\",\"position\":3,\"name\":\"Skammel med snorflet &#8211; Gr\u00f8n\"}]},{\"@type\":\"WebSite\",\"@id\":\"https:\\\/\\\/tibladin.dk\\\/#website\",\"url\":\"https:\\\/\\\/tibladin.dk\\\/\",\"name\":\"Tibladin\",\"description\":\"Tibladin\",\"publisher\":{\"@id\":\"https:\\\/\\\/tibladin.dk\\\/#organization\"},\"potentialAction\":[{\"@type\":\"SearchAction\",\"target\":{\"@type\":\"EntryPoint\",\"urlTemplate\":\"https:\\\/\\\/tibladin.dk\\\/?s={search_term_string}\"},\"query-input\":{\"@type\":\"PropertyValueSpecification\",\"valueRequired\":true,\"valueName\":\"search_term_string\"}}],\"inLanguage\":\"nb-NO\"},{\"@type\":\"Organization\",\"@id\":\"https:\\\/\\\/tibladin.dk\\\/#organization\",\"name\":\"Tibladin\",\"url\":\"https:\\\/\\\/tibladin.dk\\\/\",\"logo\":{\"@type\":\"ImageObject\",\"inLanguage\":\"nb-NO\",\"@id\":\"https:\\\/\\\/tibladin.dk\\\/#\\\/schema\\\/logo\\\/image\\\/\",\"url\":\"https:\\\/\\\/tibladin.dk\\\/wp-content\\\/uploads\\\/2022\\\/09\\\/tibladin_logo.svg\",\"contentUrl\":\"https:\\\/\\\/tibladin.dk\\\/wp-content\\\/uploads\\\/2022\\\/09\\\/tibladin_logo.svg\",\"caption\":\"Tibladin\"},\"image\":{\"@id\":\"https:\\\/\\\/tibladin.dk\\\/#\\\/schema\\\/logo\\\/image\\\/\"}}]}<\/script>\n<!-- \/ Yoast SEO plugin. -->","yoast_head_json":{"title":"Trebenk\/krakk med flettet snor | Tibladin","description":"Krakk\/benk med flettede snorer i en dyp gr\u00f8nn farge. Kan enkelt legges til interi\u00f8ret ditt og gi et personlig og bohemsk uttrykk.","robots":{"index":"index","follow":"follow","max-snippet":"max-snippet:-1","max-image-preview":"max-image-preview:large","max-video-preview":"max-video-preview:-1"},"canonical":"https:\/\/tibladin.dk\/nb\/produkt\/krakk-med-snorflettet-groenn\/","og_locale":"nb_NO","og_type":"article","og_title":"B\u00e6nk\/Skammel i tr\u00e6 med snor flet | Tibladin","og_description":"Skammel\/b\u00e6nk med flet af snore ien dyb gr\u00f8n farve. Kan let tils\u00e6ttes din indretning og give et personligt og bo\u00eame udtryk.","og_url":"https:\/\/tibladin.dk\/nb\/produkt\/krakk-med-snorflettet-groenn\/","og_site_name":"Tibladin","article_modified_time":"2026-01-08T14:22:13+00:00","og_image":[{"width":800,"height":800,"url":"https:\/\/tibladin.dk\/wp-content\/uploads\/2025\/10\/lille-skammel-med-groen-snorflet_4.jpg","type":"image\/jpeg"}],"twitter_card":"summary_large_image","twitter_misc":{"Ansl. lesetid":"3 minutter"},"schema":{"@context":"https:\/\/schema.org","@graph":[{"@type":"WebPage","@id":"https:\/\/tibladin.dk\/produkt\/skammel-med-snorflet-groen\/","url":"https:\/\/tibladin.dk\/produkt\/skammel-med-snorflet-groen\/","name":"Trebenk\/krakk med flettet snor | Tibladin","isPartOf":{"@id":"https:\/\/tibladin.dk\/#website"},"primaryImageOfPage":{"@id":"https:\/\/tibladin.dk\/produkt\/skammel-med-snorflet-groen\/#primaryimage"},"image":{"@id":"https:\/\/tibladin.dk\/produkt\/skammel-med-snorflet-groen\/#primaryimage"},"thumbnailUrl":"https:\/\/tibladin.dk\/wp-content\/uploads\/2025\/10\/lille-skammel-med-groen-snorflet_4.jpg","datePublished":"2025-10-19T07:41:03+00:00","dateModified":"2026-01-08T14:22:13+00:00","description":"Krakk\/benk med flettede snorer i en dyp gr\u00f8nn farge. Kan enkelt legges til interi\u00f8ret ditt og gi et personlig og bohemsk uttrykk.","breadcrumb":{"@id":"https:\/\/tibladin.dk\/produkt\/skammel-med-snorflet-groen\/#breadcrumb"},"inLanguage":"nb-NO","potentialAction":[{"@type":"ReadAction","target":["https:\/\/tibladin.dk\/produkt\/skammel-med-snorflet-groen\/"]}]},{"@type":"ImageObject","inLanguage":"nb-NO","@id":"https:\/\/tibladin.dk\/produkt\/skammel-med-snorflet-groen\/#primaryimage","url":"https:\/\/tibladin.dk\/wp-content\/uploads\/2025\/10\/lille-skammel-med-groen-snorflet_4.jpg","contentUrl":"https:\/\/tibladin.dk\/wp-content\/uploads\/2025\/10\/lille-skammel-med-groen-snorflet_4.jpg","width":800,"height":800,"caption":"lille gr\u00f8n skammel med snorflet"},{"@type":"BreadcrumbList","@id":"https:\/\/tibladin.dk\/produkt\/skammel-med-snorflet-groen\/#breadcrumb","itemListElement":[{"@type":"ListItem","position":1,"name":"Hjem","item":"https:\/\/tibladin.dk\/"},{"@type":"ListItem","position":2,"name":"Shop","item":"https:\/\/tibladin.dk\/shop\/"},{"@type":"ListItem","position":3,"name":"Skammel med snorflet &#8211; Gr\u00f8n"}]},{"@type":"WebSite","@id":"https:\/\/tibladin.dk\/#website","url":"https:\/\/tibladin.dk\/","name":"Tibladin","description":"Tibladin","publisher":{"@id":"https:\/\/tibladin.dk\/#organization"},"potentialAction":[{"@type":"SearchAction","target":{"@type":"EntryPoint","urlTemplate":"https:\/\/tibladin.dk\/?s={search_term_string}"},"query-input":{"@type":"PropertyValueSpecification","valueRequired":true,"valueName":"search_term_string"}}],"inLanguage":"nb-NO"},{"@type":"Organization","@id":"https:\/\/tibladin.dk\/#organization","name":"Tibladin","url":"https:\/\/tibladin.dk\/","logo":{"@type":"ImageObject","inLanguage":"nb-NO","@id":"https:\/\/tibladin.dk\/#\/schema\/logo\/image\/","url":"https:\/\/tibladin.dk\/wp-content\/uploads\/2022\/09\/tibladin_logo.svg","contentUrl":"https:\/\/tibladin.dk\/wp-content\/uploads\/2022\/09\/tibladin_logo.svg","caption":"Tibladin"},"image":{"@id":"https:\/\/tibladin.dk\/#\/schema\/logo\/image\/"}}]}},"_links":{"self":[{"href":"https:\/\/tibladin.dk\/nb\/wp-json\/wp\/v2\/product\/41226","targetHints":{"allow":["GET"]}}],"collection":[{"href":"https:\/\/tibladin.dk\/nb\/wp-json\/wp\/v2\/product"}],"about":[{"href":"https:\/\/tibladin.dk\/nb\/wp-json\/wp\/v2\/types\/product"}],"wp:featuredmedia":[{"embeddable":true,"href":"https:\/\/tibladin.dk\/nb\/wp-json\/wp\/v2\/media\/41228"}],"wp:attachment":[{"href":"https:\/\/tibladin.dk\/nb\/wp-json\/wp\/v2\/media?parent=41226"}],"wp:term":[{"taxonomy":"product_brand","embeddable":true,"href":"https:\/\/tibladin.dk\/nb\/wp-json\/wp\/v2\/product_brand?post=41226"},{"taxonomy":"product_cat","embeddable":true,"href":"https:\/\/tibladin.dk\/nb\/wp-json\/wp\/v2\/product_cat?post=41226"},{"taxonomy":"product_tag","embeddable":true,"href":"https:\/\/tibladin.dk\/nb\/wp-json\/wp\/v2\/product_tag?post=41226"}],"curies":[{"name":"wp","href":"https:\/\/api.w.org\/{rel}","templated":true}]}}