{"id":41317,"date":"2025-10-22T13:56:45","date_gmt":"2025-10-22T11:56:45","guid":{"rendered":"https:\/\/tibladin.dk\/?post_type=product&#038;p=41317"},"modified":"2026-03-13T14:42:13","modified_gmt":"2026-03-13T13:42:13","slug":"bolle-i-tamegroute-28-cm-gul","status":"publish","type":"product","link":"https:\/\/tibladin.dk\/nb\/produkt\/skaal-i-tamegroute-28cm-gul\/","title":{"rendered":"Sk\u00e5l i Tamegroute -28cm \u2013 GUL"},"content":{"rendered":"<div class=\"wpb-content-wrapper\"><div class=\"vc_row wpb_row vc_row-fluid\"><div class=\"wpb_column vc_column_container vc_col-sm-4\"><div class=\"vc_column-inner\"><div class=\"wpb_wrapper\"><\/div><\/div><\/div><div class=\"wpb_column vc_column_container vc_col-sm-4\"><div class=\"vc_column-inner\"><div class=\"wpb_wrapper\"><h3 style=\"text-align: left\" class=\"vc_custom_heading vc_do_custom_heading\" >Vedlikehold<\/h3>\n\t<div class=\"wpb_text_column wpb_content_element\" >\n\t\t<div class=\"wpb_wrapper\">\n\t\t\t<p>Vi anbefaler ikke oppvaskmaskin. Det er bedre \u00e5 vaske dem for h\u00e5nd.<\/p>\n\n\t\t<\/div>\n\t<\/div>\n<\/div><\/div><\/div><div class=\"wpb_column vc_column_container vc_col-sm-4\"><div class=\"vc_column-inner\"><div class=\"wpb_wrapper\"><h3 style=\"text-align: left\" class=\"vc_custom_heading vc_do_custom_heading\" >Historien bak<\/h3>\n\t<div class=\"wpb_text_column wpb_content_element\" >\n\t\t<div class=\"wpb_wrapper\">\n\t\t\t<p>Tamegroute-keramikk er en tradisjonell m\u00e5te \u00e5 lage keramikk p\u00e5, som stammer fra det marokkanske folket i Zagora-regionen. M\u00e5ten den er laget p\u00e5, og den unike gr\u00f8nnfargen, er det som kjennetegner keramikken best. P\u00e5 grunn av m\u00e5ten den er laget p\u00e5, har keramikken en veldig taktil overflate. Selv om den er h\u00e5ndlaget, kan det ogs\u00e5 v\u00e6re diverse sm\u00e5 variasjoner i st\u00f8rrelser, farger og belegg, og ufullkommenheter i keramikken. Det er en del av sjarmen ved at den er unik, og det gir keramikken mer karakter.<\/p>\n\n\t\t<\/div>\n\t<\/div>\n<\/div><\/div><\/div><\/div>\n<\/div>","protected":false},"excerpt":{"rendered":"<p>Vakker bolle i Tamegroute-keramikk i gule og m\u00f8rke gule nyanser med gyldne toner. Hver bolle er h\u00e5ndlaget i Marokko og helt unik i sitt uttrykk. Den m\u00e5ler ca. 28 cm i diameter og 8 cm i h\u00f8yden \u2013 noe som skaper et varmt og autentisk uttrykk i hjemmet.<\/p>\n<p>Det kan v\u00e6re diverse sm\u00e5 variasjoner i st\u00f8rrelser, farger og belegg, ettersom Tamegroute-keramikk er h\u00e5ndlaget p\u00e5 en helt spesiell m\u00e5te.<\/p>\n<p><span style=\"font-weight: 400;\">Tamegroute-keramikken er kjent for sitt ubehandlede, rustikke og r\u00e5 utseende. Keramikken har hakk, merker og forskjeller i glasuren. Det generelle utseendet varierer derfor, noe som er en del av dens unike sjarm. Perfekt uperfekt!\u00a0<\/span><\/p>","protected":false},"featured_media":40964,"template":"","meta":{"inline_featured_image":false},"product_brand":[],"product_cat":[138],"product_tag":[],"class_list":{"0":"post-41317","1":"product","2":"type-product","3":"status-publish","4":"has-post-thumbnail","6":"product_cat-tamegroute-keramik","8":"first","9":"instock","10":"taxable","11":"shipping-taxable","12":"purchasable","13":"product-type-variable"},"exclude_global_add_ons":false,"addons":[{"name":"\u00d8nsker du gaveinnpakning?","type":"checkbox","position":0,"required":false,"title_format":"label","default":"","description_enable":false,"description":"","placeholder_enable":false,"placeholder":"","display":"images","restrictions_type":"any_text","adjust_price":false,"price":"","price_type":"flat_fee","restrictions":false,"min":"0","max":"0","options":[{"label":"Ja tak","price":"10","price_type":"flat_fee","image":11015,"visibility":true}],"id":1669646111}],"yoast_head":"<!-- This site is optimized with the Yoast SEO plugin v27.5 - https:\/\/yoast.com\/product\/yoast-seo-wordpress\/ -->\n<title>Sk\u00e5l i Tamegroute -28cm - GUL<\/title>\n<meta name=\"description\" content=\"H\u00e5ndlavet i Marokko med den karakteristiske Tamegroute-glasur i nuancer af gul og m\u00f8rk gul. En dekorativ sk\u00e5l p\u00e5 fod med unikt udtryk og tidl\u00f8s charme.\" \/>\n<meta name=\"robots\" content=\"index, follow, max-snippet:-1, max-image-preview:large, max-video-preview:-1\" \/>\n<link rel=\"canonical\" href=\"https:\/\/tibladin.dk\/nb\/produkt\/bolle-i-tamegroute-28-cm-gul\/\" \/>\n<meta property=\"og:locale\" content=\"nb_NO\" \/>\n<meta property=\"og:type\" content=\"article\" \/>\n<meta property=\"og:title\" content=\"Sk\u00e5l i Tamegroute -28cm - GUL\" \/>\n<meta property=\"og:description\" content=\"H\u00e5ndlavet i Marokko med den karakteristiske Tamegroute-glasur i nuancer af gul og m\u00f8rk gul. En dekorativ sk\u00e5l p\u00e5 fod med unikt udtryk og tidl\u00f8s charme.\" \/>\n<meta property=\"og:url\" content=\"https:\/\/tibladin.dk\/nb\/produkt\/bolle-i-tamegroute-28-cm-gul\/\" \/>\n<meta property=\"og:site_name\" content=\"Tibladin\" \/>\n<meta property=\"article:modified_time\" content=\"2026-03-13T13:42:13+00:00\" \/>\n<meta property=\"og:image\" content=\"https:\/\/tibladin.dk\/wp-content\/uploads\/2025\/10\/Tamegroute-skaal-gul_lys_LS3.jpg\" \/>\n\t<meta property=\"og:image:width\" content=\"800\" \/>\n\t<meta property=\"og:image:height\" content=\"800\" \/>\n\t<meta property=\"og:image:type\" content=\"image\/jpeg\" \/>\n<meta name=\"twitter:card\" content=\"summary_large_image\" \/>\n<meta name=\"twitter:label1\" content=\"Ansl. lesetid\" \/>\n\t<meta name=\"twitter:data1\" content=\"2 minutter\" \/>\n<script type=\"application\/ld+json\" class=\"yoast-schema-graph\">{\"@context\":\"https:\\\/\\\/schema.org\",\"@graph\":[{\"@type\":\"WebPage\",\"@id\":\"https:\\\/\\\/tibladin.dk\\\/produkt\\\/skaal-i-tamegroute-28cm-gul\\\/\",\"url\":\"https:\\\/\\\/tibladin.dk\\\/produkt\\\/skaal-i-tamegroute-28cm-gul\\\/\",\"name\":\"Sk\u00e5l i Tamegroute -28cm - GUL\",\"isPartOf\":{\"@id\":\"https:\\\/\\\/tibladin.dk\\\/#website\"},\"primaryImageOfPage\":{\"@id\":\"https:\\\/\\\/tibladin.dk\\\/produkt\\\/skaal-i-tamegroute-28cm-gul\\\/#primaryimage\"},\"image\":{\"@id\":\"https:\\\/\\\/tibladin.dk\\\/produkt\\\/skaal-i-tamegroute-28cm-gul\\\/#primaryimage\"},\"thumbnailUrl\":\"https:\\\/\\\/tibladin.dk\\\/wp-content\\\/uploads\\\/2025\\\/10\\\/Tamegroute-skaal-gul_lys_LS3.jpg\",\"datePublished\":\"2025-10-22T11:56:45+00:00\",\"dateModified\":\"2026-03-13T13:42:13+00:00\",\"description\":\"H\u00e5ndlavet i Marokko med den karakteristiske Tamegroute-glasur i nuancer af gul og m\u00f8rk gul. En dekorativ sk\u00e5l p\u00e5 fod med unikt udtryk og tidl\u00f8s charme.\",\"breadcrumb\":{\"@id\":\"https:\\\/\\\/tibladin.dk\\\/produkt\\\/skaal-i-tamegroute-28cm-gul\\\/#breadcrumb\"},\"inLanguage\":\"nb-NO\",\"potentialAction\":[{\"@type\":\"ReadAction\",\"target\":[\"https:\\\/\\\/tibladin.dk\\\/produkt\\\/skaal-i-tamegroute-28cm-gul\\\/\"]}]},{\"@type\":\"ImageObject\",\"inLanguage\":\"nb-NO\",\"@id\":\"https:\\\/\\\/tibladin.dk\\\/produkt\\\/skaal-i-tamegroute-28cm-gul\\\/#primaryimage\",\"url\":\"https:\\\/\\\/tibladin.dk\\\/wp-content\\\/uploads\\\/2025\\\/10\\\/Tamegroute-skaal-gul_lys_LS3.jpg\",\"contentUrl\":\"https:\\\/\\\/tibladin.dk\\\/wp-content\\\/uploads\\\/2025\\\/10\\\/Tamegroute-skaal-gul_lys_LS3.jpg\",\"width\":800,\"height\":800,\"caption\":\"Tamegroute-skaal-gul_lys_LS3\"},{\"@type\":\"BreadcrumbList\",\"@id\":\"https:\\\/\\\/tibladin.dk\\\/produkt\\\/skaal-i-tamegroute-28cm-gul\\\/#breadcrumb\",\"itemListElement\":[{\"@type\":\"ListItem\",\"position\":1,\"name\":\"Hjem\",\"item\":\"https:\\\/\\\/tibladin.dk\\\/\"},{\"@type\":\"ListItem\",\"position\":2,\"name\":\"Shop\",\"item\":\"https:\\\/\\\/tibladin.dk\\\/shop\\\/\"},{\"@type\":\"ListItem\",\"position\":3,\"name\":\"Sk\u00e5l i Tamegroute -28cm &#8211; GUL\"}]},{\"@type\":\"WebSite\",\"@id\":\"https:\\\/\\\/tibladin.dk\\\/#website\",\"url\":\"https:\\\/\\\/tibladin.dk\\\/\",\"name\":\"Tibladin\",\"description\":\"Tibladin\",\"publisher\":{\"@id\":\"https:\\\/\\\/tibladin.dk\\\/#organization\"},\"potentialAction\":[{\"@type\":\"SearchAction\",\"target\":{\"@type\":\"EntryPoint\",\"urlTemplate\":\"https:\\\/\\\/tibladin.dk\\\/?s={search_term_string}\"},\"query-input\":{\"@type\":\"PropertyValueSpecification\",\"valueRequired\":true,\"valueName\":\"search_term_string\"}}],\"inLanguage\":\"nb-NO\"},{\"@type\":\"Organization\",\"@id\":\"https:\\\/\\\/tibladin.dk\\\/#organization\",\"name\":\"Tibladin\",\"url\":\"https:\\\/\\\/tibladin.dk\\\/\",\"logo\":{\"@type\":\"ImageObject\",\"inLanguage\":\"nb-NO\",\"@id\":\"https:\\\/\\\/tibladin.dk\\\/#\\\/schema\\\/logo\\\/image\\\/\",\"url\":\"https:\\\/\\\/tibladin.dk\\\/wp-content\\\/uploads\\\/2022\\\/09\\\/tibladin_logo.svg\",\"contentUrl\":\"https:\\\/\\\/tibladin.dk\\\/wp-content\\\/uploads\\\/2022\\\/09\\\/tibladin_logo.svg\",\"caption\":\"Tibladin\"},\"image\":{\"@id\":\"https:\\\/\\\/tibladin.dk\\\/#\\\/schema\\\/logo\\\/image\\\/\"}}]}<\/script>\n<!-- \/ Yoast SEO plugin. -->","yoast_head_json":{"title":"Sk\u00e5l i Tamegroute -28cm - GUL","description":"H\u00e5ndlaget i Marokko med den karakteristiske Tamegroute-glasuren i nyanser av gult og m\u00f8rkt gult. En dekorativ bolle p\u00e5 fot med et unikt uttrykk og tidl\u00f8s sjarm.","robots":{"index":"index","follow":"follow","max-snippet":"max-snippet:-1","max-image-preview":"max-image-preview:large","max-video-preview":"max-video-preview:-1"},"canonical":"https:\/\/tibladin.dk\/nb\/produkt\/bolle-i-tamegroute-28-cm-gul\/","og_locale":"nb_NO","og_type":"article","og_title":"Sk\u00e5l i Tamegroute -28cm - GUL","og_description":"H\u00e5ndlavet i Marokko med den karakteristiske Tamegroute-glasur i nuancer af gul og m\u00f8rk gul. En dekorativ sk\u00e5l p\u00e5 fod med unikt udtryk og tidl\u00f8s charme.","og_url":"https:\/\/tibladin.dk\/nb\/produkt\/bolle-i-tamegroute-28-cm-gul\/","og_site_name":"Tibladin","article_modified_time":"2026-03-13T13:42:13+00:00","og_image":[{"width":800,"height":800,"url":"https:\/\/tibladin.dk\/wp-content\/uploads\/2025\/10\/Tamegroute-skaal-gul_lys_LS3.jpg","type":"image\/jpeg"}],"twitter_card":"summary_large_image","twitter_misc":{"Ansl. lesetid":"2 minutter"},"schema":{"@context":"https:\/\/schema.org","@graph":[{"@type":"WebPage","@id":"https:\/\/tibladin.dk\/produkt\/skaal-i-tamegroute-28cm-gul\/","url":"https:\/\/tibladin.dk\/produkt\/skaal-i-tamegroute-28cm-gul\/","name":"Sk\u00e5l i Tamegroute -28cm - GUL","isPartOf":{"@id":"https:\/\/tibladin.dk\/#website"},"primaryImageOfPage":{"@id":"https:\/\/tibladin.dk\/produkt\/skaal-i-tamegroute-28cm-gul\/#primaryimage"},"image":{"@id":"https:\/\/tibladin.dk\/produkt\/skaal-i-tamegroute-28cm-gul\/#primaryimage"},"thumbnailUrl":"https:\/\/tibladin.dk\/wp-content\/uploads\/2025\/10\/Tamegroute-skaal-gul_lys_LS3.jpg","datePublished":"2025-10-22T11:56:45+00:00","dateModified":"2026-03-13T13:42:13+00:00","description":"H\u00e5ndlaget i Marokko med den karakteristiske Tamegroute-glasuren i nyanser av gult og m\u00f8rkt gult. En dekorativ bolle p\u00e5 fot med et unikt uttrykk og tidl\u00f8s sjarm.","breadcrumb":{"@id":"https:\/\/tibladin.dk\/produkt\/skaal-i-tamegroute-28cm-gul\/#breadcrumb"},"inLanguage":"nb-NO","potentialAction":[{"@type":"ReadAction","target":["https:\/\/tibladin.dk\/produkt\/skaal-i-tamegroute-28cm-gul\/"]}]},{"@type":"ImageObject","inLanguage":"nb-NO","@id":"https:\/\/tibladin.dk\/produkt\/skaal-i-tamegroute-28cm-gul\/#primaryimage","url":"https:\/\/tibladin.dk\/wp-content\/uploads\/2025\/10\/Tamegroute-skaal-gul_lys_LS3.jpg","contentUrl":"https:\/\/tibladin.dk\/wp-content\/uploads\/2025\/10\/Tamegroute-skaal-gul_lys_LS3.jpg","width":800,"height":800,"caption":"Tamegroute-skaal-gul_lys_LS3"},{"@type":"BreadcrumbList","@id":"https:\/\/tibladin.dk\/produkt\/skaal-i-tamegroute-28cm-gul\/#breadcrumb","itemListElement":[{"@type":"ListItem","position":1,"name":"Hjem","item":"https:\/\/tibladin.dk\/"},{"@type":"ListItem","position":2,"name":"Shop","item":"https:\/\/tibladin.dk\/shop\/"},{"@type":"ListItem","position":3,"name":"Sk\u00e5l i Tamegroute -28cm &#8211; GUL"}]},{"@type":"WebSite","@id":"https:\/\/tibladin.dk\/#website","url":"https:\/\/tibladin.dk\/","name":"Tibladin","description":"Tibladin","publisher":{"@id":"https:\/\/tibladin.dk\/#organization"},"potentialAction":[{"@type":"SearchAction","target":{"@type":"EntryPoint","urlTemplate":"https:\/\/tibladin.dk\/?s={search_term_string}"},"query-input":{"@type":"PropertyValueSpecification","valueRequired":true,"valueName":"search_term_string"}}],"inLanguage":"nb-NO"},{"@type":"Organization","@id":"https:\/\/tibladin.dk\/#organization","name":"Tibladin","url":"https:\/\/tibladin.dk\/","logo":{"@type":"ImageObject","inLanguage":"nb-NO","@id":"https:\/\/tibladin.dk\/#\/schema\/logo\/image\/","url":"https:\/\/tibladin.dk\/wp-content\/uploads\/2022\/09\/tibladin_logo.svg","contentUrl":"https:\/\/tibladin.dk\/wp-content\/uploads\/2022\/09\/tibladin_logo.svg","caption":"Tibladin"},"image":{"@id":"https:\/\/tibladin.dk\/#\/schema\/logo\/image\/"}}]}},"_links":{"self":[{"href":"https:\/\/tibladin.dk\/nb\/wp-json\/wp\/v2\/product\/41317","targetHints":{"allow":["GET"]}}],"collection":[{"href":"https:\/\/tibladin.dk\/nb\/wp-json\/wp\/v2\/product"}],"about":[{"href":"https:\/\/tibladin.dk\/nb\/wp-json\/wp\/v2\/types\/product"}],"wp:featuredmedia":[{"embeddable":true,"href":"https:\/\/tibladin.dk\/nb\/wp-json\/wp\/v2\/media\/40964"}],"wp:attachment":[{"href":"https:\/\/tibladin.dk\/nb\/wp-json\/wp\/v2\/media?parent=41317"}],"wp:term":[{"taxonomy":"product_brand","embeddable":true,"href":"https:\/\/tibladin.dk\/nb\/wp-json\/wp\/v2\/product_brand?post=41317"},{"taxonomy":"product_cat","embeddable":true,"href":"https:\/\/tibladin.dk\/nb\/wp-json\/wp\/v2\/product_cat?post=41317"},{"taxonomy":"product_tag","embeddable":true,"href":"https:\/\/tibladin.dk\/nb\/wp-json\/wp\/v2\/product_tag?post=41317"}],"curies":[{"name":"wp","href":"https:\/\/api.w.org\/{rel}","templated":true}]}}