{"id":41364,"date":"2025-10-23T10:42:30","date_gmt":"2025-10-23T08:42:30","guid":{"rendered":"https:\/\/tibladin.dk\/?post_type=product&#038;p=41364"},"modified":"2026-03-13T14:42:09","modified_gmt":"2026-03-13T13:42:09","slug":"tamegroot-blomsterpottedeksel-gul","status":"publish","type":"product","link":"https:\/\/tibladin.dk\/nb\/produkt\/tamegroute-urtepotteskjuler-gul\/","title":{"rendered":"Tamegroute blomsterpottedeksel - GUL"},"content":{"rendered":"<div class=\"wpb-content-wrapper\"><div class=\"vc_row wpb_row vc_row-fluid\"><div class=\"wpb_column vc_column_container vc_col-sm-4\"><div class=\"vc_column-inner\"><div class=\"wpb_wrapper\"><\/div><\/div><\/div><div class=\"wpb_column vc_column_container vc_col-sm-4\"><div class=\"vc_column-inner\"><div class=\"wpb_wrapper\"><h3 style=\"text-align: left\" class=\"vc_custom_heading vc_do_custom_heading\" >Vedlikehold<\/h3>\n\t<div class=\"wpb_text_column wpb_content_element\" >\n\t\t<div class=\"wpb_wrapper\">\n\t\t\t<p>Fordi overflaten er belagt med et lag av kobber og jern, kan krukken f\u00f8les fet over tid. Dette vil l\u00f8sne n\u00e5r den vaskes med s\u00e5pe og vann.<\/p>\n\n\t\t<\/div>\n\t<\/div>\n<\/div><\/div><\/div><div class=\"wpb_column vc_column_container vc_col-sm-4\"><div class=\"vc_column-inner\"><div class=\"wpb_wrapper\"><h3 style=\"text-align: left\" class=\"vc_custom_heading vc_do_custom_heading\" >Historien bak<\/h3>\n\t<div class=\"wpb_text_column wpb_content_element\" >\n\t\t<div class=\"wpb_wrapper\">\n\t\t\t<p>Det som kjennetegner keramikk fra byen Tamegroute er den dypgr\u00f8nne fargen. Glasuren p\u00e5 keramikken gir en vakker glatt overflate med et vakkert fargespill og utvikles etter f\u00f8rste brenning ved 1000 grader i en steinovn. Brenningen tar 24 timer og den karakteristiske fargen utvikles under brenningen med sv\u00e6rt lavt oksygeninnhold i ovnen. N\u00e5r ovnen er kald, tas keramikken ut og belegges med en blanding av jern og kobber, noe som gir et helt unikt, sprukket og sjarmerende utseende.<\/p>\n<p>Sm\u00e5 sprekker, sprekker og ujevnheter bidrar til \u00e5 gj\u00f8re keramikk fra Tamegroute helt unik og spesiell. Denne brenningsmetoden\/arbeidsmetoden er forbeholdt h\u00e5ndverkere og lages kun h\u00e5ndverksmessig og aldri industrielt.<\/p>\n<div id=\"comp-k9oy2jpc\" class=\"_1Z_nJ\" data-testid=\"richTextElement\">\n<p class=\"font_7\">Tamegroute ligger s\u00f8r i Marokko p\u00e5 grensen til Sahara. P\u00e5 berberisk betyr Tamegroute: \u201ddet siste stedet f\u00f8r \u00f8rkenen\u201d.\u201d<\/p>\n<\/div>\n\n\t\t<\/div>\n\t<\/div>\n<\/div><\/div><\/div><\/div>\n<\/div>","protected":false},"excerpt":{"rendered":"<p data-start=\"0\" data-end=\"100\">Vakker blomsterpotteholder i den ikoniske gule Tamegroute-keramikken \u2013 et ekte stykke marokkansk h\u00e5ndverk.<\/p>\n<p data-start=\"102\" data-end=\"404\">Keramikken fra byen Tamegroute er kjent for sin varme, gylne fargetone og glatte, livlige glasur med et naturlig fargespill. Etter den f\u00f8rste brenningen p\u00e5 omtrent 1000 grader belegges overflaten med en blanding av jern og kobber, noe som gir det karakteristiske, lett sprukne og autentiske utseendet.<\/p>\n<p data-start=\"406\" data-end=\"609\">Sm\u00e5 sprekker, ujevnheter og variasjoner i glasuren er en naturlig del av h\u00e5ndverket og gj\u00f8r hver krukke unik. Denne tradisjonelle teknikken utf\u00f8res utelukkende av lokale h\u00e5ndverkere \u2013 aldri industrielt.<\/p>\n<p data-start=\"611\" data-end=\"656\" data-is-last-node=\"\" data-is-only-node=\"\"><strong data-start=\"611\" data-end=\"619\">M\u00e5l:<\/strong> H\u00f8yde ca. 24 cm, diameter ca. 20 cm.<\/p>\n<p data-start=\"611\" data-end=\"656\" data-is-last-node=\"\" data-is-only-node=\"\">Blomsterpottelokket er ikke helt glasert innvendig, og vi kan ikke garantere at det holder vann. Vann potteplanten din utenfor blomsterpottelokket og legg litt plast i bunnen.<\/p>","protected":false},"featured_media":41040,"template":"","meta":{"inline_featured_image":false},"product_brand":[],"product_cat":[51,138,92],"product_tag":[],"class_list":{"0":"post-41364","1":"product","2":"type-product","3":"status-publish","4":"has-post-thumbnail","6":"product_cat-opbevaring","7":"product_cat-tamegroute-keramik","8":"product_cat-urtepotteskjulere","10":"first","11":"instock","12":"taxable","13":"shipping-taxable","14":"purchasable","15":"product-type-simple"},"exclude_global_add_ons":false,"addons":[{"name":"\u00d8nsker du gaveinnpakning?","type":"checkbox","position":0,"required":false,"title_format":"label","default":"","description_enable":false,"description":"","placeholder_enable":false,"placeholder":"","display":"images","restrictions_type":"any_text","adjust_price":false,"price":"","price_type":"flat_fee","restrictions":false,"min":"0","max":"0","options":[{"label":"Ja tak","price":"10","price_type":"flat_fee","image":11015,"visibility":true}],"id":1669646111}],"yoast_head":"<!-- This site is optimized with the Yoast SEO plugin v27.5 - https:\/\/yoast.com\/product\/yoast-seo-wordpress\/ -->\n<title>Urtepotteskjuler marokkansk Tamegroute keramik- Tibladin<\/title>\n<meta name=\"description\" content=\"Gul urtepotteskjuler i Tamegroute-keramik med smukt farvespil og r\u00e5, h\u00e5ndlavet overflade. Hver potte er unik og fuld af karakter.\" \/>\n<meta name=\"robots\" content=\"index, follow, max-snippet:-1, max-image-preview:large, max-video-preview:-1\" \/>\n<link rel=\"canonical\" href=\"https:\/\/tibladin.dk\/nb\/produkt\/tamegroot-blomsterpottedeksel-gul\/\" \/>\n<meta property=\"og:locale\" content=\"nb_NO\" \/>\n<meta property=\"og:type\" content=\"article\" \/>\n<meta property=\"og:title\" content=\"Urtepotteskjuler marokkansk Tamegroute keramik- Tibladin\" \/>\n<meta property=\"og:description\" content=\"Gul urtepotteskjuler i Tamegroute-keramik med smukt farvespil og r\u00e5, h\u00e5ndlavet overflade. Hver potte er unik og fuld af karakter.\" \/>\n<meta property=\"og:url\" content=\"https:\/\/tibladin.dk\/nb\/produkt\/tamegroot-blomsterpottedeksel-gul\/\" \/>\n<meta property=\"og:site_name\" content=\"Tibladin\" \/>\n<meta property=\"article:modified_time\" content=\"2026-03-13T13:42:09+00:00\" \/>\n<meta property=\"og:image\" content=\"https:\/\/tibladin.dk\/wp-content\/uploads\/2025\/10\/urtepotteskjuler-paa-fod-gul-Tamegroute_8.jpg\" \/>\n\t<meta property=\"og:image:width\" content=\"800\" \/>\n\t<meta property=\"og:image:height\" content=\"800\" \/>\n\t<meta property=\"og:image:type\" content=\"image\/jpeg\" \/>\n<meta name=\"twitter:card\" content=\"summary_large_image\" \/>\n<meta name=\"twitter:label1\" content=\"Ansl. lesetid\" \/>\n\t<meta name=\"twitter:data1\" content=\"2 minutter\" \/>\n<script type=\"application\/ld+json\" class=\"yoast-schema-graph\">{\"@context\":\"https:\\\/\\\/schema.org\",\"@graph\":[{\"@type\":\"WebPage\",\"@id\":\"https:\\\/\\\/tibladin.dk\\\/produkt\\\/tamegroute-urtepotteskjuler-gul\\\/\",\"url\":\"https:\\\/\\\/tibladin.dk\\\/produkt\\\/tamegroute-urtepotteskjuler-gul\\\/\",\"name\":\"Urtepotteskjuler marokkansk Tamegroute keramik- Tibladin\",\"isPartOf\":{\"@id\":\"https:\\\/\\\/tibladin.dk\\\/#website\"},\"primaryImageOfPage\":{\"@id\":\"https:\\\/\\\/tibladin.dk\\\/produkt\\\/tamegroute-urtepotteskjuler-gul\\\/#primaryimage\"},\"image\":{\"@id\":\"https:\\\/\\\/tibladin.dk\\\/produkt\\\/tamegroute-urtepotteskjuler-gul\\\/#primaryimage\"},\"thumbnailUrl\":\"https:\\\/\\\/tibladin.dk\\\/wp-content\\\/uploads\\\/2025\\\/10\\\/urtepotteskjuler-paa-fod-gul-Tamegroute_8.jpg\",\"datePublished\":\"2025-10-23T08:42:30+00:00\",\"dateModified\":\"2026-03-13T13:42:09+00:00\",\"description\":\"Gul urtepotteskjuler i Tamegroute-keramik med smukt farvespil og r\u00e5, h\u00e5ndlavet overflade. Hver potte er unik og fuld af karakter.\",\"breadcrumb\":{\"@id\":\"https:\\\/\\\/tibladin.dk\\\/produkt\\\/tamegroute-urtepotteskjuler-gul\\\/#breadcrumb\"},\"inLanguage\":\"nb-NO\",\"potentialAction\":[{\"@type\":\"ReadAction\",\"target\":[\"https:\\\/\\\/tibladin.dk\\\/produkt\\\/tamegroute-urtepotteskjuler-gul\\\/\"]}]},{\"@type\":\"ImageObject\",\"inLanguage\":\"nb-NO\",\"@id\":\"https:\\\/\\\/tibladin.dk\\\/produkt\\\/tamegroute-urtepotteskjuler-gul\\\/#primaryimage\",\"url\":\"https:\\\/\\\/tibladin.dk\\\/wp-content\\\/uploads\\\/2025\\\/10\\\/urtepotteskjuler-paa-fod-gul-Tamegroute_8.jpg\",\"contentUrl\":\"https:\\\/\\\/tibladin.dk\\\/wp-content\\\/uploads\\\/2025\\\/10\\\/urtepotteskjuler-paa-fod-gul-Tamegroute_8.jpg\",\"width\":800,\"height\":800,\"caption\":\"urtepotteskjuler-paa-fod-gul-Tamegroute_8\"},{\"@type\":\"BreadcrumbList\",\"@id\":\"https:\\\/\\\/tibladin.dk\\\/produkt\\\/tamegroute-urtepotteskjuler-gul\\\/#breadcrumb\",\"itemListElement\":[{\"@type\":\"ListItem\",\"position\":1,\"name\":\"Hjem\",\"item\":\"https:\\\/\\\/tibladin.dk\\\/\"},{\"@type\":\"ListItem\",\"position\":2,\"name\":\"Shop\",\"item\":\"https:\\\/\\\/tibladin.dk\\\/shop\\\/\"},{\"@type\":\"ListItem\",\"position\":3,\"name\":\"Tamegroute Urtepotteskjuler- GUL\"}]},{\"@type\":\"WebSite\",\"@id\":\"https:\\\/\\\/tibladin.dk\\\/#website\",\"url\":\"https:\\\/\\\/tibladin.dk\\\/\",\"name\":\"Tibladin\",\"description\":\"Tibladin\",\"publisher\":{\"@id\":\"https:\\\/\\\/tibladin.dk\\\/#organization\"},\"potentialAction\":[{\"@type\":\"SearchAction\",\"target\":{\"@type\":\"EntryPoint\",\"urlTemplate\":\"https:\\\/\\\/tibladin.dk\\\/?s={search_term_string}\"},\"query-input\":{\"@type\":\"PropertyValueSpecification\",\"valueRequired\":true,\"valueName\":\"search_term_string\"}}],\"inLanguage\":\"nb-NO\"},{\"@type\":\"Organization\",\"@id\":\"https:\\\/\\\/tibladin.dk\\\/#organization\",\"name\":\"Tibladin\",\"url\":\"https:\\\/\\\/tibladin.dk\\\/\",\"logo\":{\"@type\":\"ImageObject\",\"inLanguage\":\"nb-NO\",\"@id\":\"https:\\\/\\\/tibladin.dk\\\/#\\\/schema\\\/logo\\\/image\\\/\",\"url\":\"https:\\\/\\\/tibladin.dk\\\/wp-content\\\/uploads\\\/2022\\\/09\\\/tibladin_logo.svg\",\"contentUrl\":\"https:\\\/\\\/tibladin.dk\\\/wp-content\\\/uploads\\\/2022\\\/09\\\/tibladin_logo.svg\",\"caption\":\"Tibladin\"},\"image\":{\"@id\":\"https:\\\/\\\/tibladin.dk\\\/#\\\/schema\\\/logo\\\/image\\\/\"}}]}<\/script>\n<!-- \/ Yoast SEO plugin. -->","yoast_head_json":{"title":"Blomsterpottetrekk Marokkansk Tamegroute keramikk - Tibladin","description":"Gult blomsterpottedeksel i Tamegroute-keramikk med vakkert fargespill og en r\u00e5, h\u00e5ndlaget overflate. Hver potte er unik og full av karakter.","robots":{"index":"index","follow":"follow","max-snippet":"max-snippet:-1","max-image-preview":"max-image-preview:large","max-video-preview":"max-video-preview:-1"},"canonical":"https:\/\/tibladin.dk\/nb\/produkt\/tamegroot-blomsterpottedeksel-gul\/","og_locale":"nb_NO","og_type":"article","og_title":"Urtepotteskjuler marokkansk Tamegroute keramik- Tibladin","og_description":"Gul urtepotteskjuler i Tamegroute-keramik med smukt farvespil og r\u00e5, h\u00e5ndlavet overflade. Hver potte er unik og fuld af karakter.","og_url":"https:\/\/tibladin.dk\/nb\/produkt\/tamegroot-blomsterpottedeksel-gul\/","og_site_name":"Tibladin","article_modified_time":"2026-03-13T13:42:09+00:00","og_image":[{"width":800,"height":800,"url":"https:\/\/tibladin.dk\/wp-content\/uploads\/2025\/10\/urtepotteskjuler-paa-fod-gul-Tamegroute_8.jpg","type":"image\/jpeg"}],"twitter_card":"summary_large_image","twitter_misc":{"Ansl. lesetid":"2 minutter"},"schema":{"@context":"https:\/\/schema.org","@graph":[{"@type":"WebPage","@id":"https:\/\/tibladin.dk\/produkt\/tamegroute-urtepotteskjuler-gul\/","url":"https:\/\/tibladin.dk\/produkt\/tamegroute-urtepotteskjuler-gul\/","name":"Blomsterpottetrekk Marokkansk Tamegroute keramikk - Tibladin","isPartOf":{"@id":"https:\/\/tibladin.dk\/#website"},"primaryImageOfPage":{"@id":"https:\/\/tibladin.dk\/produkt\/tamegroute-urtepotteskjuler-gul\/#primaryimage"},"image":{"@id":"https:\/\/tibladin.dk\/produkt\/tamegroute-urtepotteskjuler-gul\/#primaryimage"},"thumbnailUrl":"https:\/\/tibladin.dk\/wp-content\/uploads\/2025\/10\/urtepotteskjuler-paa-fod-gul-Tamegroute_8.jpg","datePublished":"2025-10-23T08:42:30+00:00","dateModified":"2026-03-13T13:42:09+00:00","description":"Gult blomsterpottedeksel i Tamegroute-keramikk med vakkert fargespill og en r\u00e5, h\u00e5ndlaget overflate. Hver potte er unik og full av karakter.","breadcrumb":{"@id":"https:\/\/tibladin.dk\/produkt\/tamegroute-urtepotteskjuler-gul\/#breadcrumb"},"inLanguage":"nb-NO","potentialAction":[{"@type":"ReadAction","target":["https:\/\/tibladin.dk\/produkt\/tamegroute-urtepotteskjuler-gul\/"]}]},{"@type":"ImageObject","inLanguage":"nb-NO","@id":"https:\/\/tibladin.dk\/produkt\/tamegroute-urtepotteskjuler-gul\/#primaryimage","url":"https:\/\/tibladin.dk\/wp-content\/uploads\/2025\/10\/urtepotteskjuler-paa-fod-gul-Tamegroute_8.jpg","contentUrl":"https:\/\/tibladin.dk\/wp-content\/uploads\/2025\/10\/urtepotteskjuler-paa-fod-gul-Tamegroute_8.jpg","width":800,"height":800,"caption":"urtepotteskjuler-paa-fod-gul-Tamegroute_8"},{"@type":"BreadcrumbList","@id":"https:\/\/tibladin.dk\/produkt\/tamegroute-urtepotteskjuler-gul\/#breadcrumb","itemListElement":[{"@type":"ListItem","position":1,"name":"Hjem","item":"https:\/\/tibladin.dk\/"},{"@type":"ListItem","position":2,"name":"Shop","item":"https:\/\/tibladin.dk\/shop\/"},{"@type":"ListItem","position":3,"name":"Tamegroute Urtepotteskjuler- GUL"}]},{"@type":"WebSite","@id":"https:\/\/tibladin.dk\/#website","url":"https:\/\/tibladin.dk\/","name":"Tibladin","description":"Tibladin","publisher":{"@id":"https:\/\/tibladin.dk\/#organization"},"potentialAction":[{"@type":"SearchAction","target":{"@type":"EntryPoint","urlTemplate":"https:\/\/tibladin.dk\/?s={search_term_string}"},"query-input":{"@type":"PropertyValueSpecification","valueRequired":true,"valueName":"search_term_string"}}],"inLanguage":"nb-NO"},{"@type":"Organization","@id":"https:\/\/tibladin.dk\/#organization","name":"Tibladin","url":"https:\/\/tibladin.dk\/","logo":{"@type":"ImageObject","inLanguage":"nb-NO","@id":"https:\/\/tibladin.dk\/#\/schema\/logo\/image\/","url":"https:\/\/tibladin.dk\/wp-content\/uploads\/2022\/09\/tibladin_logo.svg","contentUrl":"https:\/\/tibladin.dk\/wp-content\/uploads\/2022\/09\/tibladin_logo.svg","caption":"Tibladin"},"image":{"@id":"https:\/\/tibladin.dk\/#\/schema\/logo\/image\/"}}]}},"_links":{"self":[{"href":"https:\/\/tibladin.dk\/nb\/wp-json\/wp\/v2\/product\/41364","targetHints":{"allow":["GET"]}}],"collection":[{"href":"https:\/\/tibladin.dk\/nb\/wp-json\/wp\/v2\/product"}],"about":[{"href":"https:\/\/tibladin.dk\/nb\/wp-json\/wp\/v2\/types\/product"}],"wp:featuredmedia":[{"embeddable":true,"href":"https:\/\/tibladin.dk\/nb\/wp-json\/wp\/v2\/media\/41040"}],"wp:attachment":[{"href":"https:\/\/tibladin.dk\/nb\/wp-json\/wp\/v2\/media?parent=41364"}],"wp:term":[{"taxonomy":"product_brand","embeddable":true,"href":"https:\/\/tibladin.dk\/nb\/wp-json\/wp\/v2\/product_brand?post=41364"},{"taxonomy":"product_cat","embeddable":true,"href":"https:\/\/tibladin.dk\/nb\/wp-json\/wp\/v2\/product_cat?post=41364"},{"taxonomy":"product_tag","embeddable":true,"href":"https:\/\/tibladin.dk\/nb\/wp-json\/wp\/v2\/product_tag?post=41364"}],"curies":[{"name":"wp","href":"https:\/\/api.w.org\/{rel}","templated":true}]}}