{"id":41408,"date":"2025-10-23T14:17:25","date_gmt":"2025-10-23T12:17:25","guid":{"rendered":"https:\/\/tibladin.dk\/?post_type=product&#038;p=41408"},"modified":"2025-10-27T15:26:23","modified_gmt":"2025-10-27T14:26:23","slug":"tamegroute-3-armet-lysestake-i-uglasert-leirtrio","status":"publish","type":"product","link":"https:\/\/tibladin.dk\/nb\/produkt\/tamegroute-3-armet-lysestage-i-uglaseret-ler-trio\/","title":{"rendered":"Tamegroute 3-armet lysestake i uglasert leire \u2013 TRIO"},"content":{"rendered":"<div class=\"wpb-content-wrapper\"><div class=\"vc_row wpb_row vc_row-fluid\"><div class=\"wpb_column vc_column_container vc_col-sm-4\"><div class=\"vc_column-inner\"><div class=\"wpb_wrapper\"><\/div><\/div><\/div><div class=\"wpb_column vc_column_container vc_col-sm-4\"><div class=\"vc_column-inner\"><div class=\"wpb_wrapper\"><h3 style=\"text-align: left\" class=\"vc_custom_heading vc_do_custom_heading\" >Vedlikehold<\/h3>\n\t<div class=\"wpb_text_column wpb_content_element\" >\n\t\t<div class=\"wpb_wrapper\">\n\t\t\t<p>Kan t\u00f8rkes av med en st\u00f8vklut.<\/p>\n\n\t\t<\/div>\n\t<\/div>\n<\/div><\/div><\/div><div class=\"wpb_column vc_column_container vc_col-sm-4\"><div class=\"vc_column-inner\"><div class=\"wpb_wrapper\"><h3 style=\"text-align: left\" class=\"vc_custom_heading vc_do_custom_heading\" >Historien bak<\/h3>\n\t<div class=\"wpb_text_column wpb_content_element\" >\n\t\t<div class=\"wpb_wrapper\">\n\t\t\t<p>Tamegroute-keramikk er en tradisjonell m\u00e5te \u00e5 lage keramikk p\u00e5, som stammer fra det marokkanske folket i Zagora-regionen. M\u00e5ten den er laget p\u00e5, og den unike gr\u00f8nnfargen, er det som kjennetegner keramikken best. P\u00e5 grunn av m\u00e5ten den er laget p\u00e5, har keramikken en veldig taktil overflate. Selv om den er h\u00e5ndlaget, kan det ogs\u00e5 v\u00e6re diverse sm\u00e5 variasjoner i st\u00f8rrelser, farger og belegg, og ufullkommenheter i keramikken. Det er en del av sjarmen ved at den er unik, og det gir keramikken mer karakter.<\/p>\n\n\t\t<\/div>\n\t<\/div>\n<\/div><\/div><\/div><\/div>\n<\/div>","protected":false},"excerpt":{"rendered":"<p>Skulpturelle og r\u00e5 i uttrykket \u2013 Tamegroute Trio er h\u00e5ndformede trearmede lysestaker i uglasert leire. Hver lysestake er unik med sine myke, organiske former og varme jordfarger, inspirert av \u00f8rkenens farger og den tradisjonelle keramikken fra Tamegroute i S\u00f8r-Marokko.<\/p>\n<p>De fungerer b\u00e5de som brukskunst og som dekorative skulpturer \u2013 vakre enkeltvis eller i gruppe p\u00e5 et bord, konsoll eller hylle.<\/p>\n<p>Materiale: Uglasert leire<br \/>\nOpprinnelse: Tamegroute, Marokko<br \/>\nFarge: Terrakotta \/ natur<\/p>\n<p>M\u00c5L: V1 30 cm, V2 28 cm.<\/p>","protected":false},"featured_media":41133,"template":"","meta":{"inline_featured_image":false},"product_brand":[],"product_cat":[138],"product_tag":[],"class_list":{"0":"post-41408","1":"product","2":"type-product","3":"status-publish","4":"has-post-thumbnail","6":"product_cat-tamegroute-keramik","8":"first","9":"instock","10":"taxable","11":"shipping-taxable","12":"purchasable","13":"product-type-variable"},"exclude_global_add_ons":false,"addons":[{"name":"\u00d8nsker du gaveinnpakning?","type":"checkbox","position":0,"required":false,"title_format":"label","default":"","description_enable":false,"description":"","placeholder_enable":false,"placeholder":"","display":"images","restrictions_type":"any_text","adjust_price":false,"price":"","price_type":"flat_fee","restrictions":false,"min":"0","max":"0","options":[{"label":"Ja tak","price":"10","price_type":"flat_fee","image":11015,"visibility":true}],"id":1669646111}],"yoast_head":"<!-- This site is optimized with the Yoast SEO plugin v27.4 - https:\/\/yoast.com\/product\/yoast-seo-wordpress\/ -->\n<title>Tamegroute 3-armet lysestage i uglaseret ler - TRIO<\/title>\n<meta name=\"description\" content=\"Tamegroute Trio \u2013 h\u00e5ndformede trearmede lysestager i uglaseret ler med varme jordtoner.F\u00e5s i to varianter \u2013 smukke som dekoration alene eller i gruppe.\" \/>\n<meta name=\"robots\" content=\"index, follow, max-snippet:-1, max-image-preview:large, max-video-preview:-1\" \/>\n<link rel=\"canonical\" href=\"https:\/\/tibladin.dk\/nb\/produkt\/tamegroute-3-armet-lysestake-i-uglasert-leirtrio\/\" \/>\n<meta property=\"og:locale\" content=\"nb_NO\" \/>\n<meta property=\"og:type\" content=\"article\" \/>\n<meta property=\"og:title\" content=\"Tamegroute 3-armet lysestage i uglaseret ler - TRIO\" \/>\n<meta property=\"og:description\" content=\"Tamegroute Trio \u2013 h\u00e5ndformede trearmede lysestager i uglaseret ler med varme jordtoner.F\u00e5s i to varianter \u2013 smukke som dekoration alene eller i gruppe.\" \/>\n<meta property=\"og:url\" content=\"https:\/\/tibladin.dk\/nb\/produkt\/tamegroute-3-armet-lysestake-i-uglasert-leirtrio\/\" \/>\n<meta property=\"og:site_name\" content=\"Tibladin\" \/>\n<meta property=\"article:modified_time\" content=\"2025-10-27T14:26:23+00:00\" \/>\n<meta property=\"og:image\" content=\"https:\/\/tibladin.dk\/wp-content\/uploads\/2025\/10\/Tamegroute-uglaseret-3-armet-lysestage_TRIO_V2_2.jpg\" \/>\n\t<meta property=\"og:image:width\" content=\"800\" \/>\n\t<meta property=\"og:image:height\" content=\"800\" \/>\n\t<meta property=\"og:image:type\" content=\"image\/jpeg\" \/>\n<meta name=\"twitter:card\" content=\"summary_large_image\" \/>\n<meta name=\"twitter:label1\" content=\"Ansl. lesetid\" \/>\n\t<meta name=\"twitter:data1\" content=\"2 minutter\" \/>\n<script type=\"application\/ld+json\" class=\"yoast-schema-graph\">{\"@context\":\"https:\\\/\\\/schema.org\",\"@graph\":[{\"@type\":\"WebPage\",\"@id\":\"https:\\\/\\\/tibladin.dk\\\/produkt\\\/tamegroute-3-armet-lysestage-i-uglaseret-ler-trio\\\/\",\"url\":\"https:\\\/\\\/tibladin.dk\\\/produkt\\\/tamegroute-3-armet-lysestage-i-uglaseret-ler-trio\\\/\",\"name\":\"Tamegroute 3-armet lysestage i uglaseret ler - TRIO\",\"isPartOf\":{\"@id\":\"https:\\\/\\\/tibladin.dk\\\/#website\"},\"primaryImageOfPage\":{\"@id\":\"https:\\\/\\\/tibladin.dk\\\/produkt\\\/tamegroute-3-armet-lysestage-i-uglaseret-ler-trio\\\/#primaryimage\"},\"image\":{\"@id\":\"https:\\\/\\\/tibladin.dk\\\/produkt\\\/tamegroute-3-armet-lysestage-i-uglaseret-ler-trio\\\/#primaryimage\"},\"thumbnailUrl\":\"https:\\\/\\\/tibladin.dk\\\/wp-content\\\/uploads\\\/2025\\\/10\\\/Tamegroute-uglaseret-3-armet-lysestage_TRIO_V2_2.jpg\",\"datePublished\":\"2025-10-23T12:17:25+00:00\",\"dateModified\":\"2025-10-27T14:26:23+00:00\",\"description\":\"Tamegroute Trio \u2013 h\u00e5ndformede trearmede lysestager i uglaseret ler med varme jordtoner.F\u00e5s i to varianter \u2013 smukke som dekoration alene eller i gruppe.\",\"breadcrumb\":{\"@id\":\"https:\\\/\\\/tibladin.dk\\\/produkt\\\/tamegroute-3-armet-lysestage-i-uglaseret-ler-trio\\\/#breadcrumb\"},\"inLanguage\":\"nb-NO\",\"potentialAction\":[{\"@type\":\"ReadAction\",\"target\":[\"https:\\\/\\\/tibladin.dk\\\/produkt\\\/tamegroute-3-armet-lysestage-i-uglaseret-ler-trio\\\/\"]}]},{\"@type\":\"ImageObject\",\"inLanguage\":\"nb-NO\",\"@id\":\"https:\\\/\\\/tibladin.dk\\\/produkt\\\/tamegroute-3-armet-lysestage-i-uglaseret-ler-trio\\\/#primaryimage\",\"url\":\"https:\\\/\\\/tibladin.dk\\\/wp-content\\\/uploads\\\/2025\\\/10\\\/Tamegroute-uglaseret-3-armet-lysestage_TRIO_V2_2.jpg\",\"contentUrl\":\"https:\\\/\\\/tibladin.dk\\\/wp-content\\\/uploads\\\/2025\\\/10\\\/Tamegroute-uglaseret-3-armet-lysestage_TRIO_V2_2.jpg\",\"width\":800,\"height\":800,\"caption\":\"Tamegroute-uglaseret-3-armet-lysestage_TRIO_V2_2.\"},{\"@type\":\"BreadcrumbList\",\"@id\":\"https:\\\/\\\/tibladin.dk\\\/produkt\\\/tamegroute-3-armet-lysestage-i-uglaseret-ler-trio\\\/#breadcrumb\",\"itemListElement\":[{\"@type\":\"ListItem\",\"position\":1,\"name\":\"Hjem\",\"item\":\"https:\\\/\\\/tibladin.dk\\\/\"},{\"@type\":\"ListItem\",\"position\":2,\"name\":\"Shop\",\"item\":\"https:\\\/\\\/tibladin.dk\\\/shop\\\/\"},{\"@type\":\"ListItem\",\"position\":3,\"name\":\"Tamegroute 3-armet lysestage i uglaseret ler &#8211; TRIO\"}]},{\"@type\":\"WebSite\",\"@id\":\"https:\\\/\\\/tibladin.dk\\\/#website\",\"url\":\"https:\\\/\\\/tibladin.dk\\\/\",\"name\":\"Tibladin\",\"description\":\"Tibladin\",\"publisher\":{\"@id\":\"https:\\\/\\\/tibladin.dk\\\/#organization\"},\"potentialAction\":[{\"@type\":\"SearchAction\",\"target\":{\"@type\":\"EntryPoint\",\"urlTemplate\":\"https:\\\/\\\/tibladin.dk\\\/?s={search_term_string}\"},\"query-input\":{\"@type\":\"PropertyValueSpecification\",\"valueRequired\":true,\"valueName\":\"search_term_string\"}}],\"inLanguage\":\"nb-NO\"},{\"@type\":\"Organization\",\"@id\":\"https:\\\/\\\/tibladin.dk\\\/#organization\",\"name\":\"Tibladin\",\"url\":\"https:\\\/\\\/tibladin.dk\\\/\",\"logo\":{\"@type\":\"ImageObject\",\"inLanguage\":\"nb-NO\",\"@id\":\"https:\\\/\\\/tibladin.dk\\\/#\\\/schema\\\/logo\\\/image\\\/\",\"url\":\"https:\\\/\\\/tibladin.dk\\\/wp-content\\\/uploads\\\/2022\\\/09\\\/tibladin_logo.svg\",\"contentUrl\":\"https:\\\/\\\/tibladin.dk\\\/wp-content\\\/uploads\\\/2022\\\/09\\\/tibladin_logo.svg\",\"caption\":\"Tibladin\"},\"image\":{\"@id\":\"https:\\\/\\\/tibladin.dk\\\/#\\\/schema\\\/logo\\\/image\\\/\"}}]}<\/script>\n<!-- \/ Yoast SEO plugin. -->","yoast_head_json":{"title":"Tamegroute 3-armet lysestake i uglasert leire - TRIO","description":"Tamegroute Trio \u2013 h\u00e5ndformede trearmede lysestaker i uglasert leire med varme jordfarger. Finnes i to varianter \u2013 vakre som dekorasjon alene eller i en gruppe.","robots":{"index":"index","follow":"follow","max-snippet":"max-snippet:-1","max-image-preview":"max-image-preview:large","max-video-preview":"max-video-preview:-1"},"canonical":"https:\/\/tibladin.dk\/nb\/produkt\/tamegroute-3-armet-lysestake-i-uglasert-leirtrio\/","og_locale":"nb_NO","og_type":"article","og_title":"Tamegroute 3-armet lysestage i uglaseret ler - TRIO","og_description":"Tamegroute Trio \u2013 h\u00e5ndformede trearmede lysestager i uglaseret ler med varme jordtoner.F\u00e5s i to varianter \u2013 smukke som dekoration alene eller i gruppe.","og_url":"https:\/\/tibladin.dk\/nb\/produkt\/tamegroute-3-armet-lysestake-i-uglasert-leirtrio\/","og_site_name":"Tibladin","article_modified_time":"2025-10-27T14:26:23+00:00","og_image":[{"width":800,"height":800,"url":"https:\/\/tibladin.dk\/wp-content\/uploads\/2025\/10\/Tamegroute-uglaseret-3-armet-lysestage_TRIO_V2_2.jpg","type":"image\/jpeg"}],"twitter_card":"summary_large_image","twitter_misc":{"Ansl. lesetid":"2 minutter"},"schema":{"@context":"https:\/\/schema.org","@graph":[{"@type":"WebPage","@id":"https:\/\/tibladin.dk\/produkt\/tamegroute-3-armet-lysestage-i-uglaseret-ler-trio\/","url":"https:\/\/tibladin.dk\/produkt\/tamegroute-3-armet-lysestage-i-uglaseret-ler-trio\/","name":"Tamegroute 3-armet lysestake i uglasert leire - TRIO","isPartOf":{"@id":"https:\/\/tibladin.dk\/#website"},"primaryImageOfPage":{"@id":"https:\/\/tibladin.dk\/produkt\/tamegroute-3-armet-lysestage-i-uglaseret-ler-trio\/#primaryimage"},"image":{"@id":"https:\/\/tibladin.dk\/produkt\/tamegroute-3-armet-lysestage-i-uglaseret-ler-trio\/#primaryimage"},"thumbnailUrl":"https:\/\/tibladin.dk\/wp-content\/uploads\/2025\/10\/Tamegroute-uglaseret-3-armet-lysestage_TRIO_V2_2.jpg","datePublished":"2025-10-23T12:17:25+00:00","dateModified":"2025-10-27T14:26:23+00:00","description":"Tamegroute Trio \u2013 h\u00e5ndformede trearmede lysestaker i uglasert leire med varme jordfarger. Finnes i to varianter \u2013 vakre som dekorasjon alene eller i en gruppe.","breadcrumb":{"@id":"https:\/\/tibladin.dk\/produkt\/tamegroute-3-armet-lysestage-i-uglaseret-ler-trio\/#breadcrumb"},"inLanguage":"nb-NO","potentialAction":[{"@type":"ReadAction","target":["https:\/\/tibladin.dk\/produkt\/tamegroute-3-armet-lysestage-i-uglaseret-ler-trio\/"]}]},{"@type":"ImageObject","inLanguage":"nb-NO","@id":"https:\/\/tibladin.dk\/produkt\/tamegroute-3-armet-lysestage-i-uglaseret-ler-trio\/#primaryimage","url":"https:\/\/tibladin.dk\/wp-content\/uploads\/2025\/10\/Tamegroute-uglaseret-3-armet-lysestage_TRIO_V2_2.jpg","contentUrl":"https:\/\/tibladin.dk\/wp-content\/uploads\/2025\/10\/Tamegroute-uglaseret-3-armet-lysestage_TRIO_V2_2.jpg","width":800,"height":800,"caption":"Tamegroute-uglaseret-3-armet-lysestage_TRIO_V2_2."},{"@type":"BreadcrumbList","@id":"https:\/\/tibladin.dk\/produkt\/tamegroute-3-armet-lysestage-i-uglaseret-ler-trio\/#breadcrumb","itemListElement":[{"@type":"ListItem","position":1,"name":"Hjem","item":"https:\/\/tibladin.dk\/"},{"@type":"ListItem","position":2,"name":"Shop","item":"https:\/\/tibladin.dk\/shop\/"},{"@type":"ListItem","position":3,"name":"Tamegroute 3-armet lysestage i uglaseret ler &#8211; TRIO"}]},{"@type":"WebSite","@id":"https:\/\/tibladin.dk\/#website","url":"https:\/\/tibladin.dk\/","name":"Tibladin","description":"Tibladin","publisher":{"@id":"https:\/\/tibladin.dk\/#organization"},"potentialAction":[{"@type":"SearchAction","target":{"@type":"EntryPoint","urlTemplate":"https:\/\/tibladin.dk\/?s={search_term_string}"},"query-input":{"@type":"PropertyValueSpecification","valueRequired":true,"valueName":"search_term_string"}}],"inLanguage":"nb-NO"},{"@type":"Organization","@id":"https:\/\/tibladin.dk\/#organization","name":"Tibladin","url":"https:\/\/tibladin.dk\/","logo":{"@type":"ImageObject","inLanguage":"nb-NO","@id":"https:\/\/tibladin.dk\/#\/schema\/logo\/image\/","url":"https:\/\/tibladin.dk\/wp-content\/uploads\/2022\/09\/tibladin_logo.svg","contentUrl":"https:\/\/tibladin.dk\/wp-content\/uploads\/2022\/09\/tibladin_logo.svg","caption":"Tibladin"},"image":{"@id":"https:\/\/tibladin.dk\/#\/schema\/logo\/image\/"}}]}},"_links":{"self":[{"href":"https:\/\/tibladin.dk\/nb\/wp-json\/wp\/v2\/product\/41408","targetHints":{"allow":["GET"]}}],"collection":[{"href":"https:\/\/tibladin.dk\/nb\/wp-json\/wp\/v2\/product"}],"about":[{"href":"https:\/\/tibladin.dk\/nb\/wp-json\/wp\/v2\/types\/product"}],"wp:featuredmedia":[{"embeddable":true,"href":"https:\/\/tibladin.dk\/nb\/wp-json\/wp\/v2\/media\/41133"}],"wp:attachment":[{"href":"https:\/\/tibladin.dk\/nb\/wp-json\/wp\/v2\/media?parent=41408"}],"wp:term":[{"taxonomy":"product_brand","embeddable":true,"href":"https:\/\/tibladin.dk\/nb\/wp-json\/wp\/v2\/product_brand?post=41408"},{"taxonomy":"product_cat","embeddable":true,"href":"https:\/\/tibladin.dk\/nb\/wp-json\/wp\/v2\/product_cat?post=41408"},{"taxonomy":"product_tag","embeddable":true,"href":"https:\/\/tibladin.dk\/nb\/wp-json\/wp\/v2\/product_tag?post=41408"}],"curies":[{"name":"wp","href":"https:\/\/api.w.org\/{rel}","templated":true}]}}