{"id":41416,"date":"2025-10-23T14:59:47","date_gmt":"2025-10-23T12:59:47","guid":{"rendered":"https:\/\/tibladin.dk\/?post_type=product&#038;p=41416"},"modified":"2025-11-24T13:15:37","modified_gmt":"2025-11-24T12:15:37","slug":"soelv-bakker-fez-arven","status":"publish","type":"product","link":"https:\/\/tibladin.dk\/nb\/produkt\/soelv-bakker-fez-heritage\/","title":{"rendered":"S\u00f8lvbrett \u2013 FEZ HERITAGE"},"content":{"rendered":"<div class=\"wpb-content-wrapper\"><div class=\"vc_row wpb_row vc_row-fluid\"><div class=\"wpb_column vc_column_container vc_col-sm-4\"><div class=\"vc_column-inner\"><div class=\"wpb_wrapper\"><\/div><\/div><\/div><div class=\"wpb_column vc_column_container vc_col-sm-4\"><div class=\"vc_column-inner\"><div class=\"wpb_wrapper\"><h3 style=\"text-align: left\" class=\"vc_custom_heading vc_do_custom_heading\" >Vedlikehold<\/h3>\n\t<div class=\"wpb_text_column wpb_content_element\" >\n\t\t<div class=\"wpb_wrapper\">\n\t\t\t<p>Brettet kan t\u00f8rkes av med en fuktig klut og poleres med s\u00f8lvpolish.<\/p>\n\n\t\t<\/div>\n\t<\/div>\n<\/div><\/div><\/div><div class=\"wpb_column vc_column_container vc_col-sm-4\"><div class=\"vc_column-inner\"><div class=\"wpb_wrapper\"><h3 style=\"text-align: left\" class=\"vc_custom_heading vc_do_custom_heading\" >Historien bak<\/h3>\n\t<div class=\"wpb_text_column wpb_content_element\" >\n\t\t<div class=\"wpb_wrapper\">\n\t\t\t<p data-start=\"0\" data-end=\"327\">Historien bak disse h\u00e5ndlagde s\u00f8lvmetallbrettene fra Marokko begynner i de gamle soukene, hvor metallarbeid har v\u00e6rt en del av h\u00e5ndverkstradisjonen i \u00e5rhundrer. Spesielt i byer som Fez og Marrakech, metallsmeder (kalt <em data-start=\"220\" data-end=\"228\">m\u00e5ltid<\/em>) foredlet kunsten \u00e5 gravere, hamre og forme metall til anvendt kunst med dyp symbolsk betydning.<\/p>\n<p data-start=\"329\" data-end=\"771\">Disse brettene er laget av s\u00f8lvfarget messing, et materiale som er b\u00e5de slitesterkt og lett \u00e5 forme. Hvert brett er h\u00e5ndgravert med tradisjonelle geometriske m\u00f8nstre inspirert av islamsk kunst og zellige-fliser \u2013 de detaljerte mosaikkene som pryder riader og moskeer over hele Marokko. De gjentakende stjernemotivene symboliserer harmoni og evighet, mens de sammenvevde m\u00f8nstrene representerer forbindelsen mellom det jordiske og det \u00e5ndelige.<\/p>\n<p data-start=\"773\" data-end=\"1169\">Fatene er ikke bare funksjonelle, men forteller en historie om h\u00e5ndverk, arv og estetikk. Opprinnelig brukt til \u00e5 servere te og s\u00f8tsaker under gjestfrihetsritualet \u2013 et sentralt element i marokkansk kultur. I dag brukes de til servering, dekorasjon og som veggkunst, hvor de delikate graveringene reflekterer lys og gir et snev av orientalsk eleganse til moderne hjem.<\/p>\n\n\t\t<\/div>\n\t<\/div>\n<\/div><\/div><\/div><\/div>\n<\/div>","protected":false},"excerpt":{"rendered":"<p>Vakre, antikke serveringsbrett i metall i s\u00f8lvfarget farge, h\u00e5ndgravert i Marokko med tradisjonelle geometriske m\u00f8nstre inspirert av de historiske zellige-flisene i Fez. De gjentakende stjernemotivene symboliserer harmoni og evighet, mens de delikate blomsterdetaljene representerer vekst og liv \u2013 et uttrykk for den marokkanske balansen mellom kunst og spiritualitet.<\/p>\n<p>Hvert brett er unikt med sm\u00e5 tegn p\u00e5 alder og bruk som forteller sin egen historie. De kan brukes som serveringsbrett, til lys og pynt, eller henges p\u00e5 veggen som et kunstverk.<\/p>\n<p>M\u00e5l: S: 24 cm | M: 28 cm | L: 35 cm<\/p>","protected":false},"featured_media":41147,"template":"","meta":{"inline_featured_image":false},"product_brand":[],"product_cat":[54,51],"product_tag":[],"class_list":{"0":"post-41416","1":"product","2":"type-product","3":"status-publish","4":"has-post-thumbnail","6":"product_cat-aesker-og-bakker","7":"product_cat-opbevaring","9":"first","10":"instock","11":"taxable","12":"shipping-taxable","13":"purchasable","14":"product-type-variable"},"exclude_global_add_ons":false,"addons":[{"name":"\u00d8nsker du gaveinnpakning?","type":"checkbox","position":0,"required":false,"title_format":"label","default":"","description_enable":false,"description":"","placeholder_enable":false,"placeholder":"","display":"images","restrictions_type":"any_text","adjust_price":false,"price":"","price_type":"flat_fee","restrictions":false,"min":"0","max":"0","options":[{"label":"Ja tak","price":"10","price_type":"flat_fee","image":11015,"visibility":true}],"id":1669646111}],"yoast_head":"<!-- This site is optimized with the Yoast SEO plugin v27.5 - https:\/\/yoast.com\/product\/yoast-seo-wordpress\/ -->\n<title>S\u00f8lv bakker - FEZ HERITAGE | Smukt design | Tibladin<\/title>\n<meta name=\"description\" content=\"Antikke serveringsbakker i s\u00f8lvfarvet metal, h\u00e5ndgraveret i Marokko med traditionelle m\u00f8nstre.Unikke og dekorative \u2013 f\u00e5s i tre varianter.\" \/>\n<meta name=\"robots\" content=\"index, follow, max-snippet:-1, max-image-preview:large, max-video-preview:-1\" \/>\n<link rel=\"canonical\" href=\"https:\/\/tibladin.dk\/nb\/produkt\/soelv-bakker-fez-arven\/\" \/>\n<meta property=\"og:locale\" content=\"nb_NO\" \/>\n<meta property=\"og:type\" content=\"article\" \/>\n<meta property=\"og:title\" content=\"S\u00f8lv bakker - FEZ HERITAGE | Smukt design | Tibladin\" \/>\n<meta property=\"og:description\" content=\"Antikke serveringsbakker i s\u00f8lvfarvet metal, h\u00e5ndgraveret i Marokko med traditionelle m\u00f8nstre.Unikke og dekorative \u2013 f\u00e5s i tre varianter.\" \/>\n<meta property=\"og:url\" content=\"https:\/\/tibladin.dk\/nb\/produkt\/soelv-bakker-fez-arven\/\" \/>\n<meta property=\"og:site_name\" content=\"Tibladin\" \/>\n<meta property=\"article:modified_time\" content=\"2025-11-24T12:15:37+00:00\" \/>\n<meta property=\"og:image\" content=\"https:\/\/tibladin.dk\/wp-content\/uploads\/2025\/10\/FEZ-HERITAGE_runde-soelvbakker_1.jpg\" \/>\n\t<meta property=\"og:image:width\" content=\"800\" \/>\n\t<meta property=\"og:image:height\" content=\"800\" \/>\n\t<meta property=\"og:image:type\" content=\"image\/jpeg\" \/>\n<meta name=\"twitter:card\" content=\"summary_large_image\" \/>\n<meta name=\"twitter:label1\" content=\"Ansl. lesetid\" \/>\n\t<meta name=\"twitter:data1\" content=\"2 minutter\" \/>\n<script type=\"application\/ld+json\" class=\"yoast-schema-graph\">{\"@context\":\"https:\\\/\\\/schema.org\",\"@graph\":[{\"@type\":\"WebPage\",\"@id\":\"https:\\\/\\\/tibladin.dk\\\/produkt\\\/soelv-bakker-fez-heritage\\\/\",\"url\":\"https:\\\/\\\/tibladin.dk\\\/produkt\\\/soelv-bakker-fez-heritage\\\/\",\"name\":\"S\u00f8lv bakker - FEZ HERITAGE | Smukt design | Tibladin\",\"isPartOf\":{\"@id\":\"https:\\\/\\\/tibladin.dk\\\/#website\"},\"primaryImageOfPage\":{\"@id\":\"https:\\\/\\\/tibladin.dk\\\/produkt\\\/soelv-bakker-fez-heritage\\\/#primaryimage\"},\"image\":{\"@id\":\"https:\\\/\\\/tibladin.dk\\\/produkt\\\/soelv-bakker-fez-heritage\\\/#primaryimage\"},\"thumbnailUrl\":\"https:\\\/\\\/tibladin.dk\\\/wp-content\\\/uploads\\\/2025\\\/10\\\/FEZ-HERITAGE_runde-soelvbakker_1.jpg\",\"datePublished\":\"2025-10-23T12:59:47+00:00\",\"dateModified\":\"2025-11-24T12:15:37+00:00\",\"description\":\"Antikke serveringsbakker i s\u00f8lvfarvet metal, h\u00e5ndgraveret i Marokko med traditionelle m\u00f8nstre.Unikke og dekorative \u2013 f\u00e5s i tre varianter.\",\"breadcrumb\":{\"@id\":\"https:\\\/\\\/tibladin.dk\\\/produkt\\\/soelv-bakker-fez-heritage\\\/#breadcrumb\"},\"inLanguage\":\"nb-NO\",\"potentialAction\":[{\"@type\":\"ReadAction\",\"target\":[\"https:\\\/\\\/tibladin.dk\\\/produkt\\\/soelv-bakker-fez-heritage\\\/\"]}]},{\"@type\":\"ImageObject\",\"inLanguage\":\"nb-NO\",\"@id\":\"https:\\\/\\\/tibladin.dk\\\/produkt\\\/soelv-bakker-fez-heritage\\\/#primaryimage\",\"url\":\"https:\\\/\\\/tibladin.dk\\\/wp-content\\\/uploads\\\/2025\\\/10\\\/FEZ-HERITAGE_runde-soelvbakker_1.jpg\",\"contentUrl\":\"https:\\\/\\\/tibladin.dk\\\/wp-content\\\/uploads\\\/2025\\\/10\\\/FEZ-HERITAGE_runde-soelvbakker_1.jpg\",\"width\":800,\"height\":800,\"caption\":\"FEZ-HERITAGE_runde-soelvbakker_1\"},{\"@type\":\"BreadcrumbList\",\"@id\":\"https:\\\/\\\/tibladin.dk\\\/produkt\\\/soelv-bakker-fez-heritage\\\/#breadcrumb\",\"itemListElement\":[{\"@type\":\"ListItem\",\"position\":1,\"name\":\"Hjem\",\"item\":\"https:\\\/\\\/tibladin.dk\\\/\"},{\"@type\":\"ListItem\",\"position\":2,\"name\":\"Shop\",\"item\":\"https:\\\/\\\/tibladin.dk\\\/shop\\\/\"},{\"@type\":\"ListItem\",\"position\":3,\"name\":\"S\u00f8lv bakker &#8211; FEZ HERITAGE\"}]},{\"@type\":\"WebSite\",\"@id\":\"https:\\\/\\\/tibladin.dk\\\/#website\",\"url\":\"https:\\\/\\\/tibladin.dk\\\/\",\"name\":\"Tibladin\",\"description\":\"Tibladin\",\"publisher\":{\"@id\":\"https:\\\/\\\/tibladin.dk\\\/#organization\"},\"potentialAction\":[{\"@type\":\"SearchAction\",\"target\":{\"@type\":\"EntryPoint\",\"urlTemplate\":\"https:\\\/\\\/tibladin.dk\\\/?s={search_term_string}\"},\"query-input\":{\"@type\":\"PropertyValueSpecification\",\"valueRequired\":true,\"valueName\":\"search_term_string\"}}],\"inLanguage\":\"nb-NO\"},{\"@type\":\"Organization\",\"@id\":\"https:\\\/\\\/tibladin.dk\\\/#organization\",\"name\":\"Tibladin\",\"url\":\"https:\\\/\\\/tibladin.dk\\\/\",\"logo\":{\"@type\":\"ImageObject\",\"inLanguage\":\"nb-NO\",\"@id\":\"https:\\\/\\\/tibladin.dk\\\/#\\\/schema\\\/logo\\\/image\\\/\",\"url\":\"https:\\\/\\\/tibladin.dk\\\/wp-content\\\/uploads\\\/2022\\\/09\\\/tibladin_logo.svg\",\"contentUrl\":\"https:\\\/\\\/tibladin.dk\\\/wp-content\\\/uploads\\\/2022\\\/09\\\/tibladin_logo.svg\",\"caption\":\"Tibladin\"},\"image\":{\"@id\":\"https:\\\/\\\/tibladin.dk\\\/#\\\/schema\\\/logo\\\/image\\\/\"}}]}<\/script>\n<!-- \/ Yoast SEO plugin. -->","yoast_head_json":{"title":"S\u00f8lvbrett - FEZ HERITAGE | Vakkert design | Tibladin","description":"Antikke serveringsbrett i s\u00f8lvfarget metall, h\u00e5ndgravert i Marokko med tradisjonelle m\u00f8nstre. Unike og dekorative \u2013 tilgjengelig i tre varianter.","robots":{"index":"index","follow":"follow","max-snippet":"max-snippet:-1","max-image-preview":"max-image-preview:large","max-video-preview":"max-video-preview:-1"},"canonical":"https:\/\/tibladin.dk\/nb\/produkt\/soelv-bakker-fez-arven\/","og_locale":"nb_NO","og_type":"article","og_title":"S\u00f8lv bakker - FEZ HERITAGE | Smukt design | Tibladin","og_description":"Antikke serveringsbakker i s\u00f8lvfarvet metal, h\u00e5ndgraveret i Marokko med traditionelle m\u00f8nstre.Unikke og dekorative \u2013 f\u00e5s i tre varianter.","og_url":"https:\/\/tibladin.dk\/nb\/produkt\/soelv-bakker-fez-arven\/","og_site_name":"Tibladin","article_modified_time":"2025-11-24T12:15:37+00:00","og_image":[{"width":800,"height":800,"url":"https:\/\/tibladin.dk\/wp-content\/uploads\/2025\/10\/FEZ-HERITAGE_runde-soelvbakker_1.jpg","type":"image\/jpeg"}],"twitter_card":"summary_large_image","twitter_misc":{"Ansl. lesetid":"2 minutter"},"schema":{"@context":"https:\/\/schema.org","@graph":[{"@type":"WebPage","@id":"https:\/\/tibladin.dk\/produkt\/soelv-bakker-fez-heritage\/","url":"https:\/\/tibladin.dk\/produkt\/soelv-bakker-fez-heritage\/","name":"S\u00f8lvbrett - FEZ HERITAGE | Vakkert design | Tibladin","isPartOf":{"@id":"https:\/\/tibladin.dk\/#website"},"primaryImageOfPage":{"@id":"https:\/\/tibladin.dk\/produkt\/soelv-bakker-fez-heritage\/#primaryimage"},"image":{"@id":"https:\/\/tibladin.dk\/produkt\/soelv-bakker-fez-heritage\/#primaryimage"},"thumbnailUrl":"https:\/\/tibladin.dk\/wp-content\/uploads\/2025\/10\/FEZ-HERITAGE_runde-soelvbakker_1.jpg","datePublished":"2025-10-23T12:59:47+00:00","dateModified":"2025-11-24T12:15:37+00:00","description":"Antikke serveringsbrett i s\u00f8lvfarget metall, h\u00e5ndgravert i Marokko med tradisjonelle m\u00f8nstre. Unike og dekorative \u2013 tilgjengelig i tre varianter.","breadcrumb":{"@id":"https:\/\/tibladin.dk\/produkt\/soelv-bakker-fez-heritage\/#breadcrumb"},"inLanguage":"nb-NO","potentialAction":[{"@type":"ReadAction","target":["https:\/\/tibladin.dk\/produkt\/soelv-bakker-fez-heritage\/"]}]},{"@type":"ImageObject","inLanguage":"nb-NO","@id":"https:\/\/tibladin.dk\/produkt\/soelv-bakker-fez-heritage\/#primaryimage","url":"https:\/\/tibladin.dk\/wp-content\/uploads\/2025\/10\/FEZ-HERITAGE_runde-soelvbakker_1.jpg","contentUrl":"https:\/\/tibladin.dk\/wp-content\/uploads\/2025\/10\/FEZ-HERITAGE_runde-soelvbakker_1.jpg","width":800,"height":800,"caption":"FEZ-HERITAGE_runde-soelvbakker_1"},{"@type":"BreadcrumbList","@id":"https:\/\/tibladin.dk\/produkt\/soelv-bakker-fez-heritage\/#breadcrumb","itemListElement":[{"@type":"ListItem","position":1,"name":"Hjem","item":"https:\/\/tibladin.dk\/"},{"@type":"ListItem","position":2,"name":"Shop","item":"https:\/\/tibladin.dk\/shop\/"},{"@type":"ListItem","position":3,"name":"S\u00f8lv bakker &#8211; FEZ HERITAGE"}]},{"@type":"WebSite","@id":"https:\/\/tibladin.dk\/#website","url":"https:\/\/tibladin.dk\/","name":"Tibladin","description":"Tibladin","publisher":{"@id":"https:\/\/tibladin.dk\/#organization"},"potentialAction":[{"@type":"SearchAction","target":{"@type":"EntryPoint","urlTemplate":"https:\/\/tibladin.dk\/?s={search_term_string}"},"query-input":{"@type":"PropertyValueSpecification","valueRequired":true,"valueName":"search_term_string"}}],"inLanguage":"nb-NO"},{"@type":"Organization","@id":"https:\/\/tibladin.dk\/#organization","name":"Tibladin","url":"https:\/\/tibladin.dk\/","logo":{"@type":"ImageObject","inLanguage":"nb-NO","@id":"https:\/\/tibladin.dk\/#\/schema\/logo\/image\/","url":"https:\/\/tibladin.dk\/wp-content\/uploads\/2022\/09\/tibladin_logo.svg","contentUrl":"https:\/\/tibladin.dk\/wp-content\/uploads\/2022\/09\/tibladin_logo.svg","caption":"Tibladin"},"image":{"@id":"https:\/\/tibladin.dk\/#\/schema\/logo\/image\/"}}]}},"_links":{"self":[{"href":"https:\/\/tibladin.dk\/nb\/wp-json\/wp\/v2\/product\/41416","targetHints":{"allow":["GET"]}}],"collection":[{"href":"https:\/\/tibladin.dk\/nb\/wp-json\/wp\/v2\/product"}],"about":[{"href":"https:\/\/tibladin.dk\/nb\/wp-json\/wp\/v2\/types\/product"}],"wp:featuredmedia":[{"embeddable":true,"href":"https:\/\/tibladin.dk\/nb\/wp-json\/wp\/v2\/media\/41147"}],"wp:attachment":[{"href":"https:\/\/tibladin.dk\/nb\/wp-json\/wp\/v2\/media?parent=41416"}],"wp:term":[{"taxonomy":"product_brand","embeddable":true,"href":"https:\/\/tibladin.dk\/nb\/wp-json\/wp\/v2\/product_brand?post=41416"},{"taxonomy":"product_cat","embeddable":true,"href":"https:\/\/tibladin.dk\/nb\/wp-json\/wp\/v2\/product_cat?post=41416"},{"taxonomy":"product_tag","embeddable":true,"href":"https:\/\/tibladin.dk\/nb\/wp-json\/wp\/v2\/product_tag?post=41416"}],"curies":[{"name":"wp","href":"https:\/\/api.w.org\/{rel}","templated":true}]}}