{"id":419,"date":"2022-09-20T11:02:01","date_gmt":"2022-09-20T09:02:01","guid":{"rendered":"https:\/\/tibladin.dk\/?post_type=product&#038;p=419"},"modified":"2025-03-26T19:25:16","modified_gmt":"2025-03-26T18:25:16","slug":"krukker-i-stukkatur-tadlekt-lys-graa","status":"publish","type":"product","link":"https:\/\/tibladin.dk\/nb\/produkt\/krukker-i-stucco-tadlekt-lysegraa\/","title":{"rendered":"Krukker i stukkatur\/tadlekt \u2013 lys gr\u00e5"},"content":{"rendered":"<div class=\"wpb-content-wrapper\"><div class=\"vc_row wpb_row vc_row-fluid\"><div class=\"wpb_column vc_column_container vc_col-sm-4\"><div class=\"vc_column-inner\"><div class=\"wpb_wrapper\"><\/div><\/div><\/div><div class=\"wpb_column vc_column_container vc_col-sm-4\"><div class=\"vc_column-inner\"><div class=\"wpb_wrapper\"><h3 style=\"text-align: left\" class=\"vc_custom_heading vc_do_custom_heading\" >Vedlikehold<\/h3>\n\t<div class=\"wpb_text_column wpb_content_element\" >\n\t\t<div class=\"wpb_wrapper\">\n\t\t\t<p>N\u00e5r du rengj\u00f8r, anbefaler jeg bare en st\u00f8vklut eller en hardt oppvridd klut.<\/p>\n\n\t\t<\/div>\n\t<\/div>\n<\/div><\/div><\/div><div class=\"wpb_column vc_column_container vc_col-sm-4\"><div class=\"vc_column-inner\"><div class=\"wpb_wrapper\"><h3 style=\"text-align: left\" class=\"vc_custom_heading vc_do_custom_heading\" >Historien bak<\/h3>\n\t<div class=\"wpb_text_column wpb_content_element\" >\n\t\t<div class=\"wpb_wrapper\">\n\t\t\t<p>Oppbevaring som pynter opp. Det er alltid hyggelig \u00e5 omgi seg med vakre ting, og hvis de ogs\u00e5 kan brukes til oppbevaring av ting, er det enda bedre. Jeg elsker sm\u00e5 ting som pynter opp hjemmet og gir det et ekstra preg av varme og marokkansk mystikk.<\/p>\n<p>Tadlekt, eller det europeiske ordet stukkatur, er et materiale som brukes i Marokko p\u00e5 vegger, spesielt p\u00e5 bad. Det gir veggene en slags marmorering, et skinnende eksklusivt utseende. I Marokko ser man ofte tadlekt brukt p\u00e5 veggene i de fleste rom, p\u00e5 bad, i hammamer (marokkansk Hammam) osv. Jeg elsker dette materialet, jeg synes det ser s\u00e5 kult ut. Tadlekt brukes ogs\u00e5 til \u00e5 lage krukker. De er fine \u00e5 bruke p\u00e5 badet til bomullsdotter og -pinner eller bare som dekorasjon.<\/p>\n<p>De kan ikke brukes til \u00e5 oppbevare mat.<\/p>\n\n\t\t<\/div>\n\t<\/div>\n<\/div><\/div><\/div><\/div>\n<\/div>","protected":false},"excerpt":{"rendered":"<p>H\u00e5ndlagde krukker i stukkatur\/tadlekt i lys gr\u00e5.<\/p>\n<p>For oppbevaring p\u00e5 badet, kontoret og soverommet, for eksempel. Finnes i tre forskjellige st\u00f8rrelser.<\/p>\n<p>&nbsp;<\/p>","protected":false},"featured_media":490,"template":"","meta":{"inline_featured_image":false},"product_brand":[],"product_cat":[53,51],"product_tag":[],"class_list":{"0":"post-419","1":"product","2":"type-product","3":"status-publish","4":"has-post-thumbnail","6":"product_cat-krukker-i-stucco","7":"product_cat-opbevaring","9":"first","10":"instock","11":"taxable","12":"shipping-taxable","13":"purchasable","14":"product-type-variable"},"exclude_global_add_ons":false,"addons":[{"name":"\u00d8nsker du gaveinnpakning?","type":"checkbox","position":0,"required":false,"title_format":"label","default":"","description_enable":false,"description":"","placeholder_enable":false,"placeholder":"","display":"images","restrictions_type":"any_text","adjust_price":false,"price":"","price_type":"flat_fee","restrictions":false,"min":"0","max":"0","options":[{"label":"Ja tak","price":"10","price_type":"flat_fee","image":11015,"visibility":true}],"id":1669646111}],"yoast_head":"<!-- This site is optimized with the Yoast SEO plugin v27.4 - https:\/\/yoast.com\/product\/yoast-seo-wordpress\/ -->\n<title>Krukker i stucco\/tadlekt -lysegr\u00e5 | Marokkansk keramik | Tibladin<\/title>\n<meta name=\"description\" content=\"Krukker i stucco\/tadlekt lysegr\u00e5 til opbevaring og pynt til f.eks. dit badev\u00e6relse. F\u00e5es i 3 forskellige st\u00f8rrelser. Kan ogs\u00e5 findes i andre farver\" \/>\n<meta name=\"robots\" content=\"index, follow, max-snippet:-1, max-image-preview:large, max-video-preview:-1\" \/>\n<link rel=\"canonical\" href=\"https:\/\/tibladin.dk\/nb\/produkt\/krukker-i-stukkatur-tadlekt-lys-graa\/\" \/>\n<meta property=\"og:locale\" content=\"nb_NO\" \/>\n<meta property=\"og:type\" content=\"article\" \/>\n<meta property=\"og:title\" content=\"Krukker i stucco\/tadlekt -lysegr\u00e5 | Marokkansk keramik | Tibladin\" \/>\n<meta property=\"og:description\" content=\"Krukker i stucco\/tadlekt lysegr\u00e5 til opbevaring og pynt til f.eks. dit badev\u00e6relse. F\u00e5es i 3 forskellige st\u00f8rrelser. Kan ogs\u00e5 findes i andre farver\" \/>\n<meta property=\"og:url\" content=\"https:\/\/tibladin.dk\/nb\/produkt\/krukker-i-stukkatur-tadlekt-lys-graa\/\" \/>\n<meta property=\"og:site_name\" content=\"Tibladin\" \/>\n<meta property=\"article:modified_time\" content=\"2025-03-26T18:25:16+00:00\" \/>\n<meta property=\"og:image\" content=\"https:\/\/tibladin.dk\/wp-content\/uploads\/2022\/09\/Tibladin_Krukker_tadlekt_hoej_graa_800x800-1.jpg\" \/>\n\t<meta property=\"og:image:width\" content=\"800\" \/>\n\t<meta property=\"og:image:height\" content=\"800\" \/>\n\t<meta property=\"og:image:type\" content=\"image\/jpeg\" \/>\n<meta name=\"twitter:card\" content=\"summary_large_image\" \/>\n<meta name=\"twitter:label1\" content=\"Ansl. lesetid\" \/>\n\t<meta name=\"twitter:data1\" content=\"2 minutter\" \/>\n<script type=\"application\/ld+json\" class=\"yoast-schema-graph\">{\"@context\":\"https:\\\/\\\/schema.org\",\"@graph\":[{\"@type\":\"WebPage\",\"@id\":\"https:\\\/\\\/tibladin.dk\\\/produkt\\\/krukker-i-stucco-tadlekt-lysegraa\\\/\",\"url\":\"https:\\\/\\\/tibladin.dk\\\/produkt\\\/krukker-i-stucco-tadlekt-lysegraa\\\/\",\"name\":\"Krukker i stucco\\\/tadlekt -lysegr\u00e5 | Marokkansk keramik | Tibladin\",\"isPartOf\":{\"@id\":\"https:\\\/\\\/tibladin.dk\\\/#website\"},\"primaryImageOfPage\":{\"@id\":\"https:\\\/\\\/tibladin.dk\\\/produkt\\\/krukker-i-stucco-tadlekt-lysegraa\\\/#primaryimage\"},\"image\":{\"@id\":\"https:\\\/\\\/tibladin.dk\\\/produkt\\\/krukker-i-stucco-tadlekt-lysegraa\\\/#primaryimage\"},\"thumbnailUrl\":\"https:\\\/\\\/tibladin.dk\\\/wp-content\\\/uploads\\\/2022\\\/09\\\/Tibladin_Krukker_tadlekt_hoej_graa_800x800-1.jpg\",\"datePublished\":\"2022-09-20T09:02:01+00:00\",\"dateModified\":\"2025-03-26T18:25:16+00:00\",\"description\":\"Krukker i stucco\\\/tadlekt lysegr\u00e5 til opbevaring og pynt til f.eks. dit badev\u00e6relse. F\u00e5es i 3 forskellige st\u00f8rrelser. Kan ogs\u00e5 findes i andre farver\",\"breadcrumb\":{\"@id\":\"https:\\\/\\\/tibladin.dk\\\/produkt\\\/krukker-i-stucco-tadlekt-lysegraa\\\/#breadcrumb\"},\"inLanguage\":\"nb-NO\",\"potentialAction\":[{\"@type\":\"ReadAction\",\"target\":[\"https:\\\/\\\/tibladin.dk\\\/produkt\\\/krukker-i-stucco-tadlekt-lysegraa\\\/\"]}]},{\"@type\":\"ImageObject\",\"inLanguage\":\"nb-NO\",\"@id\":\"https:\\\/\\\/tibladin.dk\\\/produkt\\\/krukker-i-stucco-tadlekt-lysegraa\\\/#primaryimage\",\"url\":\"https:\\\/\\\/tibladin.dk\\\/wp-content\\\/uploads\\\/2022\\\/09\\\/Tibladin_Krukker_tadlekt_hoej_graa_800x800-1.jpg\",\"contentUrl\":\"https:\\\/\\\/tibladin.dk\\\/wp-content\\\/uploads\\\/2022\\\/09\\\/Tibladin_Krukker_tadlekt_hoej_graa_800x800-1.jpg\",\"width\":800,\"height\":800,\"caption\":\"Runde marokkanske krukker i stucco\"},{\"@type\":\"BreadcrumbList\",\"@id\":\"https:\\\/\\\/tibladin.dk\\\/produkt\\\/krukker-i-stucco-tadlekt-lysegraa\\\/#breadcrumb\",\"itemListElement\":[{\"@type\":\"ListItem\",\"position\":1,\"name\":\"Hjem\",\"item\":\"https:\\\/\\\/tibladin.dk\\\/\"},{\"@type\":\"ListItem\",\"position\":2,\"name\":\"Shop\",\"item\":\"https:\\\/\\\/tibladin.dk\\\/shop\\\/\"},{\"@type\":\"ListItem\",\"position\":3,\"name\":\"Krukker i stucco\\\/tadlekt &#8211; lysegr\u00e5\"}]},{\"@type\":\"WebSite\",\"@id\":\"https:\\\/\\\/tibladin.dk\\\/#website\",\"url\":\"https:\\\/\\\/tibladin.dk\\\/\",\"name\":\"Tibladin\",\"description\":\"Tibladin\",\"publisher\":{\"@id\":\"https:\\\/\\\/tibladin.dk\\\/#organization\"},\"potentialAction\":[{\"@type\":\"SearchAction\",\"target\":{\"@type\":\"EntryPoint\",\"urlTemplate\":\"https:\\\/\\\/tibladin.dk\\\/?s={search_term_string}\"},\"query-input\":{\"@type\":\"PropertyValueSpecification\",\"valueRequired\":true,\"valueName\":\"search_term_string\"}}],\"inLanguage\":\"nb-NO\"},{\"@type\":\"Organization\",\"@id\":\"https:\\\/\\\/tibladin.dk\\\/#organization\",\"name\":\"Tibladin\",\"url\":\"https:\\\/\\\/tibladin.dk\\\/\",\"logo\":{\"@type\":\"ImageObject\",\"inLanguage\":\"nb-NO\",\"@id\":\"https:\\\/\\\/tibladin.dk\\\/#\\\/schema\\\/logo\\\/image\\\/\",\"url\":\"https:\\\/\\\/tibladin.dk\\\/wp-content\\\/uploads\\\/2022\\\/09\\\/tibladin_logo.svg\",\"contentUrl\":\"https:\\\/\\\/tibladin.dk\\\/wp-content\\\/uploads\\\/2022\\\/09\\\/tibladin_logo.svg\",\"caption\":\"Tibladin\"},\"image\":{\"@id\":\"https:\\\/\\\/tibladin.dk\\\/#\\\/schema\\\/logo\\\/image\\\/\"}}]}<\/script>\n<!-- \/ Yoast SEO plugin. -->","yoast_head_json":{"title":"Krukker i stukkatur\/tadlekt - lys gr\u00e5 | Marokkansk keramikk | Tibladin","description":"Krukker i stukkatur\/tadlekt lys gr\u00e5 for oppbevaring og dekorasjon til f.eks. badet ditt. Finnes i 3 forskjellige st\u00f8rrelser. Ogs\u00e5 tilgjengelig i andre farger.","robots":{"index":"index","follow":"follow","max-snippet":"max-snippet:-1","max-image-preview":"max-image-preview:large","max-video-preview":"max-video-preview:-1"},"canonical":"https:\/\/tibladin.dk\/nb\/produkt\/krukker-i-stukkatur-tadlekt-lys-graa\/","og_locale":"nb_NO","og_type":"article","og_title":"Krukker i stucco\/tadlekt -lysegr\u00e5 | Marokkansk keramik | Tibladin","og_description":"Krukker i stucco\/tadlekt lysegr\u00e5 til opbevaring og pynt til f.eks. dit badev\u00e6relse. F\u00e5es i 3 forskellige st\u00f8rrelser. Kan ogs\u00e5 findes i andre farver","og_url":"https:\/\/tibladin.dk\/nb\/produkt\/krukker-i-stukkatur-tadlekt-lys-graa\/","og_site_name":"Tibladin","article_modified_time":"2025-03-26T18:25:16+00:00","og_image":[{"width":800,"height":800,"url":"https:\/\/tibladin.dk\/wp-content\/uploads\/2022\/09\/Tibladin_Krukker_tadlekt_hoej_graa_800x800-1.jpg","type":"image\/jpeg"}],"twitter_card":"summary_large_image","twitter_misc":{"Ansl. lesetid":"2 minutter"},"schema":{"@context":"https:\/\/schema.org","@graph":[{"@type":"WebPage","@id":"https:\/\/tibladin.dk\/produkt\/krukker-i-stucco-tadlekt-lysegraa\/","url":"https:\/\/tibladin.dk\/produkt\/krukker-i-stucco-tadlekt-lysegraa\/","name":"Krukker i stukkatur\/tadlekt - lys gr\u00e5 | Marokkansk keramikk | Tibladin","isPartOf":{"@id":"https:\/\/tibladin.dk\/#website"},"primaryImageOfPage":{"@id":"https:\/\/tibladin.dk\/produkt\/krukker-i-stucco-tadlekt-lysegraa\/#primaryimage"},"image":{"@id":"https:\/\/tibladin.dk\/produkt\/krukker-i-stucco-tadlekt-lysegraa\/#primaryimage"},"thumbnailUrl":"https:\/\/tibladin.dk\/wp-content\/uploads\/2022\/09\/Tibladin_Krukker_tadlekt_hoej_graa_800x800-1.jpg","datePublished":"2022-09-20T09:02:01+00:00","dateModified":"2025-03-26T18:25:16+00:00","description":"Krukker i stukkatur\/tadlekt lys gr\u00e5 for oppbevaring og dekorasjon til f.eks. badet ditt. Finnes i 3 forskjellige st\u00f8rrelser. Ogs\u00e5 tilgjengelig i andre farger.","breadcrumb":{"@id":"https:\/\/tibladin.dk\/produkt\/krukker-i-stucco-tadlekt-lysegraa\/#breadcrumb"},"inLanguage":"nb-NO","potentialAction":[{"@type":"ReadAction","target":["https:\/\/tibladin.dk\/produkt\/krukker-i-stucco-tadlekt-lysegraa\/"]}]},{"@type":"ImageObject","inLanguage":"nb-NO","@id":"https:\/\/tibladin.dk\/produkt\/krukker-i-stucco-tadlekt-lysegraa\/#primaryimage","url":"https:\/\/tibladin.dk\/wp-content\/uploads\/2022\/09\/Tibladin_Krukker_tadlekt_hoej_graa_800x800-1.jpg","contentUrl":"https:\/\/tibladin.dk\/wp-content\/uploads\/2022\/09\/Tibladin_Krukker_tadlekt_hoej_graa_800x800-1.jpg","width":800,"height":800,"caption":"Runde marokkanske krukker i stucco"},{"@type":"BreadcrumbList","@id":"https:\/\/tibladin.dk\/produkt\/krukker-i-stucco-tadlekt-lysegraa\/#breadcrumb","itemListElement":[{"@type":"ListItem","position":1,"name":"Hjem","item":"https:\/\/tibladin.dk\/"},{"@type":"ListItem","position":2,"name":"Shop","item":"https:\/\/tibladin.dk\/shop\/"},{"@type":"ListItem","position":3,"name":"Krukker i stucco\/tadlekt &#8211; lysegr\u00e5"}]},{"@type":"WebSite","@id":"https:\/\/tibladin.dk\/#website","url":"https:\/\/tibladin.dk\/","name":"Tibladin","description":"Tibladin","publisher":{"@id":"https:\/\/tibladin.dk\/#organization"},"potentialAction":[{"@type":"SearchAction","target":{"@type":"EntryPoint","urlTemplate":"https:\/\/tibladin.dk\/?s={search_term_string}"},"query-input":{"@type":"PropertyValueSpecification","valueRequired":true,"valueName":"search_term_string"}}],"inLanguage":"nb-NO"},{"@type":"Organization","@id":"https:\/\/tibladin.dk\/#organization","name":"Tibladin","url":"https:\/\/tibladin.dk\/","logo":{"@type":"ImageObject","inLanguage":"nb-NO","@id":"https:\/\/tibladin.dk\/#\/schema\/logo\/image\/","url":"https:\/\/tibladin.dk\/wp-content\/uploads\/2022\/09\/tibladin_logo.svg","contentUrl":"https:\/\/tibladin.dk\/wp-content\/uploads\/2022\/09\/tibladin_logo.svg","caption":"Tibladin"},"image":{"@id":"https:\/\/tibladin.dk\/#\/schema\/logo\/image\/"}}]}},"_links":{"self":[{"href":"https:\/\/tibladin.dk\/nb\/wp-json\/wp\/v2\/product\/419","targetHints":{"allow":["GET"]}}],"collection":[{"href":"https:\/\/tibladin.dk\/nb\/wp-json\/wp\/v2\/product"}],"about":[{"href":"https:\/\/tibladin.dk\/nb\/wp-json\/wp\/v2\/types\/product"}],"wp:featuredmedia":[{"embeddable":true,"href":"https:\/\/tibladin.dk\/nb\/wp-json\/wp\/v2\/media\/490"}],"wp:attachment":[{"href":"https:\/\/tibladin.dk\/nb\/wp-json\/wp\/v2\/media?parent=419"}],"wp:term":[{"taxonomy":"product_brand","embeddable":true,"href":"https:\/\/tibladin.dk\/nb\/wp-json\/wp\/v2\/product_brand?post=419"},{"taxonomy":"product_cat","embeddable":true,"href":"https:\/\/tibladin.dk\/nb\/wp-json\/wp\/v2\/product_cat?post=419"},{"taxonomy":"product_tag","embeddable":true,"href":"https:\/\/tibladin.dk\/nb\/wp-json\/wp\/v2\/product_tag?post=419"}],"curies":[{"name":"wp","href":"https:\/\/api.w.org\/{rel}","templated":true}]}}