{"id":41937,"date":"2025-11-21T14:45:52","date_gmt":"2025-11-21T13:45:52","guid":{"rendered":"https:\/\/tibladin.dk\/?post_type=product&#038;p=41937"},"modified":"2026-03-06T20:49:53","modified_gmt":"2026-03-06T19:49:53","slug":"ring-i-soelv-soelvskygge","status":"publish","type":"product","link":"https:\/\/tibladin.dk\/nb\/produkt\/ring-i-soelv-silver-shadow\/","title":{"rendered":"S\u00f8lvring \u2013 SILVER SHADOW"},"content":{"rendered":"<div class=\"wpb-content-wrapper\"><div class=\"vc_row wpb_row vc_row-fluid\"><div class=\"wpb_column vc_column_container vc_col-sm-4\"><div class=\"vc_column-inner\"><div class=\"wpb_wrapper\"><\/div><\/div><\/div><div class=\"wpb_column vc_column_container vc_col-sm-4\"><div class=\"vc_column-inner\"><div class=\"wpb_wrapper\"><h3 style=\"text-align: left\" class=\"vc_custom_heading vc_do_custom_heading\" >Vedlikehold<\/h3>\n\t<div class=\"wpb_text_column wpb_content_element\" >\n\t\t<div class=\"wpb_wrapper\">\n\t\t\t<p>S\u00f8lv vil mattes og m\u00f8rkne over tid. Dette er en naturlig prosess som oppst\u00e5r n\u00e5r s\u00f8lv kommer i kontakt med oksygen, syre og svette fra kroppen. Du kan enkelt friske opp s\u00f8lvsmykkene dine. Legg dem i en liten bolle med mild s\u00e5pe og vann og gni dem forsiktig med en myk bomullsklut.<\/p>\n<p>For \u00e5 rengj\u00f8re turkis, bruk forsiktig en myk klut. Gni eller skrubb aldri hardt. Unng\u00e5 kjemikalier, parfymer og kremer, da de kan misfarge steinen.<\/p>\n\n\t\t<\/div>\n\t<\/div>\n<\/div><\/div><\/div><div class=\"wpb_column vc_column_container vc_col-sm-4\"><div class=\"vc_column-inner\"><div class=\"wpb_wrapper\"><h3 style=\"text-align: left\" class=\"vc_custom_heading vc_do_custom_heading\" >Historien bak<\/h3>\n\t<div class=\"wpb_text_column wpb_content_element\" >\n\t\t<div class=\"wpb_wrapper\">\n\t\t\t<p><span style=\"font-weight: 400;\">Tiznit er en liten by i Souss-Massa-regionen p\u00e5 vestkysten av Marokko. Tradisjonelle marokkanske Amazigh\/Berber-smykker er assosiert med Tiznit, ettersom denne byen er kjent for sitt langvarige h\u00e5ndverk av tradisjonelle s\u00f8lvsmykker av h\u00f8y kvalitet, h\u00e5ndlaget av dyktige h\u00e5ndverkere. Hvert smykke er et resultat av dedikert h\u00e5ndverk, og hvert av dem forteller en historie, ettersom de er et symbol p\u00e5 skapernes kreative og vakre h\u00e5ndverk. Smykkene representerer ikke bare byens kulturarv, men hele Marokkos kulturarv, samt berbernes tradisjoner, som har blitt gitt videre gjennom generasjoner.\u00a0<\/span><\/p>\n<p><span style=\"font-weight: 400;\"><br \/>\n<\/span><b>Fortell din historie gjennom smykker<\/b><\/p>\n<p><span style=\"font-weight: 400;\">Et smykke kan romme mange minner og fortelle din personlige historie, ettersom du tar smykkene med deg p\u00e5 din egen reise og skaper fantastiske, minneverdige opplevelser. N\u00e5r Tibladin drar p\u00e5 smykkejakt i den marokkanske byen Tiznit, hvis hjerte banker for smykker,<\/span><\/p>\n<p><span style=\"font-weight: 400;\">Vi velger smykker som varierer i stil og p\u00e5 sin egen sjarmerende m\u00e5te kombinerer den klassiske, historiske designen som berberne foretrekker, med eleganse og tidl\u00f8shet.\u00a0<\/span><\/p>\n<p><br style=\"font-weight: 400;\" \/><\/p>\n\n\t\t<\/div>\n\t<\/div>\n<\/div><\/div><\/div><\/div>\n<\/div>","protected":false},"excerpt":{"rendered":"<p data-start=\"728\" data-end=\"1096\"><strong data-start=\"728\" data-end=\"846\">Silver shadow er en h\u00e5ndlaget s\u00f8lvring med en oval labradorittstein, satt i et vakkert ornamentert s\u00f8lvdesign.<\/strong><br data-start=\"846\" data-end=\"849\" \/>Steinen har en elegant, gr\u00e5 fargetone med en subtil gl\u00f8d som kommer frem n\u00e5r lyset treffer den \u2013 som m\u00e5neskinn p\u00e5 en nattehimmel. Detaljene i s\u00f8lvet rammer inn steinen med et feminint og boheminspirert uttrykk som f\u00f8les b\u00e5de tidl\u00f8st og eventyrlig.<\/p>\n<p data-start=\"1098\" data-end=\"1282\">Ringen er h\u00e5ndlaget i Marokko med tradisjonelle teknikker, der hver lille s\u00f8lvkule og hver kurve er formet for h\u00e5nd. Et smykke som forteller historien om h\u00e5ndverk, historie og diskret skj\u00f8nnhet.<\/p>\n<p data-start=\"1324\" data-end=\"1407\">Labradoritt er kjent som <strong data-start=\"1348\" data-end=\"1390\">steinen for intuisjon og transformasjon<\/strong>.<br data-start=\"1391\" data-end=\"1394\" \/>Det sies at:<\/p>\n<ul data-start=\"1409\" data-end=\"1622\">\n<li data-start=\"1409\" data-end=\"1440\">\n<p data-start=\"1411\" data-end=\"1440\">Beskytt mot negativ energi<\/p>\n<\/li>\n<li data-start=\"1441\" data-end=\"1497\">\n<p data-start=\"1443\" data-end=\"1497\">Forfremmelse <strong data-start=\"1450\" data-end=\"1495\">intuisjon, klarhet og \u00e5ndelig utvikling<\/strong><\/p>\n<\/li>\n<li data-start=\"1498\" data-end=\"1535\">\n<p data-start=\"1500\" data-end=\"1535\">Styrke kreativitet og inspirasjon<\/p>\n<\/li>\n<li data-start=\"1536\" data-end=\"1583\">\n<p data-start=\"1538\" data-end=\"1583\">Skape <strong data-start=\"1544\" data-end=\"1559\">sinnsro<\/strong> og balansere f\u00f8lelser<\/p>\n<\/li>\n<li data-start=\"1584\" data-end=\"1622\">\n<p data-start=\"1586\" data-end=\"1622\">Hjelper med \u00e5 gi slipp p\u00e5 gamle m\u00f8nstre<\/p>\n<\/li>\n<\/ul>\n<p data-start=\"1624\" data-end=\"1731\">Labradoritt kalles ofte <em data-start=\"1653\" data-end=\"1669\">\u201c&quot;Den magiske steinen&quot;\u201d<\/em> p\u00e5 grunn av dens evne til \u00e5 fremheve indre lys og potensial.<\/p>\n<p data-start=\"1624\" data-end=\"1731\">Ringst\u00f8rrelse 59<\/p>","protected":false},"featured_media":41940,"template":"","meta":{"inline_featured_image":false},"product_brand":[],"product_cat":[165,162],"product_tag":[],"class_list":{"0":"post-41937","1":"product","2":"type-product","3":"status-publish","4":"has-post-thumbnail","6":"product_cat-ringe","7":"product_cat-smykker","9":"first","10":"instock","11":"taxable","12":"shipping-taxable","13":"purchasable","14":"product-type-simple"},"exclude_global_add_ons":[],"addons":[],"yoast_head":"<!-- This site is optimized with the Yoast SEO plugin v27.5 - https:\/\/yoast.com\/product\/yoast-seo-wordpress\/ -->\n<title>S\u00f8lvring | H\u00e5ndlavede marokkanske kreationer | Kun hos Tibladin<\/title>\n<meta name=\"description\" content=\"Smuk s\u00f8lvring med turkis sten h\u00e5ndlavet i Tiznit. Helt unikke kreationer til dig, der elsker at have autentiske smykker med en historie.\" \/>\n<meta name=\"robots\" content=\"index, follow, max-snippet:-1, max-image-preview:large, max-video-preview:-1\" \/>\n<link rel=\"canonical\" href=\"https:\/\/tibladin.dk\/nb\/produkt\/ring-i-soelv-soelvskygge\/\" \/>\n<meta property=\"og:locale\" content=\"nb_NO\" \/>\n<meta property=\"og:type\" content=\"article\" \/>\n<meta property=\"og:title\" content=\"S\u00f8lvring | H\u00e5ndlavede marokkanske kreationer | Kun hos Tibladin\" \/>\n<meta property=\"og:description\" content=\"Smuk s\u00f8lvring med turkis sten h\u00e5ndlavet i Tiznit. Helt unikke kreationer til dig, der elsker at have autentiske smykker med en historie.\" \/>\n<meta property=\"og:url\" content=\"https:\/\/tibladin.dk\/nb\/produkt\/ring-i-soelv-soelvskygge\/\" \/>\n<meta property=\"og:site_name\" content=\"Tibladin\" \/>\n<meta property=\"article:modified_time\" content=\"2026-03-06T19:49:53+00:00\" \/>\n<meta property=\"og:image\" content=\"https:\/\/tibladin.dk\/wp-content\/uploads\/2025\/11\/Silver-shadow_3.jpg\" \/>\n\t<meta property=\"og:image:width\" content=\"800\" \/>\n\t<meta property=\"og:image:height\" content=\"800\" \/>\n\t<meta property=\"og:image:type\" content=\"image\/jpeg\" \/>\n<meta name=\"twitter:card\" content=\"summary_large_image\" \/>\n<meta name=\"twitter:label1\" content=\"Ansl. lesetid\" \/>\n\t<meta name=\"twitter:data1\" content=\"2 minutter\" \/>\n<script type=\"application\/ld+json\" class=\"yoast-schema-graph\">{\"@context\":\"https:\\\/\\\/schema.org\",\"@graph\":[{\"@type\":\"WebPage\",\"@id\":\"https:\\\/\\\/tibladin.dk\\\/produkt\\\/ring-i-soelv-silver-shadow\\\/\",\"url\":\"https:\\\/\\\/tibladin.dk\\\/produkt\\\/ring-i-soelv-silver-shadow\\\/\",\"name\":\"S\u00f8lvring | H\u00e5ndlavede marokkanske kreationer | Kun hos Tibladin\",\"isPartOf\":{\"@id\":\"https:\\\/\\\/tibladin.dk\\\/#website\"},\"primaryImageOfPage\":{\"@id\":\"https:\\\/\\\/tibladin.dk\\\/produkt\\\/ring-i-soelv-silver-shadow\\\/#primaryimage\"},\"image\":{\"@id\":\"https:\\\/\\\/tibladin.dk\\\/produkt\\\/ring-i-soelv-silver-shadow\\\/#primaryimage\"},\"thumbnailUrl\":\"https:\\\/\\\/tibladin.dk\\\/wp-content\\\/uploads\\\/2025\\\/11\\\/Silver-shadow_3.jpg\",\"datePublished\":\"2025-11-21T13:45:52+00:00\",\"dateModified\":\"2026-03-06T19:49:53+00:00\",\"description\":\"Smuk s\u00f8lvring med turkis sten h\u00e5ndlavet i Tiznit. Helt unikke kreationer til dig, der elsker at have autentiske smykker med en historie.\",\"breadcrumb\":{\"@id\":\"https:\\\/\\\/tibladin.dk\\\/produkt\\\/ring-i-soelv-silver-shadow\\\/#breadcrumb\"},\"inLanguage\":\"nb-NO\",\"potentialAction\":[{\"@type\":\"ReadAction\",\"target\":[\"https:\\\/\\\/tibladin.dk\\\/produkt\\\/ring-i-soelv-silver-shadow\\\/\"]}]},{\"@type\":\"ImageObject\",\"inLanguage\":\"nb-NO\",\"@id\":\"https:\\\/\\\/tibladin.dk\\\/produkt\\\/ring-i-soelv-silver-shadow\\\/#primaryimage\",\"url\":\"https:\\\/\\\/tibladin.dk\\\/wp-content\\\/uploads\\\/2025\\\/11\\\/Silver-shadow_3.jpg\",\"contentUrl\":\"https:\\\/\\\/tibladin.dk\\\/wp-content\\\/uploads\\\/2025\\\/11\\\/Silver-shadow_3.jpg\",\"width\":800,\"height\":800,\"caption\":\"Silver shadow ring\"},{\"@type\":\"BreadcrumbList\",\"@id\":\"https:\\\/\\\/tibladin.dk\\\/produkt\\\/ring-i-soelv-silver-shadow\\\/#breadcrumb\",\"itemListElement\":[{\"@type\":\"ListItem\",\"position\":1,\"name\":\"Hjem\",\"item\":\"https:\\\/\\\/tibladin.dk\\\/\"},{\"@type\":\"ListItem\",\"position\":2,\"name\":\"Shop\",\"item\":\"https:\\\/\\\/tibladin.dk\\\/shop\\\/\"},{\"@type\":\"ListItem\",\"position\":3,\"name\":\"Ring i s\u00f8lv &#8211; SILVER SHADOW\"}]},{\"@type\":\"WebSite\",\"@id\":\"https:\\\/\\\/tibladin.dk\\\/#website\",\"url\":\"https:\\\/\\\/tibladin.dk\\\/\",\"name\":\"Tibladin\",\"description\":\"Tibladin\",\"publisher\":{\"@id\":\"https:\\\/\\\/tibladin.dk\\\/#organization\"},\"potentialAction\":[{\"@type\":\"SearchAction\",\"target\":{\"@type\":\"EntryPoint\",\"urlTemplate\":\"https:\\\/\\\/tibladin.dk\\\/?s={search_term_string}\"},\"query-input\":{\"@type\":\"PropertyValueSpecification\",\"valueRequired\":true,\"valueName\":\"search_term_string\"}}],\"inLanguage\":\"nb-NO\"},{\"@type\":\"Organization\",\"@id\":\"https:\\\/\\\/tibladin.dk\\\/#organization\",\"name\":\"Tibladin\",\"url\":\"https:\\\/\\\/tibladin.dk\\\/\",\"logo\":{\"@type\":\"ImageObject\",\"inLanguage\":\"nb-NO\",\"@id\":\"https:\\\/\\\/tibladin.dk\\\/#\\\/schema\\\/logo\\\/image\\\/\",\"url\":\"https:\\\/\\\/tibladin.dk\\\/wp-content\\\/uploads\\\/2022\\\/09\\\/tibladin_logo.svg\",\"contentUrl\":\"https:\\\/\\\/tibladin.dk\\\/wp-content\\\/uploads\\\/2022\\\/09\\\/tibladin_logo.svg\",\"caption\":\"Tibladin\"},\"image\":{\"@id\":\"https:\\\/\\\/tibladin.dk\\\/#\\\/schema\\\/logo\\\/image\\\/\"}}]}<\/script>\n<!-- \/ Yoast SEO plugin. -->","yoast_head_json":{"title":"S\u00f8lvring | H\u00e5ndlagde marokkanske kreasjoner | Kun hos Tibladin","description":"Vakker s\u00f8lvring med turkis stein h\u00e5ndlaget i Tiznit. Helt unike kreasjoner for de som elsker autentiske smykker med en historie.","robots":{"index":"index","follow":"follow","max-snippet":"max-snippet:-1","max-image-preview":"max-image-preview:large","max-video-preview":"max-video-preview:-1"},"canonical":"https:\/\/tibladin.dk\/nb\/produkt\/ring-i-soelv-soelvskygge\/","og_locale":"nb_NO","og_type":"article","og_title":"S\u00f8lvring | H\u00e5ndlavede marokkanske kreationer | Kun hos Tibladin","og_description":"Smuk s\u00f8lvring med turkis sten h\u00e5ndlavet i Tiznit. Helt unikke kreationer til dig, der elsker at have autentiske smykker med en historie.","og_url":"https:\/\/tibladin.dk\/nb\/produkt\/ring-i-soelv-soelvskygge\/","og_site_name":"Tibladin","article_modified_time":"2026-03-06T19:49:53+00:00","og_image":[{"width":800,"height":800,"url":"https:\/\/tibladin.dk\/wp-content\/uploads\/2025\/11\/Silver-shadow_3.jpg","type":"image\/jpeg"}],"twitter_card":"summary_large_image","twitter_misc":{"Ansl. lesetid":"2 minutter"},"schema":{"@context":"https:\/\/schema.org","@graph":[{"@type":"WebPage","@id":"https:\/\/tibladin.dk\/produkt\/ring-i-soelv-silver-shadow\/","url":"https:\/\/tibladin.dk\/produkt\/ring-i-soelv-silver-shadow\/","name":"S\u00f8lvring | H\u00e5ndlagde marokkanske kreasjoner | Kun hos Tibladin","isPartOf":{"@id":"https:\/\/tibladin.dk\/#website"},"primaryImageOfPage":{"@id":"https:\/\/tibladin.dk\/produkt\/ring-i-soelv-silver-shadow\/#primaryimage"},"image":{"@id":"https:\/\/tibladin.dk\/produkt\/ring-i-soelv-silver-shadow\/#primaryimage"},"thumbnailUrl":"https:\/\/tibladin.dk\/wp-content\/uploads\/2025\/11\/Silver-shadow_3.jpg","datePublished":"2025-11-21T13:45:52+00:00","dateModified":"2026-03-06T19:49:53+00:00","description":"Vakker s\u00f8lvring med turkis stein h\u00e5ndlaget i Tiznit. Helt unike kreasjoner for de som elsker autentiske smykker med en historie.","breadcrumb":{"@id":"https:\/\/tibladin.dk\/produkt\/ring-i-soelv-silver-shadow\/#breadcrumb"},"inLanguage":"nb-NO","potentialAction":[{"@type":"ReadAction","target":["https:\/\/tibladin.dk\/produkt\/ring-i-soelv-silver-shadow\/"]}]},{"@type":"ImageObject","inLanguage":"nb-NO","@id":"https:\/\/tibladin.dk\/produkt\/ring-i-soelv-silver-shadow\/#primaryimage","url":"https:\/\/tibladin.dk\/wp-content\/uploads\/2025\/11\/Silver-shadow_3.jpg","contentUrl":"https:\/\/tibladin.dk\/wp-content\/uploads\/2025\/11\/Silver-shadow_3.jpg","width":800,"height":800,"caption":"Silver shadow ring"},{"@type":"BreadcrumbList","@id":"https:\/\/tibladin.dk\/produkt\/ring-i-soelv-silver-shadow\/#breadcrumb","itemListElement":[{"@type":"ListItem","position":1,"name":"Hjem","item":"https:\/\/tibladin.dk\/"},{"@type":"ListItem","position":2,"name":"Shop","item":"https:\/\/tibladin.dk\/shop\/"},{"@type":"ListItem","position":3,"name":"Ring i s\u00f8lv &#8211; SILVER SHADOW"}]},{"@type":"WebSite","@id":"https:\/\/tibladin.dk\/#website","url":"https:\/\/tibladin.dk\/","name":"Tibladin","description":"Tibladin","publisher":{"@id":"https:\/\/tibladin.dk\/#organization"},"potentialAction":[{"@type":"SearchAction","target":{"@type":"EntryPoint","urlTemplate":"https:\/\/tibladin.dk\/?s={search_term_string}"},"query-input":{"@type":"PropertyValueSpecification","valueRequired":true,"valueName":"search_term_string"}}],"inLanguage":"nb-NO"},{"@type":"Organization","@id":"https:\/\/tibladin.dk\/#organization","name":"Tibladin","url":"https:\/\/tibladin.dk\/","logo":{"@type":"ImageObject","inLanguage":"nb-NO","@id":"https:\/\/tibladin.dk\/#\/schema\/logo\/image\/","url":"https:\/\/tibladin.dk\/wp-content\/uploads\/2022\/09\/tibladin_logo.svg","contentUrl":"https:\/\/tibladin.dk\/wp-content\/uploads\/2022\/09\/tibladin_logo.svg","caption":"Tibladin"},"image":{"@id":"https:\/\/tibladin.dk\/#\/schema\/logo\/image\/"}}]}},"_links":{"self":[{"href":"https:\/\/tibladin.dk\/nb\/wp-json\/wp\/v2\/product\/41937","targetHints":{"allow":["GET"]}}],"collection":[{"href":"https:\/\/tibladin.dk\/nb\/wp-json\/wp\/v2\/product"}],"about":[{"href":"https:\/\/tibladin.dk\/nb\/wp-json\/wp\/v2\/types\/product"}],"wp:featuredmedia":[{"embeddable":true,"href":"https:\/\/tibladin.dk\/nb\/wp-json\/wp\/v2\/media\/41940"}],"wp:attachment":[{"href":"https:\/\/tibladin.dk\/nb\/wp-json\/wp\/v2\/media?parent=41937"}],"wp:term":[{"taxonomy":"product_brand","embeddable":true,"href":"https:\/\/tibladin.dk\/nb\/wp-json\/wp\/v2\/product_brand?post=41937"},{"taxonomy":"product_cat","embeddable":true,"href":"https:\/\/tibladin.dk\/nb\/wp-json\/wp\/v2\/product_cat?post=41937"},{"taxonomy":"product_tag","embeddable":true,"href":"https:\/\/tibladin.dk\/nb\/wp-json\/wp\/v2\/product_tag?post=41937"}],"curies":[{"name":"wp","href":"https:\/\/api.w.org\/{rel}","templated":true}]}}