{"id":42208,"date":"2025-12-03T15:27:52","date_gmt":"2025-12-03T14:27:52","guid":{"rendered":"https:\/\/tibladin.dk\/?post_type=product&#038;p=42208"},"modified":"2025-12-03T16:39:19","modified_gmt":"2025-12-03T15:39:19","slug":"berberteppe-vintage-150x230-cm-amaynu","status":"publish","type":"product","link":"https:\/\/tibladin.dk\/nb\/produkt\/berbertaeppe-vintage-150x230-cm-amaynu\/","title":{"rendered":"Berberteppe vintage 150\u00d7230 cm. \u2013 AMAYNU"},"content":{"rendered":"<div class=\"wpb-content-wrapper\"><div class=\"vc_row wpb_row vc_row-fluid\"><div class=\"wpb_column vc_column_container vc_col-sm-12\"><div class=\"vc_column-inner\"><div class=\"wpb_wrapper\">\n\t<div class=\"wpb_text_column wpb_content_element\" >\n\t\t<div class=\"wpb_wrapper\">\n\t\t\t<p>!<\/p>\n\n\t\t<\/div>\n\t<\/div>\n<\/div><\/div><\/div><\/div><div class=\"vc_row wpb_row vc_row-fluid\"><div class=\"wpb_column vc_column_container vc_col-sm-4\"><div class=\"vc_column-inner\"><div class=\"wpb_wrapper\"><\/div><\/div><\/div><div class=\"wpb_column vc_column_container vc_col-sm-4\"><div class=\"vc_column-inner\"><div class=\"wpb_wrapper\"><h3 style=\"text-align: left\" class=\"vc_custom_heading vc_do_custom_heading\" >TAZNAKT teppevedlikehold<\/h3>\n\t<div class=\"wpb_text_column wpb_content_element\" >\n\t\t<div class=\"wpb_wrapper\">\n\t\t\t<h2 data-start=\"187\" data-end=\"209\"><strong data-start=\"193\" data-end=\"209\">Daglig pleie<\/strong><\/h2>\n<ul data-start=\"210\" data-end=\"513\">\n<li data-start=\"210\" data-end=\"332\">\n<p data-start=\"212\" data-end=\"332\">St\u00f8vsug regelmessig \u2013 men uten roterende b\u00f8rste (kun munnstykke eller sk\u00e5nsom sugekraft) slik at ullen ikke slites un\u00f8dvendig.<\/p>\n<\/li>\n<li data-start=\"333\" data-end=\"411\">\n<p data-start=\"335\" data-end=\"411\">Snu teppet av og til slik at slitasjen fordeles og fargene falmer jevnt.<\/p>\n<\/li>\n<li data-start=\"412\" data-end=\"513\">\n<p data-start=\"414\" data-end=\"513\">Rist teppet utend\u00f8rs et par ganger i \u00e5ret \u2013 dette l\u00f8sner st\u00f8v og sandkorn som gjemmer seg i fibrene.<\/p>\n<\/li>\n<\/ul>\n<h2 data-start=\"520\" data-end=\"542\"><strong data-start=\"526\" data-end=\"542\">Flekkfjerning<\/strong><\/h2>\n<ul data-start=\"543\" data-end=\"781\">\n<li data-start=\"543\" data-end=\"613\">\n<p data-start=\"545\" data-end=\"613\">T\u00f8rk alltid s\u00f8l umiddelbart med en ren, hvit klut \u2013 klapp, ikke gni.<\/p>\n<\/li>\n<li data-start=\"614\" data-end=\"710\">\n<p data-start=\"616\" data-end=\"710\">Bruk lunkent vann med litt n\u00f8ytral s\u00e5pe (f.eks. ullsjampo eller s\u00e5peflak) p\u00e5 sm\u00e5 flekker.<\/p>\n<\/li>\n<li data-start=\"711\" data-end=\"781\">\n<p data-start=\"713\" data-end=\"781\">Unng\u00e5 kjemiske rengj\u00f8ringsmidler, da de kan \u00f8delegge plantens farger.<\/p>\n<\/li>\n<\/ul>\n<h2 data-start=\"788\" data-end=\"814\"><strong data-start=\"794\" data-end=\"814\">Dypere rengj\u00f8ring<\/strong><\/h2>\n<ul data-start=\"815\" data-end=\"1109\">\n<li data-start=\"815\" data-end=\"971\">\n<p data-start=\"817\" data-end=\"971\">Rengj\u00f8r teppet forsiktig i kaldt vann med mild ulls\u00e5pe om n\u00f8dvendig. La det t\u00f8rke flatt i skyggen \u2013 aldri i direkte sollys (som kan falme fargene).<\/p>\n<\/li>\n<li data-start=\"972\" data-end=\"1109\">\n<p data-start=\"974\" data-end=\"1109\">Profesjonell rengj\u00f8ring anbefales kun for personer med erfaring med ekte vintage-tepper \u2013 regelmessig tepperens kan \u00f8delegge ullen og fargene.<\/p>\n<\/li>\n<\/ul>\n\n\t\t<\/div>\n\t<\/div>\n<\/div><\/div><\/div><div class=\"wpb_column vc_column_container vc_col-sm-4\"><div class=\"vc_column-inner\"><div class=\"wpb_wrapper\"><h3 style=\"text-align: left\" class=\"vc_custom_heading vc_do_custom_heading\" >Historien bak TAZNAKT-tepper<\/h3>\n\t<div class=\"wpb_text_column wpb_content_element\" >\n\t\t<div class=\"wpb_wrapper\">\n\t\t\t<h2 data-start=\"157\" data-end=\"199\">\ud83e\uddf5 <strong data-start=\"163\" data-end=\"197\">Opprinnelsen til Taznakht-tepper<\/strong><\/h2>\n<ul data-start=\"200\" data-end=\"663\">\n<li data-start=\"200\" data-end=\"319\">\n<p data-start=\"202\" data-end=\"319\"><strong data-start=\"202\" data-end=\"215\">Geografi:<\/strong> Taznakht ligger i <strong data-start=\"234\" data-end=\"253\">s\u00f8rlige Marokko<\/strong>, mellom Ouarzazate og Sahara, ved foten av Anti-Atlasfjellene.<\/p>\n<\/li>\n<li data-start=\"320\" data-end=\"535\">\n<p data-start=\"322\" data-end=\"535\"><strong data-start=\"322\" data-end=\"335\">Historie:<\/strong> Omr\u00e5det har v\u00e6rt et viktig vevesenter i \u00e5rhundrer, hvor berberkvinner har laget tepper som kombinerer flere veveteknikker: <strong data-start=\"464\" data-end=\"532\">flatveving (Kelim), knyttede tepper og broderilignende detaljer<\/strong>.<\/p>\n<\/li>\n<li data-start=\"536\" data-end=\"663\">\n<p data-start=\"538\" data-end=\"663\"><strong data-start=\"538\" data-end=\"550\">Stammer:<\/strong> Teppene er forbundet med <strong data-start=\"574\" data-end=\"601\">A\u00eft Ouaouzguite-stammen<\/strong>, som er kjent for sine raffinerte og fargemettede tepper.<\/p>\n<\/li>\n<\/ul>\n<hr data-start=\"665\" data-end=\"668\" \/>\n<h2 data-start=\"670\" data-end=\"719\">\ud83c\udfa8 <strong data-start=\"676\" data-end=\"717\">Kjennetegn ved Taznakht vintage-tepper<\/strong><\/h2>\n<ul data-start=\"720\" data-end=\"1394\">\n<li data-start=\"720\" data-end=\"934\">\n<p data-start=\"722\" data-end=\"934\"><strong data-start=\"722\" data-end=\"733\">Farger:<\/strong> Naturlige fargestoffer fra planter, mineraler og r\u00f8tter \u2013 som safran (gul), henna (oransje), indigo (bl\u00e5) og granatepleskall (r\u00f8d) \u2013 gir en varm og intens fargepalett som falmer vakkert over tid.<\/p>\n<\/li>\n<li data-start=\"935\" data-end=\"1193\">\n<p data-start=\"937\" data-end=\"1046\"><strong data-start=\"937\" data-end=\"949\">M\u00f8nstre:<\/strong> Sv\u00e6rt detaljerte og ofte mer \u201craffinerte\u201d enn andre berbertepper. Typiske motiver inkluderer:<\/p>\n<ul data-start=\"1049\" data-end=\"1193\">\n<li data-start=\"1049\" data-end=\"1084\">\n<p data-start=\"1051\" data-end=\"1084\">Gjentatt <strong data-start=\"1060\" data-end=\"1082\">romber og stjerner<\/strong><\/p>\n<\/li>\n<li data-start=\"1087\" data-end=\"1141\">\n<p data-start=\"1089\" data-end=\"1141\"><strong data-start=\"1089\" data-end=\"1108\">Stammesymboler<\/strong> som beskytter mot det onde \u00f8yet<\/p>\n<\/li>\n<li data-start=\"1144\" data-end=\"1193\">\n<p data-start=\"1146\" data-end=\"1193\">Kanter med sm\u00e5 m\u00f8nstre som rammer inn teppet<\/p>\n<\/li>\n<\/ul>\n<\/li>\n<li data-start=\"1194\" data-end=\"1394\">\n<p data-start=\"1196\" data-end=\"1394\"><strong data-start=\"1196\" data-end=\"1207\">Teknikk:<\/strong> Taznakht er spesielt fordi teppene ofte kombineres <strong data-start=\"1260\" data-end=\"1288\">tre teknikker i ett teppe<\/strong>: knyttede luvm\u00f8nstre, kelimoverflater og broderilignende m\u00f8nstre. Dette gj\u00f8r dem mer komplekse enn for eksempel Beni Ourain.<\/p>\n<\/li>\n<\/ul>\n<hr data-start=\"1396\" data-end=\"1399\" \/>\n<h2 data-start=\"1401\" data-end=\"1432\">\ud83c\udf1f <strong data-start=\"1407\" data-end=\"1430\">Sjeldenhet og verdi<\/strong><\/h2>\n<ul data-start=\"1433\" data-end=\"2095\">\n<li data-start=\"1433\" data-end=\"1614\">\n<p data-start=\"1435\" data-end=\"1614\"><strong data-start=\"1435\" data-end=\"1462\">Vintage Taznakht-tepper<\/strong> (fra 1950\u20131970-tallet) er sv\u00e6rt sjeldne i dag, ettersom produksjonen den gang var begrenset til sm\u00e5 landsbyer og hvert teppe kunne ta m\u00e5neder \u00e5 veve.<\/p>\n<\/li>\n<li data-start=\"1615\" data-end=\"1788\">\n<p data-start=\"1617\" data-end=\"1788\">I motsetning til Beni Ouarain og Azilal, som har blitt masseprodusert for eksport, er ekte Taznakht-tepper <strong data-start=\"1725\" data-end=\"1746\">mer nisje<\/strong> og er derfor mindre vanlige p\u00e5 markedet.<\/p>\n<\/li>\n<li data-start=\"1789\" data-end=\"1972\">\n<p data-start=\"1791\" data-end=\"1972\">Deres spesielle kombinasjon av veveteknikker og rike farger gj\u00f8r dem til i dag <strong data-start=\"1867\" data-end=\"1899\">ettertraktede samleobjekter<\/strong> \u2013 spesielt de teppene som fortsatt har sine originale plantefarger bevart.<\/p>\n<\/li>\n<li data-start=\"1973\" data-end=\"2095\">\n<p data-start=\"1975\" data-end=\"2095\">Mange eksperter og samlere anser Taznakht for \u00e5 v\u00e6re blant de <strong data-start=\"2035\" data-end=\"2092\">de mest sofistikerte og kunstneriske teppene fra Marokko<\/strong>.<\/p>\n<\/li>\n<\/ul>\n<hr data-start=\"2097\" data-end=\"2100\" \/>\n\n\t\t<\/div>\n\t<\/div>\n<\/div><\/div><\/div><\/div>\n<\/div>","protected":false},"excerpt":{"rendered":"<p data-start=\"158\" data-end=\"370\">Dette vakre vintage-teppet kommer fra <strong data-start=\"197\" data-end=\"240\">Taznakht-regionen i det s\u00f8rlige Marokko<\/strong>, et omr\u00e5de kjent for sine dype fargepaletter, tradisjonelle berbermotiver og tepper vevd av nomadiske kvinner gjennom generasjoner.<\/p>\n<p data-start=\"372\" data-end=\"742\">Teppet er rikt p\u00e5 varme nyanser av <strong data-start=\"406\" data-end=\"437\">oker, rav og dyp terrakotta<\/strong>, som er laget med naturlige farger og flere ti\u00e5r med vakker patinering. I midten er den karakteristiske <strong data-start=\"548\" data-end=\"564\">diamantmotiv<\/strong>, som i berberkulturen symboliserer beskyttelse, femininitet og livets syklus. Den brede kanten med repeterende symboler langs kantene er et typisk trekk ved eldre Taznakht-stykker.<\/p>\n<p data-start=\"744\" data-end=\"936\">Den tette, kortsk\u00e5rne ullen gir teppet en tung, myk tekstur, mens den synlige alderen \u2013 sm\u00e5 ujevnheter, slitasje og fargespill \u2013 tilf\u00f8rer nettopp den autentisiteten som gj\u00f8r vintagetepper s\u00e5 unike.<\/p>\n<p data-start=\"938\" data-end=\"1002\">Et unikt m\u00f8bel som bringer varme og historie inn i ethvert interi\u00f8r.<\/p>\n<h3 data-start=\"1004\" data-end=\"1020\"><strong data-start=\"1008\" data-end=\"1020\">Detaljer<\/strong><\/h3>\n<ul data-start=\"1021\" data-end=\"1195\">\n<li data-start=\"1021\" data-end=\"1069\">\n<p data-start=\"1023\" data-end=\"1069\">Opprinnelse: Taznakht, Atlasfjellene, Marokko<\/p>\n<\/li>\n<li data-start=\"1070\" data-end=\"1099\">\n<p data-start=\"1072\" data-end=\"1099\">Type: Vintage berberteppe<\/p>\n<\/li>\n<li data-start=\"1100\" data-end=\"1123\">\n<p data-start=\"1102\" data-end=\"1123\">Materiale: 100% ull<\/p>\n<\/li>\n<li data-start=\"1124\" data-end=\"1171\">\n<p data-start=\"1126\" data-end=\"1171\">Farger: Oker, rav, terrakotta, brun og svart<\/p>\n<\/li>\n<li data-start=\"1172\" data-end=\"1195\">\n<p data-start=\"1174\" data-end=\"1195\">H\u00e5ndvevd \u2013 unik<\/p>\n<\/li>\n<\/ul>\n<p data-start=\"854\" data-end=\"1144\"><strong data-start=\"2119\" data-end=\"2146\">Vintage Taznakht-tepper<\/strong> fra S\u00f8r-Marokko kjennetegnes av sine intense naturlige farger, komplekse veveteknikker og symbolske m\u00f8nstre. De er mye sjeldnere enn mange andre marokkanske tepper og derfor spesielt ettertraktet av samlere og interi\u00f8rentusiaster som leter etter noe unikt og autentisk.<\/p>\n<p data-start=\"691\" data-end=\"879\"><em data-start=\"691\" data-end=\"697\">AMAYNU<\/em> er et unikt og unikt m\u00f8bel som skaper ro og varme i ethvert rom. Perfekt for stuen, soverommet eller et koselig hj\u00f8rne der du \u00f8nsker et autentisk, nedtonet vintage-utseende.<\/p>\n<p data-start=\"691\" data-end=\"879\">Teppet m\u00e5ler 150 \u00d7 230 cm.<\/p>","protected":false},"featured_media":42216,"template":"","meta":{"inline_featured_image":false},"product_brand":[],"product_cat":[143,59],"product_tag":[],"class_list":{"0":"post-42208","1":"product","2":"type-product","3":"status-publish","4":"has-post-thumbnail","6":"product_cat-berbertaepper","7":"product_cat-marokkanske-taepper","9":"first","10":"instock","11":"taxable","12":"shipping-taxable","13":"purchasable","14":"product-type-simple"},"exclude_global_add_ons":[],"addons":[],"yoast_head":"<!-- This site is optimized with the Yoast SEO plugin v27.6 - https:\/\/yoast.com\/product\/yoast-seo-wordpress\/ -->\n<title>Berbert\u00e6ppe | Marokkansk t\u00e6ppe | Kig her lige nu!<\/title>\n<meta name=\"description\" content=\"\u00c6gte Vintage Berbert\u00e6ppe i slidte gule nuancer. Regul\u00e6r st\u00f8rrelse som passer fint til et sofahj\u00f8rne. Helt unikt og kun hos Tibladin.\" \/>\n<meta name=\"robots\" content=\"index, follow, max-snippet:-1, max-image-preview:large, max-video-preview:-1\" \/>\n<link rel=\"canonical\" href=\"https:\/\/tibladin.dk\/nb\/produkt\/berberteppe-vintage-150x230-cm-amaynu\/\" \/>\n<meta property=\"og:locale\" content=\"nb_NO\" \/>\n<meta property=\"og:type\" content=\"article\" \/>\n<meta property=\"og:title\" content=\"Berbert\u00e6ppe | Marokkansk t\u00e6ppe | Kig her lige nu!\" \/>\n<meta property=\"og:description\" content=\"\u00c6gte Vintage Berbert\u00e6ppe i slidte gule nuancer. Regul\u00e6r st\u00f8rrelse som passer fint til et sofahj\u00f8rne. Helt unikt og kun hos Tibladin.\" \/>\n<meta property=\"og:url\" content=\"https:\/\/tibladin.dk\/nb\/produkt\/berberteppe-vintage-150x230-cm-amaynu\/\" \/>\n<meta property=\"og:site_name\" content=\"Tibladin\" \/>\n<meta property=\"article:modified_time\" content=\"2025-12-03T15:39:19+00:00\" \/>\n<meta property=\"og:image\" content=\"https:\/\/tibladin.dk\/wp-content\/uploads\/2025\/12\/Amaynu-taepper_1.jpg\" \/>\n\t<meta property=\"og:image:width\" content=\"800\" \/>\n\t<meta property=\"og:image:height\" content=\"800\" \/>\n\t<meta property=\"og:image:type\" content=\"image\/jpeg\" \/>\n<meta name=\"twitter:card\" content=\"summary_large_image\" \/>\n<meta name=\"twitter:label1\" content=\"Ansl. lesetid\" \/>\n\t<meta name=\"twitter:data1\" content=\"3 minutter\" \/>\n<script type=\"application\/ld+json\" class=\"yoast-schema-graph\">{\"@context\":\"https:\\\/\\\/schema.org\",\"@graph\":[{\"@type\":\"WebPage\",\"@id\":\"https:\\\/\\\/tibladin.dk\\\/produkt\\\/berbertaeppe-vintage-150x230-cm-amaynu\\\/\",\"url\":\"https:\\\/\\\/tibladin.dk\\\/produkt\\\/berbertaeppe-vintage-150x230-cm-amaynu\\\/\",\"name\":\"Berbert\u00e6ppe | Marokkansk t\u00e6ppe | Kig her lige nu!\",\"isPartOf\":{\"@id\":\"https:\\\/\\\/tibladin.dk\\\/#website\"},\"primaryImageOfPage\":{\"@id\":\"https:\\\/\\\/tibladin.dk\\\/produkt\\\/berbertaeppe-vintage-150x230-cm-amaynu\\\/#primaryimage\"},\"image\":{\"@id\":\"https:\\\/\\\/tibladin.dk\\\/produkt\\\/berbertaeppe-vintage-150x230-cm-amaynu\\\/#primaryimage\"},\"thumbnailUrl\":\"https:\\\/\\\/tibladin.dk\\\/wp-content\\\/uploads\\\/2025\\\/12\\\/Amaynu-taepper_1.jpg\",\"datePublished\":\"2025-12-03T14:27:52+00:00\",\"dateModified\":\"2025-12-03T15:39:19+00:00\",\"description\":\"\u00c6gte Vintage Berbert\u00e6ppe i slidte gule nuancer. Regul\u00e6r st\u00f8rrelse som passer fint til et sofahj\u00f8rne. Helt unikt og kun hos Tibladin.\",\"breadcrumb\":{\"@id\":\"https:\\\/\\\/tibladin.dk\\\/produkt\\\/berbertaeppe-vintage-150x230-cm-amaynu\\\/#breadcrumb\"},\"inLanguage\":\"nb-NO\",\"potentialAction\":[{\"@type\":\"ReadAction\",\"target\":[\"https:\\\/\\\/tibladin.dk\\\/produkt\\\/berbertaeppe-vintage-150x230-cm-amaynu\\\/\"]}]},{\"@type\":\"ImageObject\",\"inLanguage\":\"nb-NO\",\"@id\":\"https:\\\/\\\/tibladin.dk\\\/produkt\\\/berbertaeppe-vintage-150x230-cm-amaynu\\\/#primaryimage\",\"url\":\"https:\\\/\\\/tibladin.dk\\\/wp-content\\\/uploads\\\/2025\\\/12\\\/Amaynu-taepper_1.jpg\",\"contentUrl\":\"https:\\\/\\\/tibladin.dk\\\/wp-content\\\/uploads\\\/2025\\\/12\\\/Amaynu-taepper_1.jpg\",\"width\":800,\"height\":800,\"caption\":\"Amaynu t\u00e6pper vintage\"},{\"@type\":\"BreadcrumbList\",\"@id\":\"https:\\\/\\\/tibladin.dk\\\/produkt\\\/berbertaeppe-vintage-150x230-cm-amaynu\\\/#breadcrumb\",\"itemListElement\":[{\"@type\":\"ListItem\",\"position\":1,\"name\":\"Hjem\",\"item\":\"https:\\\/\\\/tibladin.dk\\\/\"},{\"@type\":\"ListItem\",\"position\":2,\"name\":\"Shop\",\"item\":\"https:\\\/\\\/tibladin.dk\\\/shop\\\/\"},{\"@type\":\"ListItem\",\"position\":3,\"name\":\"Berbert\u00e6ppe vintage 150&#215;230 cm. &#8211; AMAYNU\"}]},{\"@type\":\"WebSite\",\"@id\":\"https:\\\/\\\/tibladin.dk\\\/#website\",\"url\":\"https:\\\/\\\/tibladin.dk\\\/\",\"name\":\"Tibladin\",\"description\":\"Tibladin\",\"publisher\":{\"@id\":\"https:\\\/\\\/tibladin.dk\\\/#organization\"},\"potentialAction\":[{\"@type\":\"SearchAction\",\"target\":{\"@type\":\"EntryPoint\",\"urlTemplate\":\"https:\\\/\\\/tibladin.dk\\\/?s={search_term_string}\"},\"query-input\":{\"@type\":\"PropertyValueSpecification\",\"valueRequired\":true,\"valueName\":\"search_term_string\"}}],\"inLanguage\":\"nb-NO\"},{\"@type\":\"Organization\",\"@id\":\"https:\\\/\\\/tibladin.dk\\\/#organization\",\"name\":\"Tibladin\",\"url\":\"https:\\\/\\\/tibladin.dk\\\/\",\"logo\":{\"@type\":\"ImageObject\",\"inLanguage\":\"nb-NO\",\"@id\":\"https:\\\/\\\/tibladin.dk\\\/#\\\/schema\\\/logo\\\/image\\\/\",\"url\":\"https:\\\/\\\/tibladin.dk\\\/wp-content\\\/uploads\\\/2022\\\/09\\\/tibladin_logo.svg\",\"contentUrl\":\"https:\\\/\\\/tibladin.dk\\\/wp-content\\\/uploads\\\/2022\\\/09\\\/tibladin_logo.svg\",\"caption\":\"Tibladin\"},\"image\":{\"@id\":\"https:\\\/\\\/tibladin.dk\\\/#\\\/schema\\\/logo\\\/image\\\/\"}}]}<\/script>\n<!-- \/ Yoast SEO plugin. -->","yoast_head_json":{"title":"Berberteppe | Marokkansk teppe | Se her n\u00e5!","description":"Ekte vintage berberteppe i slitte gule nyanser. Vanlig st\u00f8rrelse som passer fint i et sofahj\u00f8rne. Helt unikt og kun hos Tibladin.","robots":{"index":"index","follow":"follow","max-snippet":"max-snippet:-1","max-image-preview":"max-image-preview:large","max-video-preview":"max-video-preview:-1"},"canonical":"https:\/\/tibladin.dk\/nb\/produkt\/berberteppe-vintage-150x230-cm-amaynu\/","og_locale":"nb_NO","og_type":"article","og_title":"Berbert\u00e6ppe | Marokkansk t\u00e6ppe | Kig her lige nu!","og_description":"\u00c6gte Vintage Berbert\u00e6ppe i slidte gule nuancer. Regul\u00e6r st\u00f8rrelse som passer fint til et sofahj\u00f8rne. Helt unikt og kun hos Tibladin.","og_url":"https:\/\/tibladin.dk\/nb\/produkt\/berberteppe-vintage-150x230-cm-amaynu\/","og_site_name":"Tibladin","article_modified_time":"2025-12-03T15:39:19+00:00","og_image":[{"width":800,"height":800,"url":"https:\/\/tibladin.dk\/wp-content\/uploads\/2025\/12\/Amaynu-taepper_1.jpg","type":"image\/jpeg"}],"twitter_card":"summary_large_image","twitter_misc":{"Ansl. lesetid":"3 minutter"},"schema":{"@context":"https:\/\/schema.org","@graph":[{"@type":"WebPage","@id":"https:\/\/tibladin.dk\/produkt\/berbertaeppe-vintage-150x230-cm-amaynu\/","url":"https:\/\/tibladin.dk\/produkt\/berbertaeppe-vintage-150x230-cm-amaynu\/","name":"Berberteppe | Marokkansk teppe | Se her n\u00e5!","isPartOf":{"@id":"https:\/\/tibladin.dk\/#website"},"primaryImageOfPage":{"@id":"https:\/\/tibladin.dk\/produkt\/berbertaeppe-vintage-150x230-cm-amaynu\/#primaryimage"},"image":{"@id":"https:\/\/tibladin.dk\/produkt\/berbertaeppe-vintage-150x230-cm-amaynu\/#primaryimage"},"thumbnailUrl":"https:\/\/tibladin.dk\/wp-content\/uploads\/2025\/12\/Amaynu-taepper_1.jpg","datePublished":"2025-12-03T14:27:52+00:00","dateModified":"2025-12-03T15:39:19+00:00","description":"Ekte vintage berberteppe i slitte gule nyanser. Vanlig st\u00f8rrelse som passer fint i et sofahj\u00f8rne. Helt unikt og kun hos Tibladin.","breadcrumb":{"@id":"https:\/\/tibladin.dk\/produkt\/berbertaeppe-vintage-150x230-cm-amaynu\/#breadcrumb"},"inLanguage":"nb-NO","potentialAction":[{"@type":"ReadAction","target":["https:\/\/tibladin.dk\/produkt\/berbertaeppe-vintage-150x230-cm-amaynu\/"]}]},{"@type":"ImageObject","inLanguage":"nb-NO","@id":"https:\/\/tibladin.dk\/produkt\/berbertaeppe-vintage-150x230-cm-amaynu\/#primaryimage","url":"https:\/\/tibladin.dk\/wp-content\/uploads\/2025\/12\/Amaynu-taepper_1.jpg","contentUrl":"https:\/\/tibladin.dk\/wp-content\/uploads\/2025\/12\/Amaynu-taepper_1.jpg","width":800,"height":800,"caption":"Amaynu t\u00e6pper vintage"},{"@type":"BreadcrumbList","@id":"https:\/\/tibladin.dk\/produkt\/berbertaeppe-vintage-150x230-cm-amaynu\/#breadcrumb","itemListElement":[{"@type":"ListItem","position":1,"name":"Hjem","item":"https:\/\/tibladin.dk\/"},{"@type":"ListItem","position":2,"name":"Shop","item":"https:\/\/tibladin.dk\/shop\/"},{"@type":"ListItem","position":3,"name":"Berbert\u00e6ppe vintage 150&#215;230 cm. &#8211; AMAYNU"}]},{"@type":"WebSite","@id":"https:\/\/tibladin.dk\/#website","url":"https:\/\/tibladin.dk\/","name":"Tibladin","description":"Tibladin","publisher":{"@id":"https:\/\/tibladin.dk\/#organization"},"potentialAction":[{"@type":"SearchAction","target":{"@type":"EntryPoint","urlTemplate":"https:\/\/tibladin.dk\/?s={search_term_string}"},"query-input":{"@type":"PropertyValueSpecification","valueRequired":true,"valueName":"search_term_string"}}],"inLanguage":"nb-NO"},{"@type":"Organization","@id":"https:\/\/tibladin.dk\/#organization","name":"Tibladin","url":"https:\/\/tibladin.dk\/","logo":{"@type":"ImageObject","inLanguage":"nb-NO","@id":"https:\/\/tibladin.dk\/#\/schema\/logo\/image\/","url":"https:\/\/tibladin.dk\/wp-content\/uploads\/2022\/09\/tibladin_logo.svg","contentUrl":"https:\/\/tibladin.dk\/wp-content\/uploads\/2022\/09\/tibladin_logo.svg","caption":"Tibladin"},"image":{"@id":"https:\/\/tibladin.dk\/#\/schema\/logo\/image\/"}}]}},"_links":{"self":[{"href":"https:\/\/tibladin.dk\/nb\/wp-json\/wp\/v2\/product\/42208","targetHints":{"allow":["GET"]}}],"collection":[{"href":"https:\/\/tibladin.dk\/nb\/wp-json\/wp\/v2\/product"}],"about":[{"href":"https:\/\/tibladin.dk\/nb\/wp-json\/wp\/v2\/types\/product"}],"wp:featuredmedia":[{"embeddable":true,"href":"https:\/\/tibladin.dk\/nb\/wp-json\/wp\/v2\/media\/42216"}],"wp:attachment":[{"href":"https:\/\/tibladin.dk\/nb\/wp-json\/wp\/v2\/media?parent=42208"}],"wp:term":[{"taxonomy":"product_brand","embeddable":true,"href":"https:\/\/tibladin.dk\/nb\/wp-json\/wp\/v2\/product_brand?post=42208"},{"taxonomy":"product_cat","embeddable":true,"href":"https:\/\/tibladin.dk\/nb\/wp-json\/wp\/v2\/product_cat?post=42208"},{"taxonomy":"product_tag","embeddable":true,"href":"https:\/\/tibladin.dk\/nb\/wp-json\/wp\/v2\/product_tag?post=42208"}],"curies":[{"name":"wp","href":"https:\/\/api.w.org\/{rel}","templated":true}]}}