{"id":43286,"date":"2026-02-16T17:45:25","date_gmt":"2026-02-16T16:45:25","guid":{"rendered":"https:\/\/tibladin.dk\/?post_type=product&#038;p=43286"},"modified":"2026-02-19T13:01:52","modified_gmt":"2026-02-19T12:01:52","slug":"sengeteppe-halima-230x240-cm-inkl-2-puter-med-fyll","status":"publish","type":"product","link":"https:\/\/tibladin.dk\/nb\/produkt\/sengetaeppe-halima-230x240-cm-inkl-2-puder-m-fyld\/","title":{"rendered":"Sengeteppe HALIMA 230\u00d7240 cm. inkl. 2 puter med fyll"},"content":{"rendered":"<div class=\"wpb-content-wrapper\"><div class=\"vc_row wpb_row vc_row-fluid\"><div class=\"wpb_column vc_column_container vc_col-sm-4\"><div class=\"vc_column-inner\"><div class=\"wpb_wrapper\"><h3 style=\"text-align: left\" class=\"vc_custom_heading vc_do_custom_heading\" >Vedlikehold<\/h3>\n\t<div class=\"wpb_text_column wpb_content_element\" >\n\t\t<div class=\"wpb_wrapper\">\n\t\t\t<p>Kan vaskes p\u00e5 40 grader i maskin. Siden teppet er h\u00e5ndvevd, anbefales det \u00e5 vaske det sk\u00e5nsomt p\u00e5 30 grader, da det kan endre struktur ved h\u00f8yere temperaturer.<\/p>\n\n\t\t<\/div>\n\t<\/div>\n<\/div><\/div><\/div><div class=\"wpb_column vc_column_container vc_col-sm-4\"><div class=\"vc_column-inner\"><div class=\"wpb_wrapper\"><h3 style=\"text-align: left\" class=\"vc_custom_heading vc_do_custom_heading\" >Historien bak<\/h3>\n\t<div class=\"wpb_text_column wpb_content_element\" >\n\t\t<div class=\"wpb_wrapper\">\n\t\t\t<p>Et sengeteppe er en flott dekorasjon p\u00e5 soverommet. Det er ogs\u00e5 flott til \u00e5 dekke en seng, enten den er rotete eller ikke, s\u00e5 et sengeteppe gir et fint og ryddig utseende til soverommet ditt.<\/p>\n<p>Dette marokkanske sengeteppet er en del av en serie med to andre sengetepper, <a href=\"https:\/\/tibladin.dk\/nb\/produkt\/sengeteppe-asfar-240x260-inkl-2-puter\/\">ASFAR<\/a> og <a href=\"https:\/\/tibladin.dk\/nb\/produkt\/sengeteppe-aswad-240x260-inkl-2-puter\/\">ASWAD<\/a>. De er laget i fineste kvalitet, designet i samarbeid med v\u00e5r designer med eget verksted i Marrakech. Vi er sv\u00e6rt opptatt av \u00e5 designe marokkanske sengetepper som passer inn i et moderne, skandinavisk interi\u00f8r.<\/p>\n\n\t\t<\/div>\n\t<\/div>\n<\/div><\/div><\/div><\/div>\n<\/div>","protected":false},"excerpt":{"rendered":"<p>Skap en varm og harmonisk atmosf\u00e6re p\u00e5 soverommet med v\u00e5rt vakre sengeteppe. <em data-start=\"133\" data-end=\"141\">Halima<\/em>. Navnet betyr <em data-start=\"158\" data-end=\"176\">mild og t\u00e5lmodig<\/em> p\u00e5 arabisk \u2013 en fin referanse til det rolige uttrykket og det tidkrevende h\u00e5ndverket bak teppet.<\/p>\n<p data-start=\"271\" data-end=\"663\">Sengeteppet er h\u00e5ndvevd i Marrakech i 100% bomull \u2013 en myk og deilig kvalitet. Med sitt elegante, stripete design i sand og naturhvitt utstr\u00e5ler dette sengeteppet ro og hjemmekoselig hygge. De fine, horisontale stripene skaper et rolig og eksklusivt uttrykk som passer perfekt inn i b\u00e5de nordisk og mer bohemsk-inspirert interi\u00f8r. I hvert hj\u00f8rne er teppet avsluttet med dekorative, h\u00e5ndlagde pomponger i matchende sand, som gir et mykt og personlig preg.<\/p>\n<p data-start=\"665\" data-end=\"892\">Med m\u00e5lene 230\u00d7240 faller sengeteppet vakkert ned langs sidene og passer perfekt p\u00e5 en dobbeltseng. Den sterke kvaliteten og vekten p\u00e5 4 <strong>kg<\/strong> gir teppet en vakker tyngde, slik at det ligger elegant og glatt over sengen.<\/p>\n<p data-start=\"894\" data-end=\"1025\">Halima er ikke bare dekorativ \u2013 det er et stykke autentisk marokkansk h\u00e5ndverk, hvor hver detalj vitner om tradisjon og kvalitet.<\/p>\n<p data-start=\"1027\" data-end=\"1187\">De matchende putene med sandfargede striper og pompongdetaljer fullf\u00f8rer utseendet og skaper et komplett helhetsinntrykk p\u00e5 soverommet. Putene leveres med fyll, s\u00e5 alt er klart til montering p\u00e5 soverommet. <b>\u00a0<\/b><\/p>\n<p data-start=\"1189\" data-end=\"1285\" data-is-last-node=\"\" data-is-only-node=\"\">Et eksklusivt og tidl\u00f8st sengeteppe som gir soverommet ditt karakter og et snev av marokkansk varme.<\/p>\n<p>Ved \u00e5 legge til dette tidl\u00f8se sengeteppet kan du enkelt forvandle interi\u00f8ret ditt og gi rommet et mer komplett og harmonisk uttrykk. Et enkelt lag med tekstil over sengen skaper umiddelbart ro, varme og balanse i rommet \u2013 og fungerer som et samlende element mellom vegger, gulv og andre m\u00f8bler. Det er en enkel m\u00e5te \u00e5 oppgradere soverommet p\u00e5 \u2013 uten \u00e5 m\u00e5tte bytte ut m\u00f8bler eller male veggene. Med andre ord er et sengeteppe en liten investering som utgj\u00f8r en stor visuell forskjell.<\/p>","protected":false},"featured_media":43337,"template":"","meta":{"inline_featured_image":false},"product_brand":[],"product_cat":[38,37],"product_tag":[],"class_list":{"0":"post-43286","1":"product","2":"type-product","3":"status-publish","4":"has-post-thumbnail","6":"product_cat-sengetaepper","7":"product_cat-tekstiler","9":"first","10":"instock","11":"taxable","12":"shipping-taxable","13":"purchasable","14":"product-type-simple"},"exclude_global_add_ons":false,"addons":[{"name":"\u00d8nsker du gaveinnpakning?","type":"checkbox","position":0,"required":false,"title_format":"label","default":"","description_enable":false,"description":"","placeholder_enable":false,"placeholder":"","display":"images","restrictions_type":"any_text","adjust_price":false,"price":"","price_type":"flat_fee","restrictions":false,"min":"0","max":"0","options":[{"label":"Ja tak","price":"10","price_type":"flat_fee","image":11015,"visibility":true}],"id":1669646111}],"yoast_head":"<!-- This site is optimized with the Yoast SEO plugin v27.4 - https:\/\/yoast.com\/product\/yoast-seo-wordpress\/ -->\n<title>Marokkansk senget\u00e6ppe HALIMA | + 2 puder m. fyld | H\u00e5ndv\u00e6vet<\/title>\n<meta name=\"description\" content=\"Dekorativt marokkansk senget\u00e6ppe. H\u00e5ndv\u00e6vet i sandfarvet bomuld med sorte striber og hvide pomponer. Inkl 2 matchende pudebetr\u00e6k \u21d2 Se mere her\" \/>\n<meta name=\"robots\" content=\"index, follow, max-snippet:-1, max-image-preview:large, max-video-preview:-1\" \/>\n<link rel=\"canonical\" href=\"https:\/\/tibladin.dk\/nb\/produkt\/sengeteppe-halima-230x240-cm-inkl-2-puter-med-fyll\/\" \/>\n<meta property=\"og:locale\" content=\"nb_NO\" \/>\n<meta property=\"og:type\" content=\"article\" \/>\n<meta property=\"og:title\" content=\"Marokkansk senget\u00e6ppe HALIMA | + 2 puder m. fyld | H\u00e5ndv\u00e6vet\" \/>\n<meta property=\"og:description\" content=\"Dekorativt marokkansk senget\u00e6ppe. H\u00e5ndv\u00e6vet i sandfarvet bomuld med sorte striber og hvide pomponer. Inkl 2 matchende pudebetr\u00e6k \u21d2 Se mere her\" \/>\n<meta property=\"og:url\" content=\"https:\/\/tibladin.dk\/nb\/produkt\/sengeteppe-halima-230x240-cm-inkl-2-puter-med-fyll\/\" \/>\n<meta property=\"og:site_name\" content=\"Tibladin\" \/>\n<meta property=\"article:modified_time\" content=\"2026-02-19T12:01:52+00:00\" \/>\n<meta property=\"og:image\" content=\"https:\/\/tibladin.dk\/wp-content\/uploads\/2026\/02\/Halima_7.jpg\" \/>\n\t<meta property=\"og:image:width\" content=\"800\" \/>\n\t<meta property=\"og:image:height\" content=\"800\" \/>\n\t<meta property=\"og:image:type\" content=\"image\/jpeg\" \/>\n<meta name=\"twitter:card\" content=\"summary_large_image\" \/>\n<meta name=\"twitter:label1\" content=\"Ansl. lesetid\" \/>\n\t<meta name=\"twitter:data1\" content=\"2 minutter\" \/>\n<script type=\"application\/ld+json\" class=\"yoast-schema-graph\">{\"@context\":\"https:\\\/\\\/schema.org\",\"@graph\":[{\"@type\":\"WebPage\",\"@id\":\"https:\\\/\\\/tibladin.dk\\\/produkt\\\/sengetaeppe-halima-230x240-cm-inkl-2-puder-m-fyld\\\/\",\"url\":\"https:\\\/\\\/tibladin.dk\\\/produkt\\\/sengetaeppe-halima-230x240-cm-inkl-2-puder-m-fyld\\\/\",\"name\":\"Marokkansk senget\u00e6ppe HALIMA | + 2 puder m. fyld | H\u00e5ndv\u00e6vet\",\"isPartOf\":{\"@id\":\"https:\\\/\\\/tibladin.dk\\\/#website\"},\"primaryImageOfPage\":{\"@id\":\"https:\\\/\\\/tibladin.dk\\\/produkt\\\/sengetaeppe-halima-230x240-cm-inkl-2-puder-m-fyld\\\/#primaryimage\"},\"image\":{\"@id\":\"https:\\\/\\\/tibladin.dk\\\/produkt\\\/sengetaeppe-halima-230x240-cm-inkl-2-puder-m-fyld\\\/#primaryimage\"},\"thumbnailUrl\":\"https:\\\/\\\/tibladin.dk\\\/wp-content\\\/uploads\\\/2026\\\/02\\\/Halima_7.jpg\",\"datePublished\":\"2026-02-16T16:45:25+00:00\",\"dateModified\":\"2026-02-19T12:01:52+00:00\",\"description\":\"Dekorativt marokkansk senget\u00e6ppe. H\u00e5ndv\u00e6vet i sandfarvet bomuld med sorte striber og hvide pomponer. Inkl 2 matchende pudebetr\u00e6k \u21d2 Se mere her\",\"breadcrumb\":{\"@id\":\"https:\\\/\\\/tibladin.dk\\\/produkt\\\/sengetaeppe-halima-230x240-cm-inkl-2-puder-m-fyld\\\/#breadcrumb\"},\"inLanguage\":\"nb-NO\",\"potentialAction\":[{\"@type\":\"ReadAction\",\"target\":[\"https:\\\/\\\/tibladin.dk\\\/produkt\\\/sengetaeppe-halima-230x240-cm-inkl-2-puder-m-fyld\\\/\"]}]},{\"@type\":\"ImageObject\",\"inLanguage\":\"nb-NO\",\"@id\":\"https:\\\/\\\/tibladin.dk\\\/produkt\\\/sengetaeppe-halima-230x240-cm-inkl-2-puder-m-fyld\\\/#primaryimage\",\"url\":\"https:\\\/\\\/tibladin.dk\\\/wp-content\\\/uploads\\\/2026\\\/02\\\/Halima_7.jpg\",\"contentUrl\":\"https:\\\/\\\/tibladin.dk\\\/wp-content\\\/uploads\\\/2026\\\/02\\\/Halima_7.jpg\",\"width\":800,\"height\":800,\"caption\":\"Halima senget\u00e6ppe med brune striber i 100% bomuld\"},{\"@type\":\"BreadcrumbList\",\"@id\":\"https:\\\/\\\/tibladin.dk\\\/produkt\\\/sengetaeppe-halima-230x240-cm-inkl-2-puder-m-fyld\\\/#breadcrumb\",\"itemListElement\":[{\"@type\":\"ListItem\",\"position\":1,\"name\":\"Hjem\",\"item\":\"https:\\\/\\\/tibladin.dk\\\/\"},{\"@type\":\"ListItem\",\"position\":2,\"name\":\"Shop\",\"item\":\"https:\\\/\\\/tibladin.dk\\\/shop\\\/\"},{\"@type\":\"ListItem\",\"position\":3,\"name\":\"Senget\u00e6ppe HALIMA 230&#215;240 cm. inkl 2 puder m. fyld\"}]},{\"@type\":\"WebSite\",\"@id\":\"https:\\\/\\\/tibladin.dk\\\/#website\",\"url\":\"https:\\\/\\\/tibladin.dk\\\/\",\"name\":\"Tibladin\",\"description\":\"Tibladin\",\"publisher\":{\"@id\":\"https:\\\/\\\/tibladin.dk\\\/#organization\"},\"potentialAction\":[{\"@type\":\"SearchAction\",\"target\":{\"@type\":\"EntryPoint\",\"urlTemplate\":\"https:\\\/\\\/tibladin.dk\\\/?s={search_term_string}\"},\"query-input\":{\"@type\":\"PropertyValueSpecification\",\"valueRequired\":true,\"valueName\":\"search_term_string\"}}],\"inLanguage\":\"nb-NO\"},{\"@type\":\"Organization\",\"@id\":\"https:\\\/\\\/tibladin.dk\\\/#organization\",\"name\":\"Tibladin\",\"url\":\"https:\\\/\\\/tibladin.dk\\\/\",\"logo\":{\"@type\":\"ImageObject\",\"inLanguage\":\"nb-NO\",\"@id\":\"https:\\\/\\\/tibladin.dk\\\/#\\\/schema\\\/logo\\\/image\\\/\",\"url\":\"https:\\\/\\\/tibladin.dk\\\/wp-content\\\/uploads\\\/2022\\\/09\\\/tibladin_logo.svg\",\"contentUrl\":\"https:\\\/\\\/tibladin.dk\\\/wp-content\\\/uploads\\\/2022\\\/09\\\/tibladin_logo.svg\",\"caption\":\"Tibladin\"},\"image\":{\"@id\":\"https:\\\/\\\/tibladin.dk\\\/#\\\/schema\\\/logo\\\/image\\\/\"}}]}<\/script>\n<!-- \/ Yoast SEO plugin. -->","yoast_head_json":{"title":"Marokkansk sengeteppe HALIMA | + 2 puter med fyll | H\u00e5ndvevd","description":"Dekorativt marokkansk sengeteppe. H\u00e5ndvevd i sandfarget bomull med svarte striper og hvite pomponger. Inkluderer 2 matchende putetrekk \u21d2 Se mer her","robots":{"index":"index","follow":"follow","max-snippet":"max-snippet:-1","max-image-preview":"max-image-preview:large","max-video-preview":"max-video-preview:-1"},"canonical":"https:\/\/tibladin.dk\/nb\/produkt\/sengeteppe-halima-230x240-cm-inkl-2-puter-med-fyll\/","og_locale":"nb_NO","og_type":"article","og_title":"Marokkansk senget\u00e6ppe HALIMA | + 2 puder m. fyld | H\u00e5ndv\u00e6vet","og_description":"Dekorativt marokkansk senget\u00e6ppe. H\u00e5ndv\u00e6vet i sandfarvet bomuld med sorte striber og hvide pomponer. Inkl 2 matchende pudebetr\u00e6k \u21d2 Se mere her","og_url":"https:\/\/tibladin.dk\/nb\/produkt\/sengeteppe-halima-230x240-cm-inkl-2-puter-med-fyll\/","og_site_name":"Tibladin","article_modified_time":"2026-02-19T12:01:52+00:00","og_image":[{"width":800,"height":800,"url":"https:\/\/tibladin.dk\/wp-content\/uploads\/2026\/02\/Halima_7.jpg","type":"image\/jpeg"}],"twitter_card":"summary_large_image","twitter_misc":{"Ansl. lesetid":"2 minutter"},"schema":{"@context":"https:\/\/schema.org","@graph":[{"@type":"WebPage","@id":"https:\/\/tibladin.dk\/produkt\/sengetaeppe-halima-230x240-cm-inkl-2-puder-m-fyld\/","url":"https:\/\/tibladin.dk\/produkt\/sengetaeppe-halima-230x240-cm-inkl-2-puder-m-fyld\/","name":"Marokkansk sengeteppe HALIMA | + 2 puter med fyll | H\u00e5ndvevd","isPartOf":{"@id":"https:\/\/tibladin.dk\/#website"},"primaryImageOfPage":{"@id":"https:\/\/tibladin.dk\/produkt\/sengetaeppe-halima-230x240-cm-inkl-2-puder-m-fyld\/#primaryimage"},"image":{"@id":"https:\/\/tibladin.dk\/produkt\/sengetaeppe-halima-230x240-cm-inkl-2-puder-m-fyld\/#primaryimage"},"thumbnailUrl":"https:\/\/tibladin.dk\/wp-content\/uploads\/2026\/02\/Halima_7.jpg","datePublished":"2026-02-16T16:45:25+00:00","dateModified":"2026-02-19T12:01:52+00:00","description":"Dekorativt marokkansk sengeteppe. H\u00e5ndvevd i sandfarget bomull med svarte striper og hvite pomponger. Inkluderer 2 matchende putetrekk \u21d2 Se mer her","breadcrumb":{"@id":"https:\/\/tibladin.dk\/produkt\/sengetaeppe-halima-230x240-cm-inkl-2-puder-m-fyld\/#breadcrumb"},"inLanguage":"nb-NO","potentialAction":[{"@type":"ReadAction","target":["https:\/\/tibladin.dk\/produkt\/sengetaeppe-halima-230x240-cm-inkl-2-puder-m-fyld\/"]}]},{"@type":"ImageObject","inLanguage":"nb-NO","@id":"https:\/\/tibladin.dk\/produkt\/sengetaeppe-halima-230x240-cm-inkl-2-puder-m-fyld\/#primaryimage","url":"https:\/\/tibladin.dk\/wp-content\/uploads\/2026\/02\/Halima_7.jpg","contentUrl":"https:\/\/tibladin.dk\/wp-content\/uploads\/2026\/02\/Halima_7.jpg","width":800,"height":800,"caption":"Halima senget\u00e6ppe med brune striber i 100% bomuld"},{"@type":"BreadcrumbList","@id":"https:\/\/tibladin.dk\/produkt\/sengetaeppe-halima-230x240-cm-inkl-2-puder-m-fyld\/#breadcrumb","itemListElement":[{"@type":"ListItem","position":1,"name":"Hjem","item":"https:\/\/tibladin.dk\/"},{"@type":"ListItem","position":2,"name":"Shop","item":"https:\/\/tibladin.dk\/shop\/"},{"@type":"ListItem","position":3,"name":"Senget\u00e6ppe HALIMA 230&#215;240 cm. inkl 2 puder m. fyld"}]},{"@type":"WebSite","@id":"https:\/\/tibladin.dk\/#website","url":"https:\/\/tibladin.dk\/","name":"Tibladin","description":"Tibladin","publisher":{"@id":"https:\/\/tibladin.dk\/#organization"},"potentialAction":[{"@type":"SearchAction","target":{"@type":"EntryPoint","urlTemplate":"https:\/\/tibladin.dk\/?s={search_term_string}"},"query-input":{"@type":"PropertyValueSpecification","valueRequired":true,"valueName":"search_term_string"}}],"inLanguage":"nb-NO"},{"@type":"Organization","@id":"https:\/\/tibladin.dk\/#organization","name":"Tibladin","url":"https:\/\/tibladin.dk\/","logo":{"@type":"ImageObject","inLanguage":"nb-NO","@id":"https:\/\/tibladin.dk\/#\/schema\/logo\/image\/","url":"https:\/\/tibladin.dk\/wp-content\/uploads\/2022\/09\/tibladin_logo.svg","contentUrl":"https:\/\/tibladin.dk\/wp-content\/uploads\/2022\/09\/tibladin_logo.svg","caption":"Tibladin"},"image":{"@id":"https:\/\/tibladin.dk\/#\/schema\/logo\/image\/"}}]}},"_links":{"self":[{"href":"https:\/\/tibladin.dk\/nb\/wp-json\/wp\/v2\/product\/43286","targetHints":{"allow":["GET"]}}],"collection":[{"href":"https:\/\/tibladin.dk\/nb\/wp-json\/wp\/v2\/product"}],"about":[{"href":"https:\/\/tibladin.dk\/nb\/wp-json\/wp\/v2\/types\/product"}],"wp:featuredmedia":[{"embeddable":true,"href":"https:\/\/tibladin.dk\/nb\/wp-json\/wp\/v2\/media\/43337"}],"wp:attachment":[{"href":"https:\/\/tibladin.dk\/nb\/wp-json\/wp\/v2\/media?parent=43286"}],"wp:term":[{"taxonomy":"product_brand","embeddable":true,"href":"https:\/\/tibladin.dk\/nb\/wp-json\/wp\/v2\/product_brand?post=43286"},{"taxonomy":"product_cat","embeddable":true,"href":"https:\/\/tibladin.dk\/nb\/wp-json\/wp\/v2\/product_cat?post=43286"},{"taxonomy":"product_tag","embeddable":true,"href":"https:\/\/tibladin.dk\/nb\/wp-json\/wp\/v2\/product_tag?post=43286"}],"curies":[{"name":"wp","href":"https:\/\/api.w.org\/{rel}","templated":true}]}}