{"id":44073,"date":"2026-04-18T14:29:28","date_gmt":"2026-04-18T12:29:28","guid":{"rendered":"https:\/\/tibladin.dk\/?post_type=product&#038;p=44073"},"modified":"2026-04-19T07:57:26","modified_gmt":"2026-04-19T05:57:26","slug":"stor-firkantet-skinnpuff-60x60-cm","status":"publish","type":"product","link":"https:\/\/tibladin.dk\/nb\/produkt\/stor-firkantet-puf-i-laeder-60x60-cm\/","title":{"rendered":"Stor firkantet puff i skinn, 60 \u00d7 60 cm."},"content":{"rendered":"<div class=\"wpb-content-wrapper\"><div class=\"vc_row wpb_row vc_row-fluid\"><div class=\"wpb_column vc_column_container vc_col-sm-4\"><div class=\"vc_column-inner\"><div class=\"wpb_wrapper\">\n\t<div class=\"wpb_video_widget wpb_content_element vc_clearfix   vc_video-aspect-ratio-43 vc_video-el-width-100 vc_video-align-left\" >\n\t\t<div class=\"wpb_wrapper\">\n\t\t\t\n\t\t\t<div class=\"wpb_video_wrapper\"><div class=\"video-container\"><iframe loading=\"lazy\" title=\"Fyll den marokkanske skinnpuffen din\" src=\"https:\/\/player.vimeo.com\/video\/417093994?dnt=1&amp;app_id=122963\" width=\"310\" height=\"310\" frameborder=\"0\" allow=\"autoplay; fullscreen; picture-in-picture\"><\/iframe><\/div><\/div>\n\t\t<\/div>\n\t<\/div>\n<\/div><\/div><\/div><div class=\"wpb_column vc_column_container vc_col-sm-4\"><div class=\"vc_column-inner\"><div class=\"wpb_wrapper\"><h3 style=\"text-align: left\" class=\"vc_custom_heading vc_do_custom_heading\" >Vedlikehold<\/h3>\n\t<div class=\"wpb_text_column wpb_content_element\" >\n\t\t<div class=\"wpb_wrapper\">\n\t\t\t<p>Hos Tibladin kj\u00f8per du skinnpuffer uten fyll, slik at du kan fylle dem med fyll etter din egen smak. .<\/p>\n<p>Du kan enkelt bruke ting du allerede har, som kl\u00e6r du ikke lenger bruker, vinterdyner, puter, tepper eller tett sammenkr\u00f8llet avispapir. Du kan ogs\u00e5 kj\u00f8pe skumgranulat eller bomullsfyll til puffen din. Hvis du bruker denne typen fyll, anbefaler jeg at du syr et innertrekk eller tar et gammelt dynetrekk og legger fyllet i det f\u00f8r du legger det i puffen.<\/p>\n<p>L\u00e6rpuffer er laget av geiteskinn og vil etter hvert utvikle en vakker patina. Hvis du vil at puffen din skal v\u00e6re m\u00f8rkere og mer skinnende, kan du gi den litt l\u00e6rolje. N\u00e5r du begynner \u00e5 bruke den, kan den lukte litt av l\u00e6r. Dette vil raskt forsvinne. Hvis du vil fremskynde prosessen, kan du legge den ut i solen en stund, s\u00e5 vil det forsvinne.<\/p>\n\n\t\t<\/div>\n\t<\/div>\n<\/div><\/div><\/div><div class=\"wpb_column vc_column_container vc_col-sm-4\"><div class=\"vc_column-inner\"><div class=\"wpb_wrapper\"><h3 style=\"text-align: left\" class=\"vc_custom_heading vc_do_custom_heading\" >Historien bak<\/h3>\n\t<div class=\"wpb_text_column wpb_content_element\" >\n\t\t<div class=\"wpb_wrapper\">\n\t\t\t<p>Puffer er enkle \u00e5 legge til i interi\u00f8ret ditt og gir raskt et eksotisk utseende og et mer personlig preg. Min leverand\u00f8r av skinnpuffer har mange \u00e5rs erfaring med \u00e5 lage gode og sv\u00e6rt slitesterke puffer som han eksporterer til flere steder rundt om i verden. Alle puffene mine er i geiteskinn, da det er dette som gir den mykeste og mest fleksible puffen. Alle puffer er h\u00e5ndlaget, og sm\u00e5 ujevnheter kan forekomme.<\/p>\n\n\t\t<\/div>\n\t<\/div>\n<\/div><\/div><\/div><\/div>\n<\/div>","protected":false},"excerpt":{"rendered":"<p data-start=\"0\" data-end=\"265\">Denne marokkanske puffen er h\u00e5ndlaget i vakkert, mykt geiteskinn og gir rommet et varmt og autentisk preg. Skinnets naturlige tekstur og varme, lyse r\u00f8dbrune farge gir puffen karakter, og overflaten vil utvikle en vakker patina over tid, noe som bare gj\u00f8r den enda mer unik.<\/p>\n<p data-start=\"267\" data-end=\"541\">Puffen er h\u00e5ndsydd av dyktige h\u00e5ndverkere, hvor hver eneste s\u00f8m vitner om tradisjonelt h\u00e5ndverk og en f\u00f8lelse av kvalitet. Det enkle, kubiske designet gj\u00f8r den b\u00e5de tidl\u00f8s og allsidig \u2013 perfekt som ekstra sitteplass for to personer eller som et dekorativt element i interi\u00f8ret.<\/p>\n<p data-start=\"543\" data-end=\"754\">Den selges uten fyll, s\u00e5 du kan justere fastheten selv etter behov \u2013 fyll den med tekstiler, puter eller skum for et mer b\u00e6rekraftig valg. Hvis du \u00f8nsker en ferdig l\u00f8sning, kan den ogs\u00e5 leveres med fyll som et tilleggskj\u00f8p.<\/p>\n<p data-start=\"756\" data-end=\"930\" data-is-last-node=\"\" data-is-only-node=\"\">Puffen m\u00e5ler 60 x 60 cm og har en h\u00f8yde p\u00e5 ca. 50 cm n\u00e5r den er helt fylt. En romslig og funksjonell puff som kombinerer komfort, estetikk og ekte marokkansk h\u00e5ndverk.<\/p>","protected":false},"featured_media":44078,"template":"","meta":{"inline_featured_image":false},"product_brand":[],"product_cat":[41,39,40],"product_tag":[],"class_list":{"0":"post-44073","1":"product","2":"type-product","3":"status-publish","4":"has-post-thumbnail","6":"product_cat-laederpufs","7":"product_cat-moebler","8":"product_cat-pufs","10":"first","11":"instock","12":"taxable","13":"shipping-taxable","14":"purchasable","15":"product-type-simple"},"exclude_global_add_ons":false,"addons":[{"name":"\u00d8nsker du at puffen din leveres med treullfyll?","type":"checkbox","position":0,"required":false,"title_format":"label","default":"","description_enable":false,"description":"","placeholder_enable":false,"placeholder":"","display":"select","restrictions_type":"any_text","adjust_price":false,"price":"","price_type":"flat_fee","restrictions":false,"min":"0","max":"0","options":[{"label":"Ja tak!","price":"350.00","price_type":"quantity_based","image":0,"visibility":true}],"id":1712670669}],"yoast_head":"<!-- This site is optimized with the Yoast SEO plugin v27.4 - https:\/\/yoast.com\/product\/yoast-seo-wordpress\/ -->\n<title>Stor marokkansk puf i l\u00e6der 60x60cm | H\u00e5ndlavet i Marokko<\/title>\n<meta name=\"description\" content=\"Stor marokkansk puf i l\u00e6der. Sammensat af firkanter af 15x15 cm med kraftige syninger. Sk\u00f8n flyder. H\u00e5ndlavet i Marokko \u21d2 Se mere\" \/>\n<meta name=\"robots\" content=\"index, follow, max-snippet:-1, max-image-preview:large, max-video-preview:-1\" \/>\n<link rel=\"canonical\" href=\"https:\/\/tibladin.dk\/nb\/produkt\/stor-firkantet-skinnpuff-60x60-cm\/\" \/>\n<meta property=\"og:locale\" content=\"nb_NO\" \/>\n<meta property=\"og:type\" content=\"article\" \/>\n<meta property=\"og:title\" content=\"Stor marokkansk puf i l\u00e6der 60x60cm | H\u00e5ndlavet i Marokko\" \/>\n<meta property=\"og:description\" content=\"Stor marokkansk puf i l\u00e6der. Sammensat af firkanter af 15x15 cm med kraftige syninger. Sk\u00f8n flyder. H\u00e5ndlavet i Marokko \u21d2 Se mere\" \/>\n<meta property=\"og:url\" content=\"https:\/\/tibladin.dk\/nb\/produkt\/stor-firkantet-skinnpuff-60x60-cm\/\" \/>\n<meta property=\"og:site_name\" content=\"Tibladin\" \/>\n<meta property=\"article:modified_time\" content=\"2026-04-19T05:57:26+00:00\" \/>\n<meta property=\"og:image\" content=\"https:\/\/tibladin.dk\/wp-content\/uploads\/2026\/04\/Photoroom_20260418_142729.jpg\" \/>\n\t<meta property=\"og:image:width\" content=\"800\" \/>\n\t<meta property=\"og:image:height\" content=\"800\" \/>\n\t<meta property=\"og:image:type\" content=\"image\/jpeg\" \/>\n<meta name=\"twitter:card\" content=\"summary_large_image\" \/>\n<meta name=\"twitter:label1\" content=\"Ansl. lesetid\" \/>\n\t<meta name=\"twitter:data1\" content=\"2 minutter\" \/>\n<script type=\"application\/ld+json\" class=\"yoast-schema-graph\">{\"@context\":\"https:\\\/\\\/schema.org\",\"@graph\":[{\"@type\":\"WebPage\",\"@id\":\"https:\\\/\\\/tibladin.dk\\\/produkt\\\/stor-firkantet-puf-i-laeder-60x60-cm\\\/\",\"url\":\"https:\\\/\\\/tibladin.dk\\\/produkt\\\/stor-firkantet-puf-i-laeder-60x60-cm\\\/\",\"name\":\"Stor marokkansk puf i l\u00e6der 60x60cm | H\u00e5ndlavet i Marokko\",\"isPartOf\":{\"@id\":\"https:\\\/\\\/tibladin.dk\\\/#website\"},\"primaryImageOfPage\":{\"@id\":\"https:\\\/\\\/tibladin.dk\\\/produkt\\\/stor-firkantet-puf-i-laeder-60x60-cm\\\/#primaryimage\"},\"image\":{\"@id\":\"https:\\\/\\\/tibladin.dk\\\/produkt\\\/stor-firkantet-puf-i-laeder-60x60-cm\\\/#primaryimage\"},\"thumbnailUrl\":\"https:\\\/\\\/tibladin.dk\\\/wp-content\\\/uploads\\\/2026\\\/04\\\/Photoroom_20260418_142729.jpg\",\"datePublished\":\"2026-04-18T12:29:28+00:00\",\"dateModified\":\"2026-04-19T05:57:26+00:00\",\"description\":\"Stor marokkansk puf i l\u00e6der. Sammensat af firkanter af 15x15 cm med kraftige syninger. Sk\u00f8n flyder. H\u00e5ndlavet i Marokko \u21d2 Se mere\",\"breadcrumb\":{\"@id\":\"https:\\\/\\\/tibladin.dk\\\/produkt\\\/stor-firkantet-puf-i-laeder-60x60-cm\\\/#breadcrumb\"},\"inLanguage\":\"nb-NO\",\"potentialAction\":[{\"@type\":\"ReadAction\",\"target\":[\"https:\\\/\\\/tibladin.dk\\\/produkt\\\/stor-firkantet-puf-i-laeder-60x60-cm\\\/\"]}]},{\"@type\":\"ImageObject\",\"inLanguage\":\"nb-NO\",\"@id\":\"https:\\\/\\\/tibladin.dk\\\/produkt\\\/stor-firkantet-puf-i-laeder-60x60-cm\\\/#primaryimage\",\"url\":\"https:\\\/\\\/tibladin.dk\\\/wp-content\\\/uploads\\\/2026\\\/04\\\/Photoroom_20260418_142729.jpg\",\"contentUrl\":\"https:\\\/\\\/tibladin.dk\\\/wp-content\\\/uploads\\\/2026\\\/04\\\/Photoroom_20260418_142729.jpg\",\"width\":800,\"height\":800,\"caption\":\"Smuk stor firkantet puf i lysebrunt gedel\u00e6der.\"},{\"@type\":\"BreadcrumbList\",\"@id\":\"https:\\\/\\\/tibladin.dk\\\/produkt\\\/stor-firkantet-puf-i-laeder-60x60-cm\\\/#breadcrumb\",\"itemListElement\":[{\"@type\":\"ListItem\",\"position\":1,\"name\":\"Hjem\",\"item\":\"https:\\\/\\\/tibladin.dk\\\/\"},{\"@type\":\"ListItem\",\"position\":2,\"name\":\"Shop\",\"item\":\"https:\\\/\\\/tibladin.dk\\\/shop\\\/\"},{\"@type\":\"ListItem\",\"position\":3,\"name\":\"Stor firkantet puf i l\u00e6der 60&#215;60 cm.\"}]},{\"@type\":\"WebSite\",\"@id\":\"https:\\\/\\\/tibladin.dk\\\/#website\",\"url\":\"https:\\\/\\\/tibladin.dk\\\/\",\"name\":\"Tibladin\",\"description\":\"Tibladin\",\"publisher\":{\"@id\":\"https:\\\/\\\/tibladin.dk\\\/#organization\"},\"potentialAction\":[{\"@type\":\"SearchAction\",\"target\":{\"@type\":\"EntryPoint\",\"urlTemplate\":\"https:\\\/\\\/tibladin.dk\\\/?s={search_term_string}\"},\"query-input\":{\"@type\":\"PropertyValueSpecification\",\"valueRequired\":true,\"valueName\":\"search_term_string\"}}],\"inLanguage\":\"nb-NO\"},{\"@type\":\"Organization\",\"@id\":\"https:\\\/\\\/tibladin.dk\\\/#organization\",\"name\":\"Tibladin\",\"url\":\"https:\\\/\\\/tibladin.dk\\\/\",\"logo\":{\"@type\":\"ImageObject\",\"inLanguage\":\"nb-NO\",\"@id\":\"https:\\\/\\\/tibladin.dk\\\/#\\\/schema\\\/logo\\\/image\\\/\",\"url\":\"https:\\\/\\\/tibladin.dk\\\/wp-content\\\/uploads\\\/2022\\\/09\\\/tibladin_logo.svg\",\"contentUrl\":\"https:\\\/\\\/tibladin.dk\\\/wp-content\\\/uploads\\\/2022\\\/09\\\/tibladin_logo.svg\",\"caption\":\"Tibladin\"},\"image\":{\"@id\":\"https:\\\/\\\/tibladin.dk\\\/#\\\/schema\\\/logo\\\/image\\\/\"}}]}<\/script>\n<!-- \/ Yoast SEO plugin. -->","yoast_head_json":{"title":"Stor marokkansk skinnpuff 60x60 cm | H\u00e5ndlaget i Marokko","description":"Stor marokkansk skinnpuff. Laget av 15x15 cm firkanter med kraftig s\u00f8m. Vakkert flagrende. H\u00e5ndlaget i Marokko \u21d2 Se mer","robots":{"index":"index","follow":"follow","max-snippet":"max-snippet:-1","max-image-preview":"max-image-preview:large","max-video-preview":"max-video-preview:-1"},"canonical":"https:\/\/tibladin.dk\/nb\/produkt\/stor-firkantet-skinnpuff-60x60-cm\/","og_locale":"nb_NO","og_type":"article","og_title":"Stor marokkansk puf i l\u00e6der 60x60cm | H\u00e5ndlavet i Marokko","og_description":"Stor marokkansk puf i l\u00e6der. Sammensat af firkanter af 15x15 cm med kraftige syninger. Sk\u00f8n flyder. H\u00e5ndlavet i Marokko \u21d2 Se mere","og_url":"https:\/\/tibladin.dk\/nb\/produkt\/stor-firkantet-skinnpuff-60x60-cm\/","og_site_name":"Tibladin","article_modified_time":"2026-04-19T05:57:26+00:00","og_image":[{"width":800,"height":800,"url":"https:\/\/tibladin.dk\/wp-content\/uploads\/2026\/04\/Photoroom_20260418_142729.jpg","type":"image\/jpeg"}],"twitter_card":"summary_large_image","twitter_misc":{"Ansl. lesetid":"2 minutter"},"schema":{"@context":"https:\/\/schema.org","@graph":[{"@type":"WebPage","@id":"https:\/\/tibladin.dk\/produkt\/stor-firkantet-puf-i-laeder-60x60-cm\/","url":"https:\/\/tibladin.dk\/produkt\/stor-firkantet-puf-i-laeder-60x60-cm\/","name":"Stor marokkansk skinnpuff 60x60 cm | H\u00e5ndlaget i Marokko","isPartOf":{"@id":"https:\/\/tibladin.dk\/#website"},"primaryImageOfPage":{"@id":"https:\/\/tibladin.dk\/produkt\/stor-firkantet-puf-i-laeder-60x60-cm\/#primaryimage"},"image":{"@id":"https:\/\/tibladin.dk\/produkt\/stor-firkantet-puf-i-laeder-60x60-cm\/#primaryimage"},"thumbnailUrl":"https:\/\/tibladin.dk\/wp-content\/uploads\/2026\/04\/Photoroom_20260418_142729.jpg","datePublished":"2026-04-18T12:29:28+00:00","dateModified":"2026-04-19T05:57:26+00:00","description":"Stor marokkansk skinnpuff. Laget av 15x15 cm firkanter med kraftig s\u00f8m. Vakkert flagrende. H\u00e5ndlaget i Marokko \u21d2 Se mer","breadcrumb":{"@id":"https:\/\/tibladin.dk\/produkt\/stor-firkantet-puf-i-laeder-60x60-cm\/#breadcrumb"},"inLanguage":"nb-NO","potentialAction":[{"@type":"ReadAction","target":["https:\/\/tibladin.dk\/produkt\/stor-firkantet-puf-i-laeder-60x60-cm\/"]}]},{"@type":"ImageObject","inLanguage":"nb-NO","@id":"https:\/\/tibladin.dk\/produkt\/stor-firkantet-puf-i-laeder-60x60-cm\/#primaryimage","url":"https:\/\/tibladin.dk\/wp-content\/uploads\/2026\/04\/Photoroom_20260418_142729.jpg","contentUrl":"https:\/\/tibladin.dk\/wp-content\/uploads\/2026\/04\/Photoroom_20260418_142729.jpg","width":800,"height":800,"caption":"Smuk stor firkantet puf i lysebrunt gedel\u00e6der."},{"@type":"BreadcrumbList","@id":"https:\/\/tibladin.dk\/produkt\/stor-firkantet-puf-i-laeder-60x60-cm\/#breadcrumb","itemListElement":[{"@type":"ListItem","position":1,"name":"Hjem","item":"https:\/\/tibladin.dk\/"},{"@type":"ListItem","position":2,"name":"Shop","item":"https:\/\/tibladin.dk\/shop\/"},{"@type":"ListItem","position":3,"name":"Stor firkantet puf i l\u00e6der 60&#215;60 cm."}]},{"@type":"WebSite","@id":"https:\/\/tibladin.dk\/#website","url":"https:\/\/tibladin.dk\/","name":"Tibladin","description":"Tibladin","publisher":{"@id":"https:\/\/tibladin.dk\/#organization"},"potentialAction":[{"@type":"SearchAction","target":{"@type":"EntryPoint","urlTemplate":"https:\/\/tibladin.dk\/?s={search_term_string}"},"query-input":{"@type":"PropertyValueSpecification","valueRequired":true,"valueName":"search_term_string"}}],"inLanguage":"nb-NO"},{"@type":"Organization","@id":"https:\/\/tibladin.dk\/#organization","name":"Tibladin","url":"https:\/\/tibladin.dk\/","logo":{"@type":"ImageObject","inLanguage":"nb-NO","@id":"https:\/\/tibladin.dk\/#\/schema\/logo\/image\/","url":"https:\/\/tibladin.dk\/wp-content\/uploads\/2022\/09\/tibladin_logo.svg","contentUrl":"https:\/\/tibladin.dk\/wp-content\/uploads\/2022\/09\/tibladin_logo.svg","caption":"Tibladin"},"image":{"@id":"https:\/\/tibladin.dk\/#\/schema\/logo\/image\/"}}]}},"_links":{"self":[{"href":"https:\/\/tibladin.dk\/nb\/wp-json\/wp\/v2\/product\/44073","targetHints":{"allow":["GET"]}}],"collection":[{"href":"https:\/\/tibladin.dk\/nb\/wp-json\/wp\/v2\/product"}],"about":[{"href":"https:\/\/tibladin.dk\/nb\/wp-json\/wp\/v2\/types\/product"}],"wp:featuredmedia":[{"embeddable":true,"href":"https:\/\/tibladin.dk\/nb\/wp-json\/wp\/v2\/media\/44078"}],"wp:attachment":[{"href":"https:\/\/tibladin.dk\/nb\/wp-json\/wp\/v2\/media?parent=44073"}],"wp:term":[{"taxonomy":"product_brand","embeddable":true,"href":"https:\/\/tibladin.dk\/nb\/wp-json\/wp\/v2\/product_brand?post=44073"},{"taxonomy":"product_cat","embeddable":true,"href":"https:\/\/tibladin.dk\/nb\/wp-json\/wp\/v2\/product_cat?post=44073"},{"taxonomy":"product_tag","embeddable":true,"href":"https:\/\/tibladin.dk\/nb\/wp-json\/wp\/v2\/product_tag?post=44073"}],"curies":[{"name":"wp","href":"https:\/\/api.w.org\/{rel}","templated":true}]}}