{"id":44275,"date":"2026-04-29T11:27:44","date_gmt":"2026-04-29T09:27:44","guid":{"rendered":"https:\/\/tibladin.dk\/?post_type=product&#038;p=44275"},"modified":"2026-05-09T07:58:08","modified_gmt":"2026-05-09T05:58:08","slug":"oereringe-i-soelv-lapis-lazuli","status":"publish","type":"product","link":"https:\/\/tibladin.dk\/nb\/produkt\/oereringe-i-soelv-lapis-lazuli\/","title":{"rendered":"\u00d8reringe i s\u00f8lv &#8211; lapis lazuli"},"content":{"rendered":"<div class=\"wpb-content-wrapper\"><div class=\"vc_row wpb_row vc_row-fluid\"><div class=\"wpb_column vc_column_container vc_col-sm-4\"><div class=\"vc_column-inner\"><div class=\"wpb_wrapper\"><\/div><\/div><\/div><div class=\"wpb_column vc_column_container vc_col-sm-4\"><div class=\"vc_column-inner\"><div class=\"wpb_wrapper\"><h3 style=\"text-align: left\" class=\"vc_custom_heading vc_do_custom_heading\" >Vedlikehold<\/h3>\n\t<div class=\"wpb_text_column wpb_content_element\" >\n\t\t<div class=\"wpb_wrapper\">\n\t\t\t<p>S\u00f8lv vil matte og m\u00f8rkne over tid. Dette er en naturlig prosess som oppst\u00e5r n\u00e5r s\u00f8lv kommer i kontakt med oksygen, syre og svette fra kroppen. Du kan enkelt friske opp s\u00f8lvsmykkene dine. Legg dem i en liten bolle med mild s\u00e5pe og vann og gni dem forsiktig med en myk bomullsklut. Du kan ogs\u00e5 kj\u00f8pe en spesiell s\u00f8lvsmykkerens, som du forsiktig gnir inn i s\u00f8lvsmykkene med en bomullsklut og gnir lett til de skinner igjen.<\/p>\n<p>Malakitt er en relativt por\u00f8s stein og b\u00f8r behandles med forsiktighet. Bruk en t\u00f8rr, myk klut og gni steinen lett. Unng\u00e5 vann, kjemikalier og parfyme.<\/p>\n\n\t\t<\/div>\n\t<\/div>\n<\/div><\/div><\/div><div class=\"wpb_column vc_column_container vc_col-sm-4\"><div class=\"vc_column-inner\"><div class=\"wpb_wrapper\"><h3 style=\"text-align: left\" class=\"vc_custom_heading vc_do_custom_heading\" >Historien bak<\/h3>\n\t<div class=\"wpb_text_column wpb_content_element\" >\n\t\t<div class=\"wpb_wrapper\">\n\t\t\t<p><span style=\"font-weight: 400;\">Tiznit er en liten by i Souss-Massa-regionen p\u00e5 vestkysten av Marokko. Tradisjonelle marokkanske Amazigh\/Berber-smykker er assosiert med Tiznit, ettersom denne byen er kjent for sitt langvarige h\u00e5ndverk av tradisjonelle s\u00f8lvsmykker av h\u00f8y kvalitet, h\u00e5ndlaget av dyktige h\u00e5ndverkere. Hvert smykke er et resultat av dedikert h\u00e5ndverk, og hvert av dem forteller en historie, ettersom de er et symbol p\u00e5 skapernes kreative og vakre h\u00e5ndverk. Smykkene representerer ikke bare byens kulturarv, men hele Marokkos kulturarv, samt berbernes tradisjoner, som har blitt gitt videre gjennom generasjoner.\u00a0<\/span><\/p>\n<p><span style=\"font-weight: 400;\"><br \/>\n<\/span><b>Fortell din historie gjennom smykker<\/b><\/p>\n<p><span style=\"font-weight: 400;\">Et smykke kan romme mange minner og fortelle din personlige historie, ettersom du tar smykkene med deg p\u00e5 din egen reise og skaper fantastiske, minneverdige opplevelser. N\u00e5r Tibladin drar p\u00e5 smykkejakt i den marokkanske byen Tiznit, hvis hjerte banker for smykker,<\/span><\/p>\n<p><span style=\"font-weight: 400;\">Vi velger smykker som varierer i stil og p\u00e5 sin egen sjarmerende m\u00e5te kombinerer den klassiske, historiske designen som berberne foretrekker, med eleganse og tidl\u00f8shet.\u00a0<\/span><\/p>\n<p><br style=\"font-weight: 400;\" \/><\/p>\n\n\t\t<\/div>\n\t<\/div>\n<\/div><\/div><\/div><\/div>\n<\/div>","protected":false},"excerpt":{"rendered":"<p data-start=\"153\" data-end=\"353\">Opplev ekte h\u00e5ndverk og tidl\u00f8s eleganse med disse unike, h\u00e5ndlagde s\u00f8lv\u00f8redobbene fra Marokko. Hver \u00f8redobb er laget med omhu og b\u00e6rer kjennetegnene til tradisjonelt h\u00e5ndverk, der ingen par er helt like.<\/p>\n<p data-start=\"355\" data-end=\"674\">Den vakre, dypbl\u00e5 steinen er <strong data-start=\"382\" data-end=\"398\">lapis lazuli<\/strong> \u2013 en naturstein som har v\u00e6rt verdsatt i smykker i tusenvis av \u00e5r for sin intense farge og eksklusive uttrykk. Den ovale steinen er elegant innfattet i ekte s\u00f8lv og henger lett fra en klassisk krok, noe som gir et feminint og naturlig utseende.<\/p>\n<p data-start=\"676\" data-end=\"709\">Perfekt for de som elsker unike smykker med sjel og en boheminspirert stil.<\/p>\n<p data-start=\"987\" data-end=\"1153\">Disse \u00f8redobbene er det perfekte statement-plagget \u2013 til hverdagsbruk eller spesielle anledninger. De tilf\u00f8rer et snev av varme, historie og personlighet til ethvert antrekk.<\/p>\n<p>Prisen er for et par.<\/p>","protected":false},"featured_media":44248,"template":"","meta":{"inline_featured_image":false},"product_brand":[],"product_cat":[166,162],"product_tag":[],"class_list":{"0":"post-44275","1":"product","2":"type-product","3":"status-publish","4":"has-post-thumbnail","6":"product_cat-oereringe","7":"product_cat-smykker","9":"first","10":"instock","11":"taxable","12":"shipping-taxable","13":"purchasable","14":"product-type-simple"},"exclude_global_add_ons":[],"addons":[],"yoast_head":"<!-- This site is optimized with the Yoast SEO plugin v27.5 - https:\/\/yoast.com\/product\/yoast-seo-wordpress\/ -->\n<title>H\u00e5ndlavede marokkanske smykker | Stort udvalg | Kun hos Tibladin<\/title>\n<meta name=\"description\" content=\"Smukke h\u00e5ndlavede \u00f8reringe i s\u00f8lv fra Tiznit i Marokko. Perfekte til dig, der elsker at have unikke smykker med en historie.\" \/>\n<meta name=\"robots\" content=\"index, follow, max-snippet:-1, max-image-preview:large, max-video-preview:-1\" \/>\n<link rel=\"canonical\" href=\"https:\/\/tibladin.dk\/nb\/produkt\/oereringe-i-soelv-lapis-lazuli\/\" \/>\n<meta property=\"og:locale\" content=\"nb_NO\" \/>\n<meta property=\"og:type\" content=\"article\" \/>\n<meta property=\"og:title\" content=\"H\u00e5ndlavede marokkanske smykker | Stort udvalg | Kun hos Tibladin\" \/>\n<meta property=\"og:description\" content=\"Smukke h\u00e5ndlavede \u00f8reringe i s\u00f8lv fra Tiznit i Marokko. Perfekte til dig, der elsker at have unikke smykker med en historie.\" \/>\n<meta property=\"og:url\" content=\"https:\/\/tibladin.dk\/nb\/produkt\/oereringe-i-soelv-lapis-lazuli\/\" \/>\n<meta property=\"og:site_name\" content=\"Tibladin\" \/>\n<meta property=\"article:modified_time\" content=\"2026-05-09T05:58:08+00:00\" \/>\n<meta property=\"og:image\" content=\"https:\/\/tibladin.dk\/wp-content\/uploads\/2026\/04\/Photoroom_20260428_113744.png\" \/>\n\t<meta property=\"og:image:width\" content=\"800\" \/>\n\t<meta property=\"og:image:height\" content=\"800\" \/>\n\t<meta property=\"og:image:type\" content=\"image\/png\" \/>\n<meta name=\"twitter:card\" content=\"summary_large_image\" \/>\n<meta name=\"twitter:label1\" content=\"Ansl. lesetid\" \/>\n\t<meta name=\"twitter:data1\" content=\"3 minutter\" \/>\n<script type=\"application\/ld+json\" class=\"yoast-schema-graph\">{\"@context\":\"https:\\\/\\\/schema.org\",\"@graph\":[{\"@type\":\"WebPage\",\"@id\":\"https:\\\/\\\/tibladin.dk\\\/produkt\\\/oereringe-i-soelv-lapis-lazuli\\\/\",\"url\":\"https:\\\/\\\/tibladin.dk\\\/produkt\\\/oereringe-i-soelv-lapis-lazuli\\\/\",\"name\":\"H\u00e5ndlavede marokkanske smykker | Stort udvalg | Kun hos Tibladin\",\"isPartOf\":{\"@id\":\"https:\\\/\\\/tibladin.dk\\\/#website\"},\"primaryImageOfPage\":{\"@id\":\"https:\\\/\\\/tibladin.dk\\\/produkt\\\/oereringe-i-soelv-lapis-lazuli\\\/#primaryimage\"},\"image\":{\"@id\":\"https:\\\/\\\/tibladin.dk\\\/produkt\\\/oereringe-i-soelv-lapis-lazuli\\\/#primaryimage\"},\"thumbnailUrl\":\"https:\\\/\\\/tibladin.dk\\\/wp-content\\\/uploads\\\/2026\\\/04\\\/Photoroom_20260428_113744.png\",\"datePublished\":\"2026-04-29T09:27:44+00:00\",\"dateModified\":\"2026-05-09T05:58:08+00:00\",\"description\":\"Smukke h\u00e5ndlavede \u00f8reringe i s\u00f8lv fra Tiznit i Marokko. Perfekte til dig, der elsker at have unikke smykker med en historie.\",\"breadcrumb\":{\"@id\":\"https:\\\/\\\/tibladin.dk\\\/produkt\\\/oereringe-i-soelv-lapis-lazuli\\\/#breadcrumb\"},\"inLanguage\":\"nb-NO\",\"potentialAction\":[{\"@type\":\"ReadAction\",\"target\":[\"https:\\\/\\\/tibladin.dk\\\/produkt\\\/oereringe-i-soelv-lapis-lazuli\\\/\"]}]},{\"@type\":\"ImageObject\",\"inLanguage\":\"nb-NO\",\"@id\":\"https:\\\/\\\/tibladin.dk\\\/produkt\\\/oereringe-i-soelv-lapis-lazuli\\\/#primaryimage\",\"url\":\"https:\\\/\\\/tibladin.dk\\\/wp-content\\\/uploads\\\/2026\\\/04\\\/Photoroom_20260428_113744.png\",\"contentUrl\":\"https:\\\/\\\/tibladin.dk\\\/wp-content\\\/uploads\\\/2026\\\/04\\\/Photoroom_20260428_113744.png\",\"width\":800,\"height\":800,\"caption\":\"Oval havbl\u00e5 sten h\u00e6nge\u00f8rering i s\u00f8lv\"},{\"@type\":\"BreadcrumbList\",\"@id\":\"https:\\\/\\\/tibladin.dk\\\/produkt\\\/oereringe-i-soelv-lapis-lazuli\\\/#breadcrumb\",\"itemListElement\":[{\"@type\":\"ListItem\",\"position\":1,\"name\":\"Hjem\",\"item\":\"https:\\\/\\\/tibladin.dk\\\/\"},{\"@type\":\"ListItem\",\"position\":2,\"name\":\"Shop\",\"item\":\"https:\\\/\\\/tibladin.dk\\\/shop\\\/\"},{\"@type\":\"ListItem\",\"position\":3,\"name\":\"\u00d8reringe i s\u00f8lv &#8211; lapis lazuli\"}]},{\"@type\":\"WebSite\",\"@id\":\"https:\\\/\\\/tibladin.dk\\\/#website\",\"url\":\"https:\\\/\\\/tibladin.dk\\\/\",\"name\":\"Tibladin\",\"description\":\"Tibladin\",\"publisher\":{\"@id\":\"https:\\\/\\\/tibladin.dk\\\/#organization\"},\"potentialAction\":[{\"@type\":\"SearchAction\",\"target\":{\"@type\":\"EntryPoint\",\"urlTemplate\":\"https:\\\/\\\/tibladin.dk\\\/?s={search_term_string}\"},\"query-input\":{\"@type\":\"PropertyValueSpecification\",\"valueRequired\":true,\"valueName\":\"search_term_string\"}}],\"inLanguage\":\"nb-NO\"},{\"@type\":\"Organization\",\"@id\":\"https:\\\/\\\/tibladin.dk\\\/#organization\",\"name\":\"Tibladin\",\"url\":\"https:\\\/\\\/tibladin.dk\\\/\",\"logo\":{\"@type\":\"ImageObject\",\"inLanguage\":\"nb-NO\",\"@id\":\"https:\\\/\\\/tibladin.dk\\\/#\\\/schema\\\/logo\\\/image\\\/\",\"url\":\"https:\\\/\\\/tibladin.dk\\\/wp-content\\\/uploads\\\/2022\\\/09\\\/tibladin_logo.svg\",\"contentUrl\":\"https:\\\/\\\/tibladin.dk\\\/wp-content\\\/uploads\\\/2022\\\/09\\\/tibladin_logo.svg\",\"caption\":\"Tibladin\"},\"image\":{\"@id\":\"https:\\\/\\\/tibladin.dk\\\/#\\\/schema\\\/logo\\\/image\\\/\"}}]}<\/script>\n<!-- \/ Yoast SEO plugin. -->","yoast_head_json":{"title":"H\u00e5ndlagde marokkanske smykker | Stort utvalg | Kun hos Tibladin","description":"Vakre h\u00e5ndlagde s\u00f8lv\u00f8redobber fra Tiznit i Marokko. Perfekt for de som elsker unike smykker med en historie.","robots":{"index":"index","follow":"follow","max-snippet":"max-snippet:-1","max-image-preview":"max-image-preview:large","max-video-preview":"max-video-preview:-1"},"canonical":"https:\/\/tibladin.dk\/nb\/produkt\/oereringe-i-soelv-lapis-lazuli\/","og_locale":"nb_NO","og_type":"article","og_title":"H\u00e5ndlavede marokkanske smykker | Stort udvalg | Kun hos Tibladin","og_description":"Smukke h\u00e5ndlavede \u00f8reringe i s\u00f8lv fra Tiznit i Marokko. Perfekte til dig, der elsker at have unikke smykker med en historie.","og_url":"https:\/\/tibladin.dk\/nb\/produkt\/oereringe-i-soelv-lapis-lazuli\/","og_site_name":"Tibladin","article_modified_time":"2026-05-09T05:58:08+00:00","og_image":[{"width":800,"height":800,"url":"https:\/\/tibladin.dk\/wp-content\/uploads\/2026\/04\/Photoroom_20260428_113744.png","type":"image\/png"}],"twitter_card":"summary_large_image","twitter_misc":{"Ansl. lesetid":"3 minutter"},"schema":{"@context":"https:\/\/schema.org","@graph":[{"@type":"WebPage","@id":"https:\/\/tibladin.dk\/produkt\/oereringe-i-soelv-lapis-lazuli\/","url":"https:\/\/tibladin.dk\/produkt\/oereringe-i-soelv-lapis-lazuli\/","name":"H\u00e5ndlagde marokkanske smykker | Stort utvalg | Kun hos Tibladin","isPartOf":{"@id":"https:\/\/tibladin.dk\/#website"},"primaryImageOfPage":{"@id":"https:\/\/tibladin.dk\/produkt\/oereringe-i-soelv-lapis-lazuli\/#primaryimage"},"image":{"@id":"https:\/\/tibladin.dk\/produkt\/oereringe-i-soelv-lapis-lazuli\/#primaryimage"},"thumbnailUrl":"https:\/\/tibladin.dk\/wp-content\/uploads\/2026\/04\/Photoroom_20260428_113744.png","datePublished":"2026-04-29T09:27:44+00:00","dateModified":"2026-05-09T05:58:08+00:00","description":"Vakre h\u00e5ndlagde s\u00f8lv\u00f8redobber fra Tiznit i Marokko. Perfekt for de som elsker unike smykker med en historie.","breadcrumb":{"@id":"https:\/\/tibladin.dk\/produkt\/oereringe-i-soelv-lapis-lazuli\/#breadcrumb"},"inLanguage":"nb-NO","potentialAction":[{"@type":"ReadAction","target":["https:\/\/tibladin.dk\/produkt\/oereringe-i-soelv-lapis-lazuli\/"]}]},{"@type":"ImageObject","inLanguage":"nb-NO","@id":"https:\/\/tibladin.dk\/produkt\/oereringe-i-soelv-lapis-lazuli\/#primaryimage","url":"https:\/\/tibladin.dk\/wp-content\/uploads\/2026\/04\/Photoroom_20260428_113744.png","contentUrl":"https:\/\/tibladin.dk\/wp-content\/uploads\/2026\/04\/Photoroom_20260428_113744.png","width":800,"height":800,"caption":"Oval havbl\u00e5 sten h\u00e6nge\u00f8rering i s\u00f8lv"},{"@type":"BreadcrumbList","@id":"https:\/\/tibladin.dk\/produkt\/oereringe-i-soelv-lapis-lazuli\/#breadcrumb","itemListElement":[{"@type":"ListItem","position":1,"name":"Hjem","item":"https:\/\/tibladin.dk\/"},{"@type":"ListItem","position":2,"name":"Shop","item":"https:\/\/tibladin.dk\/shop\/"},{"@type":"ListItem","position":3,"name":"\u00d8reringe i s\u00f8lv &#8211; lapis lazuli"}]},{"@type":"WebSite","@id":"https:\/\/tibladin.dk\/#website","url":"https:\/\/tibladin.dk\/","name":"Tibladin","description":"Tibladin","publisher":{"@id":"https:\/\/tibladin.dk\/#organization"},"potentialAction":[{"@type":"SearchAction","target":{"@type":"EntryPoint","urlTemplate":"https:\/\/tibladin.dk\/?s={search_term_string}"},"query-input":{"@type":"PropertyValueSpecification","valueRequired":true,"valueName":"search_term_string"}}],"inLanguage":"nb-NO"},{"@type":"Organization","@id":"https:\/\/tibladin.dk\/#organization","name":"Tibladin","url":"https:\/\/tibladin.dk\/","logo":{"@type":"ImageObject","inLanguage":"nb-NO","@id":"https:\/\/tibladin.dk\/#\/schema\/logo\/image\/","url":"https:\/\/tibladin.dk\/wp-content\/uploads\/2022\/09\/tibladin_logo.svg","contentUrl":"https:\/\/tibladin.dk\/wp-content\/uploads\/2022\/09\/tibladin_logo.svg","caption":"Tibladin"},"image":{"@id":"https:\/\/tibladin.dk\/#\/schema\/logo\/image\/"}}]}},"_links":{"self":[{"href":"https:\/\/tibladin.dk\/nb\/wp-json\/wp\/v2\/product\/44275","targetHints":{"allow":["GET"]}}],"collection":[{"href":"https:\/\/tibladin.dk\/nb\/wp-json\/wp\/v2\/product"}],"about":[{"href":"https:\/\/tibladin.dk\/nb\/wp-json\/wp\/v2\/types\/product"}],"wp:featuredmedia":[{"embeddable":true,"href":"https:\/\/tibladin.dk\/nb\/wp-json\/wp\/v2\/media\/44248"}],"wp:attachment":[{"href":"https:\/\/tibladin.dk\/nb\/wp-json\/wp\/v2\/media?parent=44275"}],"wp:term":[{"taxonomy":"product_brand","embeddable":true,"href":"https:\/\/tibladin.dk\/nb\/wp-json\/wp\/v2\/product_brand?post=44275"},{"taxonomy":"product_cat","embeddable":true,"href":"https:\/\/tibladin.dk\/nb\/wp-json\/wp\/v2\/product_cat?post=44275"},{"taxonomy":"product_tag","embeddable":true,"href":"https:\/\/tibladin.dk\/nb\/wp-json\/wp\/v2\/product_tag?post=44275"}],"curies":[{"name":"wp","href":"https:\/\/api.w.org\/{rel}","templated":true}]}}