{"id":4450,"date":"2022-10-27T10:17:44","date_gmt":"2022-10-27T08:17:44","guid":{"rendered":"https:\/\/tibladin.dk\/?post_type=product&#038;p=4450"},"modified":"2024-12-09T14:23:09","modified_gmt":"2024-12-09T13:23:09","slug":"marokkansk-plakat-motorsykkel","status":"publish","type":"product","link":"https:\/\/tibladin.dk\/nb\/produkt\/marokkansk-plakat-mobylette\/","title":{"rendered":"Marokkansk plakat MOBYLETTE"},"content":{"rendered":"<div class=\"wpb-content-wrapper\"><div class=\"vc_row wpb_row vc_row-fluid\"><div class=\"wpb_column vc_column_container vc_col-sm-4\"><div class=\"vc_column-inner\"><div class=\"wpb_wrapper\"><\/div><\/div><\/div><div class=\"wpb_column vc_column_container vc_col-sm-4\"><div class=\"vc_column-inner\"><div class=\"wpb_wrapper\"><h3 style=\"text-align: left\" class=\"vc_custom_heading vc_do_custom_heading\" >Ramme<\/h3>\n\t<div class=\"wpb_text_column wpb_content_element\" >\n\t\t<div class=\"wpb_wrapper\">\n\t\t\t<p>Mulighet for kj\u00f8p av fargede og naturfargede rammer.<\/p>\n\n\t\t<\/div>\n\t<\/div>\n<\/div><\/div><\/div><div class=\"wpb_column vc_column_container vc_col-sm-4\"><div class=\"vc_column-inner\"><div class=\"wpb_wrapper\"><h3 style=\"text-align: left\" class=\"vc_custom_heading vc_do_custom_heading\" >Hvordan kan jeg dekorere veggene mine?<\/h3>\n\t<div class=\"wpb_text_column wpb_content_element\" >\n\t\t<div class=\"wpb_wrapper\">\n\t\t\t<p><span class=\"JsGRdQ\">Vil du at veggene dine skal boble over som et champagneglass av romantikk, utstr\u00e5le eksklusivitet, skape en varm atmosf\u00e6re<\/span><span class=\"JsGRdQ\">\u00a0<\/span><span class=\"JsGRdQ\">Bohemsk stemning eller noe helt annet? Det kan oppn\u00e5s med sm\u00e5 endringer og noen enkle valg. Bruk plakater av lokale marokkanske kunstnere for \u00e5 gi interi\u00f8ret et personlig og unikt utseende.<\/span><\/p>\n\n\t\t<\/div>\n\t<\/div>\n<\/div><\/div><\/div><\/div>\n<\/div>","protected":false},"excerpt":{"rendered":"<h3>Mobylette av Yann Chatelin<\/h3>\n<div>Marokkansk plakat laget av 100% resirkulert papir. Plakatene er av h\u00f8y kvalitet og leveres i en forsiktig og beskyttende trekantet eske.<\/div>\n<div><\/div>\n<div>\n<div>En vintage Mobylette-moped med et oransje surfebrett festet. Med tittelen \u201cMarokko \u2013 Surf p\u00e5 den marokkanske kysten med Mobylette\u201d p\u00e5 en fin bl\u00e5 bakgrunnsfarge. Mobylette-mopeden ble oppfunnet av Motob\u00e9cane og var veldig popul\u00e6r p\u00e5 70-tallet. Hopp p\u00e5 og gj\u00f8r deg klar til \u00e5 ri p\u00e5 den bl\u00e5 b\u00f8lgen!<\/div>\n<div>\n<h3><strong>Rammer<\/strong><\/h3>\n<div>Det er mulig \u00e5 kj\u00f8pe en ramme i n\u00f8yaktig den fargen du \u00f8nsker. Ved \u00e5 velge en farget ramme som matcher fargene i plakaten, fremheves plakatens skj\u00f8nnhet. Rammene v\u00e5re tilf\u00f8rer farge og fullf\u00f8rer hele utseendet. De er virkelig prikken over i-en. Rammene er tilgjengelige i henholdsvis 30\u00d740 og 50\u00d770. Rammene sendes separat fra bestillingen din, da de sendes fra et eksternt lager. Rammene leveres med pleksiglass, men hvis du foretrekker vanlig glass, er det bare \u00e5 skrive det i kommentarfeltet.<\/div>\n<\/div>\n<h3>Om kunstneren<\/h3>\n<div>Den unge gatekunstneren Yann Chatelin bor i Berlin, men ble f\u00f8dt i havnebyen Calais i Frankrike i 1980. Han har tilbrakt 15 \u00e5r i Marokko, hvor han bodde fra 2005-2020. Han oppdaget graffiti i en alder av 15 \u00e5r. Han mener at teknologi erstatter individuell refleksjon og kreativitet. I verkene sine reflekterer han over forsvinningen av h\u00e5ndskrift til fordel for digital skriving, som dessverre har begynt \u00e5 ta over. Alt h\u00e5ndskrevet er unikt, det er som et trykk, et speil av forfatterens personlighet. S\u00e5 for Yann er kunsten hans en m\u00e5te \u00e5 uttrykke seg kreativt og sette sitt preg p\u00e5 via sine egne h\u00e5ndskrevne ord og setninger inspirert av den kalligrafiske skrifttypen.<\/div>\n<\/div>","protected":false},"featured_media":5255,"template":"","meta":{"inline_featured_image":false},"product_brand":[],"product_cat":[111,133,114,56],"product_tag":[],"class_list":{"0":"post-4450","1":"product","2":"type-product","3":"status-publish","4":"has-post-thumbnail","6":"product_cat-plakater","7":"product_cat-plakater30x40","8":"product_cat-plakater-50x70","9":"product_cat-vaegdekoration","11":"first","12":"instock","13":"taxable","14":"shipping-taxable","15":"purchasable","16":"product-type-variable"},"exclude_global_add_ons":false,"addons":[{"name":"\u00d8nsker du gaveinnpakning?","type":"checkbox","position":0,"required":false,"title_format":"label","default":"","description_enable":false,"description":"","placeholder_enable":false,"placeholder":"","display":"images","restrictions_type":"any_text","adjust_price":false,"price":"","price_type":"flat_fee","restrictions":false,"min":"0","max":"0","options":[{"label":"Ja tak","price":"10","price_type":"flat_fee","image":11015,"visibility":true}],"id":1669646111},{"name":"Kj\u00f8p en ramme til plakaten din","type":"multiple_choice","position":0,"required":false,"title_format":"label","default":"","description_enable":true,"description":"Rammene leveres med pleksiglass. Hvis du foretrekker vanlig glass, kan du bare skrive det i kommentarfeltet. De fargede rammene leveres separat, da de sendes fra et eksternt lager.","placeholder_enable":false,"placeholder":"","display":"images","restrictions_type":"any_text","adjust_price":false,"price":"","price_type":"flat_fee","restrictions":false,"min":"0","max":"0","options":[{"label":"GUL 30x40","price":"199","price_type":"flat_fee","image":7321,"visibility":true},{"label":"GUL 50x70","price":"299","price_type":"flat_fee","image":7322,"visibility":true},{"label":"LYSEBL\u00c5 30x40","price":"199","price_type":"flat_fee","image":7325,"visibility":true},{"label":"LYSEBL\u00c5 50x70","price":"299","price_type":"flat_fee","image":7336,"visibility":true},{"label":"KOBOLTBL\u00c5 30x40","price":"199","price_type":"flat_fee","image":7323,"visibility":true},{"label":"KOBOLTBL\u00c5 50x70","price":"299","price_type":"flat_fee","image":7324,"visibility":true},{"label":"M\u00d8RKEBL\u00c5 30x40","price":"199","price_type":"flat_fee","image":7329,"visibility":true},{"label":"M\u00d8RKEBL\u00c5 50x70","price":"299","price_type":"flat_fee","image":7330,"visibility":true},{"label":"ROSA 30x40","price":"199","price_type":"flat_fee","image":7327,"visibility":true},{"label":"ROSA 50x70","price":"299","price_type":"flat_fee","image":7328,"visibility":true},{"label":"ORANGE 30x40","price":"199","price_type":"flat_fee","image":7333,"visibility":true},{"label":"ORANGE 50x70","price":"299","price_type":"flat_fee","image":7334,"visibility":true},{"label":"SORT 30x40","price":"199","price_type":"flat_fee","image":7319,"visibility":true},{"label":"SORT 50x70","price":"299","price_type":"flat_fee","image":7320,"visibility":true},{"label":"NATUR 30x40","price":"70","price_type":"flat_fee","image":7331,"visibility":true},{"label":"NATUR 50x70","price":"149","price_type":"flat_fee","image":7332,"visibility":true}],"id":1683372015}],"yoast_head":"<!-- This site is optimized with the Yoast SEO plugin v27.4 - https:\/\/yoast.com\/product\/yoast-seo-wordpress\/ -->\n<title>Marokkansk plakat MOBYLETTE af Yann Chatelin<\/title>\n<meta name=\"description\" content=\"Plakat MOBYLETTE af Yann Chatelin. Plakaten er i flotte bl\u00e5 nuancer med en vintage Mobylette p\u00e5. Stort udvalg af marokkanske plakater.\" \/>\n<meta name=\"robots\" content=\"index, follow, max-snippet:-1, max-image-preview:large, max-video-preview:-1\" \/>\n<link rel=\"canonical\" href=\"https:\/\/tibladin.dk\/nb\/produkt\/marokkansk-plakat-motorsykkel\/\" \/>\n<meta property=\"og:locale\" content=\"nb_NO\" \/>\n<meta property=\"og:type\" content=\"article\" \/>\n<meta property=\"og:title\" content=\"Marokkansk plakat MOBYLETTE af Yann Chatelin\" \/>\n<meta property=\"og:description\" content=\"Plakat MOBYLETTE af Yann Chatelin. Plakaten er i flotte bl\u00e5 nuancer med en vintage Mobylette p\u00e5. Stort udvalg af marokkanske plakater.\" \/>\n<meta property=\"og:url\" content=\"https:\/\/tibladin.dk\/nb\/produkt\/marokkansk-plakat-motorsykkel\/\" \/>\n<meta property=\"og:site_name\" content=\"Tibladin\" \/>\n<meta property=\"article:modified_time\" content=\"2024-12-09T13:23:09+00:00\" \/>\n<meta property=\"og:image\" content=\"https:\/\/tibladin.dk\/wp-content\/uploads\/2022\/10\/Mobylette.jpg\" \/>\n\t<meta property=\"og:image:width\" content=\"800\" \/>\n\t<meta property=\"og:image:height\" content=\"800\" \/>\n\t<meta property=\"og:image:type\" content=\"image\/jpeg\" \/>\n<meta name=\"twitter:card\" content=\"summary_large_image\" \/>\n<meta name=\"twitter:label1\" content=\"Ansl. lesetid\" \/>\n\t<meta name=\"twitter:data1\" content=\"1 minutt\" \/>\n<script type=\"application\/ld+json\" class=\"yoast-schema-graph\">{\"@context\":\"https:\\\/\\\/schema.org\",\"@graph\":[{\"@type\":\"WebPage\",\"@id\":\"https:\\\/\\\/tibladin.dk\\\/produkt\\\/marokkansk-plakat-mobylette\\\/\",\"url\":\"https:\\\/\\\/tibladin.dk\\\/produkt\\\/marokkansk-plakat-mobylette\\\/\",\"name\":\"Marokkansk plakat MOBYLETTE af Yann Chatelin\",\"isPartOf\":{\"@id\":\"https:\\\/\\\/tibladin.dk\\\/#website\"},\"primaryImageOfPage\":{\"@id\":\"https:\\\/\\\/tibladin.dk\\\/produkt\\\/marokkansk-plakat-mobylette\\\/#primaryimage\"},\"image\":{\"@id\":\"https:\\\/\\\/tibladin.dk\\\/produkt\\\/marokkansk-plakat-mobylette\\\/#primaryimage\"},\"thumbnailUrl\":\"https:\\\/\\\/tibladin.dk\\\/wp-content\\\/uploads\\\/2022\\\/10\\\/Mobylette.jpg\",\"datePublished\":\"2022-10-27T08:17:44+00:00\",\"dateModified\":\"2024-12-09T13:23:09+00:00\",\"description\":\"Plakat MOBYLETTE af Yann Chatelin. Plakaten er i flotte bl\u00e5 nuancer med en vintage Mobylette p\u00e5. Stort udvalg af marokkanske plakater.\",\"breadcrumb\":{\"@id\":\"https:\\\/\\\/tibladin.dk\\\/produkt\\\/marokkansk-plakat-mobylette\\\/#breadcrumb\"},\"inLanguage\":\"nb-NO\",\"potentialAction\":[{\"@type\":\"ReadAction\",\"target\":[\"https:\\\/\\\/tibladin.dk\\\/produkt\\\/marokkansk-plakat-mobylette\\\/\"]}]},{\"@type\":\"ImageObject\",\"inLanguage\":\"nb-NO\",\"@id\":\"https:\\\/\\\/tibladin.dk\\\/produkt\\\/marokkansk-plakat-mobylette\\\/#primaryimage\",\"url\":\"https:\\\/\\\/tibladin.dk\\\/wp-content\\\/uploads\\\/2022\\\/10\\\/Mobylette.jpg\",\"contentUrl\":\"https:\\\/\\\/tibladin.dk\\\/wp-content\\\/uploads\\\/2022\\\/10\\\/Mobylette.jpg\",\"width\":800,\"height\":800,\"caption\":\"Plakat mobylette af Yann Chatelin\"},{\"@type\":\"BreadcrumbList\",\"@id\":\"https:\\\/\\\/tibladin.dk\\\/produkt\\\/marokkansk-plakat-mobylette\\\/#breadcrumb\",\"itemListElement\":[{\"@type\":\"ListItem\",\"position\":1,\"name\":\"Hjem\",\"item\":\"https:\\\/\\\/tibladin.dk\\\/\"},{\"@type\":\"ListItem\",\"position\":2,\"name\":\"Shop\",\"item\":\"https:\\\/\\\/tibladin.dk\\\/shop\\\/\"},{\"@type\":\"ListItem\",\"position\":3,\"name\":\"Marokkansk plakat MOBYLETTE\"}]},{\"@type\":\"WebSite\",\"@id\":\"https:\\\/\\\/tibladin.dk\\\/#website\",\"url\":\"https:\\\/\\\/tibladin.dk\\\/\",\"name\":\"Tibladin\",\"description\":\"Tibladin\",\"publisher\":{\"@id\":\"https:\\\/\\\/tibladin.dk\\\/#organization\"},\"potentialAction\":[{\"@type\":\"SearchAction\",\"target\":{\"@type\":\"EntryPoint\",\"urlTemplate\":\"https:\\\/\\\/tibladin.dk\\\/?s={search_term_string}\"},\"query-input\":{\"@type\":\"PropertyValueSpecification\",\"valueRequired\":true,\"valueName\":\"search_term_string\"}}],\"inLanguage\":\"nb-NO\"},{\"@type\":\"Organization\",\"@id\":\"https:\\\/\\\/tibladin.dk\\\/#organization\",\"name\":\"Tibladin\",\"url\":\"https:\\\/\\\/tibladin.dk\\\/\",\"logo\":{\"@type\":\"ImageObject\",\"inLanguage\":\"nb-NO\",\"@id\":\"https:\\\/\\\/tibladin.dk\\\/#\\\/schema\\\/logo\\\/image\\\/\",\"url\":\"https:\\\/\\\/tibladin.dk\\\/wp-content\\\/uploads\\\/2022\\\/09\\\/tibladin_logo.svg\",\"contentUrl\":\"https:\\\/\\\/tibladin.dk\\\/wp-content\\\/uploads\\\/2022\\\/09\\\/tibladin_logo.svg\",\"caption\":\"Tibladin\"},\"image\":{\"@id\":\"https:\\\/\\\/tibladin.dk\\\/#\\\/schema\\\/logo\\\/image\\\/\"}}]}<\/script>\n<!-- \/ Yoast SEO plugin. -->","yoast_head_json":{"title":"Marokkansk plakat MOBYLETTE av Yann Chatelin","description":"Plakat MOBYLETTE av Yann Chatelin. Plakaten er i vakre bl\u00e5 nyanser med en vintage Mobylette p\u00e5. Stort utvalg av marokkanske plakater.","robots":{"index":"index","follow":"follow","max-snippet":"max-snippet:-1","max-image-preview":"max-image-preview:large","max-video-preview":"max-video-preview:-1"},"canonical":"https:\/\/tibladin.dk\/nb\/produkt\/marokkansk-plakat-motorsykkel\/","og_locale":"nb_NO","og_type":"article","og_title":"Marokkansk plakat MOBYLETTE af Yann Chatelin","og_description":"Plakat MOBYLETTE af Yann Chatelin. Plakaten er i flotte bl\u00e5 nuancer med en vintage Mobylette p\u00e5. Stort udvalg af marokkanske plakater.","og_url":"https:\/\/tibladin.dk\/nb\/produkt\/marokkansk-plakat-motorsykkel\/","og_site_name":"Tibladin","article_modified_time":"2024-12-09T13:23:09+00:00","og_image":[{"width":800,"height":800,"url":"https:\/\/tibladin.dk\/wp-content\/uploads\/2022\/10\/Mobylette.jpg","type":"image\/jpeg"}],"twitter_card":"summary_large_image","twitter_misc":{"Ansl. lesetid":"1 minutt"},"schema":{"@context":"https:\/\/schema.org","@graph":[{"@type":"WebPage","@id":"https:\/\/tibladin.dk\/produkt\/marokkansk-plakat-mobylette\/","url":"https:\/\/tibladin.dk\/produkt\/marokkansk-plakat-mobylette\/","name":"Marokkansk plakat MOBYLETTE av Yann Chatelin","isPartOf":{"@id":"https:\/\/tibladin.dk\/#website"},"primaryImageOfPage":{"@id":"https:\/\/tibladin.dk\/produkt\/marokkansk-plakat-mobylette\/#primaryimage"},"image":{"@id":"https:\/\/tibladin.dk\/produkt\/marokkansk-plakat-mobylette\/#primaryimage"},"thumbnailUrl":"https:\/\/tibladin.dk\/wp-content\/uploads\/2022\/10\/Mobylette.jpg","datePublished":"2022-10-27T08:17:44+00:00","dateModified":"2024-12-09T13:23:09+00:00","description":"Plakat MOBYLETTE av Yann Chatelin. Plakaten er i vakre bl\u00e5 nyanser med en vintage Mobylette p\u00e5. Stort utvalg av marokkanske plakater.","breadcrumb":{"@id":"https:\/\/tibladin.dk\/produkt\/marokkansk-plakat-mobylette\/#breadcrumb"},"inLanguage":"nb-NO","potentialAction":[{"@type":"ReadAction","target":["https:\/\/tibladin.dk\/produkt\/marokkansk-plakat-mobylette\/"]}]},{"@type":"ImageObject","inLanguage":"nb-NO","@id":"https:\/\/tibladin.dk\/produkt\/marokkansk-plakat-mobylette\/#primaryimage","url":"https:\/\/tibladin.dk\/wp-content\/uploads\/2022\/10\/Mobylette.jpg","contentUrl":"https:\/\/tibladin.dk\/wp-content\/uploads\/2022\/10\/Mobylette.jpg","width":800,"height":800,"caption":"Plakat mobylette af Yann Chatelin"},{"@type":"BreadcrumbList","@id":"https:\/\/tibladin.dk\/produkt\/marokkansk-plakat-mobylette\/#breadcrumb","itemListElement":[{"@type":"ListItem","position":1,"name":"Hjem","item":"https:\/\/tibladin.dk\/"},{"@type":"ListItem","position":2,"name":"Shop","item":"https:\/\/tibladin.dk\/shop\/"},{"@type":"ListItem","position":3,"name":"Marokkansk plakat MOBYLETTE"}]},{"@type":"WebSite","@id":"https:\/\/tibladin.dk\/#website","url":"https:\/\/tibladin.dk\/","name":"Tibladin","description":"Tibladin","publisher":{"@id":"https:\/\/tibladin.dk\/#organization"},"potentialAction":[{"@type":"SearchAction","target":{"@type":"EntryPoint","urlTemplate":"https:\/\/tibladin.dk\/?s={search_term_string}"},"query-input":{"@type":"PropertyValueSpecification","valueRequired":true,"valueName":"search_term_string"}}],"inLanguage":"nb-NO"},{"@type":"Organization","@id":"https:\/\/tibladin.dk\/#organization","name":"Tibladin","url":"https:\/\/tibladin.dk\/","logo":{"@type":"ImageObject","inLanguage":"nb-NO","@id":"https:\/\/tibladin.dk\/#\/schema\/logo\/image\/","url":"https:\/\/tibladin.dk\/wp-content\/uploads\/2022\/09\/tibladin_logo.svg","contentUrl":"https:\/\/tibladin.dk\/wp-content\/uploads\/2022\/09\/tibladin_logo.svg","caption":"Tibladin"},"image":{"@id":"https:\/\/tibladin.dk\/#\/schema\/logo\/image\/"}}]}},"_links":{"self":[{"href":"https:\/\/tibladin.dk\/nb\/wp-json\/wp\/v2\/product\/4450","targetHints":{"allow":["GET"]}}],"collection":[{"href":"https:\/\/tibladin.dk\/nb\/wp-json\/wp\/v2\/product"}],"about":[{"href":"https:\/\/tibladin.dk\/nb\/wp-json\/wp\/v2\/types\/product"}],"wp:featuredmedia":[{"embeddable":true,"href":"https:\/\/tibladin.dk\/nb\/wp-json\/wp\/v2\/media\/5255"}],"wp:attachment":[{"href":"https:\/\/tibladin.dk\/nb\/wp-json\/wp\/v2\/media?parent=4450"}],"wp:term":[{"taxonomy":"product_brand","embeddable":true,"href":"https:\/\/tibladin.dk\/nb\/wp-json\/wp\/v2\/product_brand?post=4450"},{"taxonomy":"product_cat","embeddable":true,"href":"https:\/\/tibladin.dk\/nb\/wp-json\/wp\/v2\/product_cat?post=4450"},{"taxonomy":"product_tag","embeddable":true,"href":"https:\/\/tibladin.dk\/nb\/wp-json\/wp\/v2\/product_tag?post=4450"}],"curies":[{"name":"wp","href":"https:\/\/api.w.org\/{rel}","templated":true}]}}