{"id":460,"date":"2022-09-20T11:02:20","date_gmt":"2022-09-20T09:02:20","guid":{"rendered":"https:\/\/tibladin.dk\/vare\/skammel-med-snorflet\/"},"modified":"2026-01-08T15:56:54","modified_gmt":"2026-01-08T14:56:54","slug":"krakk-med-tauflette","status":"publish","type":"product","link":"https:\/\/tibladin.dk\/nb\/produkt\/skammel-med-snorflet\/","title":{"rendered":"Krakk med flettet snor"},"content":{"rendered":"<div class=\"wpb-content-wrapper\"><div class=\"vc_row wpb_row vc_row-fluid\"><div class=\"wpb_column vc_column_container vc_col-sm-4\"><div class=\"vc_column-inner\"><div class=\"wpb_wrapper\"><\/div><\/div><\/div><div class=\"wpb_column vc_column_container vc_col-sm-4\"><div class=\"vc_column-inner\"><div class=\"wpb_wrapper\"><h3 style=\"text-align: left\" class=\"vc_custom_heading vc_do_custom_heading\" >Vedlikehold<\/h3>\n\t<div class=\"wpb_text_column wpb_content_element\" >\n\t\t<div class=\"wpb_wrapper\">\n\t\t\t<p>Krakkene med snorfletning kan enkelt t\u00f8rkes av med en fuktig klut.<\/p>\n\n\t\t<\/div>\n\t<\/div>\n<\/div><\/div><\/div><div class=\"wpb_column vc_column_container vc_col-sm-4\"><div class=\"vc_column-inner\"><div class=\"wpb_wrapper\"><h3 style=\"text-align: left\" class=\"vc_custom_heading vc_do_custom_heading\" >Historien bak<\/h3>\n\t<div class=\"wpb_text_column wpb_content_element\" >\n\t\t<div class=\"wpb_wrapper\">\n\t\t\t<p><span style=\"font-weight: 400;\">B\u00e5de de sm\u00e5 og de lange krakkene er en enkel og effektiv m\u00e5te \u00e5 tilf\u00f8re interi\u00f8ret et eksotisk og personlig uttrykk. De bringer liv, varme og variasjon, og fungerer som sm\u00e5 kunstverk i hjemmet. Alle krakkene mine er h\u00e5ndlagde, og ingen er helt like. Jeg velger materialer og farger med stor omhu, og tilbyr trekrakker med flettede snorer i n\u00f8ye utvalgte, uts\u00f8kte nyanser, som sammen skaper et elegant bohemsk uttrykk.<\/span><\/p>\n<p><span style=\"font-weight: 400;\">De runde krakkene er laget av tre, og en spesiell og sjarmerende detalj ved disse krakkene er bruken av et resirkulert dekk i konstruksjonen av setet. Det er b\u00e5de en morsom og kreativ l\u00f8sning, som gir m\u00f8blene en uventet historie og en moderne vri. Det som tidligere hadde et helt annet form\u00e5l, f\u00e5r nytt liv og en ny funksjon i hjemmet \u2013 forvandlet fra industriavfall til et estetisk og funksjonelt m\u00f8bel. Denne transformasjonen gir krakken karakter og gj\u00f8r den til et samtaleemne som vekker nysgjerrighet og begeistring.<\/span><\/p>\n<p><span style=\"font-weight: 400;\">Samtidig er bruk av dekk et sterkt b\u00e6rekraftig valg. Dekk er vanligvis vanskelige \u00e5 resirkulere og ender ofte opp som avfall som forurenser milj\u00f8et. Ved \u00e5 gjenbruke dem i m\u00f8belproduksjon forlenges materialets levetid betydelig og behovet for nye r\u00e5varer reduseres. Kombinasjonen av resirkulering, h\u00e5ndverk og estetikk viser hvordan b\u00e6rekraft og design kan g\u00e5 h\u00e5nd i h\u00e5nd uten at det g\u00e5r p\u00e5 bekostning av kvalitet eller uttrykk.<\/span><\/p>\n<p><span style=\"font-weight: 400;\">\u00c5 bruke et dekk som base for flettearbeidet gir ogs\u00e5 en robust og slitesterk kjerne, noe som gj\u00f8r krakken egnet for daglig bruk. Dette st\u00f8tter Tibladins id\u00e9 om \u00e5 skape m\u00f8bler som ikke bare er vakre, men ogs\u00e5 ansvarlige \u2013 m\u00f8bler med sjel, historie og hensyn til b\u00e5de mennesker og milj\u00f8.<\/span><\/p>\n<p><span style=\"font-weight: 400;\">Krakkene er h\u00e5ndlaget av kvinner i et kvinnekooperativ s\u00f8r for Marrakech. Kooperativet sysselsetter rundt 160 kvinner og spiller en viktig rolle i \u00e5 forbedre levek\u00e5rene til mange familier i den lille landsbyen. N\u00e5r du velger denne krakken, f\u00e5r du ikke bare et vakkert og funksjonelt m\u00f8bel \u2013 du st\u00f8tter ogs\u00e5 tradisjonelt h\u00e5ndverk, b\u00e6rekraftig produksjon og kvinners mulighet til \u00f8konomisk uavhengighet.<\/span><\/p>\n\n\t\t<\/div>\n\t<\/div>\n<\/div><\/div><\/div><\/div>\n<\/div>","protected":false},"excerpt":{"rendered":"<p class=\"p1\"><span class=\"s1\">Benk laget av tre og flettede snorer i et fint m\u00f8nster med bl\u00e5 og brune farger. <\/span><\/p>\n<p class=\"p1\"><span class=\"s1\">Et enkelt m\u00f8bel \u00e5 legge til i interi\u00f8ret ditt for \u00e5 skape et personlig uttrykk. Passer godt p\u00e5 soverommet, i gangen og p\u00e5 badet, for eksempel.<\/span><\/p>\n<p>Krakken m\u00e5ler omtrent 63 cm i lengde, 37 cm i bredden og er 33 cm h\u00f8y. Det kan v\u00e6re sm\u00e5 m\u00e5lforskjeller, ettersom krakkene er h\u00e5ndlaget.<\/p>","protected":false},"featured_media":454,"template":"","meta":{"inline_featured_image":false},"product_brand":[],"product_cat":[36,39,49],"product_tag":[],"class_list":{"0":"post-460","1":"product","2":"type-product","3":"status-publish","4":"has-post-thumbnail","6":"product_cat-gaver-til-under-500-kr","7":"product_cat-moebler","8":"product_cat-skamler","10":"first","11":"instock","12":"featured","13":"taxable","14":"shipping-taxable","15":"purchasable","16":"product-type-simple"},"exclude_global_add_ons":[],"addons":[],"yoast_head":"<!-- This site is optimized with the Yoast SEO plugin v27.4 - https:\/\/yoast.com\/product\/yoast-seo-wordpress\/ -->\n<title>B\u00e6nk\/Skammel i tr\u00e6 med snor flet | Tibladin<\/title>\n<meta name=\"description\" content=\"Skammel\/b\u00e6nk med flet af snore i bl\u00e5 og brune nuancer.Kan let tils\u00e6ttes din indretning og give et personligt og bo\u00eame udtryk.\" \/>\n<meta name=\"robots\" content=\"index, follow, max-snippet:-1, max-image-preview:large, max-video-preview:-1\" \/>\n<link rel=\"canonical\" href=\"https:\/\/tibladin.dk\/nb\/produkt\/krakk-med-tauflette\/\" \/>\n<meta property=\"og:locale\" content=\"nb_NO\" \/>\n<meta property=\"og:type\" content=\"article\" \/>\n<meta property=\"og:title\" content=\"B\u00e6nk\/Skammel i tr\u00e6 med snor flet | Tibladin\" \/>\n<meta property=\"og:description\" content=\"Skammel\/b\u00e6nk med flet af snore i bl\u00e5 og brune nuancer.Kan let tils\u00e6ttes din indretning og give et personligt og bo\u00eame udtryk.\" \/>\n<meta property=\"og:url\" content=\"https:\/\/tibladin.dk\/nb\/produkt\/krakk-med-tauflette\/\" \/>\n<meta property=\"og:site_name\" content=\"Tibladin\" \/>\n<meta property=\"article:modified_time\" content=\"2026-01-08T14:56:54+00:00\" \/>\n<meta property=\"og:image\" content=\"https:\/\/tibladin.dk\/wp-content\/uploads\/2022\/09\/Tibladin_baenk_snorflet_2_800x800-1.jpg\" \/>\n\t<meta property=\"og:image:width\" content=\"800\" \/>\n\t<meta property=\"og:image:height\" content=\"800\" \/>\n\t<meta property=\"og:image:type\" content=\"image\/jpeg\" \/>\n<meta name=\"twitter:card\" content=\"summary_large_image\" \/>\n<meta name=\"twitter:label1\" content=\"Ansl. lesetid\" \/>\n\t<meta name=\"twitter:data1\" content=\"2 minutter\" \/>\n<script type=\"application\/ld+json\" class=\"yoast-schema-graph\">{\"@context\":\"https:\\\/\\\/schema.org\",\"@graph\":[{\"@type\":\"WebPage\",\"@id\":\"https:\\\/\\\/tibladin.dk\\\/produkt\\\/skammel-med-snorflet\\\/\",\"url\":\"https:\\\/\\\/tibladin.dk\\\/produkt\\\/skammel-med-snorflet\\\/\",\"name\":\"B\u00e6nk\\\/Skammel i tr\u00e6 med snor flet | Tibladin\",\"isPartOf\":{\"@id\":\"https:\\\/\\\/tibladin.dk\\\/#website\"},\"primaryImageOfPage\":{\"@id\":\"https:\\\/\\\/tibladin.dk\\\/produkt\\\/skammel-med-snorflet\\\/#primaryimage\"},\"image\":{\"@id\":\"https:\\\/\\\/tibladin.dk\\\/produkt\\\/skammel-med-snorflet\\\/#primaryimage\"},\"thumbnailUrl\":\"https:\\\/\\\/tibladin.dk\\\/wp-content\\\/uploads\\\/2022\\\/09\\\/Tibladin_baenk_snorflet_2_800x800-1.jpg\",\"datePublished\":\"2022-09-20T09:02:20+00:00\",\"dateModified\":\"2026-01-08T14:56:54+00:00\",\"description\":\"Skammel\\\/b\u00e6nk med flet af snore i bl\u00e5 og brune nuancer.Kan let tils\u00e6ttes din indretning og give et personligt og bo\u00eame udtryk.\",\"breadcrumb\":{\"@id\":\"https:\\\/\\\/tibladin.dk\\\/produkt\\\/skammel-med-snorflet\\\/#breadcrumb\"},\"inLanguage\":\"nb-NO\",\"potentialAction\":[{\"@type\":\"ReadAction\",\"target\":[\"https:\\\/\\\/tibladin.dk\\\/produkt\\\/skammel-med-snorflet\\\/\"]}]},{\"@type\":\"ImageObject\",\"inLanguage\":\"nb-NO\",\"@id\":\"https:\\\/\\\/tibladin.dk\\\/produkt\\\/skammel-med-snorflet\\\/#primaryimage\",\"url\":\"https:\\\/\\\/tibladin.dk\\\/wp-content\\\/uploads\\\/2022\\\/09\\\/Tibladin_baenk_snorflet_2_800x800-1.jpg\",\"contentUrl\":\"https:\\\/\\\/tibladin.dk\\\/wp-content\\\/uploads\\\/2022\\\/09\\\/Tibladin_baenk_snorflet_2_800x800-1.jpg\",\"width\":800,\"height\":800,\"caption\":\"Marokkansk skammel\"},{\"@type\":\"BreadcrumbList\",\"@id\":\"https:\\\/\\\/tibladin.dk\\\/produkt\\\/skammel-med-snorflet\\\/#breadcrumb\",\"itemListElement\":[{\"@type\":\"ListItem\",\"position\":1,\"name\":\"Hjem\",\"item\":\"https:\\\/\\\/tibladin.dk\\\/\"},{\"@type\":\"ListItem\",\"position\":2,\"name\":\"Shop\",\"item\":\"https:\\\/\\\/tibladin.dk\\\/shop\\\/\"},{\"@type\":\"ListItem\",\"position\":3,\"name\":\"Skammel med snorflet\"}]},{\"@type\":\"WebSite\",\"@id\":\"https:\\\/\\\/tibladin.dk\\\/#website\",\"url\":\"https:\\\/\\\/tibladin.dk\\\/\",\"name\":\"Tibladin\",\"description\":\"Tibladin\",\"publisher\":{\"@id\":\"https:\\\/\\\/tibladin.dk\\\/#organization\"},\"potentialAction\":[{\"@type\":\"SearchAction\",\"target\":{\"@type\":\"EntryPoint\",\"urlTemplate\":\"https:\\\/\\\/tibladin.dk\\\/?s={search_term_string}\"},\"query-input\":{\"@type\":\"PropertyValueSpecification\",\"valueRequired\":true,\"valueName\":\"search_term_string\"}}],\"inLanguage\":\"nb-NO\"},{\"@type\":\"Organization\",\"@id\":\"https:\\\/\\\/tibladin.dk\\\/#organization\",\"name\":\"Tibladin\",\"url\":\"https:\\\/\\\/tibladin.dk\\\/\",\"logo\":{\"@type\":\"ImageObject\",\"inLanguage\":\"nb-NO\",\"@id\":\"https:\\\/\\\/tibladin.dk\\\/#\\\/schema\\\/logo\\\/image\\\/\",\"url\":\"https:\\\/\\\/tibladin.dk\\\/wp-content\\\/uploads\\\/2022\\\/09\\\/tibladin_logo.svg\",\"contentUrl\":\"https:\\\/\\\/tibladin.dk\\\/wp-content\\\/uploads\\\/2022\\\/09\\\/tibladin_logo.svg\",\"caption\":\"Tibladin\"},\"image\":{\"@id\":\"https:\\\/\\\/tibladin.dk\\\/#\\\/schema\\\/logo\\\/image\\\/\"}}]}<\/script>\n<!-- \/ Yoast SEO plugin. -->","yoast_head_json":{"title":"Trebenk\/krakk med flettet snor | Tibladin","description":"Krakk\/benk med flettede snorer i bl\u00e5 og brune nyanser. Kan enkelt legges til innredningen din og gi et personlig og bohemsk uttrykk.","robots":{"index":"index","follow":"follow","max-snippet":"max-snippet:-1","max-image-preview":"max-image-preview:large","max-video-preview":"max-video-preview:-1"},"canonical":"https:\/\/tibladin.dk\/nb\/produkt\/krakk-med-tauflette\/","og_locale":"nb_NO","og_type":"article","og_title":"B\u00e6nk\/Skammel i tr\u00e6 med snor flet | Tibladin","og_description":"Skammel\/b\u00e6nk med flet af snore i bl\u00e5 og brune nuancer.Kan let tils\u00e6ttes din indretning og give et personligt og bo\u00eame udtryk.","og_url":"https:\/\/tibladin.dk\/nb\/produkt\/krakk-med-tauflette\/","og_site_name":"Tibladin","article_modified_time":"2026-01-08T14:56:54+00:00","og_image":[{"width":800,"height":800,"url":"https:\/\/tibladin.dk\/wp-content\/uploads\/2022\/09\/Tibladin_baenk_snorflet_2_800x800-1.jpg","type":"image\/jpeg"}],"twitter_card":"summary_large_image","twitter_misc":{"Ansl. lesetid":"2 minutter"},"schema":{"@context":"https:\/\/schema.org","@graph":[{"@type":"WebPage","@id":"https:\/\/tibladin.dk\/produkt\/skammel-med-snorflet\/","url":"https:\/\/tibladin.dk\/produkt\/skammel-med-snorflet\/","name":"Trebenk\/krakk med flettet snor | Tibladin","isPartOf":{"@id":"https:\/\/tibladin.dk\/#website"},"primaryImageOfPage":{"@id":"https:\/\/tibladin.dk\/produkt\/skammel-med-snorflet\/#primaryimage"},"image":{"@id":"https:\/\/tibladin.dk\/produkt\/skammel-med-snorflet\/#primaryimage"},"thumbnailUrl":"https:\/\/tibladin.dk\/wp-content\/uploads\/2022\/09\/Tibladin_baenk_snorflet_2_800x800-1.jpg","datePublished":"2022-09-20T09:02:20+00:00","dateModified":"2026-01-08T14:56:54+00:00","description":"Krakk\/benk med flettede snorer i bl\u00e5 og brune nyanser. Kan enkelt legges til innredningen din og gi et personlig og bohemsk uttrykk.","breadcrumb":{"@id":"https:\/\/tibladin.dk\/produkt\/skammel-med-snorflet\/#breadcrumb"},"inLanguage":"nb-NO","potentialAction":[{"@type":"ReadAction","target":["https:\/\/tibladin.dk\/produkt\/skammel-med-snorflet\/"]}]},{"@type":"ImageObject","inLanguage":"nb-NO","@id":"https:\/\/tibladin.dk\/produkt\/skammel-med-snorflet\/#primaryimage","url":"https:\/\/tibladin.dk\/wp-content\/uploads\/2022\/09\/Tibladin_baenk_snorflet_2_800x800-1.jpg","contentUrl":"https:\/\/tibladin.dk\/wp-content\/uploads\/2022\/09\/Tibladin_baenk_snorflet_2_800x800-1.jpg","width":800,"height":800,"caption":"Marokkansk skammel"},{"@type":"BreadcrumbList","@id":"https:\/\/tibladin.dk\/produkt\/skammel-med-snorflet\/#breadcrumb","itemListElement":[{"@type":"ListItem","position":1,"name":"Hjem","item":"https:\/\/tibladin.dk\/"},{"@type":"ListItem","position":2,"name":"Shop","item":"https:\/\/tibladin.dk\/shop\/"},{"@type":"ListItem","position":3,"name":"Skammel med snorflet"}]},{"@type":"WebSite","@id":"https:\/\/tibladin.dk\/#website","url":"https:\/\/tibladin.dk\/","name":"Tibladin","description":"Tibladin","publisher":{"@id":"https:\/\/tibladin.dk\/#organization"},"potentialAction":[{"@type":"SearchAction","target":{"@type":"EntryPoint","urlTemplate":"https:\/\/tibladin.dk\/?s={search_term_string}"},"query-input":{"@type":"PropertyValueSpecification","valueRequired":true,"valueName":"search_term_string"}}],"inLanguage":"nb-NO"},{"@type":"Organization","@id":"https:\/\/tibladin.dk\/#organization","name":"Tibladin","url":"https:\/\/tibladin.dk\/","logo":{"@type":"ImageObject","inLanguage":"nb-NO","@id":"https:\/\/tibladin.dk\/#\/schema\/logo\/image\/","url":"https:\/\/tibladin.dk\/wp-content\/uploads\/2022\/09\/tibladin_logo.svg","contentUrl":"https:\/\/tibladin.dk\/wp-content\/uploads\/2022\/09\/tibladin_logo.svg","caption":"Tibladin"},"image":{"@id":"https:\/\/tibladin.dk\/#\/schema\/logo\/image\/"}}]}},"_links":{"self":[{"href":"https:\/\/tibladin.dk\/nb\/wp-json\/wp\/v2\/product\/460","targetHints":{"allow":["GET"]}}],"collection":[{"href":"https:\/\/tibladin.dk\/nb\/wp-json\/wp\/v2\/product"}],"about":[{"href":"https:\/\/tibladin.dk\/nb\/wp-json\/wp\/v2\/types\/product"}],"wp:featuredmedia":[{"embeddable":true,"href":"https:\/\/tibladin.dk\/nb\/wp-json\/wp\/v2\/media\/454"}],"wp:attachment":[{"href":"https:\/\/tibladin.dk\/nb\/wp-json\/wp\/v2\/media?parent=460"}],"wp:term":[{"taxonomy":"product_brand","embeddable":true,"href":"https:\/\/tibladin.dk\/nb\/wp-json\/wp\/v2\/product_brand?post=460"},{"taxonomy":"product_cat","embeddable":true,"href":"https:\/\/tibladin.dk\/nb\/wp-json\/wp\/v2\/product_cat?post=460"},{"taxonomy":"product_tag","embeddable":true,"href":"https:\/\/tibladin.dk\/nb\/wp-json\/wp\/v2\/product_tag?post=460"}],"curies":[{"name":"wp","href":"https:\/\/api.w.org\/{rel}","templated":true}]}}