{"id":4749,"date":"2022-11-07T09:22:24","date_gmt":"2022-11-07T08:22:24","guid":{"rendered":"https:\/\/tibladin.dk\/?post_type=product&#038;p=4749"},"modified":"2026-02-11T19:16:01","modified_gmt":"2026-02-11T18:16:01","slug":"toefler-dame-deluxe-groenne","status":"publish","type":"product","link":"https:\/\/tibladin.dk\/nb\/produkt\/slippers-dame-deluxe-groen\/","title":{"rendered":"Luksust\u00f8fler til dame \u2013 gr\u00f8nn"},"content":{"rendered":"<div class=\"wpb-content-wrapper\"><div class=\"vc_row wpb_row vc_row-fluid\"><div class=\"wpb_column vc_column_container vc_col-sm-4\"><div class=\"vc_column-inner\"><div class=\"wpb_wrapper\"><\/div><\/div><\/div><div class=\"wpb_column vc_column_container vc_col-sm-4\"><div class=\"vc_column-inner\"><div class=\"wpb_wrapper\"><h3 style=\"text-align: left\" class=\"vc_custom_heading vc_do_custom_heading\" >Vedlikehold<\/h3>\n\t<div class=\"wpb_text_column wpb_content_element\" >\n\t\t<div class=\"wpb_wrapper\">\n\t\t\t<p>Hvis du f\u00e5r en flekk p\u00e5 semskede t\u00f8fler, bruk et viskel\u00e6r som er egnet for semsket skinn for \u00e5 fjerne flekken. Kan impregneres med et produkt som er egnet for semsket skinn.<\/p>\n<p>St\u00f8rrelsesguide kvinner \u2013 omtrentlige m\u00e5l:<\/p>\n<p>36 L: 23,2 cm<\/p>\n<p>37<span class=\"Apple-converted-space\">\u00a0 <\/span>L: 23,8 cm<\/p>\n<p>38<span class=\"Apple-converted-space\">\u00a0 <\/span>L: 24,3 cm<\/p>\n<p>39<span class=\"Apple-converted-space\">\u00a0 <\/span>L: 25,1 cm<\/p>\n<p>40<span class=\"Apple-converted-space\">\u00a0 <\/span>L: 25,4 cm<\/p>\n<p>41<span class=\"Apple-converted-space\">\u00a0 <\/span>L: 26,3 cm<\/p>\n<p>42 L:26,5 cm<\/p>\n<p>43 L:27 cm<\/p>\n\n\t\t<\/div>\n\t<\/div>\n<\/div><\/div><\/div><div class=\"wpb_column vc_column_container vc_col-sm-4\"><div class=\"vc_column-inner\"><div class=\"wpb_wrapper\"><h3 style=\"text-align: left\" class=\"vc_custom_heading vc_do_custom_heading\" >Historien bak<\/h3>\n\t<div class=\"wpb_text_column wpb_content_element\" >\n\t\t<div class=\"wpb_wrapper\">\n\t\t\t<p><i>T\u00f8fler\u00a0<\/i>er klassiske marokkanske t\u00f8fler.<\/p>\n<p>De er h\u00e5ndlaget p\u00e5 tradisjonell m\u00e5te i Marokko. Alle i geiteskinn, slik at de f\u00f8les silkemyke mot f\u00f8ttene. Med sine mange forskjellige farger og m\u00f8nstre kan de innlemmes i de fleste antrekk og gi et deilig preg av bohemsk stil til et skandinavisk utseende. I Marokko brukes de b\u00e5de innend\u00f8rs og utend\u00f8rs, og bare vent, s\u00e5 snart du tar disse deilige t\u00f8flene p\u00e5 f\u00f8ttene, vil du ikke ha p\u00e5 deg noe annet.<\/p>\n<p><strong>Hvorfor velge t\u00f8fler fra Tibladin?<\/strong><\/p>\n<ul>\n<li>Du f\u00f8ler nesten ikke at du har noe p\u00e5 foten; de f\u00f8les fantastisk lette.<\/li>\n<li>Perfekt \u00e5 ta med seg n\u00e5r du bes\u00f8ker venner og familie<\/li>\n<li>Veier og tar ingenting opp n\u00e5r du tar dem med p\u00e5 ferie<\/li>\n<li>Holder f\u00f8ttene dine p\u00e5 en behagelig temperatur, ikke for varme, ikke for kalde<\/li>\n<li>Myk og fleksibel og passer de fleste f\u00f8tter<\/li>\n<li>Mange farger og stiler \u00e5 velge mellom<\/li>\n<li>H\u00e5ndlaget av 100 %-skinn<\/li>\n<li>Med kj\u00f8pet ditt st\u00f8tter du de sm\u00e5 h\u00e5ndverkerne i Marokko<\/li>\n<\/ul>\n\n\t\t<\/div>\n\t<\/div>\n<\/div><\/div><\/div><\/div>\n<\/div>","protected":false},"excerpt":{"rendered":"<ul>\n<li>Deluxe-t\u00f8fler i 100% deilig kvalitets semsket skinn i en deilig gr\u00f8nnfarge. Disse t\u00f8flene er for deg som \u00f8nsker en vakker t\u00f8ffel som er helt unik i et vakkert design.<\/li>\n<li>T\u00f8flene er lette \u00e5 g\u00e5 i, sitter godt p\u00e5 f\u00f8ttene og er veldig komfortable \u00e5 g\u00e5 i.<\/li>\n<\/ul>","protected":false},"featured_media":5791,"template":"","meta":{"inline_featured_image":false},"product_brand":[],"product_cat":[79,80],"product_tag":[],"class_list":{"0":"post-4749","1":"product","2":"type-product","3":"status-publish","4":"has-post-thumbnail","6":"product_cat-slippers","7":"product_cat-kvinder","9":"first","10":"instock","11":"taxable","12":"shipping-taxable","13":"purchasable","14":"product-type-variable"},"exclude_global_add_ons":false,"addons":[{"name":"\u00d8nsker du gaveinnpakning?","type":"checkbox","position":0,"required":false,"title_format":"label","default":"","description_enable":false,"description":"","placeholder_enable":false,"placeholder":"","display":"images","restrictions_type":"any_text","adjust_price":false,"price":"","price_type":"flat_fee","restrictions":false,"min":"0","max":"0","options":[{"label":"Ja tak","price":"10","price_type":"flat_fee","image":11015,"visibility":true}],"id":1669646111}],"yoast_head":"<!-- This site is optimized with the Yoast SEO plugin v27.5 - https:\/\/yoast.com\/product\/yoast-seo-wordpress\/ -->\n<title>Slippers dame | Unikt design | Tibladin<\/title>\n<meta name=\"description\" content=\"Marokkanske deluxe slippers til dame i dejlig bl\u00f8d ruskind i en l\u00e6kker gr\u00f8n farve. Stort udvalg af marokkanske slippers i forskellige farver\" \/>\n<meta name=\"robots\" content=\"index, follow, max-snippet:-1, max-image-preview:large, max-video-preview:-1\" \/>\n<link rel=\"canonical\" href=\"https:\/\/tibladin.dk\/nb\/produkt\/toefler-dame-deluxe-groenne\/\" \/>\n<meta property=\"og:locale\" content=\"nb_NO\" \/>\n<meta property=\"og:type\" content=\"article\" \/>\n<meta property=\"og:title\" content=\"Slippers dame | Unikt design | Tibladin\" \/>\n<meta property=\"og:description\" content=\"Marokkanske deluxe slippers til dame i dejlig bl\u00f8d ruskind i en l\u00e6kker gr\u00f8n farve. Stort udvalg af marokkanske slippers i forskellige farver\" \/>\n<meta property=\"og:url\" content=\"https:\/\/tibladin.dk\/nb\/produkt\/toefler-dame-deluxe-groenne\/\" \/>\n<meta property=\"og:site_name\" content=\"Tibladin\" \/>\n<meta property=\"article:modified_time\" content=\"2026-02-11T18:16:01+00:00\" \/>\n<meta property=\"og:image\" content=\"https:\/\/tibladin.dk\/wp-content\/uploads\/2022\/11\/Ruskind-slippers-groen_3.jpg\" \/>\n\t<meta property=\"og:image:width\" content=\"800\" \/>\n\t<meta property=\"og:image:height\" content=\"800\" \/>\n\t<meta property=\"og:image:type\" content=\"image\/jpeg\" \/>\n<meta name=\"twitter:card\" content=\"summary_large_image\" \/>\n<meta name=\"twitter:label1\" content=\"Ansl. lesetid\" \/>\n\t<meta name=\"twitter:data1\" content=\"2 minutter\" \/>\n<script type=\"application\/ld+json\" class=\"yoast-schema-graph\">{\"@context\":\"https:\\\/\\\/schema.org\",\"@graph\":[{\"@type\":\"WebPage\",\"@id\":\"https:\\\/\\\/tibladin.dk\\\/produkt\\\/slippers-dame-deluxe-groen\\\/\",\"url\":\"https:\\\/\\\/tibladin.dk\\\/produkt\\\/slippers-dame-deluxe-groen\\\/\",\"name\":\"Slippers dame | Unikt design | Tibladin\",\"isPartOf\":{\"@id\":\"https:\\\/\\\/tibladin.dk\\\/#website\"},\"primaryImageOfPage\":{\"@id\":\"https:\\\/\\\/tibladin.dk\\\/produkt\\\/slippers-dame-deluxe-groen\\\/#primaryimage\"},\"image\":{\"@id\":\"https:\\\/\\\/tibladin.dk\\\/produkt\\\/slippers-dame-deluxe-groen\\\/#primaryimage\"},\"thumbnailUrl\":\"https:\\\/\\\/tibladin.dk\\\/wp-content\\\/uploads\\\/2022\\\/11\\\/Ruskind-slippers-groen_3.jpg\",\"datePublished\":\"2022-11-07T08:22:24+00:00\",\"dateModified\":\"2026-02-11T18:16:01+00:00\",\"description\":\"Marokkanske deluxe slippers til dame i dejlig bl\u00f8d ruskind i en l\u00e6kker gr\u00f8n farve. Stort udvalg af marokkanske slippers i forskellige farver\",\"breadcrumb\":{\"@id\":\"https:\\\/\\\/tibladin.dk\\\/produkt\\\/slippers-dame-deluxe-groen\\\/#breadcrumb\"},\"inLanguage\":\"nb-NO\",\"potentialAction\":[{\"@type\":\"ReadAction\",\"target\":[\"https:\\\/\\\/tibladin.dk\\\/produkt\\\/slippers-dame-deluxe-groen\\\/\"]}]},{\"@type\":\"ImageObject\",\"inLanguage\":\"nb-NO\",\"@id\":\"https:\\\/\\\/tibladin.dk\\\/produkt\\\/slippers-dame-deluxe-groen\\\/#primaryimage\",\"url\":\"https:\\\/\\\/tibladin.dk\\\/wp-content\\\/uploads\\\/2022\\\/11\\\/Ruskind-slippers-groen_3.jpg\",\"contentUrl\":\"https:\\\/\\\/tibladin.dk\\\/wp-content\\\/uploads\\\/2022\\\/11\\\/Ruskind-slippers-groen_3.jpg\",\"width\":800,\"height\":800,\"caption\":\"Ruskind slippers gr\u00f8n\"},{\"@type\":\"BreadcrumbList\",\"@id\":\"https:\\\/\\\/tibladin.dk\\\/produkt\\\/slippers-dame-deluxe-groen\\\/#breadcrumb\",\"itemListElement\":[{\"@type\":\"ListItem\",\"position\":1,\"name\":\"Hjem\",\"item\":\"https:\\\/\\\/tibladin.dk\\\/\"},{\"@type\":\"ListItem\",\"position\":2,\"name\":\"Shop\",\"item\":\"https:\\\/\\\/tibladin.dk\\\/shop\\\/\"},{\"@type\":\"ListItem\",\"position\":3,\"name\":\"Slippers dame deluxe &#8211; gr\u00f8n\"}]},{\"@type\":\"WebSite\",\"@id\":\"https:\\\/\\\/tibladin.dk\\\/#website\",\"url\":\"https:\\\/\\\/tibladin.dk\\\/\",\"name\":\"Tibladin\",\"description\":\"Tibladin\",\"publisher\":{\"@id\":\"https:\\\/\\\/tibladin.dk\\\/#organization\"},\"potentialAction\":[{\"@type\":\"SearchAction\",\"target\":{\"@type\":\"EntryPoint\",\"urlTemplate\":\"https:\\\/\\\/tibladin.dk\\\/?s={search_term_string}\"},\"query-input\":{\"@type\":\"PropertyValueSpecification\",\"valueRequired\":true,\"valueName\":\"search_term_string\"}}],\"inLanguage\":\"nb-NO\"},{\"@type\":\"Organization\",\"@id\":\"https:\\\/\\\/tibladin.dk\\\/#organization\",\"name\":\"Tibladin\",\"url\":\"https:\\\/\\\/tibladin.dk\\\/\",\"logo\":{\"@type\":\"ImageObject\",\"inLanguage\":\"nb-NO\",\"@id\":\"https:\\\/\\\/tibladin.dk\\\/#\\\/schema\\\/logo\\\/image\\\/\",\"url\":\"https:\\\/\\\/tibladin.dk\\\/wp-content\\\/uploads\\\/2022\\\/09\\\/tibladin_logo.svg\",\"contentUrl\":\"https:\\\/\\\/tibladin.dk\\\/wp-content\\\/uploads\\\/2022\\\/09\\\/tibladin_logo.svg\",\"caption\":\"Tibladin\"},\"image\":{\"@id\":\"https:\\\/\\\/tibladin.dk\\\/#\\\/schema\\\/logo\\\/image\\\/\"}}]}<\/script>\n<!-- \/ Yoast SEO plugin. -->","yoast_head_json":{"title":"T\u00f8fler dame | Unikt design | Tibladin","description":"Marokkanske luksust\u00f8fler for kvinner i deilig mykt semsket skinn i en deilig gr\u00f8nnfarge. Stort utvalg av marokkanske t\u00f8fler i forskjellige farger","robots":{"index":"index","follow":"follow","max-snippet":"max-snippet:-1","max-image-preview":"max-image-preview:large","max-video-preview":"max-video-preview:-1"},"canonical":"https:\/\/tibladin.dk\/nb\/produkt\/toefler-dame-deluxe-groenne\/","og_locale":"nb_NO","og_type":"article","og_title":"Slippers dame | Unikt design | Tibladin","og_description":"Marokkanske deluxe slippers til dame i dejlig bl\u00f8d ruskind i en l\u00e6kker gr\u00f8n farve. Stort udvalg af marokkanske slippers i forskellige farver","og_url":"https:\/\/tibladin.dk\/nb\/produkt\/toefler-dame-deluxe-groenne\/","og_site_name":"Tibladin","article_modified_time":"2026-02-11T18:16:01+00:00","og_image":[{"width":800,"height":800,"url":"https:\/\/tibladin.dk\/wp-content\/uploads\/2022\/11\/Ruskind-slippers-groen_3.jpg","type":"image\/jpeg"}],"twitter_card":"summary_large_image","twitter_misc":{"Ansl. lesetid":"2 minutter"},"schema":{"@context":"https:\/\/schema.org","@graph":[{"@type":"WebPage","@id":"https:\/\/tibladin.dk\/produkt\/slippers-dame-deluxe-groen\/","url":"https:\/\/tibladin.dk\/produkt\/slippers-dame-deluxe-groen\/","name":"T\u00f8fler dame | Unikt design | Tibladin","isPartOf":{"@id":"https:\/\/tibladin.dk\/#website"},"primaryImageOfPage":{"@id":"https:\/\/tibladin.dk\/produkt\/slippers-dame-deluxe-groen\/#primaryimage"},"image":{"@id":"https:\/\/tibladin.dk\/produkt\/slippers-dame-deluxe-groen\/#primaryimage"},"thumbnailUrl":"https:\/\/tibladin.dk\/wp-content\/uploads\/2022\/11\/Ruskind-slippers-groen_3.jpg","datePublished":"2022-11-07T08:22:24+00:00","dateModified":"2026-02-11T18:16:01+00:00","description":"Marokkanske luksust\u00f8fler for kvinner i deilig mykt semsket skinn i en deilig gr\u00f8nnfarge. Stort utvalg av marokkanske t\u00f8fler i forskjellige farger","breadcrumb":{"@id":"https:\/\/tibladin.dk\/produkt\/slippers-dame-deluxe-groen\/#breadcrumb"},"inLanguage":"nb-NO","potentialAction":[{"@type":"ReadAction","target":["https:\/\/tibladin.dk\/produkt\/slippers-dame-deluxe-groen\/"]}]},{"@type":"ImageObject","inLanguage":"nb-NO","@id":"https:\/\/tibladin.dk\/produkt\/slippers-dame-deluxe-groen\/#primaryimage","url":"https:\/\/tibladin.dk\/wp-content\/uploads\/2022\/11\/Ruskind-slippers-groen_3.jpg","contentUrl":"https:\/\/tibladin.dk\/wp-content\/uploads\/2022\/11\/Ruskind-slippers-groen_3.jpg","width":800,"height":800,"caption":"Ruskind slippers gr\u00f8n"},{"@type":"BreadcrumbList","@id":"https:\/\/tibladin.dk\/produkt\/slippers-dame-deluxe-groen\/#breadcrumb","itemListElement":[{"@type":"ListItem","position":1,"name":"Hjem","item":"https:\/\/tibladin.dk\/"},{"@type":"ListItem","position":2,"name":"Shop","item":"https:\/\/tibladin.dk\/shop\/"},{"@type":"ListItem","position":3,"name":"Slippers dame deluxe &#8211; gr\u00f8n"}]},{"@type":"WebSite","@id":"https:\/\/tibladin.dk\/#website","url":"https:\/\/tibladin.dk\/","name":"Tibladin","description":"Tibladin","publisher":{"@id":"https:\/\/tibladin.dk\/#organization"},"potentialAction":[{"@type":"SearchAction","target":{"@type":"EntryPoint","urlTemplate":"https:\/\/tibladin.dk\/?s={search_term_string}"},"query-input":{"@type":"PropertyValueSpecification","valueRequired":true,"valueName":"search_term_string"}}],"inLanguage":"nb-NO"},{"@type":"Organization","@id":"https:\/\/tibladin.dk\/#organization","name":"Tibladin","url":"https:\/\/tibladin.dk\/","logo":{"@type":"ImageObject","inLanguage":"nb-NO","@id":"https:\/\/tibladin.dk\/#\/schema\/logo\/image\/","url":"https:\/\/tibladin.dk\/wp-content\/uploads\/2022\/09\/tibladin_logo.svg","contentUrl":"https:\/\/tibladin.dk\/wp-content\/uploads\/2022\/09\/tibladin_logo.svg","caption":"Tibladin"},"image":{"@id":"https:\/\/tibladin.dk\/#\/schema\/logo\/image\/"}}]}},"_links":{"self":[{"href":"https:\/\/tibladin.dk\/nb\/wp-json\/wp\/v2\/product\/4749","targetHints":{"allow":["GET"]}}],"collection":[{"href":"https:\/\/tibladin.dk\/nb\/wp-json\/wp\/v2\/product"}],"about":[{"href":"https:\/\/tibladin.dk\/nb\/wp-json\/wp\/v2\/types\/product"}],"wp:featuredmedia":[{"embeddable":true,"href":"https:\/\/tibladin.dk\/nb\/wp-json\/wp\/v2\/media\/5791"}],"wp:attachment":[{"href":"https:\/\/tibladin.dk\/nb\/wp-json\/wp\/v2\/media?parent=4749"}],"wp:term":[{"taxonomy":"product_brand","embeddable":true,"href":"https:\/\/tibladin.dk\/nb\/wp-json\/wp\/v2\/product_brand?post=4749"},{"taxonomy":"product_cat","embeddable":true,"href":"https:\/\/tibladin.dk\/nb\/wp-json\/wp\/v2\/product_cat?post=4749"},{"taxonomy":"product_tag","embeddable":true,"href":"https:\/\/tibladin.dk\/nb\/wp-json\/wp\/v2\/product_tag?post=4749"}],"curies":[{"name":"wp","href":"https:\/\/api.w.org\/{rel}","templated":true}]}}