{"id":4776,"date":"2022-11-07T10:44:51","date_gmt":"2022-11-07T09:44:51","guid":{"rendered":"https:\/\/tibladin.dk\/?post_type=product&#038;p=4776"},"modified":"2026-04-25T13:42:24","modified_gmt":"2026-04-25T11:42:24","slug":"dametoefler-med-fast-saale-i-jeans","status":"publish","type":"product","link":"https:\/\/tibladin.dk\/nb\/produkt\/slippers-dame-med-fast-saal-jeans\/","title":{"rendered":"Damet\u00f8fler med solid s\u00e5le - jeans"},"content":{"rendered":"<div class=\"wpb-content-wrapper\"><div class=\"vc_row wpb_row vc_row-fluid\"><div class=\"wpb_column vc_column_container vc_col-sm-4\"><div class=\"vc_column-inner\"><div class=\"wpb_wrapper\"><\/div><\/div><\/div><div class=\"wpb_column vc_column_container vc_col-sm-4\"><div class=\"vc_column-inner\"><div class=\"wpb_wrapper\"><h3 style=\"text-align: left\" class=\"vc_custom_heading vc_do_custom_heading\" >Vedlikehold<\/h3>\n\t<div class=\"wpb_text_column wpb_content_element\" >\n\t\t<div class=\"wpb_wrapper\">\n\t\t\t<p>Disse t\u00f8flene er laget av denimstoff. Hvis du f\u00e5r en flekk p\u00e5 dem, kan den fjernes med litt s\u00e5pe og vann. Bunnen er laget av hard gummi, s\u00e5 den kan rengj\u00f8res med en klut.<\/p>\n<p>St\u00f8rrelsesguide kvinner \u2013 omtrentlige m\u00e5l:<\/p>\n<p>36 L: 23,2 cm<\/p>\n<p>37<span class=\"Apple-converted-space\">\u00a0 <\/span>L: 23,8 cm<\/p>\n<p>38<span class=\"Apple-converted-space\">\u00a0 <\/span>L: 24,3 cm<\/p>\n<p>39<span class=\"Apple-converted-space\">\u00a0 <\/span>L: 25,1 cm<\/p>\n<p>40<span class=\"Apple-converted-space\">\u00a0 <\/span>L: 25,4 cm<\/p>\n<p>41<span class=\"Apple-converted-space\">\u00a0 <\/span>L: 26,3 cm<\/p>\n<p>42 L:26,5 cm<\/p>\n<p>43 L:27 cm<\/p>\n\n\t\t<\/div>\n\t<\/div>\n<\/div><\/div><\/div><div class=\"wpb_column vc_column_container vc_col-sm-4\"><div class=\"vc_column-inner\"><div class=\"wpb_wrapper\"><h3 style=\"text-align: left\" class=\"vc_custom_heading vc_do_custom_heading\" >Historien bak<\/h3>\n\t<div class=\"wpb_text_column wpb_content_element\" >\n\t\t<div class=\"wpb_wrapper\">\n\t\t\t<p><i>T\u00f8fler\u00a0<\/i>er klassiske marokkanske t\u00f8fler.<\/p>\n<p>De er h\u00e5ndlaget p\u00e5 tradisjonell m\u00e5te i Marokko. Unik modell i denim med en solid s\u00e5le. Du kan bruke disse utend\u00f8rs om sommeren. Hos Hus Tibladin har vi t\u00f8fler i mange forskjellige farger og m\u00f8nstre, de kan inkluderes i de fleste antrekk og gir et deilig preg av bohemsk stil til et skandinavisk utseende. I Marokko brukes de b\u00e5de ute og inne, og bare vent, s\u00e5 snart du f\u00e5r disse deilige t\u00f8flene p\u00e5 f\u00f8ttene, vil du ikke ha p\u00e5 deg noe annet.<\/p>\n<p><strong>Hvorfor velge t\u00f8fler fra Tibladin?<\/strong><\/p>\n<ul>\n<li>Du f\u00f8ler nesten ikke at du har noe p\u00e5 foten; de f\u00f8les fantastisk lette.<\/li>\n<li>Perfekt \u00e5 ta med seg n\u00e5r du bes\u00f8ker venner og familie<\/li>\n<li>Veier og tar ingenting opp n\u00e5r du tar dem med p\u00e5 ferie<\/li>\n<li>Holder f\u00f8ttene dine p\u00e5 en behagelig temperatur, ikke for varme, ikke for kalde<\/li>\n<li>Myk og fleksibel og passer de fleste f\u00f8tter<\/li>\n<li>Mange farger og stiler \u00e5 velge mellom<\/li>\n<li>H\u00e5ndlaget av 100 %-skinn<\/li>\n<li>Med kj\u00f8pet ditt st\u00f8tter du de sm\u00e5 h\u00e5ndverkerne i Marokko<\/li>\n<\/ul>\n\n\t\t<\/div>\n\t<\/div>\n<\/div><\/div><\/div><\/div>\n<\/div>","protected":false},"excerpt":{"rendered":"<ul>\n<li>Nydelige jeans-t\u00f8fler med solid s\u00e5le. Disse t\u00f8flene er for de som \u00f8nsker en vakker t\u00f8ffel med solid s\u00e5le.<\/li>\n<li>Det er en liten h\u00e6l slik at skoen ikke er for flat \u00e5 bruke. Du kan ogs\u00e5 bruke denne skoen utend\u00f8rs n\u00e5r v\u00e6ret tillater det.<\/li>\n<\/ul>\n<p>De vakre t\u00f8flene er lette \u00e5 tre i, sitter godt p\u00e5 f\u00f8ttene og er veldig behagelige \u00e5 g\u00e5 i.<\/p>","protected":false},"featured_media":5769,"template":"","meta":{"inline_featured_image":false},"product_brand":[],"product_cat":[79,80],"product_tag":[],"class_list":{"0":"post-4776","1":"product","2":"type-product","3":"status-publish","4":"has-post-thumbnail","6":"product_cat-slippers","7":"product_cat-kvinder","9":"first","10":"instock","11":"taxable","12":"shipping-taxable","13":"purchasable","14":"product-type-variable"},"exclude_global_add_ons":false,"addons":[{"name":"\u00d8nsker du gaveinnpakning?","type":"checkbox","position":0,"required":false,"title_format":"label","default":"","description_enable":false,"description":"","placeholder_enable":false,"placeholder":"","display":"images","restrictions_type":"any_text","adjust_price":false,"price":"","price_type":"flat_fee","restrictions":false,"min":"0","max":"0","options":[{"label":"Ja tak","price":"10","price_type":"flat_fee","image":11015,"visibility":true}],"id":1669646111}],"yoast_head":"<!-- This site is optimized with the Yoast SEO plugin v27.5 - https:\/\/yoast.com\/product\/yoast-seo-wordpress\/ -->\n<title>Slippers dame med fast s\u00e5l - jeans<\/title>\n<meta name=\"description\" content=\"Marokkanske jeans slippers med en fast s\u00e5l til dame. Stort udvalg af marokkanske slippers i mange forskellige st\u00f8rrelser og farver.\" \/>\n<meta name=\"robots\" content=\"index, follow, max-snippet:-1, max-image-preview:large, max-video-preview:-1\" \/>\n<link rel=\"canonical\" href=\"https:\/\/tibladin.dk\/nb\/produkt\/dametoefler-med-fast-saale-i-jeans\/\" \/>\n<meta property=\"og:locale\" content=\"nb_NO\" \/>\n<meta property=\"og:type\" content=\"article\" \/>\n<meta property=\"og:title\" content=\"Slippers dame med fast s\u00e5l - jeans\" \/>\n<meta property=\"og:description\" content=\"Marokkanske jeans slippers med en fast s\u00e5l til dame. Stort udvalg af marokkanske slippers i mange forskellige st\u00f8rrelser og farver.\" \/>\n<meta property=\"og:url\" content=\"https:\/\/tibladin.dk\/nb\/produkt\/dametoefler-med-fast-saale-i-jeans\/\" \/>\n<meta property=\"og:site_name\" content=\"Tibladin\" \/>\n<meta property=\"article:modified_time\" content=\"2026-04-25T11:42:24+00:00\" \/>\n<meta property=\"og:image\" content=\"https:\/\/tibladin.dk\/wp-content\/uploads\/2022\/11\/PhotoRoom_002_20221124_135922.jpg\" \/>\n\t<meta property=\"og:image:width\" content=\"800\" \/>\n\t<meta property=\"og:image:height\" content=\"800\" \/>\n\t<meta property=\"og:image:type\" content=\"image\/jpeg\" \/>\n<meta name=\"twitter:card\" content=\"summary_large_image\" \/>\n<meta name=\"twitter:label1\" content=\"Ansl. lesetid\" \/>\n\t<meta name=\"twitter:data1\" content=\"2 minutter\" \/>\n<script type=\"application\/ld+json\" class=\"yoast-schema-graph\">{\"@context\":\"https:\\\/\\\/schema.org\",\"@graph\":[{\"@type\":\"WebPage\",\"@id\":\"https:\\\/\\\/tibladin.dk\\\/produkt\\\/slippers-dame-med-fast-saal-jeans\\\/\",\"url\":\"https:\\\/\\\/tibladin.dk\\\/produkt\\\/slippers-dame-med-fast-saal-jeans\\\/\",\"name\":\"Slippers dame med fast s\u00e5l - jeans\",\"isPartOf\":{\"@id\":\"https:\\\/\\\/tibladin.dk\\\/#website\"},\"primaryImageOfPage\":{\"@id\":\"https:\\\/\\\/tibladin.dk\\\/produkt\\\/slippers-dame-med-fast-saal-jeans\\\/#primaryimage\"},\"image\":{\"@id\":\"https:\\\/\\\/tibladin.dk\\\/produkt\\\/slippers-dame-med-fast-saal-jeans\\\/#primaryimage\"},\"thumbnailUrl\":\"https:\\\/\\\/tibladin.dk\\\/wp-content\\\/uploads\\\/2022\\\/11\\\/PhotoRoom_002_20221124_135922.jpg\",\"datePublished\":\"2022-11-07T09:44:51+00:00\",\"dateModified\":\"2026-04-25T11:42:24+00:00\",\"description\":\"Marokkanske jeans slippers med en fast s\u00e5l til dame. Stort udvalg af marokkanske slippers i mange forskellige st\u00f8rrelser og farver.\",\"breadcrumb\":{\"@id\":\"https:\\\/\\\/tibladin.dk\\\/produkt\\\/slippers-dame-med-fast-saal-jeans\\\/#breadcrumb\"},\"inLanguage\":\"nb-NO\",\"potentialAction\":[{\"@type\":\"ReadAction\",\"target\":[\"https:\\\/\\\/tibladin.dk\\\/produkt\\\/slippers-dame-med-fast-saal-jeans\\\/\"]}]},{\"@type\":\"ImageObject\",\"inLanguage\":\"nb-NO\",\"@id\":\"https:\\\/\\\/tibladin.dk\\\/produkt\\\/slippers-dame-med-fast-saal-jeans\\\/#primaryimage\",\"url\":\"https:\\\/\\\/tibladin.dk\\\/wp-content\\\/uploads\\\/2022\\\/11\\\/PhotoRoom_002_20221124_135922.jpg\",\"contentUrl\":\"https:\\\/\\\/tibladin.dk\\\/wp-content\\\/uploads\\\/2022\\\/11\\\/PhotoRoom_002_20221124_135922.jpg\",\"width\":800,\"height\":800,\"caption\":\"Slippers dame med fast s\u00e5l i jeans stof\"},{\"@type\":\"BreadcrumbList\",\"@id\":\"https:\\\/\\\/tibladin.dk\\\/produkt\\\/slippers-dame-med-fast-saal-jeans\\\/#breadcrumb\",\"itemListElement\":[{\"@type\":\"ListItem\",\"position\":1,\"name\":\"Hjem\",\"item\":\"https:\\\/\\\/tibladin.dk\\\/\"},{\"@type\":\"ListItem\",\"position\":2,\"name\":\"Shop\",\"item\":\"https:\\\/\\\/tibladin.dk\\\/shop\\\/\"},{\"@type\":\"ListItem\",\"position\":3,\"name\":\"Slippers dame med fast s\u00e5l &#8211; jeans\"}]},{\"@type\":\"WebSite\",\"@id\":\"https:\\\/\\\/tibladin.dk\\\/#website\",\"url\":\"https:\\\/\\\/tibladin.dk\\\/\",\"name\":\"Tibladin\",\"description\":\"Tibladin\",\"publisher\":{\"@id\":\"https:\\\/\\\/tibladin.dk\\\/#organization\"},\"potentialAction\":[{\"@type\":\"SearchAction\",\"target\":{\"@type\":\"EntryPoint\",\"urlTemplate\":\"https:\\\/\\\/tibladin.dk\\\/?s={search_term_string}\"},\"query-input\":{\"@type\":\"PropertyValueSpecification\",\"valueRequired\":true,\"valueName\":\"search_term_string\"}}],\"inLanguage\":\"nb-NO\"},{\"@type\":\"Organization\",\"@id\":\"https:\\\/\\\/tibladin.dk\\\/#organization\",\"name\":\"Tibladin\",\"url\":\"https:\\\/\\\/tibladin.dk\\\/\",\"logo\":{\"@type\":\"ImageObject\",\"inLanguage\":\"nb-NO\",\"@id\":\"https:\\\/\\\/tibladin.dk\\\/#\\\/schema\\\/logo\\\/image\\\/\",\"url\":\"https:\\\/\\\/tibladin.dk\\\/wp-content\\\/uploads\\\/2022\\\/09\\\/tibladin_logo.svg\",\"contentUrl\":\"https:\\\/\\\/tibladin.dk\\\/wp-content\\\/uploads\\\/2022\\\/09\\\/tibladin_logo.svg\",\"caption\":\"Tibladin\"},\"image\":{\"@id\":\"https:\\\/\\\/tibladin.dk\\\/#\\\/schema\\\/logo\\\/image\\\/\"}}]}<\/script>\n<!-- \/ Yoast SEO plugin. -->","yoast_head_json":{"title":"Damet\u00f8fler med solid s\u00e5le - jeans","description":"Marokkanske jeans-t\u00f8fler med solid s\u00e5le for kvinner. Stort utvalg av marokkanske t\u00f8fler i mange forskjellige st\u00f8rrelser og farger.","robots":{"index":"index","follow":"follow","max-snippet":"max-snippet:-1","max-image-preview":"max-image-preview:large","max-video-preview":"max-video-preview:-1"},"canonical":"https:\/\/tibladin.dk\/nb\/produkt\/dametoefler-med-fast-saale-i-jeans\/","og_locale":"nb_NO","og_type":"article","og_title":"Slippers dame med fast s\u00e5l - jeans","og_description":"Marokkanske jeans slippers med en fast s\u00e5l til dame. Stort udvalg af marokkanske slippers i mange forskellige st\u00f8rrelser og farver.","og_url":"https:\/\/tibladin.dk\/nb\/produkt\/dametoefler-med-fast-saale-i-jeans\/","og_site_name":"Tibladin","article_modified_time":"2026-04-25T11:42:24+00:00","og_image":[{"width":800,"height":800,"url":"https:\/\/tibladin.dk\/wp-content\/uploads\/2022\/11\/PhotoRoom_002_20221124_135922.jpg","type":"image\/jpeg"}],"twitter_card":"summary_large_image","twitter_misc":{"Ansl. lesetid":"2 minutter"},"schema":{"@context":"https:\/\/schema.org","@graph":[{"@type":"WebPage","@id":"https:\/\/tibladin.dk\/produkt\/slippers-dame-med-fast-saal-jeans\/","url":"https:\/\/tibladin.dk\/produkt\/slippers-dame-med-fast-saal-jeans\/","name":"Damet\u00f8fler med solid s\u00e5le - jeans","isPartOf":{"@id":"https:\/\/tibladin.dk\/#website"},"primaryImageOfPage":{"@id":"https:\/\/tibladin.dk\/produkt\/slippers-dame-med-fast-saal-jeans\/#primaryimage"},"image":{"@id":"https:\/\/tibladin.dk\/produkt\/slippers-dame-med-fast-saal-jeans\/#primaryimage"},"thumbnailUrl":"https:\/\/tibladin.dk\/wp-content\/uploads\/2022\/11\/PhotoRoom_002_20221124_135922.jpg","datePublished":"2022-11-07T09:44:51+00:00","dateModified":"2026-04-25T11:42:24+00:00","description":"Marokkanske jeans-t\u00f8fler med solid s\u00e5le for kvinner. Stort utvalg av marokkanske t\u00f8fler i mange forskjellige st\u00f8rrelser og farger.","breadcrumb":{"@id":"https:\/\/tibladin.dk\/produkt\/slippers-dame-med-fast-saal-jeans\/#breadcrumb"},"inLanguage":"nb-NO","potentialAction":[{"@type":"ReadAction","target":["https:\/\/tibladin.dk\/produkt\/slippers-dame-med-fast-saal-jeans\/"]}]},{"@type":"ImageObject","inLanguage":"nb-NO","@id":"https:\/\/tibladin.dk\/produkt\/slippers-dame-med-fast-saal-jeans\/#primaryimage","url":"https:\/\/tibladin.dk\/wp-content\/uploads\/2022\/11\/PhotoRoom_002_20221124_135922.jpg","contentUrl":"https:\/\/tibladin.dk\/wp-content\/uploads\/2022\/11\/PhotoRoom_002_20221124_135922.jpg","width":800,"height":800,"caption":"Slippers dame med fast s\u00e5l i jeans stof"},{"@type":"BreadcrumbList","@id":"https:\/\/tibladin.dk\/produkt\/slippers-dame-med-fast-saal-jeans\/#breadcrumb","itemListElement":[{"@type":"ListItem","position":1,"name":"Hjem","item":"https:\/\/tibladin.dk\/"},{"@type":"ListItem","position":2,"name":"Shop","item":"https:\/\/tibladin.dk\/shop\/"},{"@type":"ListItem","position":3,"name":"Slippers dame med fast s\u00e5l &#8211; jeans"}]},{"@type":"WebSite","@id":"https:\/\/tibladin.dk\/#website","url":"https:\/\/tibladin.dk\/","name":"Tibladin","description":"Tibladin","publisher":{"@id":"https:\/\/tibladin.dk\/#organization"},"potentialAction":[{"@type":"SearchAction","target":{"@type":"EntryPoint","urlTemplate":"https:\/\/tibladin.dk\/?s={search_term_string}"},"query-input":{"@type":"PropertyValueSpecification","valueRequired":true,"valueName":"search_term_string"}}],"inLanguage":"nb-NO"},{"@type":"Organization","@id":"https:\/\/tibladin.dk\/#organization","name":"Tibladin","url":"https:\/\/tibladin.dk\/","logo":{"@type":"ImageObject","inLanguage":"nb-NO","@id":"https:\/\/tibladin.dk\/#\/schema\/logo\/image\/","url":"https:\/\/tibladin.dk\/wp-content\/uploads\/2022\/09\/tibladin_logo.svg","contentUrl":"https:\/\/tibladin.dk\/wp-content\/uploads\/2022\/09\/tibladin_logo.svg","caption":"Tibladin"},"image":{"@id":"https:\/\/tibladin.dk\/#\/schema\/logo\/image\/"}}]}},"_links":{"self":[{"href":"https:\/\/tibladin.dk\/nb\/wp-json\/wp\/v2\/product\/4776","targetHints":{"allow":["GET"]}}],"collection":[{"href":"https:\/\/tibladin.dk\/nb\/wp-json\/wp\/v2\/product"}],"about":[{"href":"https:\/\/tibladin.dk\/nb\/wp-json\/wp\/v2\/types\/product"}],"wp:featuredmedia":[{"embeddable":true,"href":"https:\/\/tibladin.dk\/nb\/wp-json\/wp\/v2\/media\/5769"}],"wp:attachment":[{"href":"https:\/\/tibladin.dk\/nb\/wp-json\/wp\/v2\/media?parent=4776"}],"wp:term":[{"taxonomy":"product_brand","embeddable":true,"href":"https:\/\/tibladin.dk\/nb\/wp-json\/wp\/v2\/product_brand?post=4776"},{"taxonomy":"product_cat","embeddable":true,"href":"https:\/\/tibladin.dk\/nb\/wp-json\/wp\/v2\/product_cat?post=4776"},{"taxonomy":"product_tag","embeddable":true,"href":"https:\/\/tibladin.dk\/nb\/wp-json\/wp\/v2\/product_tag?post=4776"}],"curies":[{"name":"wp","href":"https:\/\/api.w.org\/{rel}","templated":true}]}}